{"id":49198,"date":"2024-02-23T15:56:04","date_gmt":"2024-02-23T14:56:04","guid":{"rendered":"https:\/\/truusk.store\/?page_id=49198"},"modified":"2024-02-23T16:11:28","modified_gmt":"2024-02-23T15:11:28","slug":"returnera-anmalan","status":"publish","type":"page","link":"https:\/\/truusk.store\/sv\/returnera-anmalan\/","title":{"rendered":"Returnera anm\u00e4lan"},"content":{"rendered":"\n<p><strong>Bra att veta:<\/strong><br><\/p>\n\n\n\n<ul class=\"wp-block-list\">\n<li>Efter att du har anm\u00e4lt returen kan det ta cirka 2-3 arbetsdagar innan du f\u00e5r en returfraktsedel fr\u00e5n oss.<\/li>\n\n\n\n<li>N\u00e4r vi har mottagit returen kommer vi att kontrollera den f\u00f6r anv\u00e4ndningssp\u00e5r.<\/li>\n\n\n\n<li>Inom 14 arbetsdagar efter att vi har mottagit returen f\u00e5r du pengarna tillbaka p\u00e5 ditt konto. Observera: Vi \u00e5terbetalar beloppet via den betalningsmetod som anv\u00e4ndes vid best\u00e4llningen.<\/li>\n\n\n\n<li>Om produkten har anv\u00e4nts eller har skador vid mottagandet av returen kan vi neka returen eller ta ut v\u00e4rdeminskning.<br><\/li>\n<\/ul>\n\n\n\n<div class=\"wpcf7 no-js\" id=\"wpcf7-f49197-o1\" lang=\"sv-SE\" dir=\"ltr\" data-wpcf7-id=\"49197\">\n<div class=\"screen-reader-response\"><p role=\"status\" aria-live=\"polite\" aria-atomic=\"true\"><\/p> <ul><\/ul><\/div>\n<form action=\"\/sv\/wp-json\/wp\/v2\/pages\/49198#wpcf7-f49197-o1\" method=\"post\" class=\"wpcf7-form init\" aria-label=\"Kontaktformul\u00e4r\" enctype=\"multipart\/form-data\" novalidate=\"novalidate\" data-status=\"init\">\n<fieldset class=\"hidden-fields-container\"><input type=\"hidden\" name=\"_wpcf7\" value=\"49197\" \/><input type=\"hidden\" name=\"_wpcf7_version\" value=\"6.1\" \/><input type=\"hidden\" name=\"_wpcf7_locale\" value=\"sv_SE\" \/><input type=\"hidden\" name=\"_wpcf7_unit_tag\" value=\"wpcf7-f49197-o1\" \/><input type=\"hidden\" name=\"_wpcf7_container_post\" value=\"0\" \/><input type=\"hidden\" name=\"_wpcf7_posted_data_hash\" value=\"\" \/>\n<\/fieldset>\n<div class=\"woostify-contact-form\">\n\t<div class=\"row\">\n\t\t<div class=\"col-md-6\">\n\t\t\t<p><span class=\"wpcf7-form-control-wrap\" data-name=\"your-name\"><input size=\"40\" maxlength=\"400\" class=\"wpcf7-form-control wpcf7-text wpcf7-validates-as-required\" aria-required=\"true\" aria-invalid=\"false\" placeholder=\"Ditt f\u00f6rnamn och efternamn\" value=\"\" type=\"text\" name=\"your-name\" \/><\/span>\n\t\t\t<\/p>\n\t\t<\/div>\n\t\t<div class=\"col-md-6\">\n\t\t\t<p><span class=\"wpcf7-form-control-wrap\" data-name=\"your-email\"><input size=\"40\" maxlength=\"400\" class=\"wpcf7-form-control wpcf7-email wpcf7-validates-as-required wpcf7-text wpcf7-validates-as-email\" aria-required=\"true\" aria-invalid=\"false\" placeholder=\"E-post\" value=\"\" type=\"email\" name=\"your-email\" \/><\/span>\n\t\t\t<\/p>\n\t\t<\/div>\n\t\t<div class=\"col-md-6\">\n\t\t\t<p><span class=\"wpcf7-form-control-wrap\" data-name=\"order-number\"><input size=\"40\" maxlength=\"400\" class=\"wpcf7-form-control wpcf7-text\" aria-invalid=\"false\" placeholder=\"Best\u00e4llningsnummer\" value=\"\" type=\"text\" name=\"order-number\" \/><\/span>\n\t\t\t<\/p>\n\t\t<\/div>\n\t\t<div class=\"col-md-6\">\n\t\t\t<p><span class=\"wpcf7-form-control-wrap\" data-name=\"amount-products\"><input size=\"40\" maxlength=\"400\" class=\"wpcf7-form-control wpcf7-text wpcf7-validates-as-required\" aria-required=\"true\" aria-invalid=\"false\" placeholder=\"Antal produkter\" value=\"\" type=\"text\" name=\"amount-products\" \/><\/span>\n\t\t\t<\/p>\n\t\t<\/div>\n\t<\/div>\n\t<p><span class=\"wpcf7-form-control-wrap\" data-name=\"which-products-return\"><textarea cols=\"40\" rows=\"10\" maxlength=\"2000\" class=\"wpcf7-form-control wpcf7-textarea wpcf7-validates-as-required\" aria-required=\"true\" aria-invalid=\"false\" placeholder=\"Vilka produkter vill du returnera?\" name=\"which-products-return\"><\/textarea><\/span>\n\t<\/p>\n<\/div>\n<h6>Reden van retour*\n<\/h6>\n<p><span class=\"wpcf7-form-control-wrap\" data-name=\"reason-return\"><span class=\"wpcf7-form-control wpcf7-radio\"><span class=\"wpcf7-list-item first\"><label><input type=\"radio\" name=\"reason-return\" value=\"Produkten \u00e4r inte till bel\u00e5tenhet\" \/><span class=\"wpcf7-list-item-label\">Produkten \u00e4r inte till bel\u00e5tenhet<\/span><\/label><\/span><span class=\"wpcf7-list-item\"><label><input type=\"radio\" name=\"reason-return\" value=\"Produkten \u00e4r skadad\" \/><span class=\"wpcf7-list-item-label\">Produkten \u00e4r skadad<\/span><\/label><\/span><span class=\"wpcf7-list-item last\"><label><input type=\"radio\" name=\"reason-return\" value=\"Vill jag inte s\u00e4ga\" \/><span class=\"wpcf7-list-item-label\">Vill jag inte s\u00e4ga<\/span><\/label><\/span><\/span><\/span>\n<\/p>\n<h6>Jag intygar h\u00e4rmed att produkten inte har varit monterad*\n<\/h6>\n<p><span class=\"wpcf7-form-control-wrap\" data-name=\"not-installed\"><span class=\"wpcf7-form-control wpcf7-radio\"><span class=\"wpcf7-list-item first\"><label><input type=\"radio\" name=\"not-installed\" value=\"Ja\" \/><span class=\"wpcf7-list-item-label\">Ja<\/span><\/label><\/span><span class=\"wpcf7-list-item last\"><label><input type=\"radio\" name=\"not-installed\" value=\"Nej\" \/><span class=\"wpcf7-list-item-label\">Nej<\/span><\/label><\/span><\/span><\/span>\n<\/p>\n<h6>Produkten returneras utan skador*\n<\/h6>\n<p><span class=\"wpcf7-form-control-wrap\" data-name=\"return-without-damage\"><span class=\"wpcf7-form-control wpcf7-radio\"><span class=\"wpcf7-list-item first\"><label><input type=\"radio\" name=\"return-without-damage\" value=\"Ja\" \/><span class=\"wpcf7-list-item-label\">Ja<\/span><\/label><\/span><span class=\"wpcf7-list-item last\"><label><input type=\"radio\" name=\"return-without-damage\" value=\"Nej\" \/><span class=\"wpcf7-list-item-label\">Nej<\/span><\/label><\/span><\/span><\/span>\n<\/p>\n<h6>Produkten \u00e4r fortfarande i originalf\u00f6rpackningen*\n<\/h6>\n<p><span class=\"wpcf7-form-control-wrap\" data-name=\"original-package\"><span class=\"wpcf7-form-control wpcf7-radio\"><span class=\"wpcf7-list-item first\"><label><input type=\"radio\" name=\"original-package\" value=\"Ja\" \/><span class=\"wpcf7-list-item-label\">Ja<\/span><\/label><\/span><span class=\"wpcf7-list-item last\"><label><input type=\"radio\" name=\"original-package\" value=\"Nej\" \/><span class=\"wpcf7-list-item-label\">Nej<\/span><\/label><\/span><\/span><\/span>\n<\/p>\n<h6>ngen bilaga beh\u00f6vs, tack:\n<\/h6>\n<p><span class=\"wpcf7-form-control-wrap\" data-name=\"files\"><input size=\"40\" class=\"wpcf7-form-control wpcf7-file\" accept=\"audio\/*,video\/*,image\/*\" aria-invalid=\"false\" type=\"file\" name=\"files\" \/><\/span>\n<\/p>\n<p><span class=\"wpcf7-form-control-wrap\" data-name=\"accept-return-policy\"><span class=\"wpcf7-form-control wpcf7-checkbox wpcf7-validates-as-required\"><span class=\"wpcf7-list-item first last\"><label><input type=\"checkbox\" name=\"accept-return-policy[]\" value=\"Jag godk\u00e4nner returvillkoren:\" \/><span class=\"wpcf7-list-item-label\">Jag godk\u00e4nner returvillkoren:<\/span><\/label><\/span><\/span><\/span><a \n           href=\"https:\/\/truusk.store\/returer\/\">(link)<\/a>\n<\/p>\n<p><span class=\"wpcf7-form-control-wrap\" data-name=\"truthfully-fill\"><span class=\"wpcf7-form-control wpcf7-checkbox wpcf7-validates-as-required\"><span class=\"wpcf7-list-item first last\"><label><input type=\"checkbox\" name=\"truthfully-fill[]\" value=\"Jag har fyllt i formul\u00e4ret korrekt\" \/><span class=\"wpcf7-list-item-label\">Jag har fyllt i formul\u00e4ret korrekt<\/span><\/label><\/span><\/span><\/span>\n<\/p>\n<p><input class=\"wpcf7-form-control wpcf7-submit has-spinner button\" type=\"submit\" value=\"Skicka\" \/>\n<\/p><div class=\"wpcf7-response-output\" aria-hidden=\"true\"><\/div>\n<\/form>\n<\/div>\n\n\n\n\n<p><\/p>\n","protected":false},"excerpt":{"rendered":"<p>Bra att veta:<\/p>\n","protected":false},"author":1,"featured_media":0,"parent":0,"menu_order":0,"comment_status":"closed","ping_status":"closed","template":"","meta":{"footnotes":""},"class_list":["post-49198","page","type-page","status-publish","hentry"],"yoast_head":"<!-- This site is optimized with the Yoast SEO plugin v25.4 - https:\/\/yoast.com\/wordpress\/plugins\/seo\/ -->\n<title>Returnera anm\u00e4lan - TRUUSK - Hem, Tr\u00e4dg\u00e5rd &amp; Fritid<\/title>\n<meta name=\"robots\" content=\"index, follow, max-snippet:-1, max-image-preview:large, max-video-preview:-1\" \/>\n<link rel=\"canonical\" href=\"https:\/\/truusk.store\/sv\/returnera-anmalan\/\" \/>\n<meta property=\"og:locale\" content=\"sv_SE\" \/>\n<meta property=\"og:type\" content=\"article\" \/>\n<meta property=\"og:title\" content=\"Returnera anm\u00e4lan - TRUUSK - Hem, Tr\u00e4dg\u00e5rd &amp; Fritid\" \/>\n<meta property=\"og:description\" content=\"Bra att veta:\" \/>\n<meta property=\"og:url\" content=\"https:\/\/truusk.store\/sv\/returnera-anmalan\/\" \/>\n<meta property=\"og:site_name\" content=\"TRUUSK - Hem, Tr\u00e4dg\u00e5rd &amp; Fritid\" \/>\n<meta property=\"article:modified_time\" content=\"2024-02-23T15:11:28+00:00\" \/>\n<meta name=\"twitter:card\" content=\"summary_large_image\" \/>\n<meta name=\"twitter:label1\" content=\"Ber\u00e4knad l\u00e4stid\" \/>\n\t<meta name=\"twitter:data1\" content=\"1 minut\" \/>\n<!-- \/ Yoast SEO plugin. -->","yoast_head_json":{"title":"Returnera anm\u00e4lan - TRUUSK - Hem, Tr\u00e4dg\u00e5rd &amp; Fritid","robots":{"index":"index","follow":"follow","max-snippet":"max-snippet:-1","max-image-preview":"max-image-preview:large","max-video-preview":"max-video-preview:-1"},"canonical":"https:\/\/truusk.store\/sv\/returnera-anmalan\/","og_locale":"sv_SE","og_type":"article","og_title":"Returnera anm\u00e4lan - TRUUSK - Hem, Tr\u00e4dg\u00e5rd &amp; Fritid","og_description":"Bra att veta:","og_url":"https:\/\/truusk.store\/sv\/returnera-anmalan\/","og_site_name":"TRUUSK - Hem, Tr\u00e4dg\u00e5rd &amp; Fritid","article_modified_time":"2024-02-23T15:11:28+00:00","twitter_card":"summary_large_image","twitter_misc":{"Ber\u00e4knad l\u00e4stid":"1 minut"},"schema":{"@context":"https:\/\/schema.org","@graph":[{"@type":"WebPage","@id":"https:\/\/truusk.store\/sv\/returnera-anmalan\/","url":"https:\/\/truusk.store\/sv\/returnera-anmalan\/","name":"Returnera anm\u00e4lan - TRUUSK - Hem, Tr\u00e4dg\u00e5rd &amp; Fritid","isPartOf":{"@id":"https:\/\/truusk.store\/sv\/#website"},"datePublished":"2024-02-23T14:56:04+00:00","dateModified":"2024-02-23T15:11:28+00:00","breadcrumb":{"@id":"https:\/\/truusk.store\/sv\/returnera-anmalan\/#breadcrumb"},"inLanguage":"sv-SE","potentialAction":[{"@type":"ReadAction","target":["https:\/\/truusk.store\/sv\/returnera-anmalan\/"]}]},{"@type":"BreadcrumbList","@id":"https:\/\/truusk.store\/sv\/returnera-anmalan\/#breadcrumb","itemListElement":[{"@type":"ListItem","position":1,"name":"Home","item":"https:\/\/truusk.store\/sv\/"},{"@type":"ListItem","position":2,"name":"Returnera anm\u00e4lan"}]},{"@type":"WebSite","@id":"https:\/\/truusk.store\/sv\/#website","url":"https:\/\/truusk.store\/sv\/","name":"TRUUSK - Hem, Tr\u00e4dg\u00e5rd & Fritid","description":"","publisher":{"@id":"https:\/\/truusk.store\/sv\/#organization"},"potentialAction":[{"@type":"SearchAction","target":{"@type":"EntryPoint","urlTemplate":"https:\/\/truusk.store\/sv\/?s={search_term_string}"},"query-input":{"@type":"PropertyValueSpecification","valueRequired":true,"valueName":"search_term_string"}}],"inLanguage":"sv-SE"},{"@type":"Organization","@id":"https:\/\/truusk.store\/sv\/#organization","name":"TRUUSK - Hem, Tr\u00e4dg\u00e5rd & Fritid","url":"https:\/\/truusk.store\/sv\/","logo":{"@type":"ImageObject","inLanguage":"sv-SE","@id":"https:\/\/truusk.store\/sv\/#\/schema\/logo\/image\/","url":"https:\/\/i0.wp.com\/truusk.store\/wp-content\/uploads\/2026\/03\/cropped-TRUUSK.png?fit=2032%2C917&ssl=1","contentUrl":"https:\/\/i0.wp.com\/truusk.store\/wp-content\/uploads\/2026\/03\/cropped-TRUUSK.png?fit=2032%2C917&ssl=1","width":2032,"height":917,"caption":"TRUUSK - Hem, Tr\u00e4dg\u00e5rd & Fritid"},"image":{"@id":"https:\/\/truusk.store\/sv\/#\/schema\/logo\/image\/"}}]}},"jetpack_sharing_enabled":true,"post-meta":{"_edit_lock":["1708701309:1"],"_last_editor_used_jetpack":["block-editor"],"_edit_last":["1"],"site-container":["default"],"site-header-transparent":["default"],"site-page-header":["enabled"],"site-sidebar":["default"],"_yoast_wpseo_content_score":["60"],"_yoast_wpseo_estimated-reading-time-minutes":["1"],"_yoast_wpseo_wordproof_timestamp":[""],"_cmplz_scanned_post":["1"],"_wpml_word_count":["90"],"_elementor_page_assets":["a:0:{}"],"copied_media_ids":["a:0:{}"],"referenced_media_ids":["a:0:{}"]},"_links":{"self":[{"href":"https:\/\/truusk.store\/sv\/wp-json\/wp\/v2\/pages\/49198","targetHints":{"allow":["GET"]}}],"collection":[{"href":"https:\/\/truusk.store\/sv\/wp-json\/wp\/v2\/pages"}],"about":[{"href":"https:\/\/truusk.store\/sv\/wp-json\/wp\/v2\/types\/page"}],"author":[{"embeddable":true,"href":"https:\/\/truusk.store\/sv\/wp-json\/wp\/v2\/users\/1"}],"replies":[{"embeddable":true,"href":"https:\/\/truusk.store\/sv\/wp-json\/wp\/v2\/comments?post=49198"}],"version-history":[{"count":2,"href":"https:\/\/truusk.store\/sv\/wp-json\/wp\/v2\/pages\/49198\/revisions"}],"predecessor-version":[{"id":49202,"href":"https:\/\/truusk.store\/sv\/wp-json\/wp\/v2\/pages\/49198\/revisions\/49202"}],"wp:attachment":[{"href":"https:\/\/truusk.store\/sv\/wp-json\/wp\/v2\/media?parent=49198"}],"curies":[{"name":"wp","href":"https:\/\/api.w.org\/{rel}","templated":true}]}}