{"id":100005,"date":"2026-01-15T20:27:49","date_gmt":"2026-01-15T19:27:49","guid":{"rendered":"https:\/\/truusk.store\/product\/mini-vaxthus-vaderbestandigt-upprullbart-fonster-240-cm-x-90-cm-x-90-cm-gront\/"},"modified":"2026-03-12T09:16:19","modified_gmt":"2026-03-12T08:16:19","slug":"truusk-mini-vaxthus-vaderbestandigt-upprullbart-fonster-240-cm-x-90-cm-x-90-cm-gront","status":"publish","type":"product","link":"https:\/\/truusk.store\/sv\/produkt\/truusk-mini-vaxthus-vaderbestandigt-upprullbart-fonster-240-cm-x-90-cm-x-90-cm-gront\/","title":{"rendered":"TRUUSK Mini-v\u00e4xthus &#8211; V\u00e4derbest\u00e4ndigt &#8211; Upprullbart F\u00f6nster &#8211; 240 cm x 90 cm x 90 cm &#8211; Gr\u00f6nt"},"content":{"rendered":"<p>Med detta kompakta mini-v\u00e4xthus fr\u00e5n [BRAND NAME] kan du s\u00e5 och sk\u00f6rda v\u00e4xter \u00e5ret runt. V\u00e4xthuset skyddar dina v\u00e4xter fr\u00e5n frost, kyla och regn. Plastduken sl\u00e4pper in mycket sol och h\u00e5ller samtidigt v\u00e4rmen inuti. Det upprullbara taket och f\u00f6nstren ger god reglering av fuktigheten och sl\u00e4pper in mycket frisk luft. F\u00f6nstren ger en bra inblick i insidan och h\u00e5ller \u00e4nd\u00e5 skadedjur och f\u00e5glar borta.<\/p>\n<p>Beskrivning:<\/p>\n<ul>\n<li> V\u00e4xthuset skyddar v\u00e4xterna p\u00e5 vintern mot kyla, frost och stimulerar tillv\u00e4xten p\u00e5 v\u00e5ren och sommaren<\/li>\n<li> Det upprullbara taket ger enkel tillg\u00e5ng till insidan<\/li>\n<li> Upprullbara f\u00f6nster av mesh-tyg f\u00f6r b\u00e4ttre luftcirkulation och som skydd mot skadedjur<\/li>\n<li> Jordspett och 10 cm h\u00f6ga kanter hj\u00e4lper till att f\u00e4sta v\u00e4xthuset i marken<\/li>\n<li> Enkel montering genom att koppla samman tv\u00e5 r\u00f6r i taget med vinkelkopplingar<\/li>\n<\/ul>\n<p>Tekniska data:<\/p>\n<ul>\n<li> F\u00e4rg: Gr\u00f6n<\/li>\n<li> Material: St\u00e5l, PE, PP<\/li>\n<li> Totala m\u00e5tt: 240L x 90B x 90H cm<\/li>\n<li> Produktdata f\u00f6r \u00f6vre f\u00f6nstret: 200B x 75H cm<\/li>\n<li> Produktdata f\u00f6r sidof\u00f6nstret: 35B x 35H cm<\/li>\n<li> Vindt\u00e4t: Niv\u00e5 4 (vindhastighet under 17,5mph)<\/li>\n<\/ul>\n<p>Leveransinneh\u00e5ll:<\/p>\n<ul>\n<li> 1 x V\u00e4xthus<\/li>\n<li> 1 x Instruktioner<\/li>\n<\/ul>\n","protected":false},"excerpt":{"rendered":"<p>Med detta kompakta mini-v\u00e4xthus fr\u00e5n [BRAND NAME] kan du s\u00e5 och sk\u00f6rda v\u00e4xter \u00e5ret runt. V\u00e4xthuset skyddar dina v\u00e4xter fr\u00e5n&#8230;<\/p>\n","protected":false},"featured_media":99994,"template":"","meta":[],"product_brand":[],"product_cat":[903,858,443],"product_tag":[],"class_list":{"0":"post-100005","1":"product","2":"type-product","3":"status-publish","4":"has-post-thumbnail","6":"product_cat-plastvaxthus","7":"product_cat-tradgard-terrass","8":"product_cat-vaxthus-tradgardsskotsel","10":"first","11":"instock","12":"sale","13":"taxable","14":"shipping-taxable","15":"purchasable","16":"product-type-simple"},"yoast_head":"<!-- This site is optimized with the Yoast SEO plugin v25.4 - https:\/\/yoast.com\/wordpress\/plugins\/seo\/ -->\n<title>TRUUSK Mini-v\u00e4xthus - V\u00e4derbest\u00e4ndigt - Upprullbart F\u00f6nster - 240 cm x 90 cm x 90 cm - Gr\u00f6nt - TRUUSK - Hem, Tr\u00e4dg\u00e5rd &amp; Fritid<\/title>\n<meta name=\"robots\" content=\"index, follow, max-snippet:-1, max-image-preview:large, max-video-preview:-1\" \/>\n<link rel=\"canonical\" href=\"https:\/\/truusk.store\/sv\/produkt\/truusk-mini-vaxthus-vaderbestandigt-upprullbart-fonster-240-cm-x-90-cm-x-90-cm-gront\/\" \/>\n<meta property=\"og:locale\" content=\"sv_SE\" \/>\n<meta property=\"og:type\" content=\"article\" \/>\n<meta property=\"og:title\" content=\"TRUUSK Mini-v\u00e4xthus - V\u00e4derbest\u00e4ndigt - Upprullbart F\u00f6nster - 240 cm x 90 cm x 90 cm - Gr\u00f6nt - TRUUSK - Hem, Tr\u00e4dg\u00e5rd &amp; Fritid\" \/>\n<meta property=\"og:description\" content=\"Med detta kompakta mini-v\u00e4xthus fr\u00e5n [BRAND NAME] kan du s\u00e5 och sk\u00f6rda v\u00e4xter \u00e5ret runt. V\u00e4xthuset skyddar dina v\u00e4xter fr\u00e5n...\" \/>\n<meta property=\"og:url\" content=\"https:\/\/truusk.store\/sv\/produkt\/truusk-mini-vaxthus-vaderbestandigt-upprullbart-fonster-240-cm-x-90-cm-x-90-cm-gront\/\" \/>\n<meta property=\"og:site_name\" content=\"TRUUSK - Hem, Tr\u00e4dg\u00e5rd &amp; Fritid\" \/>\n<meta property=\"article:modified_time\" content=\"2026-03-12T08:16:19+00:00\" \/>\n<meta property=\"og:image\" content=\"https:\/\/i0.wp.com\/truusk.se\/wp-content\/uploads\/2026\/01\/mini-vaxthus-vaderbestandigt-upprullbart-fonster-240-cm-x-90-cm-x-90-cm-gront-1.webp?fit=2000%2C2000&ssl=1\" \/>\n\t<meta property=\"og:image:width\" content=\"2000\" \/>\n\t<meta property=\"og:image:height\" content=\"2000\" \/>\n\t<meta property=\"og:image:type\" content=\"image\/webp\" \/>\n<meta name=\"twitter:card\" content=\"summary_large_image\" \/>\n<meta name=\"twitter:label1\" content=\"Ber\u00e4knad l\u00e4stid\" \/>\n\t<meta name=\"twitter:data1\" content=\"1 minut\" \/>\n<!-- \/ Yoast SEO plugin. -->","yoast_head_json":{"title":"TRUUSK Mini-v\u00e4xthus - V\u00e4derbest\u00e4ndigt - Upprullbart F\u00f6nster - 240 cm x 90 cm x 90 cm - Gr\u00f6nt - TRUUSK - Hem, Tr\u00e4dg\u00e5rd &amp; Fritid","robots":{"index":"index","follow":"follow","max-snippet":"max-snippet:-1","max-image-preview":"max-image-preview:large","max-video-preview":"max-video-preview:-1"},"canonical":"https:\/\/truusk.store\/sv\/produkt\/truusk-mini-vaxthus-vaderbestandigt-upprullbart-fonster-240-cm-x-90-cm-x-90-cm-gront\/","og_locale":"sv_SE","og_type":"article","og_title":"TRUUSK Mini-v\u00e4xthus - V\u00e4derbest\u00e4ndigt - Upprullbart F\u00f6nster - 240 cm x 90 cm x 90 cm - Gr\u00f6nt - TRUUSK - Hem, Tr\u00e4dg\u00e5rd &amp; Fritid","og_description":"Med detta kompakta mini-v\u00e4xthus fr\u00e5n [BRAND NAME] kan du s\u00e5 och sk\u00f6rda v\u00e4xter \u00e5ret runt. V\u00e4xthuset skyddar dina v\u00e4xter fr\u00e5n...","og_url":"https:\/\/truusk.store\/sv\/produkt\/truusk-mini-vaxthus-vaderbestandigt-upprullbart-fonster-240-cm-x-90-cm-x-90-cm-gront\/","og_site_name":"TRUUSK - Hem, Tr\u00e4dg\u00e5rd &amp; Fritid","article_modified_time":"2026-03-12T08:16:19+00:00","og_image":[{"width":2000,"height":2000,"url":"https:\/\/i0.wp.com\/truusk.se\/wp-content\/uploads\/2026\/01\/mini-vaxthus-vaderbestandigt-upprullbart-fonster-240-cm-x-90-cm-x-90-cm-gront-1.webp?fit=2000%2C2000&ssl=1","type":"image\/webp"}],"twitter_card":"summary_large_image","twitter_misc":{"Ber\u00e4knad l\u00e4stid":"1 minut"},"schema":{"@context":"https:\/\/schema.org","@graph":[{"@type":"WebPage","@id":"https:\/\/truusk.store\/sv\/produkt\/truusk-mini-vaxthus-vaderbestandigt-upprullbart-fonster-240-cm-x-90-cm-x-90-cm-gront\/","url":"https:\/\/truusk.store\/sv\/produkt\/truusk-mini-vaxthus-vaderbestandigt-upprullbart-fonster-240-cm-x-90-cm-x-90-cm-gront\/","name":"TRUUSK Mini-v\u00e4xthus - V\u00e4derbest\u00e4ndigt - Upprullbart F\u00f6nster - 240 cm x 90 cm x 90 cm - Gr\u00f6nt - TRUUSK - Hem, Tr\u00e4dg\u00e5rd &amp; Fritid","isPartOf":{"@id":"https:\/\/truusk.store\/sv\/#website"},"primaryImageOfPage":{"@id":"https:\/\/truusk.store\/sv\/produkt\/truusk-mini-vaxthus-vaderbestandigt-upprullbart-fonster-240-cm-x-90-cm-x-90-cm-gront\/#primaryimage"},"image":{"@id":"https:\/\/truusk.store\/sv\/produkt\/truusk-mini-vaxthus-vaderbestandigt-upprullbart-fonster-240-cm-x-90-cm-x-90-cm-gront\/#primaryimage"},"thumbnailUrl":"https:\/\/i0.wp.com\/truusk.store\/wp-content\/uploads\/2026\/01\/mini-vaxthus-vaderbestandigt-upprullbart-fonster-240-cm-x-90-cm-x-90-cm-gront-1.webp?fit=2000%2C2000&ssl=1","datePublished":"2026-01-15T19:27:49+00:00","dateModified":"2026-03-12T08:16:19+00:00","breadcrumb":{"@id":"https:\/\/truusk.store\/sv\/produkt\/truusk-mini-vaxthus-vaderbestandigt-upprullbart-fonster-240-cm-x-90-cm-x-90-cm-gront\/#breadcrumb"},"inLanguage":"sv-SE","potentialAction":[{"@type":"ReadAction","target":["https:\/\/truusk.store\/sv\/produkt\/truusk-mini-vaxthus-vaderbestandigt-upprullbart-fonster-240-cm-x-90-cm-x-90-cm-gront\/"]}]},{"@type":"ImageObject","inLanguage":"sv-SE","@id":"https:\/\/truusk.store\/sv\/produkt\/truusk-mini-vaxthus-vaderbestandigt-upprullbart-fonster-240-cm-x-90-cm-x-90-cm-gront\/#primaryimage","url":"https:\/\/i0.wp.com\/truusk.store\/wp-content\/uploads\/2026\/01\/mini-vaxthus-vaderbestandigt-upprullbart-fonster-240-cm-x-90-cm-x-90-cm-gront-1.webp?fit=2000%2C2000&ssl=1","contentUrl":"https:\/\/i0.wp.com\/truusk.store\/wp-content\/uploads\/2026\/01\/mini-vaxthus-vaderbestandigt-upprullbart-fonster-240-cm-x-90-cm-x-90-cm-gront-1.webp?fit=2000%2C2000&ssl=1","width":2000,"height":2000},{"@type":"BreadcrumbList","@id":"https:\/\/truusk.store\/sv\/produkt\/truusk-mini-vaxthus-vaderbestandigt-upprullbart-fonster-240-cm-x-90-cm-x-90-cm-gront\/#breadcrumb","itemListElement":[{"@type":"ListItem","position":1,"name":"Home","item":"https:\/\/truusk.store\/sv\/"},{"@type":"ListItem","position":2,"name":"Shop","item":"https:\/\/truusk.store\/shop\/"},{"@type":"ListItem","position":3,"name":"TRUUSK Mini-v\u00e4xthus &#8211; V\u00e4derbest\u00e4ndigt &#8211; Upprullbart F\u00f6nster &#8211; 240 cm x 90 cm x 90 cm &#8211; Gr\u00f6nt"}]},{"@type":"WebSite","@id":"https:\/\/truusk.store\/sv\/#website","url":"https:\/\/truusk.store\/sv\/","name":"TRUUSK - Hem, Tr\u00e4dg\u00e5rd & Fritid","description":"","publisher":{"@id":"https:\/\/truusk.store\/sv\/#organization"},"potentialAction":[{"@type":"SearchAction","target":{"@type":"EntryPoint","urlTemplate":"https:\/\/truusk.store\/sv\/?s={search_term_string}"},"query-input":{"@type":"PropertyValueSpecification","valueRequired":true,"valueName":"search_term_string"}}],"inLanguage":"sv-SE"},{"@type":"Organization","@id":"https:\/\/truusk.store\/sv\/#organization","name":"TRUUSK - Hem, Tr\u00e4dg\u00e5rd & Fritid","url":"https:\/\/truusk.store\/sv\/","logo":{"@type":"ImageObject","inLanguage":"sv-SE","@id":"https:\/\/truusk.store\/sv\/#\/schema\/logo\/image\/","url":"https:\/\/i0.wp.com\/truusk.store\/wp-content\/uploads\/2026\/03\/cropped-TRUUSK.png?fit=2032%2C917&ssl=1","contentUrl":"https:\/\/i0.wp.com\/truusk.store\/wp-content\/uploads\/2026\/03\/cropped-TRUUSK.png?fit=2032%2C917&ssl=1","width":2032,"height":917,"caption":"TRUUSK - Hem, Tr\u00e4dg\u00e5rd & Fritid"},"image":{"@id":"https:\/\/truusk.store\/sv\/#\/schema\/logo\/image\/"}}]}},"jetpack_sharing_enabled":true,"_links":{"self":[{"href":"https:\/\/truusk.store\/sv\/wp-json\/wp\/v2\/product\/100005","targetHints":{"allow":["GET"]}}],"collection":[{"href":"https:\/\/truusk.store\/sv\/wp-json\/wp\/v2\/product"}],"about":[{"href":"https:\/\/truusk.store\/sv\/wp-json\/wp\/v2\/types\/product"}],"wp:featuredmedia":[{"embeddable":true,"href":"https:\/\/truusk.store\/sv\/wp-json\/wp\/v2\/media\/99994"}],"wp:attachment":[{"href":"https:\/\/truusk.store\/sv\/wp-json\/wp\/v2\/media?parent=100005"}],"wp:term":[{"taxonomy":"product_brand","embeddable":true,"href":"https:\/\/truusk.store\/sv\/wp-json\/wp\/v2\/product_brand?post=100005"},{"taxonomy":"product_cat","embeddable":true,"href":"https:\/\/truusk.store\/sv\/wp-json\/wp\/v2\/product_cat?post=100005"},{"taxonomy":"product_tag","embeddable":true,"href":"https:\/\/truusk.store\/sv\/wp-json\/wp\/v2\/product_tag?post=100005"}],"curies":[{"name":"wp","href":"https:\/\/api.w.org\/{rel}","templated":true}]}}