{"id":100023,"date":"2026-01-15T20:33:37","date_gmt":"2026-01-15T19:33:37","guid":{"rendered":"https:\/\/truusk.store\/product\/pergola-robust-solskydd-for-tradgard-balkong-terrass-tillverkad-av-metall-och-plast-uv-och-vattenavvisande-khaki\/"},"modified":"2026-03-12T09:35:26","modified_gmt":"2026-03-12T08:35:26","slug":"truusk-pergola-robust-solskydd-for-tradgard-balkong-terrass-metall-och-plast-uv-och-vattenavvisande-khaki","status":"publish","type":"product","link":"https:\/\/truusk.store\/sv\/produkt\/truusk-pergola-robust-solskydd-for-tradgard-balkong-terrass-metall-och-plast-uv-och-vattenavvisande-khaki\/","title":{"rendered":"TRUUSK Pergola &#8211; Robust Solskydd f\u00f6r Tr\u00e4dg\u00e5rd, Balkong, Terrass &#8211; Metall och Plast &#8211; UV- och Vattenavvisande &#8211; Khaki"},"content":{"rendered":"<p>Denna praktiska pergola fr\u00e5n [BRAND NAME] erbjuder ett skyddande tak d\u00e4r du kan njuta av trevliga timmar i tr\u00e4dg\u00e5rden med familj och v\u00e4nner \u00e4ven p\u00e5 heta dagar. Du \u00e4r \u00e4ven skyddad fr\u00e5n l\u00e4tt regn, s\u00e5 din tr\u00e4dg\u00e5rdsfest kan forts\u00e4tta ost\u00f6rt \u00e4ven vid v\u00e4deromslag. Dessutom kan paviljongen anv\u00e4ndas som en entr\u00e9tak eller terrasstak. Ser fram emot n\u00e4sta sommar!<\/p>\n<p>Beskrivning:<\/p>\n<ul>\n<li> Pergola som solskydd f\u00f6r tr\u00e4dg\u00e5rd, terrass eller balkong<\/li>\n<li> Robust metallram f\u00f6r tr\u00e4dg\u00e5rdspaviljongen med pulverlackering f\u00f6r h\u00f6g stabilitet<\/li>\n<li> T\u00e4ckning av UV- och vattenavvisande plastmaterial<\/li>\n<li> Taket p\u00e5 tr\u00e4dg\u00e5rdspaviljongen kan dras in och ut genom ett skensystem<\/li>\n<li> Enkel och snabb montering kr\u00e4vs<\/li>\n<\/ul>\n<p>Tekniska data:<\/p>\n<ul>\n<li> F\u00e4rg: Khaki<\/li>\n<li> Material: St\u00e5l, Polyester<\/li>\n<li> Totala m\u00e5tt: 298L x 213B x 221H cm<\/li>\n<li> Baldakinstorlek: 281L x 193B cm<\/li>\n<\/ul>\n<p>Inneh\u00e5ll:<\/p>\n<ul>\n<li> 1 x Pergola<\/li>\n<li> 1 x Skjuttak<\/li>\n<li> Tillbeh\u00f6r<\/li>\n<li> 1 x Monteringsanvisningar<\/li>\n<\/ul>\n","protected":false},"excerpt":{"rendered":"<p>Denna praktiska pergola fr\u00e5n [BRAND NAME] erbjuder ett skyddande tak d\u00e4r du kan njuta av trevliga timmar i tr\u00e4dg\u00e5rden med&#8230;<\/p>\n","protected":false},"featured_media":100014,"template":"","meta":[],"product_brand":[],"product_cat":[478,858,476],"product_tag":[],"class_list":{"0":"post-100023","1":"product","2":"type-product","3":"status-publish","4":"has-post-thumbnail","6":"product_cat-pergola","7":"product_cat-tradgard-terrass","8":"product_cat-tradgardspaviljonger","10":"first","11":"instock","12":"sale","13":"taxable","14":"shipping-taxable","15":"purchasable","16":"product-type-simple"},"yoast_head":"<!-- This site is optimized with the Yoast SEO plugin v25.4 - https:\/\/yoast.com\/wordpress\/plugins\/seo\/ -->\n<title>TRUUSK Pergola - Robust Solskydd f\u00f6r Tr\u00e4dg\u00e5rd, Balkong, Terrass - Metall och Plast - UV- och Vattenavvisande - Khaki - TRUUSK - Hem, Tr\u00e4dg\u00e5rd &amp; Fritid<\/title>\n<meta name=\"robots\" content=\"index, follow, max-snippet:-1, max-image-preview:large, max-video-preview:-1\" \/>\n<link rel=\"canonical\" href=\"https:\/\/truusk.store\/sv\/produkt\/truusk-pergola-robust-solskydd-for-tradgard-balkong-terrass-metall-och-plast-uv-och-vattenavvisande-khaki\/\" \/>\n<meta property=\"og:locale\" content=\"sv_SE\" \/>\n<meta property=\"og:type\" content=\"article\" \/>\n<meta property=\"og:title\" content=\"TRUUSK Pergola - Robust Solskydd f\u00f6r Tr\u00e4dg\u00e5rd, Balkong, Terrass - Metall och Plast - UV- och Vattenavvisande - Khaki - TRUUSK - Hem, Tr\u00e4dg\u00e5rd &amp; Fritid\" \/>\n<meta property=\"og:description\" content=\"Denna praktiska pergola fr\u00e5n [BRAND NAME] erbjuder ett skyddande tak d\u00e4r du kan njuta av trevliga timmar i tr\u00e4dg\u00e5rden med...\" \/>\n<meta property=\"og:url\" content=\"https:\/\/truusk.store\/sv\/produkt\/truusk-pergola-robust-solskydd-for-tradgard-balkong-terrass-metall-och-plast-uv-och-vattenavvisande-khaki\/\" \/>\n<meta property=\"og:site_name\" content=\"TRUUSK - Hem, Tr\u00e4dg\u00e5rd &amp; Fritid\" \/>\n<meta property=\"article:modified_time\" content=\"2026-03-12T08:35:26+00:00\" \/>\n<meta property=\"og:image\" content=\"https:\/\/i0.wp.com\/truusk.se\/wp-content\/uploads\/2026\/01\/pergola-robust-solskydd-for-tradgard-balkong-terrass-tillverkad-av-metall-och-plast-uv-och-vattenavvisande-khaki-1.webp?fit=2000%2C2000&ssl=1\" \/>\n\t<meta property=\"og:image:width\" content=\"2000\" \/>\n\t<meta property=\"og:image:height\" content=\"2000\" \/>\n\t<meta property=\"og:image:type\" content=\"image\/webp\" \/>\n<meta name=\"twitter:card\" content=\"summary_large_image\" \/>\n<meta name=\"twitter:label1\" content=\"Ber\u00e4knad l\u00e4stid\" \/>\n\t<meta name=\"twitter:data1\" content=\"1 minut\" \/>\n<!-- \/ Yoast SEO plugin. -->","yoast_head_json":{"title":"TRUUSK Pergola - Robust Solskydd f\u00f6r Tr\u00e4dg\u00e5rd, Balkong, Terrass - Metall och Plast - UV- och Vattenavvisande - Khaki - TRUUSK - Hem, Tr\u00e4dg\u00e5rd &amp; Fritid","robots":{"index":"index","follow":"follow","max-snippet":"max-snippet:-1","max-image-preview":"max-image-preview:large","max-video-preview":"max-video-preview:-1"},"canonical":"https:\/\/truusk.store\/sv\/produkt\/truusk-pergola-robust-solskydd-for-tradgard-balkong-terrass-metall-och-plast-uv-och-vattenavvisande-khaki\/","og_locale":"sv_SE","og_type":"article","og_title":"TRUUSK Pergola - Robust Solskydd f\u00f6r Tr\u00e4dg\u00e5rd, Balkong, Terrass - Metall och Plast - UV- och Vattenavvisande - Khaki - TRUUSK - Hem, Tr\u00e4dg\u00e5rd &amp; Fritid","og_description":"Denna praktiska pergola fr\u00e5n [BRAND NAME] erbjuder ett skyddande tak d\u00e4r du kan njuta av trevliga timmar i tr\u00e4dg\u00e5rden med...","og_url":"https:\/\/truusk.store\/sv\/produkt\/truusk-pergola-robust-solskydd-for-tradgard-balkong-terrass-metall-och-plast-uv-och-vattenavvisande-khaki\/","og_site_name":"TRUUSK - Hem, Tr\u00e4dg\u00e5rd &amp; Fritid","article_modified_time":"2026-03-12T08:35:26+00:00","og_image":[{"width":2000,"height":2000,"url":"https:\/\/i0.wp.com\/truusk.se\/wp-content\/uploads\/2026\/01\/pergola-robust-solskydd-for-tradgard-balkong-terrass-tillverkad-av-metall-och-plast-uv-och-vattenavvisande-khaki-1.webp?fit=2000%2C2000&ssl=1","type":"image\/webp"}],"twitter_card":"summary_large_image","twitter_misc":{"Ber\u00e4knad l\u00e4stid":"1 minut"},"schema":{"@context":"https:\/\/schema.org","@graph":[{"@type":"WebPage","@id":"https:\/\/truusk.store\/sv\/produkt\/truusk-pergola-robust-solskydd-for-tradgard-balkong-terrass-metall-och-plast-uv-och-vattenavvisande-khaki\/","url":"https:\/\/truusk.store\/sv\/produkt\/truusk-pergola-robust-solskydd-for-tradgard-balkong-terrass-metall-och-plast-uv-och-vattenavvisande-khaki\/","name":"TRUUSK Pergola - Robust Solskydd f\u00f6r Tr\u00e4dg\u00e5rd, Balkong, Terrass - Metall och Plast - UV- och Vattenavvisande - Khaki - TRUUSK - Hem, Tr\u00e4dg\u00e5rd &amp; Fritid","isPartOf":{"@id":"https:\/\/truusk.store\/sv\/#website"},"primaryImageOfPage":{"@id":"https:\/\/truusk.store\/sv\/produkt\/truusk-pergola-robust-solskydd-for-tradgard-balkong-terrass-metall-och-plast-uv-och-vattenavvisande-khaki\/#primaryimage"},"image":{"@id":"https:\/\/truusk.store\/sv\/produkt\/truusk-pergola-robust-solskydd-for-tradgard-balkong-terrass-metall-och-plast-uv-och-vattenavvisande-khaki\/#primaryimage"},"thumbnailUrl":"https:\/\/i0.wp.com\/truusk.store\/wp-content\/uploads\/2026\/01\/pergola-robust-solskydd-for-tradgard-balkong-terrass-tillverkad-av-metall-och-plast-uv-och-vattenavvisande-khaki-1.webp?fit=2000%2C2000&ssl=1","datePublished":"2026-01-15T19:33:37+00:00","dateModified":"2026-03-12T08:35:26+00:00","breadcrumb":{"@id":"https:\/\/truusk.store\/sv\/produkt\/truusk-pergola-robust-solskydd-for-tradgard-balkong-terrass-metall-och-plast-uv-och-vattenavvisande-khaki\/#breadcrumb"},"inLanguage":"sv-SE","potentialAction":[{"@type":"ReadAction","target":["https:\/\/truusk.store\/sv\/produkt\/truusk-pergola-robust-solskydd-for-tradgard-balkong-terrass-metall-och-plast-uv-och-vattenavvisande-khaki\/"]}]},{"@type":"ImageObject","inLanguage":"sv-SE","@id":"https:\/\/truusk.store\/sv\/produkt\/truusk-pergola-robust-solskydd-for-tradgard-balkong-terrass-metall-och-plast-uv-och-vattenavvisande-khaki\/#primaryimage","url":"https:\/\/i0.wp.com\/truusk.store\/wp-content\/uploads\/2026\/01\/pergola-robust-solskydd-for-tradgard-balkong-terrass-tillverkad-av-metall-och-plast-uv-och-vattenavvisande-khaki-1.webp?fit=2000%2C2000&ssl=1","contentUrl":"https:\/\/i0.wp.com\/truusk.store\/wp-content\/uploads\/2026\/01\/pergola-robust-solskydd-for-tradgard-balkong-terrass-tillverkad-av-metall-och-plast-uv-och-vattenavvisande-khaki-1.webp?fit=2000%2C2000&ssl=1","width":2000,"height":2000},{"@type":"BreadcrumbList","@id":"https:\/\/truusk.store\/sv\/produkt\/truusk-pergola-robust-solskydd-for-tradgard-balkong-terrass-metall-och-plast-uv-och-vattenavvisande-khaki\/#breadcrumb","itemListElement":[{"@type":"ListItem","position":1,"name":"Home","item":"https:\/\/truusk.store\/sv\/"},{"@type":"ListItem","position":2,"name":"Shop","item":"https:\/\/truusk.store\/shop\/"},{"@type":"ListItem","position":3,"name":"TRUUSK Pergola &#8211; Robust Solskydd f\u00f6r Tr\u00e4dg\u00e5rd, Balkong, Terrass &#8211; Metall och Plast &#8211; UV- och Vattenavvisande &#8211; Khaki"}]},{"@type":"WebSite","@id":"https:\/\/truusk.store\/sv\/#website","url":"https:\/\/truusk.store\/sv\/","name":"TRUUSK - Hem, Tr\u00e4dg\u00e5rd & Fritid","description":"","publisher":{"@id":"https:\/\/truusk.store\/sv\/#organization"},"potentialAction":[{"@type":"SearchAction","target":{"@type":"EntryPoint","urlTemplate":"https:\/\/truusk.store\/sv\/?s={search_term_string}"},"query-input":{"@type":"PropertyValueSpecification","valueRequired":true,"valueName":"search_term_string"}}],"inLanguage":"sv-SE"},{"@type":"Organization","@id":"https:\/\/truusk.store\/sv\/#organization","name":"TRUUSK - Hem, Tr\u00e4dg\u00e5rd & Fritid","url":"https:\/\/truusk.store\/sv\/","logo":{"@type":"ImageObject","inLanguage":"sv-SE","@id":"https:\/\/truusk.store\/sv\/#\/schema\/logo\/image\/","url":"https:\/\/i0.wp.com\/truusk.store\/wp-content\/uploads\/2026\/03\/cropped-TRUUSK.png?fit=2032%2C917&ssl=1","contentUrl":"https:\/\/i0.wp.com\/truusk.store\/wp-content\/uploads\/2026\/03\/cropped-TRUUSK.png?fit=2032%2C917&ssl=1","width":2032,"height":917,"caption":"TRUUSK - Hem, Tr\u00e4dg\u00e5rd & Fritid"},"image":{"@id":"https:\/\/truusk.store\/sv\/#\/schema\/logo\/image\/"}}]}},"jetpack_sharing_enabled":true,"_links":{"self":[{"href":"https:\/\/truusk.store\/sv\/wp-json\/wp\/v2\/product\/100023","targetHints":{"allow":["GET"]}}],"collection":[{"href":"https:\/\/truusk.store\/sv\/wp-json\/wp\/v2\/product"}],"about":[{"href":"https:\/\/truusk.store\/sv\/wp-json\/wp\/v2\/types\/product"}],"wp:featuredmedia":[{"embeddable":true,"href":"https:\/\/truusk.store\/sv\/wp-json\/wp\/v2\/media\/100014"}],"wp:attachment":[{"href":"https:\/\/truusk.store\/sv\/wp-json\/wp\/v2\/media?parent=100023"}],"wp:term":[{"taxonomy":"product_brand","embeddable":true,"href":"https:\/\/truusk.store\/sv\/wp-json\/wp\/v2\/product_brand?post=100023"},{"taxonomy":"product_cat","embeddable":true,"href":"https:\/\/truusk.store\/sv\/wp-json\/wp\/v2\/product_cat?post=100023"},{"taxonomy":"product_tag","embeddable":true,"href":"https:\/\/truusk.store\/sv\/wp-json\/wp\/v2\/product_tag?post=100023"}],"curies":[{"name":"wp","href":"https:\/\/api.w.org\/{rel}","templated":true}]}}