{"id":100033,"date":"2026-01-15T20:35:04","date_gmt":"2026-01-15T19:35:04","guid":{"rendered":"https:\/\/truusk.store\/product\/utomhusbord-med-forlangningsbar-tradgardsbord-utbyggbart-buffebord-vaderbestandigt-160-cm-x-80-cm-x-75-cm-svart\/"},"modified":"2026-03-12T09:37:30","modified_gmt":"2026-03-12T08:37:30","slug":"truusk-fallbart-utomhusbord-utbyggbart-vaderbestandigt-160-cm-x-80-cm-x-75-cm-svart","status":"publish","type":"product","link":"https:\/\/truusk.store\/sv\/produkt\/truusk-fallbart-utomhusbord-utbyggbart-vaderbestandigt-160-cm-x-80-cm-x-75-cm-svart\/","title":{"rendered":"TRUUSK F\u00e4llbart Utomhusbord &#8211; Utbyggbart &#8211; V\u00e4derbest\u00e4ndigt &#8211; 160 cm \u00d7 80 cm \u00d7 75 cm &#8211; Svart"},"content":{"rendered":"<p>Ge din utomhus- eller inomhusmilj\u00f6 en touch av elegans och modernitet med detta vackra stora utdragbara v\u00e4derbest\u00e4ndiga tr\u00e4dg\u00e5rdsbord. Detta lilla tr\u00e4dg\u00e5rdsbord av korrosionsbest\u00e4ndigt aluminium och pulverlackerat metall med en bordsskiva av h\u00e4rdat glas passar in i alla milj\u00f6er. Dessutom kan tr\u00e4dg\u00e5rdsbordet l\u00e4tt dras ut, s\u00e5 att du kan utnyttja ditt utrymme optimalt.<\/p>\n<p>Beskrivning:<\/p>\n<ul>\n<li> Detta utdragbara tr\u00e4dg\u00e5rdsbord \u00e4r en blandning av enkelhet och modernitet f\u00f6r att ge en touch av elegans till det rum du v\u00e4ljer (tr\u00e4dg\u00e5rd, terrass, veranda etc.)<\/li>\n<li> Terrassbordet kan l\u00e4tt dras ut f\u00f6r att optimalt utnyttja det tillg\u00e4ngliga utrymmet<\/li>\n<li> Kan anv\u00e4ndas som ett kvadratiskt sidobord (m\u00e5tt 80L x 80B x 75H cm) eller som ett matbord f\u00f6r upp till 4\/6 personer<\/li>\n<li> Design och tillverkning av h\u00f6gkvalitativa material: korrosionsbest\u00e4ndigt, epoxibelagt metallram och aluminium (bordsskiva av h\u00e4rdat glas) f\u00f6r en l\u00e5ng livsl\u00e4ngd<\/li>\n<li> Enkel reng\u00f6ring med en l\u00e4tt fuktig trasa<\/li>\n<li> Unik glidskena som g\u00f6r att du enkelt kan f\u00f6rstora eller minska terrassbordet<\/li>\n<li> F\u00f6tterna \u00e4r utrustade med halkskyddspads som \u00e4ven p\u00e5 kakel eller plattor ger en s\u00e4ker st\u00e5nd<\/li>\n<li> Illustrerad monteringsanvisning f\u00f6r snabb och enkel montering<\/li>\n<\/ul>\n<p> Tekniska data:<\/p>\n<ul>\n<li> F\u00e4rger: Svart<\/li>\n<li> Material: Metall, aluminium, h\u00e4rdat glas<\/li>\n<li> Bordets dimensioner: 160L x 80B x 75H cm (med f\u00f6rl\u00e4ngningar)<\/li>\n<li> Utdragbart bord: 80L x 80B x 75H cm<\/li>\n<li> Tjocklek p\u00e5 bordsskivan: 5 mm<\/li>\n<li> Rekommenderad maximal belastning: 50 kg<\/li>\n<\/ul>\n<p>Leveransinneh\u00e5ll:<\/p>\n<ul>\n<li>1 x Tr\u00e4dg\u00e5rdsbord<\/li>\n<li>1 x Handbok<\/li>\n<\/ul>\n","protected":false},"excerpt":{"rendered":"<p>Ge din utomhus- eller inomhusmilj\u00f6 en touch av elegans och modernitet med detta vackra stora utdragbara v\u00e4derbest\u00e4ndiga tr\u00e4dg\u00e5rdsbord. Detta lilla&#8230;<\/p>\n","protected":false},"featured_media":100024,"template":"","meta":[],"product_brand":[],"product_cat":[858,457,450],"product_tag":[],"class_list":{"0":"post-100033","1":"product","2":"type-product","3":"status-publish","4":"has-post-thumbnail","6":"product_cat-tradgard-terrass","7":"product_cat-tradgardsbord","8":"product_cat-tradgardsmobler","10":"first","11":"instock","12":"sale","13":"taxable","14":"shipping-taxable","15":"purchasable","16":"product-type-simple"},"yoast_head":"<!-- This site is optimized with the Yoast SEO plugin v25.4 - https:\/\/yoast.com\/wordpress\/plugins\/seo\/ -->\n<title>TRUUSK F\u00e4llbart Utomhusbord - Utbyggbart - V\u00e4derbest\u00e4ndigt - 160 cm \u00d7 80 cm \u00d7 75 cm - Svart - TRUUSK - Hem, Tr\u00e4dg\u00e5rd &amp; Fritid<\/title>\n<meta name=\"robots\" content=\"index, follow, max-snippet:-1, max-image-preview:large, max-video-preview:-1\" \/>\n<link rel=\"canonical\" href=\"https:\/\/truusk.store\/sv\/produkt\/truusk-fallbart-utomhusbord-utbyggbart-vaderbestandigt-160-cm-x-80-cm-x-75-cm-svart\/\" \/>\n<meta property=\"og:locale\" content=\"sv_SE\" \/>\n<meta property=\"og:type\" content=\"article\" \/>\n<meta property=\"og:title\" content=\"TRUUSK F\u00e4llbart Utomhusbord - Utbyggbart - V\u00e4derbest\u00e4ndigt - 160 cm \u00d7 80 cm \u00d7 75 cm - Svart - TRUUSK - Hem, Tr\u00e4dg\u00e5rd &amp; Fritid\" \/>\n<meta property=\"og:description\" content=\"Ge din utomhus- eller inomhusmilj\u00f6 en touch av elegans och modernitet med detta vackra stora utdragbara v\u00e4derbest\u00e4ndiga tr\u00e4dg\u00e5rdsbord. Detta lilla...\" \/>\n<meta property=\"og:url\" content=\"https:\/\/truusk.store\/sv\/produkt\/truusk-fallbart-utomhusbord-utbyggbart-vaderbestandigt-160-cm-x-80-cm-x-75-cm-svart\/\" \/>\n<meta property=\"og:site_name\" content=\"TRUUSK - Hem, Tr\u00e4dg\u00e5rd &amp; Fritid\" \/>\n<meta property=\"article:modified_time\" content=\"2026-03-12T08:37:30+00:00\" \/>\n<meta property=\"og:image\" content=\"https:\/\/i0.wp.com\/truusk.se\/wp-content\/uploads\/2026\/01\/utomhusbord-med-forlangningsbar-tradgardsbord-utbyggbart-buffebord-vaderbestandigt-160-cm-x-80-cm-x-75-cm-svart-1.webp?fit=2000%2C2000&ssl=1\" \/>\n\t<meta property=\"og:image:width\" content=\"2000\" \/>\n\t<meta property=\"og:image:height\" content=\"2000\" \/>\n\t<meta property=\"og:image:type\" content=\"image\/webp\" \/>\n<meta name=\"twitter:card\" content=\"summary_large_image\" \/>\n<meta name=\"twitter:label1\" content=\"Ber\u00e4knad l\u00e4stid\" \/>\n\t<meta name=\"twitter:data1\" content=\"1 minut\" \/>\n<!-- \/ Yoast SEO plugin. -->","yoast_head_json":{"title":"TRUUSK F\u00e4llbart Utomhusbord - Utbyggbart - V\u00e4derbest\u00e4ndigt - 160 cm \u00d7 80 cm \u00d7 75 cm - Svart - TRUUSK - Hem, Tr\u00e4dg\u00e5rd &amp; Fritid","robots":{"index":"index","follow":"follow","max-snippet":"max-snippet:-1","max-image-preview":"max-image-preview:large","max-video-preview":"max-video-preview:-1"},"canonical":"https:\/\/truusk.store\/sv\/produkt\/truusk-fallbart-utomhusbord-utbyggbart-vaderbestandigt-160-cm-x-80-cm-x-75-cm-svart\/","og_locale":"sv_SE","og_type":"article","og_title":"TRUUSK F\u00e4llbart Utomhusbord - Utbyggbart - V\u00e4derbest\u00e4ndigt - 160 cm \u00d7 80 cm \u00d7 75 cm - Svart - TRUUSK - Hem, Tr\u00e4dg\u00e5rd &amp; Fritid","og_description":"Ge din utomhus- eller inomhusmilj\u00f6 en touch av elegans och modernitet med detta vackra stora utdragbara v\u00e4derbest\u00e4ndiga tr\u00e4dg\u00e5rdsbord. Detta lilla...","og_url":"https:\/\/truusk.store\/sv\/produkt\/truusk-fallbart-utomhusbord-utbyggbart-vaderbestandigt-160-cm-x-80-cm-x-75-cm-svart\/","og_site_name":"TRUUSK - Hem, Tr\u00e4dg\u00e5rd &amp; Fritid","article_modified_time":"2026-03-12T08:37:30+00:00","og_image":[{"width":2000,"height":2000,"url":"https:\/\/i0.wp.com\/truusk.se\/wp-content\/uploads\/2026\/01\/utomhusbord-med-forlangningsbar-tradgardsbord-utbyggbart-buffebord-vaderbestandigt-160-cm-x-80-cm-x-75-cm-svart-1.webp?fit=2000%2C2000&ssl=1","type":"image\/webp"}],"twitter_card":"summary_large_image","twitter_misc":{"Ber\u00e4knad l\u00e4stid":"1 minut"},"schema":{"@context":"https:\/\/schema.org","@graph":[{"@type":"WebPage","@id":"https:\/\/truusk.store\/sv\/produkt\/truusk-fallbart-utomhusbord-utbyggbart-vaderbestandigt-160-cm-x-80-cm-x-75-cm-svart\/","url":"https:\/\/truusk.store\/sv\/produkt\/truusk-fallbart-utomhusbord-utbyggbart-vaderbestandigt-160-cm-x-80-cm-x-75-cm-svart\/","name":"TRUUSK F\u00e4llbart Utomhusbord - Utbyggbart - V\u00e4derbest\u00e4ndigt - 160 cm \u00d7 80 cm \u00d7 75 cm - Svart - TRUUSK - Hem, Tr\u00e4dg\u00e5rd &amp; Fritid","isPartOf":{"@id":"https:\/\/truusk.store\/sv\/#website"},"primaryImageOfPage":{"@id":"https:\/\/truusk.store\/sv\/produkt\/truusk-fallbart-utomhusbord-utbyggbart-vaderbestandigt-160-cm-x-80-cm-x-75-cm-svart\/#primaryimage"},"image":{"@id":"https:\/\/truusk.store\/sv\/produkt\/truusk-fallbart-utomhusbord-utbyggbart-vaderbestandigt-160-cm-x-80-cm-x-75-cm-svart\/#primaryimage"},"thumbnailUrl":"https:\/\/i0.wp.com\/truusk.store\/wp-content\/uploads\/2026\/01\/utomhusbord-med-forlangningsbar-tradgardsbord-utbyggbart-buffebord-vaderbestandigt-160-cm-x-80-cm-x-75-cm-svart-1.webp?fit=2000%2C2000&ssl=1","datePublished":"2026-01-15T19:35:04+00:00","dateModified":"2026-03-12T08:37:30+00:00","breadcrumb":{"@id":"https:\/\/truusk.store\/sv\/produkt\/truusk-fallbart-utomhusbord-utbyggbart-vaderbestandigt-160-cm-x-80-cm-x-75-cm-svart\/#breadcrumb"},"inLanguage":"sv-SE","potentialAction":[{"@type":"ReadAction","target":["https:\/\/truusk.store\/sv\/produkt\/truusk-fallbart-utomhusbord-utbyggbart-vaderbestandigt-160-cm-x-80-cm-x-75-cm-svart\/"]}]},{"@type":"ImageObject","inLanguage":"sv-SE","@id":"https:\/\/truusk.store\/sv\/produkt\/truusk-fallbart-utomhusbord-utbyggbart-vaderbestandigt-160-cm-x-80-cm-x-75-cm-svart\/#primaryimage","url":"https:\/\/i0.wp.com\/truusk.store\/wp-content\/uploads\/2026\/01\/utomhusbord-med-forlangningsbar-tradgardsbord-utbyggbart-buffebord-vaderbestandigt-160-cm-x-80-cm-x-75-cm-svart-1.webp?fit=2000%2C2000&ssl=1","contentUrl":"https:\/\/i0.wp.com\/truusk.store\/wp-content\/uploads\/2026\/01\/utomhusbord-med-forlangningsbar-tradgardsbord-utbyggbart-buffebord-vaderbestandigt-160-cm-x-80-cm-x-75-cm-svart-1.webp?fit=2000%2C2000&ssl=1","width":2000,"height":2000},{"@type":"BreadcrumbList","@id":"https:\/\/truusk.store\/sv\/produkt\/truusk-fallbart-utomhusbord-utbyggbart-vaderbestandigt-160-cm-x-80-cm-x-75-cm-svart\/#breadcrumb","itemListElement":[{"@type":"ListItem","position":1,"name":"Home","item":"https:\/\/truusk.store\/sv\/"},{"@type":"ListItem","position":2,"name":"Shop","item":"https:\/\/truusk.store\/shop\/"},{"@type":"ListItem","position":3,"name":"TRUUSK F\u00e4llbart Utomhusbord &#8211; Utbyggbart &#8211; V\u00e4derbest\u00e4ndigt &#8211; 160 cm \u00d7 80 cm \u00d7 75 cm &#8211; Svart"}]},{"@type":"WebSite","@id":"https:\/\/truusk.store\/sv\/#website","url":"https:\/\/truusk.store\/sv\/","name":"TRUUSK - Hem, Tr\u00e4dg\u00e5rd & Fritid","description":"","publisher":{"@id":"https:\/\/truusk.store\/sv\/#organization"},"potentialAction":[{"@type":"SearchAction","target":{"@type":"EntryPoint","urlTemplate":"https:\/\/truusk.store\/sv\/?s={search_term_string}"},"query-input":{"@type":"PropertyValueSpecification","valueRequired":true,"valueName":"search_term_string"}}],"inLanguage":"sv-SE"},{"@type":"Organization","@id":"https:\/\/truusk.store\/sv\/#organization","name":"TRUUSK - Hem, Tr\u00e4dg\u00e5rd & Fritid","url":"https:\/\/truusk.store\/sv\/","logo":{"@type":"ImageObject","inLanguage":"sv-SE","@id":"https:\/\/truusk.store\/sv\/#\/schema\/logo\/image\/","url":"https:\/\/i0.wp.com\/truusk.store\/wp-content\/uploads\/2026\/03\/cropped-TRUUSK.png?fit=2032%2C917&ssl=1","contentUrl":"https:\/\/i0.wp.com\/truusk.store\/wp-content\/uploads\/2026\/03\/cropped-TRUUSK.png?fit=2032%2C917&ssl=1","width":2032,"height":917,"caption":"TRUUSK - Hem, Tr\u00e4dg\u00e5rd & Fritid"},"image":{"@id":"https:\/\/truusk.store\/sv\/#\/schema\/logo\/image\/"}}]}},"jetpack_sharing_enabled":true,"_links":{"self":[{"href":"https:\/\/truusk.store\/sv\/wp-json\/wp\/v2\/product\/100033","targetHints":{"allow":["GET"]}}],"collection":[{"href":"https:\/\/truusk.store\/sv\/wp-json\/wp\/v2\/product"}],"about":[{"href":"https:\/\/truusk.store\/sv\/wp-json\/wp\/v2\/types\/product"}],"wp:featuredmedia":[{"embeddable":true,"href":"https:\/\/truusk.store\/sv\/wp-json\/wp\/v2\/media\/100024"}],"wp:attachment":[{"href":"https:\/\/truusk.store\/sv\/wp-json\/wp\/v2\/media?parent=100033"}],"wp:term":[{"taxonomy":"product_brand","embeddable":true,"href":"https:\/\/truusk.store\/sv\/wp-json\/wp\/v2\/product_brand?post=100033"},{"taxonomy":"product_cat","embeddable":true,"href":"https:\/\/truusk.store\/sv\/wp-json\/wp\/v2\/product_cat?post=100033"},{"taxonomy":"product_tag","embeddable":true,"href":"https:\/\/truusk.store\/sv\/wp-json\/wp\/v2\/product_tag?post=100033"}],"curies":[{"name":"wp","href":"https:\/\/api.w.org\/{rel}","templated":true}]}}