{"id":100043,"date":"2026-01-15T20:37:41","date_gmt":"2026-01-15T19:37:41","guid":{"rendered":"https:\/\/truusk.store\/product\/hundavsparrningsgrind-halkfri-fristaende-utdragbar-traram-71-190x385x56cm-vit\/"},"modified":"2026-03-12T09:41:08","modified_gmt":"2026-03-12T08:41:08","slug":"truusk-halkfri-hundavsparrningsgrind-fristaende-och-utdragbar-traram-justerbar-71-190x385x56cm-vit","status":"publish","type":"product","link":"https:\/\/truusk.store\/sv\/produkt\/truusk-halkfri-hundavsparrningsgrind-fristaende-och-utdragbar-traram-justerbar-71-190x385x56cm-vit\/","title":{"rendered":"TRUUSK Halkfri Hundavsp\u00e4rrningsgrind &#8211; Frist\u00e5ende och Utdragbar &#8211; Tr\u00e4ram &#8211; Justerbar 71-190&#215;38,5x56cm &#8211; Vit"},"content":{"rendered":"<p>Skydda din Bello fr\u00e5n farliga omr\u00e5den med hundbarri\u00e4ren fr\u00e5n [BRAND NAME]! Denna utdragbara, tredelade tr\u00e4barri\u00e4r kan justeras fr\u00e5n 71 till 190 cm och passar d\u00e4rf\u00f6r i olika rum. En halkfri matta och extra st\u00f6d garanterar en stabil st\u00e4llning. Idealisk f\u00f6r hundar med en axelh\u00f6jd upp till 40 cm, sm\u00e4lter den stilfullt in i din inredning.<\/p>\n<p>Beskrivning:<\/p>\n<ul>\n<li> Justerbar hundbarri\u00e4r, anpassningsbar f\u00f6r passager mellan 71-190 cm, l\u00e4mplig f\u00f6r olika utrymmen<\/li>\n<li> Den utdragbara designen g\u00f6r att hundbarri\u00e4ren enkelt kan f\u00f6rvaras och anv\u00e4ndas flexibelt<\/li>\n<li> Halkfri matta och st\u00f6dram ger \u00f6kad stabilitet f\u00f6r hundskyddsgallret<\/li>\n<li> Tillverkad av h\u00f6gkvalitativt furu- och grantr\u00e4<\/li>\n<li> Idealisk f\u00f6r sm\u00e5 hundar med en axelh\u00f6jd upp till 40 cm<\/li>\n<li> Montering kr\u00e4vs<\/li>\n<\/ul>\n<p>Tekniska data:<\/p>\n<ul>\n<li> F\u00e4rg: Vit<\/li>\n<li> Material: Tr\u00e4<\/li>\n<li> Totala dimensioner: 71-190L x 38,5B x 56H cm<\/li>\n<li> V\u00e4nster, h\u00f6ger gallerdel: 69B x 56H cm<\/li>\n<li> Mitten gallerdel: 67B x 56H cm<\/li>\n<li> St\u00f6dram: 17B x 38,5B cm<\/li>\n<li> St\u00e5ngavst\u00e5nd: 5 cm<\/li>\n<\/ul>\n<p>Leveransinneh\u00e5ll:<\/p>\n<ul>\n<li> 1 x barri\u00e4r<\/li>\n<li> 4 x halkfria mattor<\/li>\n<li> 1 x handbok<\/li>\n<\/ul>\n","protected":false},"excerpt":{"rendered":"<p>Skydda din Bello fr\u00e5n farliga omr\u00e5den med hundbarri\u00e4ren fr\u00e5n [BRAND NAME]! Denna utdragbara, tredelade tr\u00e4barri\u00e4r kan justeras fr\u00e5n 71 till&#8230;<\/p>\n","protected":false},"featured_media":100034,"template":"","meta":[],"product_brand":[],"product_cat":[878,948,574],"product_tag":[],"class_list":{"0":"post-100043","1":"product","2":"type-product","3":"status-publish","4":"has-post-thumbnail","6":"product_cat-djurbehov","7":"product_cat-hundgaller-skiljevaggar","8":"product_cat-hundtillbehor","10":"first","11":"instock","12":"sale","13":"taxable","14":"shipping-taxable","15":"purchasable","16":"product-type-simple"},"yoast_head":"<!-- This site is optimized with the Yoast SEO plugin v25.4 - https:\/\/yoast.com\/wordpress\/plugins\/seo\/ -->\n<title>TRUUSK Halkfri Hundavsp\u00e4rrningsgrind - Frist\u00e5ende och Utdragbar - Tr\u00e4ram - Justerbar 71-190x38,5x56cm - Vit - TRUUSK - Hem, Tr\u00e4dg\u00e5rd &amp; Fritid<\/title>\n<meta name=\"robots\" content=\"index, follow, max-snippet:-1, max-image-preview:large, max-video-preview:-1\" \/>\n<link rel=\"canonical\" href=\"https:\/\/truusk.store\/sv\/produkt\/truusk-halkfri-hundavsparrningsgrind-fristaende-och-utdragbar-traram-justerbar-71-190x385x56cm-vit\/\" \/>\n<meta property=\"og:locale\" content=\"sv_SE\" \/>\n<meta property=\"og:type\" content=\"article\" \/>\n<meta property=\"og:title\" content=\"TRUUSK Halkfri Hundavsp\u00e4rrningsgrind - Frist\u00e5ende och Utdragbar - Tr\u00e4ram - Justerbar 71-190x38,5x56cm - Vit - TRUUSK - Hem, Tr\u00e4dg\u00e5rd &amp; Fritid\" \/>\n<meta property=\"og:description\" content=\"Skydda din Bello fr\u00e5n farliga omr\u00e5den med hundbarri\u00e4ren fr\u00e5n [BRAND NAME]! Denna utdragbara, tredelade tr\u00e4barri\u00e4r kan justeras fr\u00e5n 71 till...\" \/>\n<meta property=\"og:url\" content=\"https:\/\/truusk.store\/sv\/produkt\/truusk-halkfri-hundavsparrningsgrind-fristaende-och-utdragbar-traram-justerbar-71-190x385x56cm-vit\/\" \/>\n<meta property=\"og:site_name\" content=\"TRUUSK - Hem, Tr\u00e4dg\u00e5rd &amp; Fritid\" \/>\n<meta property=\"article:modified_time\" content=\"2026-03-12T08:41:08+00:00\" \/>\n<meta property=\"og:image\" content=\"https:\/\/i0.wp.com\/truusk.se\/wp-content\/uploads\/2026\/01\/hundavsparrningsgrind-halkfri-fristaende-utdragbar-traram-71-190x385x56cm-vit-1.webp?fit=2000%2C2000&ssl=1\" \/>\n\t<meta property=\"og:image:width\" content=\"2000\" \/>\n\t<meta property=\"og:image:height\" content=\"2000\" \/>\n\t<meta property=\"og:image:type\" content=\"image\/webp\" \/>\n<meta name=\"twitter:card\" content=\"summary_large_image\" \/>\n<meta name=\"twitter:label1\" content=\"Ber\u00e4knad l\u00e4stid\" \/>\n\t<meta name=\"twitter:data1\" content=\"1 minut\" \/>\n<!-- \/ Yoast SEO plugin. -->","yoast_head_json":{"title":"TRUUSK Halkfri Hundavsp\u00e4rrningsgrind - Frist\u00e5ende och Utdragbar - Tr\u00e4ram - Justerbar 71-190x38,5x56cm - Vit - TRUUSK - Hem, Tr\u00e4dg\u00e5rd &amp; Fritid","robots":{"index":"index","follow":"follow","max-snippet":"max-snippet:-1","max-image-preview":"max-image-preview:large","max-video-preview":"max-video-preview:-1"},"canonical":"https:\/\/truusk.store\/sv\/produkt\/truusk-halkfri-hundavsparrningsgrind-fristaende-och-utdragbar-traram-justerbar-71-190x385x56cm-vit\/","og_locale":"sv_SE","og_type":"article","og_title":"TRUUSK Halkfri Hundavsp\u00e4rrningsgrind - Frist\u00e5ende och Utdragbar - Tr\u00e4ram - Justerbar 71-190x38,5x56cm - Vit - TRUUSK - Hem, Tr\u00e4dg\u00e5rd &amp; Fritid","og_description":"Skydda din Bello fr\u00e5n farliga omr\u00e5den med hundbarri\u00e4ren fr\u00e5n [BRAND NAME]! Denna utdragbara, tredelade tr\u00e4barri\u00e4r kan justeras fr\u00e5n 71 till...","og_url":"https:\/\/truusk.store\/sv\/produkt\/truusk-halkfri-hundavsparrningsgrind-fristaende-och-utdragbar-traram-justerbar-71-190x385x56cm-vit\/","og_site_name":"TRUUSK - Hem, Tr\u00e4dg\u00e5rd &amp; Fritid","article_modified_time":"2026-03-12T08:41:08+00:00","og_image":[{"width":2000,"height":2000,"url":"https:\/\/i0.wp.com\/truusk.se\/wp-content\/uploads\/2026\/01\/hundavsparrningsgrind-halkfri-fristaende-utdragbar-traram-71-190x385x56cm-vit-1.webp?fit=2000%2C2000&ssl=1","type":"image\/webp"}],"twitter_card":"summary_large_image","twitter_misc":{"Ber\u00e4knad l\u00e4stid":"1 minut"},"schema":{"@context":"https:\/\/schema.org","@graph":[{"@type":"WebPage","@id":"https:\/\/truusk.store\/sv\/produkt\/truusk-halkfri-hundavsparrningsgrind-fristaende-och-utdragbar-traram-justerbar-71-190x385x56cm-vit\/","url":"https:\/\/truusk.store\/sv\/produkt\/truusk-halkfri-hundavsparrningsgrind-fristaende-och-utdragbar-traram-justerbar-71-190x385x56cm-vit\/","name":"TRUUSK Halkfri Hundavsp\u00e4rrningsgrind - Frist\u00e5ende och Utdragbar - Tr\u00e4ram - Justerbar 71-190x38,5x56cm - Vit - TRUUSK - Hem, Tr\u00e4dg\u00e5rd &amp; Fritid","isPartOf":{"@id":"https:\/\/truusk.store\/sv\/#website"},"primaryImageOfPage":{"@id":"https:\/\/truusk.store\/sv\/produkt\/truusk-halkfri-hundavsparrningsgrind-fristaende-och-utdragbar-traram-justerbar-71-190x385x56cm-vit\/#primaryimage"},"image":{"@id":"https:\/\/truusk.store\/sv\/produkt\/truusk-halkfri-hundavsparrningsgrind-fristaende-och-utdragbar-traram-justerbar-71-190x385x56cm-vit\/#primaryimage"},"thumbnailUrl":"https:\/\/i0.wp.com\/truusk.store\/wp-content\/uploads\/2026\/01\/hundavsparrningsgrind-halkfri-fristaende-utdragbar-traram-71-190x385x56cm-vit-1.webp?fit=2000%2C2000&ssl=1","datePublished":"2026-01-15T19:37:41+00:00","dateModified":"2026-03-12T08:41:08+00:00","breadcrumb":{"@id":"https:\/\/truusk.store\/sv\/produkt\/truusk-halkfri-hundavsparrningsgrind-fristaende-och-utdragbar-traram-justerbar-71-190x385x56cm-vit\/#breadcrumb"},"inLanguage":"sv-SE","potentialAction":[{"@type":"ReadAction","target":["https:\/\/truusk.store\/sv\/produkt\/truusk-halkfri-hundavsparrningsgrind-fristaende-och-utdragbar-traram-justerbar-71-190x385x56cm-vit\/"]}]},{"@type":"ImageObject","inLanguage":"sv-SE","@id":"https:\/\/truusk.store\/sv\/produkt\/truusk-halkfri-hundavsparrningsgrind-fristaende-och-utdragbar-traram-justerbar-71-190x385x56cm-vit\/#primaryimage","url":"https:\/\/i0.wp.com\/truusk.store\/wp-content\/uploads\/2026\/01\/hundavsparrningsgrind-halkfri-fristaende-utdragbar-traram-71-190x385x56cm-vit-1.webp?fit=2000%2C2000&ssl=1","contentUrl":"https:\/\/i0.wp.com\/truusk.store\/wp-content\/uploads\/2026\/01\/hundavsparrningsgrind-halkfri-fristaende-utdragbar-traram-71-190x385x56cm-vit-1.webp?fit=2000%2C2000&ssl=1","width":2000,"height":2000},{"@type":"BreadcrumbList","@id":"https:\/\/truusk.store\/sv\/produkt\/truusk-halkfri-hundavsparrningsgrind-fristaende-och-utdragbar-traram-justerbar-71-190x385x56cm-vit\/#breadcrumb","itemListElement":[{"@type":"ListItem","position":1,"name":"Home","item":"https:\/\/truusk.store\/sv\/"},{"@type":"ListItem","position":2,"name":"Shop","item":"https:\/\/truusk.store\/shop\/"},{"@type":"ListItem","position":3,"name":"TRUUSK Halkfri Hundavsp\u00e4rrningsgrind &#8211; Frist\u00e5ende och Utdragbar &#8211; Tr\u00e4ram &#8211; Justerbar 71-190&#215;38,5x56cm &#8211; Vit"}]},{"@type":"WebSite","@id":"https:\/\/truusk.store\/sv\/#website","url":"https:\/\/truusk.store\/sv\/","name":"TRUUSK - Hem, Tr\u00e4dg\u00e5rd & Fritid","description":"","publisher":{"@id":"https:\/\/truusk.store\/sv\/#organization"},"potentialAction":[{"@type":"SearchAction","target":{"@type":"EntryPoint","urlTemplate":"https:\/\/truusk.store\/sv\/?s={search_term_string}"},"query-input":{"@type":"PropertyValueSpecification","valueRequired":true,"valueName":"search_term_string"}}],"inLanguage":"sv-SE"},{"@type":"Organization","@id":"https:\/\/truusk.store\/sv\/#organization","name":"TRUUSK - Hem, Tr\u00e4dg\u00e5rd & Fritid","url":"https:\/\/truusk.store\/sv\/","logo":{"@type":"ImageObject","inLanguage":"sv-SE","@id":"https:\/\/truusk.store\/sv\/#\/schema\/logo\/image\/","url":"https:\/\/i0.wp.com\/truusk.store\/wp-content\/uploads\/2026\/03\/cropped-TRUUSK.png?fit=2032%2C917&ssl=1","contentUrl":"https:\/\/i0.wp.com\/truusk.store\/wp-content\/uploads\/2026\/03\/cropped-TRUUSK.png?fit=2032%2C917&ssl=1","width":2032,"height":917,"caption":"TRUUSK - Hem, Tr\u00e4dg\u00e5rd & Fritid"},"image":{"@id":"https:\/\/truusk.store\/sv\/#\/schema\/logo\/image\/"}}]}},"jetpack_sharing_enabled":true,"_links":{"self":[{"href":"https:\/\/truusk.store\/sv\/wp-json\/wp\/v2\/product\/100043","targetHints":{"allow":["GET"]}}],"collection":[{"href":"https:\/\/truusk.store\/sv\/wp-json\/wp\/v2\/product"}],"about":[{"href":"https:\/\/truusk.store\/sv\/wp-json\/wp\/v2\/types\/product"}],"wp:featuredmedia":[{"embeddable":true,"href":"https:\/\/truusk.store\/sv\/wp-json\/wp\/v2\/media\/100034"}],"wp:attachment":[{"href":"https:\/\/truusk.store\/sv\/wp-json\/wp\/v2\/media?parent=100043"}],"wp:term":[{"taxonomy":"product_brand","embeddable":true,"href":"https:\/\/truusk.store\/sv\/wp-json\/wp\/v2\/product_brand?post=100043"},{"taxonomy":"product_cat","embeddable":true,"href":"https:\/\/truusk.store\/sv\/wp-json\/wp\/v2\/product_cat?post=100043"},{"taxonomy":"product_tag","embeddable":true,"href":"https:\/\/truusk.store\/sv\/wp-json\/wp\/v2\/product_tag?post=100043"}],"curies":[{"name":"wp","href":"https:\/\/api.w.org\/{rel}","templated":true}]}}