{"id":100073,"date":"2026-01-15T20:43:44","date_gmt":"2026-01-15T19:43:44","guid":{"rendered":"https:\/\/truusk.store\/product\/3-x-3-m-ersattnings-tak-for-paviljong-paviljong-ersattningsplan-med-vattenavloppshal-upf30-solskydd-kramvit\/"},"modified":"2026-03-12T09:46:34","modified_gmt":"2026-03-12T08:46:34","slug":"truusk-3x3m-paviljongtak-vattenavvisande-upf30-solskydd-kramvit","status":"publish","type":"product","link":"https:\/\/truusk.store\/sv\/produkt\/truusk-3x3m-paviljongtak-vattenavvisande-upf30-solskydd-kramvit\/","title":{"rendered":"TRUUSK 3x3m Paviljongtak &#8211; Vattenavvisande &#8211; UPF30+ Solskydd &#8211; Kr\u00e4mvit"},"content":{"rendered":"<p>Ge ditt paviljong ett nytt utseende med detta [BRAND NAME] ers\u00e4ttningstak f\u00f6r paviljong. Tillverkat av robust polyester, erbjuder det tillf\u00f6rlitligt solskydd och med sitt tv\u00e5stegs paviljongtak utm\u00e4rkt luftcirkulation samt stabilitet i vind. Tack vare regnavrinningsh\u00e5len i paviljongtaket undviks \u00e4ven vattenstagnation. Njut av tiden utomhus med [BRAND NAME].<\/p>\n<p>Beskrivning:<\/p>\n<ul>\n<li> Passar ENDAST p\u00e5 3 x 3 m paviljonger, [BRAND NAME] 100110-076, 01-0153-serien. Observera produktm\u00e5tten och m\u00e4t ditt paviljongram f\u00f6r att s\u00e4kerst\u00e4lla en bra passform<\/li>\n<li> Belagd polyesterv\u00e4v i paviljongtaket \u00e4r tjock och robust, erbjuder UPF30+ skydd<\/li>\n<li> Med kardborreband och h\u00f6rnfickor i paviljongtaket f\u00f6r enkel montering och avl\u00e4gsnande<\/li>\n<li> Vattenavrinningsh\u00e5l i ers\u00e4ttningstaket f\u00f6r paviljong f\u00f6r regn<\/li>\n<li> Tv\u00e5 personer kan montera det inom 5 minuter<\/li>\n<li> Obs: ENDAST \u00d6VERSKYDD<\/li>\n<\/ul>\n<p> Tekniska specifikationer:<\/p>\n<ul>\n<li> F\u00e4rg: Kr\u00e4mvit<\/li>\n<li> Material: 370 g\/m\u00b2 600D Oxfordtyg med vattent\u00e4t plastbel\u00e4ggning (100% polyester)<\/li>\n<li> Totala dimensioner: 300L x 300B cm<\/li>\n<li> Passar f\u00f6r 3 x 3(m) paviljonger<\/li>\n<li> Obs: ENDAST \u00d6VERSKYDD<\/li>\n<\/ul>\n<p>Leveransinneh\u00e5ll:<\/p>\n<ul>\n<li> 1 x Ers\u00e4ttningstak f\u00f6r paviljong<\/li>\n<li> 1 x Bruksanvisning<\/li>\n<\/ul>\n","protected":false},"excerpt":{"rendered":"<p>Ge ditt paviljong ett nytt utseende med detta [BRAND NAME] ers\u00e4ttningstak f\u00f6r paviljong. Tillverkat av robust polyester, erbjuder det tillf\u00f6rlitligt&#8230;<\/p>\n","protected":false},"featured_media":100064,"template":"","meta":[],"product_brand":[],"product_cat":[479,858,476],"product_tag":[],"class_list":{"0":"post-100073","1":"product","2":"type-product","3":"status-publish","4":"has-post-thumbnail","6":"product_cat-paviljongtak","7":"product_cat-tradgard-terrass","8":"product_cat-tradgardspaviljonger","10":"first","11":"instock","12":"sale","13":"taxable","14":"shipping-taxable","15":"purchasable","16":"product-type-simple"},"yoast_head":"<!-- This site is optimized with the Yoast SEO plugin v25.4 - https:\/\/yoast.com\/wordpress\/plugins\/seo\/ -->\n<title>TRUUSK 3x3m Paviljongtak - Vattenavvisande - UPF30+ Solskydd - Kr\u00e4mvit - TRUUSK - Hem, Tr\u00e4dg\u00e5rd &amp; Fritid<\/title>\n<meta name=\"robots\" content=\"index, follow, max-snippet:-1, max-image-preview:large, max-video-preview:-1\" \/>\n<link rel=\"canonical\" href=\"https:\/\/truusk.store\/sv\/produkt\/truusk-3x3m-paviljongtak-vattenavvisande-upf30-solskydd-kramvit\/\" \/>\n<meta property=\"og:locale\" content=\"sv_SE\" \/>\n<meta property=\"og:type\" content=\"article\" \/>\n<meta property=\"og:title\" content=\"TRUUSK 3x3m Paviljongtak - Vattenavvisande - UPF30+ Solskydd - Kr\u00e4mvit - TRUUSK - Hem, Tr\u00e4dg\u00e5rd &amp; Fritid\" \/>\n<meta property=\"og:description\" content=\"Ge ditt paviljong ett nytt utseende med detta [BRAND NAME] ers\u00e4ttningstak f\u00f6r paviljong. Tillverkat av robust polyester, erbjuder det tillf\u00f6rlitligt...\" \/>\n<meta property=\"og:url\" content=\"https:\/\/truusk.store\/sv\/produkt\/truusk-3x3m-paviljongtak-vattenavvisande-upf30-solskydd-kramvit\/\" \/>\n<meta property=\"og:site_name\" content=\"TRUUSK - Hem, Tr\u00e4dg\u00e5rd &amp; Fritid\" \/>\n<meta property=\"article:modified_time\" content=\"2026-03-12T08:46:34+00:00\" \/>\n<meta property=\"og:image\" content=\"https:\/\/i0.wp.com\/truusk.se\/wp-content\/uploads\/2026\/01\/3-x-3-m-ersattnings-tak-for-paviljong-paviljong-ersattningsplan-med-vattenavloppshal-upf30-solskydd-kramvit-1.webp?fit=2000%2C2000&ssl=1\" \/>\n\t<meta property=\"og:image:width\" content=\"2000\" \/>\n\t<meta property=\"og:image:height\" content=\"2000\" \/>\n\t<meta property=\"og:image:type\" content=\"image\/webp\" \/>\n<meta name=\"twitter:card\" content=\"summary_large_image\" \/>\n<meta name=\"twitter:label1\" content=\"Ber\u00e4knad l\u00e4stid\" \/>\n\t<meta name=\"twitter:data1\" content=\"1 minut\" \/>\n<!-- \/ Yoast SEO plugin. -->","yoast_head_json":{"title":"TRUUSK 3x3m Paviljongtak - Vattenavvisande - UPF30+ Solskydd - Kr\u00e4mvit - TRUUSK - Hem, Tr\u00e4dg\u00e5rd &amp; Fritid","robots":{"index":"index","follow":"follow","max-snippet":"max-snippet:-1","max-image-preview":"max-image-preview:large","max-video-preview":"max-video-preview:-1"},"canonical":"https:\/\/truusk.store\/sv\/produkt\/truusk-3x3m-paviljongtak-vattenavvisande-upf30-solskydd-kramvit\/","og_locale":"sv_SE","og_type":"article","og_title":"TRUUSK 3x3m Paviljongtak - Vattenavvisande - UPF30+ Solskydd - Kr\u00e4mvit - TRUUSK - Hem, Tr\u00e4dg\u00e5rd &amp; Fritid","og_description":"Ge ditt paviljong ett nytt utseende med detta [BRAND NAME] ers\u00e4ttningstak f\u00f6r paviljong. Tillverkat av robust polyester, erbjuder det tillf\u00f6rlitligt...","og_url":"https:\/\/truusk.store\/sv\/produkt\/truusk-3x3m-paviljongtak-vattenavvisande-upf30-solskydd-kramvit\/","og_site_name":"TRUUSK - Hem, Tr\u00e4dg\u00e5rd &amp; Fritid","article_modified_time":"2026-03-12T08:46:34+00:00","og_image":[{"width":2000,"height":2000,"url":"https:\/\/i0.wp.com\/truusk.se\/wp-content\/uploads\/2026\/01\/3-x-3-m-ersattnings-tak-for-paviljong-paviljong-ersattningsplan-med-vattenavloppshal-upf30-solskydd-kramvit-1.webp?fit=2000%2C2000&ssl=1","type":"image\/webp"}],"twitter_card":"summary_large_image","twitter_misc":{"Ber\u00e4knad l\u00e4stid":"1 minut"},"schema":{"@context":"https:\/\/schema.org","@graph":[{"@type":"WebPage","@id":"https:\/\/truusk.store\/sv\/produkt\/truusk-3x3m-paviljongtak-vattenavvisande-upf30-solskydd-kramvit\/","url":"https:\/\/truusk.store\/sv\/produkt\/truusk-3x3m-paviljongtak-vattenavvisande-upf30-solskydd-kramvit\/","name":"TRUUSK 3x3m Paviljongtak - Vattenavvisande - UPF30+ Solskydd - Kr\u00e4mvit - TRUUSK - Hem, Tr\u00e4dg\u00e5rd &amp; Fritid","isPartOf":{"@id":"https:\/\/truusk.store\/sv\/#website"},"primaryImageOfPage":{"@id":"https:\/\/truusk.store\/sv\/produkt\/truusk-3x3m-paviljongtak-vattenavvisande-upf30-solskydd-kramvit\/#primaryimage"},"image":{"@id":"https:\/\/truusk.store\/sv\/produkt\/truusk-3x3m-paviljongtak-vattenavvisande-upf30-solskydd-kramvit\/#primaryimage"},"thumbnailUrl":"https:\/\/i0.wp.com\/truusk.store\/wp-content\/uploads\/2026\/01\/3-x-3-m-ersattnings-tak-for-paviljong-paviljong-ersattningsplan-med-vattenavloppshal-upf30-solskydd-kramvit-1.webp?fit=2000%2C2000&ssl=1","datePublished":"2026-01-15T19:43:44+00:00","dateModified":"2026-03-12T08:46:34+00:00","breadcrumb":{"@id":"https:\/\/truusk.store\/sv\/produkt\/truusk-3x3m-paviljongtak-vattenavvisande-upf30-solskydd-kramvit\/#breadcrumb"},"inLanguage":"sv-SE","potentialAction":[{"@type":"ReadAction","target":["https:\/\/truusk.store\/sv\/produkt\/truusk-3x3m-paviljongtak-vattenavvisande-upf30-solskydd-kramvit\/"]}]},{"@type":"ImageObject","inLanguage":"sv-SE","@id":"https:\/\/truusk.store\/sv\/produkt\/truusk-3x3m-paviljongtak-vattenavvisande-upf30-solskydd-kramvit\/#primaryimage","url":"https:\/\/i0.wp.com\/truusk.store\/wp-content\/uploads\/2026\/01\/3-x-3-m-ersattnings-tak-for-paviljong-paviljong-ersattningsplan-med-vattenavloppshal-upf30-solskydd-kramvit-1.webp?fit=2000%2C2000&ssl=1","contentUrl":"https:\/\/i0.wp.com\/truusk.store\/wp-content\/uploads\/2026\/01\/3-x-3-m-ersattnings-tak-for-paviljong-paviljong-ersattningsplan-med-vattenavloppshal-upf30-solskydd-kramvit-1.webp?fit=2000%2C2000&ssl=1","width":2000,"height":2000},{"@type":"BreadcrumbList","@id":"https:\/\/truusk.store\/sv\/produkt\/truusk-3x3m-paviljongtak-vattenavvisande-upf30-solskydd-kramvit\/#breadcrumb","itemListElement":[{"@type":"ListItem","position":1,"name":"Home","item":"https:\/\/truusk.store\/sv\/"},{"@type":"ListItem","position":2,"name":"Shop","item":"https:\/\/truusk.store\/shop\/"},{"@type":"ListItem","position":3,"name":"TRUUSK 3x3m Paviljongtak &#8211; Vattenavvisande &#8211; UPF30+ Solskydd &#8211; Kr\u00e4mvit"}]},{"@type":"WebSite","@id":"https:\/\/truusk.store\/sv\/#website","url":"https:\/\/truusk.store\/sv\/","name":"TRUUSK - Hem, Tr\u00e4dg\u00e5rd & Fritid","description":"","publisher":{"@id":"https:\/\/truusk.store\/sv\/#organization"},"potentialAction":[{"@type":"SearchAction","target":{"@type":"EntryPoint","urlTemplate":"https:\/\/truusk.store\/sv\/?s={search_term_string}"},"query-input":{"@type":"PropertyValueSpecification","valueRequired":true,"valueName":"search_term_string"}}],"inLanguage":"sv-SE"},{"@type":"Organization","@id":"https:\/\/truusk.store\/sv\/#organization","name":"TRUUSK - Hem, Tr\u00e4dg\u00e5rd & Fritid","url":"https:\/\/truusk.store\/sv\/","logo":{"@type":"ImageObject","inLanguage":"sv-SE","@id":"https:\/\/truusk.store\/sv\/#\/schema\/logo\/image\/","url":"https:\/\/i0.wp.com\/truusk.store\/wp-content\/uploads\/2026\/03\/cropped-TRUUSK.png?fit=2032%2C917&ssl=1","contentUrl":"https:\/\/i0.wp.com\/truusk.store\/wp-content\/uploads\/2026\/03\/cropped-TRUUSK.png?fit=2032%2C917&ssl=1","width":2032,"height":917,"caption":"TRUUSK - Hem, Tr\u00e4dg\u00e5rd & Fritid"},"image":{"@id":"https:\/\/truusk.store\/sv\/#\/schema\/logo\/image\/"}}]}},"jetpack_sharing_enabled":true,"_links":{"self":[{"href":"https:\/\/truusk.store\/sv\/wp-json\/wp\/v2\/product\/100073","targetHints":{"allow":["GET"]}}],"collection":[{"href":"https:\/\/truusk.store\/sv\/wp-json\/wp\/v2\/product"}],"about":[{"href":"https:\/\/truusk.store\/sv\/wp-json\/wp\/v2\/types\/product"}],"wp:featuredmedia":[{"embeddable":true,"href":"https:\/\/truusk.store\/sv\/wp-json\/wp\/v2\/media\/100064"}],"wp:attachment":[{"href":"https:\/\/truusk.store\/sv\/wp-json\/wp\/v2\/media?parent=100073"}],"wp:term":[{"taxonomy":"product_brand","embeddable":true,"href":"https:\/\/truusk.store\/sv\/wp-json\/wp\/v2\/product_brand?post=100073"},{"taxonomy":"product_cat","embeddable":true,"href":"https:\/\/truusk.store\/sv\/wp-json\/wp\/v2\/product_cat?post=100073"},{"taxonomy":"product_tag","embeddable":true,"href":"https:\/\/truusk.store\/sv\/wp-json\/wp\/v2\/product_tag?post=100073"}],"curies":[{"name":"wp","href":"https:\/\/api.w.org\/{rel}","templated":true}]}}