{"id":100083,"date":"2026-01-15T20:44:47","date_gmt":"2026-01-15T19:44:47","guid":{"rendered":"https:\/\/truusk.store\/product\/paviljong-med-dubbel-tak-3x3-m-vattenavvisande-stabil-vinterfast-tradgardspaviljong-i-morkgra-metall\/"},"modified":"2026-03-12T09:46:35","modified_gmt":"2026-03-12T08:46:35","slug":"truusk-paviljong-med-dubbel-tak-3x3-m-vattenavvisande-stabil-vinterfast-morkgra-metall","status":"publish","type":"product","link":"https:\/\/truusk.store\/sv\/produkt\/truusk-paviljong-med-dubbel-tak-3x3-m-vattenavvisande-stabil-vinterfast-morkgra-metall\/","title":{"rendered":"TRUUSK Paviljong med Dubbel Tak, 3&#215;3 m &#8211; Vattenavvisande &#8211; Stabil &#8211; Vinterfast &#8211; M\u00f6rkgr\u00e5 Metall"},"content":{"rendered":"<p>Detta [BRAND NAME] paviljong \u00e4r utrustad med gardiner och ett dubbelskiktat ventilations tak, f\u00f6r uppfriskande, insektsfria stunder. Paviljongens gardiner ger diskretion och behaglig skugga, idealisk f\u00f6r att omvandla alla utomhusomr\u00e5den till en fridfull tillflyktsort. Perfekt f\u00f6r terrasser och tr\u00e4dg\u00e5rdar, erbjuder denna mjuka takpaviljong en gener\u00f6s 9 \u33a1 yta och d\u00e4rmed plats f\u00f6r 6-9 personer.<\/p>\n<p>Beskrivning:<\/p>\n<ul>\n<li> Den ventilerade UV30+ dubbeltakdesignen p\u00e5 tr\u00e4dg\u00e5rdspaviljongen ger kylning, UV- och myggskydd<\/li>\n<li> Tr\u00e4dg\u00e5rdspaviljongens gardiner ger privatliv och minskar solbl\u00e4ndning fr\u00e5n alla sidor<\/li>\n<li> Paviljongens n\u00e4t skyddar mot insekter utan att blockera utsikten eller brisen<\/li>\n<li> Designen med avloppsh\u00e5l f\u00f6rhindrar ansamling av vatten p\u00e5 regniga dagar<\/li>\n<li> Justerbara tak\u00f6verh\u00e4ng garanterar att markisen \u00e4r s\u00e4kert f\u00e4st vid ramen<\/li>\n<li> T\u00e4ltspikar eller skruvar ger stabilitet p\u00e5 olika underlag<\/li>\n<li> Den rymliga storleken rymmer 6-9 personer<\/li>\n<li> Kan monteras av 2-3 personer p\u00e5 mindre \u00e4n 60 minuter<\/li>\n<\/ul>\n<p> Tekniska data:<\/p>\n<ul>\n<li> F\u00e4rg: M\u00f6rkgr\u00e5<\/li>\n<li> Material: Metall, Polyester<\/li>\n<li> Totala dimensioner: 306L x 306B x 269H cm<\/li>\n<li> Takfotsh\u00f6jd: 199 cm<\/li>\n<li> Balkh\u00f6jd: 180 cm<\/li>\n<li> Pelaravst\u00e5nd: 263L x 263B cm<\/li>\n<li> Pelarstorlek: \u00d848 mm<\/li>\n<li> Fotstorlek: \u00d813 cm<\/li>\n<li> Vindt\u00e5lighetsniv\u00e5: 5-6 (med skruvar), 4-5 (med t\u00e4ltspikar)<\/li>\n<li> Sn\u00f6belastning: 5 kg\/m\u00b2<\/li>\n<\/ul>\n<p>Leverans inneh\u00e5ller:<\/p>\n<ul>\n<li> 1 x Paviljong<\/li>\n<li> 8 x Markspik<\/li>\n<li> 8 x Expansionsplugg<\/li>\n<li> 1 x Handbok<\/li>\n<\/ul>\n","protected":false},"excerpt":{"rendered":"<p>Detta [BRAND NAME] paviljong \u00e4r utrustad med gardiner och ett dubbelskiktat ventilations tak, f\u00f6r uppfriskande, insektsfria stunder. Paviljongens gardiner ger&#8230;<\/p>\n","protected":false},"featured_media":100074,"template":"","meta":[],"product_brand":[],"product_cat":[477,858,476],"product_tag":[],"class_list":{"0":"post-100083","1":"product","2":"type-product","3":"status-publish","4":"has-post-thumbnail","6":"product_cat-paviljonger-partytalt","7":"product_cat-tradgard-terrass","8":"product_cat-tradgardspaviljonger","10":"first","11":"instock","12":"sale","13":"taxable","14":"shipping-taxable","15":"purchasable","16":"product-type-simple"},"yoast_head":"<!-- This site is optimized with the Yoast SEO plugin v25.4 - https:\/\/yoast.com\/wordpress\/plugins\/seo\/ -->\n<title>TRUUSK Paviljong med Dubbel Tak, 3x3 m - Vattenavvisande - Stabil - Vinterfast - M\u00f6rkgr\u00e5 Metall - TRUUSK - Hem, Tr\u00e4dg\u00e5rd &amp; Fritid<\/title>\n<meta name=\"robots\" content=\"index, follow, max-snippet:-1, max-image-preview:large, max-video-preview:-1\" \/>\n<link rel=\"canonical\" href=\"https:\/\/truusk.store\/sv\/produkt\/truusk-paviljong-med-dubbel-tak-3x3-m-vattenavvisande-stabil-vinterfast-morkgra-metall\/\" \/>\n<meta property=\"og:locale\" content=\"sv_SE\" \/>\n<meta property=\"og:type\" content=\"article\" \/>\n<meta property=\"og:title\" content=\"TRUUSK Paviljong med Dubbel Tak, 3x3 m - Vattenavvisande - Stabil - Vinterfast - M\u00f6rkgr\u00e5 Metall - TRUUSK - Hem, Tr\u00e4dg\u00e5rd &amp; Fritid\" \/>\n<meta property=\"og:description\" content=\"Detta [BRAND NAME] paviljong \u00e4r utrustad med gardiner och ett dubbelskiktat ventilations tak, f\u00f6r uppfriskande, insektsfria stunder. Paviljongens gardiner ger...\" \/>\n<meta property=\"og:url\" content=\"https:\/\/truusk.store\/sv\/produkt\/truusk-paviljong-med-dubbel-tak-3x3-m-vattenavvisande-stabil-vinterfast-morkgra-metall\/\" \/>\n<meta property=\"og:site_name\" content=\"TRUUSK - Hem, Tr\u00e4dg\u00e5rd &amp; Fritid\" \/>\n<meta property=\"article:modified_time\" content=\"2026-03-12T08:46:35+00:00\" \/>\n<meta property=\"og:image\" content=\"https:\/\/i0.wp.com\/truusk.se\/wp-content\/uploads\/2026\/01\/paviljong-med-dubbel-tak-3x3-m-vattenavvisande-stabil-vinterfast-tradgardspaviljong-i-morkgra-metall-1.webp?fit=2000%2C2000&ssl=1\" \/>\n\t<meta property=\"og:image:width\" content=\"2000\" \/>\n\t<meta property=\"og:image:height\" content=\"2000\" \/>\n\t<meta property=\"og:image:type\" content=\"image\/webp\" \/>\n<meta name=\"twitter:card\" content=\"summary_large_image\" \/>\n<meta name=\"twitter:label1\" content=\"Ber\u00e4knad l\u00e4stid\" \/>\n\t<meta name=\"twitter:data1\" content=\"1 minut\" \/>\n<!-- \/ Yoast SEO plugin. -->","yoast_head_json":{"title":"TRUUSK Paviljong med Dubbel Tak, 3x3 m - Vattenavvisande - Stabil - Vinterfast - M\u00f6rkgr\u00e5 Metall - TRUUSK - Hem, Tr\u00e4dg\u00e5rd &amp; Fritid","robots":{"index":"index","follow":"follow","max-snippet":"max-snippet:-1","max-image-preview":"max-image-preview:large","max-video-preview":"max-video-preview:-1"},"canonical":"https:\/\/truusk.store\/sv\/produkt\/truusk-paviljong-med-dubbel-tak-3x3-m-vattenavvisande-stabil-vinterfast-morkgra-metall\/","og_locale":"sv_SE","og_type":"article","og_title":"TRUUSK Paviljong med Dubbel Tak, 3x3 m - Vattenavvisande - Stabil - Vinterfast - M\u00f6rkgr\u00e5 Metall - TRUUSK - Hem, Tr\u00e4dg\u00e5rd &amp; Fritid","og_description":"Detta [BRAND NAME] paviljong \u00e4r utrustad med gardiner och ett dubbelskiktat ventilations tak, f\u00f6r uppfriskande, insektsfria stunder. Paviljongens gardiner ger...","og_url":"https:\/\/truusk.store\/sv\/produkt\/truusk-paviljong-med-dubbel-tak-3x3-m-vattenavvisande-stabil-vinterfast-morkgra-metall\/","og_site_name":"TRUUSK - Hem, Tr\u00e4dg\u00e5rd &amp; Fritid","article_modified_time":"2026-03-12T08:46:35+00:00","og_image":[{"width":2000,"height":2000,"url":"https:\/\/i0.wp.com\/truusk.se\/wp-content\/uploads\/2026\/01\/paviljong-med-dubbel-tak-3x3-m-vattenavvisande-stabil-vinterfast-tradgardspaviljong-i-morkgra-metall-1.webp?fit=2000%2C2000&ssl=1","type":"image\/webp"}],"twitter_card":"summary_large_image","twitter_misc":{"Ber\u00e4knad l\u00e4stid":"1 minut"},"schema":{"@context":"https:\/\/schema.org","@graph":[{"@type":"WebPage","@id":"https:\/\/truusk.store\/sv\/produkt\/truusk-paviljong-med-dubbel-tak-3x3-m-vattenavvisande-stabil-vinterfast-morkgra-metall\/","url":"https:\/\/truusk.store\/sv\/produkt\/truusk-paviljong-med-dubbel-tak-3x3-m-vattenavvisande-stabil-vinterfast-morkgra-metall\/","name":"TRUUSK Paviljong med Dubbel Tak, 3x3 m - Vattenavvisande - Stabil - Vinterfast - M\u00f6rkgr\u00e5 Metall - TRUUSK - Hem, Tr\u00e4dg\u00e5rd &amp; Fritid","isPartOf":{"@id":"https:\/\/truusk.store\/sv\/#website"},"primaryImageOfPage":{"@id":"https:\/\/truusk.store\/sv\/produkt\/truusk-paviljong-med-dubbel-tak-3x3-m-vattenavvisande-stabil-vinterfast-morkgra-metall\/#primaryimage"},"image":{"@id":"https:\/\/truusk.store\/sv\/produkt\/truusk-paviljong-med-dubbel-tak-3x3-m-vattenavvisande-stabil-vinterfast-morkgra-metall\/#primaryimage"},"thumbnailUrl":"https:\/\/i0.wp.com\/truusk.store\/wp-content\/uploads\/2026\/01\/paviljong-med-dubbel-tak-3x3-m-vattenavvisande-stabil-vinterfast-tradgardspaviljong-i-morkgra-metall-1.webp?fit=2000%2C2000&ssl=1","datePublished":"2026-01-15T19:44:47+00:00","dateModified":"2026-03-12T08:46:35+00:00","breadcrumb":{"@id":"https:\/\/truusk.store\/sv\/produkt\/truusk-paviljong-med-dubbel-tak-3x3-m-vattenavvisande-stabil-vinterfast-morkgra-metall\/#breadcrumb"},"inLanguage":"sv-SE","potentialAction":[{"@type":"ReadAction","target":["https:\/\/truusk.store\/sv\/produkt\/truusk-paviljong-med-dubbel-tak-3x3-m-vattenavvisande-stabil-vinterfast-morkgra-metall\/"]}]},{"@type":"ImageObject","inLanguage":"sv-SE","@id":"https:\/\/truusk.store\/sv\/produkt\/truusk-paviljong-med-dubbel-tak-3x3-m-vattenavvisande-stabil-vinterfast-morkgra-metall\/#primaryimage","url":"https:\/\/i0.wp.com\/truusk.store\/wp-content\/uploads\/2026\/01\/paviljong-med-dubbel-tak-3x3-m-vattenavvisande-stabil-vinterfast-tradgardspaviljong-i-morkgra-metall-1.webp?fit=2000%2C2000&ssl=1","contentUrl":"https:\/\/i0.wp.com\/truusk.store\/wp-content\/uploads\/2026\/01\/paviljong-med-dubbel-tak-3x3-m-vattenavvisande-stabil-vinterfast-tradgardspaviljong-i-morkgra-metall-1.webp?fit=2000%2C2000&ssl=1","width":2000,"height":2000},{"@type":"BreadcrumbList","@id":"https:\/\/truusk.store\/sv\/produkt\/truusk-paviljong-med-dubbel-tak-3x3-m-vattenavvisande-stabil-vinterfast-morkgra-metall\/#breadcrumb","itemListElement":[{"@type":"ListItem","position":1,"name":"Home","item":"https:\/\/truusk.store\/sv\/"},{"@type":"ListItem","position":2,"name":"Shop","item":"https:\/\/truusk.store\/shop\/"},{"@type":"ListItem","position":3,"name":"TRUUSK Paviljong med Dubbel Tak, 3&#215;3 m &#8211; Vattenavvisande &#8211; Stabil &#8211; Vinterfast &#8211; M\u00f6rkgr\u00e5 Metall"}]},{"@type":"WebSite","@id":"https:\/\/truusk.store\/sv\/#website","url":"https:\/\/truusk.store\/sv\/","name":"TRUUSK - Hem, Tr\u00e4dg\u00e5rd & Fritid","description":"","publisher":{"@id":"https:\/\/truusk.store\/sv\/#organization"},"potentialAction":[{"@type":"SearchAction","target":{"@type":"EntryPoint","urlTemplate":"https:\/\/truusk.store\/sv\/?s={search_term_string}"},"query-input":{"@type":"PropertyValueSpecification","valueRequired":true,"valueName":"search_term_string"}}],"inLanguage":"sv-SE"},{"@type":"Organization","@id":"https:\/\/truusk.store\/sv\/#organization","name":"TRUUSK - Hem, Tr\u00e4dg\u00e5rd & Fritid","url":"https:\/\/truusk.store\/sv\/","logo":{"@type":"ImageObject","inLanguage":"sv-SE","@id":"https:\/\/truusk.store\/sv\/#\/schema\/logo\/image\/","url":"https:\/\/i0.wp.com\/truusk.store\/wp-content\/uploads\/2026\/03\/cropped-TRUUSK.png?fit=2032%2C917&ssl=1","contentUrl":"https:\/\/i0.wp.com\/truusk.store\/wp-content\/uploads\/2026\/03\/cropped-TRUUSK.png?fit=2032%2C917&ssl=1","width":2032,"height":917,"caption":"TRUUSK - Hem, Tr\u00e4dg\u00e5rd & Fritid"},"image":{"@id":"https:\/\/truusk.store\/sv\/#\/schema\/logo\/image\/"}}]}},"jetpack_sharing_enabled":true,"_links":{"self":[{"href":"https:\/\/truusk.store\/sv\/wp-json\/wp\/v2\/product\/100083","targetHints":{"allow":["GET"]}}],"collection":[{"href":"https:\/\/truusk.store\/sv\/wp-json\/wp\/v2\/product"}],"about":[{"href":"https:\/\/truusk.store\/sv\/wp-json\/wp\/v2\/types\/product"}],"wp:featuredmedia":[{"embeddable":true,"href":"https:\/\/truusk.store\/sv\/wp-json\/wp\/v2\/media\/100074"}],"wp:attachment":[{"href":"https:\/\/truusk.store\/sv\/wp-json\/wp\/v2\/media?parent=100083"}],"wp:term":[{"taxonomy":"product_brand","embeddable":true,"href":"https:\/\/truusk.store\/sv\/wp-json\/wp\/v2\/product_brand?post=100083"},{"taxonomy":"product_cat","embeddable":true,"href":"https:\/\/truusk.store\/sv\/wp-json\/wp\/v2\/product_cat?post=100083"},{"taxonomy":"product_tag","embeddable":true,"href":"https:\/\/truusk.store\/sv\/wp-json\/wp\/v2\/product_tag?post=100083"}],"curies":[{"name":"wp","href":"https:\/\/api.w.org\/{rel}","templated":true}]}}