{"id":100093,"date":"2026-01-15T20:46:01","date_gmt":"2026-01-15T19:46:01","guid":{"rendered":"https:\/\/truusk.store\/product\/3-x-3-m-tradgardspaviljong-med-infallbart-tak-paviljong-baldakin-for-skugga-upf30-beige\/"},"modified":"2026-03-12T09:46:44","modified_gmt":"2026-03-12T08:46:44","slug":"truusk-3-x-3-m-tradgardspaviljong-med-infallbart-tak-paviljong-for-skugga-upf30-beige","status":"publish","type":"product","link":"https:\/\/truusk.store\/sv\/produkt\/truusk-3-x-3-m-tradgardspaviljong-med-infallbart-tak-paviljong-for-skugga-upf30-beige\/","title":{"rendered":"TRUUSK 3 x 3 m Tr\u00e4dg\u00e5rdspaviljong med Inf\u00e4llbart Tak &#8211; Paviljong f\u00f6r Skugga &#8211; UPF30+ &#8211; Beige"},"content":{"rendered":"<p>G\u00f6r din tr\u00e4dg\u00e5rd till en idyllisk tillflyktsort med [BRAND NAME] pergola. Paviljongen av st\u00e5l har en 180g tung, PA-belagd baldakin med UPF30+ och en magnetisk pad f\u00f6r stabil h\u00e5llning, vilket ger b\u00e5de komfort och bekv\u00e4mlighet. De f\u00f6rb\u00e4ttrade upph\u00e4ngningskrokarna p\u00e5 tr\u00e4dg\u00e5rdspaviljongen underl\u00e4ttar ocks\u00e5 anv\u00e4ndningen. Idealisk f\u00f6r alla utomhusytor, oavsett om det \u00e4r cement eller gr\u00e4s.<\/p>\n<p>Beskrivning:<\/p>\n<ul>\n<li> 180g PA-belagd baldakin, UPF30+, magnetisk pad p\u00e5 tr\u00e4dg\u00e5rdspaviljongen s\u00e4krar sidan<\/li>\n<li> F\u00f6rb\u00e4ttrade krokar p\u00e5 tr\u00e4dg\u00e5rdspaviljongen f\u00f6r en smidigare, s\u00e4krare och l\u00e5ngvarig f\u00e4stning<\/li>\n<li> Pulverlackerad ram p\u00e5 pergolan \u00f6kar h\u00e5llbarheten<\/li>\n<li> Inneh\u00e5ller markspikar och ankarskruvar f\u00f6r en m\u00e5ngsidig installation<\/li>\n<li> Rekommenderas inte f\u00f6r anv\u00e4ndning vid extrema v\u00e4derf\u00f6rh\u00e5llanden som stormar eller kraftig vind\/regnskur<\/li>\n<li> Montering kr\u00e4vs med 2+ personer<\/li>\n<\/ul>\n<p> Tekniska specifikationer:<\/p>\n<ul>\n<li> F\u00e4rg: Beige<\/li>\n<li> Material: Metall, Polyester<\/li>\n<li> Totala dimensioner: 298L x 297B x 221H cm<\/li>\n<li> Kolonnavst\u00e5nd: 286L x 285B cm<\/li>\n<li> Kolonnstorlek: 60L x 60B mm<\/li>\n<li> Vindstyrka: 5-6 (med markankare), 4-5 (med ankarskruvar)<\/li>\n<li> Sn\u00f6belastning: 5 kg\/m\u00b2<\/li>\n<\/ul>\n<p>Leveransinneh\u00e5ll:<\/p>\n<ul>\n<li> 1 x Pergola<\/li>\n<li> 8 x Markspik<\/li>\n<li> 8 x Pluggskruv<\/li>\n<li> 1 x Handbok<\/li>\n<\/ul>\n","protected":false},"excerpt":{"rendered":"<p>G\u00f6r din tr\u00e4dg\u00e5rd till en idyllisk tillflyktsort med [BRAND NAME] pergola. Paviljongen av st\u00e5l har en 180g tung, PA-belagd baldakin&#8230;<\/p>\n","protected":false},"featured_media":100084,"template":"","meta":[],"product_brand":[],"product_cat":[478,858,476],"product_tag":[],"class_list":{"0":"post-100093","1":"product","2":"type-product","3":"status-publish","4":"has-post-thumbnail","6":"product_cat-pergola","7":"product_cat-tradgard-terrass","8":"product_cat-tradgardspaviljonger","10":"first","11":"instock","12":"sale","13":"taxable","14":"shipping-taxable","15":"purchasable","16":"product-type-simple"},"yoast_head":"<!-- This site is optimized with the Yoast SEO plugin v25.4 - https:\/\/yoast.com\/wordpress\/plugins\/seo\/ -->\n<title>TRUUSK 3 x 3 m Tr\u00e4dg\u00e5rdspaviljong med Inf\u00e4llbart Tak - Paviljong f\u00f6r Skugga - UPF30+ - Beige - TRUUSK - Hem, Tr\u00e4dg\u00e5rd &amp; Fritid<\/title>\n<meta name=\"robots\" content=\"index, follow, max-snippet:-1, max-image-preview:large, max-video-preview:-1\" \/>\n<link rel=\"canonical\" href=\"https:\/\/truusk.store\/sv\/produkt\/truusk-3-x-3-m-tradgardspaviljong-med-infallbart-tak-paviljong-for-skugga-upf30-beige\/\" \/>\n<meta property=\"og:locale\" content=\"sv_SE\" \/>\n<meta property=\"og:type\" content=\"article\" \/>\n<meta property=\"og:title\" content=\"TRUUSK 3 x 3 m Tr\u00e4dg\u00e5rdspaviljong med Inf\u00e4llbart Tak - Paviljong f\u00f6r Skugga - UPF30+ - Beige - TRUUSK - Hem, Tr\u00e4dg\u00e5rd &amp; Fritid\" \/>\n<meta property=\"og:description\" content=\"G\u00f6r din tr\u00e4dg\u00e5rd till en idyllisk tillflyktsort med [BRAND NAME] pergola. Paviljongen av st\u00e5l har en 180g tung, PA-belagd baldakin...\" \/>\n<meta property=\"og:url\" content=\"https:\/\/truusk.store\/sv\/produkt\/truusk-3-x-3-m-tradgardspaviljong-med-infallbart-tak-paviljong-for-skugga-upf30-beige\/\" \/>\n<meta property=\"og:site_name\" content=\"TRUUSK - Hem, Tr\u00e4dg\u00e5rd &amp; Fritid\" \/>\n<meta property=\"article:modified_time\" content=\"2026-03-12T08:46:44+00:00\" \/>\n<meta property=\"og:image\" content=\"https:\/\/i0.wp.com\/truusk.se\/wp-content\/uploads\/2026\/01\/3-x-3-m-tradgardspaviljong-med-infallbart-tak-paviljong-baldakin-for-skugga-upf30-beige-1.webp?fit=2000%2C2000&ssl=1\" \/>\n\t<meta property=\"og:image:width\" content=\"2000\" \/>\n\t<meta property=\"og:image:height\" content=\"2000\" \/>\n\t<meta property=\"og:image:type\" content=\"image\/webp\" \/>\n<meta name=\"twitter:card\" content=\"summary_large_image\" \/>\n<meta name=\"twitter:label1\" content=\"Ber\u00e4knad l\u00e4stid\" \/>\n\t<meta name=\"twitter:data1\" content=\"1 minut\" \/>\n<!-- \/ Yoast SEO plugin. -->","yoast_head_json":{"title":"TRUUSK 3 x 3 m Tr\u00e4dg\u00e5rdspaviljong med Inf\u00e4llbart Tak - Paviljong f\u00f6r Skugga - UPF30+ - Beige - TRUUSK - Hem, Tr\u00e4dg\u00e5rd &amp; Fritid","robots":{"index":"index","follow":"follow","max-snippet":"max-snippet:-1","max-image-preview":"max-image-preview:large","max-video-preview":"max-video-preview:-1"},"canonical":"https:\/\/truusk.store\/sv\/produkt\/truusk-3-x-3-m-tradgardspaviljong-med-infallbart-tak-paviljong-for-skugga-upf30-beige\/","og_locale":"sv_SE","og_type":"article","og_title":"TRUUSK 3 x 3 m Tr\u00e4dg\u00e5rdspaviljong med Inf\u00e4llbart Tak - Paviljong f\u00f6r Skugga - UPF30+ - Beige - TRUUSK - Hem, Tr\u00e4dg\u00e5rd &amp; Fritid","og_description":"G\u00f6r din tr\u00e4dg\u00e5rd till en idyllisk tillflyktsort med [BRAND NAME] pergola. Paviljongen av st\u00e5l har en 180g tung, PA-belagd baldakin...","og_url":"https:\/\/truusk.store\/sv\/produkt\/truusk-3-x-3-m-tradgardspaviljong-med-infallbart-tak-paviljong-for-skugga-upf30-beige\/","og_site_name":"TRUUSK - Hem, Tr\u00e4dg\u00e5rd &amp; Fritid","article_modified_time":"2026-03-12T08:46:44+00:00","og_image":[{"width":2000,"height":2000,"url":"https:\/\/i0.wp.com\/truusk.se\/wp-content\/uploads\/2026\/01\/3-x-3-m-tradgardspaviljong-med-infallbart-tak-paviljong-baldakin-for-skugga-upf30-beige-1.webp?fit=2000%2C2000&ssl=1","type":"image\/webp"}],"twitter_card":"summary_large_image","twitter_misc":{"Ber\u00e4knad l\u00e4stid":"1 minut"},"schema":{"@context":"https:\/\/schema.org","@graph":[{"@type":"WebPage","@id":"https:\/\/truusk.store\/sv\/produkt\/truusk-3-x-3-m-tradgardspaviljong-med-infallbart-tak-paviljong-for-skugga-upf30-beige\/","url":"https:\/\/truusk.store\/sv\/produkt\/truusk-3-x-3-m-tradgardspaviljong-med-infallbart-tak-paviljong-for-skugga-upf30-beige\/","name":"TRUUSK 3 x 3 m Tr\u00e4dg\u00e5rdspaviljong med Inf\u00e4llbart Tak - Paviljong f\u00f6r Skugga - UPF30+ - Beige - TRUUSK - Hem, Tr\u00e4dg\u00e5rd &amp; Fritid","isPartOf":{"@id":"https:\/\/truusk.store\/sv\/#website"},"primaryImageOfPage":{"@id":"https:\/\/truusk.store\/sv\/produkt\/truusk-3-x-3-m-tradgardspaviljong-med-infallbart-tak-paviljong-for-skugga-upf30-beige\/#primaryimage"},"image":{"@id":"https:\/\/truusk.store\/sv\/produkt\/truusk-3-x-3-m-tradgardspaviljong-med-infallbart-tak-paviljong-for-skugga-upf30-beige\/#primaryimage"},"thumbnailUrl":"https:\/\/i0.wp.com\/truusk.store\/wp-content\/uploads\/2026\/01\/3-x-3-m-tradgardspaviljong-med-infallbart-tak-paviljong-baldakin-for-skugga-upf30-beige-1.webp?fit=2000%2C2000&ssl=1","datePublished":"2026-01-15T19:46:01+00:00","dateModified":"2026-03-12T08:46:44+00:00","breadcrumb":{"@id":"https:\/\/truusk.store\/sv\/produkt\/truusk-3-x-3-m-tradgardspaviljong-med-infallbart-tak-paviljong-for-skugga-upf30-beige\/#breadcrumb"},"inLanguage":"sv-SE","potentialAction":[{"@type":"ReadAction","target":["https:\/\/truusk.store\/sv\/produkt\/truusk-3-x-3-m-tradgardspaviljong-med-infallbart-tak-paviljong-for-skugga-upf30-beige\/"]}]},{"@type":"ImageObject","inLanguage":"sv-SE","@id":"https:\/\/truusk.store\/sv\/produkt\/truusk-3-x-3-m-tradgardspaviljong-med-infallbart-tak-paviljong-for-skugga-upf30-beige\/#primaryimage","url":"https:\/\/i0.wp.com\/truusk.store\/wp-content\/uploads\/2026\/01\/3-x-3-m-tradgardspaviljong-med-infallbart-tak-paviljong-baldakin-for-skugga-upf30-beige-1.webp?fit=2000%2C2000&ssl=1","contentUrl":"https:\/\/i0.wp.com\/truusk.store\/wp-content\/uploads\/2026\/01\/3-x-3-m-tradgardspaviljong-med-infallbart-tak-paviljong-baldakin-for-skugga-upf30-beige-1.webp?fit=2000%2C2000&ssl=1","width":2000,"height":2000},{"@type":"BreadcrumbList","@id":"https:\/\/truusk.store\/sv\/produkt\/truusk-3-x-3-m-tradgardspaviljong-med-infallbart-tak-paviljong-for-skugga-upf30-beige\/#breadcrumb","itemListElement":[{"@type":"ListItem","position":1,"name":"Home","item":"https:\/\/truusk.store\/sv\/"},{"@type":"ListItem","position":2,"name":"Shop","item":"https:\/\/truusk.store\/shop\/"},{"@type":"ListItem","position":3,"name":"TRUUSK 3 x 3 m Tr\u00e4dg\u00e5rdspaviljong med Inf\u00e4llbart Tak &#8211; Paviljong f\u00f6r Skugga &#8211; UPF30+ &#8211; Beige"}]},{"@type":"WebSite","@id":"https:\/\/truusk.store\/sv\/#website","url":"https:\/\/truusk.store\/sv\/","name":"TRUUSK - Hem, Tr\u00e4dg\u00e5rd & Fritid","description":"","publisher":{"@id":"https:\/\/truusk.store\/sv\/#organization"},"potentialAction":[{"@type":"SearchAction","target":{"@type":"EntryPoint","urlTemplate":"https:\/\/truusk.store\/sv\/?s={search_term_string}"},"query-input":{"@type":"PropertyValueSpecification","valueRequired":true,"valueName":"search_term_string"}}],"inLanguage":"sv-SE"},{"@type":"Organization","@id":"https:\/\/truusk.store\/sv\/#organization","name":"TRUUSK - Hem, Tr\u00e4dg\u00e5rd & Fritid","url":"https:\/\/truusk.store\/sv\/","logo":{"@type":"ImageObject","inLanguage":"sv-SE","@id":"https:\/\/truusk.store\/sv\/#\/schema\/logo\/image\/","url":"https:\/\/i0.wp.com\/truusk.store\/wp-content\/uploads\/2026\/03\/cropped-TRUUSK.png?fit=2032%2C917&ssl=1","contentUrl":"https:\/\/i0.wp.com\/truusk.store\/wp-content\/uploads\/2026\/03\/cropped-TRUUSK.png?fit=2032%2C917&ssl=1","width":2032,"height":917,"caption":"TRUUSK - Hem, Tr\u00e4dg\u00e5rd & Fritid"},"image":{"@id":"https:\/\/truusk.store\/sv\/#\/schema\/logo\/image\/"}}]}},"jetpack_sharing_enabled":true,"_links":{"self":[{"href":"https:\/\/truusk.store\/sv\/wp-json\/wp\/v2\/product\/100093","targetHints":{"allow":["GET"]}}],"collection":[{"href":"https:\/\/truusk.store\/sv\/wp-json\/wp\/v2\/product"}],"about":[{"href":"https:\/\/truusk.store\/sv\/wp-json\/wp\/v2\/types\/product"}],"wp:featuredmedia":[{"embeddable":true,"href":"https:\/\/truusk.store\/sv\/wp-json\/wp\/v2\/media\/100084"}],"wp:attachment":[{"href":"https:\/\/truusk.store\/sv\/wp-json\/wp\/v2\/media?parent=100093"}],"wp:term":[{"taxonomy":"product_brand","embeddable":true,"href":"https:\/\/truusk.store\/sv\/wp-json\/wp\/v2\/product_brand?post=100093"},{"taxonomy":"product_cat","embeddable":true,"href":"https:\/\/truusk.store\/sv\/wp-json\/wp\/v2\/product_cat?post=100093"},{"taxonomy":"product_tag","embeddable":true,"href":"https:\/\/truusk.store\/sv\/wp-json\/wp\/v2\/product_tag?post=100093"}],"curies":[{"name":"wp","href":"https:\/\/api.w.org\/{rel}","templated":true}]}}