{"id":100103,"date":"2026-01-15T20:47:15","date_gmt":"2026-01-15T19:47:15","guid":{"rendered":"https:\/\/truusk.store\/product\/utokad-tradgardsbord-i-aluminium-160-220x90-cm-vaderbestandig-balkongbord-halkfri-buffebord-gra\/"},"modified":"2026-03-12T08:40:14","modified_gmt":"2026-03-12T07:40:14","slug":"truusk-utokad-tradgardsbord-i-aluminium-160-220x90-cm-vaderbestandig-halkfri-gra-buffebord-for-balkong","status":"publish","type":"product","link":"https:\/\/truusk.store\/sv\/produkt\/truusk-utokad-tradgardsbord-i-aluminium-160-220x90-cm-vaderbestandig-halkfri-gra-buffebord-for-balkong\/","title":{"rendered":"TRUUSK Ut\u00f6kad Tr\u00e4dg\u00e5rdsbord I Aluminium 160\/220&#215;90 Cm &#8211; V\u00e4derbest\u00e4ndig &#8211; Halkfri &#8211; Gr\u00e5 &#8211; Buff\u00e9bord f\u00f6r Balkong"},"content":{"rendered":"<p>Upplev utomhusm\u00e5ltider p\u00e5 h\u00f6g niv\u00e5 med [BRAND NAME] v\u00e4derbest\u00e4ndiga tr\u00e4dg\u00e5rdsbord, som perfekt kombinerar funktionalitet och stil. Det lilla tr\u00e4dg\u00e5rdsbordet utvidgas enkelt med en fj\u00e4rils mekanism och rymmer bekv\u00e4mt 6-8 personer. Med sin stabila aluminiumram och lamellliknande yta \u00e4r tr\u00e4dg\u00e5rdsbordet l\u00e4ttsk\u00f6tt och perfekt f\u00f6r alla tr\u00e4dg\u00e5rdsfester.<\/p>\n<p>Beskrivning:<\/p>\n<ul>\n<li> Utvidgar f\u00f6r att bekv\u00e4mt rymma 6-8 g\u00e4ster<\/li>\n<li> Tr\u00e4dg\u00e5rdsbordets fj\u00e4rilsbladsmekanism f\u00f6renklar utvidgning och sammandragning<\/li>\n<li> Pulverlackerad aluminiumram p\u00e5 tr\u00e4dg\u00e5rdsbordet \u00f6kar h\u00e5llbarheten utomhus<\/li>\n<li> Lamellytan p\u00e5 terrassbordet garanterar snabb torkning och enkel reng\u00f6ring<\/li>\n<li> Justerbara f\u00f6tter stabiliserar p\u00e5 oj\u00e4mna ytor<\/li>\n<li> Montering kr\u00e4vs<\/li>\n<\/ul>\n<p> Tekniska specifikationer:<\/p>\n<ul>\n<li> F\u00e4rg: Gr\u00e5<\/li>\n<li> Material: Aluminium<\/li>\n<li> Totala dimensioner: 160\/220L x 90B x 73H cm<\/li>\n<li> Tjocklek p\u00e5 bordsskivan: 2,5T cm<\/li>\n<li> Maximal belastning: 70 kg<\/li>\n<\/ul>\n<p>Inneh\u00e5ll:<\/p>\n<ul>\n<li> 1 x Bord<\/li>\n<li> 1 x Bruksanvisning<\/li>\n<\/ul>\n","protected":false},"excerpt":{"rendered":"<p>Upplev utomhusm\u00e5ltider p\u00e5 h\u00f6g niv\u00e5 med [BRAND NAME] v\u00e4derbest\u00e4ndiga tr\u00e4dg\u00e5rdsbord, som perfekt kombinerar funktionalitet och stil. Det lilla tr\u00e4dg\u00e5rdsbordet utvidgas&#8230;<\/p>\n","protected":false},"featured_media":100094,"template":"","meta":[],"product_brand":[],"product_cat":[858,457,450],"product_tag":[],"class_list":{"0":"post-100103","1":"product","2":"type-product","3":"status-publish","4":"has-post-thumbnail","6":"product_cat-tradgard-terrass","7":"product_cat-tradgardsbord","8":"product_cat-tradgardsmobler","10":"first","11":"instock","12":"sale","13":"taxable","14":"shipping-taxable","15":"purchasable","16":"product-type-simple"},"yoast_head":"<!-- This site is optimized with the Yoast SEO plugin v25.4 - https:\/\/yoast.com\/wordpress\/plugins\/seo\/ -->\n<title>TRUUSK Ut\u00f6kad Tr\u00e4dg\u00e5rdsbord I Aluminium 160\/220x90 Cm - V\u00e4derbest\u00e4ndig - Halkfri - Gr\u00e5 - Buff\u00e9bord f\u00f6r Balkong - TRUUSK - Hem, Tr\u00e4dg\u00e5rd &amp; Fritid<\/title>\n<meta name=\"robots\" content=\"index, follow, max-snippet:-1, max-image-preview:large, max-video-preview:-1\" \/>\n<link rel=\"canonical\" href=\"https:\/\/truusk.store\/sv\/produkt\/truusk-utokad-tradgardsbord-i-aluminium-160-220x90-cm-vaderbestandig-halkfri-gra-buffebord-for-balkong\/\" \/>\n<meta property=\"og:locale\" content=\"sv_SE\" \/>\n<meta property=\"og:type\" content=\"article\" \/>\n<meta property=\"og:title\" content=\"TRUUSK Ut\u00f6kad Tr\u00e4dg\u00e5rdsbord I Aluminium 160\/220x90 Cm - V\u00e4derbest\u00e4ndig - Halkfri - Gr\u00e5 - Buff\u00e9bord f\u00f6r Balkong - TRUUSK - Hem, Tr\u00e4dg\u00e5rd &amp; Fritid\" \/>\n<meta property=\"og:description\" content=\"Upplev utomhusm\u00e5ltider p\u00e5 h\u00f6g niv\u00e5 med [BRAND NAME] v\u00e4derbest\u00e4ndiga tr\u00e4dg\u00e5rdsbord, som perfekt kombinerar funktionalitet och stil. Det lilla tr\u00e4dg\u00e5rdsbordet utvidgas...\" \/>\n<meta property=\"og:url\" content=\"https:\/\/truusk.store\/sv\/produkt\/truusk-utokad-tradgardsbord-i-aluminium-160-220x90-cm-vaderbestandig-halkfri-gra-buffebord-for-balkong\/\" \/>\n<meta property=\"og:site_name\" content=\"TRUUSK - Hem, Tr\u00e4dg\u00e5rd &amp; Fritid\" \/>\n<meta property=\"article:modified_time\" content=\"2026-03-12T07:40:14+00:00\" \/>\n<meta property=\"og:image\" content=\"https:\/\/i0.wp.com\/truusk.se\/wp-content\/uploads\/2026\/01\/utokad-tradgardsbord-i-aluminium-160-220x90-cm-vaderbestandig-balkongbord-halkfri-buffebord-gra-1.webp?fit=2000%2C2000&ssl=1\" \/>\n\t<meta property=\"og:image:width\" content=\"2000\" \/>\n\t<meta property=\"og:image:height\" content=\"2000\" \/>\n\t<meta property=\"og:image:type\" content=\"image\/webp\" \/>\n<meta name=\"twitter:card\" content=\"summary_large_image\" \/>\n<meta name=\"twitter:label1\" content=\"Ber\u00e4knad l\u00e4stid\" \/>\n\t<meta name=\"twitter:data1\" content=\"1 minut\" \/>\n<!-- \/ Yoast SEO plugin. -->","yoast_head_json":{"title":"TRUUSK Ut\u00f6kad Tr\u00e4dg\u00e5rdsbord I Aluminium 160\/220x90 Cm - V\u00e4derbest\u00e4ndig - Halkfri - Gr\u00e5 - Buff\u00e9bord f\u00f6r Balkong - TRUUSK - Hem, Tr\u00e4dg\u00e5rd &amp; Fritid","robots":{"index":"index","follow":"follow","max-snippet":"max-snippet:-1","max-image-preview":"max-image-preview:large","max-video-preview":"max-video-preview:-1"},"canonical":"https:\/\/truusk.store\/sv\/produkt\/truusk-utokad-tradgardsbord-i-aluminium-160-220x90-cm-vaderbestandig-halkfri-gra-buffebord-for-balkong\/","og_locale":"sv_SE","og_type":"article","og_title":"TRUUSK Ut\u00f6kad Tr\u00e4dg\u00e5rdsbord I Aluminium 160\/220x90 Cm - V\u00e4derbest\u00e4ndig - Halkfri - Gr\u00e5 - Buff\u00e9bord f\u00f6r Balkong - TRUUSK - Hem, Tr\u00e4dg\u00e5rd &amp; Fritid","og_description":"Upplev utomhusm\u00e5ltider p\u00e5 h\u00f6g niv\u00e5 med [BRAND NAME] v\u00e4derbest\u00e4ndiga tr\u00e4dg\u00e5rdsbord, som perfekt kombinerar funktionalitet och stil. Det lilla tr\u00e4dg\u00e5rdsbordet utvidgas...","og_url":"https:\/\/truusk.store\/sv\/produkt\/truusk-utokad-tradgardsbord-i-aluminium-160-220x90-cm-vaderbestandig-halkfri-gra-buffebord-for-balkong\/","og_site_name":"TRUUSK - Hem, Tr\u00e4dg\u00e5rd &amp; Fritid","article_modified_time":"2026-03-12T07:40:14+00:00","og_image":[{"width":2000,"height":2000,"url":"https:\/\/i0.wp.com\/truusk.se\/wp-content\/uploads\/2026\/01\/utokad-tradgardsbord-i-aluminium-160-220x90-cm-vaderbestandig-balkongbord-halkfri-buffebord-gra-1.webp?fit=2000%2C2000&ssl=1","type":"image\/webp"}],"twitter_card":"summary_large_image","twitter_misc":{"Ber\u00e4knad l\u00e4stid":"1 minut"},"schema":{"@context":"https:\/\/schema.org","@graph":[{"@type":"WebPage","@id":"https:\/\/truusk.store\/sv\/produkt\/truusk-utokad-tradgardsbord-i-aluminium-160-220x90-cm-vaderbestandig-halkfri-gra-buffebord-for-balkong\/","url":"https:\/\/truusk.store\/sv\/produkt\/truusk-utokad-tradgardsbord-i-aluminium-160-220x90-cm-vaderbestandig-halkfri-gra-buffebord-for-balkong\/","name":"TRUUSK Ut\u00f6kad Tr\u00e4dg\u00e5rdsbord I Aluminium 160\/220x90 Cm - V\u00e4derbest\u00e4ndig - Halkfri - Gr\u00e5 - Buff\u00e9bord f\u00f6r Balkong - TRUUSK - Hem, Tr\u00e4dg\u00e5rd &amp; Fritid","isPartOf":{"@id":"https:\/\/truusk.store\/sv\/#website"},"primaryImageOfPage":{"@id":"https:\/\/truusk.store\/sv\/produkt\/truusk-utokad-tradgardsbord-i-aluminium-160-220x90-cm-vaderbestandig-halkfri-gra-buffebord-for-balkong\/#primaryimage"},"image":{"@id":"https:\/\/truusk.store\/sv\/produkt\/truusk-utokad-tradgardsbord-i-aluminium-160-220x90-cm-vaderbestandig-halkfri-gra-buffebord-for-balkong\/#primaryimage"},"thumbnailUrl":"https:\/\/i0.wp.com\/truusk.store\/wp-content\/uploads\/2026\/01\/utokad-tradgardsbord-i-aluminium-160-220x90-cm-vaderbestandig-balkongbord-halkfri-buffebord-gra-1.webp?fit=2000%2C2000&ssl=1","datePublished":"2026-01-15T19:47:15+00:00","dateModified":"2026-03-12T07:40:14+00:00","breadcrumb":{"@id":"https:\/\/truusk.store\/sv\/produkt\/truusk-utokad-tradgardsbord-i-aluminium-160-220x90-cm-vaderbestandig-halkfri-gra-buffebord-for-balkong\/#breadcrumb"},"inLanguage":"sv-SE","potentialAction":[{"@type":"ReadAction","target":["https:\/\/truusk.store\/sv\/produkt\/truusk-utokad-tradgardsbord-i-aluminium-160-220x90-cm-vaderbestandig-halkfri-gra-buffebord-for-balkong\/"]}]},{"@type":"ImageObject","inLanguage":"sv-SE","@id":"https:\/\/truusk.store\/sv\/produkt\/truusk-utokad-tradgardsbord-i-aluminium-160-220x90-cm-vaderbestandig-halkfri-gra-buffebord-for-balkong\/#primaryimage","url":"https:\/\/i0.wp.com\/truusk.store\/wp-content\/uploads\/2026\/01\/utokad-tradgardsbord-i-aluminium-160-220x90-cm-vaderbestandig-balkongbord-halkfri-buffebord-gra-1.webp?fit=2000%2C2000&ssl=1","contentUrl":"https:\/\/i0.wp.com\/truusk.store\/wp-content\/uploads\/2026\/01\/utokad-tradgardsbord-i-aluminium-160-220x90-cm-vaderbestandig-balkongbord-halkfri-buffebord-gra-1.webp?fit=2000%2C2000&ssl=1","width":2000,"height":2000},{"@type":"BreadcrumbList","@id":"https:\/\/truusk.store\/sv\/produkt\/truusk-utokad-tradgardsbord-i-aluminium-160-220x90-cm-vaderbestandig-halkfri-gra-buffebord-for-balkong\/#breadcrumb","itemListElement":[{"@type":"ListItem","position":1,"name":"Home","item":"https:\/\/truusk.store\/sv\/"},{"@type":"ListItem","position":2,"name":"Shop","item":"https:\/\/truusk.store\/shop\/"},{"@type":"ListItem","position":3,"name":"TRUUSK Ut\u00f6kad Tr\u00e4dg\u00e5rdsbord I Aluminium 160\/220&#215;90 Cm &#8211; V\u00e4derbest\u00e4ndig &#8211; Halkfri &#8211; Gr\u00e5 &#8211; Buff\u00e9bord f\u00f6r Balkong"}]},{"@type":"WebSite","@id":"https:\/\/truusk.store\/sv\/#website","url":"https:\/\/truusk.store\/sv\/","name":"TRUUSK - Hem, Tr\u00e4dg\u00e5rd & Fritid","description":"","publisher":{"@id":"https:\/\/truusk.store\/sv\/#organization"},"potentialAction":[{"@type":"SearchAction","target":{"@type":"EntryPoint","urlTemplate":"https:\/\/truusk.store\/sv\/?s={search_term_string}"},"query-input":{"@type":"PropertyValueSpecification","valueRequired":true,"valueName":"search_term_string"}}],"inLanguage":"sv-SE"},{"@type":"Organization","@id":"https:\/\/truusk.store\/sv\/#organization","name":"TRUUSK - Hem, Tr\u00e4dg\u00e5rd & Fritid","url":"https:\/\/truusk.store\/sv\/","logo":{"@type":"ImageObject","inLanguage":"sv-SE","@id":"https:\/\/truusk.store\/sv\/#\/schema\/logo\/image\/","url":"https:\/\/i0.wp.com\/truusk.store\/wp-content\/uploads\/2026\/03\/cropped-TRUUSK.png?fit=2032%2C917&ssl=1","contentUrl":"https:\/\/i0.wp.com\/truusk.store\/wp-content\/uploads\/2026\/03\/cropped-TRUUSK.png?fit=2032%2C917&ssl=1","width":2032,"height":917,"caption":"TRUUSK - Hem, Tr\u00e4dg\u00e5rd & Fritid"},"image":{"@id":"https:\/\/truusk.store\/sv\/#\/schema\/logo\/image\/"}}]}},"jetpack_sharing_enabled":true,"_links":{"self":[{"href":"https:\/\/truusk.store\/sv\/wp-json\/wp\/v2\/product\/100103","targetHints":{"allow":["GET"]}}],"collection":[{"href":"https:\/\/truusk.store\/sv\/wp-json\/wp\/v2\/product"}],"about":[{"href":"https:\/\/truusk.store\/sv\/wp-json\/wp\/v2\/types\/product"}],"wp:featuredmedia":[{"embeddable":true,"href":"https:\/\/truusk.store\/sv\/wp-json\/wp\/v2\/media\/100094"}],"wp:attachment":[{"href":"https:\/\/truusk.store\/sv\/wp-json\/wp\/v2\/media?parent=100103"}],"wp:term":[{"taxonomy":"product_brand","embeddable":true,"href":"https:\/\/truusk.store\/sv\/wp-json\/wp\/v2\/product_brand?post=100103"},{"taxonomy":"product_cat","embeddable":true,"href":"https:\/\/truusk.store\/sv\/wp-json\/wp\/v2\/product_cat?post=100103"},{"taxonomy":"product_tag","embeddable":true,"href":"https:\/\/truusk.store\/sv\/wp-json\/wp\/v2\/product_tag?post=100103"}],"curies":[{"name":"wp","href":"https:\/\/api.w.org\/{rel}","templated":true}]}}