{"id":100203,"date":"2026-01-16T20:36:45","date_gmt":"2026-01-16T19:36:45","guid":{"rendered":"https:\/\/truusk.store\/product\/praktisk-grasrulle-grasrulle-grasvalt-tradgardsvalt-flexibel-stal-58l-x-325b-x-113h-cm-rod\/"},"modified":"2026-03-12T09:03:14","modified_gmt":"2026-03-12T08:03:14","slug":"truusk-flexibel-grasrulle-grasvalt-tradgardsvalt-58l-x-325b-x-113h-cm-rod","status":"publish","type":"product","link":"https:\/\/truusk.store\/sv\/produkt\/truusk-flexibel-grasrulle-grasvalt-tradgardsvalt-58l-x-325b-x-113h-cm-rod\/","title":{"rendered":"TRUUSK Flexibel Gr\u00e4srulle &#8211; Gr\u00e4sv\u00e4lt &#8211; Tr\u00e4dg\u00e5rdsv\u00e4lt &#8211; 58L x 32,5B x 113H cm &#8211; R\u00f6d"},"content":{"rendered":"<p>Denna tr\u00e4dg\u00e5rdsvals \u00e4r idealisk f\u00f6r att j\u00e4mna ut gr\u00e4smattor. Tillverkad av h\u00e5llbart, belagt st\u00e5l, motst\u00e5r gr\u00e4svalsen rost \u00e4ven vid l\u00e5ngvarig anv\u00e4ndning. Kan fyllas upp till 38 L, vilket g\u00f6r att vikten p\u00e5 tr\u00e4dg\u00e5rdsvalsen kan \u00f6kas med vatten eller sand till maximalt 62 kg. Det bekv\u00e4ma U-formade handtaget underl\u00e4ttar ocks\u00e5 man\u00f6vreringen.<\/p>\n<p>Beskrivning:<\/p>\n<ul>\n<li> Tr\u00e4dg\u00e5rdsvalsen erbjuder m\u00e5ngsidig rullning i tr\u00e5nga omr\u00e5den och \u00f6ppna ytor<\/li>\n<li> Idealisk f\u00f6r nyskurna gr\u00e4smattor och oj\u00e4mna st\u00e4llen som orsakats av frost eller mullvadar<\/li>\n<li> Bekv\u00e4mt U-format handtag p\u00e5 tr\u00e4dg\u00e5rdsvalsen, som l\u00e4tt kan delas i tv\u00e5 delar f\u00f6r enkel f\u00f6rvaring<\/li>\n<li> Cylinder med rundade kanter p\u00e5 tr\u00e4dg\u00e5rdsvalsen f\u00f6r en smidig, l\u00e4tt rullning<\/li>\n<li> Montering kr\u00e4vs<\/li>\n<\/ul>\n<p>Tekniska data:<\/p>\n<ul>\n<li> F\u00e4rg: R\u00f6d<\/li>\n<li> Material: St\u00e5l, Metall<\/li>\n<li> Totala dimensioner: 58L x 32,5B x 113H cm<\/li>\n<li> Storlek p\u00e5 rullen: \u00d832 x 50L cm<\/li>\n<li> Kapacitet p\u00e5 rullen: 38 liter<\/li>\n<li> Storlek p\u00e5 luckan: 59L x 4,2B cm<\/li>\n<\/ul>\n<p>Ing\u00e5r i leveransen:<\/p>\n<ul>\n<li> 1 x Gr\u00e4svals<\/li>\n<li> 1 x Monteringsanvisning<\/li>\n<\/ul>\n","protected":false},"excerpt":{"rendered":"<p>Denna tr\u00e4dg\u00e5rdsvals \u00e4r idealisk f\u00f6r att j\u00e4mna ut gr\u00e4smattor. Tillverkad av h\u00e5llbart, belagt st\u00e5l, motst\u00e5r gr\u00e4svalsen rost \u00e4ven vid l\u00e5ngvarig&#8230;<\/p>\n","protected":false},"featured_media":100194,"template":"","meta":[],"product_brand":[],"product_cat":[858,1073,443],"product_tag":[],"class_list":{"0":"post-100203","1":"product","2":"type-product","3":"status-publish","4":"has-post-thumbnail","6":"product_cat-tradgard-terrass","7":"product_cat-tradgardsvard","8":"product_cat-vaxthus-tradgardsskotsel","10":"first","11":"instock","12":"sale","13":"taxable","14":"shipping-taxable","15":"purchasable","16":"product-type-simple"},"yoast_head":"<!-- This site is optimized with the Yoast SEO plugin v25.4 - https:\/\/yoast.com\/wordpress\/plugins\/seo\/ -->\n<title>TRUUSK Flexibel Gr\u00e4srulle - Gr\u00e4sv\u00e4lt - Tr\u00e4dg\u00e5rdsv\u00e4lt - 58L x 32,5B x 113H cm - R\u00f6d - TRUUSK - Hem, Tr\u00e4dg\u00e5rd &amp; Fritid<\/title>\n<meta name=\"robots\" content=\"index, follow, max-snippet:-1, max-image-preview:large, max-video-preview:-1\" \/>\n<link rel=\"canonical\" href=\"https:\/\/truusk.store\/sv\/produkt\/truusk-flexibel-grasrulle-grasvalt-tradgardsvalt-58l-x-325b-x-113h-cm-rod\/\" \/>\n<meta property=\"og:locale\" content=\"sv_SE\" \/>\n<meta property=\"og:type\" content=\"article\" \/>\n<meta property=\"og:title\" content=\"TRUUSK Flexibel Gr\u00e4srulle - Gr\u00e4sv\u00e4lt - Tr\u00e4dg\u00e5rdsv\u00e4lt - 58L x 32,5B x 113H cm - R\u00f6d - TRUUSK - Hem, Tr\u00e4dg\u00e5rd &amp; Fritid\" \/>\n<meta property=\"og:description\" content=\"Denna tr\u00e4dg\u00e5rdsvals \u00e4r idealisk f\u00f6r att j\u00e4mna ut gr\u00e4smattor. Tillverkad av h\u00e5llbart, belagt st\u00e5l, motst\u00e5r gr\u00e4svalsen rost \u00e4ven vid l\u00e5ngvarig...\" \/>\n<meta property=\"og:url\" content=\"https:\/\/truusk.store\/sv\/produkt\/truusk-flexibel-grasrulle-grasvalt-tradgardsvalt-58l-x-325b-x-113h-cm-rod\/\" \/>\n<meta property=\"og:site_name\" content=\"TRUUSK - Hem, Tr\u00e4dg\u00e5rd &amp; Fritid\" \/>\n<meta property=\"article:modified_time\" content=\"2026-03-12T08:03:14+00:00\" \/>\n<meta property=\"og:image\" content=\"https:\/\/i0.wp.com\/truusk.se\/wp-content\/uploads\/2026\/01\/praktisk-grasrulle-grasrulle-grasvalt-tradgardsvalt-flexibel-stal-58l-x-325b-x-113h-cm-rod-1.webp?fit=2000%2C2000&ssl=1\" \/>\n\t<meta property=\"og:image:width\" content=\"2000\" \/>\n\t<meta property=\"og:image:height\" content=\"2000\" \/>\n\t<meta property=\"og:image:type\" content=\"image\/webp\" \/>\n<meta name=\"twitter:card\" content=\"summary_large_image\" \/>\n<meta name=\"twitter:label1\" content=\"Ber\u00e4knad l\u00e4stid\" \/>\n\t<meta name=\"twitter:data1\" content=\"1 minut\" \/>\n<!-- \/ Yoast SEO plugin. -->","yoast_head_json":{"title":"TRUUSK Flexibel Gr\u00e4srulle - Gr\u00e4sv\u00e4lt - Tr\u00e4dg\u00e5rdsv\u00e4lt - 58L x 32,5B x 113H cm - R\u00f6d - TRUUSK - Hem, Tr\u00e4dg\u00e5rd &amp; Fritid","robots":{"index":"index","follow":"follow","max-snippet":"max-snippet:-1","max-image-preview":"max-image-preview:large","max-video-preview":"max-video-preview:-1"},"canonical":"https:\/\/truusk.store\/sv\/produkt\/truusk-flexibel-grasrulle-grasvalt-tradgardsvalt-58l-x-325b-x-113h-cm-rod\/","og_locale":"sv_SE","og_type":"article","og_title":"TRUUSK Flexibel Gr\u00e4srulle - Gr\u00e4sv\u00e4lt - Tr\u00e4dg\u00e5rdsv\u00e4lt - 58L x 32,5B x 113H cm - R\u00f6d - TRUUSK - Hem, Tr\u00e4dg\u00e5rd &amp; Fritid","og_description":"Denna tr\u00e4dg\u00e5rdsvals \u00e4r idealisk f\u00f6r att j\u00e4mna ut gr\u00e4smattor. Tillverkad av h\u00e5llbart, belagt st\u00e5l, motst\u00e5r gr\u00e4svalsen rost \u00e4ven vid l\u00e5ngvarig...","og_url":"https:\/\/truusk.store\/sv\/produkt\/truusk-flexibel-grasrulle-grasvalt-tradgardsvalt-58l-x-325b-x-113h-cm-rod\/","og_site_name":"TRUUSK - Hem, Tr\u00e4dg\u00e5rd &amp; Fritid","article_modified_time":"2026-03-12T08:03:14+00:00","og_image":[{"width":2000,"height":2000,"url":"https:\/\/i0.wp.com\/truusk.se\/wp-content\/uploads\/2026\/01\/praktisk-grasrulle-grasrulle-grasvalt-tradgardsvalt-flexibel-stal-58l-x-325b-x-113h-cm-rod-1.webp?fit=2000%2C2000&ssl=1","type":"image\/webp"}],"twitter_card":"summary_large_image","twitter_misc":{"Ber\u00e4knad l\u00e4stid":"1 minut"},"schema":{"@context":"https:\/\/schema.org","@graph":[{"@type":"WebPage","@id":"https:\/\/truusk.store\/sv\/produkt\/truusk-flexibel-grasrulle-grasvalt-tradgardsvalt-58l-x-325b-x-113h-cm-rod\/","url":"https:\/\/truusk.store\/sv\/produkt\/truusk-flexibel-grasrulle-grasvalt-tradgardsvalt-58l-x-325b-x-113h-cm-rod\/","name":"TRUUSK Flexibel Gr\u00e4srulle - Gr\u00e4sv\u00e4lt - Tr\u00e4dg\u00e5rdsv\u00e4lt - 58L x 32,5B x 113H cm - R\u00f6d - TRUUSK - Hem, Tr\u00e4dg\u00e5rd &amp; Fritid","isPartOf":{"@id":"https:\/\/truusk.store\/sv\/#website"},"primaryImageOfPage":{"@id":"https:\/\/truusk.store\/sv\/produkt\/truusk-flexibel-grasrulle-grasvalt-tradgardsvalt-58l-x-325b-x-113h-cm-rod\/#primaryimage"},"image":{"@id":"https:\/\/truusk.store\/sv\/produkt\/truusk-flexibel-grasrulle-grasvalt-tradgardsvalt-58l-x-325b-x-113h-cm-rod\/#primaryimage"},"thumbnailUrl":"https:\/\/i0.wp.com\/truusk.store\/wp-content\/uploads\/2026\/01\/praktisk-grasrulle-grasrulle-grasvalt-tradgardsvalt-flexibel-stal-58l-x-325b-x-113h-cm-rod-1.webp?fit=2000%2C2000&ssl=1","datePublished":"2026-01-16T19:36:45+00:00","dateModified":"2026-03-12T08:03:14+00:00","breadcrumb":{"@id":"https:\/\/truusk.store\/sv\/produkt\/truusk-flexibel-grasrulle-grasvalt-tradgardsvalt-58l-x-325b-x-113h-cm-rod\/#breadcrumb"},"inLanguage":"sv-SE","potentialAction":[{"@type":"ReadAction","target":["https:\/\/truusk.store\/sv\/produkt\/truusk-flexibel-grasrulle-grasvalt-tradgardsvalt-58l-x-325b-x-113h-cm-rod\/"]}]},{"@type":"ImageObject","inLanguage":"sv-SE","@id":"https:\/\/truusk.store\/sv\/produkt\/truusk-flexibel-grasrulle-grasvalt-tradgardsvalt-58l-x-325b-x-113h-cm-rod\/#primaryimage","url":"https:\/\/i0.wp.com\/truusk.store\/wp-content\/uploads\/2026\/01\/praktisk-grasrulle-grasrulle-grasvalt-tradgardsvalt-flexibel-stal-58l-x-325b-x-113h-cm-rod-1.webp?fit=2000%2C2000&ssl=1","contentUrl":"https:\/\/i0.wp.com\/truusk.store\/wp-content\/uploads\/2026\/01\/praktisk-grasrulle-grasrulle-grasvalt-tradgardsvalt-flexibel-stal-58l-x-325b-x-113h-cm-rod-1.webp?fit=2000%2C2000&ssl=1","width":2000,"height":2000},{"@type":"BreadcrumbList","@id":"https:\/\/truusk.store\/sv\/produkt\/truusk-flexibel-grasrulle-grasvalt-tradgardsvalt-58l-x-325b-x-113h-cm-rod\/#breadcrumb","itemListElement":[{"@type":"ListItem","position":1,"name":"Home","item":"https:\/\/truusk.store\/sv\/"},{"@type":"ListItem","position":2,"name":"Shop","item":"https:\/\/truusk.store\/shop\/"},{"@type":"ListItem","position":3,"name":"TRUUSK Flexibel Gr\u00e4srulle &#8211; Gr\u00e4sv\u00e4lt &#8211; Tr\u00e4dg\u00e5rdsv\u00e4lt &#8211; 58L x 32,5B x 113H cm &#8211; R\u00f6d"}]},{"@type":"WebSite","@id":"https:\/\/truusk.store\/sv\/#website","url":"https:\/\/truusk.store\/sv\/","name":"TRUUSK - Hem, Tr\u00e4dg\u00e5rd & Fritid","description":"","publisher":{"@id":"https:\/\/truusk.store\/sv\/#organization"},"potentialAction":[{"@type":"SearchAction","target":{"@type":"EntryPoint","urlTemplate":"https:\/\/truusk.store\/sv\/?s={search_term_string}"},"query-input":{"@type":"PropertyValueSpecification","valueRequired":true,"valueName":"search_term_string"}}],"inLanguage":"sv-SE"},{"@type":"Organization","@id":"https:\/\/truusk.store\/sv\/#organization","name":"TRUUSK - Hem, Tr\u00e4dg\u00e5rd & Fritid","url":"https:\/\/truusk.store\/sv\/","logo":{"@type":"ImageObject","inLanguage":"sv-SE","@id":"https:\/\/truusk.store\/sv\/#\/schema\/logo\/image\/","url":"https:\/\/i0.wp.com\/truusk.store\/wp-content\/uploads\/2026\/03\/cropped-TRUUSK.png?fit=2032%2C917&ssl=1","contentUrl":"https:\/\/i0.wp.com\/truusk.store\/wp-content\/uploads\/2026\/03\/cropped-TRUUSK.png?fit=2032%2C917&ssl=1","width":2032,"height":917,"caption":"TRUUSK - Hem, Tr\u00e4dg\u00e5rd & Fritid"},"image":{"@id":"https:\/\/truusk.store\/sv\/#\/schema\/logo\/image\/"}}]}},"jetpack_sharing_enabled":true,"_links":{"self":[{"href":"https:\/\/truusk.store\/sv\/wp-json\/wp\/v2\/product\/100203","targetHints":{"allow":["GET"]}}],"collection":[{"href":"https:\/\/truusk.store\/sv\/wp-json\/wp\/v2\/product"}],"about":[{"href":"https:\/\/truusk.store\/sv\/wp-json\/wp\/v2\/types\/product"}],"wp:featuredmedia":[{"embeddable":true,"href":"https:\/\/truusk.store\/sv\/wp-json\/wp\/v2\/media\/100194"}],"wp:attachment":[{"href":"https:\/\/truusk.store\/sv\/wp-json\/wp\/v2\/media?parent=100203"}],"wp:term":[{"taxonomy":"product_brand","embeddable":true,"href":"https:\/\/truusk.store\/sv\/wp-json\/wp\/v2\/product_brand?post=100203"},{"taxonomy":"product_cat","embeddable":true,"href":"https:\/\/truusk.store\/sv\/wp-json\/wp\/v2\/product_cat?post=100203"},{"taxonomy":"product_tag","embeddable":true,"href":"https:\/\/truusk.store\/sv\/wp-json\/wp\/v2\/product_tag?post=100203"}],"curies":[{"name":"wp","href":"https:\/\/api.w.org\/{rel}","templated":true}]}}