{"id":100225,"date":"2026-01-16T20:52:51","date_gmt":"2026-01-16T19:52:51","guid":{"rendered":"https:\/\/truusk.store\/product\/hogbadd-tradgardsbadd-i-tra-med-3-planteringszoner-for-gronsaker-orter-blommor-140-x-60-x-40-cm\/"},"modified":"2026-03-12T09:45:38","modified_gmt":"2026-03-12T08:45:38","slug":"truusk-tradgardsbadd-i-tra-med-3-planteringszoner-for-gronsaker-orter-blommor-140-x-60-x-40-cm","status":"publish","type":"product","link":"https:\/\/truusk.store\/sv\/produkt\/truusk-tradgardsbadd-i-tra-med-3-planteringszoner-for-gronsaker-orter-blommor-140-x-60-x-40-cm\/","title":{"rendered":"TRUUSK Tr\u00e4dg\u00e5rdsb\u00e4dd i tr\u00e4 med 3 planteringszoner &#8211; F\u00f6r gr\u00f6nsaker, \u00f6rter, blommor &#8211; 140 x 60 x 40 cm"},"content":{"rendered":"<p>V\u00e5rt h\u00f6ga s\u00e4ng f\u00f6r balkongen, tillverkad av fast grantr\u00e4 med en l\u00e5ng, separat planteringszon, st\u00f6djer optimal tillv\u00e4xt av blommor, gr\u00f6nsaker och \u00f6rter. En tygbarri\u00e4r f\u00f6r h\u00f6g s\u00e4ng h\u00e5ller ogr\u00e4s borta, medan den \u00f6ppna botten ger idealiska fuktighetsf\u00f6rh\u00e5llanden. Den h\u00f6ga tr\u00e4b\u00e4dden kan l\u00e4mnas naturlig eller m\u00e5las f\u00f6r att matcha din terrass eller veranda. Utveckla dina tr\u00e4dg\u00e5rdskonster med [BRAND NAME] och gl\u00e4d dig \u00e5t hur dina v\u00e4xter frodas.<\/p>\n<p>Beskrivning:<\/p>\n<ul>\n<li> 40 cm djup h\u00f6g s\u00e4ng f\u00f6r tr\u00e4dg\u00e5rden fr\u00e4mjar h\u00e4lsosam rotv\u00e4xt och ger ocks\u00e5 plats f\u00f6r st\u00f6rre v\u00e4xter<\/li>\n<li> Uppdelad i tre odlingszoner, \u00e4r denna bloml\u00e5da l\u00e4mplig f\u00f6r olika v\u00e4xtarter<\/li>\n<li> En tygbarri\u00e4r f\u00f6r h\u00f6g s\u00e4ng f\u00f6r tr\u00e4dg\u00e5rden h\u00e5ller ogr\u00e4s borta<\/li>\n<li> Tillverkad av robust grantr\u00e4<\/li>\n<li> Enkel montering<\/li>\n<\/ul>\n<p> Tekniska data:<\/p>\n<ul>\n<li> F\u00e4rg: Naturtr\u00e4<\/li>\n<li> Material: Grantr\u00e4<\/li>\n<li> Totala dimensioner: 140L x 60B x 40H cm<\/li>\n<li> Inre dimensioner: 137L x 57B x 40H cm<\/li>\n<\/ul>\n<p>Leveransinneh\u00e5ll:<\/p>\n<ul>\n<li> 1 x H\u00f6g s\u00e4ng<\/li>\n<li> 1 x Handbok<\/li>\n<\/ul>\n","protected":false},"excerpt":{"rendered":"<p>V\u00e5rt h\u00f6ga s\u00e4ng f\u00f6r balkongen, tillverkad av fast grantr\u00e4 med en l\u00e5ng, separat planteringszon, st\u00f6djer optimal tillv\u00e4xt av blommor, gr\u00f6nsaker&#8230;<\/p>\n","protected":false},"featured_media":100214,"template":"","meta":[],"product_brand":[],"product_cat":[924,858,443],"product_tag":[],"class_list":{"0":"post-100225","1":"product","2":"type-product","3":"status-publish","4":"has-post-thumbnail","6":"product_cat-plantkarl","7":"product_cat-tradgard-terrass","8":"product_cat-vaxthus-tradgardsskotsel","10":"first","11":"instock","12":"sale","13":"taxable","14":"shipping-taxable","15":"purchasable","16":"product-type-simple"},"yoast_head":"<!-- This site is optimized with the Yoast SEO plugin v25.4 - https:\/\/yoast.com\/wordpress\/plugins\/seo\/ -->\n<title>TRUUSK Tr\u00e4dg\u00e5rdsb\u00e4dd i tr\u00e4 med 3 planteringszoner - F\u00f6r gr\u00f6nsaker, \u00f6rter, blommor - 140 x 60 x 40 cm - TRUUSK - Hem, Tr\u00e4dg\u00e5rd &amp; Fritid<\/title>\n<meta name=\"robots\" content=\"index, follow, max-snippet:-1, max-image-preview:large, max-video-preview:-1\" \/>\n<link rel=\"canonical\" href=\"https:\/\/truusk.store\/sv\/produkt\/truusk-tradgardsbadd-i-tra-med-3-planteringszoner-for-gronsaker-orter-blommor-140-x-60-x-40-cm\/\" \/>\n<meta property=\"og:locale\" content=\"sv_SE\" \/>\n<meta property=\"og:type\" content=\"article\" \/>\n<meta property=\"og:title\" content=\"TRUUSK Tr\u00e4dg\u00e5rdsb\u00e4dd i tr\u00e4 med 3 planteringszoner - F\u00f6r gr\u00f6nsaker, \u00f6rter, blommor - 140 x 60 x 40 cm - TRUUSK - Hem, Tr\u00e4dg\u00e5rd &amp; Fritid\" \/>\n<meta property=\"og:description\" content=\"V\u00e5rt h\u00f6ga s\u00e4ng f\u00f6r balkongen, tillverkad av fast grantr\u00e4 med en l\u00e5ng, separat planteringszon, st\u00f6djer optimal tillv\u00e4xt av blommor, gr\u00f6nsaker...\" \/>\n<meta property=\"og:url\" content=\"https:\/\/truusk.store\/sv\/produkt\/truusk-tradgardsbadd-i-tra-med-3-planteringszoner-for-gronsaker-orter-blommor-140-x-60-x-40-cm\/\" \/>\n<meta property=\"og:site_name\" content=\"TRUUSK - Hem, Tr\u00e4dg\u00e5rd &amp; Fritid\" \/>\n<meta property=\"article:modified_time\" content=\"2026-03-12T08:45:38+00:00\" \/>\n<meta property=\"og:image\" content=\"https:\/\/i0.wp.com\/truusk.se\/wp-content\/uploads\/2026\/01\/hogbadd-tradgardsbadd-i-tra-med-3-planteringszoner-for-gronsaker-orter-blommor-140-x-60-x-40-cm-1.webp?fit=2000%2C2000&ssl=1\" \/>\n\t<meta property=\"og:image:width\" content=\"2000\" \/>\n\t<meta property=\"og:image:height\" content=\"2000\" \/>\n\t<meta property=\"og:image:type\" content=\"image\/webp\" \/>\n<meta name=\"twitter:card\" content=\"summary_large_image\" \/>\n<meta name=\"twitter:label1\" content=\"Ber\u00e4knad l\u00e4stid\" \/>\n\t<meta name=\"twitter:data1\" content=\"1 minut\" \/>\n<!-- \/ Yoast SEO plugin. -->","yoast_head_json":{"title":"TRUUSK Tr\u00e4dg\u00e5rdsb\u00e4dd i tr\u00e4 med 3 planteringszoner - F\u00f6r gr\u00f6nsaker, \u00f6rter, blommor - 140 x 60 x 40 cm - TRUUSK - Hem, Tr\u00e4dg\u00e5rd &amp; Fritid","robots":{"index":"index","follow":"follow","max-snippet":"max-snippet:-1","max-image-preview":"max-image-preview:large","max-video-preview":"max-video-preview:-1"},"canonical":"https:\/\/truusk.store\/sv\/produkt\/truusk-tradgardsbadd-i-tra-med-3-planteringszoner-for-gronsaker-orter-blommor-140-x-60-x-40-cm\/","og_locale":"sv_SE","og_type":"article","og_title":"TRUUSK Tr\u00e4dg\u00e5rdsb\u00e4dd i tr\u00e4 med 3 planteringszoner - F\u00f6r gr\u00f6nsaker, \u00f6rter, blommor - 140 x 60 x 40 cm - TRUUSK - Hem, Tr\u00e4dg\u00e5rd &amp; Fritid","og_description":"V\u00e5rt h\u00f6ga s\u00e4ng f\u00f6r balkongen, tillverkad av fast grantr\u00e4 med en l\u00e5ng, separat planteringszon, st\u00f6djer optimal tillv\u00e4xt av blommor, gr\u00f6nsaker...","og_url":"https:\/\/truusk.store\/sv\/produkt\/truusk-tradgardsbadd-i-tra-med-3-planteringszoner-for-gronsaker-orter-blommor-140-x-60-x-40-cm\/","og_site_name":"TRUUSK - Hem, Tr\u00e4dg\u00e5rd &amp; Fritid","article_modified_time":"2026-03-12T08:45:38+00:00","og_image":[{"width":2000,"height":2000,"url":"https:\/\/i0.wp.com\/truusk.se\/wp-content\/uploads\/2026\/01\/hogbadd-tradgardsbadd-i-tra-med-3-planteringszoner-for-gronsaker-orter-blommor-140-x-60-x-40-cm-1.webp?fit=2000%2C2000&ssl=1","type":"image\/webp"}],"twitter_card":"summary_large_image","twitter_misc":{"Ber\u00e4knad l\u00e4stid":"1 minut"},"schema":{"@context":"https:\/\/schema.org","@graph":[{"@type":"WebPage","@id":"https:\/\/truusk.store\/sv\/produkt\/truusk-tradgardsbadd-i-tra-med-3-planteringszoner-for-gronsaker-orter-blommor-140-x-60-x-40-cm\/","url":"https:\/\/truusk.store\/sv\/produkt\/truusk-tradgardsbadd-i-tra-med-3-planteringszoner-for-gronsaker-orter-blommor-140-x-60-x-40-cm\/","name":"TRUUSK Tr\u00e4dg\u00e5rdsb\u00e4dd i tr\u00e4 med 3 planteringszoner - F\u00f6r gr\u00f6nsaker, \u00f6rter, blommor - 140 x 60 x 40 cm - TRUUSK - Hem, Tr\u00e4dg\u00e5rd &amp; Fritid","isPartOf":{"@id":"https:\/\/truusk.store\/sv\/#website"},"primaryImageOfPage":{"@id":"https:\/\/truusk.store\/sv\/produkt\/truusk-tradgardsbadd-i-tra-med-3-planteringszoner-for-gronsaker-orter-blommor-140-x-60-x-40-cm\/#primaryimage"},"image":{"@id":"https:\/\/truusk.store\/sv\/produkt\/truusk-tradgardsbadd-i-tra-med-3-planteringszoner-for-gronsaker-orter-blommor-140-x-60-x-40-cm\/#primaryimage"},"thumbnailUrl":"https:\/\/i0.wp.com\/truusk.store\/wp-content\/uploads\/2026\/01\/hogbadd-tradgardsbadd-i-tra-med-3-planteringszoner-for-gronsaker-orter-blommor-140-x-60-x-40-cm-1.webp?fit=2000%2C2000&ssl=1","datePublished":"2026-01-16T19:52:51+00:00","dateModified":"2026-03-12T08:45:38+00:00","breadcrumb":{"@id":"https:\/\/truusk.store\/sv\/produkt\/truusk-tradgardsbadd-i-tra-med-3-planteringszoner-for-gronsaker-orter-blommor-140-x-60-x-40-cm\/#breadcrumb"},"inLanguage":"sv-SE","potentialAction":[{"@type":"ReadAction","target":["https:\/\/truusk.store\/sv\/produkt\/truusk-tradgardsbadd-i-tra-med-3-planteringszoner-for-gronsaker-orter-blommor-140-x-60-x-40-cm\/"]}]},{"@type":"ImageObject","inLanguage":"sv-SE","@id":"https:\/\/truusk.store\/sv\/produkt\/truusk-tradgardsbadd-i-tra-med-3-planteringszoner-for-gronsaker-orter-blommor-140-x-60-x-40-cm\/#primaryimage","url":"https:\/\/i0.wp.com\/truusk.store\/wp-content\/uploads\/2026\/01\/hogbadd-tradgardsbadd-i-tra-med-3-planteringszoner-for-gronsaker-orter-blommor-140-x-60-x-40-cm-1.webp?fit=2000%2C2000&ssl=1","contentUrl":"https:\/\/i0.wp.com\/truusk.store\/wp-content\/uploads\/2026\/01\/hogbadd-tradgardsbadd-i-tra-med-3-planteringszoner-for-gronsaker-orter-blommor-140-x-60-x-40-cm-1.webp?fit=2000%2C2000&ssl=1","width":2000,"height":2000},{"@type":"BreadcrumbList","@id":"https:\/\/truusk.store\/sv\/produkt\/truusk-tradgardsbadd-i-tra-med-3-planteringszoner-for-gronsaker-orter-blommor-140-x-60-x-40-cm\/#breadcrumb","itemListElement":[{"@type":"ListItem","position":1,"name":"Home","item":"https:\/\/truusk.store\/sv\/"},{"@type":"ListItem","position":2,"name":"Shop","item":"https:\/\/truusk.store\/shop\/"},{"@type":"ListItem","position":3,"name":"TRUUSK Tr\u00e4dg\u00e5rdsb\u00e4dd i tr\u00e4 med 3 planteringszoner &#8211; F\u00f6r gr\u00f6nsaker, \u00f6rter, blommor &#8211; 140 x 60 x 40 cm"}]},{"@type":"WebSite","@id":"https:\/\/truusk.store\/sv\/#website","url":"https:\/\/truusk.store\/sv\/","name":"TRUUSK - Hem, Tr\u00e4dg\u00e5rd & Fritid","description":"","publisher":{"@id":"https:\/\/truusk.store\/sv\/#organization"},"potentialAction":[{"@type":"SearchAction","target":{"@type":"EntryPoint","urlTemplate":"https:\/\/truusk.store\/sv\/?s={search_term_string}"},"query-input":{"@type":"PropertyValueSpecification","valueRequired":true,"valueName":"search_term_string"}}],"inLanguage":"sv-SE"},{"@type":"Organization","@id":"https:\/\/truusk.store\/sv\/#organization","name":"TRUUSK - Hem, Tr\u00e4dg\u00e5rd & Fritid","url":"https:\/\/truusk.store\/sv\/","logo":{"@type":"ImageObject","inLanguage":"sv-SE","@id":"https:\/\/truusk.store\/sv\/#\/schema\/logo\/image\/","url":"https:\/\/i0.wp.com\/truusk.store\/wp-content\/uploads\/2026\/03\/cropped-TRUUSK.png?fit=2032%2C917&ssl=1","contentUrl":"https:\/\/i0.wp.com\/truusk.store\/wp-content\/uploads\/2026\/03\/cropped-TRUUSK.png?fit=2032%2C917&ssl=1","width":2032,"height":917,"caption":"TRUUSK - Hem, Tr\u00e4dg\u00e5rd & Fritid"},"image":{"@id":"https:\/\/truusk.store\/sv\/#\/schema\/logo\/image\/"}}]}},"jetpack_sharing_enabled":true,"_links":{"self":[{"href":"https:\/\/truusk.store\/sv\/wp-json\/wp\/v2\/product\/100225","targetHints":{"allow":["GET"]}}],"collection":[{"href":"https:\/\/truusk.store\/sv\/wp-json\/wp\/v2\/product"}],"about":[{"href":"https:\/\/truusk.store\/sv\/wp-json\/wp\/v2\/types\/product"}],"wp:featuredmedia":[{"embeddable":true,"href":"https:\/\/truusk.store\/sv\/wp-json\/wp\/v2\/media\/100214"}],"wp:attachment":[{"href":"https:\/\/truusk.store\/sv\/wp-json\/wp\/v2\/media?parent=100225"}],"wp:term":[{"taxonomy":"product_brand","embeddable":true,"href":"https:\/\/truusk.store\/sv\/wp-json\/wp\/v2\/product_brand?post=100225"},{"taxonomy":"product_cat","embeddable":true,"href":"https:\/\/truusk.store\/sv\/wp-json\/wp\/v2\/product_cat?post=100225"},{"taxonomy":"product_tag","embeddable":true,"href":"https:\/\/truusk.store\/sv\/wp-json\/wp\/v2\/product_tag?post=100225"}],"curies":[{"name":"wp","href":"https:\/\/api.w.org\/{rel}","templated":true}]}}