{"id":100243,"date":"2026-01-16T20:56:47","date_gmt":"2026-01-16T19:56:47","guid":{"rendered":"https:\/\/truusk.store\/product\/6-linbanekit-for-barn-50-kg-belastningskapacitet-3-6-ar-barvaska-bla\/"},"modified":"2026-03-12T08:41:14","modified_gmt":"2026-03-12T07:41:14","slug":"truusk-6-linbanekit-for-barn-50-kg-belastningskapacitet-for-3-6-ar-med-barvaska-bla","status":"publish","type":"product","link":"https:\/\/truusk.store\/sv\/produkt\/truusk-6-linbanekit-for-barn-50-kg-belastningskapacitet-for-3-6-ar-med-barvaska-bla\/","title":{"rendered":"TRUUSK 6 Linbanekit F\u00f6r Barn &#8211; 50 Kg Belastningskapacitet &#8211; F\u00f6r 3-6 \u00e5r &#8211; Med B\u00e4rv\u00e4ska &#8211; Bl\u00e5"},"content":{"rendered":"<p>G\u00f6r din tr\u00e4dg\u00e5rd till en \u00e4ventyrslekplats med [BRAND NAME] Barn Ninja Slackline Kit! Detta Ninja Slackline-set med sex sp\u00e4nnande zip-linor, gymnastikringar, kl\u00e4tterst\u00e4nger och repbollar st\u00e4rker barnens muskler och fr\u00e4mjar deras koordination n\u00e4r de flyger genom sin privata tr\u00e4dg\u00e5rdsdjungel.<\/p>\n<p>Beskrivning:<\/p>\n<ul>\n<li> Sex zip-line-kit f\u00f6r olika spelpreferenser<\/li>\n<li> Enkel installation med tr\u00e4dskyddssp\u00e4nnare fr\u00e5n Ninja Slackline-setet f\u00f6r s\u00e4kerhet<\/li>\n<li> Starkt fl\u00e4tat rep b\u00e4r s\u00e4kert upp till 50 kg<\/li>\n<li> Utm\u00e4rkt tillbeh\u00f6r, l\u00e4mpligt f\u00f6r barn fr\u00e5n 3 till 6 \u00e5r<\/li>\n<li> St\u00e4rker b\u00e5lmuskulaturen och tr\u00e4nar viktiga muskelgrupper<\/li>\n<li> En f\u00f6rvaringsv\u00e4ska f\u00f6r att organisera efter anv\u00e4ndning<\/li>\n<\/ul>\n<p> Tekniska specifikationer:<\/p>\n<ul>\n<li> F\u00e4rg: Bl\u00e5<\/li>\n<li> Material: Tr\u00e4, plast, polyester<\/li>\n<li> Repets l\u00e4ngd: 1000L x 5B x 0,18T cm<\/li>\n<li> Metallring: 13,5B x 30L cm<\/li>\n<li> Kl\u00e4tterst\u00e5ng: 30L x 24B cm<\/li>\n<li> Greppboll: \u00d85,5 x 35L cm<\/li>\n<li> H\u00e4ngande bricka: \u00d830 x 43L cm<\/li>\n<li> Gunga: 64L x 14B x 160H cm<\/li>\n<li> Kl\u00e4tterstege: 30B x 180L cm<\/li>\n<li> Kopplingsring: 7,3L x 5,6B cm<\/li>\n<li> Sp\u00e4nnarens storlek: 23,5L x 8,4B x 5H cm+190L x 5B cm<\/li>\n<li> Filtpad: 100L x 11B cm<\/li>\n<li> Sp\u00e4nne: 7L x 4B cm, 10L x 5B cm<\/li>\n<li> F\u00f6rvaringsv\u00e4ska: 47L x 52B cm<\/li>\n<li> Maximal belastning: 50 kg<\/li>\n<li> Godk\u00e4nd \u00e5lder: 3+ \u00e5r<\/li>\n<li> Rekommenderad \u00e5lder: 3-6 \u00e5r<\/li>\n<\/ul>\n<p>Leverans inneh\u00e5ller:<\/p>\n<ul>\n<li> 1 x Zip-line<\/li>\n<li> 2 x Metallringar<\/li>\n<li> 2 x Kl\u00e4tterst\u00e4nger<\/li>\n<li> 2 x Repbollar<\/li>\n<li> 1 x H\u00e4ngande bricka<\/li>\n<li> 1 x Gunga<\/li>\n<li> 1 x Kl\u00e4tterstege<\/li>\n<li> 1 x Handbok<\/li>\n<\/ul>\n","protected":false},"excerpt":{"rendered":"<p>G\u00f6r din tr\u00e4dg\u00e5rd till en \u00e4ventyrslekplats med [BRAND NAME] Barn Ninja Slackline Kit! Detta Ninja Slackline-set med sex sp\u00e4nnande zip-linor,&#8230;<\/p>\n","protected":false},"featured_media":100234,"template":"","meta":[],"product_brand":[],"product_cat":[880,939,616],"product_tag":[],"class_list":{"0":"post-100243","1":"product","2":"type-product","3":"status-publish","4":"has-post-thumbnail","6":"product_cat-baby-barn-2","7":"product_cat-barnsport","8":"product_cat-utomhusleksaker","10":"first","11":"instock","12":"sale","13":"taxable","14":"shipping-taxable","15":"purchasable","16":"product-type-simple"},"yoast_head":"<!-- This site is optimized with the Yoast SEO plugin v25.4 - https:\/\/yoast.com\/wordpress\/plugins\/seo\/ -->\n<title>TRUUSK 6 Linbanekit F\u00f6r Barn - 50 Kg Belastningskapacitet - F\u00f6r 3-6 \u00e5r - Med B\u00e4rv\u00e4ska - Bl\u00e5 - TRUUSK - Hem, Tr\u00e4dg\u00e5rd &amp; Fritid<\/title>\n<meta name=\"robots\" content=\"index, follow, max-snippet:-1, max-image-preview:large, max-video-preview:-1\" \/>\n<link rel=\"canonical\" href=\"https:\/\/truusk.store\/sv\/produkt\/truusk-6-linbanekit-for-barn-50-kg-belastningskapacitet-for-3-6-ar-med-barvaska-bla\/\" \/>\n<meta property=\"og:locale\" content=\"sv_SE\" \/>\n<meta property=\"og:type\" content=\"article\" \/>\n<meta property=\"og:title\" content=\"TRUUSK 6 Linbanekit F\u00f6r Barn - 50 Kg Belastningskapacitet - F\u00f6r 3-6 \u00e5r - Med B\u00e4rv\u00e4ska - Bl\u00e5 - TRUUSK - Hem, Tr\u00e4dg\u00e5rd &amp; Fritid\" \/>\n<meta property=\"og:description\" content=\"G\u00f6r din tr\u00e4dg\u00e5rd till en \u00e4ventyrslekplats med [BRAND NAME] Barn Ninja Slackline Kit! Detta Ninja Slackline-set med sex sp\u00e4nnande zip-linor,...\" \/>\n<meta property=\"og:url\" content=\"https:\/\/truusk.store\/sv\/produkt\/truusk-6-linbanekit-for-barn-50-kg-belastningskapacitet-for-3-6-ar-med-barvaska-bla\/\" \/>\n<meta property=\"og:site_name\" content=\"TRUUSK - Hem, Tr\u00e4dg\u00e5rd &amp; Fritid\" \/>\n<meta property=\"article:modified_time\" content=\"2026-03-12T07:41:14+00:00\" \/>\n<meta property=\"og:image\" content=\"https:\/\/i0.wp.com\/truusk.se\/wp-content\/uploads\/2026\/01\/6-linbanekit-for-barn-50-kg-belastningskapacitet-3-6-ar-barvaska-bla-1.webp?fit=2000%2C2000&ssl=1\" \/>\n\t<meta property=\"og:image:width\" content=\"2000\" \/>\n\t<meta property=\"og:image:height\" content=\"2000\" \/>\n\t<meta property=\"og:image:type\" content=\"image\/webp\" \/>\n<meta name=\"twitter:card\" content=\"summary_large_image\" \/>\n<meta name=\"twitter:label1\" content=\"Ber\u00e4knad l\u00e4stid\" \/>\n\t<meta name=\"twitter:data1\" content=\"1 minut\" \/>\n<!-- \/ Yoast SEO plugin. -->","yoast_head_json":{"title":"TRUUSK 6 Linbanekit F\u00f6r Barn - 50 Kg Belastningskapacitet - F\u00f6r 3-6 \u00e5r - Med B\u00e4rv\u00e4ska - Bl\u00e5 - TRUUSK - Hem, Tr\u00e4dg\u00e5rd &amp; Fritid","robots":{"index":"index","follow":"follow","max-snippet":"max-snippet:-1","max-image-preview":"max-image-preview:large","max-video-preview":"max-video-preview:-1"},"canonical":"https:\/\/truusk.store\/sv\/produkt\/truusk-6-linbanekit-for-barn-50-kg-belastningskapacitet-for-3-6-ar-med-barvaska-bla\/","og_locale":"sv_SE","og_type":"article","og_title":"TRUUSK 6 Linbanekit F\u00f6r Barn - 50 Kg Belastningskapacitet - F\u00f6r 3-6 \u00e5r - Med B\u00e4rv\u00e4ska - Bl\u00e5 - TRUUSK - Hem, Tr\u00e4dg\u00e5rd &amp; Fritid","og_description":"G\u00f6r din tr\u00e4dg\u00e5rd till en \u00e4ventyrslekplats med [BRAND NAME] Barn Ninja Slackline Kit! Detta Ninja Slackline-set med sex sp\u00e4nnande zip-linor,...","og_url":"https:\/\/truusk.store\/sv\/produkt\/truusk-6-linbanekit-for-barn-50-kg-belastningskapacitet-for-3-6-ar-med-barvaska-bla\/","og_site_name":"TRUUSK - Hem, Tr\u00e4dg\u00e5rd &amp; Fritid","article_modified_time":"2026-03-12T07:41:14+00:00","og_image":[{"width":2000,"height":2000,"url":"https:\/\/i0.wp.com\/truusk.se\/wp-content\/uploads\/2026\/01\/6-linbanekit-for-barn-50-kg-belastningskapacitet-3-6-ar-barvaska-bla-1.webp?fit=2000%2C2000&ssl=1","type":"image\/webp"}],"twitter_card":"summary_large_image","twitter_misc":{"Ber\u00e4knad l\u00e4stid":"1 minut"},"schema":{"@context":"https:\/\/schema.org","@graph":[{"@type":"WebPage","@id":"https:\/\/truusk.store\/sv\/produkt\/truusk-6-linbanekit-for-barn-50-kg-belastningskapacitet-for-3-6-ar-med-barvaska-bla\/","url":"https:\/\/truusk.store\/sv\/produkt\/truusk-6-linbanekit-for-barn-50-kg-belastningskapacitet-for-3-6-ar-med-barvaska-bla\/","name":"TRUUSK 6 Linbanekit F\u00f6r Barn - 50 Kg Belastningskapacitet - F\u00f6r 3-6 \u00e5r - Med B\u00e4rv\u00e4ska - Bl\u00e5 - TRUUSK - Hem, Tr\u00e4dg\u00e5rd &amp; Fritid","isPartOf":{"@id":"https:\/\/truusk.store\/sv\/#website"},"primaryImageOfPage":{"@id":"https:\/\/truusk.store\/sv\/produkt\/truusk-6-linbanekit-for-barn-50-kg-belastningskapacitet-for-3-6-ar-med-barvaska-bla\/#primaryimage"},"image":{"@id":"https:\/\/truusk.store\/sv\/produkt\/truusk-6-linbanekit-for-barn-50-kg-belastningskapacitet-for-3-6-ar-med-barvaska-bla\/#primaryimage"},"thumbnailUrl":"https:\/\/i0.wp.com\/truusk.store\/wp-content\/uploads\/2026\/01\/6-linbanekit-for-barn-50-kg-belastningskapacitet-3-6-ar-barvaska-bla-1.webp?fit=2000%2C2000&ssl=1","datePublished":"2026-01-16T19:56:47+00:00","dateModified":"2026-03-12T07:41:14+00:00","breadcrumb":{"@id":"https:\/\/truusk.store\/sv\/produkt\/truusk-6-linbanekit-for-barn-50-kg-belastningskapacitet-for-3-6-ar-med-barvaska-bla\/#breadcrumb"},"inLanguage":"sv-SE","potentialAction":[{"@type":"ReadAction","target":["https:\/\/truusk.store\/sv\/produkt\/truusk-6-linbanekit-for-barn-50-kg-belastningskapacitet-for-3-6-ar-med-barvaska-bla\/"]}]},{"@type":"ImageObject","inLanguage":"sv-SE","@id":"https:\/\/truusk.store\/sv\/produkt\/truusk-6-linbanekit-for-barn-50-kg-belastningskapacitet-for-3-6-ar-med-barvaska-bla\/#primaryimage","url":"https:\/\/i0.wp.com\/truusk.store\/wp-content\/uploads\/2026\/01\/6-linbanekit-for-barn-50-kg-belastningskapacitet-3-6-ar-barvaska-bla-1.webp?fit=2000%2C2000&ssl=1","contentUrl":"https:\/\/i0.wp.com\/truusk.store\/wp-content\/uploads\/2026\/01\/6-linbanekit-for-barn-50-kg-belastningskapacitet-3-6-ar-barvaska-bla-1.webp?fit=2000%2C2000&ssl=1","width":2000,"height":2000},{"@type":"BreadcrumbList","@id":"https:\/\/truusk.store\/sv\/produkt\/truusk-6-linbanekit-for-barn-50-kg-belastningskapacitet-for-3-6-ar-med-barvaska-bla\/#breadcrumb","itemListElement":[{"@type":"ListItem","position":1,"name":"Home","item":"https:\/\/truusk.store\/sv\/"},{"@type":"ListItem","position":2,"name":"Shop","item":"https:\/\/truusk.store\/shop\/"},{"@type":"ListItem","position":3,"name":"TRUUSK 6 Linbanekit F\u00f6r Barn &#8211; 50 Kg Belastningskapacitet &#8211; F\u00f6r 3-6 \u00e5r &#8211; Med B\u00e4rv\u00e4ska &#8211; Bl\u00e5"}]},{"@type":"WebSite","@id":"https:\/\/truusk.store\/sv\/#website","url":"https:\/\/truusk.store\/sv\/","name":"TRUUSK - Hem, Tr\u00e4dg\u00e5rd & Fritid","description":"","publisher":{"@id":"https:\/\/truusk.store\/sv\/#organization"},"potentialAction":[{"@type":"SearchAction","target":{"@type":"EntryPoint","urlTemplate":"https:\/\/truusk.store\/sv\/?s={search_term_string}"},"query-input":{"@type":"PropertyValueSpecification","valueRequired":true,"valueName":"search_term_string"}}],"inLanguage":"sv-SE"},{"@type":"Organization","@id":"https:\/\/truusk.store\/sv\/#organization","name":"TRUUSK - Hem, Tr\u00e4dg\u00e5rd & Fritid","url":"https:\/\/truusk.store\/sv\/","logo":{"@type":"ImageObject","inLanguage":"sv-SE","@id":"https:\/\/truusk.store\/sv\/#\/schema\/logo\/image\/","url":"https:\/\/i0.wp.com\/truusk.store\/wp-content\/uploads\/2026\/03\/cropped-TRUUSK.png?fit=2032%2C917&ssl=1","contentUrl":"https:\/\/i0.wp.com\/truusk.store\/wp-content\/uploads\/2026\/03\/cropped-TRUUSK.png?fit=2032%2C917&ssl=1","width":2032,"height":917,"caption":"TRUUSK - Hem, Tr\u00e4dg\u00e5rd & Fritid"},"image":{"@id":"https:\/\/truusk.store\/sv\/#\/schema\/logo\/image\/"}}]}},"jetpack_sharing_enabled":true,"_links":{"self":[{"href":"https:\/\/truusk.store\/sv\/wp-json\/wp\/v2\/product\/100243","targetHints":{"allow":["GET"]}}],"collection":[{"href":"https:\/\/truusk.store\/sv\/wp-json\/wp\/v2\/product"}],"about":[{"href":"https:\/\/truusk.store\/sv\/wp-json\/wp\/v2\/types\/product"}],"wp:featuredmedia":[{"embeddable":true,"href":"https:\/\/truusk.store\/sv\/wp-json\/wp\/v2\/media\/100234"}],"wp:attachment":[{"href":"https:\/\/truusk.store\/sv\/wp-json\/wp\/v2\/media?parent=100243"}],"wp:term":[{"taxonomy":"product_brand","embeddable":true,"href":"https:\/\/truusk.store\/sv\/wp-json\/wp\/v2\/product_brand?post=100243"},{"taxonomy":"product_cat","embeddable":true,"href":"https:\/\/truusk.store\/sv\/wp-json\/wp\/v2\/product_cat?post=100243"},{"taxonomy":"product_tag","embeddable":true,"href":"https:\/\/truusk.store\/sv\/wp-json\/wp\/v2\/product_tag?post=100243"}],"curies":[{"name":"wp","href":"https:\/\/api.w.org\/{rel}","templated":true}]}}