{"id":100253,"date":"2026-01-20T20:03:02","date_gmt":"2026-01-20T19:03:02","guid":{"rendered":"https:\/\/truusk.store\/product\/parasoll-med-fransar-lutande-med-handvev-stal-polyester-khaki-o264-x-240-cm\/"},"modified":"2026-03-12T09:19:14","modified_gmt":"2026-03-12T08:19:14","slug":"truusk-parasoll-med-fransar-lutande-design-handvev-stal-polyester-khaki-o264-x-240-cm","status":"publish","type":"product","link":"https:\/\/truusk.store\/sv\/produkt\/truusk-parasoll-med-fransar-lutande-design-handvev-stal-polyester-khaki-o264-x-240-cm\/","title":{"rendered":"TRUUSK Parasoll med Fransar &#8211; Lutande Design &#8211; Handvev &#8211; St\u00e5l + Polyester &#8211; Khaki &#8211; \u00d8264 x 240 cm"},"content":{"rendered":"<p>F\u00f6rvandla din terrass till en fr\u00e4sch, skuggig oas f\u00f6r att koppla av fr\u00e5n vardagens stress och njuta av en uppfriskande dryck. Denna stora, dekorativa parasoll fr\u00e5n [BRAND NAME] ger dig gott om skugga f\u00f6r att skapa en sval tillflyktsort precis utanf\u00f6r din d\u00f6rr. \u00d6ppna parasollet bekv\u00e4mt med hj\u00e4lp av handveven och justera lutningen med ett enkelt handgrepp. Den robusta duken, st\u00e5lst\u00e5ngen och de 8 fasta ribborna garanterar kompromissl\u00f6s stabilitet.<\/p>\n<p>Beskrivning:<\/p>\n<ul>\n<li> Terrassparasoll som ger skugga och skyddar dig fr\u00e5n solen<\/li>\n<li> Dekorativ kant med fransar<\/li>\n<li> Kan lutas 45 grader f\u00f6r att skydda mot den nedg\u00e5ende solen<\/li>\n<li> Tillverkad av 180 g\/m\u00b2 polyestertyg och st\u00e5lstomme<\/li>\n<li> Praktisk vindk\u00e5pa med \u00e5tta ribbor som ger parasollet stabilitet mot vinden<\/li>\n<li> Vev f\u00f6r snabb \u00f6ppning och st\u00e4ngning<\/li>\n<li> S\u00e4kra handveven vid behov med en sp\u00e4rr<\/li>\n<li> Tv\u00e5delad parasollst\u00e5ng f\u00f6r enkel transport<\/li>\n<li> Enkel montering kr\u00e4vs<\/li>\n<\/ul>\n<p> Tekniska data:<\/p>\n<ul>\n<li> F\u00e4rg: Khaki, naturtr\u00e4f\u00e4rg<\/li>\n<li> Material: Polyester, St\u00e5l<\/li>\n<li> Totala m\u00e5tt: \u00d8264 x 240H cm<\/li>\n<li> St\u00e5ngdiameter: \u00d838 mm<\/li>\n<li> H\u00f6jd fr\u00e5n marken till parasolkanten: 173 cm<\/li>\n<li> Fransl\u00e4ngd: 18 cm<\/li>\n<li> OBS 1: Parasollet kr\u00e4ver en 15 kg tung bas om det st\u00e5r ensamt. Anv\u00e4ndbara [BRAND NAME]-baser: 84D-068, 840-117, v\u00e4nligen kontakta kundtj\u00e4nst om du beh\u00f6ver en<\/li>\n<li> OBS 2: Anv\u00e4nd inte parasollet vid extremt v\u00e4der (stark vind eller nederb\u00f6rd)<\/li>\n<\/ul>\n<p>Leveransinneh\u00e5ll:<\/p>\n<ul>\n<li> 1 x Parasoll<\/li>\n<li> 1 x Instruktioner<\/li>\n<\/ul>\n","protected":false},"excerpt":{"rendered":"<p>F\u00f6rvandla din terrass till en fr\u00e4sch, skuggig oas f\u00f6r att koppla av fr\u00e5n vardagens stress och njuta av en uppfriskande&#8230;<\/p>\n","protected":false},"featured_media":100244,"template":"","meta":[],"product_brand":[],"product_cat":[472,862,858],"product_tag":[],"class_list":{"0":"post-100253","1":"product","2":"type-product","3":"status-publish","4":"has-post-thumbnail","6":"product_cat-parasoller","7":"product_cat-sol-insynsskydd","8":"product_cat-tradgard-terrass","10":"first","11":"instock","12":"sale","13":"taxable","14":"shipping-taxable","15":"purchasable","16":"product-type-simple"},"yoast_head":"<!-- This site is optimized with the Yoast SEO plugin v25.4 - https:\/\/yoast.com\/wordpress\/plugins\/seo\/ -->\n<title>TRUUSK Parasoll med Fransar - Lutande Design - Handvev - St\u00e5l + Polyester - Khaki - \u00d8264 x 240 cm - TRUUSK - Hem, Tr\u00e4dg\u00e5rd &amp; Fritid<\/title>\n<meta name=\"robots\" content=\"index, follow, max-snippet:-1, max-image-preview:large, max-video-preview:-1\" \/>\n<link rel=\"canonical\" href=\"https:\/\/truusk.store\/sv\/produkt\/truusk-parasoll-med-fransar-lutande-design-handvev-stal-polyester-khaki-o264-x-240-cm\/\" \/>\n<meta property=\"og:locale\" content=\"sv_SE\" \/>\n<meta property=\"og:type\" content=\"article\" \/>\n<meta property=\"og:title\" content=\"TRUUSK Parasoll med Fransar - Lutande Design - Handvev - St\u00e5l + Polyester - Khaki - \u00d8264 x 240 cm - TRUUSK - Hem, Tr\u00e4dg\u00e5rd &amp; Fritid\" \/>\n<meta property=\"og:description\" content=\"F\u00f6rvandla din terrass till en fr\u00e4sch, skuggig oas f\u00f6r att koppla av fr\u00e5n vardagens stress och njuta av en uppfriskande...\" \/>\n<meta property=\"og:url\" content=\"https:\/\/truusk.store\/sv\/produkt\/truusk-parasoll-med-fransar-lutande-design-handvev-stal-polyester-khaki-o264-x-240-cm\/\" \/>\n<meta property=\"og:site_name\" content=\"TRUUSK - Hem, Tr\u00e4dg\u00e5rd &amp; Fritid\" \/>\n<meta property=\"article:modified_time\" content=\"2026-03-12T08:19:14+00:00\" \/>\n<meta property=\"og:image\" content=\"https:\/\/i0.wp.com\/truusk.se\/wp-content\/uploads\/2026\/01\/parasoll-med-fransar-lutande-med-handvev-stal-polyester-khaki-o264-x-240-cm-1.webp?fit=2000%2C2000&ssl=1\" \/>\n\t<meta property=\"og:image:width\" content=\"2000\" \/>\n\t<meta property=\"og:image:height\" content=\"2000\" \/>\n\t<meta property=\"og:image:type\" content=\"image\/webp\" \/>\n<meta name=\"twitter:card\" content=\"summary_large_image\" \/>\n<meta name=\"twitter:label1\" content=\"Ber\u00e4knad l\u00e4stid\" \/>\n\t<meta name=\"twitter:data1\" content=\"1 minut\" \/>\n<!-- \/ Yoast SEO plugin. -->","yoast_head_json":{"title":"TRUUSK Parasoll med Fransar - Lutande Design - Handvev - St\u00e5l + Polyester - Khaki - \u00d8264 x 240 cm - TRUUSK - Hem, Tr\u00e4dg\u00e5rd &amp; Fritid","robots":{"index":"index","follow":"follow","max-snippet":"max-snippet:-1","max-image-preview":"max-image-preview:large","max-video-preview":"max-video-preview:-1"},"canonical":"https:\/\/truusk.store\/sv\/produkt\/truusk-parasoll-med-fransar-lutande-design-handvev-stal-polyester-khaki-o264-x-240-cm\/","og_locale":"sv_SE","og_type":"article","og_title":"TRUUSK Parasoll med Fransar - Lutande Design - Handvev - St\u00e5l + Polyester - Khaki - \u00d8264 x 240 cm - TRUUSK - Hem, Tr\u00e4dg\u00e5rd &amp; Fritid","og_description":"F\u00f6rvandla din terrass till en fr\u00e4sch, skuggig oas f\u00f6r att koppla av fr\u00e5n vardagens stress och njuta av en uppfriskande...","og_url":"https:\/\/truusk.store\/sv\/produkt\/truusk-parasoll-med-fransar-lutande-design-handvev-stal-polyester-khaki-o264-x-240-cm\/","og_site_name":"TRUUSK - Hem, Tr\u00e4dg\u00e5rd &amp; Fritid","article_modified_time":"2026-03-12T08:19:14+00:00","og_image":[{"width":2000,"height":2000,"url":"https:\/\/i0.wp.com\/truusk.se\/wp-content\/uploads\/2026\/01\/parasoll-med-fransar-lutande-med-handvev-stal-polyester-khaki-o264-x-240-cm-1.webp?fit=2000%2C2000&ssl=1","type":"image\/webp"}],"twitter_card":"summary_large_image","twitter_misc":{"Ber\u00e4knad l\u00e4stid":"1 minut"},"schema":{"@context":"https:\/\/schema.org","@graph":[{"@type":"WebPage","@id":"https:\/\/truusk.store\/sv\/produkt\/truusk-parasoll-med-fransar-lutande-design-handvev-stal-polyester-khaki-o264-x-240-cm\/","url":"https:\/\/truusk.store\/sv\/produkt\/truusk-parasoll-med-fransar-lutande-design-handvev-stal-polyester-khaki-o264-x-240-cm\/","name":"TRUUSK Parasoll med Fransar - Lutande Design - Handvev - St\u00e5l + Polyester - Khaki - \u00d8264 x 240 cm - TRUUSK - Hem, Tr\u00e4dg\u00e5rd &amp; Fritid","isPartOf":{"@id":"https:\/\/truusk.store\/sv\/#website"},"primaryImageOfPage":{"@id":"https:\/\/truusk.store\/sv\/produkt\/truusk-parasoll-med-fransar-lutande-design-handvev-stal-polyester-khaki-o264-x-240-cm\/#primaryimage"},"image":{"@id":"https:\/\/truusk.store\/sv\/produkt\/truusk-parasoll-med-fransar-lutande-design-handvev-stal-polyester-khaki-o264-x-240-cm\/#primaryimage"},"thumbnailUrl":"https:\/\/i0.wp.com\/truusk.store\/wp-content\/uploads\/2026\/01\/parasoll-med-fransar-lutande-med-handvev-stal-polyester-khaki-o264-x-240-cm-1.webp?fit=2000%2C2000&ssl=1","datePublished":"2026-01-20T19:03:02+00:00","dateModified":"2026-03-12T08:19:14+00:00","breadcrumb":{"@id":"https:\/\/truusk.store\/sv\/produkt\/truusk-parasoll-med-fransar-lutande-design-handvev-stal-polyester-khaki-o264-x-240-cm\/#breadcrumb"},"inLanguage":"sv-SE","potentialAction":[{"@type":"ReadAction","target":["https:\/\/truusk.store\/sv\/produkt\/truusk-parasoll-med-fransar-lutande-design-handvev-stal-polyester-khaki-o264-x-240-cm\/"]}]},{"@type":"ImageObject","inLanguage":"sv-SE","@id":"https:\/\/truusk.store\/sv\/produkt\/truusk-parasoll-med-fransar-lutande-design-handvev-stal-polyester-khaki-o264-x-240-cm\/#primaryimage","url":"https:\/\/i0.wp.com\/truusk.store\/wp-content\/uploads\/2026\/01\/parasoll-med-fransar-lutande-med-handvev-stal-polyester-khaki-o264-x-240-cm-1.webp?fit=2000%2C2000&ssl=1","contentUrl":"https:\/\/i0.wp.com\/truusk.store\/wp-content\/uploads\/2026\/01\/parasoll-med-fransar-lutande-med-handvev-stal-polyester-khaki-o264-x-240-cm-1.webp?fit=2000%2C2000&ssl=1","width":2000,"height":2000},{"@type":"BreadcrumbList","@id":"https:\/\/truusk.store\/sv\/produkt\/truusk-parasoll-med-fransar-lutande-design-handvev-stal-polyester-khaki-o264-x-240-cm\/#breadcrumb","itemListElement":[{"@type":"ListItem","position":1,"name":"Home","item":"https:\/\/truusk.store\/sv\/"},{"@type":"ListItem","position":2,"name":"Shop","item":"https:\/\/truusk.store\/shop\/"},{"@type":"ListItem","position":3,"name":"TRUUSK Parasoll med Fransar &#8211; Lutande Design &#8211; Handvev &#8211; St\u00e5l + Polyester &#8211; Khaki &#8211; \u00d8264 x 240 cm"}]},{"@type":"WebSite","@id":"https:\/\/truusk.store\/sv\/#website","url":"https:\/\/truusk.store\/sv\/","name":"TRUUSK - Hem, Tr\u00e4dg\u00e5rd & Fritid","description":"","publisher":{"@id":"https:\/\/truusk.store\/sv\/#organization"},"potentialAction":[{"@type":"SearchAction","target":{"@type":"EntryPoint","urlTemplate":"https:\/\/truusk.store\/sv\/?s={search_term_string}"},"query-input":{"@type":"PropertyValueSpecification","valueRequired":true,"valueName":"search_term_string"}}],"inLanguage":"sv-SE"},{"@type":"Organization","@id":"https:\/\/truusk.store\/sv\/#organization","name":"TRUUSK - Hem, Tr\u00e4dg\u00e5rd & Fritid","url":"https:\/\/truusk.store\/sv\/","logo":{"@type":"ImageObject","inLanguage":"sv-SE","@id":"https:\/\/truusk.store\/sv\/#\/schema\/logo\/image\/","url":"https:\/\/i0.wp.com\/truusk.store\/wp-content\/uploads\/2026\/03\/cropped-TRUUSK.png?fit=2032%2C917&ssl=1","contentUrl":"https:\/\/i0.wp.com\/truusk.store\/wp-content\/uploads\/2026\/03\/cropped-TRUUSK.png?fit=2032%2C917&ssl=1","width":2032,"height":917,"caption":"TRUUSK - Hem, Tr\u00e4dg\u00e5rd & Fritid"},"image":{"@id":"https:\/\/truusk.store\/sv\/#\/schema\/logo\/image\/"}}]}},"jetpack_sharing_enabled":true,"_links":{"self":[{"href":"https:\/\/truusk.store\/sv\/wp-json\/wp\/v2\/product\/100253","targetHints":{"allow":["GET"]}}],"collection":[{"href":"https:\/\/truusk.store\/sv\/wp-json\/wp\/v2\/product"}],"about":[{"href":"https:\/\/truusk.store\/sv\/wp-json\/wp\/v2\/types\/product"}],"wp:featuredmedia":[{"embeddable":true,"href":"https:\/\/truusk.store\/sv\/wp-json\/wp\/v2\/media\/100244"}],"wp:attachment":[{"href":"https:\/\/truusk.store\/sv\/wp-json\/wp\/v2\/media?parent=100253"}],"wp:term":[{"taxonomy":"product_brand","embeddable":true,"href":"https:\/\/truusk.store\/sv\/wp-json\/wp\/v2\/product_brand?post=100253"},{"taxonomy":"product_cat","embeddable":true,"href":"https:\/\/truusk.store\/sv\/wp-json\/wp\/v2\/product_cat?post=100253"},{"taxonomy":"product_tag","embeddable":true,"href":"https:\/\/truusk.store\/sv\/wp-json\/wp\/v2\/product_tag?post=100253"}],"curies":[{"name":"wp","href":"https:\/\/api.w.org\/{rel}","templated":true}]}}