{"id":100274,"date":"2026-01-20T20:07:52","date_gmt":"2026-01-20T19:07:52","guid":{"rendered":"https:\/\/truusk.store\/product\/fagelbad-fagelbad-med-staty-blommonster-2-bassanger-plast-antik-look-50b-x-72h-cm-bronsfargad\/"},"modified":"2026-03-12T09:33:20","modified_gmt":"2026-03-12T08:33:20","slug":"truusk-fagelbad-med-staty-blommonster-2-bassanger-antik-look-50b-x-72h-cm-bronsfargad","status":"publish","type":"product","link":"https:\/\/truusk.store\/sv\/produkt\/truusk-fagelbad-med-staty-blommonster-2-bassanger-antik-look-50b-x-72h-cm-bronsfargad\/","title":{"rendered":"TRUUSK F\u00e5gelbad med Staty &#8211; Blomm\u00f6nster &#8211; 2 Bass\u00e4nger &#8211; Antik Look &#8211; 50B x 72H cm &#8211; Bronsf\u00e4rgad"},"content":{"rendered":"<p>V\u00e5rt f\u00e5gelbad med klassisk design och praktisk konstruktion f\u00f6rvandlar din tr\u00e4dg\u00e5rd till en samlingsplats f\u00f6r olika f\u00e5gelarter \u00e5ret runt. Denna vinterfasta f\u00e5gelbad erbjuder tv\u00e5 bass\u00e4nger f\u00f6r mat och vatten. Dekorerad med ett blomm\u00f6nster och en f\u00e5gelstaty p\u00e5 toppen, ger detta f\u00e5gelbad f\u00f6r tr\u00e4dg\u00e5rden en elegant touch till ditt utomhusomr\u00e5de med sin v\u00e4derbest\u00e4ndiga, frostskyddade struktur och antik metall-look.<\/p>\n<p>Beskrivning:<\/p>\n<ul>\n<li> Detta tv\u00e5-bass\u00e4ngers f\u00e5gelbad kan ocks\u00e5 anv\u00e4ndas som en f\u00e5gelfoderautomat<\/li>\n<li> Bass\u00e4ng med blomm\u00f6nster och en f\u00e5gelstaty<\/li>\n<li> Plastkonstruktion av f\u00e5gelbadet med handm\u00e5lad yta f\u00f6r v\u00e4derbest\u00e4ndighet, samt antik utseende<\/li>\n<li> Tre markspett f\u00f6r f\u00e5gelbadet f\u00f6r att \u00f6ka stabiliteten<\/li>\n<li> Vi rekommenderar att fylla det nedre bass\u00e4nget med stenar f\u00f6r att s\u00e4kerst\u00e4lla st\u00f6rre stabilitet f\u00f6r f\u00e5gelbadet<\/li>\n<li> Enkel montering<\/li>\n<\/ul>\n<p> Tekniska data:<\/p>\n<ul>\n<li> F\u00e4rg: Brons<\/li>\n<li> Material: Plast<\/li>\n<li> Totala dimensioner: \u00d850 x 72H cm<\/li>\n<li> \u00d6vre bass\u00e4ngm\u00e5tt: \u00d850 x 8,5H cm<\/li>\n<li> Nedre bass\u00e4ngm\u00e5tt: \u00d837 x 6H cm<\/li>\n<\/ul>\n<p>Leveransinneh\u00e5ll:<\/p>\n<ul>\n<li> 1 x F\u00e5gelbad<\/li>\n<li> 3 x Markspett<\/li>\n<li> 1 x Handbok<\/li>\n<\/ul>\n","protected":false},"excerpt":{"rendered":"<p>V\u00e5rt f\u00e5gelbad med klassisk design och praktisk konstruktion f\u00f6rvandlar din tr\u00e4dg\u00e5rd till en samlingsplats f\u00f6r olika f\u00e5gelarter \u00e5ret runt. Denna&#8230;<\/p>\n","protected":false},"featured_media":100264,"template":"","meta":[],"product_brand":[],"product_cat":[878,1072,601],"product_tag":[],"class_list":{"0":"post-100274","1":"product","2":"type-product","3":"status-publish","4":"has-post-thumbnail","6":"product_cat-djurbehov","7":"product_cat-fagelhus","8":"product_cat-fageltillbehor","10":"first","11":"instock","12":"sale","13":"taxable","14":"shipping-taxable","15":"purchasable","16":"product-type-simple"},"yoast_head":"<!-- This site is optimized with the Yoast SEO plugin v25.4 - https:\/\/yoast.com\/wordpress\/plugins\/seo\/ -->\n<title>TRUUSK F\u00e5gelbad med Staty - Blomm\u00f6nster - 2 Bass\u00e4nger - Antik Look - 50B x 72H cm - Bronsf\u00e4rgad - TRUUSK - Hem, Tr\u00e4dg\u00e5rd &amp; Fritid<\/title>\n<meta name=\"robots\" content=\"index, follow, max-snippet:-1, max-image-preview:large, max-video-preview:-1\" \/>\n<link rel=\"canonical\" href=\"https:\/\/truusk.store\/sv\/produkt\/truusk-fagelbad-med-staty-blommonster-2-bassanger-antik-look-50b-x-72h-cm-bronsfargad\/\" \/>\n<meta property=\"og:locale\" content=\"sv_SE\" \/>\n<meta property=\"og:type\" content=\"article\" \/>\n<meta property=\"og:title\" content=\"TRUUSK F\u00e5gelbad med Staty - Blomm\u00f6nster - 2 Bass\u00e4nger - Antik Look - 50B x 72H cm - Bronsf\u00e4rgad - TRUUSK - Hem, Tr\u00e4dg\u00e5rd &amp; Fritid\" \/>\n<meta property=\"og:description\" content=\"V\u00e5rt f\u00e5gelbad med klassisk design och praktisk konstruktion f\u00f6rvandlar din tr\u00e4dg\u00e5rd till en samlingsplats f\u00f6r olika f\u00e5gelarter \u00e5ret runt. Denna...\" \/>\n<meta property=\"og:url\" content=\"https:\/\/truusk.store\/sv\/produkt\/truusk-fagelbad-med-staty-blommonster-2-bassanger-antik-look-50b-x-72h-cm-bronsfargad\/\" \/>\n<meta property=\"og:site_name\" content=\"TRUUSK - Hem, Tr\u00e4dg\u00e5rd &amp; Fritid\" \/>\n<meta property=\"article:modified_time\" content=\"2026-03-12T08:33:20+00:00\" \/>\n<meta property=\"og:image\" content=\"https:\/\/i0.wp.com\/truusk.se\/wp-content\/uploads\/2026\/01\/fagelbad-fagelbad-med-staty-blommonster-2-bassanger-plast-antik-look-50b-x-72h-cm-bronsfargad-1.webp?fit=2000%2C2000&ssl=1\" \/>\n\t<meta property=\"og:image:width\" content=\"2000\" \/>\n\t<meta property=\"og:image:height\" content=\"2000\" \/>\n\t<meta property=\"og:image:type\" content=\"image\/webp\" \/>\n<meta name=\"twitter:card\" content=\"summary_large_image\" \/>\n<meta name=\"twitter:label1\" content=\"Ber\u00e4knad l\u00e4stid\" \/>\n\t<meta name=\"twitter:data1\" content=\"1 minut\" \/>\n<!-- \/ Yoast SEO plugin. -->","yoast_head_json":{"title":"TRUUSK F\u00e5gelbad med Staty - Blomm\u00f6nster - 2 Bass\u00e4nger - Antik Look - 50B x 72H cm - Bronsf\u00e4rgad - TRUUSK - Hem, Tr\u00e4dg\u00e5rd &amp; Fritid","robots":{"index":"index","follow":"follow","max-snippet":"max-snippet:-1","max-image-preview":"max-image-preview:large","max-video-preview":"max-video-preview:-1"},"canonical":"https:\/\/truusk.store\/sv\/produkt\/truusk-fagelbad-med-staty-blommonster-2-bassanger-antik-look-50b-x-72h-cm-bronsfargad\/","og_locale":"sv_SE","og_type":"article","og_title":"TRUUSK F\u00e5gelbad med Staty - Blomm\u00f6nster - 2 Bass\u00e4nger - Antik Look - 50B x 72H cm - Bronsf\u00e4rgad - TRUUSK - Hem, Tr\u00e4dg\u00e5rd &amp; Fritid","og_description":"V\u00e5rt f\u00e5gelbad med klassisk design och praktisk konstruktion f\u00f6rvandlar din tr\u00e4dg\u00e5rd till en samlingsplats f\u00f6r olika f\u00e5gelarter \u00e5ret runt. Denna...","og_url":"https:\/\/truusk.store\/sv\/produkt\/truusk-fagelbad-med-staty-blommonster-2-bassanger-antik-look-50b-x-72h-cm-bronsfargad\/","og_site_name":"TRUUSK - Hem, Tr\u00e4dg\u00e5rd &amp; Fritid","article_modified_time":"2026-03-12T08:33:20+00:00","og_image":[{"width":2000,"height":2000,"url":"https:\/\/i0.wp.com\/truusk.se\/wp-content\/uploads\/2026\/01\/fagelbad-fagelbad-med-staty-blommonster-2-bassanger-plast-antik-look-50b-x-72h-cm-bronsfargad-1.webp?fit=2000%2C2000&ssl=1","type":"image\/webp"}],"twitter_card":"summary_large_image","twitter_misc":{"Ber\u00e4knad l\u00e4stid":"1 minut"},"schema":{"@context":"https:\/\/schema.org","@graph":[{"@type":"WebPage","@id":"https:\/\/truusk.store\/sv\/produkt\/truusk-fagelbad-med-staty-blommonster-2-bassanger-antik-look-50b-x-72h-cm-bronsfargad\/","url":"https:\/\/truusk.store\/sv\/produkt\/truusk-fagelbad-med-staty-blommonster-2-bassanger-antik-look-50b-x-72h-cm-bronsfargad\/","name":"TRUUSK F\u00e5gelbad med Staty - Blomm\u00f6nster - 2 Bass\u00e4nger - Antik Look - 50B x 72H cm - Bronsf\u00e4rgad - TRUUSK - Hem, Tr\u00e4dg\u00e5rd &amp; Fritid","isPartOf":{"@id":"https:\/\/truusk.store\/sv\/#website"},"primaryImageOfPage":{"@id":"https:\/\/truusk.store\/sv\/produkt\/truusk-fagelbad-med-staty-blommonster-2-bassanger-antik-look-50b-x-72h-cm-bronsfargad\/#primaryimage"},"image":{"@id":"https:\/\/truusk.store\/sv\/produkt\/truusk-fagelbad-med-staty-blommonster-2-bassanger-antik-look-50b-x-72h-cm-bronsfargad\/#primaryimage"},"thumbnailUrl":"https:\/\/i0.wp.com\/truusk.store\/wp-content\/uploads\/2026\/01\/fagelbad-fagelbad-med-staty-blommonster-2-bassanger-plast-antik-look-50b-x-72h-cm-bronsfargad-1.webp?fit=2000%2C2000&ssl=1","datePublished":"2026-01-20T19:07:52+00:00","dateModified":"2026-03-12T08:33:20+00:00","breadcrumb":{"@id":"https:\/\/truusk.store\/sv\/produkt\/truusk-fagelbad-med-staty-blommonster-2-bassanger-antik-look-50b-x-72h-cm-bronsfargad\/#breadcrumb"},"inLanguage":"sv-SE","potentialAction":[{"@type":"ReadAction","target":["https:\/\/truusk.store\/sv\/produkt\/truusk-fagelbad-med-staty-blommonster-2-bassanger-antik-look-50b-x-72h-cm-bronsfargad\/"]}]},{"@type":"ImageObject","inLanguage":"sv-SE","@id":"https:\/\/truusk.store\/sv\/produkt\/truusk-fagelbad-med-staty-blommonster-2-bassanger-antik-look-50b-x-72h-cm-bronsfargad\/#primaryimage","url":"https:\/\/i0.wp.com\/truusk.store\/wp-content\/uploads\/2026\/01\/fagelbad-fagelbad-med-staty-blommonster-2-bassanger-plast-antik-look-50b-x-72h-cm-bronsfargad-1.webp?fit=2000%2C2000&ssl=1","contentUrl":"https:\/\/i0.wp.com\/truusk.store\/wp-content\/uploads\/2026\/01\/fagelbad-fagelbad-med-staty-blommonster-2-bassanger-plast-antik-look-50b-x-72h-cm-bronsfargad-1.webp?fit=2000%2C2000&ssl=1","width":2000,"height":2000},{"@type":"BreadcrumbList","@id":"https:\/\/truusk.store\/sv\/produkt\/truusk-fagelbad-med-staty-blommonster-2-bassanger-antik-look-50b-x-72h-cm-bronsfargad\/#breadcrumb","itemListElement":[{"@type":"ListItem","position":1,"name":"Home","item":"https:\/\/truusk.store\/sv\/"},{"@type":"ListItem","position":2,"name":"Shop","item":"https:\/\/truusk.store\/shop\/"},{"@type":"ListItem","position":3,"name":"TRUUSK F\u00e5gelbad med Staty &#8211; Blomm\u00f6nster &#8211; 2 Bass\u00e4nger &#8211; Antik Look &#8211; 50B x 72H cm &#8211; Bronsf\u00e4rgad"}]},{"@type":"WebSite","@id":"https:\/\/truusk.store\/sv\/#website","url":"https:\/\/truusk.store\/sv\/","name":"TRUUSK - Hem, Tr\u00e4dg\u00e5rd & Fritid","description":"","publisher":{"@id":"https:\/\/truusk.store\/sv\/#organization"},"potentialAction":[{"@type":"SearchAction","target":{"@type":"EntryPoint","urlTemplate":"https:\/\/truusk.store\/sv\/?s={search_term_string}"},"query-input":{"@type":"PropertyValueSpecification","valueRequired":true,"valueName":"search_term_string"}}],"inLanguage":"sv-SE"},{"@type":"Organization","@id":"https:\/\/truusk.store\/sv\/#organization","name":"TRUUSK - Hem, Tr\u00e4dg\u00e5rd & Fritid","url":"https:\/\/truusk.store\/sv\/","logo":{"@type":"ImageObject","inLanguage":"sv-SE","@id":"https:\/\/truusk.store\/sv\/#\/schema\/logo\/image\/","url":"https:\/\/i0.wp.com\/truusk.store\/wp-content\/uploads\/2026\/03\/cropped-TRUUSK.png?fit=2032%2C917&ssl=1","contentUrl":"https:\/\/i0.wp.com\/truusk.store\/wp-content\/uploads\/2026\/03\/cropped-TRUUSK.png?fit=2032%2C917&ssl=1","width":2032,"height":917,"caption":"TRUUSK - Hem, Tr\u00e4dg\u00e5rd & Fritid"},"image":{"@id":"https:\/\/truusk.store\/sv\/#\/schema\/logo\/image\/"}}]}},"jetpack_sharing_enabled":true,"_links":{"self":[{"href":"https:\/\/truusk.store\/sv\/wp-json\/wp\/v2\/product\/100274","targetHints":{"allow":["GET"]}}],"collection":[{"href":"https:\/\/truusk.store\/sv\/wp-json\/wp\/v2\/product"}],"about":[{"href":"https:\/\/truusk.store\/sv\/wp-json\/wp\/v2\/types\/product"}],"wp:featuredmedia":[{"embeddable":true,"href":"https:\/\/truusk.store\/sv\/wp-json\/wp\/v2\/media\/100264"}],"wp:attachment":[{"href":"https:\/\/truusk.store\/sv\/wp-json\/wp\/v2\/media?parent=100274"}],"wp:term":[{"taxonomy":"product_brand","embeddable":true,"href":"https:\/\/truusk.store\/sv\/wp-json\/wp\/v2\/product_brand?post=100274"},{"taxonomy":"product_cat","embeddable":true,"href":"https:\/\/truusk.store\/sv\/wp-json\/wp\/v2\/product_cat?post=100274"},{"taxonomy":"product_tag","embeddable":true,"href":"https:\/\/truusk.store\/sv\/wp-json\/wp\/v2\/product_tag?post=100274"}],"curies":[{"name":"wp","href":"https:\/\/api.w.org\/{rel}","templated":true}]}}