{"id":100303,"date":"2026-01-20T20:17:36","date_gmt":"2026-01-20T19:17:36","guid":{"rendered":"https:\/\/truusk.store\/product\/grillpaviljong-tradgardsgrilltalt-med-kryddhyllor-led-belysning-metall-plast-243l-x-148b-x-248h-cm-gra\/"},"modified":"2026-03-12T09:46:35","modified_gmt":"2026-03-12T08:46:35","slug":"truusk-grillpaviljong-tradgardsgrilltalt-med-kryddhyllor-led-belysning-243l-x-148b-x-248h-cm-gra","status":"publish","type":"product","link":"https:\/\/truusk.store\/sv\/produkt\/truusk-grillpaviljong-tradgardsgrilltalt-med-kryddhyllor-led-belysning-243l-x-148b-x-248h-cm-gra\/","title":{"rendered":"TRUUSK Grillpaviljong &#8211; Tr\u00e4dg\u00e5rdsgrillt\u00e4lt Med Kryddhyllor &#8211; LED-belysning &#8211; 243L X 148B X 248H Cm &#8211; Gr\u00e5"},"content":{"rendered":"<p>Det dubbla toppdesignen p\u00e5 [BRAND NAME] grillpaviljongen s\u00e4kerst\u00e4ller perfekt luftcirkulation och det plastbelagda, brandh\u00e4mmande taket erbjuder mer s\u00e4kerhet. Integrerade hyllor och krokar i tr\u00e4dg\u00e5rdspaviljongen ger praktiska f\u00f6rvaringsm\u00f6jligheter och LED-magnetlampor ger tillr\u00e4cklig belysning f\u00f6r grillning p\u00e5 kv\u00e4llen. Skaffa v\u00e5rt stabila grillt\u00e4lt f\u00f6r din omfattande tr\u00e4dg\u00e5rdsfest!<\/p>\n<p>Beskrivning:<\/p>\n<ul>\n<li> Den dubbla toppdesignen p\u00e5 tr\u00e4dg\u00e5rdspaviljongen f\u00f6rb\u00e4ttrar luftcirkulationen och minskar r\u00f6kansamlingen<\/li>\n<li> Det plastbelagda \u00f6verdelen \u00e4r flams\u00e4kert, UV-resistent och vattent\u00e5ligt<\/li>\n<li> Hyllor p\u00e5 varje sida erbjuder plats f\u00f6r kryddor, bestick och mat<\/li>\n<li> Inneh\u00e5ller 8 krokar f\u00f6r att h\u00e4nga redskap och en flask\u00f6ppnare<\/li>\n<li> LED-magnetlampan p\u00e5 tr\u00e4dg\u00e5rdspaviljongen ger optimal belysning (batterier ing\u00e5r inte)<\/li>\n<li> V\u00e4derbest\u00e4ndigt, pulverlackerat metallram p\u00e5 grillt\u00e4ltet \u00f6kar h\u00e5llbarheten<\/li>\n<li> Markspikar och expansionskruvar ing\u00e5r f\u00f6r s\u00e4ker fasts\u00e4ttning<\/li>\n<li> Montering kr\u00e4vs<\/li>\n<\/ul>\n<p> Tekniska data:<\/p>\n<ul>\n<li> F\u00e4rg: M\u00f6rkgr\u00e5<\/li>\n<li> Material: Metall, Polyester<\/li>\n<li> Totala dimensioner: 243L x 148B x 248H cm<\/li>\n<li> Takfotsh\u00f6jd: 190 cm<\/li>\n<li> Pelaravst\u00e5nd: 117L x 194B cm<\/li>\n<li> Hyllstorlek: 116,5L x 20B cm<\/li>\n<li> Hyllh\u00f6jd: 110 cm<\/li>\n<li> Vindt\u00e5lig niv\u00e5: 4<\/li>\n<li> Sn\u00f6lastkapacitet: 8 cm<\/li>\n<li> B\u00e4rkapacitet: 30 kg (hylla), 10 kg (krok)<\/li>\n<li> Obs: L\u00e4mplig f\u00f6r grillar upp till en bredd av 150 cm. Kontrollera m\u00e5tten f\u00f6re k\u00f6p<\/li>\n<\/ul>\n<p>Leverans inneh\u00e5ller:<\/p>\n<ul>\n<li> 1 x Grillpaviljong<\/li>\n<li> 8 x Expansionspluggar<\/li>\n<li> 8 x Markspik<\/li>\n<li> 1 x Bruksanvisning<\/li>\n<\/ul>\n","protected":false},"excerpt":{"rendered":"<p>Det dubbla toppdesignen p\u00e5 [BRAND NAME] grillpaviljongen s\u00e4kerst\u00e4ller perfekt luftcirkulation och det plastbelagda, brandh\u00e4mmande taket erbjuder mer s\u00e4kerhet. Integrerade hyllor&#8230;<\/p>\n","protected":false},"featured_media":100294,"template":"","meta":[],"product_brand":[],"product_cat":[480,858,476],"product_tag":[],"class_list":{"0":"post-100303","1":"product","2":"type-product","3":"status-publish","4":"has-post-thumbnail","6":"product_cat-grillpaviljonger","7":"product_cat-tradgard-terrass","8":"product_cat-tradgardspaviljonger","10":"first","11":"instock","12":"sale","13":"taxable","14":"shipping-taxable","15":"purchasable","16":"product-type-simple"},"yoast_head":"<!-- This site is optimized with the Yoast SEO plugin v25.4 - https:\/\/yoast.com\/wordpress\/plugins\/seo\/ -->\n<title>TRUUSK Grillpaviljong - Tr\u00e4dg\u00e5rdsgrillt\u00e4lt Med Kryddhyllor - LED-belysning - 243L X 148B X 248H Cm - Gr\u00e5 - TRUUSK - Hem, Tr\u00e4dg\u00e5rd &amp; Fritid<\/title>\n<meta name=\"robots\" content=\"index, follow, max-snippet:-1, max-image-preview:large, max-video-preview:-1\" \/>\n<link rel=\"canonical\" href=\"https:\/\/truusk.store\/sv\/produkt\/truusk-grillpaviljong-tradgardsgrilltalt-med-kryddhyllor-led-belysning-243l-x-148b-x-248h-cm-gra\/\" \/>\n<meta property=\"og:locale\" content=\"sv_SE\" \/>\n<meta property=\"og:type\" content=\"article\" \/>\n<meta property=\"og:title\" content=\"TRUUSK Grillpaviljong - Tr\u00e4dg\u00e5rdsgrillt\u00e4lt Med Kryddhyllor - LED-belysning - 243L X 148B X 248H Cm - Gr\u00e5 - TRUUSK - Hem, Tr\u00e4dg\u00e5rd &amp; Fritid\" \/>\n<meta property=\"og:description\" content=\"Det dubbla toppdesignen p\u00e5 [BRAND NAME] grillpaviljongen s\u00e4kerst\u00e4ller perfekt luftcirkulation och det plastbelagda, brandh\u00e4mmande taket erbjuder mer s\u00e4kerhet. Integrerade hyllor...\" \/>\n<meta property=\"og:url\" content=\"https:\/\/truusk.store\/sv\/produkt\/truusk-grillpaviljong-tradgardsgrilltalt-med-kryddhyllor-led-belysning-243l-x-148b-x-248h-cm-gra\/\" \/>\n<meta property=\"og:site_name\" content=\"TRUUSK - Hem, Tr\u00e4dg\u00e5rd &amp; Fritid\" \/>\n<meta property=\"article:modified_time\" content=\"2026-03-12T08:46:35+00:00\" \/>\n<meta property=\"og:image\" content=\"https:\/\/i0.wp.com\/truusk.se\/wp-content\/uploads\/2026\/01\/grillpaviljong-tradgardsgrilltalt-med-kryddhyllor-led-belysning-metall-plast-243l-x-148b-x-248h-cm-gra-1.webp?fit=2000%2C2000&ssl=1\" \/>\n\t<meta property=\"og:image:width\" content=\"2000\" \/>\n\t<meta property=\"og:image:height\" content=\"2000\" \/>\n\t<meta property=\"og:image:type\" content=\"image\/webp\" \/>\n<meta name=\"twitter:card\" content=\"summary_large_image\" \/>\n<meta name=\"twitter:label1\" content=\"Ber\u00e4knad l\u00e4stid\" \/>\n\t<meta name=\"twitter:data1\" content=\"1 minut\" \/>\n<!-- \/ Yoast SEO plugin. -->","yoast_head_json":{"title":"TRUUSK Grillpaviljong - Tr\u00e4dg\u00e5rdsgrillt\u00e4lt Med Kryddhyllor - LED-belysning - 243L X 148B X 248H Cm - Gr\u00e5 - TRUUSK - Hem, Tr\u00e4dg\u00e5rd &amp; Fritid","robots":{"index":"index","follow":"follow","max-snippet":"max-snippet:-1","max-image-preview":"max-image-preview:large","max-video-preview":"max-video-preview:-1"},"canonical":"https:\/\/truusk.store\/sv\/produkt\/truusk-grillpaviljong-tradgardsgrilltalt-med-kryddhyllor-led-belysning-243l-x-148b-x-248h-cm-gra\/","og_locale":"sv_SE","og_type":"article","og_title":"TRUUSK Grillpaviljong - Tr\u00e4dg\u00e5rdsgrillt\u00e4lt Med Kryddhyllor - LED-belysning - 243L X 148B X 248H Cm - Gr\u00e5 - TRUUSK - Hem, Tr\u00e4dg\u00e5rd &amp; Fritid","og_description":"Det dubbla toppdesignen p\u00e5 [BRAND NAME] grillpaviljongen s\u00e4kerst\u00e4ller perfekt luftcirkulation och det plastbelagda, brandh\u00e4mmande taket erbjuder mer s\u00e4kerhet. Integrerade hyllor...","og_url":"https:\/\/truusk.store\/sv\/produkt\/truusk-grillpaviljong-tradgardsgrilltalt-med-kryddhyllor-led-belysning-243l-x-148b-x-248h-cm-gra\/","og_site_name":"TRUUSK - Hem, Tr\u00e4dg\u00e5rd &amp; Fritid","article_modified_time":"2026-03-12T08:46:35+00:00","og_image":[{"width":2000,"height":2000,"url":"https:\/\/i0.wp.com\/truusk.se\/wp-content\/uploads\/2026\/01\/grillpaviljong-tradgardsgrilltalt-med-kryddhyllor-led-belysning-metall-plast-243l-x-148b-x-248h-cm-gra-1.webp?fit=2000%2C2000&ssl=1","type":"image\/webp"}],"twitter_card":"summary_large_image","twitter_misc":{"Ber\u00e4knad l\u00e4stid":"1 minut"},"schema":{"@context":"https:\/\/schema.org","@graph":[{"@type":"WebPage","@id":"https:\/\/truusk.store\/sv\/produkt\/truusk-grillpaviljong-tradgardsgrilltalt-med-kryddhyllor-led-belysning-243l-x-148b-x-248h-cm-gra\/","url":"https:\/\/truusk.store\/sv\/produkt\/truusk-grillpaviljong-tradgardsgrilltalt-med-kryddhyllor-led-belysning-243l-x-148b-x-248h-cm-gra\/","name":"TRUUSK Grillpaviljong - Tr\u00e4dg\u00e5rdsgrillt\u00e4lt Med Kryddhyllor - LED-belysning - 243L X 148B X 248H Cm - Gr\u00e5 - TRUUSK - Hem, Tr\u00e4dg\u00e5rd &amp; Fritid","isPartOf":{"@id":"https:\/\/truusk.store\/sv\/#website"},"primaryImageOfPage":{"@id":"https:\/\/truusk.store\/sv\/produkt\/truusk-grillpaviljong-tradgardsgrilltalt-med-kryddhyllor-led-belysning-243l-x-148b-x-248h-cm-gra\/#primaryimage"},"image":{"@id":"https:\/\/truusk.store\/sv\/produkt\/truusk-grillpaviljong-tradgardsgrilltalt-med-kryddhyllor-led-belysning-243l-x-148b-x-248h-cm-gra\/#primaryimage"},"thumbnailUrl":"https:\/\/i0.wp.com\/truusk.store\/wp-content\/uploads\/2026\/01\/grillpaviljong-tradgardsgrilltalt-med-kryddhyllor-led-belysning-metall-plast-243l-x-148b-x-248h-cm-gra-1.webp?fit=2000%2C2000&ssl=1","datePublished":"2026-01-20T19:17:36+00:00","dateModified":"2026-03-12T08:46:35+00:00","breadcrumb":{"@id":"https:\/\/truusk.store\/sv\/produkt\/truusk-grillpaviljong-tradgardsgrilltalt-med-kryddhyllor-led-belysning-243l-x-148b-x-248h-cm-gra\/#breadcrumb"},"inLanguage":"sv-SE","potentialAction":[{"@type":"ReadAction","target":["https:\/\/truusk.store\/sv\/produkt\/truusk-grillpaviljong-tradgardsgrilltalt-med-kryddhyllor-led-belysning-243l-x-148b-x-248h-cm-gra\/"]}]},{"@type":"ImageObject","inLanguage":"sv-SE","@id":"https:\/\/truusk.store\/sv\/produkt\/truusk-grillpaviljong-tradgardsgrilltalt-med-kryddhyllor-led-belysning-243l-x-148b-x-248h-cm-gra\/#primaryimage","url":"https:\/\/i0.wp.com\/truusk.store\/wp-content\/uploads\/2026\/01\/grillpaviljong-tradgardsgrilltalt-med-kryddhyllor-led-belysning-metall-plast-243l-x-148b-x-248h-cm-gra-1.webp?fit=2000%2C2000&ssl=1","contentUrl":"https:\/\/i0.wp.com\/truusk.store\/wp-content\/uploads\/2026\/01\/grillpaviljong-tradgardsgrilltalt-med-kryddhyllor-led-belysning-metall-plast-243l-x-148b-x-248h-cm-gra-1.webp?fit=2000%2C2000&ssl=1","width":2000,"height":2000},{"@type":"BreadcrumbList","@id":"https:\/\/truusk.store\/sv\/produkt\/truusk-grillpaviljong-tradgardsgrilltalt-med-kryddhyllor-led-belysning-243l-x-148b-x-248h-cm-gra\/#breadcrumb","itemListElement":[{"@type":"ListItem","position":1,"name":"Home","item":"https:\/\/truusk.store\/sv\/"},{"@type":"ListItem","position":2,"name":"Shop","item":"https:\/\/truusk.store\/shop\/"},{"@type":"ListItem","position":3,"name":"TRUUSK Grillpaviljong &#8211; Tr\u00e4dg\u00e5rdsgrillt\u00e4lt Med Kryddhyllor &#8211; LED-belysning &#8211; 243L X 148B X 248H Cm &#8211; Gr\u00e5"}]},{"@type":"WebSite","@id":"https:\/\/truusk.store\/sv\/#website","url":"https:\/\/truusk.store\/sv\/","name":"TRUUSK - Hem, Tr\u00e4dg\u00e5rd & Fritid","description":"","publisher":{"@id":"https:\/\/truusk.store\/sv\/#organization"},"potentialAction":[{"@type":"SearchAction","target":{"@type":"EntryPoint","urlTemplate":"https:\/\/truusk.store\/sv\/?s={search_term_string}"},"query-input":{"@type":"PropertyValueSpecification","valueRequired":true,"valueName":"search_term_string"}}],"inLanguage":"sv-SE"},{"@type":"Organization","@id":"https:\/\/truusk.store\/sv\/#organization","name":"TRUUSK - Hem, Tr\u00e4dg\u00e5rd & Fritid","url":"https:\/\/truusk.store\/sv\/","logo":{"@type":"ImageObject","inLanguage":"sv-SE","@id":"https:\/\/truusk.store\/sv\/#\/schema\/logo\/image\/","url":"https:\/\/i0.wp.com\/truusk.store\/wp-content\/uploads\/2026\/03\/cropped-TRUUSK.png?fit=2032%2C917&ssl=1","contentUrl":"https:\/\/i0.wp.com\/truusk.store\/wp-content\/uploads\/2026\/03\/cropped-TRUUSK.png?fit=2032%2C917&ssl=1","width":2032,"height":917,"caption":"TRUUSK - Hem, Tr\u00e4dg\u00e5rd & Fritid"},"image":{"@id":"https:\/\/truusk.store\/sv\/#\/schema\/logo\/image\/"}}]}},"jetpack_sharing_enabled":true,"_links":{"self":[{"href":"https:\/\/truusk.store\/sv\/wp-json\/wp\/v2\/product\/100303","targetHints":{"allow":["GET"]}}],"collection":[{"href":"https:\/\/truusk.store\/sv\/wp-json\/wp\/v2\/product"}],"about":[{"href":"https:\/\/truusk.store\/sv\/wp-json\/wp\/v2\/types\/product"}],"wp:featuredmedia":[{"embeddable":true,"href":"https:\/\/truusk.store\/sv\/wp-json\/wp\/v2\/media\/100294"}],"wp:attachment":[{"href":"https:\/\/truusk.store\/sv\/wp-json\/wp\/v2\/media?parent=100303"}],"wp:term":[{"taxonomy":"product_brand","embeddable":true,"href":"https:\/\/truusk.store\/sv\/wp-json\/wp\/v2\/product_brand?post=100303"},{"taxonomy":"product_cat","embeddable":true,"href":"https:\/\/truusk.store\/sv\/wp-json\/wp\/v2\/product_cat?post=100303"},{"taxonomy":"product_tag","embeddable":true,"href":"https:\/\/truusk.store\/sv\/wp-json\/wp\/v2\/product_tag?post=100303"}],"curies":[{"name":"wp","href":"https:\/\/api.w.org\/{rel}","templated":true}]}}