{"id":100313,"date":"2026-01-20T20:19:03","date_gmt":"2026-01-20T19:19:03","guid":{"rendered":"https:\/\/truusk.store\/product\/vaxthus-med-dorr-valvda-tak-vinterfast-plastvaxthus-av-stal-drivhus-128-x-70-x-170-cm-transparent\/"},"modified":"2026-03-12T09:47:16","modified_gmt":"2026-03-12T08:47:16","slug":"truusk-vaxthus-med-dorr-valvda-tak-vinterfast-plastvaxthus-av-stal-drivhus-128-x-70-x-170-cm-transparent","status":"publish","type":"product","link":"https:\/\/truusk.store\/sv\/produkt\/truusk-vaxthus-med-dorr-valvda-tak-vinterfast-plastvaxthus-av-stal-drivhus-128-x-70-x-170-cm-transparent\/","title":{"rendered":"TRUUSK V\u00e4xthus med d\u00f6rr &#8211; V\u00e4lvda tak &#8211; Vinterfast &#8211; Plastv\u00e4xthus av st\u00e5l &#8211; Drivhus 128 x 70 x 170 cm Transparent"},"content":{"rendered":"<p>Odla en m\u00e4ngd olika v\u00e4xter och gr\u00f6nsaker i det 128 x 70 cm stora [BRAND NAME] v\u00e4xthuset. Det h\u00f6jbara dragkedjed\u00f6rren till v\u00e4xthuset garanterar enkel tillg\u00e5ng och stabil h\u00e5llning. Ett robust st\u00e5lram till v\u00e4xthuset, utrustad med ett skyddande plasth\u00f6lje, erbjuder skydd mot v\u00e4derp\u00e5verkan som vind, regn och intensiv solstr\u00e5lning. Inkluderar markankare och rep f\u00f6r fast f\u00f6rankring.<\/p>\n<p> Beskrivning:<\/p>\n<ul>\n<li> Det h\u00f6ga och smala designen p\u00e5 tomatv\u00e4xthuset \u00e4r utm\u00e4rkt f\u00f6r begr\u00e4nsade utomhusomr\u00e5den<\/li>\n<li> Dragkedjed\u00f6rr f\u00f6r att rulla upp f\u00f6r enkel in- och utg\u00e5ng<\/li>\n<li> Levereras med markspikar och f\u00f6rankringslinor f\u00f6r att s\u00e4kra v\u00e4xthuset<\/li>\n<li> Plast\u00f6verdrag skyddar v\u00e4xterna inuti mot l\u00e4tt vind och regn, men l\u00e5ter solljus passera f\u00f6r n\u00e4ringstillf\u00f6rsel<\/li>\n<li> 10 cm f\u00f6rl\u00e4ngda kanter som gr\u00e4vs ner i marken f\u00f6r att garantera extra stabilitet<\/li>\n<li> Pulverlackerad st\u00e5lram f\u00f6r v\u00e4xthuset f\u00f6r p\u00e5litlig utomhusanv\u00e4ndning<\/li>\n<li> Montering kr\u00e4vs<\/li>\n<\/ul>\n<p> Tekniska specifikationer:<\/p>\n<ul>\n<li> F\u00e4rg: Klar+Gr\u00f6n<\/li>\n<li> Material: Plast, St\u00e5l<\/li>\n<li> Totala dimensioner: 128L x 70B x 170H cm<\/li>\n<li> D\u00f6rrdimension: 105B x 165H cm<\/li>\n<li> Kantbredd: 10 cm<\/li>\n<li> Vindt\u00e4t: Niv\u00e5 4 (Vindhastighet under 28 km\/h)<\/li>\n<\/ul>\n<p> Leveransinneh\u00e5ll:<\/p>\n<ul>\n<li> 1 x V\u00e4xthus<\/li>\n<li> 4 x F\u00f6rankringslina<\/li>\n<li> 4 x Markspik<\/li>\n<li> 1 x Bruksanvisning<\/li>\n<\/ul>\n","protected":false},"excerpt":{"rendered":"<p>Odla en m\u00e4ngd olika v\u00e4xter och gr\u00f6nsaker i det 128 x 70 cm stora [BRAND NAME] v\u00e4xthuset. Det h\u00f6jbara dragkedjed\u00f6rren&#8230;<\/p>\n","protected":false},"featured_media":100304,"template":"","meta":[],"product_brand":[],"product_cat":[923,858,443],"product_tag":[],"class_list":{"0":"post-100313","1":"product","2":"type-product","3":"status-publish","4":"has-post-thumbnail","6":"product_cat-plastfilm-vaxthus","7":"product_cat-tradgard-terrass","8":"product_cat-vaxthus-tradgardsskotsel","10":"first","11":"instock","12":"sale","13":"taxable","14":"shipping-taxable","15":"purchasable","16":"product-type-simple"},"yoast_head":"<!-- This site is optimized with the Yoast SEO plugin v25.4 - https:\/\/yoast.com\/wordpress\/plugins\/seo\/ -->\n<title>TRUUSK V\u00e4xthus med d\u00f6rr - V\u00e4lvda tak - Vinterfast - Plastv\u00e4xthus av st\u00e5l - Drivhus 128 x 70 x 170 cm Transparent - TRUUSK - Hem, Tr\u00e4dg\u00e5rd &amp; Fritid<\/title>\n<meta name=\"robots\" content=\"index, follow, max-snippet:-1, max-image-preview:large, max-video-preview:-1\" \/>\n<link rel=\"canonical\" href=\"https:\/\/truusk.store\/sv\/produkt\/truusk-vaxthus-med-dorr-valvda-tak-vinterfast-plastvaxthus-av-stal-drivhus-128-x-70-x-170-cm-transparent\/\" \/>\n<meta property=\"og:locale\" content=\"sv_SE\" \/>\n<meta property=\"og:type\" content=\"article\" \/>\n<meta property=\"og:title\" content=\"TRUUSK V\u00e4xthus med d\u00f6rr - V\u00e4lvda tak - Vinterfast - Plastv\u00e4xthus av st\u00e5l - Drivhus 128 x 70 x 170 cm Transparent - TRUUSK - Hem, Tr\u00e4dg\u00e5rd &amp; Fritid\" \/>\n<meta property=\"og:description\" content=\"Odla en m\u00e4ngd olika v\u00e4xter och gr\u00f6nsaker i det 128 x 70 cm stora [BRAND NAME] v\u00e4xthuset. Det h\u00f6jbara dragkedjed\u00f6rren...\" \/>\n<meta property=\"og:url\" content=\"https:\/\/truusk.store\/sv\/produkt\/truusk-vaxthus-med-dorr-valvda-tak-vinterfast-plastvaxthus-av-stal-drivhus-128-x-70-x-170-cm-transparent\/\" \/>\n<meta property=\"og:site_name\" content=\"TRUUSK - Hem, Tr\u00e4dg\u00e5rd &amp; Fritid\" \/>\n<meta property=\"article:modified_time\" content=\"2026-03-12T08:47:16+00:00\" \/>\n<meta property=\"og:image\" content=\"https:\/\/i0.wp.com\/truusk.se\/wp-content\/uploads\/2026\/01\/vaxthus-med-dorr-valvda-tak-vinterfast-plastvaxthus-av-stal-drivhus-128-x-70-x-170-cm-transparent-1.webp?fit=2000%2C2000&ssl=1\" \/>\n\t<meta property=\"og:image:width\" content=\"2000\" \/>\n\t<meta property=\"og:image:height\" content=\"2000\" \/>\n\t<meta property=\"og:image:type\" content=\"image\/webp\" \/>\n<meta name=\"twitter:card\" content=\"summary_large_image\" \/>\n<meta name=\"twitter:label1\" content=\"Ber\u00e4knad l\u00e4stid\" \/>\n\t<meta name=\"twitter:data1\" content=\"1 minut\" \/>\n<!-- \/ Yoast SEO plugin. -->","yoast_head_json":{"title":"TRUUSK V\u00e4xthus med d\u00f6rr - V\u00e4lvda tak - Vinterfast - Plastv\u00e4xthus av st\u00e5l - Drivhus 128 x 70 x 170 cm Transparent - TRUUSK - Hem, Tr\u00e4dg\u00e5rd &amp; Fritid","robots":{"index":"index","follow":"follow","max-snippet":"max-snippet:-1","max-image-preview":"max-image-preview:large","max-video-preview":"max-video-preview:-1"},"canonical":"https:\/\/truusk.store\/sv\/produkt\/truusk-vaxthus-med-dorr-valvda-tak-vinterfast-plastvaxthus-av-stal-drivhus-128-x-70-x-170-cm-transparent\/","og_locale":"sv_SE","og_type":"article","og_title":"TRUUSK V\u00e4xthus med d\u00f6rr - V\u00e4lvda tak - Vinterfast - Plastv\u00e4xthus av st\u00e5l - Drivhus 128 x 70 x 170 cm Transparent - TRUUSK - Hem, Tr\u00e4dg\u00e5rd &amp; Fritid","og_description":"Odla en m\u00e4ngd olika v\u00e4xter och gr\u00f6nsaker i det 128 x 70 cm stora [BRAND NAME] v\u00e4xthuset. Det h\u00f6jbara dragkedjed\u00f6rren...","og_url":"https:\/\/truusk.store\/sv\/produkt\/truusk-vaxthus-med-dorr-valvda-tak-vinterfast-plastvaxthus-av-stal-drivhus-128-x-70-x-170-cm-transparent\/","og_site_name":"TRUUSK - Hem, Tr\u00e4dg\u00e5rd &amp; Fritid","article_modified_time":"2026-03-12T08:47:16+00:00","og_image":[{"width":2000,"height":2000,"url":"https:\/\/i0.wp.com\/truusk.se\/wp-content\/uploads\/2026\/01\/vaxthus-med-dorr-valvda-tak-vinterfast-plastvaxthus-av-stal-drivhus-128-x-70-x-170-cm-transparent-1.webp?fit=2000%2C2000&ssl=1","type":"image\/webp"}],"twitter_card":"summary_large_image","twitter_misc":{"Ber\u00e4knad l\u00e4stid":"1 minut"},"schema":{"@context":"https:\/\/schema.org","@graph":[{"@type":"WebPage","@id":"https:\/\/truusk.store\/sv\/produkt\/truusk-vaxthus-med-dorr-valvda-tak-vinterfast-plastvaxthus-av-stal-drivhus-128-x-70-x-170-cm-transparent\/","url":"https:\/\/truusk.store\/sv\/produkt\/truusk-vaxthus-med-dorr-valvda-tak-vinterfast-plastvaxthus-av-stal-drivhus-128-x-70-x-170-cm-transparent\/","name":"TRUUSK V\u00e4xthus med d\u00f6rr - V\u00e4lvda tak - Vinterfast - Plastv\u00e4xthus av st\u00e5l - Drivhus 128 x 70 x 170 cm Transparent - TRUUSK - Hem, Tr\u00e4dg\u00e5rd &amp; Fritid","isPartOf":{"@id":"https:\/\/truusk.store\/sv\/#website"},"primaryImageOfPage":{"@id":"https:\/\/truusk.store\/sv\/produkt\/truusk-vaxthus-med-dorr-valvda-tak-vinterfast-plastvaxthus-av-stal-drivhus-128-x-70-x-170-cm-transparent\/#primaryimage"},"image":{"@id":"https:\/\/truusk.store\/sv\/produkt\/truusk-vaxthus-med-dorr-valvda-tak-vinterfast-plastvaxthus-av-stal-drivhus-128-x-70-x-170-cm-transparent\/#primaryimage"},"thumbnailUrl":"https:\/\/i0.wp.com\/truusk.store\/wp-content\/uploads\/2026\/01\/vaxthus-med-dorr-valvda-tak-vinterfast-plastvaxthus-av-stal-drivhus-128-x-70-x-170-cm-transparent-1.webp?fit=2000%2C2000&ssl=1","datePublished":"2026-01-20T19:19:03+00:00","dateModified":"2026-03-12T08:47:16+00:00","breadcrumb":{"@id":"https:\/\/truusk.store\/sv\/produkt\/truusk-vaxthus-med-dorr-valvda-tak-vinterfast-plastvaxthus-av-stal-drivhus-128-x-70-x-170-cm-transparent\/#breadcrumb"},"inLanguage":"sv-SE","potentialAction":[{"@type":"ReadAction","target":["https:\/\/truusk.store\/sv\/produkt\/truusk-vaxthus-med-dorr-valvda-tak-vinterfast-plastvaxthus-av-stal-drivhus-128-x-70-x-170-cm-transparent\/"]}]},{"@type":"ImageObject","inLanguage":"sv-SE","@id":"https:\/\/truusk.store\/sv\/produkt\/truusk-vaxthus-med-dorr-valvda-tak-vinterfast-plastvaxthus-av-stal-drivhus-128-x-70-x-170-cm-transparent\/#primaryimage","url":"https:\/\/i0.wp.com\/truusk.store\/wp-content\/uploads\/2026\/01\/vaxthus-med-dorr-valvda-tak-vinterfast-plastvaxthus-av-stal-drivhus-128-x-70-x-170-cm-transparent-1.webp?fit=2000%2C2000&ssl=1","contentUrl":"https:\/\/i0.wp.com\/truusk.store\/wp-content\/uploads\/2026\/01\/vaxthus-med-dorr-valvda-tak-vinterfast-plastvaxthus-av-stal-drivhus-128-x-70-x-170-cm-transparent-1.webp?fit=2000%2C2000&ssl=1","width":2000,"height":2000},{"@type":"BreadcrumbList","@id":"https:\/\/truusk.store\/sv\/produkt\/truusk-vaxthus-med-dorr-valvda-tak-vinterfast-plastvaxthus-av-stal-drivhus-128-x-70-x-170-cm-transparent\/#breadcrumb","itemListElement":[{"@type":"ListItem","position":1,"name":"Home","item":"https:\/\/truusk.store\/sv\/"},{"@type":"ListItem","position":2,"name":"Shop","item":"https:\/\/truusk.store\/shop\/"},{"@type":"ListItem","position":3,"name":"TRUUSK V\u00e4xthus med d\u00f6rr &#8211; V\u00e4lvda tak &#8211; Vinterfast &#8211; Plastv\u00e4xthus av st\u00e5l &#8211; Drivhus 128 x 70 x 170 cm Transparent"}]},{"@type":"WebSite","@id":"https:\/\/truusk.store\/sv\/#website","url":"https:\/\/truusk.store\/sv\/","name":"TRUUSK - Hem, Tr\u00e4dg\u00e5rd & Fritid","description":"","publisher":{"@id":"https:\/\/truusk.store\/sv\/#organization"},"potentialAction":[{"@type":"SearchAction","target":{"@type":"EntryPoint","urlTemplate":"https:\/\/truusk.store\/sv\/?s={search_term_string}"},"query-input":{"@type":"PropertyValueSpecification","valueRequired":true,"valueName":"search_term_string"}}],"inLanguage":"sv-SE"},{"@type":"Organization","@id":"https:\/\/truusk.store\/sv\/#organization","name":"TRUUSK - Hem, Tr\u00e4dg\u00e5rd & Fritid","url":"https:\/\/truusk.store\/sv\/","logo":{"@type":"ImageObject","inLanguage":"sv-SE","@id":"https:\/\/truusk.store\/sv\/#\/schema\/logo\/image\/","url":"https:\/\/i0.wp.com\/truusk.store\/wp-content\/uploads\/2026\/03\/cropped-TRUUSK.png?fit=2032%2C917&ssl=1","contentUrl":"https:\/\/i0.wp.com\/truusk.store\/wp-content\/uploads\/2026\/03\/cropped-TRUUSK.png?fit=2032%2C917&ssl=1","width":2032,"height":917,"caption":"TRUUSK - Hem, Tr\u00e4dg\u00e5rd & Fritid"},"image":{"@id":"https:\/\/truusk.store\/sv\/#\/schema\/logo\/image\/"}}]}},"jetpack_sharing_enabled":true,"_links":{"self":[{"href":"https:\/\/truusk.store\/sv\/wp-json\/wp\/v2\/product\/100313","targetHints":{"allow":["GET"]}}],"collection":[{"href":"https:\/\/truusk.store\/sv\/wp-json\/wp\/v2\/product"}],"about":[{"href":"https:\/\/truusk.store\/sv\/wp-json\/wp\/v2\/types\/product"}],"wp:featuredmedia":[{"embeddable":true,"href":"https:\/\/truusk.store\/sv\/wp-json\/wp\/v2\/media\/100304"}],"wp:attachment":[{"href":"https:\/\/truusk.store\/sv\/wp-json\/wp\/v2\/media?parent=100313"}],"wp:term":[{"taxonomy":"product_brand","embeddable":true,"href":"https:\/\/truusk.store\/sv\/wp-json\/wp\/v2\/product_brand?post=100313"},{"taxonomy":"product_cat","embeddable":true,"href":"https:\/\/truusk.store\/sv\/wp-json\/wp\/v2\/product_cat?post=100313"},{"taxonomy":"product_tag","embeddable":true,"href":"https:\/\/truusk.store\/sv\/wp-json\/wp\/v2\/product_tag?post=100313"}],"curies":[{"name":"wp","href":"https:\/\/api.w.org\/{rel}","templated":true}]}}