{"id":10035,"date":"2024-02-13T10:01:44","date_gmt":"2024-02-13T09:01:44","guid":{"rendered":"https:\/\/truusk.store\/product\/markis-solskydd-infallbar-med-vev-metallram-polyester-gravit-395-x-245-m\/"},"modified":"2026-03-12T08:56:18","modified_gmt":"2026-03-12T07:56:18","slug":"truusk-markis-med-solskydd-infallbar-metallram-polyester-gravit-395-x-245-m","status":"publish","type":"product","link":"https:\/\/truusk.store\/sv\/produkt\/truusk-markis-med-solskydd-infallbar-metallram-polyester-gravit-395-x-245-m\/","title":{"rendered":"TRUUSK Markis med Solskydd &#8211; Inf\u00e4llbar &#8211; Metallram &#8211; Polyester &#8211; Gr\u00e5+vit &#8211; 3,95 x 2,45 m"},"content":{"rendered":"<p>F\u00f6r alla som vill f\u00f6rvandla sin uteplats till en skuggig relaxavdelning \u00e4r denna stora inf\u00e4llbara kassettmarkis det perfekta valet! Denna vikarmsmarkis kr\u00e4ver ingen str\u00f6manslutning. S\u00e5 du kan st\u00e4lla in den utan att beh\u00f6va oroa dig f\u00f6r kablar, uttag eller batterier. Den 1,5 meter l\u00e5nga handveven \u00f6ppnar f\u00f6rt\u00e4ltet f\u00f6rsiktigt och tyst. S\u00e4rskilt praktiskt: Detta solskydd kan f\u00e4stas p\u00e5 n\u00e4stan alla v\u00e4ggytor.<\/p>\n<h3>Beskrivning:<\/h3>\n<ul>\n<li>Idealisk f\u00f6r utst\u00e4llning p\u00e5 en uteplats, balkong eller \u00f6ver ett skyltf\u00f6nster<\/li>\n<li>Justerbart metallhandtag m\u00f6jligg\u00f6r manuell \u00f6ppning och st\u00e4ngning<\/li>\n<li>Utm\u00e4rkt skydd mot UV-str\u00e5lar<\/li>\n<li>Vattenavvisande polyester med h\u00f6g densitet (280 g\/m)<\/li>\n<li>Robust aluminiumram f\u00f6r l\u00e5ng livsl\u00e4ngd<\/li>\n<li>Polyestertyget st\u00f6ds av 2 inf\u00e4llbara armar, en remskiva och en fr\u00e4mre st\u00f6dst\u00e5ng<\/li>\n<li>Montering kr\u00e4vs<\/li>\n<\/ul>\n<h3>Teknisk data:<\/h3>\n<ul>\n<li>F\u00e4rg: Vit+Gr\u00e5<\/li>\n<li>Material: aluminium, st\u00e5l, polyester<\/li>\n<li>Totalstorlek: 395L x 245W<\/li>\n<li>Handtagsl\u00e4ngd: 1500 mm<\/li>\n<\/ul>\n<h3>Leveransens omfattning:<\/h3>\n<ul>\n<li>1 x F\u00f6nstermarkis<\/li>\n<li>1 x Instruktioner<\/li>\n<\/ul>\n","protected":false},"excerpt":{"rendered":"<p>F\u00f6r alla som vill f\u00f6rvandla sin uteplats till en skuggig relaxavdelning \u00e4r denna stora inf\u00e4llbara kassettmarkis det perfekta valet! Denna&#8230;<\/p>\n","protected":false},"featured_media":10036,"template":"","meta":[],"product_brand":[],"product_cat":[473,471,435],"product_tag":[],"class_list":{"0":"post-10035","1":"product","2":"type-product","3":"status-publish","4":"has-post-thumbnail","6":"product_cat-markiser","7":"product_cat-solskydd-integritetsskydd","8":"product_cat-tradgard-och-terrass","10":"first","11":"instock","12":"sale","13":"taxable","14":"shipping-taxable","15":"purchasable","16":"product-type-simple"},"yoast_head":"<!-- This site is optimized with the Yoast SEO plugin v25.4 - https:\/\/yoast.com\/wordpress\/plugins\/seo\/ -->\n<title>TRUUSK Markis med Solskydd - Inf\u00e4llbar - Metallram - Polyester - Gr\u00e5+vit - 3,95 x 2,45 m - TRUUSK - Hem, Tr\u00e4dg\u00e5rd &amp; Fritid<\/title>\n<meta name=\"robots\" content=\"index, follow, max-snippet:-1, max-image-preview:large, max-video-preview:-1\" \/>\n<link rel=\"canonical\" href=\"https:\/\/truusk.store\/sv\/produkt\/truusk-markis-med-solskydd-infallbar-metallram-polyester-gravit-395-x-245-m\/\" \/>\n<meta property=\"og:locale\" content=\"sv_SE\" \/>\n<meta property=\"og:type\" content=\"article\" \/>\n<meta property=\"og:title\" content=\"TRUUSK Markis med Solskydd - Inf\u00e4llbar - Metallram - Polyester - Gr\u00e5+vit - 3,95 x 2,45 m - TRUUSK - Hem, Tr\u00e4dg\u00e5rd &amp; Fritid\" \/>\n<meta property=\"og:description\" content=\"F\u00f6r alla som vill f\u00f6rvandla sin uteplats till en skuggig relaxavdelning \u00e4r denna stora inf\u00e4llbara kassettmarkis det perfekta valet! Denna...\" \/>\n<meta property=\"og:url\" content=\"https:\/\/truusk.store\/sv\/produkt\/truusk-markis-med-solskydd-infallbar-metallram-polyester-gravit-395-x-245-m\/\" \/>\n<meta property=\"og:site_name\" content=\"TRUUSK - Hem, Tr\u00e4dg\u00e5rd &amp; Fritid\" \/>\n<meta property=\"article:modified_time\" content=\"2026-03-12T07:56:18+00:00\" \/>\n<meta property=\"og:image\" content=\"https:\/\/i0.wp.com\/truusk.se\/wp-content\/uploads\/2024\/02\/markis-solskydd-infallbar-med-vev-metallram-polyester-gravit-395-x-245-m.webp?fit=800%2C800&ssl=1\" \/>\n\t<meta property=\"og:image:width\" content=\"800\" \/>\n\t<meta property=\"og:image:height\" content=\"800\" \/>\n\t<meta property=\"og:image:type\" content=\"image\/webp\" \/>\n<meta name=\"twitter:card\" content=\"summary_large_image\" \/>\n<meta name=\"twitter:label1\" content=\"Ber\u00e4knad l\u00e4stid\" \/>\n\t<meta name=\"twitter:data1\" content=\"1 minut\" \/>\n<!-- \/ Yoast SEO plugin. -->","yoast_head_json":{"title":"TRUUSK Markis med Solskydd - Inf\u00e4llbar - Metallram - Polyester - Gr\u00e5+vit - 3,95 x 2,45 m - TRUUSK - Hem, Tr\u00e4dg\u00e5rd &amp; Fritid","robots":{"index":"index","follow":"follow","max-snippet":"max-snippet:-1","max-image-preview":"max-image-preview:large","max-video-preview":"max-video-preview:-1"},"canonical":"https:\/\/truusk.store\/sv\/produkt\/truusk-markis-med-solskydd-infallbar-metallram-polyester-gravit-395-x-245-m\/","og_locale":"sv_SE","og_type":"article","og_title":"TRUUSK Markis med Solskydd - Inf\u00e4llbar - Metallram - Polyester - Gr\u00e5+vit - 3,95 x 2,45 m - TRUUSK - Hem, Tr\u00e4dg\u00e5rd &amp; Fritid","og_description":"F\u00f6r alla som vill f\u00f6rvandla sin uteplats till en skuggig relaxavdelning \u00e4r denna stora inf\u00e4llbara kassettmarkis det perfekta valet! Denna...","og_url":"https:\/\/truusk.store\/sv\/produkt\/truusk-markis-med-solskydd-infallbar-metallram-polyester-gravit-395-x-245-m\/","og_site_name":"TRUUSK - Hem, Tr\u00e4dg\u00e5rd &amp; Fritid","article_modified_time":"2026-03-12T07:56:18+00:00","og_image":[{"width":800,"height":800,"url":"https:\/\/i0.wp.com\/truusk.se\/wp-content\/uploads\/2024\/02\/markis-solskydd-infallbar-med-vev-metallram-polyester-gravit-395-x-245-m.webp?fit=800%2C800&ssl=1","type":"image\/webp"}],"twitter_card":"summary_large_image","twitter_misc":{"Ber\u00e4knad l\u00e4stid":"1 minut"},"schema":{"@context":"https:\/\/schema.org","@graph":[{"@type":"WebPage","@id":"https:\/\/truusk.store\/sv\/produkt\/truusk-markis-med-solskydd-infallbar-metallram-polyester-gravit-395-x-245-m\/","url":"https:\/\/truusk.store\/sv\/produkt\/truusk-markis-med-solskydd-infallbar-metallram-polyester-gravit-395-x-245-m\/","name":"TRUUSK Markis med Solskydd - Inf\u00e4llbar - Metallram - Polyester - Gr\u00e5+vit - 3,95 x 2,45 m - TRUUSK - Hem, Tr\u00e4dg\u00e5rd &amp; Fritid","isPartOf":{"@id":"https:\/\/truusk.store\/sv\/#website"},"primaryImageOfPage":{"@id":"https:\/\/truusk.store\/sv\/produkt\/truusk-markis-med-solskydd-infallbar-metallram-polyester-gravit-395-x-245-m\/#primaryimage"},"image":{"@id":"https:\/\/truusk.store\/sv\/produkt\/truusk-markis-med-solskydd-infallbar-metallram-polyester-gravit-395-x-245-m\/#primaryimage"},"thumbnailUrl":"https:\/\/i0.wp.com\/truusk.store\/wp-content\/uploads\/2024\/02\/markis-solskydd-infallbar-med-vev-metallram-polyester-gravit-395-x-245-m.webp?fit=800%2C800&ssl=1","datePublished":"2024-02-13T09:01:44+00:00","dateModified":"2026-03-12T07:56:18+00:00","breadcrumb":{"@id":"https:\/\/truusk.store\/sv\/produkt\/truusk-markis-med-solskydd-infallbar-metallram-polyester-gravit-395-x-245-m\/#breadcrumb"},"inLanguage":"sv-SE","potentialAction":[{"@type":"ReadAction","target":["https:\/\/truusk.store\/sv\/produkt\/truusk-markis-med-solskydd-infallbar-metallram-polyester-gravit-395-x-245-m\/"]}]},{"@type":"ImageObject","inLanguage":"sv-SE","@id":"https:\/\/truusk.store\/sv\/produkt\/truusk-markis-med-solskydd-infallbar-metallram-polyester-gravit-395-x-245-m\/#primaryimage","url":"https:\/\/i0.wp.com\/truusk.store\/wp-content\/uploads\/2024\/02\/markis-solskydd-infallbar-med-vev-metallram-polyester-gravit-395-x-245-m.webp?fit=800%2C800&ssl=1","contentUrl":"https:\/\/i0.wp.com\/truusk.store\/wp-content\/uploads\/2024\/02\/markis-solskydd-infallbar-med-vev-metallram-polyester-gravit-395-x-245-m.webp?fit=800%2C800&ssl=1","width":800,"height":800,"caption":"Markis, Solskydd, Inf\u00e4llbar, Med Vev, Metallram, Polyester, Gr\u00e5+vit, 3,95 X 2,45 M 1"},{"@type":"BreadcrumbList","@id":"https:\/\/truusk.store\/sv\/produkt\/truusk-markis-med-solskydd-infallbar-metallram-polyester-gravit-395-x-245-m\/#breadcrumb","itemListElement":[{"@type":"ListItem","position":1,"name":"Home","item":"https:\/\/truusk.store\/sv\/"},{"@type":"ListItem","position":2,"name":"Shop","item":"https:\/\/truusk.store\/shop\/"},{"@type":"ListItem","position":3,"name":"TRUUSK Markis med Solskydd &#8211; Inf\u00e4llbar &#8211; Metallram &#8211; Polyester &#8211; Gr\u00e5+vit &#8211; 3,95 x 2,45 m"}]},{"@type":"WebSite","@id":"https:\/\/truusk.store\/sv\/#website","url":"https:\/\/truusk.store\/sv\/","name":"TRUUSK - Hem, Tr\u00e4dg\u00e5rd & Fritid","description":"","publisher":{"@id":"https:\/\/truusk.store\/sv\/#organization"},"potentialAction":[{"@type":"SearchAction","target":{"@type":"EntryPoint","urlTemplate":"https:\/\/truusk.store\/sv\/?s={search_term_string}"},"query-input":{"@type":"PropertyValueSpecification","valueRequired":true,"valueName":"search_term_string"}}],"inLanguage":"sv-SE"},{"@type":"Organization","@id":"https:\/\/truusk.store\/sv\/#organization","name":"TRUUSK - Hem, Tr\u00e4dg\u00e5rd & Fritid","url":"https:\/\/truusk.store\/sv\/","logo":{"@type":"ImageObject","inLanguage":"sv-SE","@id":"https:\/\/truusk.store\/sv\/#\/schema\/logo\/image\/","url":"https:\/\/i0.wp.com\/truusk.store\/wp-content\/uploads\/2026\/03\/cropped-TRUUSK.png?fit=2032%2C917&ssl=1","contentUrl":"https:\/\/i0.wp.com\/truusk.store\/wp-content\/uploads\/2026\/03\/cropped-TRUUSK.png?fit=2032%2C917&ssl=1","width":2032,"height":917,"caption":"TRUUSK - Hem, Tr\u00e4dg\u00e5rd & Fritid"},"image":{"@id":"https:\/\/truusk.store\/sv\/#\/schema\/logo\/image\/"}}]}},"jetpack_sharing_enabled":true,"_links":{"self":[{"href":"https:\/\/truusk.store\/sv\/wp-json\/wp\/v2\/product\/10035","targetHints":{"allow":["GET"]}}],"collection":[{"href":"https:\/\/truusk.store\/sv\/wp-json\/wp\/v2\/product"}],"about":[{"href":"https:\/\/truusk.store\/sv\/wp-json\/wp\/v2\/types\/product"}],"wp:featuredmedia":[{"embeddable":true,"href":"https:\/\/truusk.store\/sv\/wp-json\/wp\/v2\/media\/10036"}],"wp:attachment":[{"href":"https:\/\/truusk.store\/sv\/wp-json\/wp\/v2\/media?parent=10035"}],"wp:term":[{"taxonomy":"product_brand","embeddable":true,"href":"https:\/\/truusk.store\/sv\/wp-json\/wp\/v2\/product_brand?post=10035"},{"taxonomy":"product_cat","embeddable":true,"href":"https:\/\/truusk.store\/sv\/wp-json\/wp\/v2\/product_cat?post=10035"},{"taxonomy":"product_tag","embeddable":true,"href":"https:\/\/truusk.store\/sv\/wp-json\/wp\/v2\/product_tag?post=10035"}],"curies":[{"name":"wp","href":"https:\/\/api.w.org\/{rel}","templated":true}]}}