{"id":100355,"date":"2026-01-21T04:29:55","date_gmt":"2026-01-21T03:29:55","guid":{"rendered":"https:\/\/truusk.store\/product\/vaggmonterat-vaxthus-tillgangligt-plantagehus-plast-presenning-300-x-80-x-157-cm-vit\/"},"modified":"2026-03-12T09:46:16","modified_gmt":"2026-03-12T08:46:16","slug":"truusk-vaxthus-for-vaggmontering-plast-presenning-300-x-80-x-157-cm-vit","status":"publish","type":"product","link":"https:\/\/truusk.store\/sv\/produkt\/truusk-vaxthus-for-vaggmontering-plast-presenning-300-x-80-x-157-cm-vit\/","title":{"rendered":"TRUUSK V\u00e4xthus f\u00f6r V\u00e4ggmontering &#8211; Plast Presenning &#8211; 300 x 80 x 157 cm &#8211; Vit"},"content":{"rendered":"<p>Detta [BRAND NAME] foliev\u00e4xthus \u00e4r ett professionellt till\u00e4gg till varje tr\u00e4dg\u00e5rd. Den integrerade ogr\u00e4sbarri\u00e4ren f\u00f6rhindrar o\u00f6nskad tillv\u00e4xt. Utrustat med tv\u00e5 d\u00f6rrar och en upprullningsbar frontv\u00e4gg, ger detta v\u00e4xthus enkel tillg\u00e5ng till dina v\u00e4xter och s\u00e4kerst\u00e4ller tillr\u00e4cklig ventilation, s\u00e5 att dina v\u00e4xter kan v\u00e4xa optimalt under kontrollerade f\u00f6rh\u00e5llanden. Detta foliev\u00e4xthus \u00e4r en praktisk, utrymmesbesparande l\u00f6sning f\u00f6r tr\u00e4dg\u00e5rdsm\u00e4stare som vill plantera stilfullt och bekv\u00e4mt.<\/p>\n<p>Beskrivning:<\/p>\n<ul>\n<li> Det lutande designen av v\u00e4xthuset \u00f6kar utrymmesutnyttjandet och minskar vindtrycket<\/li>\n<li> Ogr\u00e4sbarri\u00e4ren f\u00f6rhindrar o\u00f6nskad tillv\u00e4xt, l\u00e5ter luft igenom och beh\u00e5ller jordfuktigheten<\/li>\n<li> UV-resistent t\u00e4ckning av foliev\u00e4xthuset f\u00f6rhindrar br\u00e4nnskador och f\u00f6rl\u00e4nger v\u00e4xternas livsl\u00e4ngd<\/li>\n<li> T\u00e4ckningss\u00f6m runt om f\u00f6r att undvika sprickor<\/li>\n<li> Tv\u00e5 d\u00f6rrar och en upprullningsbar frontv\u00e4gg f\u00f6r enkel tillg\u00e5ng och ventilation<\/li>\n<li> V\u00e4ggmonteringsset och U-formade stift g\u00f6r v\u00e4xthuset stabilare och s\u00e4krare<\/li>\n<li> Enkel montering med plastkopplingar<\/li>\n<\/ul>\n<p> Tekniska data:<\/p>\n<ul>\n<li> F\u00e4rg: Vit<\/li>\n<li> Material: Plast, St\u00e5l<\/li>\n<li> Totala dimensioner: 200L x 80B x 157H cm<\/li>\n<li> D\u00f6rrdimensioner: 68B x 143H cm<\/li>\n<li> Upprullningsbart v\u00e4ggpanel: 170B x 80H cm<\/li>\n<li> Kantbredd: 10 cm<\/li>\n<li> Vindmotst\u00e5ndsniv\u00e5: 4 (17,5 mph). L\u00e4mna inte kvar vid starkare vind<\/li>\n<\/ul>\n<p>Leveransinneh\u00e5ll:<\/p>\n<ul>\n<li> 1 x lutande v\u00e4xthus<\/li>\n<li> 1 x ogr\u00e4sbarri\u00e4r<\/li>\n<li> 4 x U-formade markankare<\/li>\n<li> 4 x v\u00e4ggmonteringsset<\/li>\n<li> 1 x bruksanvisning<\/li>\n<\/ul>\n","protected":false},"excerpt":{"rendered":"<p>Detta [BRAND NAME] foliev\u00e4xthus \u00e4r ett professionellt till\u00e4gg till varje tr\u00e4dg\u00e5rd. Den integrerade ogr\u00e4sbarri\u00e4ren f\u00f6rhindrar o\u00f6nskad tillv\u00e4xt. Utrustat med tv\u00e5&#8230;<\/p>\n","protected":false},"featured_media":100343,"template":"","meta":[],"product_brand":[],"product_cat":[923,858,443],"product_tag":[],"class_list":{"0":"post-100355","1":"product","2":"type-product","3":"status-publish","4":"has-post-thumbnail","6":"product_cat-plastfilm-vaxthus","7":"product_cat-tradgard-terrass","8":"product_cat-vaxthus-tradgardsskotsel","10":"first","11":"instock","12":"sale","13":"taxable","14":"shipping-taxable","15":"purchasable","16":"product-type-simple"},"yoast_head":"<!-- This site is optimized with the Yoast SEO plugin v25.4 - https:\/\/yoast.com\/wordpress\/plugins\/seo\/ -->\n<title>TRUUSK V\u00e4xthus f\u00f6r V\u00e4ggmontering - Plast Presenning - 300 x 80 x 157 cm - Vit - TRUUSK - Hem, Tr\u00e4dg\u00e5rd &amp; Fritid<\/title>\n<meta name=\"robots\" content=\"index, follow, max-snippet:-1, max-image-preview:large, max-video-preview:-1\" \/>\n<link rel=\"canonical\" href=\"https:\/\/truusk.store\/sv\/produkt\/truusk-vaxthus-for-vaggmontering-plast-presenning-300-x-80-x-157-cm-vit\/\" \/>\n<meta property=\"og:locale\" content=\"sv_SE\" \/>\n<meta property=\"og:type\" content=\"article\" \/>\n<meta property=\"og:title\" content=\"TRUUSK V\u00e4xthus f\u00f6r V\u00e4ggmontering - Plast Presenning - 300 x 80 x 157 cm - Vit - TRUUSK - Hem, Tr\u00e4dg\u00e5rd &amp; Fritid\" \/>\n<meta property=\"og:description\" content=\"Detta [BRAND NAME] foliev\u00e4xthus \u00e4r ett professionellt till\u00e4gg till varje tr\u00e4dg\u00e5rd. Den integrerade ogr\u00e4sbarri\u00e4ren f\u00f6rhindrar o\u00f6nskad tillv\u00e4xt. Utrustat med tv\u00e5...\" \/>\n<meta property=\"og:url\" content=\"https:\/\/truusk.store\/sv\/produkt\/truusk-vaxthus-for-vaggmontering-plast-presenning-300-x-80-x-157-cm-vit\/\" \/>\n<meta property=\"og:site_name\" content=\"TRUUSK - Hem, Tr\u00e4dg\u00e5rd &amp; Fritid\" \/>\n<meta property=\"article:modified_time\" content=\"2026-03-12T08:46:16+00:00\" \/>\n<meta property=\"og:image\" content=\"https:\/\/i0.wp.com\/truusk.se\/wp-content\/uploads\/2026\/01\/vaggmonterat-vaxthus-tillgangligt-plantagehus-plast-presenning-300-x-80-x-157-cm-vit-1-1.webp?fit=2000%2C2000&ssl=1\" \/>\n\t<meta property=\"og:image:width\" content=\"2000\" \/>\n\t<meta property=\"og:image:height\" content=\"2000\" \/>\n\t<meta property=\"og:image:type\" content=\"image\/webp\" \/>\n<meta name=\"twitter:card\" content=\"summary_large_image\" \/>\n<meta name=\"twitter:label1\" content=\"Ber\u00e4knad l\u00e4stid\" \/>\n\t<meta name=\"twitter:data1\" content=\"1 minut\" \/>\n<!-- \/ Yoast SEO plugin. -->","yoast_head_json":{"title":"TRUUSK V\u00e4xthus f\u00f6r V\u00e4ggmontering - Plast Presenning - 300 x 80 x 157 cm - Vit - TRUUSK - Hem, Tr\u00e4dg\u00e5rd &amp; Fritid","robots":{"index":"index","follow":"follow","max-snippet":"max-snippet:-1","max-image-preview":"max-image-preview:large","max-video-preview":"max-video-preview:-1"},"canonical":"https:\/\/truusk.store\/sv\/produkt\/truusk-vaxthus-for-vaggmontering-plast-presenning-300-x-80-x-157-cm-vit\/","og_locale":"sv_SE","og_type":"article","og_title":"TRUUSK V\u00e4xthus f\u00f6r V\u00e4ggmontering - Plast Presenning - 300 x 80 x 157 cm - Vit - TRUUSK - Hem, Tr\u00e4dg\u00e5rd &amp; Fritid","og_description":"Detta [BRAND NAME] foliev\u00e4xthus \u00e4r ett professionellt till\u00e4gg till varje tr\u00e4dg\u00e5rd. Den integrerade ogr\u00e4sbarri\u00e4ren f\u00f6rhindrar o\u00f6nskad tillv\u00e4xt. Utrustat med tv\u00e5...","og_url":"https:\/\/truusk.store\/sv\/produkt\/truusk-vaxthus-for-vaggmontering-plast-presenning-300-x-80-x-157-cm-vit\/","og_site_name":"TRUUSK - Hem, Tr\u00e4dg\u00e5rd &amp; Fritid","article_modified_time":"2026-03-12T08:46:16+00:00","og_image":[{"width":2000,"height":2000,"url":"https:\/\/i0.wp.com\/truusk.se\/wp-content\/uploads\/2026\/01\/vaggmonterat-vaxthus-tillgangligt-plantagehus-plast-presenning-300-x-80-x-157-cm-vit-1-1.webp?fit=2000%2C2000&ssl=1","type":"image\/webp"}],"twitter_card":"summary_large_image","twitter_misc":{"Ber\u00e4knad l\u00e4stid":"1 minut"},"schema":{"@context":"https:\/\/schema.org","@graph":[{"@type":"WebPage","@id":"https:\/\/truusk.store\/sv\/produkt\/truusk-vaxthus-for-vaggmontering-plast-presenning-300-x-80-x-157-cm-vit\/","url":"https:\/\/truusk.store\/sv\/produkt\/truusk-vaxthus-for-vaggmontering-plast-presenning-300-x-80-x-157-cm-vit\/","name":"TRUUSK V\u00e4xthus f\u00f6r V\u00e4ggmontering - Plast Presenning - 300 x 80 x 157 cm - Vit - TRUUSK - Hem, Tr\u00e4dg\u00e5rd &amp; Fritid","isPartOf":{"@id":"https:\/\/truusk.store\/sv\/#website"},"primaryImageOfPage":{"@id":"https:\/\/truusk.store\/sv\/produkt\/truusk-vaxthus-for-vaggmontering-plast-presenning-300-x-80-x-157-cm-vit\/#primaryimage"},"image":{"@id":"https:\/\/truusk.store\/sv\/produkt\/truusk-vaxthus-for-vaggmontering-plast-presenning-300-x-80-x-157-cm-vit\/#primaryimage"},"thumbnailUrl":"https:\/\/i0.wp.com\/truusk.store\/wp-content\/uploads\/2026\/01\/vaggmonterat-vaxthus-tillgangligt-plantagehus-plast-presenning-300-x-80-x-157-cm-vit-1-1.webp?fit=2000%2C2000&ssl=1","datePublished":"2026-01-21T03:29:55+00:00","dateModified":"2026-03-12T08:46:16+00:00","breadcrumb":{"@id":"https:\/\/truusk.store\/sv\/produkt\/truusk-vaxthus-for-vaggmontering-plast-presenning-300-x-80-x-157-cm-vit\/#breadcrumb"},"inLanguage":"sv-SE","potentialAction":[{"@type":"ReadAction","target":["https:\/\/truusk.store\/sv\/produkt\/truusk-vaxthus-for-vaggmontering-plast-presenning-300-x-80-x-157-cm-vit\/"]}]},{"@type":"ImageObject","inLanguage":"sv-SE","@id":"https:\/\/truusk.store\/sv\/produkt\/truusk-vaxthus-for-vaggmontering-plast-presenning-300-x-80-x-157-cm-vit\/#primaryimage","url":"https:\/\/i0.wp.com\/truusk.store\/wp-content\/uploads\/2026\/01\/vaggmonterat-vaxthus-tillgangligt-plantagehus-plast-presenning-300-x-80-x-157-cm-vit-1-1.webp?fit=2000%2C2000&ssl=1","contentUrl":"https:\/\/i0.wp.com\/truusk.store\/wp-content\/uploads\/2026\/01\/vaggmonterat-vaxthus-tillgangligt-plantagehus-plast-presenning-300-x-80-x-157-cm-vit-1-1.webp?fit=2000%2C2000&ssl=1","width":2000,"height":2000},{"@type":"BreadcrumbList","@id":"https:\/\/truusk.store\/sv\/produkt\/truusk-vaxthus-for-vaggmontering-plast-presenning-300-x-80-x-157-cm-vit\/#breadcrumb","itemListElement":[{"@type":"ListItem","position":1,"name":"Home","item":"https:\/\/truusk.store\/sv\/"},{"@type":"ListItem","position":2,"name":"Shop","item":"https:\/\/truusk.store\/shop\/"},{"@type":"ListItem","position":3,"name":"TRUUSK V\u00e4xthus f\u00f6r V\u00e4ggmontering &#8211; Plast Presenning &#8211; 300 x 80 x 157 cm &#8211; Vit"}]},{"@type":"WebSite","@id":"https:\/\/truusk.store\/sv\/#website","url":"https:\/\/truusk.store\/sv\/","name":"TRUUSK - Hem, Tr\u00e4dg\u00e5rd & Fritid","description":"","publisher":{"@id":"https:\/\/truusk.store\/sv\/#organization"},"potentialAction":[{"@type":"SearchAction","target":{"@type":"EntryPoint","urlTemplate":"https:\/\/truusk.store\/sv\/?s={search_term_string}"},"query-input":{"@type":"PropertyValueSpecification","valueRequired":true,"valueName":"search_term_string"}}],"inLanguage":"sv-SE"},{"@type":"Organization","@id":"https:\/\/truusk.store\/sv\/#organization","name":"TRUUSK - Hem, Tr\u00e4dg\u00e5rd & Fritid","url":"https:\/\/truusk.store\/sv\/","logo":{"@type":"ImageObject","inLanguage":"sv-SE","@id":"https:\/\/truusk.store\/sv\/#\/schema\/logo\/image\/","url":"https:\/\/i0.wp.com\/truusk.store\/wp-content\/uploads\/2026\/03\/cropped-TRUUSK.png?fit=2032%2C917&ssl=1","contentUrl":"https:\/\/i0.wp.com\/truusk.store\/wp-content\/uploads\/2026\/03\/cropped-TRUUSK.png?fit=2032%2C917&ssl=1","width":2032,"height":917,"caption":"TRUUSK - Hem, Tr\u00e4dg\u00e5rd & Fritid"},"image":{"@id":"https:\/\/truusk.store\/sv\/#\/schema\/logo\/image\/"}}]}},"jetpack_sharing_enabled":true,"_links":{"self":[{"href":"https:\/\/truusk.store\/sv\/wp-json\/wp\/v2\/product\/100355","targetHints":{"allow":["GET"]}}],"collection":[{"href":"https:\/\/truusk.store\/sv\/wp-json\/wp\/v2\/product"}],"about":[{"href":"https:\/\/truusk.store\/sv\/wp-json\/wp\/v2\/types\/product"}],"wp:featuredmedia":[{"embeddable":true,"href":"https:\/\/truusk.store\/sv\/wp-json\/wp\/v2\/media\/100343"}],"wp:attachment":[{"href":"https:\/\/truusk.store\/sv\/wp-json\/wp\/v2\/media?parent=100355"}],"wp:term":[{"taxonomy":"product_brand","embeddable":true,"href":"https:\/\/truusk.store\/sv\/wp-json\/wp\/v2\/product_brand?post=100355"},{"taxonomy":"product_cat","embeddable":true,"href":"https:\/\/truusk.store\/sv\/wp-json\/wp\/v2\/product_cat?post=100355"},{"taxonomy":"product_tag","embeddable":true,"href":"https:\/\/truusk.store\/sv\/wp-json\/wp\/v2\/product_tag?post=100355"}],"curies":[{"name":"wp","href":"https:\/\/api.w.org\/{rel}","templated":true}]}}