{"id":100363,"date":"2026-01-21T04:30:52","date_gmt":"2026-01-21T03:30:52","guid":{"rendered":"https:\/\/truusk.store\/product\/2-pack-hoga-baddar-for-tradgard-utomhus-plantkarl-med-oppen-botten-gummikant-metall-181-x-93-x-30-cm-gron\/"},"modified":"2026-03-12T09:46:31","modified_gmt":"2026-03-12T08:46:31","slug":"truusk-2-pack-hoga-baddar-for-tradgard-utomhus-plantkarl-med-oppen-botten-gummikant-metall-181-x-93-x-30-cm-gron","status":"publish","type":"product","link":"https:\/\/truusk.store\/sv\/produkt\/truusk-2-pack-hoga-baddar-for-tradgard-utomhus-plantkarl-med-oppen-botten-gummikant-metall-181-x-93-x-30-cm-gron\/","title":{"rendered":"TRUUSK 2-pack H\u00f6ga B\u00e4ddar F\u00f6r Tr\u00e4dg\u00e5rd &#8211; Utomhus Plantk\u00e4rl Med \u00f6ppen Botten &#8211; Gummikant &#8211; Metall &#8211; 181 X 93 X 30 Cm &#8211; Gr\u00f6n"},"content":{"rendered":"<p>Optimera din tr\u00e4dg\u00e5rdsarbete med [BRAND NAME] h\u00f6ga b\u00e4ddar gjorda av robust, galvaniserat st\u00e5l, inklusive tv\u00e5 metallplantst\u00f6d och en s\u00e4kerhetsgummikant. Den \u00f6ppna botten designen av h\u00f6ga b\u00e4ddar f\u00f6r tr\u00e4dg\u00e5rden fr\u00e4mjar v\u00e4xternas rottillv\u00e4xt och g\u00f6r dem idealiska f\u00f6r b\u00e5de nyb\u00f6rjare och professionella tr\u00e4dg\u00e5rdsm\u00e4stare.<\/p>\n<p>Beskrivning:<\/p>\n<ul>\n<li> Set med tv\u00e5 h\u00f6ga b\u00e4ddar f\u00f6r tr\u00e4dg\u00e5rden: kan anv\u00e4ndas enskilt eller tillsammans<\/li>\n<li> Galvaniserade st\u00e5lramar av h\u00f6ga b\u00e4ddar f\u00f6r balkongen garanterar robusta b\u00e4ddar<\/li>\n<li> Metallplantst\u00f6d av plantl\u00e5dan st\u00f6djer v\u00e4xternas tillv\u00e4xt och ger stabilisering<\/li>\n<li> En gummif\u00f6rsegling skyddar den \u00f6vre kanten, s\u00e5 att du inte r\u00e5kar sk\u00e4ra dig<\/li>\n<li> Den \u00f6ppna botten designen l\u00e5ter r\u00f6tterna sprida sig fritt i marken<\/li>\n<li> Enkel montering m\u00f6jligg\u00f6r snabb uppbyggnad utan speciella verktyg<\/li>\n<\/ul>\n<p> Tekniska data:<\/p>\n<ul>\n<li> F\u00e4rg: Gr\u00f6n<\/li>\n<li> Material: Galvaniserat st\u00e5l<\/li>\n<li> Totala dimensioner: 181L x 93B x 30H cm<\/li>\n<li> Inre dimensioner: 180L x 91B x 30H cm<\/li>\n<\/ul>\n<p> Leveransinneh\u00e5ll:<\/p>\n<ul>\n<li> 2 x h\u00f6g b\u00e4dd<\/li>\n<li> 20 x anslutningspanel<\/li>\n<li> 1 x gummif\u00f6rsegling<\/li>\n<li> 2 x metallplantst\u00f6d<\/li>\n<li> 1 par handskar<\/li>\n<li> 1 x handbok<\/li>\n<\/ul>\n","protected":false},"excerpt":{"rendered":"<p>Optimera din tr\u00e4dg\u00e5rdsarbete med [BRAND NAME] h\u00f6ga b\u00e4ddar gjorda av robust, galvaniserat st\u00e5l, inklusive tv\u00e5 metallplantst\u00f6d och en s\u00e4kerhetsgummikant. Den&#8230;<\/p>\n","protected":false},"featured_media":100352,"template":"","meta":[],"product_brand":[],"product_cat":[922,858,443],"product_tag":[],"class_list":{"0":"post-100363","1":"product","2":"type-product","3":"status-publish","4":"has-post-thumbnail","6":"product_cat-planteringskarl","7":"product_cat-tradgard-terrass","8":"product_cat-vaxthus-tradgardsskotsel","10":"first","11":"instock","12":"sale","13":"taxable","14":"shipping-taxable","15":"purchasable","16":"product-type-simple"},"yoast_head":"<!-- This site is optimized with the Yoast SEO plugin v25.4 - https:\/\/yoast.com\/wordpress\/plugins\/seo\/ -->\n<title>TRUUSK 2-pack H\u00f6ga B\u00e4ddar F\u00f6r Tr\u00e4dg\u00e5rd - Utomhus Plantk\u00e4rl Med \u00f6ppen Botten - Gummikant - Metall - 181 X 93 X 30 Cm - Gr\u00f6n - TRUUSK - Hem, Tr\u00e4dg\u00e5rd &amp; Fritid<\/title>\n<meta name=\"robots\" content=\"index, follow, max-snippet:-1, max-image-preview:large, max-video-preview:-1\" \/>\n<link rel=\"canonical\" href=\"https:\/\/truusk.store\/sv\/produkt\/truusk-2-pack-hoga-baddar-for-tradgard-utomhus-plantkarl-med-oppen-botten-gummikant-metall-181-x-93-x-30-cm-gron\/\" \/>\n<meta property=\"og:locale\" content=\"sv_SE\" \/>\n<meta property=\"og:type\" content=\"article\" \/>\n<meta property=\"og:title\" content=\"TRUUSK 2-pack H\u00f6ga B\u00e4ddar F\u00f6r Tr\u00e4dg\u00e5rd - Utomhus Plantk\u00e4rl Med \u00f6ppen Botten - Gummikant - Metall - 181 X 93 X 30 Cm - Gr\u00f6n - TRUUSK - Hem, Tr\u00e4dg\u00e5rd &amp; Fritid\" \/>\n<meta property=\"og:description\" content=\"Optimera din tr\u00e4dg\u00e5rdsarbete med [BRAND NAME] h\u00f6ga b\u00e4ddar gjorda av robust, galvaniserat st\u00e5l, inklusive tv\u00e5 metallplantst\u00f6d och en s\u00e4kerhetsgummikant. Den...\" \/>\n<meta property=\"og:url\" content=\"https:\/\/truusk.store\/sv\/produkt\/truusk-2-pack-hoga-baddar-for-tradgard-utomhus-plantkarl-med-oppen-botten-gummikant-metall-181-x-93-x-30-cm-gron\/\" \/>\n<meta property=\"og:site_name\" content=\"TRUUSK - Hem, Tr\u00e4dg\u00e5rd &amp; Fritid\" \/>\n<meta property=\"article:modified_time\" content=\"2026-03-12T08:46:31+00:00\" \/>\n<meta property=\"og:image\" content=\"https:\/\/i0.wp.com\/truusk.se\/wp-content\/uploads\/2026\/01\/2-pack-hoga-baddar-for-tradgard-utomhus-plantkarl-med-oppen-botten-gummikant-metall-181-x-93-x-30-cm-gron-1.webp?fit=2000%2C2000&ssl=1\" \/>\n\t<meta property=\"og:image:width\" content=\"2000\" \/>\n\t<meta property=\"og:image:height\" content=\"2000\" \/>\n\t<meta property=\"og:image:type\" content=\"image\/webp\" \/>\n<meta name=\"twitter:card\" content=\"summary_large_image\" \/>\n<meta name=\"twitter:label1\" content=\"Ber\u00e4knad l\u00e4stid\" \/>\n\t<meta name=\"twitter:data1\" content=\"1 minut\" \/>\n<!-- \/ Yoast SEO plugin. -->","yoast_head_json":{"title":"TRUUSK 2-pack H\u00f6ga B\u00e4ddar F\u00f6r Tr\u00e4dg\u00e5rd - Utomhus Plantk\u00e4rl Med \u00f6ppen Botten - Gummikant - Metall - 181 X 93 X 30 Cm - Gr\u00f6n - TRUUSK - Hem, Tr\u00e4dg\u00e5rd &amp; Fritid","robots":{"index":"index","follow":"follow","max-snippet":"max-snippet:-1","max-image-preview":"max-image-preview:large","max-video-preview":"max-video-preview:-1"},"canonical":"https:\/\/truusk.store\/sv\/produkt\/truusk-2-pack-hoga-baddar-for-tradgard-utomhus-plantkarl-med-oppen-botten-gummikant-metall-181-x-93-x-30-cm-gron\/","og_locale":"sv_SE","og_type":"article","og_title":"TRUUSK 2-pack H\u00f6ga B\u00e4ddar F\u00f6r Tr\u00e4dg\u00e5rd - Utomhus Plantk\u00e4rl Med \u00f6ppen Botten - Gummikant - Metall - 181 X 93 X 30 Cm - Gr\u00f6n - TRUUSK - Hem, Tr\u00e4dg\u00e5rd &amp; Fritid","og_description":"Optimera din tr\u00e4dg\u00e5rdsarbete med [BRAND NAME] h\u00f6ga b\u00e4ddar gjorda av robust, galvaniserat st\u00e5l, inklusive tv\u00e5 metallplantst\u00f6d och en s\u00e4kerhetsgummikant. Den...","og_url":"https:\/\/truusk.store\/sv\/produkt\/truusk-2-pack-hoga-baddar-for-tradgard-utomhus-plantkarl-med-oppen-botten-gummikant-metall-181-x-93-x-30-cm-gron\/","og_site_name":"TRUUSK - Hem, Tr\u00e4dg\u00e5rd &amp; Fritid","article_modified_time":"2026-03-12T08:46:31+00:00","og_image":[{"width":2000,"height":2000,"url":"https:\/\/i0.wp.com\/truusk.se\/wp-content\/uploads\/2026\/01\/2-pack-hoga-baddar-for-tradgard-utomhus-plantkarl-med-oppen-botten-gummikant-metall-181-x-93-x-30-cm-gron-1.webp?fit=2000%2C2000&ssl=1","type":"image\/webp"}],"twitter_card":"summary_large_image","twitter_misc":{"Ber\u00e4knad l\u00e4stid":"1 minut"},"schema":{"@context":"https:\/\/schema.org","@graph":[{"@type":"WebPage","@id":"https:\/\/truusk.store\/sv\/produkt\/truusk-2-pack-hoga-baddar-for-tradgard-utomhus-plantkarl-med-oppen-botten-gummikant-metall-181-x-93-x-30-cm-gron\/","url":"https:\/\/truusk.store\/sv\/produkt\/truusk-2-pack-hoga-baddar-for-tradgard-utomhus-plantkarl-med-oppen-botten-gummikant-metall-181-x-93-x-30-cm-gron\/","name":"TRUUSK 2-pack H\u00f6ga B\u00e4ddar F\u00f6r Tr\u00e4dg\u00e5rd - Utomhus Plantk\u00e4rl Med \u00f6ppen Botten - Gummikant - Metall - 181 X 93 X 30 Cm - Gr\u00f6n - TRUUSK - Hem, Tr\u00e4dg\u00e5rd &amp; Fritid","isPartOf":{"@id":"https:\/\/truusk.store\/sv\/#website"},"primaryImageOfPage":{"@id":"https:\/\/truusk.store\/sv\/produkt\/truusk-2-pack-hoga-baddar-for-tradgard-utomhus-plantkarl-med-oppen-botten-gummikant-metall-181-x-93-x-30-cm-gron\/#primaryimage"},"image":{"@id":"https:\/\/truusk.store\/sv\/produkt\/truusk-2-pack-hoga-baddar-for-tradgard-utomhus-plantkarl-med-oppen-botten-gummikant-metall-181-x-93-x-30-cm-gron\/#primaryimage"},"thumbnailUrl":"https:\/\/i0.wp.com\/truusk.store\/wp-content\/uploads\/2026\/01\/2-pack-hoga-baddar-for-tradgard-utomhus-plantkarl-med-oppen-botten-gummikant-metall-181-x-93-x-30-cm-gron-1.webp?fit=2000%2C2000&ssl=1","datePublished":"2026-01-21T03:30:52+00:00","dateModified":"2026-03-12T08:46:31+00:00","breadcrumb":{"@id":"https:\/\/truusk.store\/sv\/produkt\/truusk-2-pack-hoga-baddar-for-tradgard-utomhus-plantkarl-med-oppen-botten-gummikant-metall-181-x-93-x-30-cm-gron\/#breadcrumb"},"inLanguage":"sv-SE","potentialAction":[{"@type":"ReadAction","target":["https:\/\/truusk.store\/sv\/produkt\/truusk-2-pack-hoga-baddar-for-tradgard-utomhus-plantkarl-med-oppen-botten-gummikant-metall-181-x-93-x-30-cm-gron\/"]}]},{"@type":"ImageObject","inLanguage":"sv-SE","@id":"https:\/\/truusk.store\/sv\/produkt\/truusk-2-pack-hoga-baddar-for-tradgard-utomhus-plantkarl-med-oppen-botten-gummikant-metall-181-x-93-x-30-cm-gron\/#primaryimage","url":"https:\/\/i0.wp.com\/truusk.store\/wp-content\/uploads\/2026\/01\/2-pack-hoga-baddar-for-tradgard-utomhus-plantkarl-med-oppen-botten-gummikant-metall-181-x-93-x-30-cm-gron-1.webp?fit=2000%2C2000&ssl=1","contentUrl":"https:\/\/i0.wp.com\/truusk.store\/wp-content\/uploads\/2026\/01\/2-pack-hoga-baddar-for-tradgard-utomhus-plantkarl-med-oppen-botten-gummikant-metall-181-x-93-x-30-cm-gron-1.webp?fit=2000%2C2000&ssl=1","width":2000,"height":2000},{"@type":"BreadcrumbList","@id":"https:\/\/truusk.store\/sv\/produkt\/truusk-2-pack-hoga-baddar-for-tradgard-utomhus-plantkarl-med-oppen-botten-gummikant-metall-181-x-93-x-30-cm-gron\/#breadcrumb","itemListElement":[{"@type":"ListItem","position":1,"name":"Home","item":"https:\/\/truusk.store\/sv\/"},{"@type":"ListItem","position":2,"name":"Shop","item":"https:\/\/truusk.store\/shop\/"},{"@type":"ListItem","position":3,"name":"TRUUSK 2-pack H\u00f6ga B\u00e4ddar F\u00f6r Tr\u00e4dg\u00e5rd &#8211; Utomhus Plantk\u00e4rl Med \u00f6ppen Botten &#8211; Gummikant &#8211; Metall &#8211; 181 X 93 X 30 Cm &#8211; Gr\u00f6n"}]},{"@type":"WebSite","@id":"https:\/\/truusk.store\/sv\/#website","url":"https:\/\/truusk.store\/sv\/","name":"TRUUSK - Hem, Tr\u00e4dg\u00e5rd & Fritid","description":"","publisher":{"@id":"https:\/\/truusk.store\/sv\/#organization"},"potentialAction":[{"@type":"SearchAction","target":{"@type":"EntryPoint","urlTemplate":"https:\/\/truusk.store\/sv\/?s={search_term_string}"},"query-input":{"@type":"PropertyValueSpecification","valueRequired":true,"valueName":"search_term_string"}}],"inLanguage":"sv-SE"},{"@type":"Organization","@id":"https:\/\/truusk.store\/sv\/#organization","name":"TRUUSK - Hem, Tr\u00e4dg\u00e5rd & Fritid","url":"https:\/\/truusk.store\/sv\/","logo":{"@type":"ImageObject","inLanguage":"sv-SE","@id":"https:\/\/truusk.store\/sv\/#\/schema\/logo\/image\/","url":"https:\/\/i0.wp.com\/truusk.store\/wp-content\/uploads\/2026\/03\/cropped-TRUUSK.png?fit=2032%2C917&ssl=1","contentUrl":"https:\/\/i0.wp.com\/truusk.store\/wp-content\/uploads\/2026\/03\/cropped-TRUUSK.png?fit=2032%2C917&ssl=1","width":2032,"height":917,"caption":"TRUUSK - Hem, Tr\u00e4dg\u00e5rd & Fritid"},"image":{"@id":"https:\/\/truusk.store\/sv\/#\/schema\/logo\/image\/"}}]}},"jetpack_sharing_enabled":true,"_links":{"self":[{"href":"https:\/\/truusk.store\/sv\/wp-json\/wp\/v2\/product\/100363","targetHints":{"allow":["GET"]}}],"collection":[{"href":"https:\/\/truusk.store\/sv\/wp-json\/wp\/v2\/product"}],"about":[{"href":"https:\/\/truusk.store\/sv\/wp-json\/wp\/v2\/types\/product"}],"wp:featuredmedia":[{"embeddable":true,"href":"https:\/\/truusk.store\/sv\/wp-json\/wp\/v2\/media\/100352"}],"wp:attachment":[{"href":"https:\/\/truusk.store\/sv\/wp-json\/wp\/v2\/media?parent=100363"}],"wp:term":[{"taxonomy":"product_brand","embeddable":true,"href":"https:\/\/truusk.store\/sv\/wp-json\/wp\/v2\/product_brand?post=100363"},{"taxonomy":"product_cat","embeddable":true,"href":"https:\/\/truusk.store\/sv\/wp-json\/wp\/v2\/product_cat?post=100363"},{"taxonomy":"product_tag","embeddable":true,"href":"https:\/\/truusk.store\/sv\/wp-json\/wp\/v2\/product_tag?post=100363"}],"curies":[{"name":"wp","href":"https:\/\/api.w.org\/{rel}","templated":true}]}}