{"id":100393,"date":"2026-01-22T04:31:45","date_gmt":"2026-01-22T03:31:45","guid":{"rendered":"https:\/\/truusk.store\/product\/planteringslada-med-klatterstod-fyrkantig-vaxtlada-i-tra-med-ryggspalje-for-klattervaxter-och-tak\/"},"modified":"2026-03-12T09:33:14","modified_gmt":"2026-03-12T08:33:14","slug":"truusk-planteringslada-med-klatterstod-fyrkantig-travaxtlada-ryggspalje-for-klattervaxter-och-tak-hallbar-och-stilren","status":"publish","type":"product","link":"https:\/\/truusk.store\/sv\/produkt\/truusk-planteringslada-med-klatterstod-fyrkantig-travaxtlada-ryggspalje-for-klattervaxter-och-tak-hallbar-och-stilren\/","title":{"rendered":"TRUUSK Planteringsl\u00e5da med Kl\u00e4tterst\u00f6d &#8211; Fyrkantig Tr\u00e4v\u00e4xtl\u00e5da &#8211; Ryggspalj\u00e9 f\u00f6r Kl\u00e4tterv\u00e4xter och Tak &#8211; H\u00e5llbar och Stilren &#8211;"},"content":{"rendered":"<p>Detta eleganta h\u00f6ga blomsterl\u00e5da f\u00f6r balkong fr\u00e5n [BRAND NAME] \u00e4r utrustad med ett ryggspalj\u00e9 och ett tak f\u00f6r h\u00e4ngande v\u00e4xter. Tillverkad av robust grantr\u00e4, \u00e4r blomsterl\u00e5dans konstruktion perfekt f\u00f6r utomhusbruk. Lev upp ditt hem med h\u00f6gblomsterl\u00e5dan med kl\u00e4ttergitter och presentera dina v\u00e4xter med attraktiv stil.<\/p>\n<p>Beskrivning:<\/p>\n<ul>\n<li> Gott om plats f\u00f6r att plantera gr\u00f6nsaker, blommor, \u00f6rter och mer<\/li>\n<li> Bakre kl\u00e4ttergitter f\u00f6r att v\u00e4xter och rankor kan v\u00e4xa upp\u00e5t och runt<\/li>\n<li> Liten tak p\u00e5 h\u00f6gblomsterl\u00e5dan f\u00f6r h\u00e4ngande korgar och krukor<\/li>\n<li> Strukturen av grantr\u00e4 i h\u00f6gblomsterl\u00e5dan \u00e4r stark och h\u00e5llbar, med ett skyddande f\u00e4rgskikt<\/li>\n<li> \u00d6ppen inre botten s\u00e5 att jord och r\u00f6tter har gott om plats<\/li>\n<\/ul>\n<p> Tekniska data:<\/p>\n<ul>\n<li> F\u00e4rg: Naturtr\u00e4<\/li>\n<li> Material: Grantr\u00e4<\/li>\n<li> Totala dimensioner: 160L x 55B x 183H cm<\/li>\n<li> Inre dimensioner f\u00f6r planteringsl\u00e5da: 96,5L x 52B x 30H cm<\/li>\n<li> Golvstorlek: 99L x 55B cm<\/li>\n<li> Enskild gitterstorlek: 92L x 30B cm<\/li>\n<\/ul>\n<p> Leveransinneh\u00e5ll:<\/p>\n<ul>\n<li> 1 x H\u00f6g blomsterl\u00e5da<\/li>\n<li> 1 x Bruksanvisning<\/li>\n<\/ul>\n","protected":false},"excerpt":{"rendered":"<p>Detta eleganta h\u00f6ga blomsterl\u00e5da f\u00f6r balkong fr\u00e5n [BRAND NAME] \u00e4r utrustad med ett ryggspalj\u00e9 och ett tak f\u00f6r h\u00e4ngande v\u00e4xter&#8230;.<\/p>\n","protected":false},"featured_media":100384,"template":"","meta":[],"product_brand":[],"product_cat":[922,858,443],"product_tag":[],"class_list":{"0":"post-100393","1":"product","2":"type-product","3":"status-publish","4":"has-post-thumbnail","6":"product_cat-planteringskarl","7":"product_cat-tradgard-terrass","8":"product_cat-vaxthus-tradgardsskotsel","10":"first","11":"instock","12":"sale","13":"taxable","14":"shipping-taxable","15":"purchasable","16":"product-type-simple"},"yoast_head":"<!-- This site is optimized with the Yoast SEO plugin v25.4 - https:\/\/yoast.com\/wordpress\/plugins\/seo\/ -->\n<title>TRUUSK Planteringsl\u00e5da med Kl\u00e4tterst\u00f6d - Fyrkantig Tr\u00e4v\u00e4xtl\u00e5da - Ryggspalj\u00e9 f\u00f6r Kl\u00e4tterv\u00e4xter och Tak - H\u00e5llbar och Stilren - TRUUSK - Hem, Tr\u00e4dg\u00e5rd &amp; Fritid<\/title>\n<meta name=\"robots\" content=\"index, follow, max-snippet:-1, max-image-preview:large, max-video-preview:-1\" \/>\n<link rel=\"canonical\" href=\"https:\/\/truusk.store\/sv\/produkt\/truusk-planteringslada-med-klatterstod-fyrkantig-travaxtlada-ryggspalje-for-klattervaxter-och-tak-hallbar-och-stilren\/\" \/>\n<meta property=\"og:locale\" content=\"sv_SE\" \/>\n<meta property=\"og:type\" content=\"article\" \/>\n<meta property=\"og:title\" content=\"TRUUSK Planteringsl\u00e5da med Kl\u00e4tterst\u00f6d - Fyrkantig Tr\u00e4v\u00e4xtl\u00e5da - Ryggspalj\u00e9 f\u00f6r Kl\u00e4tterv\u00e4xter och Tak - H\u00e5llbar och Stilren - TRUUSK - Hem, Tr\u00e4dg\u00e5rd &amp; Fritid\" \/>\n<meta property=\"og:description\" content=\"Detta eleganta h\u00f6ga blomsterl\u00e5da f\u00f6r balkong fr\u00e5n [BRAND NAME] \u00e4r utrustad med ett ryggspalj\u00e9 och ett tak f\u00f6r h\u00e4ngande v\u00e4xter....\" \/>\n<meta property=\"og:url\" content=\"https:\/\/truusk.store\/sv\/produkt\/truusk-planteringslada-med-klatterstod-fyrkantig-travaxtlada-ryggspalje-for-klattervaxter-och-tak-hallbar-och-stilren\/\" \/>\n<meta property=\"og:site_name\" content=\"TRUUSK - Hem, Tr\u00e4dg\u00e5rd &amp; Fritid\" \/>\n<meta property=\"article:modified_time\" content=\"2026-03-12T08:33:14+00:00\" \/>\n<meta property=\"og:image\" content=\"https:\/\/i0.wp.com\/truusk.se\/wp-content\/uploads\/2026\/01\/planteringslada-med-klatterstod-fyrkantig-vaxtlada-i-tra-med-ryggspalje-for-klattervaxter-och-tak-1.webp?fit=2000%2C2000&ssl=1\" \/>\n\t<meta property=\"og:image:width\" content=\"2000\" \/>\n\t<meta property=\"og:image:height\" content=\"2000\" \/>\n\t<meta property=\"og:image:type\" content=\"image\/webp\" \/>\n<meta name=\"twitter:card\" content=\"summary_large_image\" \/>\n<meta name=\"twitter:label1\" content=\"Ber\u00e4knad l\u00e4stid\" \/>\n\t<meta name=\"twitter:data1\" content=\"1 minut\" \/>\n<!-- \/ Yoast SEO plugin. -->","yoast_head_json":{"title":"TRUUSK Planteringsl\u00e5da med Kl\u00e4tterst\u00f6d - Fyrkantig Tr\u00e4v\u00e4xtl\u00e5da - Ryggspalj\u00e9 f\u00f6r Kl\u00e4tterv\u00e4xter och Tak - H\u00e5llbar och Stilren - TRUUSK - Hem, Tr\u00e4dg\u00e5rd &amp; Fritid","robots":{"index":"index","follow":"follow","max-snippet":"max-snippet:-1","max-image-preview":"max-image-preview:large","max-video-preview":"max-video-preview:-1"},"canonical":"https:\/\/truusk.store\/sv\/produkt\/truusk-planteringslada-med-klatterstod-fyrkantig-travaxtlada-ryggspalje-for-klattervaxter-och-tak-hallbar-och-stilren\/","og_locale":"sv_SE","og_type":"article","og_title":"TRUUSK Planteringsl\u00e5da med Kl\u00e4tterst\u00f6d - Fyrkantig Tr\u00e4v\u00e4xtl\u00e5da - Ryggspalj\u00e9 f\u00f6r Kl\u00e4tterv\u00e4xter och Tak - H\u00e5llbar och Stilren - TRUUSK - Hem, Tr\u00e4dg\u00e5rd &amp; Fritid","og_description":"Detta eleganta h\u00f6ga blomsterl\u00e5da f\u00f6r balkong fr\u00e5n [BRAND NAME] \u00e4r utrustad med ett ryggspalj\u00e9 och ett tak f\u00f6r h\u00e4ngande v\u00e4xter....","og_url":"https:\/\/truusk.store\/sv\/produkt\/truusk-planteringslada-med-klatterstod-fyrkantig-travaxtlada-ryggspalje-for-klattervaxter-och-tak-hallbar-och-stilren\/","og_site_name":"TRUUSK - Hem, Tr\u00e4dg\u00e5rd &amp; Fritid","article_modified_time":"2026-03-12T08:33:14+00:00","og_image":[{"width":2000,"height":2000,"url":"https:\/\/i0.wp.com\/truusk.se\/wp-content\/uploads\/2026\/01\/planteringslada-med-klatterstod-fyrkantig-vaxtlada-i-tra-med-ryggspalje-for-klattervaxter-och-tak-1.webp?fit=2000%2C2000&ssl=1","type":"image\/webp"}],"twitter_card":"summary_large_image","twitter_misc":{"Ber\u00e4knad l\u00e4stid":"1 minut"},"schema":{"@context":"https:\/\/schema.org","@graph":[{"@type":"WebPage","@id":"https:\/\/truusk.store\/sv\/produkt\/truusk-planteringslada-med-klatterstod-fyrkantig-travaxtlada-ryggspalje-for-klattervaxter-och-tak-hallbar-och-stilren\/","url":"https:\/\/truusk.store\/sv\/produkt\/truusk-planteringslada-med-klatterstod-fyrkantig-travaxtlada-ryggspalje-for-klattervaxter-och-tak-hallbar-och-stilren\/","name":"TRUUSK Planteringsl\u00e5da med Kl\u00e4tterst\u00f6d - Fyrkantig Tr\u00e4v\u00e4xtl\u00e5da - Ryggspalj\u00e9 f\u00f6r Kl\u00e4tterv\u00e4xter och Tak - H\u00e5llbar och Stilren - TRUUSK - Hem, Tr\u00e4dg\u00e5rd &amp; Fritid","isPartOf":{"@id":"https:\/\/truusk.store\/sv\/#website"},"primaryImageOfPage":{"@id":"https:\/\/truusk.store\/sv\/produkt\/truusk-planteringslada-med-klatterstod-fyrkantig-travaxtlada-ryggspalje-for-klattervaxter-och-tak-hallbar-och-stilren\/#primaryimage"},"image":{"@id":"https:\/\/truusk.store\/sv\/produkt\/truusk-planteringslada-med-klatterstod-fyrkantig-travaxtlada-ryggspalje-for-klattervaxter-och-tak-hallbar-och-stilren\/#primaryimage"},"thumbnailUrl":"https:\/\/i0.wp.com\/truusk.store\/wp-content\/uploads\/2026\/01\/planteringslada-med-klatterstod-fyrkantig-vaxtlada-i-tra-med-ryggspalje-for-klattervaxter-och-tak-1.webp?fit=2000%2C2000&ssl=1","datePublished":"2026-01-22T03:31:45+00:00","dateModified":"2026-03-12T08:33:14+00:00","breadcrumb":{"@id":"https:\/\/truusk.store\/sv\/produkt\/truusk-planteringslada-med-klatterstod-fyrkantig-travaxtlada-ryggspalje-for-klattervaxter-och-tak-hallbar-och-stilren\/#breadcrumb"},"inLanguage":"sv-SE","potentialAction":[{"@type":"ReadAction","target":["https:\/\/truusk.store\/sv\/produkt\/truusk-planteringslada-med-klatterstod-fyrkantig-travaxtlada-ryggspalje-for-klattervaxter-och-tak-hallbar-och-stilren\/"]}]},{"@type":"ImageObject","inLanguage":"sv-SE","@id":"https:\/\/truusk.store\/sv\/produkt\/truusk-planteringslada-med-klatterstod-fyrkantig-travaxtlada-ryggspalje-for-klattervaxter-och-tak-hallbar-och-stilren\/#primaryimage","url":"https:\/\/i0.wp.com\/truusk.store\/wp-content\/uploads\/2026\/01\/planteringslada-med-klatterstod-fyrkantig-vaxtlada-i-tra-med-ryggspalje-for-klattervaxter-och-tak-1.webp?fit=2000%2C2000&ssl=1","contentUrl":"https:\/\/i0.wp.com\/truusk.store\/wp-content\/uploads\/2026\/01\/planteringslada-med-klatterstod-fyrkantig-vaxtlada-i-tra-med-ryggspalje-for-klattervaxter-och-tak-1.webp?fit=2000%2C2000&ssl=1","width":2000,"height":2000},{"@type":"BreadcrumbList","@id":"https:\/\/truusk.store\/sv\/produkt\/truusk-planteringslada-med-klatterstod-fyrkantig-travaxtlada-ryggspalje-for-klattervaxter-och-tak-hallbar-och-stilren\/#breadcrumb","itemListElement":[{"@type":"ListItem","position":1,"name":"Home","item":"https:\/\/truusk.store\/sv\/"},{"@type":"ListItem","position":2,"name":"Shop","item":"https:\/\/truusk.store\/shop\/"},{"@type":"ListItem","position":3,"name":"TRUUSK Planteringsl\u00e5da med Kl\u00e4tterst\u00f6d &#8211; Fyrkantig Tr\u00e4v\u00e4xtl\u00e5da &#8211; Ryggspalj\u00e9 f\u00f6r Kl\u00e4tterv\u00e4xter och Tak &#8211; H\u00e5llbar och Stilren &#8211;"}]},{"@type":"WebSite","@id":"https:\/\/truusk.store\/sv\/#website","url":"https:\/\/truusk.store\/sv\/","name":"TRUUSK - Hem, Tr\u00e4dg\u00e5rd & Fritid","description":"","publisher":{"@id":"https:\/\/truusk.store\/sv\/#organization"},"potentialAction":[{"@type":"SearchAction","target":{"@type":"EntryPoint","urlTemplate":"https:\/\/truusk.store\/sv\/?s={search_term_string}"},"query-input":{"@type":"PropertyValueSpecification","valueRequired":true,"valueName":"search_term_string"}}],"inLanguage":"sv-SE"},{"@type":"Organization","@id":"https:\/\/truusk.store\/sv\/#organization","name":"TRUUSK - Hem, Tr\u00e4dg\u00e5rd & Fritid","url":"https:\/\/truusk.store\/sv\/","logo":{"@type":"ImageObject","inLanguage":"sv-SE","@id":"https:\/\/truusk.store\/sv\/#\/schema\/logo\/image\/","url":"https:\/\/i0.wp.com\/truusk.store\/wp-content\/uploads\/2026\/03\/cropped-TRUUSK.png?fit=2032%2C917&ssl=1","contentUrl":"https:\/\/i0.wp.com\/truusk.store\/wp-content\/uploads\/2026\/03\/cropped-TRUUSK.png?fit=2032%2C917&ssl=1","width":2032,"height":917,"caption":"TRUUSK - Hem, Tr\u00e4dg\u00e5rd & Fritid"},"image":{"@id":"https:\/\/truusk.store\/sv\/#\/schema\/logo\/image\/"}}]}},"jetpack_sharing_enabled":true,"_links":{"self":[{"href":"https:\/\/truusk.store\/sv\/wp-json\/wp\/v2\/product\/100393","targetHints":{"allow":["GET"]}}],"collection":[{"href":"https:\/\/truusk.store\/sv\/wp-json\/wp\/v2\/product"}],"about":[{"href":"https:\/\/truusk.store\/sv\/wp-json\/wp\/v2\/types\/product"}],"wp:featuredmedia":[{"embeddable":true,"href":"https:\/\/truusk.store\/sv\/wp-json\/wp\/v2\/media\/100384"}],"wp:attachment":[{"href":"https:\/\/truusk.store\/sv\/wp-json\/wp\/v2\/media?parent=100393"}],"wp:term":[{"taxonomy":"product_brand","embeddable":true,"href":"https:\/\/truusk.store\/sv\/wp-json\/wp\/v2\/product_brand?post=100393"},{"taxonomy":"product_cat","embeddable":true,"href":"https:\/\/truusk.store\/sv\/wp-json\/wp\/v2\/product_cat?post=100393"},{"taxonomy":"product_tag","embeddable":true,"href":"https:\/\/truusk.store\/sv\/wp-json\/wp\/v2\/product_tag?post=100393"}],"curies":[{"name":"wp","href":"https:\/\/api.w.org\/{rel}","templated":true}]}}