{"id":100403,"date":"2026-01-22T20:47:37","date_gmt":"2026-01-22T19:47:37","guid":{"rendered":"https:\/\/truusk.store\/product\/hopfallbart-sidobord-utomhus-hopfallbart-bord-med-bordsskiva-av-hardat-glas-for-terrass-45-x-45-x-50-cm-vit\/"},"modified":"2026-03-12T09:33:28","modified_gmt":"2026-03-12T08:33:28","slug":"truusk-hopfallbart-sidobord-utomhus-mobel-hardat-glas-terrass-45x45x50-cm-vit","status":"publish","type":"product","link":"https:\/\/truusk.store\/sv\/produkt\/truusk-hopfallbart-sidobord-utomhus-mobel-hardat-glas-terrass-45x45x50-cm-vit\/","title":{"rendered":"TRUUSK Hopf\u00e4llbart Sidobord &#8211; Utomhus M\u00f6bel &#8211; H\u00e4rdat Glas &#8211; Terrass &#8211; 45x45x50 cm &#8211; Vit"},"content":{"rendered":"<p>Den charmiga hopf\u00e4llbara bordet fr\u00e5n [BRAND NAME] \u00e4r det perfekta komplementet till din tr\u00e4dg\u00e5rd. Detta hopf\u00e4llbara bord erbjuder b\u00e5de kompakt komfort och en modern design som smidigt passar in i alla inredningar. Den runda formen och den vita, tryckta s\u00e4kerhetsglasplattan p\u00e5 sidobordet g\u00f6r reng\u00f6ringen till en barnlek: bara torka av med en fuktig trasa. Metallramen med pulverlackerad yta garanterar h\u00e5llbarhet och \u00e4r dessutom v\u00e4derbest\u00e4ndig.<\/p>\n<p>Beskrivning:<\/p>\n<ul>\n<li> Hopf\u00e4llbar design p\u00e5 balkongbordet sparar utrymme och underl\u00e4ttar transporten<\/li>\n<li> Hopf\u00e4llbart bord erbjuder plats f\u00f6r drycker och snacks<\/li>\n<li> Den vita tryckta s\u00e4kerhetsglasplattan p\u00e5 balkongbordet m\u00f6jligg\u00f6r enkel reng\u00f6ring med en fuktig trasa<\/li>\n<li> Med halkfria plastf\u00f6tter f\u00f6r att skydda golvet mot repor<\/li>\n<li> Perfekt f\u00f6r terrass, balkong, tr\u00e4dg\u00e5rd och andra utomhusomr\u00e5den<\/li>\n<li> Ingen montering kr\u00e4vs<\/li>\n<\/ul>\n<p> Tekniska data:<\/p>\n<ul>\n<li> F\u00e4rg: M\u00f6rkgr\u00e5<\/li>\n<li> Material: Metall, h\u00e4rdat glas<\/li>\n<li> Bordets dimensioner: \u00d845 x 50H cm<\/li>\n<li> Hopf\u00e4lld storlek: 68L x 45B x 7,5H cm<\/li>\n<li> Viktkapacitet: 25 kg<\/li>\n<\/ul>\n<p>Ing\u00e5r i leveransen:<\/p>\n<ul>\n<li> 1 x sidobord<\/li>\n<li> 1 x handbok<\/li>\n<\/ul>\n","protected":false},"excerpt":{"rendered":"<p>Den charmiga hopf\u00e4llbara bordet fr\u00e5n [BRAND NAME] \u00e4r det perfekta komplementet till din tr\u00e4dg\u00e5rd. Detta hopf\u00e4llbara bord erbjuder b\u00e5de kompakt&#8230;<\/p>\n","protected":false},"featured_media":100394,"template":"","meta":[],"product_brand":[],"product_cat":[858,457,450],"product_tag":[],"class_list":{"0":"post-100403","1":"product","2":"type-product","3":"status-publish","4":"has-post-thumbnail","6":"product_cat-tradgard-terrass","7":"product_cat-tradgardsbord","8":"product_cat-tradgardsmobler","10":"first","11":"instock","12":"sale","13":"taxable","14":"shipping-taxable","15":"purchasable","16":"product-type-simple"},"yoast_head":"<!-- This site is optimized with the Yoast SEO plugin v25.4 - https:\/\/yoast.com\/wordpress\/plugins\/seo\/ -->\n<title>TRUUSK Hopf\u00e4llbart Sidobord - Utomhus M\u00f6bel - H\u00e4rdat Glas - Terrass - 45x45x50 cm - Vit - TRUUSK - Hem, Tr\u00e4dg\u00e5rd &amp; Fritid<\/title>\n<meta name=\"robots\" content=\"index, follow, max-snippet:-1, max-image-preview:large, max-video-preview:-1\" \/>\n<link rel=\"canonical\" href=\"https:\/\/truusk.store\/sv\/produkt\/truusk-hopfallbart-sidobord-utomhus-mobel-hardat-glas-terrass-45x45x50-cm-vit\/\" \/>\n<meta property=\"og:locale\" content=\"sv_SE\" \/>\n<meta property=\"og:type\" content=\"article\" \/>\n<meta property=\"og:title\" content=\"TRUUSK Hopf\u00e4llbart Sidobord - Utomhus M\u00f6bel - H\u00e4rdat Glas - Terrass - 45x45x50 cm - Vit - TRUUSK - Hem, Tr\u00e4dg\u00e5rd &amp; Fritid\" \/>\n<meta property=\"og:description\" content=\"Den charmiga hopf\u00e4llbara bordet fr\u00e5n [BRAND NAME] \u00e4r det perfekta komplementet till din tr\u00e4dg\u00e5rd. Detta hopf\u00e4llbara bord erbjuder b\u00e5de kompakt...\" \/>\n<meta property=\"og:url\" content=\"https:\/\/truusk.store\/sv\/produkt\/truusk-hopfallbart-sidobord-utomhus-mobel-hardat-glas-terrass-45x45x50-cm-vit\/\" \/>\n<meta property=\"og:site_name\" content=\"TRUUSK - Hem, Tr\u00e4dg\u00e5rd &amp; Fritid\" \/>\n<meta property=\"article:modified_time\" content=\"2026-03-12T08:33:28+00:00\" \/>\n<meta property=\"og:image\" content=\"https:\/\/i0.wp.com\/truusk.se\/wp-content\/uploads\/2026\/01\/hopfallbart-sidobord-utomhus-hopfallbart-bord-med-bordsskiva-av-hardat-glas-for-terrass-45-x-45-x-50-cm-vit-1.webp?fit=2000%2C2000&ssl=1\" \/>\n\t<meta property=\"og:image:width\" content=\"2000\" \/>\n\t<meta property=\"og:image:height\" content=\"2000\" \/>\n\t<meta property=\"og:image:type\" content=\"image\/webp\" \/>\n<meta name=\"twitter:card\" content=\"summary_large_image\" \/>\n<meta name=\"twitter:label1\" content=\"Ber\u00e4knad l\u00e4stid\" \/>\n\t<meta name=\"twitter:data1\" content=\"1 minut\" \/>\n<!-- \/ Yoast SEO plugin. -->","yoast_head_json":{"title":"TRUUSK Hopf\u00e4llbart Sidobord - Utomhus M\u00f6bel - H\u00e4rdat Glas - Terrass - 45x45x50 cm - Vit - TRUUSK - Hem, Tr\u00e4dg\u00e5rd &amp; Fritid","robots":{"index":"index","follow":"follow","max-snippet":"max-snippet:-1","max-image-preview":"max-image-preview:large","max-video-preview":"max-video-preview:-1"},"canonical":"https:\/\/truusk.store\/sv\/produkt\/truusk-hopfallbart-sidobord-utomhus-mobel-hardat-glas-terrass-45x45x50-cm-vit\/","og_locale":"sv_SE","og_type":"article","og_title":"TRUUSK Hopf\u00e4llbart Sidobord - Utomhus M\u00f6bel - H\u00e4rdat Glas - Terrass - 45x45x50 cm - Vit - TRUUSK - Hem, Tr\u00e4dg\u00e5rd &amp; Fritid","og_description":"Den charmiga hopf\u00e4llbara bordet fr\u00e5n [BRAND NAME] \u00e4r det perfekta komplementet till din tr\u00e4dg\u00e5rd. Detta hopf\u00e4llbara bord erbjuder b\u00e5de kompakt...","og_url":"https:\/\/truusk.store\/sv\/produkt\/truusk-hopfallbart-sidobord-utomhus-mobel-hardat-glas-terrass-45x45x50-cm-vit\/","og_site_name":"TRUUSK - Hem, Tr\u00e4dg\u00e5rd &amp; Fritid","article_modified_time":"2026-03-12T08:33:28+00:00","og_image":[{"width":2000,"height":2000,"url":"https:\/\/i0.wp.com\/truusk.se\/wp-content\/uploads\/2026\/01\/hopfallbart-sidobord-utomhus-hopfallbart-bord-med-bordsskiva-av-hardat-glas-for-terrass-45-x-45-x-50-cm-vit-1.webp?fit=2000%2C2000&ssl=1","type":"image\/webp"}],"twitter_card":"summary_large_image","twitter_misc":{"Ber\u00e4knad l\u00e4stid":"1 minut"},"schema":{"@context":"https:\/\/schema.org","@graph":[{"@type":"WebPage","@id":"https:\/\/truusk.store\/sv\/produkt\/truusk-hopfallbart-sidobord-utomhus-mobel-hardat-glas-terrass-45x45x50-cm-vit\/","url":"https:\/\/truusk.store\/sv\/produkt\/truusk-hopfallbart-sidobord-utomhus-mobel-hardat-glas-terrass-45x45x50-cm-vit\/","name":"TRUUSK Hopf\u00e4llbart Sidobord - Utomhus M\u00f6bel - H\u00e4rdat Glas - Terrass - 45x45x50 cm - Vit - TRUUSK - Hem, Tr\u00e4dg\u00e5rd &amp; Fritid","isPartOf":{"@id":"https:\/\/truusk.store\/sv\/#website"},"primaryImageOfPage":{"@id":"https:\/\/truusk.store\/sv\/produkt\/truusk-hopfallbart-sidobord-utomhus-mobel-hardat-glas-terrass-45x45x50-cm-vit\/#primaryimage"},"image":{"@id":"https:\/\/truusk.store\/sv\/produkt\/truusk-hopfallbart-sidobord-utomhus-mobel-hardat-glas-terrass-45x45x50-cm-vit\/#primaryimage"},"thumbnailUrl":"https:\/\/i0.wp.com\/truusk.store\/wp-content\/uploads\/2026\/01\/hopfallbart-sidobord-utomhus-hopfallbart-bord-med-bordsskiva-av-hardat-glas-for-terrass-45-x-45-x-50-cm-vit-1.webp?fit=2000%2C2000&ssl=1","datePublished":"2026-01-22T19:47:37+00:00","dateModified":"2026-03-12T08:33:28+00:00","breadcrumb":{"@id":"https:\/\/truusk.store\/sv\/produkt\/truusk-hopfallbart-sidobord-utomhus-mobel-hardat-glas-terrass-45x45x50-cm-vit\/#breadcrumb"},"inLanguage":"sv-SE","potentialAction":[{"@type":"ReadAction","target":["https:\/\/truusk.store\/sv\/produkt\/truusk-hopfallbart-sidobord-utomhus-mobel-hardat-glas-terrass-45x45x50-cm-vit\/"]}]},{"@type":"ImageObject","inLanguage":"sv-SE","@id":"https:\/\/truusk.store\/sv\/produkt\/truusk-hopfallbart-sidobord-utomhus-mobel-hardat-glas-terrass-45x45x50-cm-vit\/#primaryimage","url":"https:\/\/i0.wp.com\/truusk.store\/wp-content\/uploads\/2026\/01\/hopfallbart-sidobord-utomhus-hopfallbart-bord-med-bordsskiva-av-hardat-glas-for-terrass-45-x-45-x-50-cm-vit-1.webp?fit=2000%2C2000&ssl=1","contentUrl":"https:\/\/i0.wp.com\/truusk.store\/wp-content\/uploads\/2026\/01\/hopfallbart-sidobord-utomhus-hopfallbart-bord-med-bordsskiva-av-hardat-glas-for-terrass-45-x-45-x-50-cm-vit-1.webp?fit=2000%2C2000&ssl=1","width":2000,"height":2000},{"@type":"BreadcrumbList","@id":"https:\/\/truusk.store\/sv\/produkt\/truusk-hopfallbart-sidobord-utomhus-mobel-hardat-glas-terrass-45x45x50-cm-vit\/#breadcrumb","itemListElement":[{"@type":"ListItem","position":1,"name":"Home","item":"https:\/\/truusk.store\/sv\/"},{"@type":"ListItem","position":2,"name":"Shop","item":"https:\/\/truusk.store\/shop\/"},{"@type":"ListItem","position":3,"name":"TRUUSK Hopf\u00e4llbart Sidobord &#8211; Utomhus M\u00f6bel &#8211; H\u00e4rdat Glas &#8211; Terrass &#8211; 45x45x50 cm &#8211; Vit"}]},{"@type":"WebSite","@id":"https:\/\/truusk.store\/sv\/#website","url":"https:\/\/truusk.store\/sv\/","name":"TRUUSK - Hem, Tr\u00e4dg\u00e5rd & Fritid","description":"","publisher":{"@id":"https:\/\/truusk.store\/sv\/#organization"},"potentialAction":[{"@type":"SearchAction","target":{"@type":"EntryPoint","urlTemplate":"https:\/\/truusk.store\/sv\/?s={search_term_string}"},"query-input":{"@type":"PropertyValueSpecification","valueRequired":true,"valueName":"search_term_string"}}],"inLanguage":"sv-SE"},{"@type":"Organization","@id":"https:\/\/truusk.store\/sv\/#organization","name":"TRUUSK - Hem, Tr\u00e4dg\u00e5rd & Fritid","url":"https:\/\/truusk.store\/sv\/","logo":{"@type":"ImageObject","inLanguage":"sv-SE","@id":"https:\/\/truusk.store\/sv\/#\/schema\/logo\/image\/","url":"https:\/\/i0.wp.com\/truusk.store\/wp-content\/uploads\/2026\/03\/cropped-TRUUSK.png?fit=2032%2C917&ssl=1","contentUrl":"https:\/\/i0.wp.com\/truusk.store\/wp-content\/uploads\/2026\/03\/cropped-TRUUSK.png?fit=2032%2C917&ssl=1","width":2032,"height":917,"caption":"TRUUSK - Hem, Tr\u00e4dg\u00e5rd & Fritid"},"image":{"@id":"https:\/\/truusk.store\/sv\/#\/schema\/logo\/image\/"}}]}},"jetpack_sharing_enabled":true,"_links":{"self":[{"href":"https:\/\/truusk.store\/sv\/wp-json\/wp\/v2\/product\/100403","targetHints":{"allow":["GET"]}}],"collection":[{"href":"https:\/\/truusk.store\/sv\/wp-json\/wp\/v2\/product"}],"about":[{"href":"https:\/\/truusk.store\/sv\/wp-json\/wp\/v2\/types\/product"}],"wp:featuredmedia":[{"embeddable":true,"href":"https:\/\/truusk.store\/sv\/wp-json\/wp\/v2\/media\/100394"}],"wp:attachment":[{"href":"https:\/\/truusk.store\/sv\/wp-json\/wp\/v2\/media?parent=100403"}],"wp:term":[{"taxonomy":"product_brand","embeddable":true,"href":"https:\/\/truusk.store\/sv\/wp-json\/wp\/v2\/product_brand?post=100403"},{"taxonomy":"product_cat","embeddable":true,"href":"https:\/\/truusk.store\/sv\/wp-json\/wp\/v2\/product_cat?post=100403"},{"taxonomy":"product_tag","embeddable":true,"href":"https:\/\/truusk.store\/sv\/wp-json\/wp\/v2\/product_tag?post=100403"}],"curies":[{"name":"wp","href":"https:\/\/api.w.org\/{rel}","templated":true}]}}