{"id":100423,"date":"2026-01-23T11:57:30","date_gmt":"2026-01-23T10:57:30","guid":{"rendered":"https:\/\/truusk.store\/product\/utomhushangmatta-i-bomull-med-barvaska-barformaga-upp-till-120-kg-modern-290-x-150-cm-flerfargad\/"},"modified":"2026-03-12T09:02:06","modified_gmt":"2026-03-12T08:02:06","slug":"truusk-utomhus-hangmatta-i-bomull-barvaska-barformaga-upp-till-120-kg-modern-design-290-x-150-cm-flerfargad","status":"publish","type":"product","link":"https:\/\/truusk.store\/sv\/produkt\/truusk-utomhus-hangmatta-i-bomull-barvaska-barformaga-upp-till-120-kg-modern-design-290-x-150-cm-flerfargad\/","title":{"rendered":"TRUUSK Utomhus H\u00e4ngmatta i Bomull &#8211; B\u00e4rv\u00e4ska &#8211; B\u00e4rf\u00f6rm\u00e5ga upp till 120 kg &#8211; Modern Design &#8211; 290 x 150 cm &#8211; Flerf\u00e4rgad"},"content":{"rendered":"<p>Denna f\u00e4rgglada h\u00e4ngmatta fr\u00e5n [BRAND NAME] \u00e4r blickf\u00e5ngaren i varje tr\u00e4dg\u00e5rd. De f\u00e4rgglada r\u00e4nderna och de handgjorda knutarna ger en somrig design. Materialet av bomull och polyester \u00e4r mycket bekv\u00e4mt och inbjuder till avkoppling. Tack vare dess b\u00e4rv\u00e4ska kan denna stiliga h\u00e4ngmatta l\u00e4tt transporteras. Unna dig sj\u00e4lv en avkopplande paus i denna somriga h\u00e4ngmatta fr\u00e5n [BRAND NAME].<\/p>\n<p>Beskrivning:<\/p>\n<ul>\n<li> Somrig design med flerf\u00e4rgade r\u00e4nder<\/li>\n<li> Passar f\u00f6r alla utomhusomr\u00e5den<\/li>\n<li> Stor liggyta<\/li>\n<li> Materialet best\u00e5r av polyester- och bomullstyg<\/li>\n<li> Handgjorda knutar ger extra stabilitet<\/li>\n<li> Praktisk f\u00f6rvaring och enkel transport med en extra b\u00e4rv\u00e4ska<\/li>\n<li> Levereras utan h\u00e4ngmattestativ<\/li>\n<\/ul>\n<p>Tekniska data:<\/p>\n<ul>\n<li> F\u00e4rg: Flerf\u00e4rgade r\u00e4nder<\/li>\n<li> Material: Tyg (Bomull 65 %, Polyester 35 %), bomullsrep<\/li>\n<li> Totala m\u00e5tt: 290L x 150B cm<\/li>\n<li> S\u00e4ngstorlek: 200L x 150B cm<\/li>\n<li> B\u00e4rkapacitet: 120 kg<\/li>\n<\/ul>\n<p>Leveransinneh\u00e5ll:<\/p>\n<ul>\n<li> 1 x H\u00e4ngs\u00e4ng<\/li>\n<li> 1 x B\u00e4rv\u00e4ska<\/li>\n<\/ul>\n","protected":false},"excerpt":{"rendered":"<p>Denna f\u00e4rgglada h\u00e4ngmatta fr\u00e5n [BRAND NAME] \u00e4r blickf\u00e5ngaren i varje tr\u00e4dg\u00e5rd. De f\u00e4rgglada r\u00e4nderna och de handgjorda knutarna ger en&#8230;<\/p>\n","protected":false},"featured_media":100414,"template":"","meta":[],"product_brand":[],"product_cat":[460,858,450],"product_tag":[],"class_list":{"0":"post-100423","1":"product","2":"type-product","3":"status-publish","4":"has-post-thumbnail","6":"product_cat-hangmattor-hangstolar","7":"product_cat-tradgard-terrass","8":"product_cat-tradgardsmobler","10":"first","11":"instock","12":"sale","13":"taxable","14":"shipping-taxable","15":"purchasable","16":"product-type-simple"},"yoast_head":"<!-- This site is optimized with the Yoast SEO plugin v25.4 - https:\/\/yoast.com\/wordpress\/plugins\/seo\/ -->\n<title>TRUUSK Utomhus H\u00e4ngmatta i Bomull - B\u00e4rv\u00e4ska - B\u00e4rf\u00f6rm\u00e5ga upp till 120 kg - Modern Design - 290 x 150 cm - Flerf\u00e4rgad - TRUUSK - Hem, Tr\u00e4dg\u00e5rd &amp; Fritid<\/title>\n<meta name=\"robots\" content=\"index, follow, max-snippet:-1, max-image-preview:large, max-video-preview:-1\" \/>\n<link rel=\"canonical\" href=\"https:\/\/truusk.store\/sv\/produkt\/truusk-utomhus-hangmatta-i-bomull-barvaska-barformaga-upp-till-120-kg-modern-design-290-x-150-cm-flerfargad\/\" \/>\n<meta property=\"og:locale\" content=\"sv_SE\" \/>\n<meta property=\"og:type\" content=\"article\" \/>\n<meta property=\"og:title\" content=\"TRUUSK Utomhus H\u00e4ngmatta i Bomull - B\u00e4rv\u00e4ska - B\u00e4rf\u00f6rm\u00e5ga upp till 120 kg - Modern Design - 290 x 150 cm - Flerf\u00e4rgad - TRUUSK - Hem, Tr\u00e4dg\u00e5rd &amp; Fritid\" \/>\n<meta property=\"og:description\" content=\"Denna f\u00e4rgglada h\u00e4ngmatta fr\u00e5n [BRAND NAME] \u00e4r blickf\u00e5ngaren i varje tr\u00e4dg\u00e5rd. De f\u00e4rgglada r\u00e4nderna och de handgjorda knutarna ger en...\" \/>\n<meta property=\"og:url\" content=\"https:\/\/truusk.store\/sv\/produkt\/truusk-utomhus-hangmatta-i-bomull-barvaska-barformaga-upp-till-120-kg-modern-design-290-x-150-cm-flerfargad\/\" \/>\n<meta property=\"og:site_name\" content=\"TRUUSK - Hem, Tr\u00e4dg\u00e5rd &amp; Fritid\" \/>\n<meta property=\"article:modified_time\" content=\"2026-03-12T08:02:06+00:00\" \/>\n<meta property=\"og:image\" content=\"https:\/\/i0.wp.com\/truusk.se\/wp-content\/uploads\/2026\/01\/utomhushangmatta-i-bomull-med-barvaska-barformaga-upp-till-120-kg-modern-290-x-150-cm-flerfargad-1.webp?fit=2000%2C2000&ssl=1\" \/>\n\t<meta property=\"og:image:width\" content=\"2000\" \/>\n\t<meta property=\"og:image:height\" content=\"2000\" \/>\n\t<meta property=\"og:image:type\" content=\"image\/webp\" \/>\n<meta name=\"twitter:card\" content=\"summary_large_image\" \/>\n<meta name=\"twitter:label1\" content=\"Ber\u00e4knad l\u00e4stid\" \/>\n\t<meta name=\"twitter:data1\" content=\"1 minut\" \/>\n<!-- \/ Yoast SEO plugin. -->","yoast_head_json":{"title":"TRUUSK Utomhus H\u00e4ngmatta i Bomull - B\u00e4rv\u00e4ska - B\u00e4rf\u00f6rm\u00e5ga upp till 120 kg - Modern Design - 290 x 150 cm - Flerf\u00e4rgad - TRUUSK - Hem, Tr\u00e4dg\u00e5rd &amp; Fritid","robots":{"index":"index","follow":"follow","max-snippet":"max-snippet:-1","max-image-preview":"max-image-preview:large","max-video-preview":"max-video-preview:-1"},"canonical":"https:\/\/truusk.store\/sv\/produkt\/truusk-utomhus-hangmatta-i-bomull-barvaska-barformaga-upp-till-120-kg-modern-design-290-x-150-cm-flerfargad\/","og_locale":"sv_SE","og_type":"article","og_title":"TRUUSK Utomhus H\u00e4ngmatta i Bomull - B\u00e4rv\u00e4ska - B\u00e4rf\u00f6rm\u00e5ga upp till 120 kg - Modern Design - 290 x 150 cm - Flerf\u00e4rgad - TRUUSK - Hem, Tr\u00e4dg\u00e5rd &amp; Fritid","og_description":"Denna f\u00e4rgglada h\u00e4ngmatta fr\u00e5n [BRAND NAME] \u00e4r blickf\u00e5ngaren i varje tr\u00e4dg\u00e5rd. De f\u00e4rgglada r\u00e4nderna och de handgjorda knutarna ger en...","og_url":"https:\/\/truusk.store\/sv\/produkt\/truusk-utomhus-hangmatta-i-bomull-barvaska-barformaga-upp-till-120-kg-modern-design-290-x-150-cm-flerfargad\/","og_site_name":"TRUUSK - Hem, Tr\u00e4dg\u00e5rd &amp; Fritid","article_modified_time":"2026-03-12T08:02:06+00:00","og_image":[{"width":2000,"height":2000,"url":"https:\/\/i0.wp.com\/truusk.se\/wp-content\/uploads\/2026\/01\/utomhushangmatta-i-bomull-med-barvaska-barformaga-upp-till-120-kg-modern-290-x-150-cm-flerfargad-1.webp?fit=2000%2C2000&ssl=1","type":"image\/webp"}],"twitter_card":"summary_large_image","twitter_misc":{"Ber\u00e4knad l\u00e4stid":"1 minut"},"schema":{"@context":"https:\/\/schema.org","@graph":[{"@type":"WebPage","@id":"https:\/\/truusk.store\/sv\/produkt\/truusk-utomhus-hangmatta-i-bomull-barvaska-barformaga-upp-till-120-kg-modern-design-290-x-150-cm-flerfargad\/","url":"https:\/\/truusk.store\/sv\/produkt\/truusk-utomhus-hangmatta-i-bomull-barvaska-barformaga-upp-till-120-kg-modern-design-290-x-150-cm-flerfargad\/","name":"TRUUSK Utomhus H\u00e4ngmatta i Bomull - B\u00e4rv\u00e4ska - B\u00e4rf\u00f6rm\u00e5ga upp till 120 kg - Modern Design - 290 x 150 cm - Flerf\u00e4rgad - TRUUSK - Hem, Tr\u00e4dg\u00e5rd &amp; Fritid","isPartOf":{"@id":"https:\/\/truusk.store\/sv\/#website"},"primaryImageOfPage":{"@id":"https:\/\/truusk.store\/sv\/produkt\/truusk-utomhus-hangmatta-i-bomull-barvaska-barformaga-upp-till-120-kg-modern-design-290-x-150-cm-flerfargad\/#primaryimage"},"image":{"@id":"https:\/\/truusk.store\/sv\/produkt\/truusk-utomhus-hangmatta-i-bomull-barvaska-barformaga-upp-till-120-kg-modern-design-290-x-150-cm-flerfargad\/#primaryimage"},"thumbnailUrl":"https:\/\/i0.wp.com\/truusk.store\/wp-content\/uploads\/2026\/01\/utomhushangmatta-i-bomull-med-barvaska-barformaga-upp-till-120-kg-modern-290-x-150-cm-flerfargad-1.webp?fit=2000%2C2000&ssl=1","datePublished":"2026-01-23T10:57:30+00:00","dateModified":"2026-03-12T08:02:06+00:00","breadcrumb":{"@id":"https:\/\/truusk.store\/sv\/produkt\/truusk-utomhus-hangmatta-i-bomull-barvaska-barformaga-upp-till-120-kg-modern-design-290-x-150-cm-flerfargad\/#breadcrumb"},"inLanguage":"sv-SE","potentialAction":[{"@type":"ReadAction","target":["https:\/\/truusk.store\/sv\/produkt\/truusk-utomhus-hangmatta-i-bomull-barvaska-barformaga-upp-till-120-kg-modern-design-290-x-150-cm-flerfargad\/"]}]},{"@type":"ImageObject","inLanguage":"sv-SE","@id":"https:\/\/truusk.store\/sv\/produkt\/truusk-utomhus-hangmatta-i-bomull-barvaska-barformaga-upp-till-120-kg-modern-design-290-x-150-cm-flerfargad\/#primaryimage","url":"https:\/\/i0.wp.com\/truusk.store\/wp-content\/uploads\/2026\/01\/utomhushangmatta-i-bomull-med-barvaska-barformaga-upp-till-120-kg-modern-290-x-150-cm-flerfargad-1.webp?fit=2000%2C2000&ssl=1","contentUrl":"https:\/\/i0.wp.com\/truusk.store\/wp-content\/uploads\/2026\/01\/utomhushangmatta-i-bomull-med-barvaska-barformaga-upp-till-120-kg-modern-290-x-150-cm-flerfargad-1.webp?fit=2000%2C2000&ssl=1","width":2000,"height":2000},{"@type":"BreadcrumbList","@id":"https:\/\/truusk.store\/sv\/produkt\/truusk-utomhus-hangmatta-i-bomull-barvaska-barformaga-upp-till-120-kg-modern-design-290-x-150-cm-flerfargad\/#breadcrumb","itemListElement":[{"@type":"ListItem","position":1,"name":"Home","item":"https:\/\/truusk.store\/sv\/"},{"@type":"ListItem","position":2,"name":"Shop","item":"https:\/\/truusk.store\/shop\/"},{"@type":"ListItem","position":3,"name":"TRUUSK Utomhus H\u00e4ngmatta i Bomull &#8211; B\u00e4rv\u00e4ska &#8211; B\u00e4rf\u00f6rm\u00e5ga upp till 120 kg &#8211; Modern Design &#8211; 290 x 150 cm &#8211; Flerf\u00e4rgad"}]},{"@type":"WebSite","@id":"https:\/\/truusk.store\/sv\/#website","url":"https:\/\/truusk.store\/sv\/","name":"TRUUSK - Hem, Tr\u00e4dg\u00e5rd & Fritid","description":"","publisher":{"@id":"https:\/\/truusk.store\/sv\/#organization"},"potentialAction":[{"@type":"SearchAction","target":{"@type":"EntryPoint","urlTemplate":"https:\/\/truusk.store\/sv\/?s={search_term_string}"},"query-input":{"@type":"PropertyValueSpecification","valueRequired":true,"valueName":"search_term_string"}}],"inLanguage":"sv-SE"},{"@type":"Organization","@id":"https:\/\/truusk.store\/sv\/#organization","name":"TRUUSK - Hem, Tr\u00e4dg\u00e5rd & Fritid","url":"https:\/\/truusk.store\/sv\/","logo":{"@type":"ImageObject","inLanguage":"sv-SE","@id":"https:\/\/truusk.store\/sv\/#\/schema\/logo\/image\/","url":"https:\/\/i0.wp.com\/truusk.store\/wp-content\/uploads\/2026\/03\/cropped-TRUUSK.png?fit=2032%2C917&ssl=1","contentUrl":"https:\/\/i0.wp.com\/truusk.store\/wp-content\/uploads\/2026\/03\/cropped-TRUUSK.png?fit=2032%2C917&ssl=1","width":2032,"height":917,"caption":"TRUUSK - Hem, Tr\u00e4dg\u00e5rd & Fritid"},"image":{"@id":"https:\/\/truusk.store\/sv\/#\/schema\/logo\/image\/"}}]}},"jetpack_sharing_enabled":true,"_links":{"self":[{"href":"https:\/\/truusk.store\/sv\/wp-json\/wp\/v2\/product\/100423","targetHints":{"allow":["GET"]}}],"collection":[{"href":"https:\/\/truusk.store\/sv\/wp-json\/wp\/v2\/product"}],"about":[{"href":"https:\/\/truusk.store\/sv\/wp-json\/wp\/v2\/types\/product"}],"wp:featuredmedia":[{"embeddable":true,"href":"https:\/\/truusk.store\/sv\/wp-json\/wp\/v2\/media\/100414"}],"wp:attachment":[{"href":"https:\/\/truusk.store\/sv\/wp-json\/wp\/v2\/media?parent=100423"}],"wp:term":[{"taxonomy":"product_brand","embeddable":true,"href":"https:\/\/truusk.store\/sv\/wp-json\/wp\/v2\/product_brand?post=100423"},{"taxonomy":"product_cat","embeddable":true,"href":"https:\/\/truusk.store\/sv\/wp-json\/wp\/v2\/product_cat?post=100423"},{"taxonomy":"product_tag","embeddable":true,"href":"https:\/\/truusk.store\/sv\/wp-json\/wp\/v2\/product_tag?post=100423"}],"curies":[{"name":"wp","href":"https:\/\/api.w.org\/{rel}","templated":true}]}}