{"id":100447,"date":"2026-01-23T12:17:33","date_gmt":"2026-01-23T11:17:33","guid":{"rendered":"https:\/\/truusk.store\/product\/parasollfot-av-betong-halvrund-parasollhallare-parasollvikt-for-solparasoll-32-38-48mm\/"},"modified":"2026-03-12T08:40:57","modified_gmt":"2026-03-12T07:40:57","slug":"truusk-parasollfot-av-betong-halvrund-parasollhallare-parasollvikt-for-solparasoll-32-38-48mm-stabil-och-hallbar-enkel","status":"publish","type":"product","link":"https:\/\/truusk.store\/sv\/produkt\/truusk-parasollfot-av-betong-halvrund-parasollhallare-parasollvikt-for-solparasoll-32-38-48mm-stabil-och-hallbar-enkel\/","title":{"rendered":"TRUUSK Parasollfot av Betong &#8211; Halvrund Parasollh\u00e5llare &#8211; Parasollvikt f\u00f6r Solparasoll 32\/38\/48mm &#8211; Stabil och H\u00e5llbar &#8211; Enkel"},"content":{"rendered":"<p>Upplev utomhus utan bekymmer med [BRAND NAME] parasollfot. F\u00f6rvandla din plats till en trivsam oas med parasoll, bord och stolar. V\u00e5r tyngda parasollfot h\u00e5ller ditt parasoll stadigt och stabilt f\u00f6r att ge behaglig skugga. Njut av komforten med en [BRAND NAME] parasollfot.<\/p>\n<p>Beskrivning:<\/p>\n<ul>\n<li> Parasollfoten passar halvparasoll med en st\u00e5ngdiameter p\u00e5 32, 38, 48 mm<\/li>\n<li> Fylld med betong, vikten \u00e4r 9 kg<\/li>\n<li> Harzbel\u00e4ggning f\u00f6r flera \u00e5rs anv\u00e4ndning utomhus<\/li>\n<li> V\u00e4derbest\u00e4ndig, med pulverlackerad metallst\u00e5ng f\u00f6r extra stabilitet<\/li>\n<li> Parasollfoten passar f\u00f6r anv\u00e4ndning i din tr\u00e4dg\u00e5rd, p\u00e5 din terrass, vid poolkanten eller i andra utomhusomr\u00e5den<\/li>\n<li> Montering kr\u00e4vs<\/li>\n<\/ul>\n<p> Tekniska specifikationer:<\/p>\n<ul>\n<li> F\u00e4rg: Svart<\/li>\n<li> Material: Harz, betong, metall<\/li>\n<li> Totala dimensioner: 49L x 31B x 33H cm<\/li>\n<li> Basdimensioner: 49L x 31B x 6,5H cm<\/li>\n<li> St\u00e5ngdimensioner: \u00d85,7 x 25H cm<\/li>\n<li> Passar f\u00f6r diameter: 32 mm, 38 mm, 48 mm (parasollst\u00e4nger)<\/li>\n<li> Netto vikt: 9 kg<\/li>\n<li> Obs: M\u00e4t diameter p\u00e5 din parasollst\u00e5ng i f\u00f6rv\u00e4g f\u00f6r att f\u00f6rs\u00e4kra att v\u00e5r bas passar<\/li>\n<\/ul>\n<p>Leverans inneh\u00e5ller:<\/p>\n<ul>\n<li> 1 x Parasollfot<\/li>\n<li> 1 x Manual<\/li>\n<\/ul>\n","protected":false},"excerpt":{"rendered":"<p>Upplev utomhus utan bekymmer med [BRAND NAME] parasollfot. F\u00f6rvandla din plats till en trivsam oas med parasoll, bord och stolar&#8230;.<\/p>\n","protected":false},"featured_media":100434,"template":"","meta":[],"product_brand":[],"product_cat":[886,862,885,858],"product_tag":[],"class_list":{"0":"post-100447","1":"product","2":"type-product","3":"status-publish","4":"has-post-thumbnail","6":"product_cat-schirmstander","7":"product_cat-sol-insynsskydd","8":"product_cat-tillbehor-till-parasoller","9":"product_cat-tradgard-terrass","11":"first","12":"instock","13":"sale","14":"taxable","15":"shipping-taxable","16":"purchasable","17":"product-type-simple"},"yoast_head":"<!-- This site is optimized with the Yoast SEO plugin v25.4 - https:\/\/yoast.com\/wordpress\/plugins\/seo\/ -->\n<title>TRUUSK Parasollfot av Betong - Halvrund Parasollh\u00e5llare - Parasollvikt f\u00f6r Solparasoll 32\/38\/48mm - Stabil och H\u00e5llbar - Enkel - TRUUSK - Hem, Tr\u00e4dg\u00e5rd &amp; Fritid<\/title>\n<meta name=\"robots\" content=\"index, follow, max-snippet:-1, max-image-preview:large, max-video-preview:-1\" \/>\n<link rel=\"canonical\" href=\"https:\/\/truusk.store\/sv\/produkt\/truusk-parasollfot-av-betong-halvrund-parasollhallare-parasollvikt-for-solparasoll-32-38-48mm-stabil-och-hallbar-enkel\/\" \/>\n<meta property=\"og:locale\" content=\"sv_SE\" \/>\n<meta property=\"og:type\" content=\"article\" \/>\n<meta property=\"og:title\" content=\"TRUUSK Parasollfot av Betong - Halvrund Parasollh\u00e5llare - Parasollvikt f\u00f6r Solparasoll 32\/38\/48mm - Stabil och H\u00e5llbar - Enkel - TRUUSK - Hem, Tr\u00e4dg\u00e5rd &amp; Fritid\" \/>\n<meta property=\"og:description\" content=\"Upplev utomhus utan bekymmer med [BRAND NAME] parasollfot. F\u00f6rvandla din plats till en trivsam oas med parasoll, bord och stolar....\" \/>\n<meta property=\"og:url\" content=\"https:\/\/truusk.store\/sv\/produkt\/truusk-parasollfot-av-betong-halvrund-parasollhallare-parasollvikt-for-solparasoll-32-38-48mm-stabil-och-hallbar-enkel\/\" \/>\n<meta property=\"og:site_name\" content=\"TRUUSK - Hem, Tr\u00e4dg\u00e5rd &amp; Fritid\" \/>\n<meta property=\"article:modified_time\" content=\"2026-03-12T07:40:57+00:00\" \/>\n<meta property=\"og:image\" content=\"https:\/\/i0.wp.com\/truusk.se\/wp-content\/uploads\/2026\/01\/parasollfot-av-betong-halvrund-parasollhallare-parasollvikt-for-solparasoll-32-38-48mm-1.webp?fit=2000%2C2000&ssl=1\" \/>\n\t<meta property=\"og:image:width\" content=\"2000\" \/>\n\t<meta property=\"og:image:height\" content=\"2000\" \/>\n\t<meta property=\"og:image:type\" content=\"image\/webp\" \/>\n<meta name=\"twitter:card\" content=\"summary_large_image\" \/>\n<meta name=\"twitter:label1\" content=\"Ber\u00e4knad l\u00e4stid\" \/>\n\t<meta name=\"twitter:data1\" content=\"1 minut\" \/>\n<!-- \/ Yoast SEO plugin. -->","yoast_head_json":{"title":"TRUUSK Parasollfot av Betong - Halvrund Parasollh\u00e5llare - Parasollvikt f\u00f6r Solparasoll 32\/38\/48mm - Stabil och H\u00e5llbar - Enkel - TRUUSK - Hem, Tr\u00e4dg\u00e5rd &amp; Fritid","robots":{"index":"index","follow":"follow","max-snippet":"max-snippet:-1","max-image-preview":"max-image-preview:large","max-video-preview":"max-video-preview:-1"},"canonical":"https:\/\/truusk.store\/sv\/produkt\/truusk-parasollfot-av-betong-halvrund-parasollhallare-parasollvikt-for-solparasoll-32-38-48mm-stabil-och-hallbar-enkel\/","og_locale":"sv_SE","og_type":"article","og_title":"TRUUSK Parasollfot av Betong - Halvrund Parasollh\u00e5llare - Parasollvikt f\u00f6r Solparasoll 32\/38\/48mm - Stabil och H\u00e5llbar - Enkel - TRUUSK - Hem, Tr\u00e4dg\u00e5rd &amp; Fritid","og_description":"Upplev utomhus utan bekymmer med [BRAND NAME] parasollfot. F\u00f6rvandla din plats till en trivsam oas med parasoll, bord och stolar....","og_url":"https:\/\/truusk.store\/sv\/produkt\/truusk-parasollfot-av-betong-halvrund-parasollhallare-parasollvikt-for-solparasoll-32-38-48mm-stabil-och-hallbar-enkel\/","og_site_name":"TRUUSK - Hem, Tr\u00e4dg\u00e5rd &amp; Fritid","article_modified_time":"2026-03-12T07:40:57+00:00","og_image":[{"width":2000,"height":2000,"url":"https:\/\/i0.wp.com\/truusk.se\/wp-content\/uploads\/2026\/01\/parasollfot-av-betong-halvrund-parasollhallare-parasollvikt-for-solparasoll-32-38-48mm-1.webp?fit=2000%2C2000&ssl=1","type":"image\/webp"}],"twitter_card":"summary_large_image","twitter_misc":{"Ber\u00e4knad l\u00e4stid":"1 minut"},"schema":{"@context":"https:\/\/schema.org","@graph":[{"@type":"WebPage","@id":"https:\/\/truusk.store\/sv\/produkt\/truusk-parasollfot-av-betong-halvrund-parasollhallare-parasollvikt-for-solparasoll-32-38-48mm-stabil-och-hallbar-enkel\/","url":"https:\/\/truusk.store\/sv\/produkt\/truusk-parasollfot-av-betong-halvrund-parasollhallare-parasollvikt-for-solparasoll-32-38-48mm-stabil-och-hallbar-enkel\/","name":"TRUUSK Parasollfot av Betong - Halvrund Parasollh\u00e5llare - Parasollvikt f\u00f6r Solparasoll 32\/38\/48mm - Stabil och H\u00e5llbar - Enkel - TRUUSK - Hem, Tr\u00e4dg\u00e5rd &amp; Fritid","isPartOf":{"@id":"https:\/\/truusk.store\/sv\/#website"},"primaryImageOfPage":{"@id":"https:\/\/truusk.store\/sv\/produkt\/truusk-parasollfot-av-betong-halvrund-parasollhallare-parasollvikt-for-solparasoll-32-38-48mm-stabil-och-hallbar-enkel\/#primaryimage"},"image":{"@id":"https:\/\/truusk.store\/sv\/produkt\/truusk-parasollfot-av-betong-halvrund-parasollhallare-parasollvikt-for-solparasoll-32-38-48mm-stabil-och-hallbar-enkel\/#primaryimage"},"thumbnailUrl":"https:\/\/i0.wp.com\/truusk.store\/wp-content\/uploads\/2026\/01\/parasollfot-av-betong-halvrund-parasollhallare-parasollvikt-for-solparasoll-32-38-48mm-1.webp?fit=2000%2C2000&ssl=1","datePublished":"2026-01-23T11:17:33+00:00","dateModified":"2026-03-12T07:40:57+00:00","breadcrumb":{"@id":"https:\/\/truusk.store\/sv\/produkt\/truusk-parasollfot-av-betong-halvrund-parasollhallare-parasollvikt-for-solparasoll-32-38-48mm-stabil-och-hallbar-enkel\/#breadcrumb"},"inLanguage":"sv-SE","potentialAction":[{"@type":"ReadAction","target":["https:\/\/truusk.store\/sv\/produkt\/truusk-parasollfot-av-betong-halvrund-parasollhallare-parasollvikt-for-solparasoll-32-38-48mm-stabil-och-hallbar-enkel\/"]}]},{"@type":"ImageObject","inLanguage":"sv-SE","@id":"https:\/\/truusk.store\/sv\/produkt\/truusk-parasollfot-av-betong-halvrund-parasollhallare-parasollvikt-for-solparasoll-32-38-48mm-stabil-och-hallbar-enkel\/#primaryimage","url":"https:\/\/i0.wp.com\/truusk.store\/wp-content\/uploads\/2026\/01\/parasollfot-av-betong-halvrund-parasollhallare-parasollvikt-for-solparasoll-32-38-48mm-1.webp?fit=2000%2C2000&ssl=1","contentUrl":"https:\/\/i0.wp.com\/truusk.store\/wp-content\/uploads\/2026\/01\/parasollfot-av-betong-halvrund-parasollhallare-parasollvikt-for-solparasoll-32-38-48mm-1.webp?fit=2000%2C2000&ssl=1","width":2000,"height":2000},{"@type":"BreadcrumbList","@id":"https:\/\/truusk.store\/sv\/produkt\/truusk-parasollfot-av-betong-halvrund-parasollhallare-parasollvikt-for-solparasoll-32-38-48mm-stabil-och-hallbar-enkel\/#breadcrumb","itemListElement":[{"@type":"ListItem","position":1,"name":"Home","item":"https:\/\/truusk.store\/sv\/"},{"@type":"ListItem","position":2,"name":"Shop","item":"https:\/\/truusk.store\/shop\/"},{"@type":"ListItem","position":3,"name":"TRUUSK Parasollfot av Betong &#8211; Halvrund Parasollh\u00e5llare &#8211; Parasollvikt f\u00f6r Solparasoll 32\/38\/48mm &#8211; Stabil och H\u00e5llbar &#8211; Enkel"}]},{"@type":"WebSite","@id":"https:\/\/truusk.store\/sv\/#website","url":"https:\/\/truusk.store\/sv\/","name":"TRUUSK - Hem, Tr\u00e4dg\u00e5rd & Fritid","description":"","publisher":{"@id":"https:\/\/truusk.store\/sv\/#organization"},"potentialAction":[{"@type":"SearchAction","target":{"@type":"EntryPoint","urlTemplate":"https:\/\/truusk.store\/sv\/?s={search_term_string}"},"query-input":{"@type":"PropertyValueSpecification","valueRequired":true,"valueName":"search_term_string"}}],"inLanguage":"sv-SE"},{"@type":"Organization","@id":"https:\/\/truusk.store\/sv\/#organization","name":"TRUUSK - Hem, Tr\u00e4dg\u00e5rd & Fritid","url":"https:\/\/truusk.store\/sv\/","logo":{"@type":"ImageObject","inLanguage":"sv-SE","@id":"https:\/\/truusk.store\/sv\/#\/schema\/logo\/image\/","url":"https:\/\/i0.wp.com\/truusk.store\/wp-content\/uploads\/2026\/03\/cropped-TRUUSK.png?fit=2032%2C917&ssl=1","contentUrl":"https:\/\/i0.wp.com\/truusk.store\/wp-content\/uploads\/2026\/03\/cropped-TRUUSK.png?fit=2032%2C917&ssl=1","width":2032,"height":917,"caption":"TRUUSK - Hem, Tr\u00e4dg\u00e5rd & Fritid"},"image":{"@id":"https:\/\/truusk.store\/sv\/#\/schema\/logo\/image\/"}}]}},"jetpack_sharing_enabled":true,"_links":{"self":[{"href":"https:\/\/truusk.store\/sv\/wp-json\/wp\/v2\/product\/100447","targetHints":{"allow":["GET"]}}],"collection":[{"href":"https:\/\/truusk.store\/sv\/wp-json\/wp\/v2\/product"}],"about":[{"href":"https:\/\/truusk.store\/sv\/wp-json\/wp\/v2\/types\/product"}],"wp:featuredmedia":[{"embeddable":true,"href":"https:\/\/truusk.store\/sv\/wp-json\/wp\/v2\/media\/100434"}],"wp:attachment":[{"href":"https:\/\/truusk.store\/sv\/wp-json\/wp\/v2\/media?parent=100447"}],"wp:term":[{"taxonomy":"product_brand","embeddable":true,"href":"https:\/\/truusk.store\/sv\/wp-json\/wp\/v2\/product_brand?post=100447"},{"taxonomy":"product_cat","embeddable":true,"href":"https:\/\/truusk.store\/sv\/wp-json\/wp\/v2\/product_cat?post=100447"},{"taxonomy":"product_tag","embeddable":true,"href":"https:\/\/truusk.store\/sv\/wp-json\/wp\/v2\/product_tag?post=100447"}],"curies":[{"name":"wp","href":"https:\/\/api.w.org\/{rel}","templated":true}]}}