{"id":100453,"date":"2026-01-23T12:18:03","date_gmt":"2026-01-23T11:18:03","guid":{"rendered":"https:\/\/truusk.store\/product\/parasollfot-av-granit-21kg-fyrkantig-parasollhallare-parasollvikt-for-solparasoll-32-38-48mm\/"},"modified":"2026-03-12T08:40:59","modified_gmt":"2026-03-12T07:40:59","slug":"truusk-parasollstall-av-granit-21kg-fyrkantig-parasollfot-for-solparasoll-32-38-48mm-stabil-och-robust-svensk-design-gra","status":"publish","type":"product","link":"https:\/\/truusk.store\/sv\/produkt\/truusk-parasollstall-av-granit-21kg-fyrkantig-parasollfot-for-solparasoll-32-38-48mm-stabil-och-robust-svensk-design-gra\/","title":{"rendered":"TRUUSK Parasollst\u00e4ll av Granit 21kg &#8211; Fyrkantig Parasollfot &#8211; F\u00f6r Solparasoll 32\/38\/48mm &#8211; Stabil och Robust &#8211; Svensk Design &#8211; Gr\u00e5"},"content":{"rendered":"<p>Upplev utomhusn\u00f6jet med denna attraktiva [BRAND NAME] parasollfot i granit, som ser utm\u00e4rkt ut b\u00e5de i din tr\u00e4dg\u00e5rd och p\u00e5 terrassen. St\u00e4ll helt enkelt upp ditt parasoll med ett bord och stolar f\u00f6r att skapa en mysig oas. V\u00e5r viktade parasollfot h\u00e5ller ditt parasoll stadigt och stabilt, s\u00e5 att det ger behaglig skugga. Tillbringa njutbara dagar under ett parasoll med denna eleganta utomhusparasollfot.<\/p>\n<p>Beskrivning:<\/p>\n<ul>\n<li> Parasollfoten passar f\u00f6r parasoll med en maximal diameter p\u00e5 2,8 m och st\u00e5ngstorlekar p\u00e5 32, 38, 48 mm<\/li>\n<li> V\u00e4derbest\u00e4ndig parasollfot i granit v\u00e4ger 21 kg<\/li>\n<li> Rostfritt st\u00e5lst\u00e5ng f\u00f6r l\u00e5ngvarig utomhusanv\u00e4ndning<\/li>\n<li> Tv\u00e5 inbyggda handtag hj\u00e4lper till att g\u00f6ra ditt parasoll mobilt<\/li>\n<li> Fyra halkfria kuddar f\u00f6r parasollfoten f\u00f6r stabil anv\u00e4ndning ing\u00e5r<\/li>\n<li> L\u00e4mplig f\u00f6r anv\u00e4ndning i din tr\u00e4dg\u00e5rd, p\u00e5 terrassen, vid poolkanten eller andra utomhusomr\u00e5den<\/li>\n<li> Montering kr\u00e4vs<\/li>\n<\/ul>\n<p> Tekniska data:<\/p>\n<ul>\n<li> F\u00e4rg: Gr\u00e5<\/li>\n<li> Material: Granit, rostfritt st\u00e5l<\/li>\n<li> Totala dimensioner: 38L x 38B x 38H cm<\/li>\n<li> Storlek p\u00e5 basplattan: 38L x 38B x 5,5H cm<\/li>\n<li> St\u00e5ngstorlek: \u00d85,6 x 30,5 cm<\/li>\n<li> Nettovikt: 21 kg<\/li>\n<li> Passar f\u00f6r parasollst\u00e5ng: \u00d832 mm, \u00d838 mm, \u00d848 mm<\/li>\n<li> Passar f\u00f6r parasolldiameter: Under 2,8 m<\/li>\n<li> Obs: Passar f\u00f6r [BRAND NAME] parasoll SKUs: X-84D-018, v\u00e4nligen kontakta oss f\u00f6r produktl\u00e4nkar om det beh\u00f6vs.<\/li>\n<\/ul>\n<p>Leveransinneh\u00e5ll:<\/p>\n<ul>\n<li> 1 x Parasollfot<\/li>\n<li> 1 x Bruksanvisning<\/li>\n<\/ul>\n","protected":false},"excerpt":{"rendered":"<p>Upplev utomhusn\u00f6jet med denna attraktiva [BRAND NAME] parasollfot i granit, som ser utm\u00e4rkt ut b\u00e5de i din tr\u00e4dg\u00e5rd och p\u00e5&#8230;<\/p>\n","protected":false},"featured_media":100439,"template":"","meta":[],"product_brand":[],"product_cat":[886,862,1028,858],"product_tag":[],"class_list":{"0":"post-100453","1":"product","2":"type-product","3":"status-publish","4":"has-post-thumbnail","6":"product_cat-schirmstander","7":"product_cat-sol-insynsskydd","8":"product_cat-tillbehor-for-parasoller","9":"product_cat-tradgard-terrass","11":"first","12":"instock","13":"sale","14":"taxable","15":"shipping-taxable","16":"purchasable","17":"product-type-simple"},"yoast_head":"<!-- This site is optimized with the Yoast SEO plugin v25.4 - https:\/\/yoast.com\/wordpress\/plugins\/seo\/ -->\n<title>TRUUSK Parasollst\u00e4ll av Granit 21kg - Fyrkantig Parasollfot - F\u00f6r Solparasoll 32\/38\/48mm - Stabil och Robust - Svensk Design - Gr\u00e5 - TRUUSK - Hem, Tr\u00e4dg\u00e5rd &amp; Fritid<\/title>\n<meta name=\"robots\" content=\"index, follow, max-snippet:-1, max-image-preview:large, max-video-preview:-1\" \/>\n<link rel=\"canonical\" href=\"https:\/\/truusk.store\/sv\/produkt\/truusk-parasollstall-av-granit-21kg-fyrkantig-parasollfot-for-solparasoll-32-38-48mm-stabil-och-robust-svensk-design-gra\/\" \/>\n<meta property=\"og:locale\" content=\"sv_SE\" \/>\n<meta property=\"og:type\" content=\"article\" \/>\n<meta property=\"og:title\" content=\"TRUUSK Parasollst\u00e4ll av Granit 21kg - Fyrkantig Parasollfot - F\u00f6r Solparasoll 32\/38\/48mm - Stabil och Robust - Svensk Design - Gr\u00e5 - TRUUSK - Hem, Tr\u00e4dg\u00e5rd &amp; Fritid\" \/>\n<meta property=\"og:description\" content=\"Upplev utomhusn\u00f6jet med denna attraktiva [BRAND NAME] parasollfot i granit, som ser utm\u00e4rkt ut b\u00e5de i din tr\u00e4dg\u00e5rd och p\u00e5...\" \/>\n<meta property=\"og:url\" content=\"https:\/\/truusk.store\/sv\/produkt\/truusk-parasollstall-av-granit-21kg-fyrkantig-parasollfot-for-solparasoll-32-38-48mm-stabil-och-robust-svensk-design-gra\/\" \/>\n<meta property=\"og:site_name\" content=\"TRUUSK - Hem, Tr\u00e4dg\u00e5rd &amp; Fritid\" \/>\n<meta property=\"article:modified_time\" content=\"2026-03-12T07:40:59+00:00\" \/>\n<meta property=\"og:image\" content=\"https:\/\/i0.wp.com\/truusk.se\/wp-content\/uploads\/2026\/01\/parasollfot-av-granit-21kg-fyrkantig-parasollhallare-parasollvikt-for-solparasoll-32-38-48mm-1.webp?fit=2000%2C2000&ssl=1\" \/>\n\t<meta property=\"og:image:width\" content=\"2000\" \/>\n\t<meta property=\"og:image:height\" content=\"2000\" \/>\n\t<meta property=\"og:image:type\" content=\"image\/webp\" \/>\n<meta name=\"twitter:card\" content=\"summary_large_image\" \/>\n<meta name=\"twitter:label1\" content=\"Ber\u00e4knad l\u00e4stid\" \/>\n\t<meta name=\"twitter:data1\" content=\"1 minut\" \/>\n<!-- \/ Yoast SEO plugin. -->","yoast_head_json":{"title":"TRUUSK Parasollst\u00e4ll av Granit 21kg - Fyrkantig Parasollfot - F\u00f6r Solparasoll 32\/38\/48mm - Stabil och Robust - Svensk Design - Gr\u00e5 - TRUUSK - Hem, Tr\u00e4dg\u00e5rd &amp; Fritid","robots":{"index":"index","follow":"follow","max-snippet":"max-snippet:-1","max-image-preview":"max-image-preview:large","max-video-preview":"max-video-preview:-1"},"canonical":"https:\/\/truusk.store\/sv\/produkt\/truusk-parasollstall-av-granit-21kg-fyrkantig-parasollfot-for-solparasoll-32-38-48mm-stabil-och-robust-svensk-design-gra\/","og_locale":"sv_SE","og_type":"article","og_title":"TRUUSK Parasollst\u00e4ll av Granit 21kg - Fyrkantig Parasollfot - F\u00f6r Solparasoll 32\/38\/48mm - Stabil och Robust - Svensk Design - Gr\u00e5 - TRUUSK - Hem, Tr\u00e4dg\u00e5rd &amp; Fritid","og_description":"Upplev utomhusn\u00f6jet med denna attraktiva [BRAND NAME] parasollfot i granit, som ser utm\u00e4rkt ut b\u00e5de i din tr\u00e4dg\u00e5rd och p\u00e5...","og_url":"https:\/\/truusk.store\/sv\/produkt\/truusk-parasollstall-av-granit-21kg-fyrkantig-parasollfot-for-solparasoll-32-38-48mm-stabil-och-robust-svensk-design-gra\/","og_site_name":"TRUUSK - Hem, Tr\u00e4dg\u00e5rd &amp; Fritid","article_modified_time":"2026-03-12T07:40:59+00:00","og_image":[{"width":2000,"height":2000,"url":"https:\/\/i0.wp.com\/truusk.se\/wp-content\/uploads\/2026\/01\/parasollfot-av-granit-21kg-fyrkantig-parasollhallare-parasollvikt-for-solparasoll-32-38-48mm-1.webp?fit=2000%2C2000&ssl=1","type":"image\/webp"}],"twitter_card":"summary_large_image","twitter_misc":{"Ber\u00e4knad l\u00e4stid":"1 minut"},"schema":{"@context":"https:\/\/schema.org","@graph":[{"@type":"WebPage","@id":"https:\/\/truusk.store\/sv\/produkt\/truusk-parasollstall-av-granit-21kg-fyrkantig-parasollfot-for-solparasoll-32-38-48mm-stabil-och-robust-svensk-design-gra\/","url":"https:\/\/truusk.store\/sv\/produkt\/truusk-parasollstall-av-granit-21kg-fyrkantig-parasollfot-for-solparasoll-32-38-48mm-stabil-och-robust-svensk-design-gra\/","name":"TRUUSK Parasollst\u00e4ll av Granit 21kg - Fyrkantig Parasollfot - F\u00f6r Solparasoll 32\/38\/48mm - Stabil och Robust - Svensk Design - Gr\u00e5 - TRUUSK - Hem, Tr\u00e4dg\u00e5rd &amp; Fritid","isPartOf":{"@id":"https:\/\/truusk.store\/sv\/#website"},"primaryImageOfPage":{"@id":"https:\/\/truusk.store\/sv\/produkt\/truusk-parasollstall-av-granit-21kg-fyrkantig-parasollfot-for-solparasoll-32-38-48mm-stabil-och-robust-svensk-design-gra\/#primaryimage"},"image":{"@id":"https:\/\/truusk.store\/sv\/produkt\/truusk-parasollstall-av-granit-21kg-fyrkantig-parasollfot-for-solparasoll-32-38-48mm-stabil-och-robust-svensk-design-gra\/#primaryimage"},"thumbnailUrl":"https:\/\/i0.wp.com\/truusk.store\/wp-content\/uploads\/2026\/01\/parasollfot-av-granit-21kg-fyrkantig-parasollhallare-parasollvikt-for-solparasoll-32-38-48mm-1.webp?fit=2000%2C2000&ssl=1","datePublished":"2026-01-23T11:18:03+00:00","dateModified":"2026-03-12T07:40:59+00:00","breadcrumb":{"@id":"https:\/\/truusk.store\/sv\/produkt\/truusk-parasollstall-av-granit-21kg-fyrkantig-parasollfot-for-solparasoll-32-38-48mm-stabil-och-robust-svensk-design-gra\/#breadcrumb"},"inLanguage":"sv-SE","potentialAction":[{"@type":"ReadAction","target":["https:\/\/truusk.store\/sv\/produkt\/truusk-parasollstall-av-granit-21kg-fyrkantig-parasollfot-for-solparasoll-32-38-48mm-stabil-och-robust-svensk-design-gra\/"]}]},{"@type":"ImageObject","inLanguage":"sv-SE","@id":"https:\/\/truusk.store\/sv\/produkt\/truusk-parasollstall-av-granit-21kg-fyrkantig-parasollfot-for-solparasoll-32-38-48mm-stabil-och-robust-svensk-design-gra\/#primaryimage","url":"https:\/\/i0.wp.com\/truusk.store\/wp-content\/uploads\/2026\/01\/parasollfot-av-granit-21kg-fyrkantig-parasollhallare-parasollvikt-for-solparasoll-32-38-48mm-1.webp?fit=2000%2C2000&ssl=1","contentUrl":"https:\/\/i0.wp.com\/truusk.store\/wp-content\/uploads\/2026\/01\/parasollfot-av-granit-21kg-fyrkantig-parasollhallare-parasollvikt-for-solparasoll-32-38-48mm-1.webp?fit=2000%2C2000&ssl=1","width":2000,"height":2000},{"@type":"BreadcrumbList","@id":"https:\/\/truusk.store\/sv\/produkt\/truusk-parasollstall-av-granit-21kg-fyrkantig-parasollfot-for-solparasoll-32-38-48mm-stabil-och-robust-svensk-design-gra\/#breadcrumb","itemListElement":[{"@type":"ListItem","position":1,"name":"Home","item":"https:\/\/truusk.store\/sv\/"},{"@type":"ListItem","position":2,"name":"Shop","item":"https:\/\/truusk.store\/shop\/"},{"@type":"ListItem","position":3,"name":"TRUUSK Parasollst\u00e4ll av Granit 21kg &#8211; Fyrkantig Parasollfot &#8211; F\u00f6r Solparasoll 32\/38\/48mm &#8211; Stabil och Robust &#8211; Svensk Design &#8211; Gr\u00e5"}]},{"@type":"WebSite","@id":"https:\/\/truusk.store\/sv\/#website","url":"https:\/\/truusk.store\/sv\/","name":"TRUUSK - Hem, Tr\u00e4dg\u00e5rd & Fritid","description":"","publisher":{"@id":"https:\/\/truusk.store\/sv\/#organization"},"potentialAction":[{"@type":"SearchAction","target":{"@type":"EntryPoint","urlTemplate":"https:\/\/truusk.store\/sv\/?s={search_term_string}"},"query-input":{"@type":"PropertyValueSpecification","valueRequired":true,"valueName":"search_term_string"}}],"inLanguage":"sv-SE"},{"@type":"Organization","@id":"https:\/\/truusk.store\/sv\/#organization","name":"TRUUSK - Hem, Tr\u00e4dg\u00e5rd & Fritid","url":"https:\/\/truusk.store\/sv\/","logo":{"@type":"ImageObject","inLanguage":"sv-SE","@id":"https:\/\/truusk.store\/sv\/#\/schema\/logo\/image\/","url":"https:\/\/i0.wp.com\/truusk.store\/wp-content\/uploads\/2026\/03\/cropped-TRUUSK.png?fit=2032%2C917&ssl=1","contentUrl":"https:\/\/i0.wp.com\/truusk.store\/wp-content\/uploads\/2026\/03\/cropped-TRUUSK.png?fit=2032%2C917&ssl=1","width":2032,"height":917,"caption":"TRUUSK - Hem, Tr\u00e4dg\u00e5rd & Fritid"},"image":{"@id":"https:\/\/truusk.store\/sv\/#\/schema\/logo\/image\/"}}]}},"jetpack_sharing_enabled":true,"_links":{"self":[{"href":"https:\/\/truusk.store\/sv\/wp-json\/wp\/v2\/product\/100453","targetHints":{"allow":["GET"]}}],"collection":[{"href":"https:\/\/truusk.store\/sv\/wp-json\/wp\/v2\/product"}],"about":[{"href":"https:\/\/truusk.store\/sv\/wp-json\/wp\/v2\/types\/product"}],"wp:featuredmedia":[{"embeddable":true,"href":"https:\/\/truusk.store\/sv\/wp-json\/wp\/v2\/media\/100439"}],"wp:attachment":[{"href":"https:\/\/truusk.store\/sv\/wp-json\/wp\/v2\/media?parent=100453"}],"wp:term":[{"taxonomy":"product_brand","embeddable":true,"href":"https:\/\/truusk.store\/sv\/wp-json\/wp\/v2\/product_brand?post=100453"},{"taxonomy":"product_cat","embeddable":true,"href":"https:\/\/truusk.store\/sv\/wp-json\/wp\/v2\/product_cat?post=100453"},{"taxonomy":"product_tag","embeddable":true,"href":"https:\/\/truusk.store\/sv\/wp-json\/wp\/v2\/product_tag?post=100453"}],"curies":[{"name":"wp","href":"https:\/\/api.w.org\/{rel}","templated":true}]}}