{"id":100463,"date":"2026-01-23T12:19:11","date_gmt":"2026-01-23T11:19:11","guid":{"rendered":"https:\/\/truusk.store\/product\/parasollfot-av-betong-parasollstall-med-rulle-rund-parasollhallare-stall-for-solparasoll-32-38-48mm\/"},"modified":"2026-03-12T08:41:01","modified_gmt":"2026-03-12T07:41:01","slug":"truusk-parasollfot-av-betong-med-rulle-for-solparasoll-32-38-48mm-rund-parasollhallare-stall","status":"publish","type":"product","link":"https:\/\/truusk.store\/sv\/produkt\/truusk-parasollfot-av-betong-med-rulle-for-solparasoll-32-38-48mm-rund-parasollhallare-stall\/","title":{"rendered":"TRUUSK Parasollfot Av Betong &#8211; Med Rulle &#8211; F\u00f6r Solparasoll 32\/38\/48mm &#8211; Rund Parasollh\u00e5llare St\u00e4ll"},"content":{"rendered":"<p>Upplev en utomhuslivsstil utan solbr\u00e4nna, med en stilfull [BRAND NAME] parasollst\u00e4llning p\u00e5 hjul. Designen av parasollst\u00e4llningen med blomliknande yta passar perfekt i tr\u00e4dg\u00e5rden eller p\u00e5 terrassen. Kombinera parasoll, bord och stolar till din egen oas. Den tyngda st\u00e4llningen h\u00e5ller parasollet s\u00e4kert och stabilt, f\u00f6r optimal skugga. Njut av komforten med en [BRAND NAME] parasollst\u00e4llning utomhus.<\/p>\n<p>Beskrivning:<\/p>\n<ul>\n<li> Parasollst\u00e4llningen med hjul \u00e4r l\u00e4mplig f\u00f6r parasoll med en maximal diameter p\u00e5 2,8 m och st\u00e5ngstorlekar p\u00e5 32, 38, 48 mm<\/li>\n<li> Parasollst\u00e4llningen \u00e4r tillverkad av en bas av hartsbetong och en pulverlackerad st\u00e5lst\u00e5ng f\u00f6r utomhusbruk<\/li>\n<li> Med en vikt p\u00e5 21 kg h\u00e5ller denna st\u00e4llning ditt parasoll s\u00e4kert \u00e4ven i regn och vind<\/li>\n<li> Stilfull, blomliknande yta ger en chic accent<\/li>\n<li> Parasollst\u00e4llningen \u00e4r l\u00e4mplig f\u00f6r anv\u00e4ndning i din tr\u00e4dg\u00e5rd, p\u00e5 din terrass, vid poolkanten eller i andra utomhusomr\u00e5den<\/li>\n<li> Montering kr\u00e4vs<\/li>\n<\/ul>\n<p> Tekniska data:<\/p>\n<ul>\n<li> F\u00e4rg: Brons<\/li>\n<li> Material: Harts, betong, metall<\/li>\n<li> Totala dimensioner: \u00d848 x 42H cm<\/li>\n<li> Basdimensioner: \u00d848 x 10,5H cm<\/li>\n<li> St\u00e5ngdimensioner: \u00d85,6 x 25H cm<\/li>\n<li> Passar f\u00f6r diameter: 32 mm, 38 mm, 48 mm (parasollst\u00e4nger)<\/li>\n<li> Nettovikt: 21 kg<\/li>\n<li> Obs: 1, Passar f\u00f6r [BRAND NAME] parasoll SKUs: X-84D-018, v\u00e4nligen kontakta oss f\u00f6r produktl\u00e4nkar om det beh\u00f6vs.2, V\u00e4nligen m\u00e4t diametern p\u00e5 din parasollst\u00e5ng i f\u00f6rv\u00e4g f\u00f6r att s\u00e4kerst\u00e4lla att v\u00e5r bas passar<\/li>\n<\/ul>\n<p>Leveransinneh\u00e5ll:<\/p>\n<ul>\n<li> 1 x Parasollst\u00e4llning<\/li>\n<li> 1 x Bruksanvisning<\/li>\n<\/ul>\n","protected":false},"excerpt":{"rendered":"<p>Upplev en utomhuslivsstil utan solbr\u00e4nna, med en stilfull [BRAND NAME] parasollst\u00e4llning p\u00e5 hjul. Designen av parasollst\u00e4llningen med blomliknande yta passar&#8230;<\/p>\n","protected":false},"featured_media":100454,"template":"","meta":[],"product_brand":[],"product_cat":[886,862,1036,858],"product_tag":[],"class_list":{"0":"post-100463","1":"product","2":"type-product","3":"status-publish","4":"has-post-thumbnail","6":"product_cat-schirmstander","7":"product_cat-sol-insynsskydd","8":"product_cat-tillbehor-for-solparaplyer","9":"product_cat-tradgard-terrass","11":"first","12":"instock","13":"sale","14":"taxable","15":"shipping-taxable","16":"purchasable","17":"product-type-simple"},"yoast_head":"<!-- This site is optimized with the Yoast SEO plugin v25.4 - https:\/\/yoast.com\/wordpress\/plugins\/seo\/ -->\n<title>TRUUSK Parasollfot Av Betong - Med Rulle - F\u00f6r Solparasoll 32\/38\/48mm - Rund Parasollh\u00e5llare St\u00e4ll - TRUUSK - Hem, Tr\u00e4dg\u00e5rd &amp; Fritid<\/title>\n<meta name=\"robots\" content=\"index, follow, max-snippet:-1, max-image-preview:large, max-video-preview:-1\" \/>\n<link rel=\"canonical\" href=\"https:\/\/truusk.store\/sv\/produkt\/truusk-parasollfot-av-betong-med-rulle-for-solparasoll-32-38-48mm-rund-parasollhallare-stall\/\" \/>\n<meta property=\"og:locale\" content=\"sv_SE\" \/>\n<meta property=\"og:type\" content=\"article\" \/>\n<meta property=\"og:title\" content=\"TRUUSK Parasollfot Av Betong - Med Rulle - F\u00f6r Solparasoll 32\/38\/48mm - Rund Parasollh\u00e5llare St\u00e4ll - TRUUSK - Hem, Tr\u00e4dg\u00e5rd &amp; Fritid\" \/>\n<meta property=\"og:description\" content=\"Upplev en utomhuslivsstil utan solbr\u00e4nna, med en stilfull [BRAND NAME] parasollst\u00e4llning p\u00e5 hjul. Designen av parasollst\u00e4llningen med blomliknande yta passar...\" \/>\n<meta property=\"og:url\" content=\"https:\/\/truusk.store\/sv\/produkt\/truusk-parasollfot-av-betong-med-rulle-for-solparasoll-32-38-48mm-rund-parasollhallare-stall\/\" \/>\n<meta property=\"og:site_name\" content=\"TRUUSK - Hem, Tr\u00e4dg\u00e5rd &amp; Fritid\" \/>\n<meta property=\"article:modified_time\" content=\"2026-03-12T07:41:01+00:00\" \/>\n<meta property=\"og:image\" content=\"https:\/\/i0.wp.com\/truusk.se\/wp-content\/uploads\/2026\/01\/parasollfot-av-betong-parasollstall-med-rulle-rund-parasollhallare-stall-for-solparasoll-32-38-48mm-1.webp?fit=2000%2C2000&ssl=1\" \/>\n\t<meta property=\"og:image:width\" content=\"2000\" \/>\n\t<meta property=\"og:image:height\" content=\"2000\" \/>\n\t<meta property=\"og:image:type\" content=\"image\/webp\" \/>\n<meta name=\"twitter:card\" content=\"summary_large_image\" \/>\n<meta name=\"twitter:label1\" content=\"Ber\u00e4knad l\u00e4stid\" \/>\n\t<meta name=\"twitter:data1\" content=\"1 minut\" \/>\n<!-- \/ Yoast SEO plugin. -->","yoast_head_json":{"title":"TRUUSK Parasollfot Av Betong - Med Rulle - F\u00f6r Solparasoll 32\/38\/48mm - Rund Parasollh\u00e5llare St\u00e4ll - TRUUSK - Hem, Tr\u00e4dg\u00e5rd &amp; Fritid","robots":{"index":"index","follow":"follow","max-snippet":"max-snippet:-1","max-image-preview":"max-image-preview:large","max-video-preview":"max-video-preview:-1"},"canonical":"https:\/\/truusk.store\/sv\/produkt\/truusk-parasollfot-av-betong-med-rulle-for-solparasoll-32-38-48mm-rund-parasollhallare-stall\/","og_locale":"sv_SE","og_type":"article","og_title":"TRUUSK Parasollfot Av Betong - Med Rulle - F\u00f6r Solparasoll 32\/38\/48mm - Rund Parasollh\u00e5llare St\u00e4ll - TRUUSK - Hem, Tr\u00e4dg\u00e5rd &amp; Fritid","og_description":"Upplev en utomhuslivsstil utan solbr\u00e4nna, med en stilfull [BRAND NAME] parasollst\u00e4llning p\u00e5 hjul. Designen av parasollst\u00e4llningen med blomliknande yta passar...","og_url":"https:\/\/truusk.store\/sv\/produkt\/truusk-parasollfot-av-betong-med-rulle-for-solparasoll-32-38-48mm-rund-parasollhallare-stall\/","og_site_name":"TRUUSK - Hem, Tr\u00e4dg\u00e5rd &amp; Fritid","article_modified_time":"2026-03-12T07:41:01+00:00","og_image":[{"width":2000,"height":2000,"url":"https:\/\/i0.wp.com\/truusk.se\/wp-content\/uploads\/2026\/01\/parasollfot-av-betong-parasollstall-med-rulle-rund-parasollhallare-stall-for-solparasoll-32-38-48mm-1.webp?fit=2000%2C2000&ssl=1","type":"image\/webp"}],"twitter_card":"summary_large_image","twitter_misc":{"Ber\u00e4knad l\u00e4stid":"1 minut"},"schema":{"@context":"https:\/\/schema.org","@graph":[{"@type":"WebPage","@id":"https:\/\/truusk.store\/sv\/produkt\/truusk-parasollfot-av-betong-med-rulle-for-solparasoll-32-38-48mm-rund-parasollhallare-stall\/","url":"https:\/\/truusk.store\/sv\/produkt\/truusk-parasollfot-av-betong-med-rulle-for-solparasoll-32-38-48mm-rund-parasollhallare-stall\/","name":"TRUUSK Parasollfot Av Betong - Med Rulle - F\u00f6r Solparasoll 32\/38\/48mm - Rund Parasollh\u00e5llare St\u00e4ll - TRUUSK - Hem, Tr\u00e4dg\u00e5rd &amp; Fritid","isPartOf":{"@id":"https:\/\/truusk.store\/sv\/#website"},"primaryImageOfPage":{"@id":"https:\/\/truusk.store\/sv\/produkt\/truusk-parasollfot-av-betong-med-rulle-for-solparasoll-32-38-48mm-rund-parasollhallare-stall\/#primaryimage"},"image":{"@id":"https:\/\/truusk.store\/sv\/produkt\/truusk-parasollfot-av-betong-med-rulle-for-solparasoll-32-38-48mm-rund-parasollhallare-stall\/#primaryimage"},"thumbnailUrl":"https:\/\/i0.wp.com\/truusk.store\/wp-content\/uploads\/2026\/01\/parasollfot-av-betong-parasollstall-med-rulle-rund-parasollhallare-stall-for-solparasoll-32-38-48mm-1.webp?fit=2000%2C2000&ssl=1","datePublished":"2026-01-23T11:19:11+00:00","dateModified":"2026-03-12T07:41:01+00:00","breadcrumb":{"@id":"https:\/\/truusk.store\/sv\/produkt\/truusk-parasollfot-av-betong-med-rulle-for-solparasoll-32-38-48mm-rund-parasollhallare-stall\/#breadcrumb"},"inLanguage":"sv-SE","potentialAction":[{"@type":"ReadAction","target":["https:\/\/truusk.store\/sv\/produkt\/truusk-parasollfot-av-betong-med-rulle-for-solparasoll-32-38-48mm-rund-parasollhallare-stall\/"]}]},{"@type":"ImageObject","inLanguage":"sv-SE","@id":"https:\/\/truusk.store\/sv\/produkt\/truusk-parasollfot-av-betong-med-rulle-for-solparasoll-32-38-48mm-rund-parasollhallare-stall\/#primaryimage","url":"https:\/\/i0.wp.com\/truusk.store\/wp-content\/uploads\/2026\/01\/parasollfot-av-betong-parasollstall-med-rulle-rund-parasollhallare-stall-for-solparasoll-32-38-48mm-1.webp?fit=2000%2C2000&ssl=1","contentUrl":"https:\/\/i0.wp.com\/truusk.store\/wp-content\/uploads\/2026\/01\/parasollfot-av-betong-parasollstall-med-rulle-rund-parasollhallare-stall-for-solparasoll-32-38-48mm-1.webp?fit=2000%2C2000&ssl=1","width":2000,"height":2000},{"@type":"BreadcrumbList","@id":"https:\/\/truusk.store\/sv\/produkt\/truusk-parasollfot-av-betong-med-rulle-for-solparasoll-32-38-48mm-rund-parasollhallare-stall\/#breadcrumb","itemListElement":[{"@type":"ListItem","position":1,"name":"Home","item":"https:\/\/truusk.store\/sv\/"},{"@type":"ListItem","position":2,"name":"Shop","item":"https:\/\/truusk.store\/shop\/"},{"@type":"ListItem","position":3,"name":"TRUUSK Parasollfot Av Betong &#8211; Med Rulle &#8211; F\u00f6r Solparasoll 32\/38\/48mm &#8211; Rund Parasollh\u00e5llare St\u00e4ll"}]},{"@type":"WebSite","@id":"https:\/\/truusk.store\/sv\/#website","url":"https:\/\/truusk.store\/sv\/","name":"TRUUSK - Hem, Tr\u00e4dg\u00e5rd & Fritid","description":"","publisher":{"@id":"https:\/\/truusk.store\/sv\/#organization"},"potentialAction":[{"@type":"SearchAction","target":{"@type":"EntryPoint","urlTemplate":"https:\/\/truusk.store\/sv\/?s={search_term_string}"},"query-input":{"@type":"PropertyValueSpecification","valueRequired":true,"valueName":"search_term_string"}}],"inLanguage":"sv-SE"},{"@type":"Organization","@id":"https:\/\/truusk.store\/sv\/#organization","name":"TRUUSK - Hem, Tr\u00e4dg\u00e5rd & Fritid","url":"https:\/\/truusk.store\/sv\/","logo":{"@type":"ImageObject","inLanguage":"sv-SE","@id":"https:\/\/truusk.store\/sv\/#\/schema\/logo\/image\/","url":"https:\/\/i0.wp.com\/truusk.store\/wp-content\/uploads\/2026\/03\/cropped-TRUUSK.png?fit=2032%2C917&ssl=1","contentUrl":"https:\/\/i0.wp.com\/truusk.store\/wp-content\/uploads\/2026\/03\/cropped-TRUUSK.png?fit=2032%2C917&ssl=1","width":2032,"height":917,"caption":"TRUUSK - Hem, Tr\u00e4dg\u00e5rd & Fritid"},"image":{"@id":"https:\/\/truusk.store\/sv\/#\/schema\/logo\/image\/"}}]}},"jetpack_sharing_enabled":true,"_links":{"self":[{"href":"https:\/\/truusk.store\/sv\/wp-json\/wp\/v2\/product\/100463","targetHints":{"allow":["GET"]}}],"collection":[{"href":"https:\/\/truusk.store\/sv\/wp-json\/wp\/v2\/product"}],"about":[{"href":"https:\/\/truusk.store\/sv\/wp-json\/wp\/v2\/types\/product"}],"wp:featuredmedia":[{"embeddable":true,"href":"https:\/\/truusk.store\/sv\/wp-json\/wp\/v2\/media\/100454"}],"wp:attachment":[{"href":"https:\/\/truusk.store\/sv\/wp-json\/wp\/v2\/media?parent=100463"}],"wp:term":[{"taxonomy":"product_brand","embeddable":true,"href":"https:\/\/truusk.store\/sv\/wp-json\/wp\/v2\/product_brand?post=100463"},{"taxonomy":"product_cat","embeddable":true,"href":"https:\/\/truusk.store\/sv\/wp-json\/wp\/v2\/product_cat?post=100463"},{"taxonomy":"product_tag","embeddable":true,"href":"https:\/\/truusk.store\/sv\/wp-json\/wp\/v2\/product_tag?post=100463"}],"curies":[{"name":"wp","href":"https:\/\/api.w.org\/{rel}","templated":true}]}}