{"id":100493,"date":"2026-01-26T20:28:57","date_gmt":"2026-01-26T19:28:57","guid":{"rendered":"https:\/\/truusk.store\/product\/4-x-3-x-2-m-polytunnel-vaxthus-med-solskyddsnat-rullbara-sidovaggar-plastoverdrag-stalram-gron\/"},"modified":"2026-03-12T09:46:29","modified_gmt":"2026-03-12T08:46:29","slug":"truusk-4-x-3-x-2-m-polyttunnelvaxthus-solskyddsnat-rullbara-sidovaggar-plastoverdrag-stalram-gron","status":"publish","type":"product","link":"https:\/\/truusk.store\/sv\/produkt\/truusk-4-x-3-x-2-m-polyttunnelvaxthus-solskyddsnat-rullbara-sidovaggar-plastoverdrag-stalram-gron\/","title":{"rendered":"TRUUSK 4 X 3 X 2 M Polyttunnelv\u00e4xthus &#8211; Solskyddsn\u00e4t &#8211; Rullbara Sidov\u00e4ggar &#8211; Plast\u00f6verdrag &#8211; St\u00e5lram &#8211; Gr\u00f6n"},"content":{"rendered":"<p>Upplev \u00e5ret runt tr\u00e4dg\u00e5rdssk\u00f6tsel med gott om utrymme i [BRAND NAME] tomatv\u00e4xthus f\u00f6r tr\u00e4dg\u00e5rden. Detta plastfoliev\u00e4xthus har ett UV-resistent solskyddsn\u00e4t och flera \u00f6ppningar med n\u00e4t lager, f\u00f6r utm\u00e4rkt ventilation och l\u00e4tt tillg\u00e5ng. Plasth\u00f6ljet p\u00e5 v\u00e4xthuset sl\u00e4pper ocks\u00e5 igenom 85% av solljuset. Perfekt f\u00f6r alla som s\u00f6ker ett rymligt v\u00e4xthus f\u00f6r att odla sitt tr\u00e4dg\u00e5rdsparadis!<\/p>\n<p>Beskrivning:<\/p>\n<ul>\n<li> Solskyddsn\u00e4tet p\u00e5 folietunneln blockerar upp till 80% av de skadliga UV-str\u00e5larna<\/li>\n<li> Upprullningsbara dragkedjed\u00f6rrar, sidov\u00e4ggar och f\u00f6nster f\u00f6rb\u00e4ttrar ventilation och tillg\u00e4nglighet<\/li>\n<li> N\u00e4t lagren p\u00e5 planttunneln h\u00e5ller o\u00f6nskade flygande g\u00e4ster borta<\/li>\n<li> 140 g\/m\u00b2 plast\u00f6verdrag sl\u00e4pper igenom 85 % av solljuset<\/li>\n<li> F\u00f6rzinkat st\u00e5lram med stag f\u00f6r robust stabilitet<\/li>\n<li> U-formade markankare och f\u00f6rankringslinor f\u00f6r b\u00e5gplanttunneln \u00f6kar vindmotst\u00e5ndet<\/li>\n<li> Ut\u00f6kad t\u00e4ckning f\u00f6rb\u00e4ttrar stabilitet och luftt\u00e4thet och blockerar intr\u00e5ng av ogr\u00e4s<\/li>\n<li> Montering kr\u00e4vs<\/li>\n<\/ul>\n<p> Tekniska data:<\/p>\n<ul>\n<li> F\u00e4rg: Gr\u00f6n<\/li>\n<li> Material: Plast, f\u00f6rzinkat st\u00e5l<\/li>\n<li> Totala dimensioner: 400L x 300B x 198H cm<\/li>\n<li> F\u00f6nsterstorlek: 60B x 40H cm<\/li>\n<li> Yttre d\u00f6rrstorlek: 160B x 174H cm<\/li>\n<li> Inre n\u00e4t d\u00f6rrstorlek: 138B x 180H cm<\/li>\n<li> Upprullningsbar sidov\u00e4ggstorlek: 380B x 119H cm<\/li>\n<li> Solskyddsn\u00e4tstorlek: 450L x 350B cm<\/li>\n<li> Kantbredd: 20 cm<\/li>\n<li> Vindfast: Niv\u00e5 4 (vindhastighet under 28 km\/h)<\/li>\n<li> F\u00f6r montering: 2-3 personer rekommenderas<\/li>\n<\/ul>\n<p>Leveransinneh\u00e5ll:<\/p>\n<ul>\n<li> 1 x Tunnelv\u00e4xthus<\/li>\n<li> 1 x Solskyddsn\u00e4t<\/li>\n<li> 20 x U-formade markankare<\/li>\n<li> 8 x F\u00f6rankringslina<\/li>\n<li> 1 x Handbok<\/li>\n<\/ul>\n","protected":false},"excerpt":{"rendered":"<p>Upplev \u00e5ret runt tr\u00e4dg\u00e5rdssk\u00f6tsel med gott om utrymme i [BRAND NAME] tomatv\u00e4xthus f\u00f6r tr\u00e4dg\u00e5rden. Detta plastfoliev\u00e4xthus har ett UV-resistent solskyddsn\u00e4t&#8230;<\/p>\n","protected":false},"featured_media":100478,"template":"","meta":[],"product_brand":[],"product_cat":[1024,858,443],"product_tag":[],"class_list":{"0":"post-100493","1":"product","2":"type-product","3":"status-publish","4":"has-post-thumbnail","6":"product_cat-plastfilm-vaxthus-vaxthus-tradgardsskotsel","7":"product_cat-tradgard-terrass","8":"product_cat-vaxthus-tradgardsskotsel","10":"first","11":"instock","12":"sale","13":"taxable","14":"shipping-taxable","15":"purchasable","16":"product-type-simple"},"yoast_head":"<!-- This site is optimized with the Yoast SEO plugin v25.4 - https:\/\/yoast.com\/wordpress\/plugins\/seo\/ -->\n<title>TRUUSK 4 X 3 X 2 M Polyttunnelv\u00e4xthus - Solskyddsn\u00e4t - Rullbara Sidov\u00e4ggar - Plast\u00f6verdrag - St\u00e5lram - Gr\u00f6n - TRUUSK - Hem, Tr\u00e4dg\u00e5rd &amp; Fritid<\/title>\n<meta name=\"robots\" content=\"index, follow, max-snippet:-1, max-image-preview:large, max-video-preview:-1\" \/>\n<link rel=\"canonical\" href=\"https:\/\/truusk.store\/sv\/produkt\/truusk-4-x-3-x-2-m-polyttunnelvaxthus-solskyddsnat-rullbara-sidovaggar-plastoverdrag-stalram-gron\/\" \/>\n<meta property=\"og:locale\" content=\"sv_SE\" \/>\n<meta property=\"og:type\" content=\"article\" \/>\n<meta property=\"og:title\" content=\"TRUUSK 4 X 3 X 2 M Polyttunnelv\u00e4xthus - Solskyddsn\u00e4t - Rullbara Sidov\u00e4ggar - Plast\u00f6verdrag - St\u00e5lram - Gr\u00f6n - TRUUSK - Hem, Tr\u00e4dg\u00e5rd &amp; Fritid\" \/>\n<meta property=\"og:description\" content=\"Upplev \u00e5ret runt tr\u00e4dg\u00e5rdssk\u00f6tsel med gott om utrymme i [BRAND NAME] tomatv\u00e4xthus f\u00f6r tr\u00e4dg\u00e5rden. Detta plastfoliev\u00e4xthus har ett UV-resistent solskyddsn\u00e4t...\" \/>\n<meta property=\"og:url\" content=\"https:\/\/truusk.store\/sv\/produkt\/truusk-4-x-3-x-2-m-polyttunnelvaxthus-solskyddsnat-rullbara-sidovaggar-plastoverdrag-stalram-gron\/\" \/>\n<meta property=\"og:site_name\" content=\"TRUUSK - Hem, Tr\u00e4dg\u00e5rd &amp; Fritid\" \/>\n<meta property=\"article:modified_time\" content=\"2026-03-12T08:46:29+00:00\" \/>\n<meta property=\"og:image\" content=\"https:\/\/i0.wp.com\/truusk.se\/wp-content\/uploads\/2026\/01\/4-x-3-x-2-m-polytunnel-vaxthus-med-solskyddsnat-rullbara-sidovaggar-plastoverdrag-stalram-gron-1.webp?fit=2000%2C2000&ssl=1\" \/>\n\t<meta property=\"og:image:width\" content=\"2000\" \/>\n\t<meta property=\"og:image:height\" content=\"2000\" \/>\n\t<meta property=\"og:image:type\" content=\"image\/webp\" \/>\n<meta name=\"twitter:card\" content=\"summary_large_image\" \/>\n<meta name=\"twitter:label1\" content=\"Ber\u00e4knad l\u00e4stid\" \/>\n\t<meta name=\"twitter:data1\" content=\"1 minut\" \/>\n<!-- \/ Yoast SEO plugin. -->","yoast_head_json":{"title":"TRUUSK 4 X 3 X 2 M Polyttunnelv\u00e4xthus - Solskyddsn\u00e4t - Rullbara Sidov\u00e4ggar - Plast\u00f6verdrag - St\u00e5lram - Gr\u00f6n - TRUUSK - Hem, Tr\u00e4dg\u00e5rd &amp; Fritid","robots":{"index":"index","follow":"follow","max-snippet":"max-snippet:-1","max-image-preview":"max-image-preview:large","max-video-preview":"max-video-preview:-1"},"canonical":"https:\/\/truusk.store\/sv\/produkt\/truusk-4-x-3-x-2-m-polyttunnelvaxthus-solskyddsnat-rullbara-sidovaggar-plastoverdrag-stalram-gron\/","og_locale":"sv_SE","og_type":"article","og_title":"TRUUSK 4 X 3 X 2 M Polyttunnelv\u00e4xthus - Solskyddsn\u00e4t - Rullbara Sidov\u00e4ggar - Plast\u00f6verdrag - St\u00e5lram - Gr\u00f6n - TRUUSK - Hem, Tr\u00e4dg\u00e5rd &amp; Fritid","og_description":"Upplev \u00e5ret runt tr\u00e4dg\u00e5rdssk\u00f6tsel med gott om utrymme i [BRAND NAME] tomatv\u00e4xthus f\u00f6r tr\u00e4dg\u00e5rden. Detta plastfoliev\u00e4xthus har ett UV-resistent solskyddsn\u00e4t...","og_url":"https:\/\/truusk.store\/sv\/produkt\/truusk-4-x-3-x-2-m-polyttunnelvaxthus-solskyddsnat-rullbara-sidovaggar-plastoverdrag-stalram-gron\/","og_site_name":"TRUUSK - Hem, Tr\u00e4dg\u00e5rd &amp; Fritid","article_modified_time":"2026-03-12T08:46:29+00:00","og_image":[{"width":2000,"height":2000,"url":"https:\/\/i0.wp.com\/truusk.se\/wp-content\/uploads\/2026\/01\/4-x-3-x-2-m-polytunnel-vaxthus-med-solskyddsnat-rullbara-sidovaggar-plastoverdrag-stalram-gron-1.webp?fit=2000%2C2000&ssl=1","type":"image\/webp"}],"twitter_card":"summary_large_image","twitter_misc":{"Ber\u00e4knad l\u00e4stid":"1 minut"},"schema":{"@context":"https:\/\/schema.org","@graph":[{"@type":"WebPage","@id":"https:\/\/truusk.store\/sv\/produkt\/truusk-4-x-3-x-2-m-polyttunnelvaxthus-solskyddsnat-rullbara-sidovaggar-plastoverdrag-stalram-gron\/","url":"https:\/\/truusk.store\/sv\/produkt\/truusk-4-x-3-x-2-m-polyttunnelvaxthus-solskyddsnat-rullbara-sidovaggar-plastoverdrag-stalram-gron\/","name":"TRUUSK 4 X 3 X 2 M Polyttunnelv\u00e4xthus - Solskyddsn\u00e4t - Rullbara Sidov\u00e4ggar - Plast\u00f6verdrag - St\u00e5lram - Gr\u00f6n - TRUUSK - Hem, Tr\u00e4dg\u00e5rd &amp; Fritid","isPartOf":{"@id":"https:\/\/truusk.store\/sv\/#website"},"primaryImageOfPage":{"@id":"https:\/\/truusk.store\/sv\/produkt\/truusk-4-x-3-x-2-m-polyttunnelvaxthus-solskyddsnat-rullbara-sidovaggar-plastoverdrag-stalram-gron\/#primaryimage"},"image":{"@id":"https:\/\/truusk.store\/sv\/produkt\/truusk-4-x-3-x-2-m-polyttunnelvaxthus-solskyddsnat-rullbara-sidovaggar-plastoverdrag-stalram-gron\/#primaryimage"},"thumbnailUrl":"https:\/\/i0.wp.com\/truusk.store\/wp-content\/uploads\/2026\/01\/4-x-3-x-2-m-polytunnel-vaxthus-med-solskyddsnat-rullbara-sidovaggar-plastoverdrag-stalram-gron-1.webp?fit=2000%2C2000&ssl=1","datePublished":"2026-01-26T19:28:57+00:00","dateModified":"2026-03-12T08:46:29+00:00","breadcrumb":{"@id":"https:\/\/truusk.store\/sv\/produkt\/truusk-4-x-3-x-2-m-polyttunnelvaxthus-solskyddsnat-rullbara-sidovaggar-plastoverdrag-stalram-gron\/#breadcrumb"},"inLanguage":"sv-SE","potentialAction":[{"@type":"ReadAction","target":["https:\/\/truusk.store\/sv\/produkt\/truusk-4-x-3-x-2-m-polyttunnelvaxthus-solskyddsnat-rullbara-sidovaggar-plastoverdrag-stalram-gron\/"]}]},{"@type":"ImageObject","inLanguage":"sv-SE","@id":"https:\/\/truusk.store\/sv\/produkt\/truusk-4-x-3-x-2-m-polyttunnelvaxthus-solskyddsnat-rullbara-sidovaggar-plastoverdrag-stalram-gron\/#primaryimage","url":"https:\/\/i0.wp.com\/truusk.store\/wp-content\/uploads\/2026\/01\/4-x-3-x-2-m-polytunnel-vaxthus-med-solskyddsnat-rullbara-sidovaggar-plastoverdrag-stalram-gron-1.webp?fit=2000%2C2000&ssl=1","contentUrl":"https:\/\/i0.wp.com\/truusk.store\/wp-content\/uploads\/2026\/01\/4-x-3-x-2-m-polytunnel-vaxthus-med-solskyddsnat-rullbara-sidovaggar-plastoverdrag-stalram-gron-1.webp?fit=2000%2C2000&ssl=1","width":2000,"height":2000},{"@type":"BreadcrumbList","@id":"https:\/\/truusk.store\/sv\/produkt\/truusk-4-x-3-x-2-m-polyttunnelvaxthus-solskyddsnat-rullbara-sidovaggar-plastoverdrag-stalram-gron\/#breadcrumb","itemListElement":[{"@type":"ListItem","position":1,"name":"Home","item":"https:\/\/truusk.store\/sv\/"},{"@type":"ListItem","position":2,"name":"Shop","item":"https:\/\/truusk.store\/shop\/"},{"@type":"ListItem","position":3,"name":"TRUUSK 4 X 3 X 2 M Polyttunnelv\u00e4xthus &#8211; Solskyddsn\u00e4t &#8211; Rullbara Sidov\u00e4ggar &#8211; Plast\u00f6verdrag &#8211; St\u00e5lram &#8211; Gr\u00f6n"}]},{"@type":"WebSite","@id":"https:\/\/truusk.store\/sv\/#website","url":"https:\/\/truusk.store\/sv\/","name":"TRUUSK - Hem, Tr\u00e4dg\u00e5rd & Fritid","description":"","publisher":{"@id":"https:\/\/truusk.store\/sv\/#organization"},"potentialAction":[{"@type":"SearchAction","target":{"@type":"EntryPoint","urlTemplate":"https:\/\/truusk.store\/sv\/?s={search_term_string}"},"query-input":{"@type":"PropertyValueSpecification","valueRequired":true,"valueName":"search_term_string"}}],"inLanguage":"sv-SE"},{"@type":"Organization","@id":"https:\/\/truusk.store\/sv\/#organization","name":"TRUUSK - Hem, Tr\u00e4dg\u00e5rd & Fritid","url":"https:\/\/truusk.store\/sv\/","logo":{"@type":"ImageObject","inLanguage":"sv-SE","@id":"https:\/\/truusk.store\/sv\/#\/schema\/logo\/image\/","url":"https:\/\/i0.wp.com\/truusk.store\/wp-content\/uploads\/2026\/03\/cropped-TRUUSK.png?fit=2032%2C917&ssl=1","contentUrl":"https:\/\/i0.wp.com\/truusk.store\/wp-content\/uploads\/2026\/03\/cropped-TRUUSK.png?fit=2032%2C917&ssl=1","width":2032,"height":917,"caption":"TRUUSK - Hem, Tr\u00e4dg\u00e5rd & Fritid"},"image":{"@id":"https:\/\/truusk.store\/sv\/#\/schema\/logo\/image\/"}}]}},"jetpack_sharing_enabled":true,"_links":{"self":[{"href":"https:\/\/truusk.store\/sv\/wp-json\/wp\/v2\/product\/100493","targetHints":{"allow":["GET"]}}],"collection":[{"href":"https:\/\/truusk.store\/sv\/wp-json\/wp\/v2\/product"}],"about":[{"href":"https:\/\/truusk.store\/sv\/wp-json\/wp\/v2\/types\/product"}],"wp:featuredmedia":[{"embeddable":true,"href":"https:\/\/truusk.store\/sv\/wp-json\/wp\/v2\/media\/100478"}],"wp:attachment":[{"href":"https:\/\/truusk.store\/sv\/wp-json\/wp\/v2\/media?parent=100493"}],"wp:term":[{"taxonomy":"product_brand","embeddable":true,"href":"https:\/\/truusk.store\/sv\/wp-json\/wp\/v2\/product_brand?post=100493"},{"taxonomy":"product_cat","embeddable":true,"href":"https:\/\/truusk.store\/sv\/wp-json\/wp\/v2\/product_cat?post=100493"},{"taxonomy":"product_tag","embeddable":true,"href":"https:\/\/truusk.store\/sv\/wp-json\/wp\/v2\/product_tag?post=100493"}],"curies":[{"name":"wp","href":"https:\/\/api.w.org\/{rel}","templated":true}]}}