{"id":100506,"date":"2026-01-27T12:40:25","date_gmt":"2026-01-27T11:40:25","guid":{"rendered":"https:\/\/truusk.store\/product\/tradgardsbord-for-6-personer-matbord-aluminiumbord-tradgardsmobler-lounge-mobler-underhallsfria-plast-natursvart-140-x-90-x-74-cm\/"},"modified":"2026-03-12T09:12:38","modified_gmt":"2026-03-12T08:12:38","slug":"truusk-tradgardsbord-for-6-personer-aluminiumbord-underhallsfria-plast-natursvart-140-x-90-x-74-cm","status":"publish","type":"product","link":"https:\/\/truusk.store\/sv\/produkt\/truusk-tradgardsbord-for-6-personer-aluminiumbord-underhallsfria-plast-natursvart-140-x-90-x-74-cm\/","title":{"rendered":"TRUUSK Tr\u00e4dg\u00e5rdsbord F\u00f6r 6 Personer &#8211; Aluminiumbord &#8211; Underh\u00e5llsfria &#8211; Plast &#8211; Natur+svart &#8211; 140 X 90 X 74 Cm"},"content":{"rendered":"<p>Skapa en enkel men inbjudande matplats p\u00e5 vilken terrass eller balkong som helst med detta charmiga matbord fr\u00e5n [BRAND NAME]. Den robusta aluminiumramen med halkfria fotdynor \u00e4r stabil och designad f\u00f6r l\u00e5ng livsl\u00e4ngd. Bordsskivan med tr\u00e4liknande lameller ger en naturlig k\u00e4nsla till din terrass. Ge din omgivning varaktig sk\u00f6nhet, stil och grace med denna oumb\u00e4rliga del av varje utomhuslivsrum.<\/p>\n<p>Beskrivning:<\/p>\n<ul>\n<li> Stort matbord f\u00f6r 6 personer<\/li>\n<li> Tr\u00e4liknande bordsskiva f\u00f6r en rustik k\u00e4nsla<\/li>\n<li> Aluminiumramen \u00e4r l\u00e4tt men \u00e4nd\u00e5 robust och h\u00e5llbar f\u00f6r utomhusbruk<\/li>\n<li> Halkfria fotdynor f\u00f6r en stabil st\u00e4llning av bordet<\/li>\n<li> L\u00e4tt att reng\u00f6ra med en fuktig trasa<\/li>\n<li> Monteringen kr\u00e4vs<\/li>\n<\/ul>\n<p> Tekniska data:<\/p>\n<ul>\n<li> F\u00e4rg: Natur+svart<\/li>\n<li> Material: Aluminium, plast<\/li>\n<li> Total storlek: 140L x 90B x 74H cm<\/li>\n<li> Tjocklek p\u00e5 varje lamell: 1,2 cm<\/li>\n<li> B\u00e4rkapacitet: 50 kg<\/li>\n<\/ul>\n<p> Leveransinneh\u00e5ll:<\/p>\n<ul>\n<li> 1 x utomhusmatbord<\/li>\n<li> 1 x instruktioner<\/li>\n<\/ul>\n","protected":false},"excerpt":{"rendered":"<p>Skapa en enkel men inbjudande matplats p\u00e5 vilken terrass eller balkong som helst med detta charmiga matbord fr\u00e5n [BRAND NAME]&#8230;.<\/p>\n","protected":false},"featured_media":100497,"template":"","meta":[],"product_brand":[],"product_cat":[858,457,450],"product_tag":[],"class_list":{"0":"post-100506","1":"product","2":"type-product","3":"status-publish","4":"has-post-thumbnail","6":"product_cat-tradgard-terrass","7":"product_cat-tradgardsbord","8":"product_cat-tradgardsmobler","10":"first","11":"instock","12":"sale","13":"taxable","14":"shipping-taxable","15":"purchasable","16":"product-type-simple"},"yoast_head":"<!-- This site is optimized with the Yoast SEO plugin v25.4 - https:\/\/yoast.com\/wordpress\/plugins\/seo\/ -->\n<title>TRUUSK Tr\u00e4dg\u00e5rdsbord F\u00f6r 6 Personer - Aluminiumbord - Underh\u00e5llsfria - Plast - Natur+svart - 140 X 90 X 74 Cm - TRUUSK - Hem, Tr\u00e4dg\u00e5rd &amp; Fritid<\/title>\n<meta name=\"robots\" content=\"index, follow, max-snippet:-1, max-image-preview:large, max-video-preview:-1\" \/>\n<link rel=\"canonical\" href=\"https:\/\/truusk.store\/sv\/produkt\/truusk-tradgardsbord-for-6-personer-aluminiumbord-underhallsfria-plast-natursvart-140-x-90-x-74-cm\/\" \/>\n<meta property=\"og:locale\" content=\"sv_SE\" \/>\n<meta property=\"og:type\" content=\"article\" \/>\n<meta property=\"og:title\" content=\"TRUUSK Tr\u00e4dg\u00e5rdsbord F\u00f6r 6 Personer - Aluminiumbord - Underh\u00e5llsfria - Plast - Natur+svart - 140 X 90 X 74 Cm - TRUUSK - Hem, Tr\u00e4dg\u00e5rd &amp; Fritid\" \/>\n<meta property=\"og:description\" content=\"Skapa en enkel men inbjudande matplats p\u00e5 vilken terrass eller balkong som helst med detta charmiga matbord fr\u00e5n [BRAND NAME]....\" \/>\n<meta property=\"og:url\" content=\"https:\/\/truusk.store\/sv\/produkt\/truusk-tradgardsbord-for-6-personer-aluminiumbord-underhallsfria-plast-natursvart-140-x-90-x-74-cm\/\" \/>\n<meta property=\"og:site_name\" content=\"TRUUSK - Hem, Tr\u00e4dg\u00e5rd &amp; Fritid\" \/>\n<meta property=\"article:modified_time\" content=\"2026-03-12T08:12:38+00:00\" \/>\n<meta property=\"og:image\" content=\"https:\/\/i0.wp.com\/truusk.se\/wp-content\/uploads\/2026\/01\/tradgardsbord-for-6-personer-matbord-aluminiumbord-tradgardsmobler-lounge-mobler-underhallsfria-plast-natursvart-140-x-90-x-74-cm-1.webp?fit=2000%2C2000&ssl=1\" \/>\n\t<meta property=\"og:image:width\" content=\"2000\" \/>\n\t<meta property=\"og:image:height\" content=\"2000\" \/>\n\t<meta property=\"og:image:type\" content=\"image\/webp\" \/>\n<meta name=\"twitter:card\" content=\"summary_large_image\" \/>\n<meta name=\"twitter:label1\" content=\"Ber\u00e4knad l\u00e4stid\" \/>\n\t<meta name=\"twitter:data1\" content=\"1 minut\" \/>\n<!-- \/ Yoast SEO plugin. -->","yoast_head_json":{"title":"TRUUSK Tr\u00e4dg\u00e5rdsbord F\u00f6r 6 Personer - Aluminiumbord - Underh\u00e5llsfria - Plast - Natur+svart - 140 X 90 X 74 Cm - TRUUSK - Hem, Tr\u00e4dg\u00e5rd &amp; Fritid","robots":{"index":"index","follow":"follow","max-snippet":"max-snippet:-1","max-image-preview":"max-image-preview:large","max-video-preview":"max-video-preview:-1"},"canonical":"https:\/\/truusk.store\/sv\/produkt\/truusk-tradgardsbord-for-6-personer-aluminiumbord-underhallsfria-plast-natursvart-140-x-90-x-74-cm\/","og_locale":"sv_SE","og_type":"article","og_title":"TRUUSK Tr\u00e4dg\u00e5rdsbord F\u00f6r 6 Personer - Aluminiumbord - Underh\u00e5llsfria - Plast - Natur+svart - 140 X 90 X 74 Cm - TRUUSK - Hem, Tr\u00e4dg\u00e5rd &amp; Fritid","og_description":"Skapa en enkel men inbjudande matplats p\u00e5 vilken terrass eller balkong som helst med detta charmiga matbord fr\u00e5n [BRAND NAME]....","og_url":"https:\/\/truusk.store\/sv\/produkt\/truusk-tradgardsbord-for-6-personer-aluminiumbord-underhallsfria-plast-natursvart-140-x-90-x-74-cm\/","og_site_name":"TRUUSK - Hem, Tr\u00e4dg\u00e5rd &amp; Fritid","article_modified_time":"2026-03-12T08:12:38+00:00","og_image":[{"width":2000,"height":2000,"url":"https:\/\/i0.wp.com\/truusk.se\/wp-content\/uploads\/2026\/01\/tradgardsbord-for-6-personer-matbord-aluminiumbord-tradgardsmobler-lounge-mobler-underhallsfria-plast-natursvart-140-x-90-x-74-cm-1.webp?fit=2000%2C2000&ssl=1","type":"image\/webp"}],"twitter_card":"summary_large_image","twitter_misc":{"Ber\u00e4knad l\u00e4stid":"1 minut"},"schema":{"@context":"https:\/\/schema.org","@graph":[{"@type":"WebPage","@id":"https:\/\/truusk.store\/sv\/produkt\/truusk-tradgardsbord-for-6-personer-aluminiumbord-underhallsfria-plast-natursvart-140-x-90-x-74-cm\/","url":"https:\/\/truusk.store\/sv\/produkt\/truusk-tradgardsbord-for-6-personer-aluminiumbord-underhallsfria-plast-natursvart-140-x-90-x-74-cm\/","name":"TRUUSK Tr\u00e4dg\u00e5rdsbord F\u00f6r 6 Personer - Aluminiumbord - Underh\u00e5llsfria - Plast - Natur+svart - 140 X 90 X 74 Cm - TRUUSK - Hem, Tr\u00e4dg\u00e5rd &amp; Fritid","isPartOf":{"@id":"https:\/\/truusk.store\/sv\/#website"},"primaryImageOfPage":{"@id":"https:\/\/truusk.store\/sv\/produkt\/truusk-tradgardsbord-for-6-personer-aluminiumbord-underhallsfria-plast-natursvart-140-x-90-x-74-cm\/#primaryimage"},"image":{"@id":"https:\/\/truusk.store\/sv\/produkt\/truusk-tradgardsbord-for-6-personer-aluminiumbord-underhallsfria-plast-natursvart-140-x-90-x-74-cm\/#primaryimage"},"thumbnailUrl":"https:\/\/i0.wp.com\/truusk.store\/wp-content\/uploads\/2026\/01\/tradgardsbord-for-6-personer-matbord-aluminiumbord-tradgardsmobler-lounge-mobler-underhallsfria-plast-natursvart-140-x-90-x-74-cm-1.webp?fit=2000%2C2000&ssl=1","datePublished":"2026-01-27T11:40:25+00:00","dateModified":"2026-03-12T08:12:38+00:00","breadcrumb":{"@id":"https:\/\/truusk.store\/sv\/produkt\/truusk-tradgardsbord-for-6-personer-aluminiumbord-underhallsfria-plast-natursvart-140-x-90-x-74-cm\/#breadcrumb"},"inLanguage":"sv-SE","potentialAction":[{"@type":"ReadAction","target":["https:\/\/truusk.store\/sv\/produkt\/truusk-tradgardsbord-for-6-personer-aluminiumbord-underhallsfria-plast-natursvart-140-x-90-x-74-cm\/"]}]},{"@type":"ImageObject","inLanguage":"sv-SE","@id":"https:\/\/truusk.store\/sv\/produkt\/truusk-tradgardsbord-for-6-personer-aluminiumbord-underhallsfria-plast-natursvart-140-x-90-x-74-cm\/#primaryimage","url":"https:\/\/i0.wp.com\/truusk.store\/wp-content\/uploads\/2026\/01\/tradgardsbord-for-6-personer-matbord-aluminiumbord-tradgardsmobler-lounge-mobler-underhallsfria-plast-natursvart-140-x-90-x-74-cm-1.webp?fit=2000%2C2000&ssl=1","contentUrl":"https:\/\/i0.wp.com\/truusk.store\/wp-content\/uploads\/2026\/01\/tradgardsbord-for-6-personer-matbord-aluminiumbord-tradgardsmobler-lounge-mobler-underhallsfria-plast-natursvart-140-x-90-x-74-cm-1.webp?fit=2000%2C2000&ssl=1","width":2000,"height":2000},{"@type":"BreadcrumbList","@id":"https:\/\/truusk.store\/sv\/produkt\/truusk-tradgardsbord-for-6-personer-aluminiumbord-underhallsfria-plast-natursvart-140-x-90-x-74-cm\/#breadcrumb","itemListElement":[{"@type":"ListItem","position":1,"name":"Home","item":"https:\/\/truusk.store\/sv\/"},{"@type":"ListItem","position":2,"name":"Shop","item":"https:\/\/truusk.store\/shop\/"},{"@type":"ListItem","position":3,"name":"TRUUSK Tr\u00e4dg\u00e5rdsbord F\u00f6r 6 Personer &#8211; Aluminiumbord &#8211; Underh\u00e5llsfria &#8211; Plast &#8211; Natur+svart &#8211; 140 X 90 X 74 Cm"}]},{"@type":"WebSite","@id":"https:\/\/truusk.store\/sv\/#website","url":"https:\/\/truusk.store\/sv\/","name":"TRUUSK - Hem, Tr\u00e4dg\u00e5rd & Fritid","description":"","publisher":{"@id":"https:\/\/truusk.store\/sv\/#organization"},"potentialAction":[{"@type":"SearchAction","target":{"@type":"EntryPoint","urlTemplate":"https:\/\/truusk.store\/sv\/?s={search_term_string}"},"query-input":{"@type":"PropertyValueSpecification","valueRequired":true,"valueName":"search_term_string"}}],"inLanguage":"sv-SE"},{"@type":"Organization","@id":"https:\/\/truusk.store\/sv\/#organization","name":"TRUUSK - Hem, Tr\u00e4dg\u00e5rd & Fritid","url":"https:\/\/truusk.store\/sv\/","logo":{"@type":"ImageObject","inLanguage":"sv-SE","@id":"https:\/\/truusk.store\/sv\/#\/schema\/logo\/image\/","url":"https:\/\/i0.wp.com\/truusk.store\/wp-content\/uploads\/2026\/03\/cropped-TRUUSK.png?fit=2032%2C917&ssl=1","contentUrl":"https:\/\/i0.wp.com\/truusk.store\/wp-content\/uploads\/2026\/03\/cropped-TRUUSK.png?fit=2032%2C917&ssl=1","width":2032,"height":917,"caption":"TRUUSK - Hem, Tr\u00e4dg\u00e5rd & Fritid"},"image":{"@id":"https:\/\/truusk.store\/sv\/#\/schema\/logo\/image\/"}}]}},"jetpack_sharing_enabled":true,"_links":{"self":[{"href":"https:\/\/truusk.store\/sv\/wp-json\/wp\/v2\/product\/100506","targetHints":{"allow":["GET"]}}],"collection":[{"href":"https:\/\/truusk.store\/sv\/wp-json\/wp\/v2\/product"}],"about":[{"href":"https:\/\/truusk.store\/sv\/wp-json\/wp\/v2\/types\/product"}],"wp:featuredmedia":[{"embeddable":true,"href":"https:\/\/truusk.store\/sv\/wp-json\/wp\/v2\/media\/100497"}],"wp:attachment":[{"href":"https:\/\/truusk.store\/sv\/wp-json\/wp\/v2\/media?parent=100506"}],"wp:term":[{"taxonomy":"product_brand","embeddable":true,"href":"https:\/\/truusk.store\/sv\/wp-json\/wp\/v2\/product_brand?post=100506"},{"taxonomy":"product_cat","embeddable":true,"href":"https:\/\/truusk.store\/sv\/wp-json\/wp\/v2\/product_cat?post=100506"},{"taxonomy":"product_tag","embeddable":true,"href":"https:\/\/truusk.store\/sv\/wp-json\/wp\/v2\/product_tag?post=100506"}],"curies":[{"name":"wp","href":"https:\/\/api.w.org\/{rel}","templated":true}]}}