{"id":100546,"date":"2026-01-27T20:22:09","date_gmt":"2026-01-27T19:22:09","guid":{"rendered":"https:\/\/truusk.store\/product\/tradgardspergola-3-x-3-m-utdragbart-tak-och-magnetpad-utomhus-baldakin-tradgardspaviljong-upf30-metall-kramvit\/"},"modified":"2026-03-12T09:46:45","modified_gmt":"2026-03-12T08:46:45","slug":"truusk-tradgardspergola-3x3m-utdragbart-tak-magnetpad-utomhus-baldakin-tradgardspaviljong-upf30-metall-kramvit","status":"publish","type":"product","link":"https:\/\/truusk.store\/sv\/produkt\/truusk-tradgardspergola-3x3m-utdragbart-tak-magnetpad-utomhus-baldakin-tradgardspaviljong-upf30-metall-kramvit\/","title":{"rendered":"TRUUSK Tr\u00e4dg\u00e5rdspergola 3x3m &#8211; Utdragbart Tak &#8211; Magnetpad &#8211; Utomhus Baldakin &#8211; Tr\u00e4dg\u00e5rdspaviljong &#8211; UPF30+ &#8211; Metall &#8211; Kr\u00e4mvit"},"content":{"rendered":"<p>G\u00f6r din tr\u00e4dg\u00e5rd till en h\u00e4rlig tillflyktsort med den utdragbara pergolan fr\u00e5n [BRAND NAME]. Tr\u00e4dg\u00e5rdspaviljongens 180g PA-belagda baldakin erbjuder UPF30+ skydd och en magnetisk pad s\u00e4kerst\u00e4ller stabil montering. Denna st\u00e5lpaviljong lovar komfort och enkel hantering. Tack vare f\u00f6rb\u00e4ttrade krokar kan pergolans baldakin enkelt f\u00e4stas, idealiskt f\u00f6r betong- eller gr\u00e4sytor utomhus.<\/p>\n<p>Beskrivning:<\/p>\n<ul>\n<li> 180g PA-belagd baldakin, UPF30+, tr\u00e4dg\u00e5rdspaviljongens magnetiska pad s\u00e4krar sidan<\/li>\n<li> Pulverlackerad metallram, slank \u00f6verdel (60mm) och stark underdel (80mm) av pergolans pelardesign garanterar stabilitet<\/li>\n<li> F\u00f6rb\u00e4ttrade krokar p\u00e5 pergolan f\u00f6r en smidig, s\u00e4ker l\u00e5ngtidsf\u00e4stning av baldakinen<\/li>\n<li> Inkluderar markspikar och ankarskruvar f\u00f6r m\u00e5ngsidig installation<\/li>\n<li> Rekommenderas inte f\u00f6r anv\u00e4ndning i extrema v\u00e4derf\u00f6rh\u00e5llanden som stormar eller kraftig vind\/regnskur<\/li>\n<li> Montering kr\u00e4vs<\/li>\n<\/ul>\n<p> Tekniska specifikationer:<\/p>\n<ul>\n<li> F\u00e4rg: Kr\u00e4mvit<\/li>\n<li> Material: Metall, Polyester<\/li>\n<li> Totala dimensioner: 298L x 298B x 230H cm<\/li>\n<li> Pelaravst\u00e5nd: 283L x 283B cm, 285L x 285B cm<\/li>\n<li> Pelarstorlek: 80L x 80B mm, 60L x 60B mm<\/li>\n<li> Fotplattestorlek: 18L x 18B cm<\/li>\n<li> Vindstyrka: 5-6 (med ankarskruvar), 4-5 (med markankare)<\/li>\n<li> Sn\u00f6belastning: 5 kg\/m\u00b2<\/li>\n<\/ul>\n<p>Leveransinneh\u00e5ll:<\/p>\n<ul>\n<li> 1 x Pergola<\/li>\n<li> 8 x Markspik<\/li>\n<li> 8 x Expansionskruv<\/li>\n<li> 1 x Handbok<\/li>\n<\/ul>\n","protected":false},"excerpt":{"rendered":"<p>G\u00f6r din tr\u00e4dg\u00e5rd till en h\u00e4rlig tillflyktsort med den utdragbara pergolan fr\u00e5n [BRAND NAME]. Tr\u00e4dg\u00e5rdspaviljongens 180g PA-belagda baldakin erbjuder UPF30+&#8230;<\/p>\n","protected":false},"featured_media":100537,"template":"","meta":[],"product_brand":[],"product_cat":[478,858,476],"product_tag":[],"class_list":{"0":"post-100546","1":"product","2":"type-product","3":"status-publish","4":"has-post-thumbnail","6":"product_cat-pergola","7":"product_cat-tradgard-terrass","8":"product_cat-tradgardspaviljonger","10":"first","11":"instock","12":"sale","13":"taxable","14":"shipping-taxable","15":"purchasable","16":"product-type-simple"},"yoast_head":"<!-- This site is optimized with the Yoast SEO plugin v25.4 - https:\/\/yoast.com\/wordpress\/plugins\/seo\/ -->\n<title>TRUUSK Tr\u00e4dg\u00e5rdspergola 3x3m - Utdragbart Tak - Magnetpad - Utomhus Baldakin - Tr\u00e4dg\u00e5rdspaviljong - UPF30+ - Metall - Kr\u00e4mvit - TRUUSK - Hem, Tr\u00e4dg\u00e5rd &amp; Fritid<\/title>\n<meta name=\"robots\" content=\"index, follow, max-snippet:-1, max-image-preview:large, max-video-preview:-1\" \/>\n<link rel=\"canonical\" href=\"https:\/\/truusk.store\/sv\/produkt\/truusk-tradgardspergola-3x3m-utdragbart-tak-magnetpad-utomhus-baldakin-tradgardspaviljong-upf30-metall-kramvit\/\" \/>\n<meta property=\"og:locale\" content=\"sv_SE\" \/>\n<meta property=\"og:type\" content=\"article\" \/>\n<meta property=\"og:title\" content=\"TRUUSK Tr\u00e4dg\u00e5rdspergola 3x3m - Utdragbart Tak - Magnetpad - Utomhus Baldakin - Tr\u00e4dg\u00e5rdspaviljong - UPF30+ - Metall - Kr\u00e4mvit - TRUUSK - Hem, Tr\u00e4dg\u00e5rd &amp; Fritid\" \/>\n<meta property=\"og:description\" content=\"G\u00f6r din tr\u00e4dg\u00e5rd till en h\u00e4rlig tillflyktsort med den utdragbara pergolan fr\u00e5n [BRAND NAME]. Tr\u00e4dg\u00e5rdspaviljongens 180g PA-belagda baldakin erbjuder UPF30+...\" \/>\n<meta property=\"og:url\" content=\"https:\/\/truusk.store\/sv\/produkt\/truusk-tradgardspergola-3x3m-utdragbart-tak-magnetpad-utomhus-baldakin-tradgardspaviljong-upf30-metall-kramvit\/\" \/>\n<meta property=\"og:site_name\" content=\"TRUUSK - Hem, Tr\u00e4dg\u00e5rd &amp; Fritid\" \/>\n<meta property=\"article:modified_time\" content=\"2026-03-12T08:46:45+00:00\" \/>\n<meta property=\"og:image\" content=\"https:\/\/i0.wp.com\/truusk.se\/wp-content\/uploads\/2026\/01\/tradgardspergola-3-x-3-m-utdragbart-tak-och-magnetpad-utomhus-baldakin-tradgardspaviljong-upf30-metall-kramvit-1.webp?fit=2000%2C2000&ssl=1\" \/>\n\t<meta property=\"og:image:width\" content=\"2000\" \/>\n\t<meta property=\"og:image:height\" content=\"2000\" \/>\n\t<meta property=\"og:image:type\" content=\"image\/webp\" \/>\n<meta name=\"twitter:card\" content=\"summary_large_image\" \/>\n<meta name=\"twitter:label1\" content=\"Ber\u00e4knad l\u00e4stid\" \/>\n\t<meta name=\"twitter:data1\" content=\"1 minut\" \/>\n<!-- \/ Yoast SEO plugin. -->","yoast_head_json":{"title":"TRUUSK Tr\u00e4dg\u00e5rdspergola 3x3m - Utdragbart Tak - Magnetpad - Utomhus Baldakin - Tr\u00e4dg\u00e5rdspaviljong - UPF30+ - Metall - Kr\u00e4mvit - TRUUSK - Hem, Tr\u00e4dg\u00e5rd &amp; Fritid","robots":{"index":"index","follow":"follow","max-snippet":"max-snippet:-1","max-image-preview":"max-image-preview:large","max-video-preview":"max-video-preview:-1"},"canonical":"https:\/\/truusk.store\/sv\/produkt\/truusk-tradgardspergola-3x3m-utdragbart-tak-magnetpad-utomhus-baldakin-tradgardspaviljong-upf30-metall-kramvit\/","og_locale":"sv_SE","og_type":"article","og_title":"TRUUSK Tr\u00e4dg\u00e5rdspergola 3x3m - Utdragbart Tak - Magnetpad - Utomhus Baldakin - Tr\u00e4dg\u00e5rdspaviljong - UPF30+ - Metall - Kr\u00e4mvit - TRUUSK - Hem, Tr\u00e4dg\u00e5rd &amp; Fritid","og_description":"G\u00f6r din tr\u00e4dg\u00e5rd till en h\u00e4rlig tillflyktsort med den utdragbara pergolan fr\u00e5n [BRAND NAME]. Tr\u00e4dg\u00e5rdspaviljongens 180g PA-belagda baldakin erbjuder UPF30+...","og_url":"https:\/\/truusk.store\/sv\/produkt\/truusk-tradgardspergola-3x3m-utdragbart-tak-magnetpad-utomhus-baldakin-tradgardspaviljong-upf30-metall-kramvit\/","og_site_name":"TRUUSK - Hem, Tr\u00e4dg\u00e5rd &amp; Fritid","article_modified_time":"2026-03-12T08:46:45+00:00","og_image":[{"width":2000,"height":2000,"url":"https:\/\/i0.wp.com\/truusk.se\/wp-content\/uploads\/2026\/01\/tradgardspergola-3-x-3-m-utdragbart-tak-och-magnetpad-utomhus-baldakin-tradgardspaviljong-upf30-metall-kramvit-1.webp?fit=2000%2C2000&ssl=1","type":"image\/webp"}],"twitter_card":"summary_large_image","twitter_misc":{"Ber\u00e4knad l\u00e4stid":"1 minut"},"schema":{"@context":"https:\/\/schema.org","@graph":[{"@type":"WebPage","@id":"https:\/\/truusk.store\/sv\/produkt\/truusk-tradgardspergola-3x3m-utdragbart-tak-magnetpad-utomhus-baldakin-tradgardspaviljong-upf30-metall-kramvit\/","url":"https:\/\/truusk.store\/sv\/produkt\/truusk-tradgardspergola-3x3m-utdragbart-tak-magnetpad-utomhus-baldakin-tradgardspaviljong-upf30-metall-kramvit\/","name":"TRUUSK Tr\u00e4dg\u00e5rdspergola 3x3m - Utdragbart Tak - Magnetpad - Utomhus Baldakin - Tr\u00e4dg\u00e5rdspaviljong - UPF30+ - Metall - Kr\u00e4mvit - TRUUSK - Hem, Tr\u00e4dg\u00e5rd &amp; Fritid","isPartOf":{"@id":"https:\/\/truusk.store\/sv\/#website"},"primaryImageOfPage":{"@id":"https:\/\/truusk.store\/sv\/produkt\/truusk-tradgardspergola-3x3m-utdragbart-tak-magnetpad-utomhus-baldakin-tradgardspaviljong-upf30-metall-kramvit\/#primaryimage"},"image":{"@id":"https:\/\/truusk.store\/sv\/produkt\/truusk-tradgardspergola-3x3m-utdragbart-tak-magnetpad-utomhus-baldakin-tradgardspaviljong-upf30-metall-kramvit\/#primaryimage"},"thumbnailUrl":"https:\/\/i0.wp.com\/truusk.store\/wp-content\/uploads\/2026\/01\/tradgardspergola-3-x-3-m-utdragbart-tak-och-magnetpad-utomhus-baldakin-tradgardspaviljong-upf30-metall-kramvit-1.webp?fit=2000%2C2000&ssl=1","datePublished":"2026-01-27T19:22:09+00:00","dateModified":"2026-03-12T08:46:45+00:00","breadcrumb":{"@id":"https:\/\/truusk.store\/sv\/produkt\/truusk-tradgardspergola-3x3m-utdragbart-tak-magnetpad-utomhus-baldakin-tradgardspaviljong-upf30-metall-kramvit\/#breadcrumb"},"inLanguage":"sv-SE","potentialAction":[{"@type":"ReadAction","target":["https:\/\/truusk.store\/sv\/produkt\/truusk-tradgardspergola-3x3m-utdragbart-tak-magnetpad-utomhus-baldakin-tradgardspaviljong-upf30-metall-kramvit\/"]}]},{"@type":"ImageObject","inLanguage":"sv-SE","@id":"https:\/\/truusk.store\/sv\/produkt\/truusk-tradgardspergola-3x3m-utdragbart-tak-magnetpad-utomhus-baldakin-tradgardspaviljong-upf30-metall-kramvit\/#primaryimage","url":"https:\/\/i0.wp.com\/truusk.store\/wp-content\/uploads\/2026\/01\/tradgardspergola-3-x-3-m-utdragbart-tak-och-magnetpad-utomhus-baldakin-tradgardspaviljong-upf30-metall-kramvit-1.webp?fit=2000%2C2000&ssl=1","contentUrl":"https:\/\/i0.wp.com\/truusk.store\/wp-content\/uploads\/2026\/01\/tradgardspergola-3-x-3-m-utdragbart-tak-och-magnetpad-utomhus-baldakin-tradgardspaviljong-upf30-metall-kramvit-1.webp?fit=2000%2C2000&ssl=1","width":2000,"height":2000},{"@type":"BreadcrumbList","@id":"https:\/\/truusk.store\/sv\/produkt\/truusk-tradgardspergola-3x3m-utdragbart-tak-magnetpad-utomhus-baldakin-tradgardspaviljong-upf30-metall-kramvit\/#breadcrumb","itemListElement":[{"@type":"ListItem","position":1,"name":"Home","item":"https:\/\/truusk.store\/sv\/"},{"@type":"ListItem","position":2,"name":"Shop","item":"https:\/\/truusk.store\/shop\/"},{"@type":"ListItem","position":3,"name":"TRUUSK Tr\u00e4dg\u00e5rdspergola 3x3m &#8211; Utdragbart Tak &#8211; Magnetpad &#8211; Utomhus Baldakin &#8211; Tr\u00e4dg\u00e5rdspaviljong &#8211; UPF30+ &#8211; Metall &#8211; Kr\u00e4mvit"}]},{"@type":"WebSite","@id":"https:\/\/truusk.store\/sv\/#website","url":"https:\/\/truusk.store\/sv\/","name":"TRUUSK - Hem, Tr\u00e4dg\u00e5rd & Fritid","description":"","publisher":{"@id":"https:\/\/truusk.store\/sv\/#organization"},"potentialAction":[{"@type":"SearchAction","target":{"@type":"EntryPoint","urlTemplate":"https:\/\/truusk.store\/sv\/?s={search_term_string}"},"query-input":{"@type":"PropertyValueSpecification","valueRequired":true,"valueName":"search_term_string"}}],"inLanguage":"sv-SE"},{"@type":"Organization","@id":"https:\/\/truusk.store\/sv\/#organization","name":"TRUUSK - Hem, Tr\u00e4dg\u00e5rd & Fritid","url":"https:\/\/truusk.store\/sv\/","logo":{"@type":"ImageObject","inLanguage":"sv-SE","@id":"https:\/\/truusk.store\/sv\/#\/schema\/logo\/image\/","url":"https:\/\/i0.wp.com\/truusk.store\/wp-content\/uploads\/2026\/03\/cropped-TRUUSK.png?fit=2032%2C917&ssl=1","contentUrl":"https:\/\/i0.wp.com\/truusk.store\/wp-content\/uploads\/2026\/03\/cropped-TRUUSK.png?fit=2032%2C917&ssl=1","width":2032,"height":917,"caption":"TRUUSK - Hem, Tr\u00e4dg\u00e5rd & Fritid"},"image":{"@id":"https:\/\/truusk.store\/sv\/#\/schema\/logo\/image\/"}}]}},"jetpack_sharing_enabled":true,"_links":{"self":[{"href":"https:\/\/truusk.store\/sv\/wp-json\/wp\/v2\/product\/100546","targetHints":{"allow":["GET"]}}],"collection":[{"href":"https:\/\/truusk.store\/sv\/wp-json\/wp\/v2\/product"}],"about":[{"href":"https:\/\/truusk.store\/sv\/wp-json\/wp\/v2\/types\/product"}],"wp:featuredmedia":[{"embeddable":true,"href":"https:\/\/truusk.store\/sv\/wp-json\/wp\/v2\/media\/100537"}],"wp:attachment":[{"href":"https:\/\/truusk.store\/sv\/wp-json\/wp\/v2\/media?parent=100546"}],"wp:term":[{"taxonomy":"product_brand","embeddable":true,"href":"https:\/\/truusk.store\/sv\/wp-json\/wp\/v2\/product_brand?post=100546"},{"taxonomy":"product_cat","embeddable":true,"href":"https:\/\/truusk.store\/sv\/wp-json\/wp\/v2\/product_cat?post=100546"},{"taxonomy":"product_tag","embeddable":true,"href":"https:\/\/truusk.store\/sv\/wp-json\/wp\/v2\/product_tag?post=100546"}],"curies":[{"name":"wp","href":"https:\/\/api.w.org\/{rel}","templated":true}]}}