{"id":100566,"date":"2026-01-28T03:51:18","date_gmt":"2026-01-28T02:51:18","guid":{"rendered":"https:\/\/truusk.store\/product\/hollywood-svang-3-sits-tradgardssvang-med-solskyddstablett-sitskudde-upp-till-360kg-morkgra\/"},"modified":"2026-03-12T08:55:32","modified_gmt":"2026-03-12T07:55:32","slug":"truusk-hollywood-svang-3-sits-tradgardssvang-med-solskyddstablett-sitskudde-upp-till-360kg-morkgra","status":"publish","type":"product","link":"https:\/\/truusk.store\/sv\/produkt\/truusk-hollywood-svang-3-sits-tradgardssvang-med-solskyddstablett-sitskudde-upp-till-360kg-morkgra\/","title":{"rendered":"TRUUSK Hollywood-sv\u00e4ng 3-sits Tr\u00e4dg\u00e5rdssv\u00e4ng &#8211; Med Solskyddstablett &#8211; Sitskudde &#8211; Upp Till 360kg &#8211; M\u00f6rkgr\u00e5"},"content":{"rendered":"<p>\u00c4ta frukost p\u00e5 terrassen, njuta av solen, sitta utomhus med v\u00e4nner och familj: Med v\u00e5r Hollywood-sv\u00e4ng fr\u00e5n [BRAND NAME] sitter du bekv\u00e4mt i alla situationer. Upp till tre personer kan sitta p\u00e5 denna m\u00f6bel i en elegant f\u00e4rgkombination. Den 8 cm tjocka stoppningen ger extra sittkomfort och p\u00e5 b\u00e5da sidor av tr\u00e4dg\u00e5rdssv\u00e4ngen finns en kompakt avst\u00e4llningsyta d\u00e4r snacks, kalla drycker och en bra bok s\u00e4kert hittar plats.<\/p>\n<p>Beskrivning:<\/p>\n<ul>\n<li> Hollywood-sv\u00e4ng i smakfull design f\u00f6r upp till 3 personer<\/li>\n<li> L\u00e4mplig tr\u00e4dg\u00e5rdssv\u00e4ng f\u00f6r utomhusbruk som tr\u00e4dg\u00e5rd, terrass eller balkong<\/li>\n<li> Stabil och stadig konstruktion av pulverlackerat metall<\/li>\n<li> UV-resistent tak av slitstark polyester<\/li>\n<li> Sittytan och ryggst\u00f6det p\u00e5 tr\u00e4dg\u00e5rdssv\u00e4ngen \u00e4r mjuka och tjockt stoppade f\u00f6r optimal sittkomfort<\/li>\n<li> Med 2 sidohyllor, t.ex. f\u00f6r drycker eller solglas\u00f6gon<\/li>\n<li> Snabb och enkel montering<\/li>\n<\/ul>\n<p> Tekniska data:<\/p>\n<ul>\n<li> F\u00e4rg: M\u00f6rkgr\u00e5<\/li>\n<li> Material: Metall, Polyester<\/li>\n<li> Totala m\u00e5tt: 121L x 208B x 172H cm<\/li>\n<li> Sittplats: 151,5B x 51,5H cm<\/li>\n<li> Kuddtjocklek: 8 cm<\/li>\n<li> Max. belastningskapacitet: 360 kg<\/li>\n<\/ul>\n<p>Leveransinneh\u00e5ll:<\/p>\n<ul>\n<li> 1 x Hollywood-sv\u00e4ng<\/li>\n<li> 1 x Monteringsanvisning<\/li>\n<\/ul>\n","protected":false},"excerpt":{"rendered":"<p>\u00c4ta frukost p\u00e5 terrassen, njuta av solen, sitta utomhus med v\u00e4nner och familj: Med v\u00e5r Hollywood-sv\u00e4ng fr\u00e5n [BRAND NAME] sitter&#8230;<\/p>\n","protected":false},"featured_media":100557,"template":"","meta":[],"product_brand":[],"product_cat":[453,858,450],"product_tag":[],"class_list":{"0":"post-100566","1":"product","2":"type-product","3":"status-publish","4":"has-post-thumbnail","6":"product_cat-hollywood-gungor","7":"product_cat-tradgard-terrass","8":"product_cat-tradgardsmobler","10":"first","11":"instock","12":"sale","13":"taxable","14":"shipping-taxable","15":"purchasable","16":"product-type-simple"},"yoast_head":"<!-- This site is optimized with the Yoast SEO plugin v25.4 - https:\/\/yoast.com\/wordpress\/plugins\/seo\/ -->\n<title>TRUUSK Hollywood-sv\u00e4ng 3-sits Tr\u00e4dg\u00e5rdssv\u00e4ng - Med Solskyddstablett - Sitskudde - Upp Till 360kg - M\u00f6rkgr\u00e5 - TRUUSK - Hem, Tr\u00e4dg\u00e5rd &amp; Fritid<\/title>\n<meta name=\"robots\" content=\"index, follow, max-snippet:-1, max-image-preview:large, max-video-preview:-1\" \/>\n<link rel=\"canonical\" href=\"https:\/\/truusk.store\/sv\/produkt\/truusk-hollywood-svang-3-sits-tradgardssvang-med-solskyddstablett-sitskudde-upp-till-360kg-morkgra\/\" \/>\n<meta property=\"og:locale\" content=\"sv_SE\" \/>\n<meta property=\"og:type\" content=\"article\" \/>\n<meta property=\"og:title\" content=\"TRUUSK Hollywood-sv\u00e4ng 3-sits Tr\u00e4dg\u00e5rdssv\u00e4ng - Med Solskyddstablett - Sitskudde - Upp Till 360kg - M\u00f6rkgr\u00e5 - TRUUSK - Hem, Tr\u00e4dg\u00e5rd &amp; Fritid\" \/>\n<meta property=\"og:description\" content=\"\u00c4ta frukost p\u00e5 terrassen, njuta av solen, sitta utomhus med v\u00e4nner och familj: Med v\u00e5r Hollywood-sv\u00e4ng fr\u00e5n [BRAND NAME] sitter...\" \/>\n<meta property=\"og:url\" content=\"https:\/\/truusk.store\/sv\/produkt\/truusk-hollywood-svang-3-sits-tradgardssvang-med-solskyddstablett-sitskudde-upp-till-360kg-morkgra\/\" \/>\n<meta property=\"og:site_name\" content=\"TRUUSK - Hem, Tr\u00e4dg\u00e5rd &amp; Fritid\" \/>\n<meta property=\"article:modified_time\" content=\"2026-03-12T07:55:32+00:00\" \/>\n<meta property=\"og:image\" content=\"https:\/\/i0.wp.com\/truusk.se\/wp-content\/uploads\/2026\/01\/hollywood-svang-3-sits-tradgardssvang-med-solskyddstablett-sitskudde-upp-till-360kg-morkgra-1.webp?fit=2000%2C2000&ssl=1\" \/>\n\t<meta property=\"og:image:width\" content=\"2000\" \/>\n\t<meta property=\"og:image:height\" content=\"2000\" \/>\n\t<meta property=\"og:image:type\" content=\"image\/webp\" \/>\n<meta name=\"twitter:card\" content=\"summary_large_image\" \/>\n<meta name=\"twitter:label1\" content=\"Ber\u00e4knad l\u00e4stid\" \/>\n\t<meta name=\"twitter:data1\" content=\"1 minut\" \/>\n<!-- \/ Yoast SEO plugin. -->","yoast_head_json":{"title":"TRUUSK Hollywood-sv\u00e4ng 3-sits Tr\u00e4dg\u00e5rdssv\u00e4ng - Med Solskyddstablett - Sitskudde - Upp Till 360kg - M\u00f6rkgr\u00e5 - TRUUSK - Hem, Tr\u00e4dg\u00e5rd &amp; Fritid","robots":{"index":"index","follow":"follow","max-snippet":"max-snippet:-1","max-image-preview":"max-image-preview:large","max-video-preview":"max-video-preview:-1"},"canonical":"https:\/\/truusk.store\/sv\/produkt\/truusk-hollywood-svang-3-sits-tradgardssvang-med-solskyddstablett-sitskudde-upp-till-360kg-morkgra\/","og_locale":"sv_SE","og_type":"article","og_title":"TRUUSK Hollywood-sv\u00e4ng 3-sits Tr\u00e4dg\u00e5rdssv\u00e4ng - Med Solskyddstablett - Sitskudde - Upp Till 360kg - M\u00f6rkgr\u00e5 - TRUUSK - Hem, Tr\u00e4dg\u00e5rd &amp; Fritid","og_description":"\u00c4ta frukost p\u00e5 terrassen, njuta av solen, sitta utomhus med v\u00e4nner och familj: Med v\u00e5r Hollywood-sv\u00e4ng fr\u00e5n [BRAND NAME] sitter...","og_url":"https:\/\/truusk.store\/sv\/produkt\/truusk-hollywood-svang-3-sits-tradgardssvang-med-solskyddstablett-sitskudde-upp-till-360kg-morkgra\/","og_site_name":"TRUUSK - Hem, Tr\u00e4dg\u00e5rd &amp; Fritid","article_modified_time":"2026-03-12T07:55:32+00:00","og_image":[{"width":2000,"height":2000,"url":"https:\/\/i0.wp.com\/truusk.se\/wp-content\/uploads\/2026\/01\/hollywood-svang-3-sits-tradgardssvang-med-solskyddstablett-sitskudde-upp-till-360kg-morkgra-1.webp?fit=2000%2C2000&ssl=1","type":"image\/webp"}],"twitter_card":"summary_large_image","twitter_misc":{"Ber\u00e4knad l\u00e4stid":"1 minut"},"schema":{"@context":"https:\/\/schema.org","@graph":[{"@type":"WebPage","@id":"https:\/\/truusk.store\/sv\/produkt\/truusk-hollywood-svang-3-sits-tradgardssvang-med-solskyddstablett-sitskudde-upp-till-360kg-morkgra\/","url":"https:\/\/truusk.store\/sv\/produkt\/truusk-hollywood-svang-3-sits-tradgardssvang-med-solskyddstablett-sitskudde-upp-till-360kg-morkgra\/","name":"TRUUSK Hollywood-sv\u00e4ng 3-sits Tr\u00e4dg\u00e5rdssv\u00e4ng - Med Solskyddstablett - Sitskudde - Upp Till 360kg - M\u00f6rkgr\u00e5 - TRUUSK - Hem, Tr\u00e4dg\u00e5rd &amp; Fritid","isPartOf":{"@id":"https:\/\/truusk.store\/sv\/#website"},"primaryImageOfPage":{"@id":"https:\/\/truusk.store\/sv\/produkt\/truusk-hollywood-svang-3-sits-tradgardssvang-med-solskyddstablett-sitskudde-upp-till-360kg-morkgra\/#primaryimage"},"image":{"@id":"https:\/\/truusk.store\/sv\/produkt\/truusk-hollywood-svang-3-sits-tradgardssvang-med-solskyddstablett-sitskudde-upp-till-360kg-morkgra\/#primaryimage"},"thumbnailUrl":"https:\/\/i0.wp.com\/truusk.store\/wp-content\/uploads\/2026\/01\/hollywood-svang-3-sits-tradgardssvang-med-solskyddstablett-sitskudde-upp-till-360kg-morkgra-1.webp?fit=2000%2C2000&ssl=1","datePublished":"2026-01-28T02:51:18+00:00","dateModified":"2026-03-12T07:55:32+00:00","breadcrumb":{"@id":"https:\/\/truusk.store\/sv\/produkt\/truusk-hollywood-svang-3-sits-tradgardssvang-med-solskyddstablett-sitskudde-upp-till-360kg-morkgra\/#breadcrumb"},"inLanguage":"sv-SE","potentialAction":[{"@type":"ReadAction","target":["https:\/\/truusk.store\/sv\/produkt\/truusk-hollywood-svang-3-sits-tradgardssvang-med-solskyddstablett-sitskudde-upp-till-360kg-morkgra\/"]}]},{"@type":"ImageObject","inLanguage":"sv-SE","@id":"https:\/\/truusk.store\/sv\/produkt\/truusk-hollywood-svang-3-sits-tradgardssvang-med-solskyddstablett-sitskudde-upp-till-360kg-morkgra\/#primaryimage","url":"https:\/\/i0.wp.com\/truusk.store\/wp-content\/uploads\/2026\/01\/hollywood-svang-3-sits-tradgardssvang-med-solskyddstablett-sitskudde-upp-till-360kg-morkgra-1.webp?fit=2000%2C2000&ssl=1","contentUrl":"https:\/\/i0.wp.com\/truusk.store\/wp-content\/uploads\/2026\/01\/hollywood-svang-3-sits-tradgardssvang-med-solskyddstablett-sitskudde-upp-till-360kg-morkgra-1.webp?fit=2000%2C2000&ssl=1","width":2000,"height":2000},{"@type":"BreadcrumbList","@id":"https:\/\/truusk.store\/sv\/produkt\/truusk-hollywood-svang-3-sits-tradgardssvang-med-solskyddstablett-sitskudde-upp-till-360kg-morkgra\/#breadcrumb","itemListElement":[{"@type":"ListItem","position":1,"name":"Home","item":"https:\/\/truusk.store\/sv\/"},{"@type":"ListItem","position":2,"name":"Shop","item":"https:\/\/truusk.store\/shop\/"},{"@type":"ListItem","position":3,"name":"TRUUSK Hollywood-sv\u00e4ng 3-sits Tr\u00e4dg\u00e5rdssv\u00e4ng &#8211; Med Solskyddstablett &#8211; Sitskudde &#8211; Upp Till 360kg &#8211; M\u00f6rkgr\u00e5"}]},{"@type":"WebSite","@id":"https:\/\/truusk.store\/sv\/#website","url":"https:\/\/truusk.store\/sv\/","name":"TRUUSK - Hem, Tr\u00e4dg\u00e5rd & Fritid","description":"","publisher":{"@id":"https:\/\/truusk.store\/sv\/#organization"},"potentialAction":[{"@type":"SearchAction","target":{"@type":"EntryPoint","urlTemplate":"https:\/\/truusk.store\/sv\/?s={search_term_string}"},"query-input":{"@type":"PropertyValueSpecification","valueRequired":true,"valueName":"search_term_string"}}],"inLanguage":"sv-SE"},{"@type":"Organization","@id":"https:\/\/truusk.store\/sv\/#organization","name":"TRUUSK - Hem, Tr\u00e4dg\u00e5rd & Fritid","url":"https:\/\/truusk.store\/sv\/","logo":{"@type":"ImageObject","inLanguage":"sv-SE","@id":"https:\/\/truusk.store\/sv\/#\/schema\/logo\/image\/","url":"https:\/\/i0.wp.com\/truusk.store\/wp-content\/uploads\/2026\/03\/cropped-TRUUSK.png?fit=2032%2C917&ssl=1","contentUrl":"https:\/\/i0.wp.com\/truusk.store\/wp-content\/uploads\/2026\/03\/cropped-TRUUSK.png?fit=2032%2C917&ssl=1","width":2032,"height":917,"caption":"TRUUSK - Hem, Tr\u00e4dg\u00e5rd & Fritid"},"image":{"@id":"https:\/\/truusk.store\/sv\/#\/schema\/logo\/image\/"}}]}},"jetpack_sharing_enabled":true,"_links":{"self":[{"href":"https:\/\/truusk.store\/sv\/wp-json\/wp\/v2\/product\/100566","targetHints":{"allow":["GET"]}}],"collection":[{"href":"https:\/\/truusk.store\/sv\/wp-json\/wp\/v2\/product"}],"about":[{"href":"https:\/\/truusk.store\/sv\/wp-json\/wp\/v2\/types\/product"}],"wp:featuredmedia":[{"embeddable":true,"href":"https:\/\/truusk.store\/sv\/wp-json\/wp\/v2\/media\/100557"}],"wp:attachment":[{"href":"https:\/\/truusk.store\/sv\/wp-json\/wp\/v2\/media?parent=100566"}],"wp:term":[{"taxonomy":"product_brand","embeddable":true,"href":"https:\/\/truusk.store\/sv\/wp-json\/wp\/v2\/product_brand?post=100566"},{"taxonomy":"product_cat","embeddable":true,"href":"https:\/\/truusk.store\/sv\/wp-json\/wp\/v2\/product_cat?post=100566"},{"taxonomy":"product_tag","embeddable":true,"href":"https:\/\/truusk.store\/sv\/wp-json\/wp\/v2\/product_tag?post=100566"}],"curies":[{"name":"wp","href":"https:\/\/api.w.org\/{rel}","templated":true}]}}