{"id":100576,"date":"2026-01-28T03:52:28","date_gmt":"2026-01-28T02:52:28","guid":{"rendered":"https:\/\/truusk.store\/product\/hopfallbar-solsang-med-tradgardsliggare-och-huvudkudde-5-faldigt-justerbar-ryggstod-upp-till-120-kg-bla\/"},"modified":"2026-03-12T08:55:53","modified_gmt":"2026-03-12T07:55:53","slug":"truusk-hopfallbar-solsang-med-tradgardsliggare-justerbar-ryggstod-upp-till-120-kg-huvudkudde-bla","status":"publish","type":"product","link":"https:\/\/truusk.store\/sv\/produkt\/truusk-hopfallbar-solsang-med-tradgardsliggare-justerbar-ryggstod-upp-till-120-kg-huvudkudde-bla\/","title":{"rendered":"TRUUSK Hopf\u00e4llbar Sols\u00e4ng Med Tr\u00e4dg\u00e5rdsliggare &#8211; Justerbar Ryggst\u00f6d Upp Till 120 Kg &#8211; Huvudkudde &#8211; Bl\u00e5"},"content":{"rendered":"<p>Skulle du vilja ha komforten av ett resort p\u00e5 spr\u00e5ng? [BRAND NAME] tar dig n\u00e4rmare den dr\u00f6mmen. Den hopf\u00e4llbara sols\u00e4ngen erbjuder avkoppling p\u00e5 stranden, vid camping eller vid poolen. Med en sexstegs justerbar ryggst\u00f6d och en kudde ger den maximal komfort. V\u00e4lj din favoritvinkel f\u00f6r den perfekta solbr\u00e4nnan. Mesh-tyget torkar snabbt, \u00e4ven direkt efter simning.<\/p>\n<p>Beskrivning:<\/p>\n<ul>\n<li> Sola eller koppla av vid poolen<\/li>\n<li> Ryggst\u00f6det kan justeras i 5 olika positioner f\u00f6r att hitta den perfekta vinkeln f\u00f6r solbad<\/li>\n<li> Andningsbart mesh-tyg h\u00e5ller sig svalt i solen och torkar snabbt, \u00e4ven om du precis har kommit ur poolen<\/li>\n<li> Robust, vattent\u00e4t, pulverlackerat st\u00e5lram<\/li>\n<li> Hopf\u00e4llbar design av sols\u00e4ngen f\u00f6r enkel transport<\/li>\n<li> Huvudkudde p\u00e5 strandstolen f\u00f6r extra komfort<\/li>\n<li> Montering kr\u00e4vs<\/li>\n<\/ul>\n<p> Tekniska data:<\/p>\n<ul>\n<li> F\u00e4rg: Bl\u00e5+Silver<\/li>\n<li> Material: St\u00e5l, n\u00e4ttyg<\/li>\n<li> Lutade dimensioner: (Fullst\u00e4ndigt) 56B x 182T x 28H cm<\/li>\n<li> Hopf\u00e4llda dimensioner: 67L x 56B x 8H cm<\/li>\n<li> Sitsstorlek: 56B x 120T x 28H cm<\/li>\n<li> Justerbara vinklar: 90\u00b0, 113\u00b0, 128\u00b0, 142\u00b0, 158\u00b0, 180\u00b0<\/li>\n<li> B\u00e4rkapacitet: 120 kg<\/li>\n<\/ul>\n<p>Leverans inneh\u00e5ller:<\/p>\n<ul>\n<li> 1 x Sols\u00e4ng<\/li>\n<li> 1 x Manual<\/li>\n<\/ul>\n","protected":false},"excerpt":{"rendered":"<p>Skulle du vilja ha komforten av ett resort p\u00e5 spr\u00e5ng? [BRAND NAME] tar dig n\u00e4rmare den dr\u00f6mmen. Den hopf\u00e4llbara sols\u00e4ngen&#8230;<\/p>\n","protected":false},"featured_media":100567,"template":"","meta":[],"product_brand":[],"product_cat":[451,858,450],"product_tag":[],"class_list":{"0":"post-100576","1":"product","2":"type-product","3":"status-publish","4":"has-post-thumbnail","6":"product_cat-solstolar","7":"product_cat-tradgard-terrass","8":"product_cat-tradgardsmobler","10":"first","11":"instock","12":"sale","13":"taxable","14":"shipping-taxable","15":"purchasable","16":"product-type-simple"},"yoast_head":"<!-- This site is optimized with the Yoast SEO plugin v25.4 - https:\/\/yoast.com\/wordpress\/plugins\/seo\/ -->\n<title>TRUUSK Hopf\u00e4llbar Sols\u00e4ng Med Tr\u00e4dg\u00e5rdsliggare - Justerbar Ryggst\u00f6d Upp Till 120 Kg - Huvudkudde - Bl\u00e5 - TRUUSK - Hem, Tr\u00e4dg\u00e5rd &amp; Fritid<\/title>\n<meta name=\"robots\" content=\"index, follow, max-snippet:-1, max-image-preview:large, max-video-preview:-1\" \/>\n<link rel=\"canonical\" href=\"https:\/\/truusk.store\/sv\/produkt\/truusk-hopfallbar-solsang-med-tradgardsliggare-justerbar-ryggstod-upp-till-120-kg-huvudkudde-bla\/\" \/>\n<meta property=\"og:locale\" content=\"sv_SE\" \/>\n<meta property=\"og:type\" content=\"article\" \/>\n<meta property=\"og:title\" content=\"TRUUSK Hopf\u00e4llbar Sols\u00e4ng Med Tr\u00e4dg\u00e5rdsliggare - Justerbar Ryggst\u00f6d Upp Till 120 Kg - Huvudkudde - Bl\u00e5 - TRUUSK - Hem, Tr\u00e4dg\u00e5rd &amp; Fritid\" \/>\n<meta property=\"og:description\" content=\"Skulle du vilja ha komforten av ett resort p\u00e5 spr\u00e5ng? [BRAND NAME] tar dig n\u00e4rmare den dr\u00f6mmen. Den hopf\u00e4llbara sols\u00e4ngen...\" \/>\n<meta property=\"og:url\" content=\"https:\/\/truusk.store\/sv\/produkt\/truusk-hopfallbar-solsang-med-tradgardsliggare-justerbar-ryggstod-upp-till-120-kg-huvudkudde-bla\/\" \/>\n<meta property=\"og:site_name\" content=\"TRUUSK - Hem, Tr\u00e4dg\u00e5rd &amp; Fritid\" \/>\n<meta property=\"article:modified_time\" content=\"2026-03-12T07:55:53+00:00\" \/>\n<meta property=\"og:image\" content=\"https:\/\/i0.wp.com\/truusk.se\/wp-content\/uploads\/2026\/01\/hopfallbar-solsang-med-tradgardsliggare-och-huvudkudde-5-faldigt-justerbar-ryggstod-upp-till-120-kg-bla-1.webp?fit=2000%2C2000&ssl=1\" \/>\n\t<meta property=\"og:image:width\" content=\"2000\" \/>\n\t<meta property=\"og:image:height\" content=\"2000\" \/>\n\t<meta property=\"og:image:type\" content=\"image\/webp\" \/>\n<meta name=\"twitter:card\" content=\"summary_large_image\" \/>\n<meta name=\"twitter:label1\" content=\"Ber\u00e4knad l\u00e4stid\" \/>\n\t<meta name=\"twitter:data1\" content=\"1 minut\" \/>\n<!-- \/ Yoast SEO plugin. -->","yoast_head_json":{"title":"TRUUSK Hopf\u00e4llbar Sols\u00e4ng Med Tr\u00e4dg\u00e5rdsliggare - Justerbar Ryggst\u00f6d Upp Till 120 Kg - Huvudkudde - Bl\u00e5 - TRUUSK - Hem, Tr\u00e4dg\u00e5rd &amp; Fritid","robots":{"index":"index","follow":"follow","max-snippet":"max-snippet:-1","max-image-preview":"max-image-preview:large","max-video-preview":"max-video-preview:-1"},"canonical":"https:\/\/truusk.store\/sv\/produkt\/truusk-hopfallbar-solsang-med-tradgardsliggare-justerbar-ryggstod-upp-till-120-kg-huvudkudde-bla\/","og_locale":"sv_SE","og_type":"article","og_title":"TRUUSK Hopf\u00e4llbar Sols\u00e4ng Med Tr\u00e4dg\u00e5rdsliggare - Justerbar Ryggst\u00f6d Upp Till 120 Kg - Huvudkudde - Bl\u00e5 - TRUUSK - Hem, Tr\u00e4dg\u00e5rd &amp; Fritid","og_description":"Skulle du vilja ha komforten av ett resort p\u00e5 spr\u00e5ng? [BRAND NAME] tar dig n\u00e4rmare den dr\u00f6mmen. Den hopf\u00e4llbara sols\u00e4ngen...","og_url":"https:\/\/truusk.store\/sv\/produkt\/truusk-hopfallbar-solsang-med-tradgardsliggare-justerbar-ryggstod-upp-till-120-kg-huvudkudde-bla\/","og_site_name":"TRUUSK - Hem, Tr\u00e4dg\u00e5rd &amp; Fritid","article_modified_time":"2026-03-12T07:55:53+00:00","og_image":[{"width":2000,"height":2000,"url":"https:\/\/i0.wp.com\/truusk.se\/wp-content\/uploads\/2026\/01\/hopfallbar-solsang-med-tradgardsliggare-och-huvudkudde-5-faldigt-justerbar-ryggstod-upp-till-120-kg-bla-1.webp?fit=2000%2C2000&ssl=1","type":"image\/webp"}],"twitter_card":"summary_large_image","twitter_misc":{"Ber\u00e4knad l\u00e4stid":"1 minut"},"schema":{"@context":"https:\/\/schema.org","@graph":[{"@type":"WebPage","@id":"https:\/\/truusk.store\/sv\/produkt\/truusk-hopfallbar-solsang-med-tradgardsliggare-justerbar-ryggstod-upp-till-120-kg-huvudkudde-bla\/","url":"https:\/\/truusk.store\/sv\/produkt\/truusk-hopfallbar-solsang-med-tradgardsliggare-justerbar-ryggstod-upp-till-120-kg-huvudkudde-bla\/","name":"TRUUSK Hopf\u00e4llbar Sols\u00e4ng Med Tr\u00e4dg\u00e5rdsliggare - Justerbar Ryggst\u00f6d Upp Till 120 Kg - Huvudkudde - Bl\u00e5 - TRUUSK - Hem, Tr\u00e4dg\u00e5rd &amp; Fritid","isPartOf":{"@id":"https:\/\/truusk.store\/sv\/#website"},"primaryImageOfPage":{"@id":"https:\/\/truusk.store\/sv\/produkt\/truusk-hopfallbar-solsang-med-tradgardsliggare-justerbar-ryggstod-upp-till-120-kg-huvudkudde-bla\/#primaryimage"},"image":{"@id":"https:\/\/truusk.store\/sv\/produkt\/truusk-hopfallbar-solsang-med-tradgardsliggare-justerbar-ryggstod-upp-till-120-kg-huvudkudde-bla\/#primaryimage"},"thumbnailUrl":"https:\/\/i0.wp.com\/truusk.store\/wp-content\/uploads\/2026\/01\/hopfallbar-solsang-med-tradgardsliggare-och-huvudkudde-5-faldigt-justerbar-ryggstod-upp-till-120-kg-bla-1.webp?fit=2000%2C2000&ssl=1","datePublished":"2026-01-28T02:52:28+00:00","dateModified":"2026-03-12T07:55:53+00:00","breadcrumb":{"@id":"https:\/\/truusk.store\/sv\/produkt\/truusk-hopfallbar-solsang-med-tradgardsliggare-justerbar-ryggstod-upp-till-120-kg-huvudkudde-bla\/#breadcrumb"},"inLanguage":"sv-SE","potentialAction":[{"@type":"ReadAction","target":["https:\/\/truusk.store\/sv\/produkt\/truusk-hopfallbar-solsang-med-tradgardsliggare-justerbar-ryggstod-upp-till-120-kg-huvudkudde-bla\/"]}]},{"@type":"ImageObject","inLanguage":"sv-SE","@id":"https:\/\/truusk.store\/sv\/produkt\/truusk-hopfallbar-solsang-med-tradgardsliggare-justerbar-ryggstod-upp-till-120-kg-huvudkudde-bla\/#primaryimage","url":"https:\/\/i0.wp.com\/truusk.store\/wp-content\/uploads\/2026\/01\/hopfallbar-solsang-med-tradgardsliggare-och-huvudkudde-5-faldigt-justerbar-ryggstod-upp-till-120-kg-bla-1.webp?fit=2000%2C2000&ssl=1","contentUrl":"https:\/\/i0.wp.com\/truusk.store\/wp-content\/uploads\/2026\/01\/hopfallbar-solsang-med-tradgardsliggare-och-huvudkudde-5-faldigt-justerbar-ryggstod-upp-till-120-kg-bla-1.webp?fit=2000%2C2000&ssl=1","width":2000,"height":2000},{"@type":"BreadcrumbList","@id":"https:\/\/truusk.store\/sv\/produkt\/truusk-hopfallbar-solsang-med-tradgardsliggare-justerbar-ryggstod-upp-till-120-kg-huvudkudde-bla\/#breadcrumb","itemListElement":[{"@type":"ListItem","position":1,"name":"Home","item":"https:\/\/truusk.store\/sv\/"},{"@type":"ListItem","position":2,"name":"Shop","item":"https:\/\/truusk.store\/shop\/"},{"@type":"ListItem","position":3,"name":"TRUUSK Hopf\u00e4llbar Sols\u00e4ng Med Tr\u00e4dg\u00e5rdsliggare &#8211; Justerbar Ryggst\u00f6d Upp Till 120 Kg &#8211; Huvudkudde &#8211; Bl\u00e5"}]},{"@type":"WebSite","@id":"https:\/\/truusk.store\/sv\/#website","url":"https:\/\/truusk.store\/sv\/","name":"TRUUSK - Hem, Tr\u00e4dg\u00e5rd & Fritid","description":"","publisher":{"@id":"https:\/\/truusk.store\/sv\/#organization"},"potentialAction":[{"@type":"SearchAction","target":{"@type":"EntryPoint","urlTemplate":"https:\/\/truusk.store\/sv\/?s={search_term_string}"},"query-input":{"@type":"PropertyValueSpecification","valueRequired":true,"valueName":"search_term_string"}}],"inLanguage":"sv-SE"},{"@type":"Organization","@id":"https:\/\/truusk.store\/sv\/#organization","name":"TRUUSK - Hem, Tr\u00e4dg\u00e5rd & Fritid","url":"https:\/\/truusk.store\/sv\/","logo":{"@type":"ImageObject","inLanguage":"sv-SE","@id":"https:\/\/truusk.store\/sv\/#\/schema\/logo\/image\/","url":"https:\/\/i0.wp.com\/truusk.store\/wp-content\/uploads\/2026\/03\/cropped-TRUUSK.png?fit=2032%2C917&ssl=1","contentUrl":"https:\/\/i0.wp.com\/truusk.store\/wp-content\/uploads\/2026\/03\/cropped-TRUUSK.png?fit=2032%2C917&ssl=1","width":2032,"height":917,"caption":"TRUUSK - Hem, Tr\u00e4dg\u00e5rd & Fritid"},"image":{"@id":"https:\/\/truusk.store\/sv\/#\/schema\/logo\/image\/"}}]}},"jetpack_sharing_enabled":true,"_links":{"self":[{"href":"https:\/\/truusk.store\/sv\/wp-json\/wp\/v2\/product\/100576","targetHints":{"allow":["GET"]}}],"collection":[{"href":"https:\/\/truusk.store\/sv\/wp-json\/wp\/v2\/product"}],"about":[{"href":"https:\/\/truusk.store\/sv\/wp-json\/wp\/v2\/types\/product"}],"wp:featuredmedia":[{"embeddable":true,"href":"https:\/\/truusk.store\/sv\/wp-json\/wp\/v2\/media\/100567"}],"wp:attachment":[{"href":"https:\/\/truusk.store\/sv\/wp-json\/wp\/v2\/media?parent=100576"}],"wp:term":[{"taxonomy":"product_brand","embeddable":true,"href":"https:\/\/truusk.store\/sv\/wp-json\/wp\/v2\/product_brand?post=100576"},{"taxonomy":"product_cat","embeddable":true,"href":"https:\/\/truusk.store\/sv\/wp-json\/wp\/v2\/product_cat?post=100576"},{"taxonomy":"product_tag","embeddable":true,"href":"https:\/\/truusk.store\/sv\/wp-json\/wp\/v2\/product_tag?post=100576"}],"curies":[{"name":"wp","href":"https:\/\/api.w.org\/{rel}","templated":true}]}}