{"id":100590,"date":"2026-01-28T03:55:46","date_gmt":"2026-01-28T02:55:46","guid":{"rendered":"https:\/\/truusk.store\/product\/skyddsholje-for-tradgardsmobler-vinterfast-vattentat-tackning-anti-uv-600d-oxford-tyg-1905-x-72-x-76cm-ljusgra\/"},"modified":"2026-03-12T08:59:18","modified_gmt":"2026-03-12T07:59:18","slug":"truusk-vinterfast-vattentat-skyddsholje-for-tradgardsmobler-anti-uv-600d-oxford-tyg-1905-x-72-x-76cm-ljusgra","status":"publish","type":"product","link":"https:\/\/truusk.store\/sv\/produkt\/truusk-vinterfast-vattentat-skyddsholje-for-tradgardsmobler-anti-uv-600d-oxford-tyg-1905-x-72-x-76cm-ljusgra\/","title":{"rendered":"TRUUSK Vinterfast Vattent\u00e4t Skyddsh\u00f6lje f\u00f6r Tr\u00e4dg\u00e5rdsm\u00f6bler &#8211; Anti-UV &#8211; 600D Oxford Tyg &#8211; 190,5 x 72 x 76cm &#8211; Ljusgr\u00e5"},"content":{"rendered":"<p>Skydda dina tr\u00e4dg\u00e5rdsm\u00f6bler i alla v\u00e4der med detta tr\u00e4dg\u00e5rdsm\u00f6bel\u00f6verdrag fr\u00e5n [BRAND NAME]. Tillverkad av h\u00f6gdensitet 600D Oxford-tyg, erbjuder den en PE-bel\u00e4ggning som skyddar mot l\u00e4tt vatten och UV-str\u00e5lar och f\u00f6rhindrar skador. Det l\u00e4tta tr\u00e4dg\u00e5rdsm\u00f6bel\u00f6verdraget \u00e4r enkelt att s\u00e4tta p\u00e5 och ta av, utan st\u00f6rre anstr\u00e4ngning. Avslutad med dragsn\u00f6rsf\u00e4sten f\u00f6r en fast och s\u00e4ker passform.<\/p>\n<p>Beskrivning:<\/p>\n<ul>\n<li> L\u00e4tt att reng\u00f6ra<\/li>\n<li> L\u00e4mplig f\u00f6r alla utomhus-, tr\u00e4dg\u00e5rds- och terrassm\u00f6bler<\/li>\n<li> L\u00e4tt material, enkelt att hantera och lagra<\/li>\n<li> PE-belagt Oxford-tyg \u00e4r vatten- och UV-resistent och hj\u00e4lper till att skydda dina m\u00f6bler<\/li>\n<li> Praktiska dragsn\u00f6ren f\u00f6r en fast passform, s\u00e4ker vid l\u00e4tt vindigt v\u00e4der<\/li>\n<\/ul>\n<p> Tekniska data:<\/p>\n<ul>\n<li> F\u00e4rg: M\u00f6rkgr\u00e5+Ljusgr\u00e5<\/li>\n<li> Material: Oxford-tyg<\/li>\n<li> Totala m\u00e5tt: 190,5L x 72B x 63\/76H cm<\/li>\n<li> Nylonlina: \u00d85 mm<\/li>\n<\/ul>\n<p>Leveransinneh\u00e5ll:<\/p>\n<ul>\n<li> 1 x M\u00f6bel\u00f6verdrag<\/li>\n<li> 1 x Instruktioner<\/li>\n<\/ul>\n","protected":false},"excerpt":{"rendered":"<p>Skydda dina tr\u00e4dg\u00e5rdsm\u00f6bler i alla v\u00e4der med detta tr\u00e4dg\u00e5rdsm\u00f6bel\u00f6verdrag fr\u00e5n [BRAND NAME]. Tillverkad av h\u00f6gdensitet 600D Oxford-tyg, erbjuder den en&#8230;<\/p>\n","protected":false},"featured_media":100577,"template":"","meta":[],"product_brand":[],"product_cat":[1106,1035,858,450],"product_tag":[],"class_list":{"0":"post-100590","1":"product","2":"type-product","3":"status-publish","4":"has-post-thumbnail","6":"product_cat-abdeckplanen","7":"product_cat-polyrattan-tradgardsmobler","8":"product_cat-tradgard-terrass","9":"product_cat-tradgardsmobler","11":"first","12":"instock","13":"sale","14":"taxable","15":"shipping-taxable","16":"purchasable","17":"product-type-simple"},"yoast_head":"<!-- This site is optimized with the Yoast SEO plugin v25.4 - https:\/\/yoast.com\/wordpress\/plugins\/seo\/ -->\n<title>TRUUSK Vinterfast Vattent\u00e4t Skyddsh\u00f6lje f\u00f6r Tr\u00e4dg\u00e5rdsm\u00f6bler - Anti-UV - 600D Oxford Tyg - 190,5 x 72 x 76cm - Ljusgr\u00e5 - TRUUSK - Hem, Tr\u00e4dg\u00e5rd &amp; Fritid<\/title>\n<meta name=\"robots\" content=\"index, follow, max-snippet:-1, max-image-preview:large, max-video-preview:-1\" \/>\n<link rel=\"canonical\" href=\"https:\/\/truusk.store\/sv\/produkt\/truusk-vinterfast-vattentat-skyddsholje-for-tradgardsmobler-anti-uv-600d-oxford-tyg-1905-x-72-x-76cm-ljusgra\/\" \/>\n<meta property=\"og:locale\" content=\"sv_SE\" \/>\n<meta property=\"og:type\" content=\"article\" \/>\n<meta property=\"og:title\" content=\"TRUUSK Vinterfast Vattent\u00e4t Skyddsh\u00f6lje f\u00f6r Tr\u00e4dg\u00e5rdsm\u00f6bler - Anti-UV - 600D Oxford Tyg - 190,5 x 72 x 76cm - Ljusgr\u00e5 - TRUUSK - Hem, Tr\u00e4dg\u00e5rd &amp; Fritid\" \/>\n<meta property=\"og:description\" content=\"Skydda dina tr\u00e4dg\u00e5rdsm\u00f6bler i alla v\u00e4der med detta tr\u00e4dg\u00e5rdsm\u00f6bel\u00f6verdrag fr\u00e5n [BRAND NAME]. Tillverkad av h\u00f6gdensitet 600D Oxford-tyg, erbjuder den en...\" \/>\n<meta property=\"og:url\" content=\"https:\/\/truusk.store\/sv\/produkt\/truusk-vinterfast-vattentat-skyddsholje-for-tradgardsmobler-anti-uv-600d-oxford-tyg-1905-x-72-x-76cm-ljusgra\/\" \/>\n<meta property=\"og:site_name\" content=\"TRUUSK - Hem, Tr\u00e4dg\u00e5rd &amp; Fritid\" \/>\n<meta property=\"article:modified_time\" content=\"2026-03-12T07:59:18+00:00\" \/>\n<meta property=\"og:image\" content=\"https:\/\/i0.wp.com\/truusk.se\/wp-content\/uploads\/2026\/01\/skyddsholje-for-tradgardsmobler-vinterfast-vattentat-tackning-anti-uv-600d-oxford-tyg-1905-x-72-x-76cm-ljusgra-1.webp?fit=2000%2C2000&ssl=1\" \/>\n\t<meta property=\"og:image:width\" content=\"2000\" \/>\n\t<meta property=\"og:image:height\" content=\"2000\" \/>\n\t<meta property=\"og:image:type\" content=\"image\/webp\" \/>\n<meta name=\"twitter:card\" content=\"summary_large_image\" \/>\n<meta name=\"twitter:label1\" content=\"Ber\u00e4knad l\u00e4stid\" \/>\n\t<meta name=\"twitter:data1\" content=\"1 minut\" \/>\n<!-- \/ Yoast SEO plugin. -->","yoast_head_json":{"title":"TRUUSK Vinterfast Vattent\u00e4t Skyddsh\u00f6lje f\u00f6r Tr\u00e4dg\u00e5rdsm\u00f6bler - Anti-UV - 600D Oxford Tyg - 190,5 x 72 x 76cm - Ljusgr\u00e5 - TRUUSK - Hem, Tr\u00e4dg\u00e5rd &amp; Fritid","robots":{"index":"index","follow":"follow","max-snippet":"max-snippet:-1","max-image-preview":"max-image-preview:large","max-video-preview":"max-video-preview:-1"},"canonical":"https:\/\/truusk.store\/sv\/produkt\/truusk-vinterfast-vattentat-skyddsholje-for-tradgardsmobler-anti-uv-600d-oxford-tyg-1905-x-72-x-76cm-ljusgra\/","og_locale":"sv_SE","og_type":"article","og_title":"TRUUSK Vinterfast Vattent\u00e4t Skyddsh\u00f6lje f\u00f6r Tr\u00e4dg\u00e5rdsm\u00f6bler - Anti-UV - 600D Oxford Tyg - 190,5 x 72 x 76cm - Ljusgr\u00e5 - TRUUSK - Hem, Tr\u00e4dg\u00e5rd &amp; Fritid","og_description":"Skydda dina tr\u00e4dg\u00e5rdsm\u00f6bler i alla v\u00e4der med detta tr\u00e4dg\u00e5rdsm\u00f6bel\u00f6verdrag fr\u00e5n [BRAND NAME]. Tillverkad av h\u00f6gdensitet 600D Oxford-tyg, erbjuder den en...","og_url":"https:\/\/truusk.store\/sv\/produkt\/truusk-vinterfast-vattentat-skyddsholje-for-tradgardsmobler-anti-uv-600d-oxford-tyg-1905-x-72-x-76cm-ljusgra\/","og_site_name":"TRUUSK - Hem, Tr\u00e4dg\u00e5rd &amp; Fritid","article_modified_time":"2026-03-12T07:59:18+00:00","og_image":[{"width":2000,"height":2000,"url":"https:\/\/i0.wp.com\/truusk.se\/wp-content\/uploads\/2026\/01\/skyddsholje-for-tradgardsmobler-vinterfast-vattentat-tackning-anti-uv-600d-oxford-tyg-1905-x-72-x-76cm-ljusgra-1.webp?fit=2000%2C2000&ssl=1","type":"image\/webp"}],"twitter_card":"summary_large_image","twitter_misc":{"Ber\u00e4knad l\u00e4stid":"1 minut"},"schema":{"@context":"https:\/\/schema.org","@graph":[{"@type":"WebPage","@id":"https:\/\/truusk.store\/sv\/produkt\/truusk-vinterfast-vattentat-skyddsholje-for-tradgardsmobler-anti-uv-600d-oxford-tyg-1905-x-72-x-76cm-ljusgra\/","url":"https:\/\/truusk.store\/sv\/produkt\/truusk-vinterfast-vattentat-skyddsholje-for-tradgardsmobler-anti-uv-600d-oxford-tyg-1905-x-72-x-76cm-ljusgra\/","name":"TRUUSK Vinterfast Vattent\u00e4t Skyddsh\u00f6lje f\u00f6r Tr\u00e4dg\u00e5rdsm\u00f6bler - Anti-UV - 600D Oxford Tyg - 190,5 x 72 x 76cm - Ljusgr\u00e5 - TRUUSK - Hem, Tr\u00e4dg\u00e5rd &amp; Fritid","isPartOf":{"@id":"https:\/\/truusk.store\/sv\/#website"},"primaryImageOfPage":{"@id":"https:\/\/truusk.store\/sv\/produkt\/truusk-vinterfast-vattentat-skyddsholje-for-tradgardsmobler-anti-uv-600d-oxford-tyg-1905-x-72-x-76cm-ljusgra\/#primaryimage"},"image":{"@id":"https:\/\/truusk.store\/sv\/produkt\/truusk-vinterfast-vattentat-skyddsholje-for-tradgardsmobler-anti-uv-600d-oxford-tyg-1905-x-72-x-76cm-ljusgra\/#primaryimage"},"thumbnailUrl":"https:\/\/i0.wp.com\/truusk.store\/wp-content\/uploads\/2026\/01\/skyddsholje-for-tradgardsmobler-vinterfast-vattentat-tackning-anti-uv-600d-oxford-tyg-1905-x-72-x-76cm-ljusgra-1.webp?fit=2000%2C2000&ssl=1","datePublished":"2026-01-28T02:55:46+00:00","dateModified":"2026-03-12T07:59:18+00:00","breadcrumb":{"@id":"https:\/\/truusk.store\/sv\/produkt\/truusk-vinterfast-vattentat-skyddsholje-for-tradgardsmobler-anti-uv-600d-oxford-tyg-1905-x-72-x-76cm-ljusgra\/#breadcrumb"},"inLanguage":"sv-SE","potentialAction":[{"@type":"ReadAction","target":["https:\/\/truusk.store\/sv\/produkt\/truusk-vinterfast-vattentat-skyddsholje-for-tradgardsmobler-anti-uv-600d-oxford-tyg-1905-x-72-x-76cm-ljusgra\/"]}]},{"@type":"ImageObject","inLanguage":"sv-SE","@id":"https:\/\/truusk.store\/sv\/produkt\/truusk-vinterfast-vattentat-skyddsholje-for-tradgardsmobler-anti-uv-600d-oxford-tyg-1905-x-72-x-76cm-ljusgra\/#primaryimage","url":"https:\/\/i0.wp.com\/truusk.store\/wp-content\/uploads\/2026\/01\/skyddsholje-for-tradgardsmobler-vinterfast-vattentat-tackning-anti-uv-600d-oxford-tyg-1905-x-72-x-76cm-ljusgra-1.webp?fit=2000%2C2000&ssl=1","contentUrl":"https:\/\/i0.wp.com\/truusk.store\/wp-content\/uploads\/2026\/01\/skyddsholje-for-tradgardsmobler-vinterfast-vattentat-tackning-anti-uv-600d-oxford-tyg-1905-x-72-x-76cm-ljusgra-1.webp?fit=2000%2C2000&ssl=1","width":2000,"height":2000},{"@type":"BreadcrumbList","@id":"https:\/\/truusk.store\/sv\/produkt\/truusk-vinterfast-vattentat-skyddsholje-for-tradgardsmobler-anti-uv-600d-oxford-tyg-1905-x-72-x-76cm-ljusgra\/#breadcrumb","itemListElement":[{"@type":"ListItem","position":1,"name":"Home","item":"https:\/\/truusk.store\/sv\/"},{"@type":"ListItem","position":2,"name":"Shop","item":"https:\/\/truusk.store\/shop\/"},{"@type":"ListItem","position":3,"name":"TRUUSK Vinterfast Vattent\u00e4t Skyddsh\u00f6lje f\u00f6r Tr\u00e4dg\u00e5rdsm\u00f6bler &#8211; Anti-UV &#8211; 600D Oxford Tyg &#8211; 190,5 x 72 x 76cm &#8211; Ljusgr\u00e5"}]},{"@type":"WebSite","@id":"https:\/\/truusk.store\/sv\/#website","url":"https:\/\/truusk.store\/sv\/","name":"TRUUSK - Hem, Tr\u00e4dg\u00e5rd & Fritid","description":"","publisher":{"@id":"https:\/\/truusk.store\/sv\/#organization"},"potentialAction":[{"@type":"SearchAction","target":{"@type":"EntryPoint","urlTemplate":"https:\/\/truusk.store\/sv\/?s={search_term_string}"},"query-input":{"@type":"PropertyValueSpecification","valueRequired":true,"valueName":"search_term_string"}}],"inLanguage":"sv-SE"},{"@type":"Organization","@id":"https:\/\/truusk.store\/sv\/#organization","name":"TRUUSK - Hem, Tr\u00e4dg\u00e5rd & Fritid","url":"https:\/\/truusk.store\/sv\/","logo":{"@type":"ImageObject","inLanguage":"sv-SE","@id":"https:\/\/truusk.store\/sv\/#\/schema\/logo\/image\/","url":"https:\/\/i0.wp.com\/truusk.store\/wp-content\/uploads\/2026\/03\/cropped-TRUUSK.png?fit=2032%2C917&ssl=1","contentUrl":"https:\/\/i0.wp.com\/truusk.store\/wp-content\/uploads\/2026\/03\/cropped-TRUUSK.png?fit=2032%2C917&ssl=1","width":2032,"height":917,"caption":"TRUUSK - Hem, Tr\u00e4dg\u00e5rd & Fritid"},"image":{"@id":"https:\/\/truusk.store\/sv\/#\/schema\/logo\/image\/"}}]}},"jetpack_sharing_enabled":true,"_links":{"self":[{"href":"https:\/\/truusk.store\/sv\/wp-json\/wp\/v2\/product\/100590","targetHints":{"allow":["GET"]}}],"collection":[{"href":"https:\/\/truusk.store\/sv\/wp-json\/wp\/v2\/product"}],"about":[{"href":"https:\/\/truusk.store\/sv\/wp-json\/wp\/v2\/types\/product"}],"wp:featuredmedia":[{"embeddable":true,"href":"https:\/\/truusk.store\/sv\/wp-json\/wp\/v2\/media\/100577"}],"wp:attachment":[{"href":"https:\/\/truusk.store\/sv\/wp-json\/wp\/v2\/media?parent=100590"}],"wp:term":[{"taxonomy":"product_brand","embeddable":true,"href":"https:\/\/truusk.store\/sv\/wp-json\/wp\/v2\/product_brand?post=100590"},{"taxonomy":"product_cat","embeddable":true,"href":"https:\/\/truusk.store\/sv\/wp-json\/wp\/v2\/product_cat?post=100590"},{"taxonomy":"product_tag","embeddable":true,"href":"https:\/\/truusk.store\/sv\/wp-json\/wp\/v2\/product_tag?post=100590"}],"curies":[{"name":"wp","href":"https:\/\/api.w.org\/{rel}","templated":true}]}}