{"id":100609,"date":"2026-01-28T03:57:22","date_gmt":"2026-01-28T02:57:22","guid":{"rendered":"https:\/\/truusk.store\/product\/reservtak-for-paviljong-3-x-4-m-vattenavvisande-paviljongtak-med-dubbel-tak-beige\/"},"modified":"2026-03-12T09:00:41","modified_gmt":"2026-03-12T08:00:41","slug":"truusk-reservtak-for-paviljong-3-x-4-m-vattenavvisande-dubbel-tak-beige","status":"publish","type":"product","link":"https:\/\/truusk.store\/sv\/produkt\/truusk-reservtak-for-paviljong-3-x-4-m-vattenavvisande-dubbel-tak-beige\/","title":{"rendered":"TRUUSK Reservtak f\u00f6r Paviljong 3 x 4 m &#8211; Vattenavvisande &#8211; Dubbel tak &#8211; Beige"},"content":{"rendered":"<p>Om ditt paviljongtak b\u00f6rjar bli tr\u00f6tt och visar tecken p\u00e5 l\u00e5ng, trogen tj\u00e4nst, beh\u00f6ver du inte k\u00f6pa en helt ny paviljong, det r\u00e4cker med ett ers\u00e4ttningstak som detta f\u00f6r att f\u00e5 din tr\u00e4dg\u00e5rdspaviljong att \u00e5terigen str\u00e5la i gammal styrka och sk\u00f6nhet! Robusta material och en praktisk design ger dig alltid ett s\u00e4kert tak \u00f6ver huvudet n\u00e4r v\u00e4dergudarna vill \u00f6verraska dig med en liten regnskur.<\/p>\n<p>Beskrivning:<\/p>\n<ul>\n<li> Detta paviljongers\u00e4ttningstak passar f\u00f6r tr\u00e4dg\u00e5rdspaviljongen med en grundyta p\u00e5 4 x 3 m<\/li>\n<li> Ger skugga, skyddar effektivt mot f\u00f6r stark solstr\u00e5lning<\/li>\n<li> Stabilt, fast installerat tak<\/li>\n<li> Polyesterv\u00e4v med PA 180g\/m\u00b2-bel\u00e4ggning<\/li>\n<li> Robust och h\u00e5llbart material<\/li>\n<\/ul>\n<p> Tekniska data:<\/p>\n<ul>\n<li> F\u00e4rg: Beige<\/li>\n<li> Material: Polyester<\/li>\n<li> L\u00e4mplig f\u00f6r: 4 x 3 m paviljonger<\/li>\n<li> Kantens h\u00f6jd: 20 cm<\/li>\n<\/ul>\n<p>Leveransinneh\u00e5ll:<\/p>\n<ul>\n<li> 1 x tr\u00e4dg\u00e5rdspaviljongers\u00e4ttningstak;<\/li>\n<\/ul>\n","protected":false},"excerpt":{"rendered":"<p>Om ditt paviljongtak b\u00f6rjar bli tr\u00f6tt och visar tecken p\u00e5 l\u00e5ng, trogen tj\u00e4nst, beh\u00f6ver du inte k\u00f6pa en helt ny&#8230;<\/p>\n","protected":false},"featured_media":100597,"template":"","meta":[],"product_brand":[],"product_cat":[479,858,476],"product_tag":[],"class_list":{"0":"post-100609","1":"product","2":"type-product","3":"status-publish","4":"has-post-thumbnail","6":"product_cat-paviljongtak","7":"product_cat-tradgard-terrass","8":"product_cat-tradgardspaviljonger","10":"first","11":"instock","12":"sale","13":"taxable","14":"shipping-taxable","15":"purchasable","16":"product-type-simple"},"yoast_head":"<!-- This site is optimized with the Yoast SEO plugin v25.4 - https:\/\/yoast.com\/wordpress\/plugins\/seo\/ -->\n<title>TRUUSK Reservtak f\u00f6r Paviljong 3 x 4 m - Vattenavvisande - Dubbel tak - Beige - TRUUSK - Hem, Tr\u00e4dg\u00e5rd &amp; Fritid<\/title>\n<meta name=\"robots\" content=\"index, follow, max-snippet:-1, max-image-preview:large, max-video-preview:-1\" \/>\n<link rel=\"canonical\" href=\"https:\/\/truusk.store\/sv\/produkt\/truusk-reservtak-for-paviljong-3-x-4-m-vattenavvisande-dubbel-tak-beige\/\" \/>\n<meta property=\"og:locale\" content=\"sv_SE\" \/>\n<meta property=\"og:type\" content=\"article\" \/>\n<meta property=\"og:title\" content=\"TRUUSK Reservtak f\u00f6r Paviljong 3 x 4 m - Vattenavvisande - Dubbel tak - Beige - TRUUSK - Hem, Tr\u00e4dg\u00e5rd &amp; Fritid\" \/>\n<meta property=\"og:description\" content=\"Om ditt paviljongtak b\u00f6rjar bli tr\u00f6tt och visar tecken p\u00e5 l\u00e5ng, trogen tj\u00e4nst, beh\u00f6ver du inte k\u00f6pa en helt ny...\" \/>\n<meta property=\"og:url\" content=\"https:\/\/truusk.store\/sv\/produkt\/truusk-reservtak-for-paviljong-3-x-4-m-vattenavvisande-dubbel-tak-beige\/\" \/>\n<meta property=\"og:site_name\" content=\"TRUUSK - Hem, Tr\u00e4dg\u00e5rd &amp; Fritid\" \/>\n<meta property=\"article:modified_time\" content=\"2026-03-12T08:00:41+00:00\" \/>\n<meta property=\"og:image\" content=\"https:\/\/i0.wp.com\/truusk.se\/wp-content\/uploads\/2026\/01\/reservtak-for-paviljong-3-x-4-m-vattenavvisande-paviljongtak-med-dubbel-tak-beige-1.webp?fit=2000%2C2000&ssl=1\" \/>\n\t<meta property=\"og:image:width\" content=\"2000\" \/>\n\t<meta property=\"og:image:height\" content=\"2000\" \/>\n\t<meta property=\"og:image:type\" content=\"image\/webp\" \/>\n<meta name=\"twitter:card\" content=\"summary_large_image\" \/>\n<meta name=\"twitter:label1\" content=\"Ber\u00e4knad l\u00e4stid\" \/>\n\t<meta name=\"twitter:data1\" content=\"1 minut\" \/>\n<!-- \/ Yoast SEO plugin. -->","yoast_head_json":{"title":"TRUUSK Reservtak f\u00f6r Paviljong 3 x 4 m - Vattenavvisande - Dubbel tak - Beige - TRUUSK - Hem, Tr\u00e4dg\u00e5rd &amp; Fritid","robots":{"index":"index","follow":"follow","max-snippet":"max-snippet:-1","max-image-preview":"max-image-preview:large","max-video-preview":"max-video-preview:-1"},"canonical":"https:\/\/truusk.store\/sv\/produkt\/truusk-reservtak-for-paviljong-3-x-4-m-vattenavvisande-dubbel-tak-beige\/","og_locale":"sv_SE","og_type":"article","og_title":"TRUUSK Reservtak f\u00f6r Paviljong 3 x 4 m - Vattenavvisande - Dubbel tak - Beige - TRUUSK - Hem, Tr\u00e4dg\u00e5rd &amp; Fritid","og_description":"Om ditt paviljongtak b\u00f6rjar bli tr\u00f6tt och visar tecken p\u00e5 l\u00e5ng, trogen tj\u00e4nst, beh\u00f6ver du inte k\u00f6pa en helt ny...","og_url":"https:\/\/truusk.store\/sv\/produkt\/truusk-reservtak-for-paviljong-3-x-4-m-vattenavvisande-dubbel-tak-beige\/","og_site_name":"TRUUSK - Hem, Tr\u00e4dg\u00e5rd &amp; Fritid","article_modified_time":"2026-03-12T08:00:41+00:00","og_image":[{"width":2000,"height":2000,"url":"https:\/\/i0.wp.com\/truusk.se\/wp-content\/uploads\/2026\/01\/reservtak-for-paviljong-3-x-4-m-vattenavvisande-paviljongtak-med-dubbel-tak-beige-1.webp?fit=2000%2C2000&ssl=1","type":"image\/webp"}],"twitter_card":"summary_large_image","twitter_misc":{"Ber\u00e4knad l\u00e4stid":"1 minut"},"schema":{"@context":"https:\/\/schema.org","@graph":[{"@type":"WebPage","@id":"https:\/\/truusk.store\/sv\/produkt\/truusk-reservtak-for-paviljong-3-x-4-m-vattenavvisande-dubbel-tak-beige\/","url":"https:\/\/truusk.store\/sv\/produkt\/truusk-reservtak-for-paviljong-3-x-4-m-vattenavvisande-dubbel-tak-beige\/","name":"TRUUSK Reservtak f\u00f6r Paviljong 3 x 4 m - Vattenavvisande - Dubbel tak - Beige - TRUUSK - Hem, Tr\u00e4dg\u00e5rd &amp; Fritid","isPartOf":{"@id":"https:\/\/truusk.store\/sv\/#website"},"primaryImageOfPage":{"@id":"https:\/\/truusk.store\/sv\/produkt\/truusk-reservtak-for-paviljong-3-x-4-m-vattenavvisande-dubbel-tak-beige\/#primaryimage"},"image":{"@id":"https:\/\/truusk.store\/sv\/produkt\/truusk-reservtak-for-paviljong-3-x-4-m-vattenavvisande-dubbel-tak-beige\/#primaryimage"},"thumbnailUrl":"https:\/\/i0.wp.com\/truusk.store\/wp-content\/uploads\/2026\/01\/reservtak-for-paviljong-3-x-4-m-vattenavvisande-paviljongtak-med-dubbel-tak-beige-1.webp?fit=2000%2C2000&ssl=1","datePublished":"2026-01-28T02:57:22+00:00","dateModified":"2026-03-12T08:00:41+00:00","breadcrumb":{"@id":"https:\/\/truusk.store\/sv\/produkt\/truusk-reservtak-for-paviljong-3-x-4-m-vattenavvisande-dubbel-tak-beige\/#breadcrumb"},"inLanguage":"sv-SE","potentialAction":[{"@type":"ReadAction","target":["https:\/\/truusk.store\/sv\/produkt\/truusk-reservtak-for-paviljong-3-x-4-m-vattenavvisande-dubbel-tak-beige\/"]}]},{"@type":"ImageObject","inLanguage":"sv-SE","@id":"https:\/\/truusk.store\/sv\/produkt\/truusk-reservtak-for-paviljong-3-x-4-m-vattenavvisande-dubbel-tak-beige\/#primaryimage","url":"https:\/\/i0.wp.com\/truusk.store\/wp-content\/uploads\/2026\/01\/reservtak-for-paviljong-3-x-4-m-vattenavvisande-paviljongtak-med-dubbel-tak-beige-1.webp?fit=2000%2C2000&ssl=1","contentUrl":"https:\/\/i0.wp.com\/truusk.store\/wp-content\/uploads\/2026\/01\/reservtak-for-paviljong-3-x-4-m-vattenavvisande-paviljongtak-med-dubbel-tak-beige-1.webp?fit=2000%2C2000&ssl=1","width":2000,"height":2000},{"@type":"BreadcrumbList","@id":"https:\/\/truusk.store\/sv\/produkt\/truusk-reservtak-for-paviljong-3-x-4-m-vattenavvisande-dubbel-tak-beige\/#breadcrumb","itemListElement":[{"@type":"ListItem","position":1,"name":"Home","item":"https:\/\/truusk.store\/sv\/"},{"@type":"ListItem","position":2,"name":"Shop","item":"https:\/\/truusk.store\/shop\/"},{"@type":"ListItem","position":3,"name":"TRUUSK Reservtak f\u00f6r Paviljong 3 x 4 m &#8211; Vattenavvisande &#8211; Dubbel tak &#8211; Beige"}]},{"@type":"WebSite","@id":"https:\/\/truusk.store\/sv\/#website","url":"https:\/\/truusk.store\/sv\/","name":"TRUUSK - Hem, Tr\u00e4dg\u00e5rd & Fritid","description":"","publisher":{"@id":"https:\/\/truusk.store\/sv\/#organization"},"potentialAction":[{"@type":"SearchAction","target":{"@type":"EntryPoint","urlTemplate":"https:\/\/truusk.store\/sv\/?s={search_term_string}"},"query-input":{"@type":"PropertyValueSpecification","valueRequired":true,"valueName":"search_term_string"}}],"inLanguage":"sv-SE"},{"@type":"Organization","@id":"https:\/\/truusk.store\/sv\/#organization","name":"TRUUSK - Hem, Tr\u00e4dg\u00e5rd & Fritid","url":"https:\/\/truusk.store\/sv\/","logo":{"@type":"ImageObject","inLanguage":"sv-SE","@id":"https:\/\/truusk.store\/sv\/#\/schema\/logo\/image\/","url":"https:\/\/i0.wp.com\/truusk.store\/wp-content\/uploads\/2026\/03\/cropped-TRUUSK.png?fit=2032%2C917&ssl=1","contentUrl":"https:\/\/i0.wp.com\/truusk.store\/wp-content\/uploads\/2026\/03\/cropped-TRUUSK.png?fit=2032%2C917&ssl=1","width":2032,"height":917,"caption":"TRUUSK - Hem, Tr\u00e4dg\u00e5rd & Fritid"},"image":{"@id":"https:\/\/truusk.store\/sv\/#\/schema\/logo\/image\/"}}]}},"jetpack_sharing_enabled":true,"_links":{"self":[{"href":"https:\/\/truusk.store\/sv\/wp-json\/wp\/v2\/product\/100609","targetHints":{"allow":["GET"]}}],"collection":[{"href":"https:\/\/truusk.store\/sv\/wp-json\/wp\/v2\/product"}],"about":[{"href":"https:\/\/truusk.store\/sv\/wp-json\/wp\/v2\/types\/product"}],"wp:featuredmedia":[{"embeddable":true,"href":"https:\/\/truusk.store\/sv\/wp-json\/wp\/v2\/media\/100597"}],"wp:attachment":[{"href":"https:\/\/truusk.store\/sv\/wp-json\/wp\/v2\/media?parent=100609"}],"wp:term":[{"taxonomy":"product_brand","embeddable":true,"href":"https:\/\/truusk.store\/sv\/wp-json\/wp\/v2\/product_brand?post=100609"},{"taxonomy":"product_cat","embeddable":true,"href":"https:\/\/truusk.store\/sv\/wp-json\/wp\/v2\/product_cat?post=100609"},{"taxonomy":"product_tag","embeddable":true,"href":"https:\/\/truusk.store\/sv\/wp-json\/wp\/v2\/product_tag?post=100609"}],"curies":[{"name":"wp","href":"https:\/\/api.w.org\/{rel}","templated":true}]}}