{"id":100616,"date":"2026-01-28T03:57:58","date_gmt":"2026-01-28T02:57:58","guid":{"rendered":"https:\/\/truusk.store\/product\/stativ-for-hangstol-i-x-form-metallstativ-med-fjaderkrok-bricka-bas-upp-till-120kg-svart\/"},"modified":"2026-03-12T09:01:05","modified_gmt":"2026-03-12T08:01:05","slug":"truusk-stativ-for-hangstol-i-x-form-metallstativ-med-fjaderkrok-maxvikt-120kg-svart","status":"publish","type":"product","link":"https:\/\/truusk.store\/sv\/produkt\/truusk-stativ-for-hangstol-i-x-form-metallstativ-med-fjaderkrok-maxvikt-120kg-svart\/","title":{"rendered":"TRUUSK Stativ f\u00f6r h\u00e4ngstol i X-form &#8211; Metallstativ med fj\u00e4derkrok &#8211; Maxvikt 120kg &#8211; Svart"},"content":{"rendered":"<p>Vill du ha en h\u00e4ngstol, men har ingen l\u00e4mplig plats att h\u00e4nga upp den? Med h\u00e4ngstolsstativet fr\u00e5n [BRAND NAME] beh\u00f6ver du inte l\u00e4ngre en ideal tr\u00e4d. Tillverkad av pulverlackerat metall st\u00e5r det emot alla v\u00e4derf\u00f6rh\u00e5llanden och passar perfekt p\u00e5 balkongen, i tr\u00e4dg\u00e5rden, g\u00e5rden, verandan, sovrummet eller vardagsrummet. Slappna av utan anstr\u00e4ngning &#8211; en smart och praktisk gadget f\u00f6r din fritid!<\/p>\n<p>Beskrivning:<\/p>\n<ul>\n<li> Passar de flesta h\u00e4ngstolar<\/li>\n<li> X-formad bas av h\u00e4ngstolsstativet ger b\u00e4ttre stabilitet<\/li>\n<li> C-formad st\u00e4llram ger utm\u00e4rkt balans<\/li>\n<li> St\u00e4ll ett bord bredvid din stol f\u00f6r extra komfort<\/li>\n<li> Robust ram av slitstarkt, pulverlackerat metall<\/li>\n<li> Halkfria f\u00f6tter p\u00e5 h\u00e4ngstolsstativet f\u00f6rhindrar repor p\u00e5 golvet och ger extra stabilitet<\/li>\n<li> Kan anv\u00e4ndas p\u00e5 balkongen, i tr\u00e4dg\u00e5rden, p\u00e5 verandan, i sovrummet, i vardagsrummet och mer<\/li>\n<li> Enkel att montera, h\u00e4ngstol ing\u00e5r inte<\/li>\n<\/ul>\n<p> Tekniska data:<\/p>\n<ul>\n<li> F\u00e4rg: Svart<\/li>\n<li> Material: Metall<\/li>\n<li> Totala dimensioner: 110L x 110B x 215H cm<\/li>\n<li> Inre utrymme: 190H cm<\/li>\n<li> Brickstorlek: 36L x 22B cm<\/li>\n<li> B\u00e4rf\u00f6rm\u00e5ga: 120 kg (totalt), 5 kg (bricka)<\/li>\n<\/ul>\n<p>Leveransinneh\u00e5ll:<\/p>\n<ul>\n<li> 1 x H\u00e4ngstolsstativ<\/li>\n<li> Kedja &amp; fj\u00e4derkrok<\/li>\n<li> 1 x Instruktioner<\/li>\n<\/ul>\n","protected":false},"excerpt":{"rendered":"<p>Vill du ha en h\u00e4ngstol, men har ingen l\u00e4mplig plats att h\u00e4nga upp den? Med h\u00e4ngstolsstativet fr\u00e5n [BRAND NAME] beh\u00f6ver&#8230;<\/p>\n","protected":false},"featured_media":100604,"template":"","meta":[],"product_brand":[],"product_cat":[460,858,450],"product_tag":[],"class_list":{"0":"post-100616","1":"product","2":"type-product","3":"status-publish","4":"has-post-thumbnail","6":"product_cat-hangmattor-hangstolar","7":"product_cat-tradgard-terrass","8":"product_cat-tradgardsmobler","10":"first","11":"instock","12":"sale","13":"taxable","14":"shipping-taxable","15":"purchasable","16":"product-type-simple"},"yoast_head":"<!-- This site is optimized with the Yoast SEO plugin v25.4 - https:\/\/yoast.com\/wordpress\/plugins\/seo\/ -->\n<title>TRUUSK Stativ f\u00f6r h\u00e4ngstol i X-form - Metallstativ med fj\u00e4derkrok - Maxvikt 120kg - Svart - TRUUSK - Hem, Tr\u00e4dg\u00e5rd &amp; Fritid<\/title>\n<meta name=\"robots\" content=\"index, follow, max-snippet:-1, max-image-preview:large, max-video-preview:-1\" \/>\n<link rel=\"canonical\" href=\"https:\/\/truusk.store\/sv\/produkt\/truusk-stativ-for-hangstol-i-x-form-metallstativ-med-fjaderkrok-maxvikt-120kg-svart\/\" \/>\n<meta property=\"og:locale\" content=\"sv_SE\" \/>\n<meta property=\"og:type\" content=\"article\" \/>\n<meta property=\"og:title\" content=\"TRUUSK Stativ f\u00f6r h\u00e4ngstol i X-form - Metallstativ med fj\u00e4derkrok - Maxvikt 120kg - Svart - TRUUSK - Hem, Tr\u00e4dg\u00e5rd &amp; Fritid\" \/>\n<meta property=\"og:description\" content=\"Vill du ha en h\u00e4ngstol, men har ingen l\u00e4mplig plats att h\u00e4nga upp den? Med h\u00e4ngstolsstativet fr\u00e5n [BRAND NAME] beh\u00f6ver...\" \/>\n<meta property=\"og:url\" content=\"https:\/\/truusk.store\/sv\/produkt\/truusk-stativ-for-hangstol-i-x-form-metallstativ-med-fjaderkrok-maxvikt-120kg-svart\/\" \/>\n<meta property=\"og:site_name\" content=\"TRUUSK - Hem, Tr\u00e4dg\u00e5rd &amp; Fritid\" \/>\n<meta property=\"article:modified_time\" content=\"2026-03-12T08:01:05+00:00\" \/>\n<meta property=\"og:image\" content=\"https:\/\/i0.wp.com\/truusk.se\/wp-content\/uploads\/2026\/01\/stativ-for-hangstol-i-x-form-metallstativ-med-fjaderkrok-bricka-bas-upp-till-120kg-svart-1.webp?fit=2000%2C2000&ssl=1\" \/>\n\t<meta property=\"og:image:width\" content=\"2000\" \/>\n\t<meta property=\"og:image:height\" content=\"2000\" \/>\n\t<meta property=\"og:image:type\" content=\"image\/webp\" \/>\n<meta name=\"twitter:card\" content=\"summary_large_image\" \/>\n<meta name=\"twitter:label1\" content=\"Ber\u00e4knad l\u00e4stid\" \/>\n\t<meta name=\"twitter:data1\" content=\"1 minut\" \/>\n<!-- \/ Yoast SEO plugin. -->","yoast_head_json":{"title":"TRUUSK Stativ f\u00f6r h\u00e4ngstol i X-form - Metallstativ med fj\u00e4derkrok - Maxvikt 120kg - Svart - TRUUSK - Hem, Tr\u00e4dg\u00e5rd &amp; Fritid","robots":{"index":"index","follow":"follow","max-snippet":"max-snippet:-1","max-image-preview":"max-image-preview:large","max-video-preview":"max-video-preview:-1"},"canonical":"https:\/\/truusk.store\/sv\/produkt\/truusk-stativ-for-hangstol-i-x-form-metallstativ-med-fjaderkrok-maxvikt-120kg-svart\/","og_locale":"sv_SE","og_type":"article","og_title":"TRUUSK Stativ f\u00f6r h\u00e4ngstol i X-form - Metallstativ med fj\u00e4derkrok - Maxvikt 120kg - Svart - TRUUSK - Hem, Tr\u00e4dg\u00e5rd &amp; Fritid","og_description":"Vill du ha en h\u00e4ngstol, men har ingen l\u00e4mplig plats att h\u00e4nga upp den? Med h\u00e4ngstolsstativet fr\u00e5n [BRAND NAME] beh\u00f6ver...","og_url":"https:\/\/truusk.store\/sv\/produkt\/truusk-stativ-for-hangstol-i-x-form-metallstativ-med-fjaderkrok-maxvikt-120kg-svart\/","og_site_name":"TRUUSK - Hem, Tr\u00e4dg\u00e5rd &amp; Fritid","article_modified_time":"2026-03-12T08:01:05+00:00","og_image":[{"width":2000,"height":2000,"url":"https:\/\/i0.wp.com\/truusk.se\/wp-content\/uploads\/2026\/01\/stativ-for-hangstol-i-x-form-metallstativ-med-fjaderkrok-bricka-bas-upp-till-120kg-svart-1.webp?fit=2000%2C2000&ssl=1","type":"image\/webp"}],"twitter_card":"summary_large_image","twitter_misc":{"Ber\u00e4knad l\u00e4stid":"1 minut"},"schema":{"@context":"https:\/\/schema.org","@graph":[{"@type":"WebPage","@id":"https:\/\/truusk.store\/sv\/produkt\/truusk-stativ-for-hangstol-i-x-form-metallstativ-med-fjaderkrok-maxvikt-120kg-svart\/","url":"https:\/\/truusk.store\/sv\/produkt\/truusk-stativ-for-hangstol-i-x-form-metallstativ-med-fjaderkrok-maxvikt-120kg-svart\/","name":"TRUUSK Stativ f\u00f6r h\u00e4ngstol i X-form - Metallstativ med fj\u00e4derkrok - Maxvikt 120kg - Svart - TRUUSK - Hem, Tr\u00e4dg\u00e5rd &amp; Fritid","isPartOf":{"@id":"https:\/\/truusk.store\/sv\/#website"},"primaryImageOfPage":{"@id":"https:\/\/truusk.store\/sv\/produkt\/truusk-stativ-for-hangstol-i-x-form-metallstativ-med-fjaderkrok-maxvikt-120kg-svart\/#primaryimage"},"image":{"@id":"https:\/\/truusk.store\/sv\/produkt\/truusk-stativ-for-hangstol-i-x-form-metallstativ-med-fjaderkrok-maxvikt-120kg-svart\/#primaryimage"},"thumbnailUrl":"https:\/\/i0.wp.com\/truusk.store\/wp-content\/uploads\/2026\/01\/stativ-for-hangstol-i-x-form-metallstativ-med-fjaderkrok-bricka-bas-upp-till-120kg-svart-1.webp?fit=2000%2C2000&ssl=1","datePublished":"2026-01-28T02:57:58+00:00","dateModified":"2026-03-12T08:01:05+00:00","breadcrumb":{"@id":"https:\/\/truusk.store\/sv\/produkt\/truusk-stativ-for-hangstol-i-x-form-metallstativ-med-fjaderkrok-maxvikt-120kg-svart\/#breadcrumb"},"inLanguage":"sv-SE","potentialAction":[{"@type":"ReadAction","target":["https:\/\/truusk.store\/sv\/produkt\/truusk-stativ-for-hangstol-i-x-form-metallstativ-med-fjaderkrok-maxvikt-120kg-svart\/"]}]},{"@type":"ImageObject","inLanguage":"sv-SE","@id":"https:\/\/truusk.store\/sv\/produkt\/truusk-stativ-for-hangstol-i-x-form-metallstativ-med-fjaderkrok-maxvikt-120kg-svart\/#primaryimage","url":"https:\/\/i0.wp.com\/truusk.store\/wp-content\/uploads\/2026\/01\/stativ-for-hangstol-i-x-form-metallstativ-med-fjaderkrok-bricka-bas-upp-till-120kg-svart-1.webp?fit=2000%2C2000&ssl=1","contentUrl":"https:\/\/i0.wp.com\/truusk.store\/wp-content\/uploads\/2026\/01\/stativ-for-hangstol-i-x-form-metallstativ-med-fjaderkrok-bricka-bas-upp-till-120kg-svart-1.webp?fit=2000%2C2000&ssl=1","width":2000,"height":2000},{"@type":"BreadcrumbList","@id":"https:\/\/truusk.store\/sv\/produkt\/truusk-stativ-for-hangstol-i-x-form-metallstativ-med-fjaderkrok-maxvikt-120kg-svart\/#breadcrumb","itemListElement":[{"@type":"ListItem","position":1,"name":"Home","item":"https:\/\/truusk.store\/sv\/"},{"@type":"ListItem","position":2,"name":"Shop","item":"https:\/\/truusk.store\/shop\/"},{"@type":"ListItem","position":3,"name":"TRUUSK Stativ f\u00f6r h\u00e4ngstol i X-form &#8211; Metallstativ med fj\u00e4derkrok &#8211; Maxvikt 120kg &#8211; Svart"}]},{"@type":"WebSite","@id":"https:\/\/truusk.store\/sv\/#website","url":"https:\/\/truusk.store\/sv\/","name":"TRUUSK - Hem, Tr\u00e4dg\u00e5rd & Fritid","description":"","publisher":{"@id":"https:\/\/truusk.store\/sv\/#organization"},"potentialAction":[{"@type":"SearchAction","target":{"@type":"EntryPoint","urlTemplate":"https:\/\/truusk.store\/sv\/?s={search_term_string}"},"query-input":{"@type":"PropertyValueSpecification","valueRequired":true,"valueName":"search_term_string"}}],"inLanguage":"sv-SE"},{"@type":"Organization","@id":"https:\/\/truusk.store\/sv\/#organization","name":"TRUUSK - Hem, Tr\u00e4dg\u00e5rd & Fritid","url":"https:\/\/truusk.store\/sv\/","logo":{"@type":"ImageObject","inLanguage":"sv-SE","@id":"https:\/\/truusk.store\/sv\/#\/schema\/logo\/image\/","url":"https:\/\/i0.wp.com\/truusk.store\/wp-content\/uploads\/2026\/03\/cropped-TRUUSK.png?fit=2032%2C917&ssl=1","contentUrl":"https:\/\/i0.wp.com\/truusk.store\/wp-content\/uploads\/2026\/03\/cropped-TRUUSK.png?fit=2032%2C917&ssl=1","width":2032,"height":917,"caption":"TRUUSK - Hem, Tr\u00e4dg\u00e5rd & Fritid"},"image":{"@id":"https:\/\/truusk.store\/sv\/#\/schema\/logo\/image\/"}}]}},"jetpack_sharing_enabled":true,"_links":{"self":[{"href":"https:\/\/truusk.store\/sv\/wp-json\/wp\/v2\/product\/100616","targetHints":{"allow":["GET"]}}],"collection":[{"href":"https:\/\/truusk.store\/sv\/wp-json\/wp\/v2\/product"}],"about":[{"href":"https:\/\/truusk.store\/sv\/wp-json\/wp\/v2\/types\/product"}],"wp:featuredmedia":[{"embeddable":true,"href":"https:\/\/truusk.store\/sv\/wp-json\/wp\/v2\/media\/100604"}],"wp:attachment":[{"href":"https:\/\/truusk.store\/sv\/wp-json\/wp\/v2\/media?parent=100616"}],"wp:term":[{"taxonomy":"product_brand","embeddable":true,"href":"https:\/\/truusk.store\/sv\/wp-json\/wp\/v2\/product_brand?post=100616"},{"taxonomy":"product_cat","embeddable":true,"href":"https:\/\/truusk.store\/sv\/wp-json\/wp\/v2\/product_cat?post=100616"},{"taxonomy":"product_tag","embeddable":true,"href":"https:\/\/truusk.store\/sv\/wp-json\/wp\/v2\/product_tag?post=100616"}],"curies":[{"name":"wp","href":"https:\/\/api.w.org\/{rel}","templated":true}]}}