{"id":100626,"date":"2026-01-28T04:01:17","date_gmt":"2026-01-28T03:01:17","guid":{"rendered":"https:\/\/truusk.store\/product\/stor-konstgjord-ormbunke-77-cm-konstvaxt-i-kruka-for-vardagsrum-present\/"},"modified":"2026-03-12T09:04:31","modified_gmt":"2026-03-12T08:04:31","slug":"truusk-stor-konstgjord-ormbunke-77-cm-konstvaxt-i-kruka-for-vardagsrum-present","status":"publish","type":"product","link":"https:\/\/truusk.store\/sv\/produkt\/truusk-stor-konstgjord-ormbunke-77-cm-konstvaxt-i-kruka-for-vardagsrum-present\/","title":{"rendered":"TRUUSK Stor Konstgjord Ormbunke 77 cm &#8211; Konstv\u00e4xt i Kruka &#8211; F\u00f6r Vardagsrum &#8211; Present"},"content":{"rendered":"<p>Denna st\u00e4ndigt gr\u00f6na, dekorativa b\u00e5ghampa-v\u00e4xt fr\u00e5n [BRAND NAME] ger ditt hem en naturlig touch, som i en park eller p\u00e5 f\u00e4ltet. De realistiska, flexibla grenarna p\u00e5 konstv\u00e4xten kan anpassas individuellt. L\u00e4tt att sk\u00f6ta och redan f\u00f6rplanterad, den \u00e4r redo att anv\u00e4ndas direkt och passar perfekt till alla inredningar &#8211; idealisk f\u00f6r inomhusbruk.<\/p>\n<p>Beskrivning:<\/p>\n<ul>\n<li> Vacker konstgjord dekorativ b\u00e5ghampa-v\u00e4xt med 21 realistiska blad<\/li>\n<li> Justerbara grenar p\u00e5 dekorationsv\u00e4xten med blad g\u00f6r det m\u00f6jligt f\u00f6r dig att enkelt anpassa tr\u00e4dets form<\/li>\n<li> L\u00e4mplig f\u00f6r vardagsrum, sovrum, hemmakontor och entr\u00e9er<\/li>\n<li> En viktad bas ger stabilitet och s\u00e4kerhet f\u00f6r barn och husdjur<\/li>\n<li> Njut av det st\u00e4ndigt gr\u00f6na utseendet \u00e5ret runt, helt underh\u00e5llsfritt<\/li>\n<li> Levereras helt monterad, redo f\u00f6r presentation<\/li>\n<\/ul>\n<p> Tekniska data:<\/p>\n<ul>\n<li> F\u00e4rg: Gr\u00f6n<\/li>\n<li> Material: PE, Cement<\/li>\n<li> Totala dimensioner: \u00d815 x 77H cm<\/li>\n<li> Kruka storlek: \u00d815 x 14H cm<\/li>\n<\/ul>\n<p>Leveransinneh\u00e5ll:<\/p>\n<ul>\n<li> 1 x Konstgjord ormbunke;<\/li>\n<\/ul>\n","protected":false},"excerpt":{"rendered":"<p>Denna st\u00e4ndigt gr\u00f6na, dekorativa b\u00e5ghampa-v\u00e4xt fr\u00e5n [BRAND NAME] ger ditt hem en naturlig touch, som i en park eller p\u00e5&#8230;<\/p>\n","protected":false},"featured_media":100617,"template":"","meta":[],"product_brand":[],"product_cat":[962,871,681],"product_tag":[],"class_list":{"0":"post-100626","1":"product","2":"type-product","3":"status-publish","4":"has-post-thumbnail","6":"product_cat-dekoration","7":"product_cat-hus-hem","8":"product_cat-konstgjorda-vaxter","10":"first","11":"instock","12":"sale","13":"taxable","14":"shipping-taxable","15":"purchasable","16":"product-type-simple"},"yoast_head":"<!-- This site is optimized with the Yoast SEO plugin v25.4 - https:\/\/yoast.com\/wordpress\/plugins\/seo\/ -->\n<title>TRUUSK Stor Konstgjord Ormbunke 77 cm - Konstv\u00e4xt i Kruka - F\u00f6r Vardagsrum - Present - TRUUSK - Hem, Tr\u00e4dg\u00e5rd &amp; Fritid<\/title>\n<meta name=\"robots\" content=\"index, follow, max-snippet:-1, max-image-preview:large, max-video-preview:-1\" \/>\n<link rel=\"canonical\" href=\"https:\/\/truusk.store\/sv\/produkt\/truusk-stor-konstgjord-ormbunke-77-cm-konstvaxt-i-kruka-for-vardagsrum-present\/\" \/>\n<meta property=\"og:locale\" content=\"sv_SE\" \/>\n<meta property=\"og:type\" content=\"article\" \/>\n<meta property=\"og:title\" content=\"TRUUSK Stor Konstgjord Ormbunke 77 cm - Konstv\u00e4xt i Kruka - F\u00f6r Vardagsrum - Present - TRUUSK - Hem, Tr\u00e4dg\u00e5rd &amp; Fritid\" \/>\n<meta property=\"og:description\" content=\"Denna st\u00e4ndigt gr\u00f6na, dekorativa b\u00e5ghampa-v\u00e4xt fr\u00e5n [BRAND NAME] ger ditt hem en naturlig touch, som i en park eller p\u00e5...\" \/>\n<meta property=\"og:url\" content=\"https:\/\/truusk.store\/sv\/produkt\/truusk-stor-konstgjord-ormbunke-77-cm-konstvaxt-i-kruka-for-vardagsrum-present\/\" \/>\n<meta property=\"og:site_name\" content=\"TRUUSK - Hem, Tr\u00e4dg\u00e5rd &amp; Fritid\" \/>\n<meta property=\"article:modified_time\" content=\"2026-03-12T08:04:31+00:00\" \/>\n<meta property=\"og:image\" content=\"https:\/\/i0.wp.com\/truusk.se\/wp-content\/uploads\/2026\/01\/stor-konstgjord-ormbunke-77-cm-konstvaxt-i-kruka-for-vardagsrum-present-1.webp?fit=2000%2C2000&ssl=1\" \/>\n\t<meta property=\"og:image:width\" content=\"2000\" \/>\n\t<meta property=\"og:image:height\" content=\"2000\" \/>\n\t<meta property=\"og:image:type\" content=\"image\/webp\" \/>\n<meta name=\"twitter:card\" content=\"summary_large_image\" \/>\n<meta name=\"twitter:label1\" content=\"Ber\u00e4knad l\u00e4stid\" \/>\n\t<meta name=\"twitter:data1\" content=\"1 minut\" \/>\n<!-- \/ Yoast SEO plugin. -->","yoast_head_json":{"title":"TRUUSK Stor Konstgjord Ormbunke 77 cm - Konstv\u00e4xt i Kruka - F\u00f6r Vardagsrum - Present - TRUUSK - Hem, Tr\u00e4dg\u00e5rd &amp; Fritid","robots":{"index":"index","follow":"follow","max-snippet":"max-snippet:-1","max-image-preview":"max-image-preview:large","max-video-preview":"max-video-preview:-1"},"canonical":"https:\/\/truusk.store\/sv\/produkt\/truusk-stor-konstgjord-ormbunke-77-cm-konstvaxt-i-kruka-for-vardagsrum-present\/","og_locale":"sv_SE","og_type":"article","og_title":"TRUUSK Stor Konstgjord Ormbunke 77 cm - Konstv\u00e4xt i Kruka - F\u00f6r Vardagsrum - Present - TRUUSK - Hem, Tr\u00e4dg\u00e5rd &amp; Fritid","og_description":"Denna st\u00e4ndigt gr\u00f6na, dekorativa b\u00e5ghampa-v\u00e4xt fr\u00e5n [BRAND NAME] ger ditt hem en naturlig touch, som i en park eller p\u00e5...","og_url":"https:\/\/truusk.store\/sv\/produkt\/truusk-stor-konstgjord-ormbunke-77-cm-konstvaxt-i-kruka-for-vardagsrum-present\/","og_site_name":"TRUUSK - Hem, Tr\u00e4dg\u00e5rd &amp; Fritid","article_modified_time":"2026-03-12T08:04:31+00:00","og_image":[{"width":2000,"height":2000,"url":"https:\/\/i0.wp.com\/truusk.se\/wp-content\/uploads\/2026\/01\/stor-konstgjord-ormbunke-77-cm-konstvaxt-i-kruka-for-vardagsrum-present-1.webp?fit=2000%2C2000&ssl=1","type":"image\/webp"}],"twitter_card":"summary_large_image","twitter_misc":{"Ber\u00e4knad l\u00e4stid":"1 minut"},"schema":{"@context":"https:\/\/schema.org","@graph":[{"@type":"WebPage","@id":"https:\/\/truusk.store\/sv\/produkt\/truusk-stor-konstgjord-ormbunke-77-cm-konstvaxt-i-kruka-for-vardagsrum-present\/","url":"https:\/\/truusk.store\/sv\/produkt\/truusk-stor-konstgjord-ormbunke-77-cm-konstvaxt-i-kruka-for-vardagsrum-present\/","name":"TRUUSK Stor Konstgjord Ormbunke 77 cm - Konstv\u00e4xt i Kruka - F\u00f6r Vardagsrum - Present - TRUUSK - Hem, Tr\u00e4dg\u00e5rd &amp; Fritid","isPartOf":{"@id":"https:\/\/truusk.store\/sv\/#website"},"primaryImageOfPage":{"@id":"https:\/\/truusk.store\/sv\/produkt\/truusk-stor-konstgjord-ormbunke-77-cm-konstvaxt-i-kruka-for-vardagsrum-present\/#primaryimage"},"image":{"@id":"https:\/\/truusk.store\/sv\/produkt\/truusk-stor-konstgjord-ormbunke-77-cm-konstvaxt-i-kruka-for-vardagsrum-present\/#primaryimage"},"thumbnailUrl":"https:\/\/i0.wp.com\/truusk.store\/wp-content\/uploads\/2026\/01\/stor-konstgjord-ormbunke-77-cm-konstvaxt-i-kruka-for-vardagsrum-present-1.webp?fit=2000%2C2000&ssl=1","datePublished":"2026-01-28T03:01:17+00:00","dateModified":"2026-03-12T08:04:31+00:00","breadcrumb":{"@id":"https:\/\/truusk.store\/sv\/produkt\/truusk-stor-konstgjord-ormbunke-77-cm-konstvaxt-i-kruka-for-vardagsrum-present\/#breadcrumb"},"inLanguage":"sv-SE","potentialAction":[{"@type":"ReadAction","target":["https:\/\/truusk.store\/sv\/produkt\/truusk-stor-konstgjord-ormbunke-77-cm-konstvaxt-i-kruka-for-vardagsrum-present\/"]}]},{"@type":"ImageObject","inLanguage":"sv-SE","@id":"https:\/\/truusk.store\/sv\/produkt\/truusk-stor-konstgjord-ormbunke-77-cm-konstvaxt-i-kruka-for-vardagsrum-present\/#primaryimage","url":"https:\/\/i0.wp.com\/truusk.store\/wp-content\/uploads\/2026\/01\/stor-konstgjord-ormbunke-77-cm-konstvaxt-i-kruka-for-vardagsrum-present-1.webp?fit=2000%2C2000&ssl=1","contentUrl":"https:\/\/i0.wp.com\/truusk.store\/wp-content\/uploads\/2026\/01\/stor-konstgjord-ormbunke-77-cm-konstvaxt-i-kruka-for-vardagsrum-present-1.webp?fit=2000%2C2000&ssl=1","width":2000,"height":2000},{"@type":"BreadcrumbList","@id":"https:\/\/truusk.store\/sv\/produkt\/truusk-stor-konstgjord-ormbunke-77-cm-konstvaxt-i-kruka-for-vardagsrum-present\/#breadcrumb","itemListElement":[{"@type":"ListItem","position":1,"name":"Home","item":"https:\/\/truusk.store\/sv\/"},{"@type":"ListItem","position":2,"name":"Shop","item":"https:\/\/truusk.store\/shop\/"},{"@type":"ListItem","position":3,"name":"TRUUSK Stor Konstgjord Ormbunke 77 cm &#8211; Konstv\u00e4xt i Kruka &#8211; F\u00f6r Vardagsrum &#8211; Present"}]},{"@type":"WebSite","@id":"https:\/\/truusk.store\/sv\/#website","url":"https:\/\/truusk.store\/sv\/","name":"TRUUSK - Hem, Tr\u00e4dg\u00e5rd & Fritid","description":"","publisher":{"@id":"https:\/\/truusk.store\/sv\/#organization"},"potentialAction":[{"@type":"SearchAction","target":{"@type":"EntryPoint","urlTemplate":"https:\/\/truusk.store\/sv\/?s={search_term_string}"},"query-input":{"@type":"PropertyValueSpecification","valueRequired":true,"valueName":"search_term_string"}}],"inLanguage":"sv-SE"},{"@type":"Organization","@id":"https:\/\/truusk.store\/sv\/#organization","name":"TRUUSK - Hem, Tr\u00e4dg\u00e5rd & Fritid","url":"https:\/\/truusk.store\/sv\/","logo":{"@type":"ImageObject","inLanguage":"sv-SE","@id":"https:\/\/truusk.store\/sv\/#\/schema\/logo\/image\/","url":"https:\/\/i0.wp.com\/truusk.store\/wp-content\/uploads\/2026\/03\/cropped-TRUUSK.png?fit=2032%2C917&ssl=1","contentUrl":"https:\/\/i0.wp.com\/truusk.store\/wp-content\/uploads\/2026\/03\/cropped-TRUUSK.png?fit=2032%2C917&ssl=1","width":2032,"height":917,"caption":"TRUUSK - Hem, Tr\u00e4dg\u00e5rd & Fritid"},"image":{"@id":"https:\/\/truusk.store\/sv\/#\/schema\/logo\/image\/"}}]}},"jetpack_sharing_enabled":true,"_links":{"self":[{"href":"https:\/\/truusk.store\/sv\/wp-json\/wp\/v2\/product\/100626","targetHints":{"allow":["GET"]}}],"collection":[{"href":"https:\/\/truusk.store\/sv\/wp-json\/wp\/v2\/product"}],"about":[{"href":"https:\/\/truusk.store\/sv\/wp-json\/wp\/v2\/types\/product"}],"wp:featuredmedia":[{"embeddable":true,"href":"https:\/\/truusk.store\/sv\/wp-json\/wp\/v2\/media\/100617"}],"wp:attachment":[{"href":"https:\/\/truusk.store\/sv\/wp-json\/wp\/v2\/media?parent=100626"}],"wp:term":[{"taxonomy":"product_brand","embeddable":true,"href":"https:\/\/truusk.store\/sv\/wp-json\/wp\/v2\/product_brand?post=100626"},{"taxonomy":"product_cat","embeddable":true,"href":"https:\/\/truusk.store\/sv\/wp-json\/wp\/v2\/product_cat?post=100626"},{"taxonomy":"product_tag","embeddable":true,"href":"https:\/\/truusk.store\/sv\/wp-json\/wp\/v2\/product_tag?post=100626"}],"curies":[{"name":"wp","href":"https:\/\/api.w.org\/{rel}","templated":true}]}}