{"id":100636,"date":"2026-01-28T04:02:27","date_gmt":"2026-01-28T03:02:27","guid":{"rendered":"https:\/\/truusk.store\/product\/praktisk-grasrulle-grasrulle-grasrulle-tradgardsrulle-flexibel-stal-58l-x-325b-x-113h-cm-morkgron\/"},"modified":"2026-03-12T09:05:09","modified_gmt":"2026-03-12T08:05:09","slug":"truusk-flexibel-grasrulle-for-tradgarden-stalram-58l-x-325b-x-113h-cm-morkgron","status":"publish","type":"product","link":"https:\/\/truusk.store\/sv\/produkt\/truusk-flexibel-grasrulle-for-tradgarden-stalram-58l-x-325b-x-113h-cm-morkgron\/","title":{"rendered":"TRUUSK Flexibel Gr\u00e4srulle f\u00f6r Tr\u00e4dg\u00e5rden &#8211; St\u00e5lram &#8211; 58L X 32,5B X 113H cm &#8211; M\u00f6rkgr\u00f6n"},"content":{"rendered":"<p>F\u00f6r effektiv utj\u00e4mning av gr\u00e4smattan efter s\u00e5dd \u00e4r denna tr\u00e4dg\u00e5rdsrulle fr\u00e5n [BRAND NAME] ideal. Den \u00e4r tillverkad av robust st\u00e5l och har en skyddande bel\u00e4ggning. Den fyllbara gr\u00e4srullen rymmer upp till 38 liter vatten eller sand och kan fyllas upp till 62 kg f\u00f6r att j\u00e4mna ut gr\u00e4smattan efter \u00f6nskem\u00e5l. Tack vare det l\u00e5nga, U-formade handtaget kan den enkelt skjutas och dras.<\/p>\n<p>Beskrivning:<\/p>\n<ul>\n<li> Tr\u00e4dg\u00e5rdsrullen erbjuder m\u00e5ngsidig rullning i tr\u00e5nga omr\u00e5den och \u00f6ppna ytor<\/li>\n<li> Idealisk f\u00f6r nyskurna gr\u00e4sytor och oj\u00e4mna st\u00e4llen som orsakats av frost eller mullvadar<\/li>\n<li> Bekv\u00e4mt U-format handtag p\u00e5 tr\u00e4dg\u00e5rdsrullen, som l\u00e4tt kan delas i tv\u00e5 delar f\u00f6r enkel f\u00f6rvaring<\/li>\n<li> Cylinder med rundade kanter p\u00e5 tr\u00e4dg\u00e5rdsrullen f\u00f6r en smidig, l\u00e4tt rullning<\/li>\n<li> Montering kr\u00e4vs<\/li>\n<\/ul>\n<p> Tekniska data:<\/p>\n<ul>\n<li> F\u00e4rg: M\u00f6rkgr\u00f6n<\/li>\n<li> Material: St\u00e5l, metall<\/li>\n<li> Totala dimensioner: 58L x 32,5B x 113H cm<\/li>\n<li> Storlek p\u00e5 rullen: \u00d832 x 50L cm<\/li>\n<li> Kapacitet p\u00e5 rullen: 38 liter<\/li>\n<li> Storlek p\u00e5 luckan: 59L x 4,2B cm<\/li>\n<\/ul>\n<p>Ing\u00e5r i leveransen:<\/p>\n<ul>\n<li> 1 x Gr\u00e4srulle<\/li>\n<li> 1 x Monteringsanvisning<\/li>\n<\/ul>\n","protected":false},"excerpt":{"rendered":"<p>F\u00f6r effektiv utj\u00e4mning av gr\u00e4smattan efter s\u00e5dd \u00e4r denna tr\u00e4dg\u00e5rdsrulle fr\u00e5n [BRAND NAME] ideal. Den \u00e4r tillverkad av robust st\u00e5l&#8230;<\/p>\n","protected":false},"featured_media":100627,"template":"","meta":[],"product_brand":[],"product_cat":[858,1073,443],"product_tag":[],"class_list":{"0":"post-100636","1":"product","2":"type-product","3":"status-publish","4":"has-post-thumbnail","6":"product_cat-tradgard-terrass","7":"product_cat-tradgardsvard","8":"product_cat-vaxthus-tradgardsskotsel","10":"first","11":"instock","12":"sale","13":"taxable","14":"shipping-taxable","15":"purchasable","16":"product-type-simple"},"yoast_head":"<!-- This site is optimized with the Yoast SEO plugin v25.4 - https:\/\/yoast.com\/wordpress\/plugins\/seo\/ -->\n<title>TRUUSK Flexibel Gr\u00e4srulle f\u00f6r Tr\u00e4dg\u00e5rden - St\u00e5lram - 58L X 32,5B X 113H cm - M\u00f6rkgr\u00f6n - TRUUSK - Hem, Tr\u00e4dg\u00e5rd &amp; Fritid<\/title>\n<meta name=\"robots\" content=\"index, follow, max-snippet:-1, max-image-preview:large, max-video-preview:-1\" \/>\n<link rel=\"canonical\" href=\"https:\/\/truusk.store\/sv\/produkt\/truusk-flexibel-grasrulle-for-tradgarden-stalram-58l-x-325b-x-113h-cm-morkgron\/\" \/>\n<meta property=\"og:locale\" content=\"sv_SE\" \/>\n<meta property=\"og:type\" content=\"article\" \/>\n<meta property=\"og:title\" content=\"TRUUSK Flexibel Gr\u00e4srulle f\u00f6r Tr\u00e4dg\u00e5rden - St\u00e5lram - 58L X 32,5B X 113H cm - M\u00f6rkgr\u00f6n - TRUUSK - Hem, Tr\u00e4dg\u00e5rd &amp; Fritid\" \/>\n<meta property=\"og:description\" content=\"F\u00f6r effektiv utj\u00e4mning av gr\u00e4smattan efter s\u00e5dd \u00e4r denna tr\u00e4dg\u00e5rdsrulle fr\u00e5n [BRAND NAME] ideal. Den \u00e4r tillverkad av robust st\u00e5l...\" \/>\n<meta property=\"og:url\" content=\"https:\/\/truusk.store\/sv\/produkt\/truusk-flexibel-grasrulle-for-tradgarden-stalram-58l-x-325b-x-113h-cm-morkgron\/\" \/>\n<meta property=\"og:site_name\" content=\"TRUUSK - Hem, Tr\u00e4dg\u00e5rd &amp; Fritid\" \/>\n<meta property=\"article:modified_time\" content=\"2026-03-12T08:05:09+00:00\" \/>\n<meta property=\"og:image\" content=\"https:\/\/i0.wp.com\/truusk.se\/wp-content\/uploads\/2026\/01\/praktisk-grasrulle-grasrulle-grasrulle-tradgardsrulle-flexibel-stal-58l-x-325b-x-113h-cm-morkgron-1.webp?fit=2000%2C2000&ssl=1\" \/>\n\t<meta property=\"og:image:width\" content=\"2000\" \/>\n\t<meta property=\"og:image:height\" content=\"2000\" \/>\n\t<meta property=\"og:image:type\" content=\"image\/webp\" \/>\n<meta name=\"twitter:card\" content=\"summary_large_image\" \/>\n<meta name=\"twitter:label1\" content=\"Ber\u00e4knad l\u00e4stid\" \/>\n\t<meta name=\"twitter:data1\" content=\"1 minut\" \/>\n<!-- \/ Yoast SEO plugin. -->","yoast_head_json":{"title":"TRUUSK Flexibel Gr\u00e4srulle f\u00f6r Tr\u00e4dg\u00e5rden - St\u00e5lram - 58L X 32,5B X 113H cm - M\u00f6rkgr\u00f6n - TRUUSK - Hem, Tr\u00e4dg\u00e5rd &amp; Fritid","robots":{"index":"index","follow":"follow","max-snippet":"max-snippet:-1","max-image-preview":"max-image-preview:large","max-video-preview":"max-video-preview:-1"},"canonical":"https:\/\/truusk.store\/sv\/produkt\/truusk-flexibel-grasrulle-for-tradgarden-stalram-58l-x-325b-x-113h-cm-morkgron\/","og_locale":"sv_SE","og_type":"article","og_title":"TRUUSK Flexibel Gr\u00e4srulle f\u00f6r Tr\u00e4dg\u00e5rden - St\u00e5lram - 58L X 32,5B X 113H cm - M\u00f6rkgr\u00f6n - TRUUSK - Hem, Tr\u00e4dg\u00e5rd &amp; Fritid","og_description":"F\u00f6r effektiv utj\u00e4mning av gr\u00e4smattan efter s\u00e5dd \u00e4r denna tr\u00e4dg\u00e5rdsrulle fr\u00e5n [BRAND NAME] ideal. Den \u00e4r tillverkad av robust st\u00e5l...","og_url":"https:\/\/truusk.store\/sv\/produkt\/truusk-flexibel-grasrulle-for-tradgarden-stalram-58l-x-325b-x-113h-cm-morkgron\/","og_site_name":"TRUUSK - Hem, Tr\u00e4dg\u00e5rd &amp; Fritid","article_modified_time":"2026-03-12T08:05:09+00:00","og_image":[{"width":2000,"height":2000,"url":"https:\/\/i0.wp.com\/truusk.se\/wp-content\/uploads\/2026\/01\/praktisk-grasrulle-grasrulle-grasrulle-tradgardsrulle-flexibel-stal-58l-x-325b-x-113h-cm-morkgron-1.webp?fit=2000%2C2000&ssl=1","type":"image\/webp"}],"twitter_card":"summary_large_image","twitter_misc":{"Ber\u00e4knad l\u00e4stid":"1 minut"},"schema":{"@context":"https:\/\/schema.org","@graph":[{"@type":"WebPage","@id":"https:\/\/truusk.store\/sv\/produkt\/truusk-flexibel-grasrulle-for-tradgarden-stalram-58l-x-325b-x-113h-cm-morkgron\/","url":"https:\/\/truusk.store\/sv\/produkt\/truusk-flexibel-grasrulle-for-tradgarden-stalram-58l-x-325b-x-113h-cm-morkgron\/","name":"TRUUSK Flexibel Gr\u00e4srulle f\u00f6r Tr\u00e4dg\u00e5rden - St\u00e5lram - 58L X 32,5B X 113H cm - M\u00f6rkgr\u00f6n - TRUUSK - Hem, Tr\u00e4dg\u00e5rd &amp; Fritid","isPartOf":{"@id":"https:\/\/truusk.store\/sv\/#website"},"primaryImageOfPage":{"@id":"https:\/\/truusk.store\/sv\/produkt\/truusk-flexibel-grasrulle-for-tradgarden-stalram-58l-x-325b-x-113h-cm-morkgron\/#primaryimage"},"image":{"@id":"https:\/\/truusk.store\/sv\/produkt\/truusk-flexibel-grasrulle-for-tradgarden-stalram-58l-x-325b-x-113h-cm-morkgron\/#primaryimage"},"thumbnailUrl":"https:\/\/i0.wp.com\/truusk.store\/wp-content\/uploads\/2026\/01\/praktisk-grasrulle-grasrulle-grasrulle-tradgardsrulle-flexibel-stal-58l-x-325b-x-113h-cm-morkgron-1.webp?fit=2000%2C2000&ssl=1","datePublished":"2026-01-28T03:02:27+00:00","dateModified":"2026-03-12T08:05:09+00:00","breadcrumb":{"@id":"https:\/\/truusk.store\/sv\/produkt\/truusk-flexibel-grasrulle-for-tradgarden-stalram-58l-x-325b-x-113h-cm-morkgron\/#breadcrumb"},"inLanguage":"sv-SE","potentialAction":[{"@type":"ReadAction","target":["https:\/\/truusk.store\/sv\/produkt\/truusk-flexibel-grasrulle-for-tradgarden-stalram-58l-x-325b-x-113h-cm-morkgron\/"]}]},{"@type":"ImageObject","inLanguage":"sv-SE","@id":"https:\/\/truusk.store\/sv\/produkt\/truusk-flexibel-grasrulle-for-tradgarden-stalram-58l-x-325b-x-113h-cm-morkgron\/#primaryimage","url":"https:\/\/i0.wp.com\/truusk.store\/wp-content\/uploads\/2026\/01\/praktisk-grasrulle-grasrulle-grasrulle-tradgardsrulle-flexibel-stal-58l-x-325b-x-113h-cm-morkgron-1.webp?fit=2000%2C2000&ssl=1","contentUrl":"https:\/\/i0.wp.com\/truusk.store\/wp-content\/uploads\/2026\/01\/praktisk-grasrulle-grasrulle-grasrulle-tradgardsrulle-flexibel-stal-58l-x-325b-x-113h-cm-morkgron-1.webp?fit=2000%2C2000&ssl=1","width":2000,"height":2000},{"@type":"BreadcrumbList","@id":"https:\/\/truusk.store\/sv\/produkt\/truusk-flexibel-grasrulle-for-tradgarden-stalram-58l-x-325b-x-113h-cm-morkgron\/#breadcrumb","itemListElement":[{"@type":"ListItem","position":1,"name":"Home","item":"https:\/\/truusk.store\/sv\/"},{"@type":"ListItem","position":2,"name":"Shop","item":"https:\/\/truusk.store\/shop\/"},{"@type":"ListItem","position":3,"name":"TRUUSK Flexibel Gr\u00e4srulle f\u00f6r Tr\u00e4dg\u00e5rden &#8211; St\u00e5lram &#8211; 58L X 32,5B X 113H cm &#8211; M\u00f6rkgr\u00f6n"}]},{"@type":"WebSite","@id":"https:\/\/truusk.store\/sv\/#website","url":"https:\/\/truusk.store\/sv\/","name":"TRUUSK - Hem, Tr\u00e4dg\u00e5rd & Fritid","description":"","publisher":{"@id":"https:\/\/truusk.store\/sv\/#organization"},"potentialAction":[{"@type":"SearchAction","target":{"@type":"EntryPoint","urlTemplate":"https:\/\/truusk.store\/sv\/?s={search_term_string}"},"query-input":{"@type":"PropertyValueSpecification","valueRequired":true,"valueName":"search_term_string"}}],"inLanguage":"sv-SE"},{"@type":"Organization","@id":"https:\/\/truusk.store\/sv\/#organization","name":"TRUUSK - Hem, Tr\u00e4dg\u00e5rd & Fritid","url":"https:\/\/truusk.store\/sv\/","logo":{"@type":"ImageObject","inLanguage":"sv-SE","@id":"https:\/\/truusk.store\/sv\/#\/schema\/logo\/image\/","url":"https:\/\/i0.wp.com\/truusk.store\/wp-content\/uploads\/2026\/03\/cropped-TRUUSK.png?fit=2032%2C917&ssl=1","contentUrl":"https:\/\/i0.wp.com\/truusk.store\/wp-content\/uploads\/2026\/03\/cropped-TRUUSK.png?fit=2032%2C917&ssl=1","width":2032,"height":917,"caption":"TRUUSK - Hem, Tr\u00e4dg\u00e5rd & Fritid"},"image":{"@id":"https:\/\/truusk.store\/sv\/#\/schema\/logo\/image\/"}}]}},"jetpack_sharing_enabled":true,"_links":{"self":[{"href":"https:\/\/truusk.store\/sv\/wp-json\/wp\/v2\/product\/100636","targetHints":{"allow":["GET"]}}],"collection":[{"href":"https:\/\/truusk.store\/sv\/wp-json\/wp\/v2\/product"}],"about":[{"href":"https:\/\/truusk.store\/sv\/wp-json\/wp\/v2\/types\/product"}],"wp:featuredmedia":[{"embeddable":true,"href":"https:\/\/truusk.store\/sv\/wp-json\/wp\/v2\/media\/100627"}],"wp:attachment":[{"href":"https:\/\/truusk.store\/sv\/wp-json\/wp\/v2\/media?parent=100636"}],"wp:term":[{"taxonomy":"product_brand","embeddable":true,"href":"https:\/\/truusk.store\/sv\/wp-json\/wp\/v2\/product_brand?post=100636"},{"taxonomy":"product_cat","embeddable":true,"href":"https:\/\/truusk.store\/sv\/wp-json\/wp\/v2\/product_cat?post=100636"},{"taxonomy":"product_tag","embeddable":true,"href":"https:\/\/truusk.store\/sv\/wp-json\/wp\/v2\/product_tag?post=100636"}],"curies":[{"name":"wp","href":"https:\/\/api.w.org\/{rel}","templated":true}]}}