{"id":100656,"date":"2026-01-28T04:05:50","date_gmt":"2026-01-28T03:05:50","guid":{"rendered":"https:\/\/truusk.store\/product\/sang-165-x-207-cm-sangram-med-lamellbotten-av-stal-under-sangforvaring-dubbelsang-svart\/"},"modified":"2026-03-12T09:06:38","modified_gmt":"2026-03-12T08:06:38","slug":"truusk-dubbelsang-165x207-cm-stalram-med-lamellbotten-under-sangforvaring-svart","status":"publish","type":"product","link":"https:\/\/truusk.store\/sv\/produkt\/truusk-dubbelsang-165x207-cm-stalram-med-lamellbotten-under-sangforvaring-svart\/","title":{"rendered":"TRUUSK Dubbels\u00e4ng 165&#215;207 cm &#8211; St\u00e5lram med lamellbotten &#8211; Under s\u00e4ngf\u00f6rvaring &#8211; Svart"},"content":{"rendered":"<p>Upplev minimala dr\u00f6mtider med denna rymliga [BRAND NAME] s\u00e4ngstomme i st\u00e5l. King-size dimensionen erbjuder gott om utrymme, perfekt f\u00f6r enskilda personer eller par. Den robusta st\u00e5lkonstruktionen av s\u00e4ngstommen vilar p\u00e5 nio ben och garanterar en ljudl\u00f6s anv\u00e4ndning. Med 31 cm utrymme under s\u00e4ngen f\u00f6rblir ditt sovrum snyggt och stilfullt, perfekt f\u00f6r dolda f\u00f6rvaringsl\u00e5dor.<\/p>\n<p>Beskrivning:<\/p>\n<ul>\n<li> King-size s\u00e4ng: S\u00e4ngstommen \u00e4r utm\u00e4rkt f\u00f6r enskild och paranv\u00e4ndning<\/li>\n<li> Nio ben ger starkt st\u00f6d. S\u00e4ngstommen \u00e4r tyst f\u00f6r en lugn s\u00f6mn<\/li>\n<li> 31 cm utrymme under s\u00e4ngen: Utrymme f\u00f6r l\u00e5dor under s\u00e4ngen<\/li>\n<li> Madrass ing\u00e5r inte<\/li>\n<li> Maximal belastning 400 kg, montering kr\u00e4vs<\/li>\n<\/ul>\n<p> Tekniska specifikationer:<\/p>\n<ul>\n<li> F\u00e4rg: Svart<\/li>\n<li> Material: St\u00e5l<\/li>\n<li> Totala dimensioner: 165L x 207B x 106H cm<\/li>\n<li> Passande madrassstorlek: 160B x 200T cm<\/li>\n<li> S\u00e4ngens huvud\u00e4nda: 165B x 106H cm<\/li>\n<li> S\u00e4ngens fot\u00e4nda: 165B x 60H cm<\/li>\n<li> F\u00f6rvaringsutrymme under s\u00e4ngen: 31H cm<\/li>\n<li> Belastningskapacitet: 400 kg<\/li>\n<\/ul>\n<p>Leveransinneh\u00e5ll:<\/p>\n<ul>\n<li> 1 x S\u00e4ngstomme<\/li>\n<li> 1 x Bruksanvisning<\/li>\n<\/ul>\n","protected":false},"excerpt":{"rendered":"<p>Upplev minimala dr\u00f6mtider med denna rymliga [BRAND NAME] s\u00e4ngstomme i st\u00e5l. King-size dimensionen erbjuder gott om utrymme, perfekt f\u00f6r enskilda&#8230;<\/p>\n","protected":false},"featured_media":100647,"template":"","meta":[],"product_brand":[],"product_cat":[1027,871,494,897],"product_tag":[],"class_list":{"0":"post-100656","1":"product","2":"type-product","3":"status-publish","4":"has-post-thumbnail","6":"product_cat-bettzubehor","7":"product_cat-hus-hem","8":"product_cat-sangar","9":"product_cat-sovrum","11":"first","12":"instock","13":"sale","14":"taxable","15":"shipping-taxable","16":"purchasable","17":"product-type-simple"},"yoast_head":"<!-- This site is optimized with the Yoast SEO plugin v25.4 - https:\/\/yoast.com\/wordpress\/plugins\/seo\/ -->\n<title>TRUUSK Dubbels\u00e4ng 165x207 cm - St\u00e5lram med lamellbotten - Under s\u00e4ngf\u00f6rvaring - Svart - TRUUSK - Hem, Tr\u00e4dg\u00e5rd &amp; Fritid<\/title>\n<meta name=\"robots\" content=\"index, follow, max-snippet:-1, max-image-preview:large, max-video-preview:-1\" \/>\n<link rel=\"canonical\" href=\"https:\/\/truusk.store\/sv\/produkt\/truusk-dubbelsang-165x207-cm-stalram-med-lamellbotten-under-sangforvaring-svart\/\" \/>\n<meta property=\"og:locale\" content=\"sv_SE\" \/>\n<meta property=\"og:type\" content=\"article\" \/>\n<meta property=\"og:title\" content=\"TRUUSK Dubbels\u00e4ng 165x207 cm - St\u00e5lram med lamellbotten - Under s\u00e4ngf\u00f6rvaring - Svart - TRUUSK - Hem, Tr\u00e4dg\u00e5rd &amp; Fritid\" \/>\n<meta property=\"og:description\" content=\"Upplev minimala dr\u00f6mtider med denna rymliga [BRAND NAME] s\u00e4ngstomme i st\u00e5l. King-size dimensionen erbjuder gott om utrymme, perfekt f\u00f6r enskilda...\" \/>\n<meta property=\"og:url\" content=\"https:\/\/truusk.store\/sv\/produkt\/truusk-dubbelsang-165x207-cm-stalram-med-lamellbotten-under-sangforvaring-svart\/\" \/>\n<meta property=\"og:site_name\" content=\"TRUUSK - Hem, Tr\u00e4dg\u00e5rd &amp; Fritid\" \/>\n<meta property=\"article:modified_time\" content=\"2026-03-12T08:06:38+00:00\" \/>\n<meta property=\"og:image\" content=\"https:\/\/i0.wp.com\/truusk.se\/wp-content\/uploads\/2026\/01\/sang-165-x-207-cm-sangram-med-lamellbotten-av-stal-under-sangforvaring-dubbelsang-svart-1.webp?fit=2000%2C2000&ssl=1\" \/>\n\t<meta property=\"og:image:width\" content=\"2000\" \/>\n\t<meta property=\"og:image:height\" content=\"2000\" \/>\n\t<meta property=\"og:image:type\" content=\"image\/webp\" \/>\n<meta name=\"twitter:card\" content=\"summary_large_image\" \/>\n<meta name=\"twitter:label1\" content=\"Ber\u00e4knad l\u00e4stid\" \/>\n\t<meta name=\"twitter:data1\" content=\"1 minut\" \/>\n<!-- \/ Yoast SEO plugin. -->","yoast_head_json":{"title":"TRUUSK Dubbels\u00e4ng 165x207 cm - St\u00e5lram med lamellbotten - Under s\u00e4ngf\u00f6rvaring - Svart - TRUUSK - Hem, Tr\u00e4dg\u00e5rd &amp; Fritid","robots":{"index":"index","follow":"follow","max-snippet":"max-snippet:-1","max-image-preview":"max-image-preview:large","max-video-preview":"max-video-preview:-1"},"canonical":"https:\/\/truusk.store\/sv\/produkt\/truusk-dubbelsang-165x207-cm-stalram-med-lamellbotten-under-sangforvaring-svart\/","og_locale":"sv_SE","og_type":"article","og_title":"TRUUSK Dubbels\u00e4ng 165x207 cm - St\u00e5lram med lamellbotten - Under s\u00e4ngf\u00f6rvaring - Svart - TRUUSK - Hem, Tr\u00e4dg\u00e5rd &amp; Fritid","og_description":"Upplev minimala dr\u00f6mtider med denna rymliga [BRAND NAME] s\u00e4ngstomme i st\u00e5l. King-size dimensionen erbjuder gott om utrymme, perfekt f\u00f6r enskilda...","og_url":"https:\/\/truusk.store\/sv\/produkt\/truusk-dubbelsang-165x207-cm-stalram-med-lamellbotten-under-sangforvaring-svart\/","og_site_name":"TRUUSK - Hem, Tr\u00e4dg\u00e5rd &amp; Fritid","article_modified_time":"2026-03-12T08:06:38+00:00","og_image":[{"width":2000,"height":2000,"url":"https:\/\/i0.wp.com\/truusk.se\/wp-content\/uploads\/2026\/01\/sang-165-x-207-cm-sangram-med-lamellbotten-av-stal-under-sangforvaring-dubbelsang-svart-1.webp?fit=2000%2C2000&ssl=1","type":"image\/webp"}],"twitter_card":"summary_large_image","twitter_misc":{"Ber\u00e4knad l\u00e4stid":"1 minut"},"schema":{"@context":"https:\/\/schema.org","@graph":[{"@type":"WebPage","@id":"https:\/\/truusk.store\/sv\/produkt\/truusk-dubbelsang-165x207-cm-stalram-med-lamellbotten-under-sangforvaring-svart\/","url":"https:\/\/truusk.store\/sv\/produkt\/truusk-dubbelsang-165x207-cm-stalram-med-lamellbotten-under-sangforvaring-svart\/","name":"TRUUSK Dubbels\u00e4ng 165x207 cm - St\u00e5lram med lamellbotten - Under s\u00e4ngf\u00f6rvaring - Svart - TRUUSK - Hem, Tr\u00e4dg\u00e5rd &amp; Fritid","isPartOf":{"@id":"https:\/\/truusk.store\/sv\/#website"},"primaryImageOfPage":{"@id":"https:\/\/truusk.store\/sv\/produkt\/truusk-dubbelsang-165x207-cm-stalram-med-lamellbotten-under-sangforvaring-svart\/#primaryimage"},"image":{"@id":"https:\/\/truusk.store\/sv\/produkt\/truusk-dubbelsang-165x207-cm-stalram-med-lamellbotten-under-sangforvaring-svart\/#primaryimage"},"thumbnailUrl":"https:\/\/i0.wp.com\/truusk.store\/wp-content\/uploads\/2026\/01\/sang-165-x-207-cm-sangram-med-lamellbotten-av-stal-under-sangforvaring-dubbelsang-svart-1.webp?fit=2000%2C2000&ssl=1","datePublished":"2026-01-28T03:05:50+00:00","dateModified":"2026-03-12T08:06:38+00:00","breadcrumb":{"@id":"https:\/\/truusk.store\/sv\/produkt\/truusk-dubbelsang-165x207-cm-stalram-med-lamellbotten-under-sangforvaring-svart\/#breadcrumb"},"inLanguage":"sv-SE","potentialAction":[{"@type":"ReadAction","target":["https:\/\/truusk.store\/sv\/produkt\/truusk-dubbelsang-165x207-cm-stalram-med-lamellbotten-under-sangforvaring-svart\/"]}]},{"@type":"ImageObject","inLanguage":"sv-SE","@id":"https:\/\/truusk.store\/sv\/produkt\/truusk-dubbelsang-165x207-cm-stalram-med-lamellbotten-under-sangforvaring-svart\/#primaryimage","url":"https:\/\/i0.wp.com\/truusk.store\/wp-content\/uploads\/2026\/01\/sang-165-x-207-cm-sangram-med-lamellbotten-av-stal-under-sangforvaring-dubbelsang-svart-1.webp?fit=2000%2C2000&ssl=1","contentUrl":"https:\/\/i0.wp.com\/truusk.store\/wp-content\/uploads\/2026\/01\/sang-165-x-207-cm-sangram-med-lamellbotten-av-stal-under-sangforvaring-dubbelsang-svart-1.webp?fit=2000%2C2000&ssl=1","width":2000,"height":2000},{"@type":"BreadcrumbList","@id":"https:\/\/truusk.store\/sv\/produkt\/truusk-dubbelsang-165x207-cm-stalram-med-lamellbotten-under-sangforvaring-svart\/#breadcrumb","itemListElement":[{"@type":"ListItem","position":1,"name":"Home","item":"https:\/\/truusk.store\/sv\/"},{"@type":"ListItem","position":2,"name":"Shop","item":"https:\/\/truusk.store\/shop\/"},{"@type":"ListItem","position":3,"name":"TRUUSK Dubbels\u00e4ng 165&#215;207 cm &#8211; St\u00e5lram med lamellbotten &#8211; Under s\u00e4ngf\u00f6rvaring &#8211; Svart"}]},{"@type":"WebSite","@id":"https:\/\/truusk.store\/sv\/#website","url":"https:\/\/truusk.store\/sv\/","name":"TRUUSK - Hem, Tr\u00e4dg\u00e5rd & Fritid","description":"","publisher":{"@id":"https:\/\/truusk.store\/sv\/#organization"},"potentialAction":[{"@type":"SearchAction","target":{"@type":"EntryPoint","urlTemplate":"https:\/\/truusk.store\/sv\/?s={search_term_string}"},"query-input":{"@type":"PropertyValueSpecification","valueRequired":true,"valueName":"search_term_string"}}],"inLanguage":"sv-SE"},{"@type":"Organization","@id":"https:\/\/truusk.store\/sv\/#organization","name":"TRUUSK - Hem, Tr\u00e4dg\u00e5rd & Fritid","url":"https:\/\/truusk.store\/sv\/","logo":{"@type":"ImageObject","inLanguage":"sv-SE","@id":"https:\/\/truusk.store\/sv\/#\/schema\/logo\/image\/","url":"https:\/\/i0.wp.com\/truusk.store\/wp-content\/uploads\/2026\/03\/cropped-TRUUSK.png?fit=2032%2C917&ssl=1","contentUrl":"https:\/\/i0.wp.com\/truusk.store\/wp-content\/uploads\/2026\/03\/cropped-TRUUSK.png?fit=2032%2C917&ssl=1","width":2032,"height":917,"caption":"TRUUSK - Hem, Tr\u00e4dg\u00e5rd & Fritid"},"image":{"@id":"https:\/\/truusk.store\/sv\/#\/schema\/logo\/image\/"}}]}},"jetpack_sharing_enabled":true,"_links":{"self":[{"href":"https:\/\/truusk.store\/sv\/wp-json\/wp\/v2\/product\/100656","targetHints":{"allow":["GET"]}}],"collection":[{"href":"https:\/\/truusk.store\/sv\/wp-json\/wp\/v2\/product"}],"about":[{"href":"https:\/\/truusk.store\/sv\/wp-json\/wp\/v2\/types\/product"}],"wp:featuredmedia":[{"embeddable":true,"href":"https:\/\/truusk.store\/sv\/wp-json\/wp\/v2\/media\/100647"}],"wp:attachment":[{"href":"https:\/\/truusk.store\/sv\/wp-json\/wp\/v2\/media?parent=100656"}],"wp:term":[{"taxonomy":"product_brand","embeddable":true,"href":"https:\/\/truusk.store\/sv\/wp-json\/wp\/v2\/product_brand?post=100656"},{"taxonomy":"product_cat","embeddable":true,"href":"https:\/\/truusk.store\/sv\/wp-json\/wp\/v2\/product_cat?post=100656"},{"taxonomy":"product_tag","embeddable":true,"href":"https:\/\/truusk.store\/sv\/wp-json\/wp\/v2\/product_tag?post=100656"}],"curies":[{"name":"wp","href":"https:\/\/api.w.org\/{rel}","templated":true}]}}