{"id":100668,"date":"2026-01-28T04:08:21","date_gmt":"2026-01-28T03:08:21","guid":{"rendered":"https:\/\/truusk.store\/product\/vaxthus-i-aluminium-365m%c2%b2-190x192x201cm-med-grund-takfonster-skjutdorr-4-mm-plattor-uv-resistent\/"},"modified":"2026-03-12T09:08:38","modified_gmt":"2026-03-12T08:08:38","slug":"truusk-aluminium-vaxthus-365m%c2%b2-190x192x201cm-med-grund-takfonster-skjutdorr-4-mm-plattor-uv-resistent","status":"publish","type":"product","link":"https:\/\/truusk.store\/sv\/produkt\/truusk-aluminium-vaxthus-365m%c2%b2-190x192x201cm-med-grund-takfonster-skjutdorr-4-mm-plattor-uv-resistent\/","title":{"rendered":"TRUUSK Aluminium V\u00e4xthus 3,65m\u00b2 190x192x201cm &#8211; Med Grund &#8211; Takf\u00f6nster &#8211; Skjutd\u00f6rr &#8211; 4 Mm Plattor &#8211; UV-resistent"},"content":{"rendered":"<p>Arbeta med dina favoritv\u00e4xter \u00e5ret runt utan att beh\u00f6va oroa dig f\u00f6r \u00e5rstider och d\u00e5ligt v\u00e4der! Detta v\u00e4xthus fr\u00e5n [BRAND NAME] skyddar dina v\u00e4xter fr\u00e5n v\u00e4der och f\u00e5glar och s\u00e4kerst\u00e4ller utm\u00e4rkt ventilation. Dessutom l\u00e5ter detta balkongv\u00e4xthus in mycket solljus, s\u00e5 att dina v\u00e4xter kan v\u00e4xa och frodas h\u00e4lsosamt. Den praktiska skjutd\u00f6rren g\u00f6r det l\u00e4tt att komma in i rummet, s\u00e5 att du kan njuta av din hobby n\u00e4r som helst med l\u00e4tthet.<\/p>\n<p>Beskrivning:<\/p>\n<ul>\n<li> Rostbest\u00e4ndig aluminiumlegering och robusta polykarbonatpaneler<\/li>\n<li> Transparent h\u00f6lje sl\u00e4pper igenom energirikt solljus och lagrar effektivt v\u00e4rme<\/li>\n<li> Praktisk skjutd\u00f6rr f\u00f6r enkel tillg\u00e5ng till v\u00e4xthuset<\/li>\n<li> Takluckan p\u00e5 tomatv\u00e4xthuset s\u00e4kerst\u00e4ller optimal ventilation<\/li>\n<li> Regnr\u00e4nnor hj\u00e4lper till att avleda regnvatten<\/li>\n<li> F\u00f6rzinkad bas ger stabil st\u00f6d, 4 pinnar f\u00f6r fast f\u00f6rankring i marken ing\u00e5r<\/li>\n<li> Montering kr\u00e4vs<\/li>\n<\/ul>\n<p> Tekniska data:<\/p>\n<ul>\n<li> Material: Aluminiumlegering, Polykarbonat<\/li>\n<li> F\u00e4rg: Gr\u00e5+Transparent<\/li>\n<li> Totala m\u00e5tt: 190L x 192B x 201H cm<\/li>\n<li> F\u00f6nsterstorlek: 60,2L x 60B cm<\/li>\n<li> D\u00f6rrstorlek: 60L x 161,5H cm<\/li>\n<li> PC-plattjocklek: 4 mm<\/li>\n<li> Belastningskapacitet: 40 kg\/\u33a1<\/li>\n<li> Vindmotst\u00e5nd: 12 m\/s<\/li>\n<\/ul>\n<p>Leverans inneh\u00e5ller:<\/p>\n<ul>\n<li> 1 x V\u00e4xthus<\/li>\n<li> 1 x Instruktioner<\/li>\n<\/ul>\n","protected":false},"excerpt":{"rendered":"<p>Arbeta med dina favoritv\u00e4xter \u00e5ret runt utan att beh\u00f6va oroa dig f\u00f6r \u00e5rstider och d\u00e5ligt v\u00e4der! Detta v\u00e4xthus fr\u00e5n [BRAND&#8230;<\/p>\n","protected":false},"featured_media":100657,"template":"","meta":[],"product_brand":[],"product_cat":[903,858,443],"product_tag":[],"class_list":{"0":"post-100668","1":"product","2":"type-product","3":"status-publish","4":"has-post-thumbnail","6":"product_cat-plastvaxthus","7":"product_cat-tradgard-terrass","8":"product_cat-vaxthus-tradgardsskotsel","10":"first","11":"instock","12":"sale","13":"taxable","14":"shipping-taxable","15":"purchasable","16":"product-type-simple"},"yoast_head":"<!-- This site is optimized with the Yoast SEO plugin v25.4 - https:\/\/yoast.com\/wordpress\/plugins\/seo\/ -->\n<title>TRUUSK Aluminium V\u00e4xthus 3,65m\u00b2 190x192x201cm - Med Grund - Takf\u00f6nster - Skjutd\u00f6rr - 4 Mm Plattor - UV-resistent - TRUUSK - Hem, Tr\u00e4dg\u00e5rd &amp; Fritid<\/title>\n<meta name=\"robots\" content=\"index, follow, max-snippet:-1, max-image-preview:large, max-video-preview:-1\" \/>\n<link rel=\"canonical\" href=\"https:\/\/truusk.store\/sv\/produkt\/truusk-aluminium-vaxthus-365m%c2%b2-190x192x201cm-med-grund-takfonster-skjutdorr-4-mm-plattor-uv-resistent\/\" \/>\n<meta property=\"og:locale\" content=\"sv_SE\" \/>\n<meta property=\"og:type\" content=\"article\" \/>\n<meta property=\"og:title\" content=\"TRUUSK Aluminium V\u00e4xthus 3,65m\u00b2 190x192x201cm - Med Grund - Takf\u00f6nster - Skjutd\u00f6rr - 4 Mm Plattor - UV-resistent - TRUUSK - Hem, Tr\u00e4dg\u00e5rd &amp; Fritid\" \/>\n<meta property=\"og:description\" content=\"Arbeta med dina favoritv\u00e4xter \u00e5ret runt utan att beh\u00f6va oroa dig f\u00f6r \u00e5rstider och d\u00e5ligt v\u00e4der! Detta v\u00e4xthus fr\u00e5n [BRAND...\" \/>\n<meta property=\"og:url\" content=\"https:\/\/truusk.store\/sv\/produkt\/truusk-aluminium-vaxthus-365m%c2%b2-190x192x201cm-med-grund-takfonster-skjutdorr-4-mm-plattor-uv-resistent\/\" \/>\n<meta property=\"og:site_name\" content=\"TRUUSK - Hem, Tr\u00e4dg\u00e5rd &amp; Fritid\" \/>\n<meta property=\"article:modified_time\" content=\"2026-03-12T08:08:38+00:00\" \/>\n<meta property=\"og:image\" content=\"https:\/\/i0.wp.com\/truusk.se\/wp-content\/uploads\/2026\/01\/vaxthus-i-aluminium-365mc2b2-190x192x201cm-med-grund-takfonster-skjutdorr-4-mm-plattor-uv-resistent-1.webp?fit=2000%2C2000&ssl=1\" \/>\n\t<meta property=\"og:image:width\" content=\"2000\" \/>\n\t<meta property=\"og:image:height\" content=\"2000\" \/>\n\t<meta property=\"og:image:type\" content=\"image\/webp\" \/>\n<meta name=\"twitter:card\" content=\"summary_large_image\" \/>\n<meta name=\"twitter:label1\" content=\"Ber\u00e4knad l\u00e4stid\" \/>\n\t<meta name=\"twitter:data1\" content=\"1 minut\" \/>\n<!-- \/ Yoast SEO plugin. -->","yoast_head_json":{"title":"TRUUSK Aluminium V\u00e4xthus 3,65m\u00b2 190x192x201cm - Med Grund - Takf\u00f6nster - Skjutd\u00f6rr - 4 Mm Plattor - UV-resistent - TRUUSK - Hem, Tr\u00e4dg\u00e5rd &amp; Fritid","robots":{"index":"index","follow":"follow","max-snippet":"max-snippet:-1","max-image-preview":"max-image-preview:large","max-video-preview":"max-video-preview:-1"},"canonical":"https:\/\/truusk.store\/sv\/produkt\/truusk-aluminium-vaxthus-365m%c2%b2-190x192x201cm-med-grund-takfonster-skjutdorr-4-mm-plattor-uv-resistent\/","og_locale":"sv_SE","og_type":"article","og_title":"TRUUSK Aluminium V\u00e4xthus 3,65m\u00b2 190x192x201cm - Med Grund - Takf\u00f6nster - Skjutd\u00f6rr - 4 Mm Plattor - UV-resistent - TRUUSK - Hem, Tr\u00e4dg\u00e5rd &amp; Fritid","og_description":"Arbeta med dina favoritv\u00e4xter \u00e5ret runt utan att beh\u00f6va oroa dig f\u00f6r \u00e5rstider och d\u00e5ligt v\u00e4der! Detta v\u00e4xthus fr\u00e5n [BRAND...","og_url":"https:\/\/truusk.store\/sv\/produkt\/truusk-aluminium-vaxthus-365m%c2%b2-190x192x201cm-med-grund-takfonster-skjutdorr-4-mm-plattor-uv-resistent\/","og_site_name":"TRUUSK - Hem, Tr\u00e4dg\u00e5rd &amp; Fritid","article_modified_time":"2026-03-12T08:08:38+00:00","og_image":[{"width":2000,"height":2000,"url":"https:\/\/i0.wp.com\/truusk.se\/wp-content\/uploads\/2026\/01\/vaxthus-i-aluminium-365mc2b2-190x192x201cm-med-grund-takfonster-skjutdorr-4-mm-plattor-uv-resistent-1.webp?fit=2000%2C2000&ssl=1","type":"image\/webp"}],"twitter_card":"summary_large_image","twitter_misc":{"Ber\u00e4knad l\u00e4stid":"1 minut"},"schema":{"@context":"https:\/\/schema.org","@graph":[{"@type":"WebPage","@id":"https:\/\/truusk.store\/sv\/produkt\/truusk-aluminium-vaxthus-365m%c2%b2-190x192x201cm-med-grund-takfonster-skjutdorr-4-mm-plattor-uv-resistent\/","url":"https:\/\/truusk.store\/sv\/produkt\/truusk-aluminium-vaxthus-365m%c2%b2-190x192x201cm-med-grund-takfonster-skjutdorr-4-mm-plattor-uv-resistent\/","name":"TRUUSK Aluminium V\u00e4xthus 3,65m\u00b2 190x192x201cm - Med Grund - Takf\u00f6nster - Skjutd\u00f6rr - 4 Mm Plattor - UV-resistent - TRUUSK - Hem, Tr\u00e4dg\u00e5rd &amp; Fritid","isPartOf":{"@id":"https:\/\/truusk.store\/sv\/#website"},"primaryImageOfPage":{"@id":"https:\/\/truusk.store\/sv\/produkt\/truusk-aluminium-vaxthus-365m%c2%b2-190x192x201cm-med-grund-takfonster-skjutdorr-4-mm-plattor-uv-resistent\/#primaryimage"},"image":{"@id":"https:\/\/truusk.store\/sv\/produkt\/truusk-aluminium-vaxthus-365m%c2%b2-190x192x201cm-med-grund-takfonster-skjutdorr-4-mm-plattor-uv-resistent\/#primaryimage"},"thumbnailUrl":"https:\/\/i0.wp.com\/truusk.store\/wp-content\/uploads\/2026\/01\/vaxthus-i-aluminium-365mc2b2-190x192x201cm-med-grund-takfonster-skjutdorr-4-mm-plattor-uv-resistent-1.webp?fit=2000%2C2000&ssl=1","datePublished":"2026-01-28T03:08:21+00:00","dateModified":"2026-03-12T08:08:38+00:00","breadcrumb":{"@id":"https:\/\/truusk.store\/sv\/produkt\/truusk-aluminium-vaxthus-365m%c2%b2-190x192x201cm-med-grund-takfonster-skjutdorr-4-mm-plattor-uv-resistent\/#breadcrumb"},"inLanguage":"sv-SE","potentialAction":[{"@type":"ReadAction","target":["https:\/\/truusk.store\/sv\/produkt\/truusk-aluminium-vaxthus-365m%c2%b2-190x192x201cm-med-grund-takfonster-skjutdorr-4-mm-plattor-uv-resistent\/"]}]},{"@type":"ImageObject","inLanguage":"sv-SE","@id":"https:\/\/truusk.store\/sv\/produkt\/truusk-aluminium-vaxthus-365m%c2%b2-190x192x201cm-med-grund-takfonster-skjutdorr-4-mm-plattor-uv-resistent\/#primaryimage","url":"https:\/\/i0.wp.com\/truusk.store\/wp-content\/uploads\/2026\/01\/vaxthus-i-aluminium-365mc2b2-190x192x201cm-med-grund-takfonster-skjutdorr-4-mm-plattor-uv-resistent-1.webp?fit=2000%2C2000&ssl=1","contentUrl":"https:\/\/i0.wp.com\/truusk.store\/wp-content\/uploads\/2026\/01\/vaxthus-i-aluminium-365mc2b2-190x192x201cm-med-grund-takfonster-skjutdorr-4-mm-plattor-uv-resistent-1.webp?fit=2000%2C2000&ssl=1","width":2000,"height":2000},{"@type":"BreadcrumbList","@id":"https:\/\/truusk.store\/sv\/produkt\/truusk-aluminium-vaxthus-365m%c2%b2-190x192x201cm-med-grund-takfonster-skjutdorr-4-mm-plattor-uv-resistent\/#breadcrumb","itemListElement":[{"@type":"ListItem","position":1,"name":"Home","item":"https:\/\/truusk.store\/sv\/"},{"@type":"ListItem","position":2,"name":"Shop","item":"https:\/\/truusk.store\/shop\/"},{"@type":"ListItem","position":3,"name":"TRUUSK Aluminium V\u00e4xthus 3,65m\u00b2 190x192x201cm &#8211; Med Grund &#8211; Takf\u00f6nster &#8211; Skjutd\u00f6rr &#8211; 4 Mm Plattor &#8211; UV-resistent"}]},{"@type":"WebSite","@id":"https:\/\/truusk.store\/sv\/#website","url":"https:\/\/truusk.store\/sv\/","name":"TRUUSK - Hem, Tr\u00e4dg\u00e5rd & Fritid","description":"","publisher":{"@id":"https:\/\/truusk.store\/sv\/#organization"},"potentialAction":[{"@type":"SearchAction","target":{"@type":"EntryPoint","urlTemplate":"https:\/\/truusk.store\/sv\/?s={search_term_string}"},"query-input":{"@type":"PropertyValueSpecification","valueRequired":true,"valueName":"search_term_string"}}],"inLanguage":"sv-SE"},{"@type":"Organization","@id":"https:\/\/truusk.store\/sv\/#organization","name":"TRUUSK - Hem, Tr\u00e4dg\u00e5rd & Fritid","url":"https:\/\/truusk.store\/sv\/","logo":{"@type":"ImageObject","inLanguage":"sv-SE","@id":"https:\/\/truusk.store\/sv\/#\/schema\/logo\/image\/","url":"https:\/\/i0.wp.com\/truusk.store\/wp-content\/uploads\/2026\/03\/cropped-TRUUSK.png?fit=2032%2C917&ssl=1","contentUrl":"https:\/\/i0.wp.com\/truusk.store\/wp-content\/uploads\/2026\/03\/cropped-TRUUSK.png?fit=2032%2C917&ssl=1","width":2032,"height":917,"caption":"TRUUSK - Hem, Tr\u00e4dg\u00e5rd & Fritid"},"image":{"@id":"https:\/\/truusk.store\/sv\/#\/schema\/logo\/image\/"}}]}},"jetpack_sharing_enabled":true,"_links":{"self":[{"href":"https:\/\/truusk.store\/sv\/wp-json\/wp\/v2\/product\/100668","targetHints":{"allow":["GET"]}}],"collection":[{"href":"https:\/\/truusk.store\/sv\/wp-json\/wp\/v2\/product"}],"about":[{"href":"https:\/\/truusk.store\/sv\/wp-json\/wp\/v2\/types\/product"}],"wp:featuredmedia":[{"embeddable":true,"href":"https:\/\/truusk.store\/sv\/wp-json\/wp\/v2\/media\/100657"}],"wp:attachment":[{"href":"https:\/\/truusk.store\/sv\/wp-json\/wp\/v2\/media?parent=100668"}],"wp:term":[{"taxonomy":"product_brand","embeddable":true,"href":"https:\/\/truusk.store\/sv\/wp-json\/wp\/v2\/product_brand?post=100668"},{"taxonomy":"product_cat","embeddable":true,"href":"https:\/\/truusk.store\/sv\/wp-json\/wp\/v2\/product_cat?post=100668"},{"taxonomy":"product_tag","embeddable":true,"href":"https:\/\/truusk.store\/sv\/wp-json\/wp\/v2\/product_tag?post=100668"}],"curies":[{"name":"wp","href":"https:\/\/api.w.org\/{rel}","templated":true}]}}