{"id":100698,"date":"2026-01-28T04:11:45","date_gmt":"2026-01-28T03:11:45","guid":{"rendered":"https:\/\/truusk.store\/product\/konstgjord-trad-95-cm-konstvaxt-med-33-blad-kruka-for-vardagsrum\/"},"modified":"2026-03-12T09:10:44","modified_gmt":"2026-03-12T08:10:44","slug":"truusk-konstgjord-trad-95-cm-33-blad-kruka-for-vardagsrum-realistisk-design-dekorativt-inredningselement","status":"publish","type":"product","link":"https:\/\/truusk.store\/sv\/produkt\/truusk-konstgjord-trad-95-cm-33-blad-kruka-for-vardagsrum-realistisk-design-dekorativt-inredningselement\/","title":{"rendered":"TRUUSK Konstgjord Tr\u00e4d 95 cm &#8211; 33 Blad &#8211; Kruka &#8211; F\u00f6r Vardagsrum &#8211; Realistisk Design &#8211; Dekorativt Inredningselement"},"content":{"rendered":"<p>\u00c4lskar du v\u00e4xter, men vill ha en l\u00e4ttsk\u00f6tt l\u00f6sning? V\u00e5r [BRAND NAME] konstgjorda v\u00e4xt \u00e4r det perfekta valet f\u00f6r dina behov och varje rum. Reng\u00f6r den enkelt med en fuktig trasa som alla andra m\u00f6bler &#8211; ingen vattning, besk\u00e4rning eller r\u00e4tt plats f\u00f6r solljus kr\u00e4vs. Denna gr\u00f6na v\u00e4xt f\u00f6rh\u00f6jer omedelbart din inomhus- eller utomhusdekoration!<\/p>\n<p>Beskrivning:<\/p>\n<ul>\n<li> Dekorativ konstgjord v\u00e4xt med realistiskt utseende f\u00f6r inomhus (hem, kontor) eller utomhus<\/li>\n<li> Denna gr\u00f6na v\u00e4xt har 33 blad f\u00f6r ett autentiskt, naturligt utseende<\/li>\n<li> Till skillnad fr\u00e5n riktiga v\u00e4xter beh\u00f6ver denna konstgjorda v\u00e4xt inte vattnas eller besk\u00e4ras, den vissnar aldrig och kan placeras i omr\u00e5den utan ljus<\/li>\n<li> Robust kruka med f\u00f6rst\u00e4rkt cementsockel och syntetisk mossa ovanp\u00e5<\/li>\n<li> L\u00e4ttsk\u00f6tt dekorationsv\u00e4xt med minimalt underh\u00e5ll<\/li>\n<li> Montering kr\u00e4vs<\/li>\n<\/ul>\n<p> Tekniska data:<\/p>\n<ul>\n<li> F\u00e4rg: Gr\u00f6n och Svart<\/li>\n<li> Material: PEVA, PE och Cement<\/li>\n<li> Total h\u00f6jd: 95 cm<\/li>\n<li> Antal blad: 33<\/li>\n<li> Krukdimensioner: \u00d815 x 13 cm<\/li>\n<\/ul>\n<p> Leveransinneh\u00e5ll:<\/p>\n<ul>\n<li> 1 x konstgjord v\u00e4xt;<\/li>\n<\/ul>\n","protected":false},"excerpt":{"rendered":"<p>\u00c4lskar du v\u00e4xter, men vill ha en l\u00e4ttsk\u00f6tt l\u00f6sning? V\u00e5r [BRAND NAME] konstgjorda v\u00e4xt \u00e4r det perfekta valet f\u00f6r dina&#8230;<\/p>\n","protected":false},"featured_media":100687,"template":"","meta":[],"product_brand":[],"product_cat":[962,871,681],"product_tag":[],"class_list":{"0":"post-100698","1":"product","2":"type-product","3":"status-publish","4":"has-post-thumbnail","6":"product_cat-dekoration","7":"product_cat-hus-hem","8":"product_cat-konstgjorda-vaxter","10":"first","11":"instock","12":"sale","13":"taxable","14":"shipping-taxable","15":"purchasable","16":"product-type-simple"},"yoast_head":"<!-- This site is optimized with the Yoast SEO plugin v25.4 - https:\/\/yoast.com\/wordpress\/plugins\/seo\/ -->\n<title>TRUUSK Konstgjord Tr\u00e4d 95 cm - 33 Blad - Kruka - F\u00f6r Vardagsrum - Realistisk Design - Dekorativt Inredningselement - TRUUSK - Hem, Tr\u00e4dg\u00e5rd &amp; Fritid<\/title>\n<meta name=\"robots\" content=\"index, follow, max-snippet:-1, max-image-preview:large, max-video-preview:-1\" \/>\n<link rel=\"canonical\" href=\"https:\/\/truusk.store\/sv\/produkt\/truusk-konstgjord-trad-95-cm-33-blad-kruka-for-vardagsrum-realistisk-design-dekorativt-inredningselement\/\" \/>\n<meta property=\"og:locale\" content=\"sv_SE\" \/>\n<meta property=\"og:type\" content=\"article\" \/>\n<meta property=\"og:title\" content=\"TRUUSK Konstgjord Tr\u00e4d 95 cm - 33 Blad - Kruka - F\u00f6r Vardagsrum - Realistisk Design - Dekorativt Inredningselement - TRUUSK - Hem, Tr\u00e4dg\u00e5rd &amp; Fritid\" \/>\n<meta property=\"og:description\" content=\"\u00c4lskar du v\u00e4xter, men vill ha en l\u00e4ttsk\u00f6tt l\u00f6sning? V\u00e5r [BRAND NAME] konstgjorda v\u00e4xt \u00e4r det perfekta valet f\u00f6r dina...\" \/>\n<meta property=\"og:url\" content=\"https:\/\/truusk.store\/sv\/produkt\/truusk-konstgjord-trad-95-cm-33-blad-kruka-for-vardagsrum-realistisk-design-dekorativt-inredningselement\/\" \/>\n<meta property=\"og:site_name\" content=\"TRUUSK - Hem, Tr\u00e4dg\u00e5rd &amp; Fritid\" \/>\n<meta property=\"article:modified_time\" content=\"2026-03-12T08:10:44+00:00\" \/>\n<meta property=\"og:image\" content=\"https:\/\/i0.wp.com\/truusk.se\/wp-content\/uploads\/2026\/01\/konstgjord-trad-95-cm-konstvaxt-med-33-blad-kruka-for-vardagsrum-1.webp?fit=2000%2C2000&ssl=1\" \/>\n\t<meta property=\"og:image:width\" content=\"2000\" \/>\n\t<meta property=\"og:image:height\" content=\"2000\" \/>\n\t<meta property=\"og:image:type\" content=\"image\/webp\" \/>\n<meta name=\"twitter:card\" content=\"summary_large_image\" \/>\n<meta name=\"twitter:label1\" content=\"Ber\u00e4knad l\u00e4stid\" \/>\n\t<meta name=\"twitter:data1\" content=\"1 minut\" \/>\n<!-- \/ Yoast SEO plugin. -->","yoast_head_json":{"title":"TRUUSK Konstgjord Tr\u00e4d 95 cm - 33 Blad - Kruka - F\u00f6r Vardagsrum - Realistisk Design - Dekorativt Inredningselement - TRUUSK - Hem, Tr\u00e4dg\u00e5rd &amp; Fritid","robots":{"index":"index","follow":"follow","max-snippet":"max-snippet:-1","max-image-preview":"max-image-preview:large","max-video-preview":"max-video-preview:-1"},"canonical":"https:\/\/truusk.store\/sv\/produkt\/truusk-konstgjord-trad-95-cm-33-blad-kruka-for-vardagsrum-realistisk-design-dekorativt-inredningselement\/","og_locale":"sv_SE","og_type":"article","og_title":"TRUUSK Konstgjord Tr\u00e4d 95 cm - 33 Blad - Kruka - F\u00f6r Vardagsrum - Realistisk Design - Dekorativt Inredningselement - TRUUSK - Hem, Tr\u00e4dg\u00e5rd &amp; Fritid","og_description":"\u00c4lskar du v\u00e4xter, men vill ha en l\u00e4ttsk\u00f6tt l\u00f6sning? V\u00e5r [BRAND NAME] konstgjorda v\u00e4xt \u00e4r det perfekta valet f\u00f6r dina...","og_url":"https:\/\/truusk.store\/sv\/produkt\/truusk-konstgjord-trad-95-cm-33-blad-kruka-for-vardagsrum-realistisk-design-dekorativt-inredningselement\/","og_site_name":"TRUUSK - Hem, Tr\u00e4dg\u00e5rd &amp; Fritid","article_modified_time":"2026-03-12T08:10:44+00:00","og_image":[{"width":2000,"height":2000,"url":"https:\/\/i0.wp.com\/truusk.se\/wp-content\/uploads\/2026\/01\/konstgjord-trad-95-cm-konstvaxt-med-33-blad-kruka-for-vardagsrum-1.webp?fit=2000%2C2000&ssl=1","type":"image\/webp"}],"twitter_card":"summary_large_image","twitter_misc":{"Ber\u00e4knad l\u00e4stid":"1 minut"},"schema":{"@context":"https:\/\/schema.org","@graph":[{"@type":"WebPage","@id":"https:\/\/truusk.store\/sv\/produkt\/truusk-konstgjord-trad-95-cm-33-blad-kruka-for-vardagsrum-realistisk-design-dekorativt-inredningselement\/","url":"https:\/\/truusk.store\/sv\/produkt\/truusk-konstgjord-trad-95-cm-33-blad-kruka-for-vardagsrum-realistisk-design-dekorativt-inredningselement\/","name":"TRUUSK Konstgjord Tr\u00e4d 95 cm - 33 Blad - Kruka - F\u00f6r Vardagsrum - Realistisk Design - Dekorativt Inredningselement - TRUUSK - Hem, Tr\u00e4dg\u00e5rd &amp; Fritid","isPartOf":{"@id":"https:\/\/truusk.store\/sv\/#website"},"primaryImageOfPage":{"@id":"https:\/\/truusk.store\/sv\/produkt\/truusk-konstgjord-trad-95-cm-33-blad-kruka-for-vardagsrum-realistisk-design-dekorativt-inredningselement\/#primaryimage"},"image":{"@id":"https:\/\/truusk.store\/sv\/produkt\/truusk-konstgjord-trad-95-cm-33-blad-kruka-for-vardagsrum-realistisk-design-dekorativt-inredningselement\/#primaryimage"},"thumbnailUrl":"https:\/\/i0.wp.com\/truusk.store\/wp-content\/uploads\/2026\/01\/konstgjord-trad-95-cm-konstvaxt-med-33-blad-kruka-for-vardagsrum-1.webp?fit=2000%2C2000&ssl=1","datePublished":"2026-01-28T03:11:45+00:00","dateModified":"2026-03-12T08:10:44+00:00","breadcrumb":{"@id":"https:\/\/truusk.store\/sv\/produkt\/truusk-konstgjord-trad-95-cm-33-blad-kruka-for-vardagsrum-realistisk-design-dekorativt-inredningselement\/#breadcrumb"},"inLanguage":"sv-SE","potentialAction":[{"@type":"ReadAction","target":["https:\/\/truusk.store\/sv\/produkt\/truusk-konstgjord-trad-95-cm-33-blad-kruka-for-vardagsrum-realistisk-design-dekorativt-inredningselement\/"]}]},{"@type":"ImageObject","inLanguage":"sv-SE","@id":"https:\/\/truusk.store\/sv\/produkt\/truusk-konstgjord-trad-95-cm-33-blad-kruka-for-vardagsrum-realistisk-design-dekorativt-inredningselement\/#primaryimage","url":"https:\/\/i0.wp.com\/truusk.store\/wp-content\/uploads\/2026\/01\/konstgjord-trad-95-cm-konstvaxt-med-33-blad-kruka-for-vardagsrum-1.webp?fit=2000%2C2000&ssl=1","contentUrl":"https:\/\/i0.wp.com\/truusk.store\/wp-content\/uploads\/2026\/01\/konstgjord-trad-95-cm-konstvaxt-med-33-blad-kruka-for-vardagsrum-1.webp?fit=2000%2C2000&ssl=1","width":2000,"height":2000},{"@type":"BreadcrumbList","@id":"https:\/\/truusk.store\/sv\/produkt\/truusk-konstgjord-trad-95-cm-33-blad-kruka-for-vardagsrum-realistisk-design-dekorativt-inredningselement\/#breadcrumb","itemListElement":[{"@type":"ListItem","position":1,"name":"Home","item":"https:\/\/truusk.store\/sv\/"},{"@type":"ListItem","position":2,"name":"Shop","item":"https:\/\/truusk.store\/shop\/"},{"@type":"ListItem","position":3,"name":"TRUUSK Konstgjord Tr\u00e4d 95 cm &#8211; 33 Blad &#8211; Kruka &#8211; F\u00f6r Vardagsrum &#8211; Realistisk Design &#8211; Dekorativt Inredningselement"}]},{"@type":"WebSite","@id":"https:\/\/truusk.store\/sv\/#website","url":"https:\/\/truusk.store\/sv\/","name":"TRUUSK - Hem, Tr\u00e4dg\u00e5rd & Fritid","description":"","publisher":{"@id":"https:\/\/truusk.store\/sv\/#organization"},"potentialAction":[{"@type":"SearchAction","target":{"@type":"EntryPoint","urlTemplate":"https:\/\/truusk.store\/sv\/?s={search_term_string}"},"query-input":{"@type":"PropertyValueSpecification","valueRequired":true,"valueName":"search_term_string"}}],"inLanguage":"sv-SE"},{"@type":"Organization","@id":"https:\/\/truusk.store\/sv\/#organization","name":"TRUUSK - Hem, Tr\u00e4dg\u00e5rd & Fritid","url":"https:\/\/truusk.store\/sv\/","logo":{"@type":"ImageObject","inLanguage":"sv-SE","@id":"https:\/\/truusk.store\/sv\/#\/schema\/logo\/image\/","url":"https:\/\/i0.wp.com\/truusk.store\/wp-content\/uploads\/2026\/03\/cropped-TRUUSK.png?fit=2032%2C917&ssl=1","contentUrl":"https:\/\/i0.wp.com\/truusk.store\/wp-content\/uploads\/2026\/03\/cropped-TRUUSK.png?fit=2032%2C917&ssl=1","width":2032,"height":917,"caption":"TRUUSK - Hem, Tr\u00e4dg\u00e5rd & Fritid"},"image":{"@id":"https:\/\/truusk.store\/sv\/#\/schema\/logo\/image\/"}}]}},"jetpack_sharing_enabled":true,"_links":{"self":[{"href":"https:\/\/truusk.store\/sv\/wp-json\/wp\/v2\/product\/100698","targetHints":{"allow":["GET"]}}],"collection":[{"href":"https:\/\/truusk.store\/sv\/wp-json\/wp\/v2\/product"}],"about":[{"href":"https:\/\/truusk.store\/sv\/wp-json\/wp\/v2\/types\/product"}],"wp:featuredmedia":[{"embeddable":true,"href":"https:\/\/truusk.store\/sv\/wp-json\/wp\/v2\/media\/100687"}],"wp:attachment":[{"href":"https:\/\/truusk.store\/sv\/wp-json\/wp\/v2\/media?parent=100698"}],"wp:term":[{"taxonomy":"product_brand","embeddable":true,"href":"https:\/\/truusk.store\/sv\/wp-json\/wp\/v2\/product_brand?post=100698"},{"taxonomy":"product_cat","embeddable":true,"href":"https:\/\/truusk.store\/sv\/wp-json\/wp\/v2\/product_cat?post=100698"},{"taxonomy":"product_tag","embeddable":true,"href":"https:\/\/truusk.store\/sv\/wp-json\/wp\/v2\/product_tag?post=100698"}],"curies":[{"name":"wp","href":"https:\/\/api.w.org\/{rel}","templated":true}]}}