{"id":100710,"date":"2026-01-28T04:12:24","date_gmt":"2026-01-28T03:12:24","guid":{"rendered":"https:\/\/truusk.store\/product\/hopfallbar-solsang-med-kudde-tyngdlos-solstol-med-9-faldigt-justerbar-ryggstod-tradgardsstol-tal-upp-till-150-kg-for-tradgard-semester-utomhus-strand-pool-svart\/"},"modified":"2026-03-12T09:11:27","modified_gmt":"2026-03-12T08:11:27","slug":"truusk-hopfallbar-solsang-med-kudde-justerbart-ryggstod-max-150-kg-svart-for-tradgard-strand","status":"publish","type":"product","link":"https:\/\/truusk.store\/sv\/produkt\/truusk-hopfallbar-solsang-med-kudde-justerbart-ryggstod-max-150-kg-svart-for-tradgard-strand\/","title":{"rendered":"TRUUSK Hopf\u00e4llbar Sols\u00e4ng Med Kudde &#8211; Justerbart Ryggst\u00f6d &#8211; Max 150 kg &#8211; Svart &#8211; F\u00f6r Tr\u00e4dg\u00e5rd &amp; Strand"},"content":{"rendered":"<p>L\u00e4mna dagens stress bakom dig med denna tr\u00e4dg\u00e5rdsliggstol fr\u00e5n [BRAND NAME]! Liggstolen har en stoppad kudde f\u00f6r att ge dig ultimat komfort och avkoppling. Den hopf\u00e4llbara designen g\u00f6r den l\u00e4tt att transportera och f\u00f6rvara. Denna multifunktionella antigravitationsstol passar f\u00f6r terrassen, campingplatsen och f\u00f6r en tupplur inomhus. Liggstolen \u00e4r tillverkad av robust, pulverlackerat st\u00e5l och har armst\u00f6d f\u00f6r extra komfort och st\u00f6d.<\/p>\n<p>Beskrivning:<\/p>\n<ul>\n<li> Nio-stegs justerbar ryggst\u00f6d f\u00f6r att m\u00f6ta dina olika behov<\/li>\n<li> Hopf\u00e4llbar och b\u00e4rbar, med l\u00e4tt design f\u00f6r enkel f\u00f6rvaring och transport<\/li>\n<li> Ergonomiskt utformad form passar b\u00e4ttre till din kroppsform<\/li>\n<li> Ultimat komfort med mjukt stoppad l\u00e4ndkudde<\/li>\n<li> Andningsbart n\u00e4ttyg p\u00e5 en pulverlackerad st\u00e5lram, b\u00e4r upp till 150 kg<\/li>\n<li> Idealisk f\u00f6r tr\u00e4dg\u00e5rdar, parker, lekplatser, terrasser och balkonger<\/li>\n<li> Ingen montering kr\u00e4vs<\/li>\n<\/ul>\n<p> Tekniska data:<\/p>\n<ul>\n<li> F\u00e4rg: Svart<\/li>\n<li> Material: St\u00e5l, andningsbart n\u00e4ttyg<\/li>\n<li> Totala m\u00e5tt: 70B x 65D x 111H cm (st\u00e5ende)<\/li>\n<li> Sitsstorlek: 52L x 43B cm<\/li>\n<li> Sitth\u00f6jd: 46 cm (fram), 43 cm (bak)<\/li>\n<li> Ryggst\u00f6dets h\u00f6jd: 111\/107,5\/105\/102,5\/98\/93\/88\/81\/74 cm<\/li>\n<li> Storlek p\u00e5 ryggst\u00f6d: 52 B x 69,5 H cm<\/li>\n<li> Storlek hopf\u00e4lld: 95B x 65D x 17H cm<\/li>\n<li> B\u00e4rkapacitet: 150 kg<\/li>\n<\/ul>\n<p> Leveransinneh\u00e5ll:<\/p>\n<ul>\n<li> 1 x Antigravitationsstol<\/li>\n<li> 1 x Instruktioner<\/li>\n<\/ul>\n","protected":false},"excerpt":{"rendered":"<p>L\u00e4mna dagens stress bakom dig med denna tr\u00e4dg\u00e5rdsliggstol fr\u00e5n [BRAND NAME]! Liggstolen har en stoppad kudde f\u00f6r att ge dig&#8230;<\/p>\n","protected":false},"featured_media":100694,"template":"","meta":[],"product_brand":[],"product_cat":[451,858,450],"product_tag":[],"class_list":{"0":"post-100710","1":"product","2":"type-product","3":"status-publish","4":"has-post-thumbnail","6":"product_cat-solstolar","7":"product_cat-tradgard-terrass","8":"product_cat-tradgardsmobler","10":"first","11":"instock","12":"sale","13":"taxable","14":"shipping-taxable","15":"purchasable","16":"product-type-simple"},"yoast_head":"<!-- This site is optimized with the Yoast SEO plugin v25.4 - https:\/\/yoast.com\/wordpress\/plugins\/seo\/ -->\n<title>TRUUSK Hopf\u00e4llbar Sols\u00e4ng Med Kudde - Justerbart Ryggst\u00f6d - Max 150 kg - Svart - F\u00f6r Tr\u00e4dg\u00e5rd &amp; Strand - TRUUSK - Hem, Tr\u00e4dg\u00e5rd &amp; Fritid<\/title>\n<meta name=\"robots\" content=\"index, follow, max-snippet:-1, max-image-preview:large, max-video-preview:-1\" \/>\n<link rel=\"canonical\" href=\"https:\/\/truusk.store\/sv\/produkt\/truusk-hopfallbar-solsang-med-kudde-justerbart-ryggstod-max-150-kg-svart-for-tradgard-strand\/\" \/>\n<meta property=\"og:locale\" content=\"sv_SE\" \/>\n<meta property=\"og:type\" content=\"article\" \/>\n<meta property=\"og:title\" content=\"TRUUSK Hopf\u00e4llbar Sols\u00e4ng Med Kudde - Justerbart Ryggst\u00f6d - Max 150 kg - Svart - F\u00f6r Tr\u00e4dg\u00e5rd &amp; Strand - TRUUSK - Hem, Tr\u00e4dg\u00e5rd &amp; Fritid\" \/>\n<meta property=\"og:description\" content=\"L\u00e4mna dagens stress bakom dig med denna tr\u00e4dg\u00e5rdsliggstol fr\u00e5n [BRAND NAME]! Liggstolen har en stoppad kudde f\u00f6r att ge dig...\" \/>\n<meta property=\"og:url\" content=\"https:\/\/truusk.store\/sv\/produkt\/truusk-hopfallbar-solsang-med-kudde-justerbart-ryggstod-max-150-kg-svart-for-tradgard-strand\/\" \/>\n<meta property=\"og:site_name\" content=\"TRUUSK - Hem, Tr\u00e4dg\u00e5rd &amp; Fritid\" \/>\n<meta property=\"article:modified_time\" content=\"2026-03-12T08:11:27+00:00\" \/>\n<meta property=\"og:image\" content=\"https:\/\/i0.wp.com\/truusk.se\/wp-content\/uploads\/2026\/01\/hopfallbar-solsang-med-kudde-tyngdlos-solstol-med-9-faldigt-justerbar-ryggstod-tradgardsstol-tal-upp-till-150-kg-for-tradgard-semester-utomhus-strand-pool-svart-1.webp?fit=2000%2C2000&ssl=1\" \/>\n\t<meta property=\"og:image:width\" content=\"2000\" \/>\n\t<meta property=\"og:image:height\" content=\"2000\" \/>\n\t<meta property=\"og:image:type\" content=\"image\/webp\" \/>\n<meta name=\"twitter:card\" content=\"summary_large_image\" \/>\n<meta name=\"twitter:label1\" content=\"Ber\u00e4knad l\u00e4stid\" \/>\n\t<meta name=\"twitter:data1\" content=\"1 minut\" \/>\n<!-- \/ Yoast SEO plugin. -->","yoast_head_json":{"title":"TRUUSK Hopf\u00e4llbar Sols\u00e4ng Med Kudde - Justerbart Ryggst\u00f6d - Max 150 kg - Svart - F\u00f6r Tr\u00e4dg\u00e5rd &amp; Strand - TRUUSK - Hem, Tr\u00e4dg\u00e5rd &amp; Fritid","robots":{"index":"index","follow":"follow","max-snippet":"max-snippet:-1","max-image-preview":"max-image-preview:large","max-video-preview":"max-video-preview:-1"},"canonical":"https:\/\/truusk.store\/sv\/produkt\/truusk-hopfallbar-solsang-med-kudde-justerbart-ryggstod-max-150-kg-svart-for-tradgard-strand\/","og_locale":"sv_SE","og_type":"article","og_title":"TRUUSK Hopf\u00e4llbar Sols\u00e4ng Med Kudde - Justerbart Ryggst\u00f6d - Max 150 kg - Svart - F\u00f6r Tr\u00e4dg\u00e5rd &amp; Strand - TRUUSK - Hem, Tr\u00e4dg\u00e5rd &amp; Fritid","og_description":"L\u00e4mna dagens stress bakom dig med denna tr\u00e4dg\u00e5rdsliggstol fr\u00e5n [BRAND NAME]! Liggstolen har en stoppad kudde f\u00f6r att ge dig...","og_url":"https:\/\/truusk.store\/sv\/produkt\/truusk-hopfallbar-solsang-med-kudde-justerbart-ryggstod-max-150-kg-svart-for-tradgard-strand\/","og_site_name":"TRUUSK - Hem, Tr\u00e4dg\u00e5rd &amp; Fritid","article_modified_time":"2026-03-12T08:11:27+00:00","og_image":[{"width":2000,"height":2000,"url":"https:\/\/i0.wp.com\/truusk.se\/wp-content\/uploads\/2026\/01\/hopfallbar-solsang-med-kudde-tyngdlos-solstol-med-9-faldigt-justerbar-ryggstod-tradgardsstol-tal-upp-till-150-kg-for-tradgard-semester-utomhus-strand-pool-svart-1.webp?fit=2000%2C2000&ssl=1","type":"image\/webp"}],"twitter_card":"summary_large_image","twitter_misc":{"Ber\u00e4knad l\u00e4stid":"1 minut"},"schema":{"@context":"https:\/\/schema.org","@graph":[{"@type":"WebPage","@id":"https:\/\/truusk.store\/sv\/produkt\/truusk-hopfallbar-solsang-med-kudde-justerbart-ryggstod-max-150-kg-svart-for-tradgard-strand\/","url":"https:\/\/truusk.store\/sv\/produkt\/truusk-hopfallbar-solsang-med-kudde-justerbart-ryggstod-max-150-kg-svart-for-tradgard-strand\/","name":"TRUUSK Hopf\u00e4llbar Sols\u00e4ng Med Kudde - Justerbart Ryggst\u00f6d - Max 150 kg - Svart - F\u00f6r Tr\u00e4dg\u00e5rd &amp; Strand - TRUUSK - Hem, Tr\u00e4dg\u00e5rd &amp; Fritid","isPartOf":{"@id":"https:\/\/truusk.store\/sv\/#website"},"primaryImageOfPage":{"@id":"https:\/\/truusk.store\/sv\/produkt\/truusk-hopfallbar-solsang-med-kudde-justerbart-ryggstod-max-150-kg-svart-for-tradgard-strand\/#primaryimage"},"image":{"@id":"https:\/\/truusk.store\/sv\/produkt\/truusk-hopfallbar-solsang-med-kudde-justerbart-ryggstod-max-150-kg-svart-for-tradgard-strand\/#primaryimage"},"thumbnailUrl":"https:\/\/i0.wp.com\/truusk.store\/wp-content\/uploads\/2026\/01\/hopfallbar-solsang-med-kudde-tyngdlos-solstol-med-9-faldigt-justerbar-ryggstod-tradgardsstol-tal-upp-till-150-kg-for-tradgard-semester-utomhus-strand-pool-svart-1.webp?fit=2000%2C2000&ssl=1","datePublished":"2026-01-28T03:12:24+00:00","dateModified":"2026-03-12T08:11:27+00:00","breadcrumb":{"@id":"https:\/\/truusk.store\/sv\/produkt\/truusk-hopfallbar-solsang-med-kudde-justerbart-ryggstod-max-150-kg-svart-for-tradgard-strand\/#breadcrumb"},"inLanguage":"sv-SE","potentialAction":[{"@type":"ReadAction","target":["https:\/\/truusk.store\/sv\/produkt\/truusk-hopfallbar-solsang-med-kudde-justerbart-ryggstod-max-150-kg-svart-for-tradgard-strand\/"]}]},{"@type":"ImageObject","inLanguage":"sv-SE","@id":"https:\/\/truusk.store\/sv\/produkt\/truusk-hopfallbar-solsang-med-kudde-justerbart-ryggstod-max-150-kg-svart-for-tradgard-strand\/#primaryimage","url":"https:\/\/i0.wp.com\/truusk.store\/wp-content\/uploads\/2026\/01\/hopfallbar-solsang-med-kudde-tyngdlos-solstol-med-9-faldigt-justerbar-ryggstod-tradgardsstol-tal-upp-till-150-kg-for-tradgard-semester-utomhus-strand-pool-svart-1.webp?fit=2000%2C2000&ssl=1","contentUrl":"https:\/\/i0.wp.com\/truusk.store\/wp-content\/uploads\/2026\/01\/hopfallbar-solsang-med-kudde-tyngdlos-solstol-med-9-faldigt-justerbar-ryggstod-tradgardsstol-tal-upp-till-150-kg-for-tradgard-semester-utomhus-strand-pool-svart-1.webp?fit=2000%2C2000&ssl=1","width":2000,"height":2000},{"@type":"BreadcrumbList","@id":"https:\/\/truusk.store\/sv\/produkt\/truusk-hopfallbar-solsang-med-kudde-justerbart-ryggstod-max-150-kg-svart-for-tradgard-strand\/#breadcrumb","itemListElement":[{"@type":"ListItem","position":1,"name":"Home","item":"https:\/\/truusk.store\/sv\/"},{"@type":"ListItem","position":2,"name":"Shop","item":"https:\/\/truusk.store\/shop\/"},{"@type":"ListItem","position":3,"name":"TRUUSK Hopf\u00e4llbar Sols\u00e4ng Med Kudde &#8211; Justerbart Ryggst\u00f6d &#8211; Max 150 kg &#8211; Svart &#8211; F\u00f6r Tr\u00e4dg\u00e5rd &amp; Strand"}]},{"@type":"WebSite","@id":"https:\/\/truusk.store\/sv\/#website","url":"https:\/\/truusk.store\/sv\/","name":"TRUUSK - Hem, Tr\u00e4dg\u00e5rd & Fritid","description":"","publisher":{"@id":"https:\/\/truusk.store\/sv\/#organization"},"potentialAction":[{"@type":"SearchAction","target":{"@type":"EntryPoint","urlTemplate":"https:\/\/truusk.store\/sv\/?s={search_term_string}"},"query-input":{"@type":"PropertyValueSpecification","valueRequired":true,"valueName":"search_term_string"}}],"inLanguage":"sv-SE"},{"@type":"Organization","@id":"https:\/\/truusk.store\/sv\/#organization","name":"TRUUSK - Hem, Tr\u00e4dg\u00e5rd & Fritid","url":"https:\/\/truusk.store\/sv\/","logo":{"@type":"ImageObject","inLanguage":"sv-SE","@id":"https:\/\/truusk.store\/sv\/#\/schema\/logo\/image\/","url":"https:\/\/i0.wp.com\/truusk.store\/wp-content\/uploads\/2026\/03\/cropped-TRUUSK.png?fit=2032%2C917&ssl=1","contentUrl":"https:\/\/i0.wp.com\/truusk.store\/wp-content\/uploads\/2026\/03\/cropped-TRUUSK.png?fit=2032%2C917&ssl=1","width":2032,"height":917,"caption":"TRUUSK - Hem, Tr\u00e4dg\u00e5rd & Fritid"},"image":{"@id":"https:\/\/truusk.store\/sv\/#\/schema\/logo\/image\/"}}]}},"jetpack_sharing_enabled":true,"_links":{"self":[{"href":"https:\/\/truusk.store\/sv\/wp-json\/wp\/v2\/product\/100710","targetHints":{"allow":["GET"]}}],"collection":[{"href":"https:\/\/truusk.store\/sv\/wp-json\/wp\/v2\/product"}],"about":[{"href":"https:\/\/truusk.store\/sv\/wp-json\/wp\/v2\/types\/product"}],"wp:featuredmedia":[{"embeddable":true,"href":"https:\/\/truusk.store\/sv\/wp-json\/wp\/v2\/media\/100694"}],"wp:attachment":[{"href":"https:\/\/truusk.store\/sv\/wp-json\/wp\/v2\/media?parent=100710"}],"wp:term":[{"taxonomy":"product_brand","embeddable":true,"href":"https:\/\/truusk.store\/sv\/wp-json\/wp\/v2\/product_brand?post=100710"},{"taxonomy":"product_cat","embeddable":true,"href":"https:\/\/truusk.store\/sv\/wp-json\/wp\/v2\/product_cat?post=100710"},{"taxonomy":"product_tag","embeddable":true,"href":"https:\/\/truusk.store\/sv\/wp-json\/wp\/v2\/product_tag?post=100710"}],"curies":[{"name":"wp","href":"https:\/\/api.w.org\/{rel}","templated":true}]}}