{"id":100726,"date":"2026-01-28T04:14:35","date_gmt":"2026-01-28T03:14:35","guid":{"rendered":"https:\/\/truusk.store\/product\/2-pack-barstolar-hojdjusterbara-metallram-roterande-sits-kramvit\/"},"modified":"2026-03-12T09:14:22","modified_gmt":"2026-03-12T08:14:22","slug":"truusk-2-pack-barstolar-hojdjusterbara-metallram-roterande-sits-kramvit","status":"publish","type":"product","link":"https:\/\/truusk.store\/sv\/produkt\/truusk-2-pack-barstolar-hojdjusterbara-metallram-roterande-sits-kramvit\/","title":{"rendered":"TRUUSK 2-pack Barstolar &#8211; H\u00f6jdjusterbara &#8211; Metallram &#8211; Roterande Sits &#8211; Kr\u00e4mvit"},"content":{"rendered":"<p>Detta set med 2 barstolar fr\u00e5n [BRAND NAME] \u00e4r den perfekta kombinationen av sofistikering och modernitet som du beh\u00f6ver l\u00e4gga till i ditt hem eller bar f\u00f6r att f\u00f6rsk\u00f6na det. Barstolens runda metallram med halkfri bas \u00e4r h\u00f6jdjusterbar och erbjuder b\u00e4ttre stabilitet och s\u00e4kerhet f\u00f6r att f\u00f6rhindra att den v\u00e4lter. En 360-graders roterande sits och en inbyggd fotst\u00f6d ger mer sittkomfort. Uppdatera din matplats med dessa vackra barstolar.<\/p>\n<p>Beskrivning:<\/p>\n<ul>\n<li> Set med tv\u00e5 moderna barstolar f\u00f6r att uppgradera dina barer<\/li>\n<li> L\u00e4tt justerbar sitth\u00f6jd med sidospak<\/li>\n<li> Sits och ryggst\u00f6d i plast med vackra klisterm\u00e4rken i tr\u00e4kornsstil<\/li>\n<li> Set med 2 barstolar passar de flesta diskar och h\u00f6ga bord, l\u00e4mpliga f\u00f6r kaf\u00e9er, pubar, hemmabar<\/li>\n<li> Inbyggt fotst\u00f6d f\u00f6r att vila dina f\u00f6tter<\/li>\n<li> 360-graders roterande sits p\u00e5 den h\u00f6jdjusterbara barstolen f\u00f6r mer komfort och bekv\u00e4mlighet<\/li>\n<li> Rund kromad metallram med halkfria plastdynor p\u00e5 barstolen f\u00f6r \u00f6kad stabilitet<\/li>\n<li> Enkel montering kr\u00e4vs<\/li>\n<\/ul>\n<p> Tekniska specifikationer:<\/p>\n<ul>\n<li> F\u00e4rg: Kr\u00e4m vit+Silver<\/li>\n<li> Material: Konstl\u00e4der, skum, metall, plast<\/li>\n<li> Maximal belastningskapacitet: 120 kg<\/li>\n<li> Totala m\u00e5tt: 46B x 50T x 85-106H cm<\/li>\n<li> Sitsstorlek: 46B x 36,5T cm<\/li>\n<li> Sits till golvh\u00f6jd: 64-85 cm<\/li>\n<li> H\u00f6jd p\u00e5 fotst\u00f6d: 21-42 cm<\/li>\n<\/ul>\n<p>Leveransinneh\u00e5ll:<\/p>\n<ul>\n<li> 2 x Barstolar<\/li>\n<li> 1 x Monteringsanvisningar<\/li>\n<\/ul>\n","protected":false},"excerpt":{"rendered":"<p>Detta set med 2 barstolar fr\u00e5n [BRAND NAME] \u00e4r den perfekta kombinationen av sofistikering och modernitet som du beh\u00f6ver l\u00e4gga&#8230;<\/p>\n","protected":false},"featured_media":100717,"template":"","meta":[],"product_brand":[],"product_cat":[643,871,889],"product_tag":[],"class_list":{"0":"post-100726","1":"product","2":"type-product","3":"status-publish","4":"has-post-thumbnail","6":"product_cat-barnstolar","7":"product_cat-hus-hem","8":"product_cat-kok-matsal","10":"first","11":"instock","12":"sale","13":"taxable","14":"shipping-taxable","15":"purchasable","16":"product-type-simple"},"yoast_head":"<!-- This site is optimized with the Yoast SEO plugin v25.4 - https:\/\/yoast.com\/wordpress\/plugins\/seo\/ -->\n<title>TRUUSK 2-pack Barstolar - H\u00f6jdjusterbara - Metallram - Roterande Sits - Kr\u00e4mvit - TRUUSK - Hem, Tr\u00e4dg\u00e5rd &amp; Fritid<\/title>\n<meta name=\"robots\" content=\"index, follow, max-snippet:-1, max-image-preview:large, max-video-preview:-1\" \/>\n<link rel=\"canonical\" href=\"https:\/\/truusk.store\/sv\/produkt\/truusk-2-pack-barstolar-hojdjusterbara-metallram-roterande-sits-kramvit\/\" \/>\n<meta property=\"og:locale\" content=\"sv_SE\" \/>\n<meta property=\"og:type\" content=\"article\" \/>\n<meta property=\"og:title\" content=\"TRUUSK 2-pack Barstolar - H\u00f6jdjusterbara - Metallram - Roterande Sits - Kr\u00e4mvit - TRUUSK - Hem, Tr\u00e4dg\u00e5rd &amp; Fritid\" \/>\n<meta property=\"og:description\" content=\"Detta set med 2 barstolar fr\u00e5n [BRAND NAME] \u00e4r den perfekta kombinationen av sofistikering och modernitet som du beh\u00f6ver l\u00e4gga...\" \/>\n<meta property=\"og:url\" content=\"https:\/\/truusk.store\/sv\/produkt\/truusk-2-pack-barstolar-hojdjusterbara-metallram-roterande-sits-kramvit\/\" \/>\n<meta property=\"og:site_name\" content=\"TRUUSK - Hem, Tr\u00e4dg\u00e5rd &amp; Fritid\" \/>\n<meta property=\"article:modified_time\" content=\"2026-03-12T08:14:22+00:00\" \/>\n<meta property=\"og:image\" content=\"https:\/\/i0.wp.com\/truusk.se\/wp-content\/uploads\/2026\/01\/2-pack-barstolar-hojdjusterbara-metallram-roterande-sits-kramvit-1.webp?fit=2000%2C2000&ssl=1\" \/>\n\t<meta property=\"og:image:width\" content=\"2000\" \/>\n\t<meta property=\"og:image:height\" content=\"2000\" \/>\n\t<meta property=\"og:image:type\" content=\"image\/webp\" \/>\n<meta name=\"twitter:card\" content=\"summary_large_image\" \/>\n<meta name=\"twitter:label1\" content=\"Ber\u00e4knad l\u00e4stid\" \/>\n\t<meta name=\"twitter:data1\" content=\"1 minut\" \/>\n<!-- \/ Yoast SEO plugin. -->","yoast_head_json":{"title":"TRUUSK 2-pack Barstolar - H\u00f6jdjusterbara - Metallram - Roterande Sits - Kr\u00e4mvit - TRUUSK - Hem, Tr\u00e4dg\u00e5rd &amp; Fritid","robots":{"index":"index","follow":"follow","max-snippet":"max-snippet:-1","max-image-preview":"max-image-preview:large","max-video-preview":"max-video-preview:-1"},"canonical":"https:\/\/truusk.store\/sv\/produkt\/truusk-2-pack-barstolar-hojdjusterbara-metallram-roterande-sits-kramvit\/","og_locale":"sv_SE","og_type":"article","og_title":"TRUUSK 2-pack Barstolar - H\u00f6jdjusterbara - Metallram - Roterande Sits - Kr\u00e4mvit - TRUUSK - Hem, Tr\u00e4dg\u00e5rd &amp; Fritid","og_description":"Detta set med 2 barstolar fr\u00e5n [BRAND NAME] \u00e4r den perfekta kombinationen av sofistikering och modernitet som du beh\u00f6ver l\u00e4gga...","og_url":"https:\/\/truusk.store\/sv\/produkt\/truusk-2-pack-barstolar-hojdjusterbara-metallram-roterande-sits-kramvit\/","og_site_name":"TRUUSK - Hem, Tr\u00e4dg\u00e5rd &amp; Fritid","article_modified_time":"2026-03-12T08:14:22+00:00","og_image":[{"width":2000,"height":2000,"url":"https:\/\/i0.wp.com\/truusk.se\/wp-content\/uploads\/2026\/01\/2-pack-barstolar-hojdjusterbara-metallram-roterande-sits-kramvit-1.webp?fit=2000%2C2000&ssl=1","type":"image\/webp"}],"twitter_card":"summary_large_image","twitter_misc":{"Ber\u00e4knad l\u00e4stid":"1 minut"},"schema":{"@context":"https:\/\/schema.org","@graph":[{"@type":"WebPage","@id":"https:\/\/truusk.store\/sv\/produkt\/truusk-2-pack-barstolar-hojdjusterbara-metallram-roterande-sits-kramvit\/","url":"https:\/\/truusk.store\/sv\/produkt\/truusk-2-pack-barstolar-hojdjusterbara-metallram-roterande-sits-kramvit\/","name":"TRUUSK 2-pack Barstolar - H\u00f6jdjusterbara - Metallram - Roterande Sits - Kr\u00e4mvit - TRUUSK - Hem, Tr\u00e4dg\u00e5rd &amp; Fritid","isPartOf":{"@id":"https:\/\/truusk.store\/sv\/#website"},"primaryImageOfPage":{"@id":"https:\/\/truusk.store\/sv\/produkt\/truusk-2-pack-barstolar-hojdjusterbara-metallram-roterande-sits-kramvit\/#primaryimage"},"image":{"@id":"https:\/\/truusk.store\/sv\/produkt\/truusk-2-pack-barstolar-hojdjusterbara-metallram-roterande-sits-kramvit\/#primaryimage"},"thumbnailUrl":"https:\/\/i0.wp.com\/truusk.store\/wp-content\/uploads\/2026\/01\/2-pack-barstolar-hojdjusterbara-metallram-roterande-sits-kramvit-1.webp?fit=2000%2C2000&ssl=1","datePublished":"2026-01-28T03:14:35+00:00","dateModified":"2026-03-12T08:14:22+00:00","breadcrumb":{"@id":"https:\/\/truusk.store\/sv\/produkt\/truusk-2-pack-barstolar-hojdjusterbara-metallram-roterande-sits-kramvit\/#breadcrumb"},"inLanguage":"sv-SE","potentialAction":[{"@type":"ReadAction","target":["https:\/\/truusk.store\/sv\/produkt\/truusk-2-pack-barstolar-hojdjusterbara-metallram-roterande-sits-kramvit\/"]}]},{"@type":"ImageObject","inLanguage":"sv-SE","@id":"https:\/\/truusk.store\/sv\/produkt\/truusk-2-pack-barstolar-hojdjusterbara-metallram-roterande-sits-kramvit\/#primaryimage","url":"https:\/\/i0.wp.com\/truusk.store\/wp-content\/uploads\/2026\/01\/2-pack-barstolar-hojdjusterbara-metallram-roterande-sits-kramvit-1.webp?fit=2000%2C2000&ssl=1","contentUrl":"https:\/\/i0.wp.com\/truusk.store\/wp-content\/uploads\/2026\/01\/2-pack-barstolar-hojdjusterbara-metallram-roterande-sits-kramvit-1.webp?fit=2000%2C2000&ssl=1","width":2000,"height":2000},{"@type":"BreadcrumbList","@id":"https:\/\/truusk.store\/sv\/produkt\/truusk-2-pack-barstolar-hojdjusterbara-metallram-roterande-sits-kramvit\/#breadcrumb","itemListElement":[{"@type":"ListItem","position":1,"name":"Home","item":"https:\/\/truusk.store\/sv\/"},{"@type":"ListItem","position":2,"name":"Shop","item":"https:\/\/truusk.store\/shop\/"},{"@type":"ListItem","position":3,"name":"TRUUSK 2-pack Barstolar &#8211; H\u00f6jdjusterbara &#8211; Metallram &#8211; Roterande Sits &#8211; Kr\u00e4mvit"}]},{"@type":"WebSite","@id":"https:\/\/truusk.store\/sv\/#website","url":"https:\/\/truusk.store\/sv\/","name":"TRUUSK - Hem, Tr\u00e4dg\u00e5rd & Fritid","description":"","publisher":{"@id":"https:\/\/truusk.store\/sv\/#organization"},"potentialAction":[{"@type":"SearchAction","target":{"@type":"EntryPoint","urlTemplate":"https:\/\/truusk.store\/sv\/?s={search_term_string}"},"query-input":{"@type":"PropertyValueSpecification","valueRequired":true,"valueName":"search_term_string"}}],"inLanguage":"sv-SE"},{"@type":"Organization","@id":"https:\/\/truusk.store\/sv\/#organization","name":"TRUUSK - Hem, Tr\u00e4dg\u00e5rd & Fritid","url":"https:\/\/truusk.store\/sv\/","logo":{"@type":"ImageObject","inLanguage":"sv-SE","@id":"https:\/\/truusk.store\/sv\/#\/schema\/logo\/image\/","url":"https:\/\/i0.wp.com\/truusk.store\/wp-content\/uploads\/2026\/03\/cropped-TRUUSK.png?fit=2032%2C917&ssl=1","contentUrl":"https:\/\/i0.wp.com\/truusk.store\/wp-content\/uploads\/2026\/03\/cropped-TRUUSK.png?fit=2032%2C917&ssl=1","width":2032,"height":917,"caption":"TRUUSK - Hem, Tr\u00e4dg\u00e5rd & Fritid"},"image":{"@id":"https:\/\/truusk.store\/sv\/#\/schema\/logo\/image\/"}}]}},"jetpack_sharing_enabled":true,"_links":{"self":[{"href":"https:\/\/truusk.store\/sv\/wp-json\/wp\/v2\/product\/100726","targetHints":{"allow":["GET"]}}],"collection":[{"href":"https:\/\/truusk.store\/sv\/wp-json\/wp\/v2\/product"}],"about":[{"href":"https:\/\/truusk.store\/sv\/wp-json\/wp\/v2\/types\/product"}],"wp:featuredmedia":[{"embeddable":true,"href":"https:\/\/truusk.store\/sv\/wp-json\/wp\/v2\/media\/100717"}],"wp:attachment":[{"href":"https:\/\/truusk.store\/sv\/wp-json\/wp\/v2\/media?parent=100726"}],"wp:term":[{"taxonomy":"product_brand","embeddable":true,"href":"https:\/\/truusk.store\/sv\/wp-json\/wp\/v2\/product_brand?post=100726"},{"taxonomy":"product_cat","embeddable":true,"href":"https:\/\/truusk.store\/sv\/wp-json\/wp\/v2\/product_cat?post=100726"},{"taxonomy":"product_tag","embeddable":true,"href":"https:\/\/truusk.store\/sv\/wp-json\/wp\/v2\/product_tag?post=100726"}],"curies":[{"name":"wp","href":"https:\/\/api.w.org\/{rel}","templated":true}]}}