{"id":100776,"date":"2026-01-28T04:20:38","date_gmt":"2026-01-28T03:20:38","guid":{"rendered":"https:\/\/truusk.store\/product\/reservtak-for-3-x-3-m-pergola-infallbar-med-regnavloppshal-vaderbestandig-polyester-kaffe\/"},"modified":"2026-03-12T09:16:37","modified_gmt":"2026-03-12T08:16:37","slug":"truusk-reservtak-for-3-x-3-m-pergola-infallbar-med-regnavloppshal-vaderbestandig-polyester-kaffe","status":"publish","type":"product","link":"https:\/\/truusk.store\/sv\/produkt\/truusk-reservtak-for-3-x-3-m-pergola-infallbar-med-regnavloppshal-vaderbestandig-polyester-kaffe\/","title":{"rendered":"TRUUSK Reservtak f\u00f6r 3 x 3 m Pergola &#8211; Inf\u00e4llbar med regnavloppsh\u00e5l &#8211; V\u00e4derbest\u00e4ndig polyester &#8211; Kaffe"},"content":{"rendered":"<p>Ge ditt paviljong nytt liv med v\u00e5rt h\u00f6gkvalitativa ers\u00e4ttningstak f\u00f6r pergola fr\u00e5n [BRAND NAME]! Ist\u00e4llet f\u00f6r att kasta bort din pergola, f\u00f6rvandla den snabbt till en stilfull blickf\u00e5ngare. Denna \u00f6verbyggnad \u00e4r perfekt f\u00f6r 3 x 3 m paviljonger och pergolas med ett inf\u00e4llbart tak, som modellerna 84C-054GY och 84C-054BK. Montering \u00e4r barnsligt enkel &#8211; bara kontrollera kompatibiliteten, f\u00e4st den nya skuggt\u00e4ckningen och njut av skuggiga timmar utomhus igen.<\/p>\n<p>Beskrivning:<\/p>\n<ul>\n<li> Endast l\u00e4mplig f\u00f6r 3 x 3 m [BRAND NAME] paviljonger (Sku: 84C-054GY, 84C-054BK)<\/li>\n<li> Med 10 dr\u00e4neringsh\u00e5l f\u00f6r att f\u00f6rhindra bildning av vattenansamlingar<\/li>\n<li> H\u00e5l i takets presenning f\u00f6r enkel montering p\u00e5 paviljongramen (endast presenningen ing\u00e5r)<\/li>\n<li> Leveransen inkluderar inte paviljongramen eller de inf\u00e4llbara takskinnorna, endast takpresenningen<\/li>\n<li> Kontrollera kompatibiliteten av \u00f6verbyggnaden och m\u00e4t din paviljong innan du k\u00f6per ers\u00e4ttningstaket<\/li>\n<li> Anv\u00e4nd inte skuggt\u00e4ckningen vid d\u00e5ligt v\u00e4der som storm, stark vind eller kraftigt regn<\/li>\n<li> Denna pergola\u00f6verdrag har bara fickor f\u00f6r sex st\u00e4nger<\/li>\n<\/ul>\n<p> Tekniska data:<\/p>\n<ul>\n<li> F\u00e4rg: Kaffe<\/li>\n<li> Material: 100% Polyester (180 g\/m\u00b2)<\/li>\n<li> Totala dimensioner: 250L x 255B cm<\/li>\n<li> L\u00e4mpliga paviljonger: 3 x 3 m<\/li>\n<li> Dr\u00e4neringsh\u00e5l: \u00d814 mm<\/li>\n<\/ul>\n<p>Leveransinneh\u00e5ll:<\/p>\n<ul>\n<li> 1 x Ers\u00e4ttningstak f\u00f6r paviljonger;<\/li>\n<\/ul>\n","protected":false},"excerpt":{"rendered":"<p>Ge ditt paviljong nytt liv med v\u00e5rt h\u00f6gkvalitativa ers\u00e4ttningstak f\u00f6r pergola fr\u00e5n [BRAND NAME]! Ist\u00e4llet f\u00f6r att kasta bort din&#8230;<\/p>\n","protected":false},"featured_media":100765,"template":"","meta":[],"product_brand":[],"product_cat":[479,858,476],"product_tag":[],"class_list":{"0":"post-100776","1":"product","2":"type-product","3":"status-publish","4":"has-post-thumbnail","6":"product_cat-paviljongtak","7":"product_cat-tradgard-terrass","8":"product_cat-tradgardspaviljonger","10":"first","11":"instock","12":"sale","13":"taxable","14":"shipping-taxable","15":"purchasable","16":"product-type-simple"},"yoast_head":"<!-- This site is optimized with the Yoast SEO plugin v25.4 - https:\/\/yoast.com\/wordpress\/plugins\/seo\/ -->\n<title>TRUUSK Reservtak f\u00f6r 3 x 3 m Pergola - Inf\u00e4llbar med regnavloppsh\u00e5l - V\u00e4derbest\u00e4ndig polyester - Kaffe - TRUUSK - Hem, Tr\u00e4dg\u00e5rd &amp; Fritid<\/title>\n<meta name=\"robots\" content=\"index, follow, max-snippet:-1, max-image-preview:large, max-video-preview:-1\" \/>\n<link rel=\"canonical\" href=\"https:\/\/truusk.store\/sv\/produkt\/truusk-reservtak-for-3-x-3-m-pergola-infallbar-med-regnavloppshal-vaderbestandig-polyester-kaffe\/\" \/>\n<meta property=\"og:locale\" content=\"sv_SE\" \/>\n<meta property=\"og:type\" content=\"article\" \/>\n<meta property=\"og:title\" content=\"TRUUSK Reservtak f\u00f6r 3 x 3 m Pergola - Inf\u00e4llbar med regnavloppsh\u00e5l - V\u00e4derbest\u00e4ndig polyester - Kaffe - TRUUSK - Hem, Tr\u00e4dg\u00e5rd &amp; Fritid\" \/>\n<meta property=\"og:description\" content=\"Ge ditt paviljong nytt liv med v\u00e5rt h\u00f6gkvalitativa ers\u00e4ttningstak f\u00f6r pergola fr\u00e5n [BRAND NAME]! Ist\u00e4llet f\u00f6r att kasta bort din...\" \/>\n<meta property=\"og:url\" content=\"https:\/\/truusk.store\/sv\/produkt\/truusk-reservtak-for-3-x-3-m-pergola-infallbar-med-regnavloppshal-vaderbestandig-polyester-kaffe\/\" \/>\n<meta property=\"og:site_name\" content=\"TRUUSK - Hem, Tr\u00e4dg\u00e5rd &amp; Fritid\" \/>\n<meta property=\"article:modified_time\" content=\"2026-03-12T08:16:37+00:00\" \/>\n<meta property=\"og:image\" content=\"https:\/\/i0.wp.com\/truusk.se\/wp-content\/uploads\/2026\/01\/reservtak-for-3-x-3-m-pergola-infallbar-med-regnavloppshal-vaderbestandig-polyester-kaffe-1.webp?fit=2000%2C2000&ssl=1\" \/>\n\t<meta property=\"og:image:width\" content=\"2000\" \/>\n\t<meta property=\"og:image:height\" content=\"2000\" \/>\n\t<meta property=\"og:image:type\" content=\"image\/webp\" \/>\n<meta name=\"twitter:card\" content=\"summary_large_image\" \/>\n<meta name=\"twitter:label1\" content=\"Ber\u00e4knad l\u00e4stid\" \/>\n\t<meta name=\"twitter:data1\" content=\"1 minut\" \/>\n<!-- \/ Yoast SEO plugin. -->","yoast_head_json":{"title":"TRUUSK Reservtak f\u00f6r 3 x 3 m Pergola - Inf\u00e4llbar med regnavloppsh\u00e5l - V\u00e4derbest\u00e4ndig polyester - Kaffe - TRUUSK - Hem, Tr\u00e4dg\u00e5rd &amp; Fritid","robots":{"index":"index","follow":"follow","max-snippet":"max-snippet:-1","max-image-preview":"max-image-preview:large","max-video-preview":"max-video-preview:-1"},"canonical":"https:\/\/truusk.store\/sv\/produkt\/truusk-reservtak-for-3-x-3-m-pergola-infallbar-med-regnavloppshal-vaderbestandig-polyester-kaffe\/","og_locale":"sv_SE","og_type":"article","og_title":"TRUUSK Reservtak f\u00f6r 3 x 3 m Pergola - Inf\u00e4llbar med regnavloppsh\u00e5l - V\u00e4derbest\u00e4ndig polyester - Kaffe - TRUUSK - Hem, Tr\u00e4dg\u00e5rd &amp; Fritid","og_description":"Ge ditt paviljong nytt liv med v\u00e5rt h\u00f6gkvalitativa ers\u00e4ttningstak f\u00f6r pergola fr\u00e5n [BRAND NAME]! Ist\u00e4llet f\u00f6r att kasta bort din...","og_url":"https:\/\/truusk.store\/sv\/produkt\/truusk-reservtak-for-3-x-3-m-pergola-infallbar-med-regnavloppshal-vaderbestandig-polyester-kaffe\/","og_site_name":"TRUUSK - Hem, Tr\u00e4dg\u00e5rd &amp; Fritid","article_modified_time":"2026-03-12T08:16:37+00:00","og_image":[{"width":2000,"height":2000,"url":"https:\/\/i0.wp.com\/truusk.se\/wp-content\/uploads\/2026\/01\/reservtak-for-3-x-3-m-pergola-infallbar-med-regnavloppshal-vaderbestandig-polyester-kaffe-1.webp?fit=2000%2C2000&ssl=1","type":"image\/webp"}],"twitter_card":"summary_large_image","twitter_misc":{"Ber\u00e4knad l\u00e4stid":"1 minut"},"schema":{"@context":"https:\/\/schema.org","@graph":[{"@type":"WebPage","@id":"https:\/\/truusk.store\/sv\/produkt\/truusk-reservtak-for-3-x-3-m-pergola-infallbar-med-regnavloppshal-vaderbestandig-polyester-kaffe\/","url":"https:\/\/truusk.store\/sv\/produkt\/truusk-reservtak-for-3-x-3-m-pergola-infallbar-med-regnavloppshal-vaderbestandig-polyester-kaffe\/","name":"TRUUSK Reservtak f\u00f6r 3 x 3 m Pergola - Inf\u00e4llbar med regnavloppsh\u00e5l - V\u00e4derbest\u00e4ndig polyester - Kaffe - TRUUSK - Hem, Tr\u00e4dg\u00e5rd &amp; Fritid","isPartOf":{"@id":"https:\/\/truusk.store\/sv\/#website"},"primaryImageOfPage":{"@id":"https:\/\/truusk.store\/sv\/produkt\/truusk-reservtak-for-3-x-3-m-pergola-infallbar-med-regnavloppshal-vaderbestandig-polyester-kaffe\/#primaryimage"},"image":{"@id":"https:\/\/truusk.store\/sv\/produkt\/truusk-reservtak-for-3-x-3-m-pergola-infallbar-med-regnavloppshal-vaderbestandig-polyester-kaffe\/#primaryimage"},"thumbnailUrl":"https:\/\/i0.wp.com\/truusk.store\/wp-content\/uploads\/2026\/01\/reservtak-for-3-x-3-m-pergola-infallbar-med-regnavloppshal-vaderbestandig-polyester-kaffe-1.webp?fit=2000%2C2000&ssl=1","datePublished":"2026-01-28T03:20:38+00:00","dateModified":"2026-03-12T08:16:37+00:00","breadcrumb":{"@id":"https:\/\/truusk.store\/sv\/produkt\/truusk-reservtak-for-3-x-3-m-pergola-infallbar-med-regnavloppshal-vaderbestandig-polyester-kaffe\/#breadcrumb"},"inLanguage":"sv-SE","potentialAction":[{"@type":"ReadAction","target":["https:\/\/truusk.store\/sv\/produkt\/truusk-reservtak-for-3-x-3-m-pergola-infallbar-med-regnavloppshal-vaderbestandig-polyester-kaffe\/"]}]},{"@type":"ImageObject","inLanguage":"sv-SE","@id":"https:\/\/truusk.store\/sv\/produkt\/truusk-reservtak-for-3-x-3-m-pergola-infallbar-med-regnavloppshal-vaderbestandig-polyester-kaffe\/#primaryimage","url":"https:\/\/i0.wp.com\/truusk.store\/wp-content\/uploads\/2026\/01\/reservtak-for-3-x-3-m-pergola-infallbar-med-regnavloppshal-vaderbestandig-polyester-kaffe-1.webp?fit=2000%2C2000&ssl=1","contentUrl":"https:\/\/i0.wp.com\/truusk.store\/wp-content\/uploads\/2026\/01\/reservtak-for-3-x-3-m-pergola-infallbar-med-regnavloppshal-vaderbestandig-polyester-kaffe-1.webp?fit=2000%2C2000&ssl=1","width":2000,"height":2000},{"@type":"BreadcrumbList","@id":"https:\/\/truusk.store\/sv\/produkt\/truusk-reservtak-for-3-x-3-m-pergola-infallbar-med-regnavloppshal-vaderbestandig-polyester-kaffe\/#breadcrumb","itemListElement":[{"@type":"ListItem","position":1,"name":"Home","item":"https:\/\/truusk.store\/sv\/"},{"@type":"ListItem","position":2,"name":"Shop","item":"https:\/\/truusk.store\/shop\/"},{"@type":"ListItem","position":3,"name":"TRUUSK Reservtak f\u00f6r 3 x 3 m Pergola &#8211; Inf\u00e4llbar med regnavloppsh\u00e5l &#8211; V\u00e4derbest\u00e4ndig polyester &#8211; Kaffe"}]},{"@type":"WebSite","@id":"https:\/\/truusk.store\/sv\/#website","url":"https:\/\/truusk.store\/sv\/","name":"TRUUSK - Hem, Tr\u00e4dg\u00e5rd & Fritid","description":"","publisher":{"@id":"https:\/\/truusk.store\/sv\/#organization"},"potentialAction":[{"@type":"SearchAction","target":{"@type":"EntryPoint","urlTemplate":"https:\/\/truusk.store\/sv\/?s={search_term_string}"},"query-input":{"@type":"PropertyValueSpecification","valueRequired":true,"valueName":"search_term_string"}}],"inLanguage":"sv-SE"},{"@type":"Organization","@id":"https:\/\/truusk.store\/sv\/#organization","name":"TRUUSK - Hem, Tr\u00e4dg\u00e5rd & Fritid","url":"https:\/\/truusk.store\/sv\/","logo":{"@type":"ImageObject","inLanguage":"sv-SE","@id":"https:\/\/truusk.store\/sv\/#\/schema\/logo\/image\/","url":"https:\/\/i0.wp.com\/truusk.store\/wp-content\/uploads\/2026\/03\/cropped-TRUUSK.png?fit=2032%2C917&ssl=1","contentUrl":"https:\/\/i0.wp.com\/truusk.store\/wp-content\/uploads\/2026\/03\/cropped-TRUUSK.png?fit=2032%2C917&ssl=1","width":2032,"height":917,"caption":"TRUUSK - Hem, Tr\u00e4dg\u00e5rd & Fritid"},"image":{"@id":"https:\/\/truusk.store\/sv\/#\/schema\/logo\/image\/"}}]}},"jetpack_sharing_enabled":true,"_links":{"self":[{"href":"https:\/\/truusk.store\/sv\/wp-json\/wp\/v2\/product\/100776","targetHints":{"allow":["GET"]}}],"collection":[{"href":"https:\/\/truusk.store\/sv\/wp-json\/wp\/v2\/product"}],"about":[{"href":"https:\/\/truusk.store\/sv\/wp-json\/wp\/v2\/types\/product"}],"wp:featuredmedia":[{"embeddable":true,"href":"https:\/\/truusk.store\/sv\/wp-json\/wp\/v2\/media\/100765"}],"wp:attachment":[{"href":"https:\/\/truusk.store\/sv\/wp-json\/wp\/v2\/media?parent=100776"}],"wp:term":[{"taxonomy":"product_brand","embeddable":true,"href":"https:\/\/truusk.store\/sv\/wp-json\/wp\/v2\/product_brand?post=100776"},{"taxonomy":"product_cat","embeddable":true,"href":"https:\/\/truusk.store\/sv\/wp-json\/wp\/v2\/product_cat?post=100776"},{"taxonomy":"product_tag","embeddable":true,"href":"https:\/\/truusk.store\/sv\/wp-json\/wp\/v2\/product_tag?post=100776"}],"curies":[{"name":"wp","href":"https:\/\/api.w.org\/{rel}","templated":true}]}}