{"id":10079,"date":"2024-02-13T10:03:00","date_gmt":"2024-02-13T09:03:00","guid":{"rendered":"https:\/\/truusk.store\/product\/hopfallbart-hundbadkar-hundbassang-plaskdamm-pool-vattenbassang-for-hundar-och-katter-pool-plast-tra-bla-100-x-h30-cm\/"},"modified":"2026-03-12T08:56:18","modified_gmt":"2026-03-12T07:56:18","slug":"truusk-hundbadkar-och-bassang-for-hundar-och-katter-hopfallbar-plast-och-tra-bla-100-x-h30-cm","status":"publish","type":"product","link":"https:\/\/truusk.store\/sv\/produkt\/truusk-hundbadkar-och-bassang-for-hundar-och-katter-hopfallbar-plast-och-tra-bla-100-x-h30-cm\/","title":{"rendered":"TRUUSK Hundbadkar och Bass\u00e4ng f\u00f6r Hundar och Katter &#8211; Hopf\u00e4llbar &#8211; Plast och Tr\u00e4 &#8211; Bl\u00e5 &#8211; 100 x H30 cm"},"content":{"rendered":"<p>Perfekt f\u00f6r att svalka dig under varma dagar! Att simma i hundbass\u00e4ngen \u00e4r h\u00e4lsosamt och hj\u00e4lper dig att svalka dig. Kan anv\u00e4ndas f\u00f6r att fr\u00e4scha upp husdjur under varma soliga dagar. Tack vare hundpoolen kommer din \u00e4lskling att ha mycket roligt och gl\u00e4dje.<\/p>\n<h3>Beskrivning:<\/h3>\n<ul>\n<li>L\u00e4mplig f\u00f6r inomhus- och utomhusbruk<\/li>\n<li>Tillverkad av robust och starkt material<\/li>\n<li>Praktisk vattenavtappningsventil f\u00f6r t\u00f6mning<\/li>\n<li>Stabil kantf\u00f6rst\u00e4rkning<\/li>\n<li>Utrymmesbesparande, hopf\u00e4llbar<\/li>\n<li>L\u00e4tt att st\u00e4da<\/li>\n<\/ul>\n<h3>Teknisk data:<\/h3>\n<ul>\n<li>Material: plast, tr\u00e4<\/li>\n<li>F\u00e4rg: Himmelsbl\u00e5 + M\u00f6rkbl\u00e5<\/li>\n<li>M\u00e5tt: 100 x H30 cm<\/li>\n<li>Antal sidov\u00e4ggar: 22 st<\/li>\n<li>Avloppsh\u00e5l innerdiameter: 3,2 cm<\/li>\n<\/ul>\n<h3>Leveransens omfattning:<\/h3>\n<ul>\n<li>1 x hundpool;<\/li>\n<\/ul>\n","protected":false},"excerpt":{"rendered":"<p>Perfekt f\u00f6r att svalka dig under varma dagar! Att simma i hundbass\u00e4ngen \u00e4r h\u00e4lsosamt och hj\u00e4lper dig att svalka dig&#8230;.<\/p>\n","protected":false},"featured_media":10080,"template":"","meta":[],"product_brand":[],"product_cat":[581,574,573],"product_tag":[],"class_list":{"0":"post-10079","1":"product","2":"type-product","3":"status-publish","4":"has-post-thumbnail","6":"product_cat-hundpooler","7":"product_cat-hundtillbehor","8":"product_cat-husdjursmaterial","10":"first","11":"instock","12":"sale","13":"taxable","14":"shipping-taxable","15":"purchasable","16":"product-type-simple"},"yoast_head":"<!-- This site is optimized with the Yoast SEO plugin v25.4 - https:\/\/yoast.com\/wordpress\/plugins\/seo\/ -->\n<title>TRUUSK Hundbadkar och Bass\u00e4ng f\u00f6r Hundar och Katter - Hopf\u00e4llbar - Plast och Tr\u00e4 - Bl\u00e5 - 100 x H30 cm - TRUUSK - Hem, Tr\u00e4dg\u00e5rd &amp; Fritid<\/title>\n<meta name=\"robots\" content=\"index, follow, max-snippet:-1, max-image-preview:large, max-video-preview:-1\" \/>\n<link rel=\"canonical\" href=\"https:\/\/truusk.store\/sv\/produkt\/truusk-hundbadkar-och-bassang-for-hundar-och-katter-hopfallbar-plast-och-tra-bla-100-x-h30-cm\/\" \/>\n<meta property=\"og:locale\" content=\"sv_SE\" \/>\n<meta property=\"og:type\" content=\"article\" \/>\n<meta property=\"og:title\" content=\"TRUUSK Hundbadkar och Bass\u00e4ng f\u00f6r Hundar och Katter - Hopf\u00e4llbar - Plast och Tr\u00e4 - Bl\u00e5 - 100 x H30 cm - TRUUSK - Hem, Tr\u00e4dg\u00e5rd &amp; Fritid\" \/>\n<meta property=\"og:description\" content=\"Perfekt f\u00f6r att svalka dig under varma dagar! Att simma i hundbass\u00e4ngen \u00e4r h\u00e4lsosamt och hj\u00e4lper dig att svalka dig....\" \/>\n<meta property=\"og:url\" content=\"https:\/\/truusk.store\/sv\/produkt\/truusk-hundbadkar-och-bassang-for-hundar-och-katter-hopfallbar-plast-och-tra-bla-100-x-h30-cm\/\" \/>\n<meta property=\"og:site_name\" content=\"TRUUSK - Hem, Tr\u00e4dg\u00e5rd &amp; Fritid\" \/>\n<meta property=\"article:modified_time\" content=\"2026-03-12T07:56:18+00:00\" \/>\n<meta property=\"og:image\" content=\"https:\/\/i0.wp.com\/truusk.se\/wp-content\/uploads\/2024\/02\/hopfallbart-hundbadkar-hundbassang-plaskdamm-pool-vattenbassang-for-hundar-och-katter-pool-plast-tra-bla-100-x-h30-cm.webp?fit=800%2C800&ssl=1\" \/>\n\t<meta property=\"og:image:width\" content=\"800\" \/>\n\t<meta property=\"og:image:height\" content=\"800\" \/>\n\t<meta property=\"og:image:type\" content=\"image\/webp\" \/>\n<meta name=\"twitter:card\" content=\"summary_large_image\" \/>\n<meta name=\"twitter:label1\" content=\"Ber\u00e4knad l\u00e4stid\" \/>\n\t<meta name=\"twitter:data1\" content=\"1 minut\" \/>\n<!-- \/ Yoast SEO plugin. -->","yoast_head_json":{"title":"TRUUSK Hundbadkar och Bass\u00e4ng f\u00f6r Hundar och Katter - Hopf\u00e4llbar - Plast och Tr\u00e4 - Bl\u00e5 - 100 x H30 cm - TRUUSK - Hem, Tr\u00e4dg\u00e5rd &amp; Fritid","robots":{"index":"index","follow":"follow","max-snippet":"max-snippet:-1","max-image-preview":"max-image-preview:large","max-video-preview":"max-video-preview:-1"},"canonical":"https:\/\/truusk.store\/sv\/produkt\/truusk-hundbadkar-och-bassang-for-hundar-och-katter-hopfallbar-plast-och-tra-bla-100-x-h30-cm\/","og_locale":"sv_SE","og_type":"article","og_title":"TRUUSK Hundbadkar och Bass\u00e4ng f\u00f6r Hundar och Katter - Hopf\u00e4llbar - Plast och Tr\u00e4 - Bl\u00e5 - 100 x H30 cm - TRUUSK - Hem, Tr\u00e4dg\u00e5rd &amp; Fritid","og_description":"Perfekt f\u00f6r att svalka dig under varma dagar! Att simma i hundbass\u00e4ngen \u00e4r h\u00e4lsosamt och hj\u00e4lper dig att svalka dig....","og_url":"https:\/\/truusk.store\/sv\/produkt\/truusk-hundbadkar-och-bassang-for-hundar-och-katter-hopfallbar-plast-och-tra-bla-100-x-h30-cm\/","og_site_name":"TRUUSK - Hem, Tr\u00e4dg\u00e5rd &amp; Fritid","article_modified_time":"2026-03-12T07:56:18+00:00","og_image":[{"width":800,"height":800,"url":"https:\/\/i0.wp.com\/truusk.se\/wp-content\/uploads\/2024\/02\/hopfallbart-hundbadkar-hundbassang-plaskdamm-pool-vattenbassang-for-hundar-och-katter-pool-plast-tra-bla-100-x-h30-cm.webp?fit=800%2C800&ssl=1","type":"image\/webp"}],"twitter_card":"summary_large_image","twitter_misc":{"Ber\u00e4knad l\u00e4stid":"1 minut"},"schema":{"@context":"https:\/\/schema.org","@graph":[{"@type":"WebPage","@id":"https:\/\/truusk.store\/sv\/produkt\/truusk-hundbadkar-och-bassang-for-hundar-och-katter-hopfallbar-plast-och-tra-bla-100-x-h30-cm\/","url":"https:\/\/truusk.store\/sv\/produkt\/truusk-hundbadkar-och-bassang-for-hundar-och-katter-hopfallbar-plast-och-tra-bla-100-x-h30-cm\/","name":"TRUUSK Hundbadkar och Bass\u00e4ng f\u00f6r Hundar och Katter - Hopf\u00e4llbar - Plast och Tr\u00e4 - Bl\u00e5 - 100 x H30 cm - TRUUSK - Hem, Tr\u00e4dg\u00e5rd &amp; Fritid","isPartOf":{"@id":"https:\/\/truusk.store\/sv\/#website"},"primaryImageOfPage":{"@id":"https:\/\/truusk.store\/sv\/produkt\/truusk-hundbadkar-och-bassang-for-hundar-och-katter-hopfallbar-plast-och-tra-bla-100-x-h30-cm\/#primaryimage"},"image":{"@id":"https:\/\/truusk.store\/sv\/produkt\/truusk-hundbadkar-och-bassang-for-hundar-och-katter-hopfallbar-plast-och-tra-bla-100-x-h30-cm\/#primaryimage"},"thumbnailUrl":"https:\/\/i0.wp.com\/truusk.store\/wp-content\/uploads\/2024\/02\/hopfallbart-hundbadkar-hundbassang-plaskdamm-pool-vattenbassang-for-hundar-och-katter-pool-plast-tra-bla-100-x-h30-cm.webp?fit=800%2C800&ssl=1","datePublished":"2024-02-13T09:03:00+00:00","dateModified":"2026-03-12T07:56:18+00:00","breadcrumb":{"@id":"https:\/\/truusk.store\/sv\/produkt\/truusk-hundbadkar-och-bassang-for-hundar-och-katter-hopfallbar-plast-och-tra-bla-100-x-h30-cm\/#breadcrumb"},"inLanguage":"sv-SE","potentialAction":[{"@type":"ReadAction","target":["https:\/\/truusk.store\/sv\/produkt\/truusk-hundbadkar-och-bassang-for-hundar-och-katter-hopfallbar-plast-och-tra-bla-100-x-h30-cm\/"]}]},{"@type":"ImageObject","inLanguage":"sv-SE","@id":"https:\/\/truusk.store\/sv\/produkt\/truusk-hundbadkar-och-bassang-for-hundar-och-katter-hopfallbar-plast-och-tra-bla-100-x-h30-cm\/#primaryimage","url":"https:\/\/i0.wp.com\/truusk.store\/wp-content\/uploads\/2024\/02\/hopfallbart-hundbadkar-hundbassang-plaskdamm-pool-vattenbassang-for-hundar-och-katter-pool-plast-tra-bla-100-x-h30-cm.webp?fit=800%2C800&ssl=1","contentUrl":"https:\/\/i0.wp.com\/truusk.store\/wp-content\/uploads\/2024\/02\/hopfallbart-hundbadkar-hundbassang-plaskdamm-pool-vattenbassang-for-hundar-och-katter-pool-plast-tra-bla-100-x-h30-cm.webp?fit=800%2C800&ssl=1","width":800,"height":800,"caption":"Hopf\u00e4llbart Hundbadkar, Hundbass\u00e4ng, Plaskdamm, Pool, Vattenbass\u00e4ng F\u00f6r Hundar Och Katter, Pool, Plast + Tr\u00e4, Bl\u00e5, 100 X H30 Cm 1"},{"@type":"BreadcrumbList","@id":"https:\/\/truusk.store\/sv\/produkt\/truusk-hundbadkar-och-bassang-for-hundar-och-katter-hopfallbar-plast-och-tra-bla-100-x-h30-cm\/#breadcrumb","itemListElement":[{"@type":"ListItem","position":1,"name":"Home","item":"https:\/\/truusk.store\/sv\/"},{"@type":"ListItem","position":2,"name":"Shop","item":"https:\/\/truusk.store\/shop\/"},{"@type":"ListItem","position":3,"name":"TRUUSK Hundbadkar och Bass\u00e4ng f\u00f6r Hundar och Katter &#8211; Hopf\u00e4llbar &#8211; Plast och Tr\u00e4 &#8211; Bl\u00e5 &#8211; 100 x H30 cm"}]},{"@type":"WebSite","@id":"https:\/\/truusk.store\/sv\/#website","url":"https:\/\/truusk.store\/sv\/","name":"TRUUSK - Hem, Tr\u00e4dg\u00e5rd & Fritid","description":"","publisher":{"@id":"https:\/\/truusk.store\/sv\/#organization"},"potentialAction":[{"@type":"SearchAction","target":{"@type":"EntryPoint","urlTemplate":"https:\/\/truusk.store\/sv\/?s={search_term_string}"},"query-input":{"@type":"PropertyValueSpecification","valueRequired":true,"valueName":"search_term_string"}}],"inLanguage":"sv-SE"},{"@type":"Organization","@id":"https:\/\/truusk.store\/sv\/#organization","name":"TRUUSK - Hem, Tr\u00e4dg\u00e5rd & Fritid","url":"https:\/\/truusk.store\/sv\/","logo":{"@type":"ImageObject","inLanguage":"sv-SE","@id":"https:\/\/truusk.store\/sv\/#\/schema\/logo\/image\/","url":"https:\/\/i0.wp.com\/truusk.store\/wp-content\/uploads\/2026\/03\/cropped-TRUUSK.png?fit=2032%2C917&ssl=1","contentUrl":"https:\/\/i0.wp.com\/truusk.store\/wp-content\/uploads\/2026\/03\/cropped-TRUUSK.png?fit=2032%2C917&ssl=1","width":2032,"height":917,"caption":"TRUUSK - Hem, Tr\u00e4dg\u00e5rd & Fritid"},"image":{"@id":"https:\/\/truusk.store\/sv\/#\/schema\/logo\/image\/"}}]}},"jetpack_sharing_enabled":true,"_links":{"self":[{"href":"https:\/\/truusk.store\/sv\/wp-json\/wp\/v2\/product\/10079","targetHints":{"allow":["GET"]}}],"collection":[{"href":"https:\/\/truusk.store\/sv\/wp-json\/wp\/v2\/product"}],"about":[{"href":"https:\/\/truusk.store\/sv\/wp-json\/wp\/v2\/types\/product"}],"wp:featuredmedia":[{"embeddable":true,"href":"https:\/\/truusk.store\/sv\/wp-json\/wp\/v2\/media\/10080"}],"wp:attachment":[{"href":"https:\/\/truusk.store\/sv\/wp-json\/wp\/v2\/media?parent=10079"}],"wp:term":[{"taxonomy":"product_brand","embeddable":true,"href":"https:\/\/truusk.store\/sv\/wp-json\/wp\/v2\/product_brand?post=10079"},{"taxonomy":"product_cat","embeddable":true,"href":"https:\/\/truusk.store\/sv\/wp-json\/wp\/v2\/product_cat?post=10079"},{"taxonomy":"product_tag","embeddable":true,"href":"https:\/\/truusk.store\/sv\/wp-json\/wp\/v2\/product_tag?post=10079"}],"curies":[{"name":"wp","href":"https:\/\/api.w.org\/{rel}","templated":true}]}}