{"id":100806,"date":"2026-01-28T04:24:05","date_gmt":"2026-01-28T03:24:05","guid":{"rendered":"https:\/\/truusk.store\/product\/parasoll-tradgardsparasoll-lutbar-med-handvev-vindtak-polyesterstal-vinrod-295-x-152-cm\/"},"modified":"2026-03-12T09:18:45","modified_gmt":"2026-03-12T08:18:45","slug":"truusk-parasoll-med-handvev-lutbar-vindtak-polyesterstal-vinrod-295-x-152-cm","status":"publish","type":"product","link":"https:\/\/truusk.store\/sv\/produkt\/truusk-parasoll-med-handvev-lutbar-vindtak-polyesterstal-vinrod-295-x-152-cm\/","title":{"rendered":"TRUUSK Parasoll Med Handvev &#8211; Lutbar &#8211; Vindtak &#8211; Polyester+st\u00e5l &#8211; Vinr\u00f6d &#8211; 295 x 152 cm"},"content":{"rendered":"<p>F\u00f6rvandla din terrass till en fr\u00e4sch, skuggig oas f\u00f6r att koppla av fr\u00e5n vardagens stress och njuta av en uppfriskande dryck. Denna stora dubbla parasoll fr\u00e5n [BRAND NAME] ger dig gott om skugga f\u00f6r att skapa en sval retr\u00e4tt vid din ytterd\u00f6rr. \u00d6ppna parasollet bekv\u00e4mt med hj\u00e4lp av handveven och justera lutningen med ett enkelt handgrepp. Den robusta duken, st\u00e5lst\u00e5ngen och de 12 fasta ribborna garanterar kompromissl\u00f6s stabilitet.<\/p>\n<p>Beskrivning:<\/p>\n<ul>\n<li> Stor dubbel parasoll som ger skugga och skyddar dig fr\u00e5n solen<\/li>\n<li> 45 graders lutande parasolltak f\u00f6r skydd mot den nedg\u00e5ende solen<\/li>\n<li> Tillverkad av 180 g\/m\u00b2 polyestertyg och st\u00e5lram<\/li>\n<li> Vindtak f\u00f6r ventilation och 12 stabila ribbor<\/li>\n<li> Vev f\u00f6r snabb \u00f6ppning och st\u00e4ngning<\/li>\n<li> S\u00e4kra vevan med en sp\u00e4rr<\/li>\n<li> Tv\u00e5delad parasollst\u00e5ng f\u00f6r enkel transport<\/li>\n<li> Enkel montering<\/li>\n<\/ul>\n<p> Tekniska data:<\/p>\n<ul>\n<li> F\u00e4rg: Vinr\u00f6d+Svart<\/li>\n<li> Material: Polyester, St\u00e5l<\/li>\n<li> Totala m\u00e5tt: 295L x 152B x 222H cm<\/li>\n<li> H\u00f6jd p\u00e5 parasollet: (fr\u00e5n marken till parasollkanten) 197 cm<\/li>\n<li> OBS 1: Den n\u00f6dv\u00e4ndiga belastningen p\u00e5 30 kg ing\u00e5r inte. Anv\u00e4ndbar parasollbelastning fr\u00e5n [BRAND NAME] ID: 84D-077<\/li>\n<li> OBS 2: Anv\u00e4nd inte parasollet under extrema v\u00e4derf\u00f6rh\u00e5llanden (stark vind eller nederb\u00f6rd)<\/li>\n<\/ul>\n<p> Leveransinneh\u00e5ll:<\/p>\n<ul>\n<li> 1 x Dubbel solparasoll<\/li>\n<li> 1 x Instruktioner<\/li>\n<\/ul>\n","protected":false},"excerpt":{"rendered":"<p>F\u00f6rvandla din terrass till en fr\u00e4sch, skuggig oas f\u00f6r att koppla av fr\u00e5n vardagens stress och njuta av en uppfriskande&#8230;<\/p>\n","protected":false},"featured_media":100795,"template":"","meta":[],"product_brand":[],"product_cat":[472,862,858],"product_tag":[],"class_list":{"0":"post-100806","1":"product","2":"type-product","3":"status-publish","4":"has-post-thumbnail","6":"product_cat-parasoller","7":"product_cat-sol-insynsskydd","8":"product_cat-tradgard-terrass","10":"first","11":"instock","12":"sale","13":"taxable","14":"shipping-taxable","15":"purchasable","16":"product-type-simple"},"yoast_head":"<!-- This site is optimized with the Yoast SEO plugin v25.4 - https:\/\/yoast.com\/wordpress\/plugins\/seo\/ -->\n<title>TRUUSK Parasoll Med Handvev - Lutbar - Vindtak - Polyester+st\u00e5l - Vinr\u00f6d - 295 x 152 cm - TRUUSK - Hem, Tr\u00e4dg\u00e5rd &amp; Fritid<\/title>\n<meta name=\"robots\" content=\"index, follow, max-snippet:-1, max-image-preview:large, max-video-preview:-1\" \/>\n<link rel=\"canonical\" href=\"https:\/\/truusk.store\/sv\/produkt\/truusk-parasoll-med-handvev-lutbar-vindtak-polyesterstal-vinrod-295-x-152-cm\/\" \/>\n<meta property=\"og:locale\" content=\"sv_SE\" \/>\n<meta property=\"og:type\" content=\"article\" \/>\n<meta property=\"og:title\" content=\"TRUUSK Parasoll Med Handvev - Lutbar - Vindtak - Polyester+st\u00e5l - Vinr\u00f6d - 295 x 152 cm - TRUUSK - Hem, Tr\u00e4dg\u00e5rd &amp; Fritid\" \/>\n<meta property=\"og:description\" content=\"F\u00f6rvandla din terrass till en fr\u00e4sch, skuggig oas f\u00f6r att koppla av fr\u00e5n vardagens stress och njuta av en uppfriskande...\" \/>\n<meta property=\"og:url\" content=\"https:\/\/truusk.store\/sv\/produkt\/truusk-parasoll-med-handvev-lutbar-vindtak-polyesterstal-vinrod-295-x-152-cm\/\" \/>\n<meta property=\"og:site_name\" content=\"TRUUSK - Hem, Tr\u00e4dg\u00e5rd &amp; Fritid\" \/>\n<meta property=\"article:modified_time\" content=\"2026-03-12T08:18:45+00:00\" \/>\n<meta property=\"og:image\" content=\"https:\/\/i0.wp.com\/truusk.se\/wp-content\/uploads\/2026\/01\/parasoll-tradgardsparasoll-lutbar-med-handvev-vindtak-polyesterstal-vinrod-295-x-152-cm-1.webp?fit=2000%2C2000&ssl=1\" \/>\n\t<meta property=\"og:image:width\" content=\"2000\" \/>\n\t<meta property=\"og:image:height\" content=\"2000\" \/>\n\t<meta property=\"og:image:type\" content=\"image\/webp\" \/>\n<meta name=\"twitter:card\" content=\"summary_large_image\" \/>\n<meta name=\"twitter:label1\" content=\"Ber\u00e4knad l\u00e4stid\" \/>\n\t<meta name=\"twitter:data1\" content=\"1 minut\" \/>\n<!-- \/ Yoast SEO plugin. -->","yoast_head_json":{"title":"TRUUSK Parasoll Med Handvev - Lutbar - Vindtak - Polyester+st\u00e5l - Vinr\u00f6d - 295 x 152 cm - TRUUSK - Hem, Tr\u00e4dg\u00e5rd &amp; Fritid","robots":{"index":"index","follow":"follow","max-snippet":"max-snippet:-1","max-image-preview":"max-image-preview:large","max-video-preview":"max-video-preview:-1"},"canonical":"https:\/\/truusk.store\/sv\/produkt\/truusk-parasoll-med-handvev-lutbar-vindtak-polyesterstal-vinrod-295-x-152-cm\/","og_locale":"sv_SE","og_type":"article","og_title":"TRUUSK Parasoll Med Handvev - Lutbar - Vindtak - Polyester+st\u00e5l - Vinr\u00f6d - 295 x 152 cm - TRUUSK - Hem, Tr\u00e4dg\u00e5rd &amp; Fritid","og_description":"F\u00f6rvandla din terrass till en fr\u00e4sch, skuggig oas f\u00f6r att koppla av fr\u00e5n vardagens stress och njuta av en uppfriskande...","og_url":"https:\/\/truusk.store\/sv\/produkt\/truusk-parasoll-med-handvev-lutbar-vindtak-polyesterstal-vinrod-295-x-152-cm\/","og_site_name":"TRUUSK - Hem, Tr\u00e4dg\u00e5rd &amp; Fritid","article_modified_time":"2026-03-12T08:18:45+00:00","og_image":[{"width":2000,"height":2000,"url":"https:\/\/i0.wp.com\/truusk.se\/wp-content\/uploads\/2026\/01\/parasoll-tradgardsparasoll-lutbar-med-handvev-vindtak-polyesterstal-vinrod-295-x-152-cm-1.webp?fit=2000%2C2000&ssl=1","type":"image\/webp"}],"twitter_card":"summary_large_image","twitter_misc":{"Ber\u00e4knad l\u00e4stid":"1 minut"},"schema":{"@context":"https:\/\/schema.org","@graph":[{"@type":"WebPage","@id":"https:\/\/truusk.store\/sv\/produkt\/truusk-parasoll-med-handvev-lutbar-vindtak-polyesterstal-vinrod-295-x-152-cm\/","url":"https:\/\/truusk.store\/sv\/produkt\/truusk-parasoll-med-handvev-lutbar-vindtak-polyesterstal-vinrod-295-x-152-cm\/","name":"TRUUSK Parasoll Med Handvev - Lutbar - Vindtak - Polyester+st\u00e5l - Vinr\u00f6d - 295 x 152 cm - TRUUSK - Hem, Tr\u00e4dg\u00e5rd &amp; Fritid","isPartOf":{"@id":"https:\/\/truusk.store\/sv\/#website"},"primaryImageOfPage":{"@id":"https:\/\/truusk.store\/sv\/produkt\/truusk-parasoll-med-handvev-lutbar-vindtak-polyesterstal-vinrod-295-x-152-cm\/#primaryimage"},"image":{"@id":"https:\/\/truusk.store\/sv\/produkt\/truusk-parasoll-med-handvev-lutbar-vindtak-polyesterstal-vinrod-295-x-152-cm\/#primaryimage"},"thumbnailUrl":"https:\/\/i0.wp.com\/truusk.store\/wp-content\/uploads\/2026\/01\/parasoll-tradgardsparasoll-lutbar-med-handvev-vindtak-polyesterstal-vinrod-295-x-152-cm-1.webp?fit=2000%2C2000&ssl=1","datePublished":"2026-01-28T03:24:05+00:00","dateModified":"2026-03-12T08:18:45+00:00","breadcrumb":{"@id":"https:\/\/truusk.store\/sv\/produkt\/truusk-parasoll-med-handvev-lutbar-vindtak-polyesterstal-vinrod-295-x-152-cm\/#breadcrumb"},"inLanguage":"sv-SE","potentialAction":[{"@type":"ReadAction","target":["https:\/\/truusk.store\/sv\/produkt\/truusk-parasoll-med-handvev-lutbar-vindtak-polyesterstal-vinrod-295-x-152-cm\/"]}]},{"@type":"ImageObject","inLanguage":"sv-SE","@id":"https:\/\/truusk.store\/sv\/produkt\/truusk-parasoll-med-handvev-lutbar-vindtak-polyesterstal-vinrod-295-x-152-cm\/#primaryimage","url":"https:\/\/i0.wp.com\/truusk.store\/wp-content\/uploads\/2026\/01\/parasoll-tradgardsparasoll-lutbar-med-handvev-vindtak-polyesterstal-vinrod-295-x-152-cm-1.webp?fit=2000%2C2000&ssl=1","contentUrl":"https:\/\/i0.wp.com\/truusk.store\/wp-content\/uploads\/2026\/01\/parasoll-tradgardsparasoll-lutbar-med-handvev-vindtak-polyesterstal-vinrod-295-x-152-cm-1.webp?fit=2000%2C2000&ssl=1","width":2000,"height":2000},{"@type":"BreadcrumbList","@id":"https:\/\/truusk.store\/sv\/produkt\/truusk-parasoll-med-handvev-lutbar-vindtak-polyesterstal-vinrod-295-x-152-cm\/#breadcrumb","itemListElement":[{"@type":"ListItem","position":1,"name":"Home","item":"https:\/\/truusk.store\/sv\/"},{"@type":"ListItem","position":2,"name":"Shop","item":"https:\/\/truusk.store\/shop\/"},{"@type":"ListItem","position":3,"name":"TRUUSK Parasoll Med Handvev &#8211; Lutbar &#8211; Vindtak &#8211; Polyester+st\u00e5l &#8211; Vinr\u00f6d &#8211; 295 x 152 cm"}]},{"@type":"WebSite","@id":"https:\/\/truusk.store\/sv\/#website","url":"https:\/\/truusk.store\/sv\/","name":"TRUUSK - Hem, Tr\u00e4dg\u00e5rd & Fritid","description":"","publisher":{"@id":"https:\/\/truusk.store\/sv\/#organization"},"potentialAction":[{"@type":"SearchAction","target":{"@type":"EntryPoint","urlTemplate":"https:\/\/truusk.store\/sv\/?s={search_term_string}"},"query-input":{"@type":"PropertyValueSpecification","valueRequired":true,"valueName":"search_term_string"}}],"inLanguage":"sv-SE"},{"@type":"Organization","@id":"https:\/\/truusk.store\/sv\/#organization","name":"TRUUSK - Hem, Tr\u00e4dg\u00e5rd & Fritid","url":"https:\/\/truusk.store\/sv\/","logo":{"@type":"ImageObject","inLanguage":"sv-SE","@id":"https:\/\/truusk.store\/sv\/#\/schema\/logo\/image\/","url":"https:\/\/i0.wp.com\/truusk.store\/wp-content\/uploads\/2026\/03\/cropped-TRUUSK.png?fit=2032%2C917&ssl=1","contentUrl":"https:\/\/i0.wp.com\/truusk.store\/wp-content\/uploads\/2026\/03\/cropped-TRUUSK.png?fit=2032%2C917&ssl=1","width":2032,"height":917,"caption":"TRUUSK - Hem, Tr\u00e4dg\u00e5rd & Fritid"},"image":{"@id":"https:\/\/truusk.store\/sv\/#\/schema\/logo\/image\/"}}]}},"jetpack_sharing_enabled":true,"_links":{"self":[{"href":"https:\/\/truusk.store\/sv\/wp-json\/wp\/v2\/product\/100806","targetHints":{"allow":["GET"]}}],"collection":[{"href":"https:\/\/truusk.store\/sv\/wp-json\/wp\/v2\/product"}],"about":[{"href":"https:\/\/truusk.store\/sv\/wp-json\/wp\/v2\/types\/product"}],"wp:featuredmedia":[{"embeddable":true,"href":"https:\/\/truusk.store\/sv\/wp-json\/wp\/v2\/media\/100795"}],"wp:attachment":[{"href":"https:\/\/truusk.store\/sv\/wp-json\/wp\/v2\/media?parent=100806"}],"wp:term":[{"taxonomy":"product_brand","embeddable":true,"href":"https:\/\/truusk.store\/sv\/wp-json\/wp\/v2\/product_brand?post=100806"},{"taxonomy":"product_cat","embeddable":true,"href":"https:\/\/truusk.store\/sv\/wp-json\/wp\/v2\/product_cat?post=100806"},{"taxonomy":"product_tag","embeddable":true,"href":"https:\/\/truusk.store\/sv\/wp-json\/wp\/v2\/product_tag?post=100806"}],"curies":[{"name":"wp","href":"https:\/\/api.w.org\/{rel}","templated":true}]}}