{"id":100848,"date":"2026-01-28T04:27:51","date_gmt":"2026-01-28T03:27:51","guid":{"rendered":"https:\/\/truusk.store\/product\/2-sits-tradgardsbank-i-tra-vaderbestandig-sittbank-tradgardsmobler-med-ryggstod-240-kg-belastningskapacitet-143-x-51-x-85-cm-gra\/"},"modified":"2026-03-12T09:25:14","modified_gmt":"2026-03-12T08:25:14","slug":"truusk-tradgardsbank-i-tra-vaderbestandig-med-ryggstod-240-kg-belastningskapacitet-143-x-51-x-85-cm-gra","status":"publish","type":"product","link":"https:\/\/truusk.store\/sv\/produkt\/truusk-tradgardsbank-i-tra-vaderbestandig-med-ryggstod-240-kg-belastningskapacitet-143-x-51-x-85-cm-gra\/","title":{"rendered":"TRUUSK Tr\u00e4dg\u00e5rdsb\u00e4nk i Tr\u00e4 &#8211; V\u00e4derbest\u00e4ndig &#8211; Med Ryggst\u00f6d &#8211; 240 kg Belastningskapacitet &#8211; 143 x 51 x 85 cm &#8211; Gr\u00e5"},"content":{"rendered":"<p>P\u00e5 denna enkla, tidl\u00f6sa tr\u00e4dg\u00e5rdsb\u00e4nk fr\u00e5n [BRAND NAME] kan du bekv\u00e4mt s\u00e4tta dig ner och bara njuta av den friska luften. Den \u00e4r tillverkad av h\u00f6gkvalitativt, massivt grantr\u00e4 och erbjuder gott om plats f\u00f6r en mysig konversation med upp till tv\u00e5 andra personer. Ryggst\u00f6det och sittytan \u00e4r s\u00e4rskilt bekv\u00e4mt formade och ger en bekv\u00e4m, avkopplande sittst\u00e4llning. Tack vare den vattenavvisande bel\u00e4ggningen kan du anv\u00e4nda denna tr\u00e4b\u00e4nk utomhus utan bekymmer.<\/p>\n<p>Beskrivning:<\/p>\n<ul>\n<li> Bred sittyta, plats f\u00f6r upp till 2 personer<\/li>\n<li> B\u00f6jd ryggst\u00f6d och sl\u00e4ta armst\u00f6d p\u00e5 tr\u00e4dg\u00e5rdsb\u00e4nken f\u00f6r h\u00f6g komfort<\/li>\n<li> Tillverkad av massivt grantr\u00e4 och f\u00f6rsedd med vattenavvisande bel\u00e4ggning<\/li>\n<li> Luckor mellan listerna p\u00e5 ryggst\u00f6det och sittytan f\u00f6rhindrar ansamling av vatten<\/li>\n<li> L\u00e4mplig f\u00f6r tr\u00e4dg\u00e5rdar, verandor, balkonger och andra utomhusomr\u00e5den<\/li>\n<li> Montering kr\u00e4vs<\/li>\n<\/ul>\n<p> Tekniska data:<\/p>\n<ul>\n<li> F\u00e4rg: Gr\u00e5<\/li>\n<li> Material: Grantr\u00e4<\/li>\n<li> Totala m\u00e5tt: 143L x 51B x 85H cm<\/li>\n<li> Sittstorlek: 128L x 46B cm<\/li>\n<li> Sitth\u00f6jd (fr\u00e5n golvet): 40 cm<\/li>\n<li> Armst\u00f6dsstorlek: 48L x 8B cm<\/li>\n<li> Storlek p\u00e5 ryggst\u00f6d: 126B x 45H cm<\/li>\n<li> Belastningskapacitet: 240 kg<\/li>\n<\/ul>\n<p>Leveransinneh\u00e5ll:<\/p>\n<ul>\n<li> 1 x Tr\u00e4dg\u00e5rdsb\u00e4nk<\/li>\n<li> 1 x Instruktion<\/li>\n<\/ul>\n","protected":false},"excerpt":{"rendered":"<p>P\u00e5 denna enkla, tidl\u00f6sa tr\u00e4dg\u00e5rdsb\u00e4nk fr\u00e5n [BRAND NAME] kan du bekv\u00e4mt s\u00e4tta dig ner och bara njuta av den friska&#8230;<\/p>\n","protected":false},"featured_media":100834,"template":"","meta":[],"product_brand":[],"product_cat":[858,454,450],"product_tag":[],"class_list":{"0":"post-100848","1":"product","2":"type-product","3":"status-publish","4":"has-post-thumbnail","6":"product_cat-tradgard-terrass","7":"product_cat-tradgardsbankar","8":"product_cat-tradgardsmobler","10":"first","11":"instock","12":"sale","13":"taxable","14":"shipping-taxable","15":"purchasable","16":"product-type-simple"},"yoast_head":"<!-- This site is optimized with the Yoast SEO plugin v25.4 - https:\/\/yoast.com\/wordpress\/plugins\/seo\/ -->\n<title>TRUUSK Tr\u00e4dg\u00e5rdsb\u00e4nk i Tr\u00e4 - V\u00e4derbest\u00e4ndig - Med Ryggst\u00f6d - 240 kg Belastningskapacitet - 143 x 51 x 85 cm - Gr\u00e5 - TRUUSK - Hem, Tr\u00e4dg\u00e5rd &amp; Fritid<\/title>\n<meta name=\"robots\" content=\"index, follow, max-snippet:-1, max-image-preview:large, max-video-preview:-1\" \/>\n<link rel=\"canonical\" href=\"https:\/\/truusk.store\/sv\/produkt\/truusk-tradgardsbank-i-tra-vaderbestandig-med-ryggstod-240-kg-belastningskapacitet-143-x-51-x-85-cm-gra\/\" \/>\n<meta property=\"og:locale\" content=\"sv_SE\" \/>\n<meta property=\"og:type\" content=\"article\" \/>\n<meta property=\"og:title\" content=\"TRUUSK Tr\u00e4dg\u00e5rdsb\u00e4nk i Tr\u00e4 - V\u00e4derbest\u00e4ndig - Med Ryggst\u00f6d - 240 kg Belastningskapacitet - 143 x 51 x 85 cm - Gr\u00e5 - TRUUSK - Hem, Tr\u00e4dg\u00e5rd &amp; Fritid\" \/>\n<meta property=\"og:description\" content=\"P\u00e5 denna enkla, tidl\u00f6sa tr\u00e4dg\u00e5rdsb\u00e4nk fr\u00e5n [BRAND NAME] kan du bekv\u00e4mt s\u00e4tta dig ner och bara njuta av den friska...\" \/>\n<meta property=\"og:url\" content=\"https:\/\/truusk.store\/sv\/produkt\/truusk-tradgardsbank-i-tra-vaderbestandig-med-ryggstod-240-kg-belastningskapacitet-143-x-51-x-85-cm-gra\/\" \/>\n<meta property=\"og:site_name\" content=\"TRUUSK - Hem, Tr\u00e4dg\u00e5rd &amp; Fritid\" \/>\n<meta property=\"article:modified_time\" content=\"2026-03-12T08:25:14+00:00\" \/>\n<meta property=\"og:image\" content=\"https:\/\/i0.wp.com\/truusk.se\/wp-content\/uploads\/2026\/01\/2-sits-tradgardsbank-i-tra-vaderbestandig-sittbank-tradgardsmobler-med-ryggstod-240-kg-belastningskapacitet-143-x-51-x-85-cm-gra-1.webp?fit=2000%2C2000&ssl=1\" \/>\n\t<meta property=\"og:image:width\" content=\"2000\" \/>\n\t<meta property=\"og:image:height\" content=\"2000\" \/>\n\t<meta property=\"og:image:type\" content=\"image\/webp\" \/>\n<meta name=\"twitter:card\" content=\"summary_large_image\" \/>\n<meta name=\"twitter:label1\" content=\"Ber\u00e4knad l\u00e4stid\" \/>\n\t<meta name=\"twitter:data1\" content=\"1 minut\" \/>\n<!-- \/ Yoast SEO plugin. -->","yoast_head_json":{"title":"TRUUSK Tr\u00e4dg\u00e5rdsb\u00e4nk i Tr\u00e4 - V\u00e4derbest\u00e4ndig - Med Ryggst\u00f6d - 240 kg Belastningskapacitet - 143 x 51 x 85 cm - Gr\u00e5 - TRUUSK - Hem, Tr\u00e4dg\u00e5rd &amp; Fritid","robots":{"index":"index","follow":"follow","max-snippet":"max-snippet:-1","max-image-preview":"max-image-preview:large","max-video-preview":"max-video-preview:-1"},"canonical":"https:\/\/truusk.store\/sv\/produkt\/truusk-tradgardsbank-i-tra-vaderbestandig-med-ryggstod-240-kg-belastningskapacitet-143-x-51-x-85-cm-gra\/","og_locale":"sv_SE","og_type":"article","og_title":"TRUUSK Tr\u00e4dg\u00e5rdsb\u00e4nk i Tr\u00e4 - V\u00e4derbest\u00e4ndig - Med Ryggst\u00f6d - 240 kg Belastningskapacitet - 143 x 51 x 85 cm - Gr\u00e5 - TRUUSK - Hem, Tr\u00e4dg\u00e5rd &amp; Fritid","og_description":"P\u00e5 denna enkla, tidl\u00f6sa tr\u00e4dg\u00e5rdsb\u00e4nk fr\u00e5n [BRAND NAME] kan du bekv\u00e4mt s\u00e4tta dig ner och bara njuta av den friska...","og_url":"https:\/\/truusk.store\/sv\/produkt\/truusk-tradgardsbank-i-tra-vaderbestandig-med-ryggstod-240-kg-belastningskapacitet-143-x-51-x-85-cm-gra\/","og_site_name":"TRUUSK - Hem, Tr\u00e4dg\u00e5rd &amp; Fritid","article_modified_time":"2026-03-12T08:25:14+00:00","og_image":[{"width":2000,"height":2000,"url":"https:\/\/i0.wp.com\/truusk.se\/wp-content\/uploads\/2026\/01\/2-sits-tradgardsbank-i-tra-vaderbestandig-sittbank-tradgardsmobler-med-ryggstod-240-kg-belastningskapacitet-143-x-51-x-85-cm-gra-1.webp?fit=2000%2C2000&ssl=1","type":"image\/webp"}],"twitter_card":"summary_large_image","twitter_misc":{"Ber\u00e4knad l\u00e4stid":"1 minut"},"schema":{"@context":"https:\/\/schema.org","@graph":[{"@type":"WebPage","@id":"https:\/\/truusk.store\/sv\/produkt\/truusk-tradgardsbank-i-tra-vaderbestandig-med-ryggstod-240-kg-belastningskapacitet-143-x-51-x-85-cm-gra\/","url":"https:\/\/truusk.store\/sv\/produkt\/truusk-tradgardsbank-i-tra-vaderbestandig-med-ryggstod-240-kg-belastningskapacitet-143-x-51-x-85-cm-gra\/","name":"TRUUSK Tr\u00e4dg\u00e5rdsb\u00e4nk i Tr\u00e4 - V\u00e4derbest\u00e4ndig - Med Ryggst\u00f6d - 240 kg Belastningskapacitet - 143 x 51 x 85 cm - Gr\u00e5 - TRUUSK - Hem, Tr\u00e4dg\u00e5rd &amp; Fritid","isPartOf":{"@id":"https:\/\/truusk.store\/sv\/#website"},"primaryImageOfPage":{"@id":"https:\/\/truusk.store\/sv\/produkt\/truusk-tradgardsbank-i-tra-vaderbestandig-med-ryggstod-240-kg-belastningskapacitet-143-x-51-x-85-cm-gra\/#primaryimage"},"image":{"@id":"https:\/\/truusk.store\/sv\/produkt\/truusk-tradgardsbank-i-tra-vaderbestandig-med-ryggstod-240-kg-belastningskapacitet-143-x-51-x-85-cm-gra\/#primaryimage"},"thumbnailUrl":"https:\/\/i0.wp.com\/truusk.store\/wp-content\/uploads\/2026\/01\/2-sits-tradgardsbank-i-tra-vaderbestandig-sittbank-tradgardsmobler-med-ryggstod-240-kg-belastningskapacitet-143-x-51-x-85-cm-gra-1.webp?fit=2000%2C2000&ssl=1","datePublished":"2026-01-28T03:27:51+00:00","dateModified":"2026-03-12T08:25:14+00:00","breadcrumb":{"@id":"https:\/\/truusk.store\/sv\/produkt\/truusk-tradgardsbank-i-tra-vaderbestandig-med-ryggstod-240-kg-belastningskapacitet-143-x-51-x-85-cm-gra\/#breadcrumb"},"inLanguage":"sv-SE","potentialAction":[{"@type":"ReadAction","target":["https:\/\/truusk.store\/sv\/produkt\/truusk-tradgardsbank-i-tra-vaderbestandig-med-ryggstod-240-kg-belastningskapacitet-143-x-51-x-85-cm-gra\/"]}]},{"@type":"ImageObject","inLanguage":"sv-SE","@id":"https:\/\/truusk.store\/sv\/produkt\/truusk-tradgardsbank-i-tra-vaderbestandig-med-ryggstod-240-kg-belastningskapacitet-143-x-51-x-85-cm-gra\/#primaryimage","url":"https:\/\/i0.wp.com\/truusk.store\/wp-content\/uploads\/2026\/01\/2-sits-tradgardsbank-i-tra-vaderbestandig-sittbank-tradgardsmobler-med-ryggstod-240-kg-belastningskapacitet-143-x-51-x-85-cm-gra-1.webp?fit=2000%2C2000&ssl=1","contentUrl":"https:\/\/i0.wp.com\/truusk.store\/wp-content\/uploads\/2026\/01\/2-sits-tradgardsbank-i-tra-vaderbestandig-sittbank-tradgardsmobler-med-ryggstod-240-kg-belastningskapacitet-143-x-51-x-85-cm-gra-1.webp?fit=2000%2C2000&ssl=1","width":2000,"height":2000},{"@type":"BreadcrumbList","@id":"https:\/\/truusk.store\/sv\/produkt\/truusk-tradgardsbank-i-tra-vaderbestandig-med-ryggstod-240-kg-belastningskapacitet-143-x-51-x-85-cm-gra\/#breadcrumb","itemListElement":[{"@type":"ListItem","position":1,"name":"Home","item":"https:\/\/truusk.store\/sv\/"},{"@type":"ListItem","position":2,"name":"Shop","item":"https:\/\/truusk.store\/shop\/"},{"@type":"ListItem","position":3,"name":"TRUUSK Tr\u00e4dg\u00e5rdsb\u00e4nk i Tr\u00e4 &#8211; V\u00e4derbest\u00e4ndig &#8211; Med Ryggst\u00f6d &#8211; 240 kg Belastningskapacitet &#8211; 143 x 51 x 85 cm &#8211; Gr\u00e5"}]},{"@type":"WebSite","@id":"https:\/\/truusk.store\/sv\/#website","url":"https:\/\/truusk.store\/sv\/","name":"TRUUSK - Hem, Tr\u00e4dg\u00e5rd & Fritid","description":"","publisher":{"@id":"https:\/\/truusk.store\/sv\/#organization"},"potentialAction":[{"@type":"SearchAction","target":{"@type":"EntryPoint","urlTemplate":"https:\/\/truusk.store\/sv\/?s={search_term_string}"},"query-input":{"@type":"PropertyValueSpecification","valueRequired":true,"valueName":"search_term_string"}}],"inLanguage":"sv-SE"},{"@type":"Organization","@id":"https:\/\/truusk.store\/sv\/#organization","name":"TRUUSK - Hem, Tr\u00e4dg\u00e5rd & Fritid","url":"https:\/\/truusk.store\/sv\/","logo":{"@type":"ImageObject","inLanguage":"sv-SE","@id":"https:\/\/truusk.store\/sv\/#\/schema\/logo\/image\/","url":"https:\/\/i0.wp.com\/truusk.store\/wp-content\/uploads\/2026\/03\/cropped-TRUUSK.png?fit=2032%2C917&ssl=1","contentUrl":"https:\/\/i0.wp.com\/truusk.store\/wp-content\/uploads\/2026\/03\/cropped-TRUUSK.png?fit=2032%2C917&ssl=1","width":2032,"height":917,"caption":"TRUUSK - Hem, Tr\u00e4dg\u00e5rd & Fritid"},"image":{"@id":"https:\/\/truusk.store\/sv\/#\/schema\/logo\/image\/"}}]}},"jetpack_sharing_enabled":true,"_links":{"self":[{"href":"https:\/\/truusk.store\/sv\/wp-json\/wp\/v2\/product\/100848","targetHints":{"allow":["GET"]}}],"collection":[{"href":"https:\/\/truusk.store\/sv\/wp-json\/wp\/v2\/product"}],"about":[{"href":"https:\/\/truusk.store\/sv\/wp-json\/wp\/v2\/types\/product"}],"wp:featuredmedia":[{"embeddable":true,"href":"https:\/\/truusk.store\/sv\/wp-json\/wp\/v2\/media\/100834"}],"wp:attachment":[{"href":"https:\/\/truusk.store\/sv\/wp-json\/wp\/v2\/media?parent=100848"}],"wp:term":[{"taxonomy":"product_brand","embeddable":true,"href":"https:\/\/truusk.store\/sv\/wp-json\/wp\/v2\/product_brand?post=100848"},{"taxonomy":"product_cat","embeddable":true,"href":"https:\/\/truusk.store\/sv\/wp-json\/wp\/v2\/product_cat?post=100848"},{"taxonomy":"product_tag","embeddable":true,"href":"https:\/\/truusk.store\/sv\/wp-json\/wp\/v2\/product_tag?post=100848"}],"curies":[{"name":"wp","href":"https:\/\/api.w.org\/{rel}","templated":true}]}}