{"id":100856,"date":"2026-01-28T04:28:37","date_gmt":"2026-01-28T03:28:37","guid":{"rendered":"https:\/\/truusk.store\/product\/ersattnings-tak-for-paviljong-3x3m-vattenavvisande-paviljongtak-med-8-vattenavloppshal-cremevit\/"},"modified":"2026-03-12T09:25:29","modified_gmt":"2026-03-12T08:25:29","slug":"truusk-vattentatt-ersattningstak-for-paviljong-3x3m-med-8-vattenavloppshal-cremevit-hallbar-och-praktisk","status":"publish","type":"product","link":"https:\/\/truusk.store\/sv\/produkt\/truusk-vattentatt-ersattningstak-for-paviljong-3x3m-med-8-vattenavloppshal-cremevit-hallbar-och-praktisk\/","title":{"rendered":"TRUUSK Vattent\u00e4tt Ers\u00e4ttningstak f\u00f6r Paviljong 3x3m &#8211; Med 8 Vattenavloppsh\u00e5l &#8211; Cremevit &#8211; H\u00e5llbar och Praktisk"},"content":{"rendered":"<p>V\u00e5rt paviljongtak fr\u00e5n [BRAND NAME] erbjuder mycket skugga och skydd mot solen. En 180 g\/\u33a1 polyesterduk med PA-bel\u00e4ggning anv\u00e4nds, vilket \u00e4r vattenresistent och kan blockera skadliga UV-str\u00e5lar. Tv\u00e5 h\u00f6rnfickor f\u00f6r paviljongtak i storlekarna L295-300 x B295-300 cm. Andningsbart \u00f6verdel med 8 vattenavloppsh\u00e5l. En mysig och trevlig samvaro g\u00f6r att dina familjemedlemmar och v\u00e4nner k\u00e4nner sig bekv\u00e4ma i alla utomhusomr\u00e5den.<\/p>\n<p>Beskrivning:<\/p>\n<ul>\n<li> Endast ers\u00e4ttningstaket, passar f\u00f6r paviljongramen 295-300L x 295-300B cm<\/li>\n<li> H\u00e5llbart och v\u00e4derbest\u00e4ndigt, extra t\u00e5ligt polyestertyg med PA-bel\u00e4ggning<\/li>\n<li> Vatten- och UV-resistent f\u00f6r perfekt solskydd<\/li>\n<li> Ventilerad toppdesign p\u00e5 paviljongers\u00e4ttningstaket f\u00f6r god luftcirkulation, f\u00f6r att h\u00e5lla sig sval<\/li>\n<li> Kommer med 8 inbyggda dr\u00e4neringsh\u00e5l f\u00f6r god vattenavlopp<\/li>\n<li> Kardborrebandet \u00e4r l\u00e4tt att f\u00e4sta och ta bort<\/li>\n<li> OBS: Kontrollera m\u00e5ttet p\u00e5 din paviljongram innan du k\u00f6per.<\/li>\n<\/ul>\n<p> Tekniska data:<\/p>\n<ul>\n<li> F\u00e4rg: Kr\u00e4mvit<\/li>\n<li> Material: Polyester<\/li>\n<li> Total storlek: 298L x 295B cm<\/li>\n<li> L\u00e4mplig paviljongstorlek: 295-300L x 295-300B cm<\/li>\n<li> Kardborrebandets l\u00e4ngd: 30 cm<\/li>\n<\/ul>\n<p>Leveransinneh\u00e5ll:<\/p>\n<ul>\n<li> 1 x Ers\u00e4ttningstak<\/li>\n<li> 1 x Monteringsanvisning<\/li>\n<\/ul>\n","protected":false},"excerpt":{"rendered":"<p>V\u00e5rt paviljongtak fr\u00e5n [BRAND NAME] erbjuder mycket skugga och skydd mot solen. En 180 g\/\u33a1 polyesterduk med PA-bel\u00e4ggning anv\u00e4nds, vilket&#8230;<\/p>\n","protected":false},"featured_media":100845,"template":"","meta":[],"product_brand":[],"product_cat":[479,858,476],"product_tag":[],"class_list":{"0":"post-100856","1":"product","2":"type-product","3":"status-publish","4":"has-post-thumbnail","6":"product_cat-paviljongtak","7":"product_cat-tradgard-terrass","8":"product_cat-tradgardspaviljonger","10":"first","11":"instock","12":"sale","13":"taxable","14":"shipping-taxable","15":"purchasable","16":"product-type-simple"},"yoast_head":"<!-- This site is optimized with the Yoast SEO plugin v25.4 - https:\/\/yoast.com\/wordpress\/plugins\/seo\/ -->\n<title>TRUUSK Vattent\u00e4tt Ers\u00e4ttningstak f\u00f6r Paviljong 3x3m - Med 8 Vattenavloppsh\u00e5l - Cremevit - H\u00e5llbar och Praktisk - TRUUSK - Hem, Tr\u00e4dg\u00e5rd &amp; Fritid<\/title>\n<meta name=\"robots\" content=\"index, follow, max-snippet:-1, max-image-preview:large, max-video-preview:-1\" \/>\n<link rel=\"canonical\" href=\"https:\/\/truusk.store\/sv\/produkt\/truusk-vattentatt-ersattningstak-for-paviljong-3x3m-med-8-vattenavloppshal-cremevit-hallbar-och-praktisk\/\" \/>\n<meta property=\"og:locale\" content=\"sv_SE\" \/>\n<meta property=\"og:type\" content=\"article\" \/>\n<meta property=\"og:title\" content=\"TRUUSK Vattent\u00e4tt Ers\u00e4ttningstak f\u00f6r Paviljong 3x3m - Med 8 Vattenavloppsh\u00e5l - Cremevit - H\u00e5llbar och Praktisk - TRUUSK - Hem, Tr\u00e4dg\u00e5rd &amp; Fritid\" \/>\n<meta property=\"og:description\" content=\"V\u00e5rt paviljongtak fr\u00e5n [BRAND NAME] erbjuder mycket skugga och skydd mot solen. En 180 g\/\u33a1 polyesterduk med PA-bel\u00e4ggning anv\u00e4nds, vilket...\" \/>\n<meta property=\"og:url\" content=\"https:\/\/truusk.store\/sv\/produkt\/truusk-vattentatt-ersattningstak-for-paviljong-3x3m-med-8-vattenavloppshal-cremevit-hallbar-och-praktisk\/\" \/>\n<meta property=\"og:site_name\" content=\"TRUUSK - Hem, Tr\u00e4dg\u00e5rd &amp; Fritid\" \/>\n<meta property=\"article:modified_time\" content=\"2026-03-12T08:25:29+00:00\" \/>\n<meta property=\"og:image\" content=\"https:\/\/i0.wp.com\/truusk.se\/wp-content\/uploads\/2026\/01\/ersattnings-tak-for-paviljong-3x3m-vattenavvisande-paviljongtak-med-8-vattenavloppshal-cremevit-1.webp?fit=2000%2C2000&ssl=1\" \/>\n\t<meta property=\"og:image:width\" content=\"2000\" \/>\n\t<meta property=\"og:image:height\" content=\"2000\" \/>\n\t<meta property=\"og:image:type\" content=\"image\/webp\" \/>\n<meta name=\"twitter:card\" content=\"summary_large_image\" \/>\n<meta name=\"twitter:label1\" content=\"Ber\u00e4knad l\u00e4stid\" \/>\n\t<meta name=\"twitter:data1\" content=\"1 minut\" \/>\n<!-- \/ Yoast SEO plugin. -->","yoast_head_json":{"title":"TRUUSK Vattent\u00e4tt Ers\u00e4ttningstak f\u00f6r Paviljong 3x3m - Med 8 Vattenavloppsh\u00e5l - Cremevit - H\u00e5llbar och Praktisk - TRUUSK - Hem, Tr\u00e4dg\u00e5rd &amp; Fritid","robots":{"index":"index","follow":"follow","max-snippet":"max-snippet:-1","max-image-preview":"max-image-preview:large","max-video-preview":"max-video-preview:-1"},"canonical":"https:\/\/truusk.store\/sv\/produkt\/truusk-vattentatt-ersattningstak-for-paviljong-3x3m-med-8-vattenavloppshal-cremevit-hallbar-och-praktisk\/","og_locale":"sv_SE","og_type":"article","og_title":"TRUUSK Vattent\u00e4tt Ers\u00e4ttningstak f\u00f6r Paviljong 3x3m - Med 8 Vattenavloppsh\u00e5l - Cremevit - H\u00e5llbar och Praktisk - TRUUSK - Hem, Tr\u00e4dg\u00e5rd &amp; Fritid","og_description":"V\u00e5rt paviljongtak fr\u00e5n [BRAND NAME] erbjuder mycket skugga och skydd mot solen. En 180 g\/\u33a1 polyesterduk med PA-bel\u00e4ggning anv\u00e4nds, vilket...","og_url":"https:\/\/truusk.store\/sv\/produkt\/truusk-vattentatt-ersattningstak-for-paviljong-3x3m-med-8-vattenavloppshal-cremevit-hallbar-och-praktisk\/","og_site_name":"TRUUSK - Hem, Tr\u00e4dg\u00e5rd &amp; Fritid","article_modified_time":"2026-03-12T08:25:29+00:00","og_image":[{"width":2000,"height":2000,"url":"https:\/\/i0.wp.com\/truusk.se\/wp-content\/uploads\/2026\/01\/ersattnings-tak-for-paviljong-3x3m-vattenavvisande-paviljongtak-med-8-vattenavloppshal-cremevit-1.webp?fit=2000%2C2000&ssl=1","type":"image\/webp"}],"twitter_card":"summary_large_image","twitter_misc":{"Ber\u00e4knad l\u00e4stid":"1 minut"},"schema":{"@context":"https:\/\/schema.org","@graph":[{"@type":"WebPage","@id":"https:\/\/truusk.store\/sv\/produkt\/truusk-vattentatt-ersattningstak-for-paviljong-3x3m-med-8-vattenavloppshal-cremevit-hallbar-och-praktisk\/","url":"https:\/\/truusk.store\/sv\/produkt\/truusk-vattentatt-ersattningstak-for-paviljong-3x3m-med-8-vattenavloppshal-cremevit-hallbar-och-praktisk\/","name":"TRUUSK Vattent\u00e4tt Ers\u00e4ttningstak f\u00f6r Paviljong 3x3m - Med 8 Vattenavloppsh\u00e5l - Cremevit - H\u00e5llbar och Praktisk - TRUUSK - Hem, Tr\u00e4dg\u00e5rd &amp; Fritid","isPartOf":{"@id":"https:\/\/truusk.store\/sv\/#website"},"primaryImageOfPage":{"@id":"https:\/\/truusk.store\/sv\/produkt\/truusk-vattentatt-ersattningstak-for-paviljong-3x3m-med-8-vattenavloppshal-cremevit-hallbar-och-praktisk\/#primaryimage"},"image":{"@id":"https:\/\/truusk.store\/sv\/produkt\/truusk-vattentatt-ersattningstak-for-paviljong-3x3m-med-8-vattenavloppshal-cremevit-hallbar-och-praktisk\/#primaryimage"},"thumbnailUrl":"https:\/\/i0.wp.com\/truusk.store\/wp-content\/uploads\/2026\/01\/ersattnings-tak-for-paviljong-3x3m-vattenavvisande-paviljongtak-med-8-vattenavloppshal-cremevit-1.webp?fit=2000%2C2000&ssl=1","datePublished":"2026-01-28T03:28:37+00:00","dateModified":"2026-03-12T08:25:29+00:00","breadcrumb":{"@id":"https:\/\/truusk.store\/sv\/produkt\/truusk-vattentatt-ersattningstak-for-paviljong-3x3m-med-8-vattenavloppshal-cremevit-hallbar-och-praktisk\/#breadcrumb"},"inLanguage":"sv-SE","potentialAction":[{"@type":"ReadAction","target":["https:\/\/truusk.store\/sv\/produkt\/truusk-vattentatt-ersattningstak-for-paviljong-3x3m-med-8-vattenavloppshal-cremevit-hallbar-och-praktisk\/"]}]},{"@type":"ImageObject","inLanguage":"sv-SE","@id":"https:\/\/truusk.store\/sv\/produkt\/truusk-vattentatt-ersattningstak-for-paviljong-3x3m-med-8-vattenavloppshal-cremevit-hallbar-och-praktisk\/#primaryimage","url":"https:\/\/i0.wp.com\/truusk.store\/wp-content\/uploads\/2026\/01\/ersattnings-tak-for-paviljong-3x3m-vattenavvisande-paviljongtak-med-8-vattenavloppshal-cremevit-1.webp?fit=2000%2C2000&ssl=1","contentUrl":"https:\/\/i0.wp.com\/truusk.store\/wp-content\/uploads\/2026\/01\/ersattnings-tak-for-paviljong-3x3m-vattenavvisande-paviljongtak-med-8-vattenavloppshal-cremevit-1.webp?fit=2000%2C2000&ssl=1","width":2000,"height":2000},{"@type":"BreadcrumbList","@id":"https:\/\/truusk.store\/sv\/produkt\/truusk-vattentatt-ersattningstak-for-paviljong-3x3m-med-8-vattenavloppshal-cremevit-hallbar-och-praktisk\/#breadcrumb","itemListElement":[{"@type":"ListItem","position":1,"name":"Home","item":"https:\/\/truusk.store\/sv\/"},{"@type":"ListItem","position":2,"name":"Shop","item":"https:\/\/truusk.store\/shop\/"},{"@type":"ListItem","position":3,"name":"TRUUSK Vattent\u00e4tt Ers\u00e4ttningstak f\u00f6r Paviljong 3x3m &#8211; Med 8 Vattenavloppsh\u00e5l &#8211; Cremevit &#8211; H\u00e5llbar och Praktisk"}]},{"@type":"WebSite","@id":"https:\/\/truusk.store\/sv\/#website","url":"https:\/\/truusk.store\/sv\/","name":"TRUUSK - Hem, Tr\u00e4dg\u00e5rd & Fritid","description":"","publisher":{"@id":"https:\/\/truusk.store\/sv\/#organization"},"potentialAction":[{"@type":"SearchAction","target":{"@type":"EntryPoint","urlTemplate":"https:\/\/truusk.store\/sv\/?s={search_term_string}"},"query-input":{"@type":"PropertyValueSpecification","valueRequired":true,"valueName":"search_term_string"}}],"inLanguage":"sv-SE"},{"@type":"Organization","@id":"https:\/\/truusk.store\/sv\/#organization","name":"TRUUSK - Hem, Tr\u00e4dg\u00e5rd & Fritid","url":"https:\/\/truusk.store\/sv\/","logo":{"@type":"ImageObject","inLanguage":"sv-SE","@id":"https:\/\/truusk.store\/sv\/#\/schema\/logo\/image\/","url":"https:\/\/i0.wp.com\/truusk.store\/wp-content\/uploads\/2026\/03\/cropped-TRUUSK.png?fit=2032%2C917&ssl=1","contentUrl":"https:\/\/i0.wp.com\/truusk.store\/wp-content\/uploads\/2026\/03\/cropped-TRUUSK.png?fit=2032%2C917&ssl=1","width":2032,"height":917,"caption":"TRUUSK - Hem, Tr\u00e4dg\u00e5rd & Fritid"},"image":{"@id":"https:\/\/truusk.store\/sv\/#\/schema\/logo\/image\/"}}]}},"jetpack_sharing_enabled":true,"_links":{"self":[{"href":"https:\/\/truusk.store\/sv\/wp-json\/wp\/v2\/product\/100856","targetHints":{"allow":["GET"]}}],"collection":[{"href":"https:\/\/truusk.store\/sv\/wp-json\/wp\/v2\/product"}],"about":[{"href":"https:\/\/truusk.store\/sv\/wp-json\/wp\/v2\/types\/product"}],"wp:featuredmedia":[{"embeddable":true,"href":"https:\/\/truusk.store\/sv\/wp-json\/wp\/v2\/media\/100845"}],"wp:attachment":[{"href":"https:\/\/truusk.store\/sv\/wp-json\/wp\/v2\/media?parent=100856"}],"wp:term":[{"taxonomy":"product_brand","embeddable":true,"href":"https:\/\/truusk.store\/sv\/wp-json\/wp\/v2\/product_brand?post=100856"},{"taxonomy":"product_cat","embeddable":true,"href":"https:\/\/truusk.store\/sv\/wp-json\/wp\/v2\/product_cat?post=100856"},{"taxonomy":"product_tag","embeddable":true,"href":"https:\/\/truusk.store\/sv\/wp-json\/wp\/v2\/product_tag?post=100856"}],"curies":[{"name":"wp","href":"https:\/\/api.w.org\/{rel}","templated":true}]}}