{"id":100866,"date":"2026-01-28T04:29:47","date_gmt":"2026-01-28T03:29:47","guid":{"rendered":"https:\/\/truusk.store\/product\/valplopningstall-16-delat-valputlopp-vikbart-med-dorr-for-sma-medelstora-hundar-32-x-32-x-08-m-gra\/"},"modified":"2026-03-12T09:25:35","modified_gmt":"2026-03-12T08:25:35","slug":"truusk-valplopningstall-16-delat-vikbart-med-dorr-for-sma-medelstora-hundar-32-x-32-x-08-m-gra","status":"publish","type":"product","link":"https:\/\/truusk.store\/sv\/produkt\/truusk-valplopningstall-16-delat-vikbart-med-dorr-for-sma-medelstora-hundar-32-x-32-x-08-m-gra\/","title":{"rendered":"TRUUSK Valpl\u00f6pningstall &#8211; 16-delat &#8211; Vikbart med d\u00f6rr &#8211; F\u00f6r sm\u00e5, medelstora hundar &#8211; 3,2 x 3,2 x 0,8 m &#8211; Gr\u00e5"},"content":{"rendered":"<p>Detta [BRAND NAME] hundg\u00e5rd \u00f6vertygar b\u00e5de inomhus och utomhus. \u00c4ven de mest aktiva fyrbenta \u00e4r tack vare dess robusta konstruktion och anpassningsbara formgivning i b\u00e4sta h\u00e4nder. Resultatet? Valphagen uppn\u00e5r b\u00e4ttre fysisk och mental h\u00e4lsa f\u00f6r dina sm\u00e5 skyddslingar och en tydlig avgr\u00e4nsning fr\u00e5n potentiellt farliga. Ge dina valpar ett skyddat lek- och viloomr\u00e5de d\u00e4r de l\u00e5ngsamt och f\u00f6rsiktigt kan l\u00e4ra k\u00e4nna v\u00e4rlden.<\/p>\n<p>Beskrivning:<\/p>\n<ul>\n<li> Lekg\u00e5rd best\u00e5ende av 16 v\u00e4ggelement som kan st\u00e4llas upp i en rektangel, kvadrat, L-form eller andra former<\/li>\n<li> Kan ocks\u00e5 anv\u00e4ndas separat som tv\u00e5 hagar<\/li>\n<li> En utm\u00e4rkt lekplats f\u00f6r frig\u00e5ngsomr\u00e5det som samtidigt fungerar som rumsavdelare<\/li>\n<li> Tv\u00e5 d\u00f6rrar p\u00e5 valphagen med l\u00e5s f\u00f6r enkel in- och utg\u00e5ng<\/li>\n<li> Tillverkad av st\u00e5lram och st\u00e5ltr\u00e5d<\/li>\n<li> Med jordspett f\u00f6r stabilitet<\/li>\n<li> L\u00e4mplig f\u00f6r sm\u00e5 och medelstora hundar med en skulderh\u00f6jd p\u00e5 upp till 50 cm<\/li>\n<li> Enkel montering<\/li>\n<\/ul>\n<p> Tekniska data:<\/p>\n<ul>\n<li> F\u00e4rg: Gr\u00e5<\/li>\n<li> Material: St\u00e5l<\/li>\n<li> Totala dimensioner: Kvadratform: 320L x 320B x 80H cm. Rektangul\u00e4r form: 480B x 160B x 80H cm<\/li>\n<li> V\u00e4ggelementdimensioner: 80L x 1,5B x 80H cm<\/li>\n<li> D\u00f6rrm\u00e5tt: 38B x 53H cm<\/li>\n<li> Hopf\u00e4llbara m\u00e5tt: 80L x 80B x 24H cm<\/li>\n<li> Jordspettens dimensioner: \u00d80,45 x 90H cm<\/li>\n<li> Tr\u00e5davst\u00e5nd: 5,5L x 15B cm<\/li>\n<\/ul>\n<p>Leveransinneh\u00e5ll:<\/p>\n<ul>\n<li> 1 x hage<\/li>\n<li> 16 x kopplingselement<\/li>\n<li> 1 x monteringsanvisning<\/li>\n<\/ul>\n","protected":false},"excerpt":{"rendered":"<p>Detta [BRAND NAME] hundg\u00e5rd \u00f6vertygar b\u00e5de inomhus och utomhus. \u00c4ven de mest aktiva fyrbenta \u00e4r tack vare dess robusta konstruktion&#8230;<\/p>\n","protected":false},"featured_media":100857,"template":"","meta":[],"product_brand":[],"product_cat":[878,928,597],"product_tag":[],"class_list":{"0":"post-100866","1":"product","2":"type-product","3":"status-publish","4":"has-post-thumbnail","6":"product_cat-djurbehov","7":"product_cat-frigangshagn","8":"product_cat-sma-djurtillbehor","10":"first","11":"instock","12":"sale","13":"taxable","14":"shipping-taxable","15":"purchasable","16":"product-type-simple"},"yoast_head":"<!-- This site is optimized with the Yoast SEO plugin v25.4 - https:\/\/yoast.com\/wordpress\/plugins\/seo\/ -->\n<title>TRUUSK Valpl\u00f6pningstall - 16-delat - Vikbart med d\u00f6rr - F\u00f6r sm\u00e5, medelstora hundar - 3,2 x 3,2 x 0,8 m - Gr\u00e5 - TRUUSK - Hem, Tr\u00e4dg\u00e5rd &amp; Fritid<\/title>\n<meta name=\"robots\" content=\"index, follow, max-snippet:-1, max-image-preview:large, max-video-preview:-1\" \/>\n<link rel=\"canonical\" href=\"https:\/\/truusk.store\/sv\/produkt\/truusk-valplopningstall-16-delat-vikbart-med-dorr-for-sma-medelstora-hundar-32-x-32-x-08-m-gra\/\" \/>\n<meta property=\"og:locale\" content=\"sv_SE\" \/>\n<meta property=\"og:type\" content=\"article\" \/>\n<meta property=\"og:title\" content=\"TRUUSK Valpl\u00f6pningstall - 16-delat - Vikbart med d\u00f6rr - F\u00f6r sm\u00e5, medelstora hundar - 3,2 x 3,2 x 0,8 m - Gr\u00e5 - TRUUSK - Hem, Tr\u00e4dg\u00e5rd &amp; Fritid\" \/>\n<meta property=\"og:description\" content=\"Detta [BRAND NAME] hundg\u00e5rd \u00f6vertygar b\u00e5de inomhus och utomhus. \u00c4ven de mest aktiva fyrbenta \u00e4r tack vare dess robusta konstruktion...\" \/>\n<meta property=\"og:url\" content=\"https:\/\/truusk.store\/sv\/produkt\/truusk-valplopningstall-16-delat-vikbart-med-dorr-for-sma-medelstora-hundar-32-x-32-x-08-m-gra\/\" \/>\n<meta property=\"og:site_name\" content=\"TRUUSK - Hem, Tr\u00e4dg\u00e5rd &amp; Fritid\" \/>\n<meta property=\"article:modified_time\" content=\"2026-03-12T08:25:35+00:00\" \/>\n<meta property=\"og:image\" content=\"https:\/\/i0.wp.com\/truusk.se\/wp-content\/uploads\/2026\/01\/valplopningstall-16-delat-valputlopp-vikbart-med-dorr-for-sma-medelstora-hundar-32-x-32-x-08-m-gra-1.webp?fit=2000%2C2000&ssl=1\" \/>\n\t<meta property=\"og:image:width\" content=\"2000\" \/>\n\t<meta property=\"og:image:height\" content=\"2000\" \/>\n\t<meta property=\"og:image:type\" content=\"image\/webp\" \/>\n<meta name=\"twitter:card\" content=\"summary_large_image\" \/>\n<meta name=\"twitter:label1\" content=\"Ber\u00e4knad l\u00e4stid\" \/>\n\t<meta name=\"twitter:data1\" content=\"1 minut\" \/>\n<!-- \/ Yoast SEO plugin. -->","yoast_head_json":{"title":"TRUUSK Valpl\u00f6pningstall - 16-delat - Vikbart med d\u00f6rr - F\u00f6r sm\u00e5, medelstora hundar - 3,2 x 3,2 x 0,8 m - Gr\u00e5 - TRUUSK - Hem, Tr\u00e4dg\u00e5rd &amp; Fritid","robots":{"index":"index","follow":"follow","max-snippet":"max-snippet:-1","max-image-preview":"max-image-preview:large","max-video-preview":"max-video-preview:-1"},"canonical":"https:\/\/truusk.store\/sv\/produkt\/truusk-valplopningstall-16-delat-vikbart-med-dorr-for-sma-medelstora-hundar-32-x-32-x-08-m-gra\/","og_locale":"sv_SE","og_type":"article","og_title":"TRUUSK Valpl\u00f6pningstall - 16-delat - Vikbart med d\u00f6rr - F\u00f6r sm\u00e5, medelstora hundar - 3,2 x 3,2 x 0,8 m - Gr\u00e5 - TRUUSK - Hem, Tr\u00e4dg\u00e5rd &amp; Fritid","og_description":"Detta [BRAND NAME] hundg\u00e5rd \u00f6vertygar b\u00e5de inomhus och utomhus. \u00c4ven de mest aktiva fyrbenta \u00e4r tack vare dess robusta konstruktion...","og_url":"https:\/\/truusk.store\/sv\/produkt\/truusk-valplopningstall-16-delat-vikbart-med-dorr-for-sma-medelstora-hundar-32-x-32-x-08-m-gra\/","og_site_name":"TRUUSK - Hem, Tr\u00e4dg\u00e5rd &amp; Fritid","article_modified_time":"2026-03-12T08:25:35+00:00","og_image":[{"width":2000,"height":2000,"url":"https:\/\/i0.wp.com\/truusk.se\/wp-content\/uploads\/2026\/01\/valplopningstall-16-delat-valputlopp-vikbart-med-dorr-for-sma-medelstora-hundar-32-x-32-x-08-m-gra-1.webp?fit=2000%2C2000&ssl=1","type":"image\/webp"}],"twitter_card":"summary_large_image","twitter_misc":{"Ber\u00e4knad l\u00e4stid":"1 minut"},"schema":{"@context":"https:\/\/schema.org","@graph":[{"@type":"WebPage","@id":"https:\/\/truusk.store\/sv\/produkt\/truusk-valplopningstall-16-delat-vikbart-med-dorr-for-sma-medelstora-hundar-32-x-32-x-08-m-gra\/","url":"https:\/\/truusk.store\/sv\/produkt\/truusk-valplopningstall-16-delat-vikbart-med-dorr-for-sma-medelstora-hundar-32-x-32-x-08-m-gra\/","name":"TRUUSK Valpl\u00f6pningstall - 16-delat - Vikbart med d\u00f6rr - F\u00f6r sm\u00e5, medelstora hundar - 3,2 x 3,2 x 0,8 m - Gr\u00e5 - TRUUSK - Hem, Tr\u00e4dg\u00e5rd &amp; Fritid","isPartOf":{"@id":"https:\/\/truusk.store\/sv\/#website"},"primaryImageOfPage":{"@id":"https:\/\/truusk.store\/sv\/produkt\/truusk-valplopningstall-16-delat-vikbart-med-dorr-for-sma-medelstora-hundar-32-x-32-x-08-m-gra\/#primaryimage"},"image":{"@id":"https:\/\/truusk.store\/sv\/produkt\/truusk-valplopningstall-16-delat-vikbart-med-dorr-for-sma-medelstora-hundar-32-x-32-x-08-m-gra\/#primaryimage"},"thumbnailUrl":"https:\/\/i0.wp.com\/truusk.store\/wp-content\/uploads\/2026\/01\/valplopningstall-16-delat-valputlopp-vikbart-med-dorr-for-sma-medelstora-hundar-32-x-32-x-08-m-gra-1.webp?fit=2000%2C2000&ssl=1","datePublished":"2026-01-28T03:29:47+00:00","dateModified":"2026-03-12T08:25:35+00:00","breadcrumb":{"@id":"https:\/\/truusk.store\/sv\/produkt\/truusk-valplopningstall-16-delat-vikbart-med-dorr-for-sma-medelstora-hundar-32-x-32-x-08-m-gra\/#breadcrumb"},"inLanguage":"sv-SE","potentialAction":[{"@type":"ReadAction","target":["https:\/\/truusk.store\/sv\/produkt\/truusk-valplopningstall-16-delat-vikbart-med-dorr-for-sma-medelstora-hundar-32-x-32-x-08-m-gra\/"]}]},{"@type":"ImageObject","inLanguage":"sv-SE","@id":"https:\/\/truusk.store\/sv\/produkt\/truusk-valplopningstall-16-delat-vikbart-med-dorr-for-sma-medelstora-hundar-32-x-32-x-08-m-gra\/#primaryimage","url":"https:\/\/i0.wp.com\/truusk.store\/wp-content\/uploads\/2026\/01\/valplopningstall-16-delat-valputlopp-vikbart-med-dorr-for-sma-medelstora-hundar-32-x-32-x-08-m-gra-1.webp?fit=2000%2C2000&ssl=1","contentUrl":"https:\/\/i0.wp.com\/truusk.store\/wp-content\/uploads\/2026\/01\/valplopningstall-16-delat-valputlopp-vikbart-med-dorr-for-sma-medelstora-hundar-32-x-32-x-08-m-gra-1.webp?fit=2000%2C2000&ssl=1","width":2000,"height":2000},{"@type":"BreadcrumbList","@id":"https:\/\/truusk.store\/sv\/produkt\/truusk-valplopningstall-16-delat-vikbart-med-dorr-for-sma-medelstora-hundar-32-x-32-x-08-m-gra\/#breadcrumb","itemListElement":[{"@type":"ListItem","position":1,"name":"Home","item":"https:\/\/truusk.store\/sv\/"},{"@type":"ListItem","position":2,"name":"Shop","item":"https:\/\/truusk.store\/shop\/"},{"@type":"ListItem","position":3,"name":"TRUUSK Valpl\u00f6pningstall &#8211; 16-delat &#8211; Vikbart med d\u00f6rr &#8211; F\u00f6r sm\u00e5, medelstora hundar &#8211; 3,2 x 3,2 x 0,8 m &#8211; Gr\u00e5"}]},{"@type":"WebSite","@id":"https:\/\/truusk.store\/sv\/#website","url":"https:\/\/truusk.store\/sv\/","name":"TRUUSK - Hem, Tr\u00e4dg\u00e5rd & Fritid","description":"","publisher":{"@id":"https:\/\/truusk.store\/sv\/#organization"},"potentialAction":[{"@type":"SearchAction","target":{"@type":"EntryPoint","urlTemplate":"https:\/\/truusk.store\/sv\/?s={search_term_string}"},"query-input":{"@type":"PropertyValueSpecification","valueRequired":true,"valueName":"search_term_string"}}],"inLanguage":"sv-SE"},{"@type":"Organization","@id":"https:\/\/truusk.store\/sv\/#organization","name":"TRUUSK - Hem, Tr\u00e4dg\u00e5rd & Fritid","url":"https:\/\/truusk.store\/sv\/","logo":{"@type":"ImageObject","inLanguage":"sv-SE","@id":"https:\/\/truusk.store\/sv\/#\/schema\/logo\/image\/","url":"https:\/\/i0.wp.com\/truusk.store\/wp-content\/uploads\/2026\/03\/cropped-TRUUSK.png?fit=2032%2C917&ssl=1","contentUrl":"https:\/\/i0.wp.com\/truusk.store\/wp-content\/uploads\/2026\/03\/cropped-TRUUSK.png?fit=2032%2C917&ssl=1","width":2032,"height":917,"caption":"TRUUSK - Hem, Tr\u00e4dg\u00e5rd & Fritid"},"image":{"@id":"https:\/\/truusk.store\/sv\/#\/schema\/logo\/image\/"}}]}},"jetpack_sharing_enabled":true,"_links":{"self":[{"href":"https:\/\/truusk.store\/sv\/wp-json\/wp\/v2\/product\/100866","targetHints":{"allow":["GET"]}}],"collection":[{"href":"https:\/\/truusk.store\/sv\/wp-json\/wp\/v2\/product"}],"about":[{"href":"https:\/\/truusk.store\/sv\/wp-json\/wp\/v2\/types\/product"}],"wp:featuredmedia":[{"embeddable":true,"href":"https:\/\/truusk.store\/sv\/wp-json\/wp\/v2\/media\/100857"}],"wp:attachment":[{"href":"https:\/\/truusk.store\/sv\/wp-json\/wp\/v2\/media?parent=100866"}],"wp:term":[{"taxonomy":"product_brand","embeddable":true,"href":"https:\/\/truusk.store\/sv\/wp-json\/wp\/v2\/product_brand?post=100866"},{"taxonomy":"product_cat","embeddable":true,"href":"https:\/\/truusk.store\/sv\/wp-json\/wp\/v2\/product_cat?post=100866"},{"taxonomy":"product_tag","embeddable":true,"href":"https:\/\/truusk.store\/sv\/wp-json\/wp\/v2\/product_tag?post=100866"}],"curies":[{"name":"wp","href":"https:\/\/api.w.org\/{rel}","templated":true}]}}