{"id":100896,"date":"2026-01-28T04:33:05","date_gmt":"2026-01-28T03:33:05","guid":{"rendered":"https:\/\/truusk.store\/product\/paviljonggardiner-set-om-2-for-3x6m-eller-3x3m-tradgardspaviljonger-med-fonster-och-dorrar-ljusgra\/"},"modified":"2026-03-12T09:31:41","modified_gmt":"2026-03-12T08:31:41","slug":"truusk-paviljonggardiner-set-om-2-for-3x6m-eller-3x3m-tradgardspaviljonger-med-fonster-och-dorrar-ljusgra","status":"publish","type":"product","link":"https:\/\/truusk.store\/sv\/produkt\/truusk-paviljonggardiner-set-om-2-for-3x6m-eller-3x3m-tradgardspaviljonger-med-fonster-och-dorrar-ljusgra\/","title":{"rendered":"TRUUSK Paviljonggardiner, Set Om 2 &#8211; F\u00f6r 3x6m eller 3x3m Tr\u00e4dg\u00e5rdspaviljonger &#8211; Med F\u00f6nster och D\u00f6rrar &#8211; Ljusgr\u00e5"},"content":{"rendered":"<p>Ge ditt tr\u00e4dg\u00e5rdspaviljong nytt liv med [BRAND NAME] sidov\u00e4ggar f\u00f6r paviljong! Detta set med tv\u00e5 sidov\u00e4ggar passar de flesta 3 x 3 m eller 3 x 6 m hopf\u00e4llbara paviljonger och \u00e4r tillverkade av slitstarkt Oxfordpolyester. Med dubbla, upprullbara f\u00f6nster f\u00f6r ljus och dragkedjed\u00f6rrar f\u00f6r enkel tillg\u00e5ng. Tack vare de speciella remmarna \u00e4r monteringen en barnlek. Observera att endast sidov\u00e4ggarna ing\u00e5r: Paviljongramen ing\u00e5r inte.<\/p>\n<p>Beskrivning:<\/p>\n<ul>\n<li> Set med tv\u00e5 paviljong-sidov\u00e4ggar<\/li>\n<li> L\u00e4mplig f\u00f6r sidodelar till paviljong 3 x 3 m eller 3 x 6 m<\/li>\n<li> F\u00f6nstren p\u00e5 sidov\u00e4ggarna sl\u00e4pper in mycket ljus och erbjuder en fri utsikt \u00f6ver omgivningen<\/li>\n<li> Dragkedjed\u00f6rrarna p\u00e5 sidodelarna f\u00f6r l\u00e4tt tillg\u00e5ng<\/li>\n<li> 210D Oxfordpolyester ger h\u00e5llbarhet<\/li>\n<li> Remmar f\u00f6r enkel montering<\/li>\n<\/ul>\n<p> Tekniska data:<\/p>\n<ul>\n<li> F\u00e4rg: Ljusgr\u00e5<\/li>\n<li> Material: Oxfordtyg (100% polyester)<\/li>\n<li> M\u00e5tt per sidov\u00e4gg: 295B x 195H cm<\/li>\n<li> F\u00f6nsterstorlek: 143B x 130H cm<\/li>\n<li> D\u00f6rrstorlek: 145B x 190H cm<\/li>\n<li> Obs: L\u00e4mplig f\u00f6r en 3 x 3 m eller 3 x 6 m tr\u00e4dg\u00e5rdspaviljong<\/li>\n<\/ul>\n<p>Ing\u00e5r:<\/p>\n<ul>\n<li> 2 x sidov\u00e4ggar;<\/li>\n<\/ul>\n","protected":false},"excerpt":{"rendered":"<p>Ge ditt tr\u00e4dg\u00e5rdspaviljong nytt liv med [BRAND NAME] sidov\u00e4ggar f\u00f6r paviljong! Detta set med tv\u00e5 sidov\u00e4ggar passar de flesta 3&#8230;<\/p>\n","protected":false},"featured_media":100883,"template":"","meta":[],"product_brand":[],"product_cat":[1060,858,476],"product_tag":[],"class_list":{"0":"post-100896","1":"product","2":"type-product","3":"status-publish","4":"has-post-thumbnail","6":"product_cat-tillbehor-for-paviljonger","7":"product_cat-tradgard-terrass","8":"product_cat-tradgardspaviljonger","10":"first","11":"instock","12":"sale","13":"taxable","14":"shipping-taxable","15":"purchasable","16":"product-type-simple"},"yoast_head":"<!-- This site is optimized with the Yoast SEO plugin v25.4 - https:\/\/yoast.com\/wordpress\/plugins\/seo\/ -->\n<title>TRUUSK Paviljonggardiner, Set Om 2 - F\u00f6r 3x6m eller 3x3m Tr\u00e4dg\u00e5rdspaviljonger - Med F\u00f6nster och D\u00f6rrar - Ljusgr\u00e5 - TRUUSK - Hem, Tr\u00e4dg\u00e5rd &amp; Fritid<\/title>\n<meta name=\"robots\" content=\"index, follow, max-snippet:-1, max-image-preview:large, max-video-preview:-1\" \/>\n<link rel=\"canonical\" href=\"https:\/\/truusk.store\/sv\/produkt\/truusk-paviljonggardiner-set-om-2-for-3x6m-eller-3x3m-tradgardspaviljonger-med-fonster-och-dorrar-ljusgra\/\" \/>\n<meta property=\"og:locale\" content=\"sv_SE\" \/>\n<meta property=\"og:type\" content=\"article\" \/>\n<meta property=\"og:title\" content=\"TRUUSK Paviljonggardiner, Set Om 2 - F\u00f6r 3x6m eller 3x3m Tr\u00e4dg\u00e5rdspaviljonger - Med F\u00f6nster och D\u00f6rrar - Ljusgr\u00e5 - TRUUSK - Hem, Tr\u00e4dg\u00e5rd &amp; Fritid\" \/>\n<meta property=\"og:description\" content=\"Ge ditt tr\u00e4dg\u00e5rdspaviljong nytt liv med [BRAND NAME] sidov\u00e4ggar f\u00f6r paviljong! Detta set med tv\u00e5 sidov\u00e4ggar passar de flesta 3...\" \/>\n<meta property=\"og:url\" content=\"https:\/\/truusk.store\/sv\/produkt\/truusk-paviljonggardiner-set-om-2-for-3x6m-eller-3x3m-tradgardspaviljonger-med-fonster-och-dorrar-ljusgra\/\" \/>\n<meta property=\"og:site_name\" content=\"TRUUSK - Hem, Tr\u00e4dg\u00e5rd &amp; Fritid\" \/>\n<meta property=\"article:modified_time\" content=\"2026-03-12T08:31:41+00:00\" \/>\n<meta property=\"og:image\" content=\"https:\/\/i0.wp.com\/truusk.se\/wp-content\/uploads\/2026\/01\/paviljonggardiner-set-om-2-for-3x6m-eller-3x3m-tradgardspaviljonger-med-fonster-och-dorrar-ljusgra-1.webp?fit=2000%2C2000&ssl=1\" \/>\n\t<meta property=\"og:image:width\" content=\"2000\" \/>\n\t<meta property=\"og:image:height\" content=\"2000\" \/>\n\t<meta property=\"og:image:type\" content=\"image\/webp\" \/>\n<meta name=\"twitter:card\" content=\"summary_large_image\" \/>\n<meta name=\"twitter:label1\" content=\"Ber\u00e4knad l\u00e4stid\" \/>\n\t<meta name=\"twitter:data1\" content=\"1 minut\" \/>\n<!-- \/ Yoast SEO plugin. -->","yoast_head_json":{"title":"TRUUSK Paviljonggardiner, Set Om 2 - F\u00f6r 3x6m eller 3x3m Tr\u00e4dg\u00e5rdspaviljonger - Med F\u00f6nster och D\u00f6rrar - Ljusgr\u00e5 - TRUUSK - Hem, Tr\u00e4dg\u00e5rd &amp; Fritid","robots":{"index":"index","follow":"follow","max-snippet":"max-snippet:-1","max-image-preview":"max-image-preview:large","max-video-preview":"max-video-preview:-1"},"canonical":"https:\/\/truusk.store\/sv\/produkt\/truusk-paviljonggardiner-set-om-2-for-3x6m-eller-3x3m-tradgardspaviljonger-med-fonster-och-dorrar-ljusgra\/","og_locale":"sv_SE","og_type":"article","og_title":"TRUUSK Paviljonggardiner, Set Om 2 - F\u00f6r 3x6m eller 3x3m Tr\u00e4dg\u00e5rdspaviljonger - Med F\u00f6nster och D\u00f6rrar - Ljusgr\u00e5 - TRUUSK - Hem, Tr\u00e4dg\u00e5rd &amp; Fritid","og_description":"Ge ditt tr\u00e4dg\u00e5rdspaviljong nytt liv med [BRAND NAME] sidov\u00e4ggar f\u00f6r paviljong! Detta set med tv\u00e5 sidov\u00e4ggar passar de flesta 3...","og_url":"https:\/\/truusk.store\/sv\/produkt\/truusk-paviljonggardiner-set-om-2-for-3x6m-eller-3x3m-tradgardspaviljonger-med-fonster-och-dorrar-ljusgra\/","og_site_name":"TRUUSK - Hem, Tr\u00e4dg\u00e5rd &amp; Fritid","article_modified_time":"2026-03-12T08:31:41+00:00","og_image":[{"width":2000,"height":2000,"url":"https:\/\/i0.wp.com\/truusk.se\/wp-content\/uploads\/2026\/01\/paviljonggardiner-set-om-2-for-3x6m-eller-3x3m-tradgardspaviljonger-med-fonster-och-dorrar-ljusgra-1.webp?fit=2000%2C2000&ssl=1","type":"image\/webp"}],"twitter_card":"summary_large_image","twitter_misc":{"Ber\u00e4knad l\u00e4stid":"1 minut"},"schema":{"@context":"https:\/\/schema.org","@graph":[{"@type":"WebPage","@id":"https:\/\/truusk.store\/sv\/produkt\/truusk-paviljonggardiner-set-om-2-for-3x6m-eller-3x3m-tradgardspaviljonger-med-fonster-och-dorrar-ljusgra\/","url":"https:\/\/truusk.store\/sv\/produkt\/truusk-paviljonggardiner-set-om-2-for-3x6m-eller-3x3m-tradgardspaviljonger-med-fonster-och-dorrar-ljusgra\/","name":"TRUUSK Paviljonggardiner, Set Om 2 - F\u00f6r 3x6m eller 3x3m Tr\u00e4dg\u00e5rdspaviljonger - Med F\u00f6nster och D\u00f6rrar - Ljusgr\u00e5 - TRUUSK - Hem, Tr\u00e4dg\u00e5rd &amp; Fritid","isPartOf":{"@id":"https:\/\/truusk.store\/sv\/#website"},"primaryImageOfPage":{"@id":"https:\/\/truusk.store\/sv\/produkt\/truusk-paviljonggardiner-set-om-2-for-3x6m-eller-3x3m-tradgardspaviljonger-med-fonster-och-dorrar-ljusgra\/#primaryimage"},"image":{"@id":"https:\/\/truusk.store\/sv\/produkt\/truusk-paviljonggardiner-set-om-2-for-3x6m-eller-3x3m-tradgardspaviljonger-med-fonster-och-dorrar-ljusgra\/#primaryimage"},"thumbnailUrl":"https:\/\/i0.wp.com\/truusk.store\/wp-content\/uploads\/2026\/01\/paviljonggardiner-set-om-2-for-3x6m-eller-3x3m-tradgardspaviljonger-med-fonster-och-dorrar-ljusgra-1.webp?fit=2000%2C2000&ssl=1","datePublished":"2026-01-28T03:33:05+00:00","dateModified":"2026-03-12T08:31:41+00:00","breadcrumb":{"@id":"https:\/\/truusk.store\/sv\/produkt\/truusk-paviljonggardiner-set-om-2-for-3x6m-eller-3x3m-tradgardspaviljonger-med-fonster-och-dorrar-ljusgra\/#breadcrumb"},"inLanguage":"sv-SE","potentialAction":[{"@type":"ReadAction","target":["https:\/\/truusk.store\/sv\/produkt\/truusk-paviljonggardiner-set-om-2-for-3x6m-eller-3x3m-tradgardspaviljonger-med-fonster-och-dorrar-ljusgra\/"]}]},{"@type":"ImageObject","inLanguage":"sv-SE","@id":"https:\/\/truusk.store\/sv\/produkt\/truusk-paviljonggardiner-set-om-2-for-3x6m-eller-3x3m-tradgardspaviljonger-med-fonster-och-dorrar-ljusgra\/#primaryimage","url":"https:\/\/i0.wp.com\/truusk.store\/wp-content\/uploads\/2026\/01\/paviljonggardiner-set-om-2-for-3x6m-eller-3x3m-tradgardspaviljonger-med-fonster-och-dorrar-ljusgra-1.webp?fit=2000%2C2000&ssl=1","contentUrl":"https:\/\/i0.wp.com\/truusk.store\/wp-content\/uploads\/2026\/01\/paviljonggardiner-set-om-2-for-3x6m-eller-3x3m-tradgardspaviljonger-med-fonster-och-dorrar-ljusgra-1.webp?fit=2000%2C2000&ssl=1","width":2000,"height":2000},{"@type":"BreadcrumbList","@id":"https:\/\/truusk.store\/sv\/produkt\/truusk-paviljonggardiner-set-om-2-for-3x6m-eller-3x3m-tradgardspaviljonger-med-fonster-och-dorrar-ljusgra\/#breadcrumb","itemListElement":[{"@type":"ListItem","position":1,"name":"Home","item":"https:\/\/truusk.store\/sv\/"},{"@type":"ListItem","position":2,"name":"Shop","item":"https:\/\/truusk.store\/shop\/"},{"@type":"ListItem","position":3,"name":"TRUUSK Paviljonggardiner, Set Om 2 &#8211; F\u00f6r 3x6m eller 3x3m Tr\u00e4dg\u00e5rdspaviljonger &#8211; Med F\u00f6nster och D\u00f6rrar &#8211; Ljusgr\u00e5"}]},{"@type":"WebSite","@id":"https:\/\/truusk.store\/sv\/#website","url":"https:\/\/truusk.store\/sv\/","name":"TRUUSK - Hem, Tr\u00e4dg\u00e5rd & Fritid","description":"","publisher":{"@id":"https:\/\/truusk.store\/sv\/#organization"},"potentialAction":[{"@type":"SearchAction","target":{"@type":"EntryPoint","urlTemplate":"https:\/\/truusk.store\/sv\/?s={search_term_string}"},"query-input":{"@type":"PropertyValueSpecification","valueRequired":true,"valueName":"search_term_string"}}],"inLanguage":"sv-SE"},{"@type":"Organization","@id":"https:\/\/truusk.store\/sv\/#organization","name":"TRUUSK - Hem, Tr\u00e4dg\u00e5rd & Fritid","url":"https:\/\/truusk.store\/sv\/","logo":{"@type":"ImageObject","inLanguage":"sv-SE","@id":"https:\/\/truusk.store\/sv\/#\/schema\/logo\/image\/","url":"https:\/\/i0.wp.com\/truusk.store\/wp-content\/uploads\/2026\/03\/cropped-TRUUSK.png?fit=2032%2C917&ssl=1","contentUrl":"https:\/\/i0.wp.com\/truusk.store\/wp-content\/uploads\/2026\/03\/cropped-TRUUSK.png?fit=2032%2C917&ssl=1","width":2032,"height":917,"caption":"TRUUSK - Hem, Tr\u00e4dg\u00e5rd & Fritid"},"image":{"@id":"https:\/\/truusk.store\/sv\/#\/schema\/logo\/image\/"}}]}},"jetpack_sharing_enabled":true,"_links":{"self":[{"href":"https:\/\/truusk.store\/sv\/wp-json\/wp\/v2\/product\/100896","targetHints":{"allow":["GET"]}}],"collection":[{"href":"https:\/\/truusk.store\/sv\/wp-json\/wp\/v2\/product"}],"about":[{"href":"https:\/\/truusk.store\/sv\/wp-json\/wp\/v2\/types\/product"}],"wp:featuredmedia":[{"embeddable":true,"href":"https:\/\/truusk.store\/sv\/wp-json\/wp\/v2\/media\/100883"}],"wp:attachment":[{"href":"https:\/\/truusk.store\/sv\/wp-json\/wp\/v2\/media?parent=100896"}],"wp:term":[{"taxonomy":"product_brand","embeddable":true,"href":"https:\/\/truusk.store\/sv\/wp-json\/wp\/v2\/product_brand?post=100896"},{"taxonomy":"product_cat","embeddable":true,"href":"https:\/\/truusk.store\/sv\/wp-json\/wp\/v2\/product_cat?post=100896"},{"taxonomy":"product_tag","embeddable":true,"href":"https:\/\/truusk.store\/sv\/wp-json\/wp\/v2\/product_tag?post=100896"}],"curies":[{"name":"wp","href":"https:\/\/api.w.org\/{rel}","templated":true}]}}