{"id":100938,"date":"2026-01-28T04:36:44","date_gmt":"2026-01-28T03:36:44","guid":{"rendered":"https:\/\/truusk.store\/product\/2-pack-sidopaneler-for-paviljong-3x3-3x4-m-sidovagg-med-fonster-vattentat-vit\/"},"modified":"2026-03-12T09:32:23","modified_gmt":"2026-03-12T08:32:23","slug":"truusk-sidopaneler-for-paviljong-3x3-3x4-m-2-pack-vattentat-vit-med-fonster-tillbehor-for-tradgard-enkel-montering","status":"publish","type":"product","link":"https:\/\/truusk.store\/sv\/produkt\/truusk-sidopaneler-for-paviljong-3x3-3x4-m-2-pack-vattentat-vit-med-fonster-tillbehor-for-tradgard-enkel-montering\/","title":{"rendered":"TRUUSK Sidopaneler F\u00f6r Paviljong 3&#215;3 \/ 3&#215;4 M &#8211; 2-pack &#8211; Vattent\u00e4t Vit &#8211; Med F\u00f6nster &#8211; Tillbeh\u00f6r f\u00f6r Tr\u00e4dg\u00e5rd &#8211; Enkel Montering"},"content":{"rendered":"<p>Dessa [BRAND NAME] paviljong sidov\u00e4ggar passar de flesta 3&#215;3 m eller 3&#215;4 m stora paviljonger och ger dina tr\u00e4dg\u00e5rdsm\u00f6bler ny glans. Setet best\u00e5r av tv\u00e5 v\u00e4ggar av Oxford-tyg och \u00e4r idealiskt f\u00f6r utomhusbruk. B\u00e5da v\u00e4ggarna har ett f\u00f6nster som sl\u00e4pper in ljus och ger en bra utsikt ut\u00e5t. F\u00e4stningen med remmarna \u00e4r enkel. Observera: Endast v\u00e4ggarna ing\u00e5r i leveransen, paviljongramen ing\u00e5r inte.<\/p>\n<p>Beskrivning:<\/p>\n<ul>\n<li> Passar f\u00f6r en 3&#215;3 m eller 3&#215;4 m pop-up-paviljong<\/li>\n<li> Paviljong sidov\u00e4ggarnas f\u00f6nster sl\u00e4pper in mycket ljus och erbjuder fri sikt<\/li>\n<li> Oxford-tyget p\u00e5 paviljong sidov\u00e4ggarna garanterar l\u00e5ng livsl\u00e4ngd<\/li>\n<li> Remmar f\u00f6r enkel installation<\/li>\n<\/ul>\n<p> Tekniska data:<\/p>\n<ul>\n<li> F\u00e4rg: Vit<\/li>\n<li> Material: Oxford, plast<\/li>\n<li> Enskilt panelm\u00e5tt: 295B x 195H cm<\/li>\n<li> F\u00f6nsterm\u00e5tt: 180L x 102B cm<\/li>\n<li> L\u00e4mplig f\u00f6r en 3 x 3 m eller 3 x 4 m vikpaviljong<\/li>\n<\/ul>\n<p>Leveransinneh\u00e5ll:<\/p>\n<ul>\n<li> 2 x sidov\u00e4ggar;<\/li>\n<\/ul>\n","protected":false},"excerpt":{"rendered":"<p>Dessa [BRAND NAME] paviljong sidov\u00e4ggar passar de flesta 3&#215;3 m eller 3&#215;4 m stora paviljonger och ger dina tr\u00e4dg\u00e5rdsm\u00f6bler ny&#8230;<\/p>\n","protected":false},"featured_media":100927,"template":"","meta":[],"product_brand":[],"product_cat":[1107,858,476],"product_tag":[],"class_list":{"0":"post-100938","1":"product","2":"type-product","3":"status-publish","4":"has-post-thumbnail","6":"product_cat-tillbehor-till-paviljonger","7":"product_cat-tradgard-terrass","8":"product_cat-tradgardspaviljonger","10":"first","11":"instock","12":"sale","13":"taxable","14":"shipping-taxable","15":"purchasable","16":"product-type-simple"},"yoast_head":"<!-- This site is optimized with the Yoast SEO plugin v25.4 - https:\/\/yoast.com\/wordpress\/plugins\/seo\/ -->\n<title>TRUUSK Sidopaneler F\u00f6r Paviljong 3x3 \/ 3x4 M - 2-pack - Vattent\u00e4t Vit - Med F\u00f6nster - Tillbeh\u00f6r f\u00f6r Tr\u00e4dg\u00e5rd - Enkel Montering - TRUUSK - Hem, Tr\u00e4dg\u00e5rd &amp; Fritid<\/title>\n<meta name=\"robots\" content=\"index, follow, max-snippet:-1, max-image-preview:large, max-video-preview:-1\" \/>\n<link rel=\"canonical\" href=\"https:\/\/truusk.store\/sv\/produkt\/truusk-sidopaneler-for-paviljong-3x3-3x4-m-2-pack-vattentat-vit-med-fonster-tillbehor-for-tradgard-enkel-montering\/\" \/>\n<meta property=\"og:locale\" content=\"sv_SE\" \/>\n<meta property=\"og:type\" content=\"article\" \/>\n<meta property=\"og:title\" content=\"TRUUSK Sidopaneler F\u00f6r Paviljong 3x3 \/ 3x4 M - 2-pack - Vattent\u00e4t Vit - Med F\u00f6nster - Tillbeh\u00f6r f\u00f6r Tr\u00e4dg\u00e5rd - Enkel Montering - TRUUSK - Hem, Tr\u00e4dg\u00e5rd &amp; Fritid\" \/>\n<meta property=\"og:description\" content=\"Dessa [BRAND NAME] paviljong sidov\u00e4ggar passar de flesta 3&#215;3 m eller 3&#215;4 m stora paviljonger och ger dina tr\u00e4dg\u00e5rdsm\u00f6bler ny...\" \/>\n<meta property=\"og:url\" content=\"https:\/\/truusk.store\/sv\/produkt\/truusk-sidopaneler-for-paviljong-3x3-3x4-m-2-pack-vattentat-vit-med-fonster-tillbehor-for-tradgard-enkel-montering\/\" \/>\n<meta property=\"og:site_name\" content=\"TRUUSK - Hem, Tr\u00e4dg\u00e5rd &amp; Fritid\" \/>\n<meta property=\"article:modified_time\" content=\"2026-03-12T08:32:23+00:00\" \/>\n<meta property=\"og:image\" content=\"https:\/\/i0.wp.com\/truusk.se\/wp-content\/uploads\/2026\/01\/2-pack-sidopaneler-for-paviljong-3x3-3x4-m-sidovagg-med-fonster-vattentat-vit-1.webp?fit=2000%2C2000&ssl=1\" \/>\n\t<meta property=\"og:image:width\" content=\"2000\" \/>\n\t<meta property=\"og:image:height\" content=\"2000\" \/>\n\t<meta property=\"og:image:type\" content=\"image\/webp\" \/>\n<meta name=\"twitter:card\" content=\"summary_large_image\" \/>\n<meta name=\"twitter:label1\" content=\"Ber\u00e4knad l\u00e4stid\" \/>\n\t<meta name=\"twitter:data1\" content=\"1 minut\" \/>\n<!-- \/ Yoast SEO plugin. -->","yoast_head_json":{"title":"TRUUSK Sidopaneler F\u00f6r Paviljong 3x3 \/ 3x4 M - 2-pack - Vattent\u00e4t Vit - Med F\u00f6nster - Tillbeh\u00f6r f\u00f6r Tr\u00e4dg\u00e5rd - Enkel Montering - TRUUSK - Hem, Tr\u00e4dg\u00e5rd &amp; Fritid","robots":{"index":"index","follow":"follow","max-snippet":"max-snippet:-1","max-image-preview":"max-image-preview:large","max-video-preview":"max-video-preview:-1"},"canonical":"https:\/\/truusk.store\/sv\/produkt\/truusk-sidopaneler-for-paviljong-3x3-3x4-m-2-pack-vattentat-vit-med-fonster-tillbehor-for-tradgard-enkel-montering\/","og_locale":"sv_SE","og_type":"article","og_title":"TRUUSK Sidopaneler F\u00f6r Paviljong 3x3 \/ 3x4 M - 2-pack - Vattent\u00e4t Vit - Med F\u00f6nster - Tillbeh\u00f6r f\u00f6r Tr\u00e4dg\u00e5rd - Enkel Montering - TRUUSK - Hem, Tr\u00e4dg\u00e5rd &amp; Fritid","og_description":"Dessa [BRAND NAME] paviljong sidov\u00e4ggar passar de flesta 3&#215;3 m eller 3&#215;4 m stora paviljonger och ger dina tr\u00e4dg\u00e5rdsm\u00f6bler ny...","og_url":"https:\/\/truusk.store\/sv\/produkt\/truusk-sidopaneler-for-paviljong-3x3-3x4-m-2-pack-vattentat-vit-med-fonster-tillbehor-for-tradgard-enkel-montering\/","og_site_name":"TRUUSK - Hem, Tr\u00e4dg\u00e5rd &amp; Fritid","article_modified_time":"2026-03-12T08:32:23+00:00","og_image":[{"width":2000,"height":2000,"url":"https:\/\/i0.wp.com\/truusk.se\/wp-content\/uploads\/2026\/01\/2-pack-sidopaneler-for-paviljong-3x3-3x4-m-sidovagg-med-fonster-vattentat-vit-1.webp?fit=2000%2C2000&ssl=1","type":"image\/webp"}],"twitter_card":"summary_large_image","twitter_misc":{"Ber\u00e4knad l\u00e4stid":"1 minut"},"schema":{"@context":"https:\/\/schema.org","@graph":[{"@type":"WebPage","@id":"https:\/\/truusk.store\/sv\/produkt\/truusk-sidopaneler-for-paviljong-3x3-3x4-m-2-pack-vattentat-vit-med-fonster-tillbehor-for-tradgard-enkel-montering\/","url":"https:\/\/truusk.store\/sv\/produkt\/truusk-sidopaneler-for-paviljong-3x3-3x4-m-2-pack-vattentat-vit-med-fonster-tillbehor-for-tradgard-enkel-montering\/","name":"TRUUSK Sidopaneler F\u00f6r Paviljong 3x3 \/ 3x4 M - 2-pack - Vattent\u00e4t Vit - Med F\u00f6nster - Tillbeh\u00f6r f\u00f6r Tr\u00e4dg\u00e5rd - Enkel Montering - TRUUSK - Hem, Tr\u00e4dg\u00e5rd &amp; Fritid","isPartOf":{"@id":"https:\/\/truusk.store\/sv\/#website"},"primaryImageOfPage":{"@id":"https:\/\/truusk.store\/sv\/produkt\/truusk-sidopaneler-for-paviljong-3x3-3x4-m-2-pack-vattentat-vit-med-fonster-tillbehor-for-tradgard-enkel-montering\/#primaryimage"},"image":{"@id":"https:\/\/truusk.store\/sv\/produkt\/truusk-sidopaneler-for-paviljong-3x3-3x4-m-2-pack-vattentat-vit-med-fonster-tillbehor-for-tradgard-enkel-montering\/#primaryimage"},"thumbnailUrl":"https:\/\/i0.wp.com\/truusk.store\/wp-content\/uploads\/2026\/01\/2-pack-sidopaneler-for-paviljong-3x3-3x4-m-sidovagg-med-fonster-vattentat-vit-1.webp?fit=2000%2C2000&ssl=1","datePublished":"2026-01-28T03:36:44+00:00","dateModified":"2026-03-12T08:32:23+00:00","breadcrumb":{"@id":"https:\/\/truusk.store\/sv\/produkt\/truusk-sidopaneler-for-paviljong-3x3-3x4-m-2-pack-vattentat-vit-med-fonster-tillbehor-for-tradgard-enkel-montering\/#breadcrumb"},"inLanguage":"sv-SE","potentialAction":[{"@type":"ReadAction","target":["https:\/\/truusk.store\/sv\/produkt\/truusk-sidopaneler-for-paviljong-3x3-3x4-m-2-pack-vattentat-vit-med-fonster-tillbehor-for-tradgard-enkel-montering\/"]}]},{"@type":"ImageObject","inLanguage":"sv-SE","@id":"https:\/\/truusk.store\/sv\/produkt\/truusk-sidopaneler-for-paviljong-3x3-3x4-m-2-pack-vattentat-vit-med-fonster-tillbehor-for-tradgard-enkel-montering\/#primaryimage","url":"https:\/\/i0.wp.com\/truusk.store\/wp-content\/uploads\/2026\/01\/2-pack-sidopaneler-for-paviljong-3x3-3x4-m-sidovagg-med-fonster-vattentat-vit-1.webp?fit=2000%2C2000&ssl=1","contentUrl":"https:\/\/i0.wp.com\/truusk.store\/wp-content\/uploads\/2026\/01\/2-pack-sidopaneler-for-paviljong-3x3-3x4-m-sidovagg-med-fonster-vattentat-vit-1.webp?fit=2000%2C2000&ssl=1","width":2000,"height":2000},{"@type":"BreadcrumbList","@id":"https:\/\/truusk.store\/sv\/produkt\/truusk-sidopaneler-for-paviljong-3x3-3x4-m-2-pack-vattentat-vit-med-fonster-tillbehor-for-tradgard-enkel-montering\/#breadcrumb","itemListElement":[{"@type":"ListItem","position":1,"name":"Home","item":"https:\/\/truusk.store\/sv\/"},{"@type":"ListItem","position":2,"name":"Shop","item":"https:\/\/truusk.store\/shop\/"},{"@type":"ListItem","position":3,"name":"TRUUSK Sidopaneler F\u00f6r Paviljong 3&#215;3 \/ 3&#215;4 M &#8211; 2-pack &#8211; Vattent\u00e4t Vit &#8211; Med F\u00f6nster &#8211; Tillbeh\u00f6r f\u00f6r Tr\u00e4dg\u00e5rd &#8211; Enkel Montering"}]},{"@type":"WebSite","@id":"https:\/\/truusk.store\/sv\/#website","url":"https:\/\/truusk.store\/sv\/","name":"TRUUSK - Hem, Tr\u00e4dg\u00e5rd & Fritid","description":"","publisher":{"@id":"https:\/\/truusk.store\/sv\/#organization"},"potentialAction":[{"@type":"SearchAction","target":{"@type":"EntryPoint","urlTemplate":"https:\/\/truusk.store\/sv\/?s={search_term_string}"},"query-input":{"@type":"PropertyValueSpecification","valueRequired":true,"valueName":"search_term_string"}}],"inLanguage":"sv-SE"},{"@type":"Organization","@id":"https:\/\/truusk.store\/sv\/#organization","name":"TRUUSK - Hem, Tr\u00e4dg\u00e5rd & Fritid","url":"https:\/\/truusk.store\/sv\/","logo":{"@type":"ImageObject","inLanguage":"sv-SE","@id":"https:\/\/truusk.store\/sv\/#\/schema\/logo\/image\/","url":"https:\/\/i0.wp.com\/truusk.store\/wp-content\/uploads\/2026\/03\/cropped-TRUUSK.png?fit=2032%2C917&ssl=1","contentUrl":"https:\/\/i0.wp.com\/truusk.store\/wp-content\/uploads\/2026\/03\/cropped-TRUUSK.png?fit=2032%2C917&ssl=1","width":2032,"height":917,"caption":"TRUUSK - Hem, Tr\u00e4dg\u00e5rd & Fritid"},"image":{"@id":"https:\/\/truusk.store\/sv\/#\/schema\/logo\/image\/"}}]}},"jetpack_sharing_enabled":true,"_links":{"self":[{"href":"https:\/\/truusk.store\/sv\/wp-json\/wp\/v2\/product\/100938","targetHints":{"allow":["GET"]}}],"collection":[{"href":"https:\/\/truusk.store\/sv\/wp-json\/wp\/v2\/product"}],"about":[{"href":"https:\/\/truusk.store\/sv\/wp-json\/wp\/v2\/types\/product"}],"wp:featuredmedia":[{"embeddable":true,"href":"https:\/\/truusk.store\/sv\/wp-json\/wp\/v2\/media\/100927"}],"wp:attachment":[{"href":"https:\/\/truusk.store\/sv\/wp-json\/wp\/v2\/media?parent=100938"}],"wp:term":[{"taxonomy":"product_brand","embeddable":true,"href":"https:\/\/truusk.store\/sv\/wp-json\/wp\/v2\/product_brand?post=100938"},{"taxonomy":"product_cat","embeddable":true,"href":"https:\/\/truusk.store\/sv\/wp-json\/wp\/v2\/product_cat?post=100938"},{"taxonomy":"product_tag","embeddable":true,"href":"https:\/\/truusk.store\/sv\/wp-json\/wp\/v2\/product_tag?post=100938"}],"curies":[{"name":"wp","href":"https:\/\/api.w.org\/{rel}","templated":true}]}}