{"id":100956,"date":"2026-01-28T04:38:38","date_gmt":"2026-01-28T03:38:38","guid":{"rendered":"https:\/\/truusk.store\/product\/vaxthus-drivhus-kallbank-vaderbestandig-upprullbar-dorr-100-cm-x-80-cm-x-150-cm-gron\/"},"modified":"2026-03-12T09:32:27","modified_gmt":"2026-03-12T08:32:27","slug":"truusk-vaxthus-kallbank-vaderbestandig-upprullbar-dorr-100x80x150-cm-gron","status":"publish","type":"product","link":"https:\/\/truusk.store\/sv\/produkt\/truusk-vaxthus-kallbank-vaderbestandig-upprullbar-dorr-100x80x150-cm-gron\/","title":{"rendered":"TRUUSK V\u00e4xthus Kallb\u00e4nk &#8211; V\u00e4derbest\u00e4ndig &#8211; Upprullbar D\u00f6rr &#8211; 100x80x150 cm &#8211; Gr\u00f6n"},"content":{"rendered":"<p>Med tv\u00e5-rums v\u00e4xthuset fr\u00e5n [BRAND NAME] finns det inga gr\u00e4nser f\u00f6r tr\u00e4dg\u00e5rdsarbete. Med en robust st\u00e5lram och en UV-resistent plast\u00f6verdrag har dina v\u00e4xter en skyddad plats f\u00f6r optimal tillv\u00e4xt. Tack vare \u00f6verdraget har v\u00e4xterna ocks\u00e5 m\u00f6jlighet att ta upp solljus. Dessutom erbjuder den upprullbara d\u00f6rren enkel tillg\u00e5ng till det b\u00e4rbara v\u00e4xthuset, medan h\u00e5len tillhandah\u00e5ller frisk luft.<\/p>\n<p>Beskrivning:<\/p>\n<ul>\n<li> Fram och bakrum med en d\u00f6rr f\u00f6r odling av olika typer av v\u00e4xter<\/li>\n<li> UV-resistent \u00f6verdrag f\u00f6rhindrar UV-br\u00e4nnskador och f\u00f6rl\u00e4nger livsl\u00e4ngden<\/li>\n<li> Kants\u00f6m f\u00f6r att f\u00f6rst\u00e4rka \u00f6verdraget och f\u00f6rhindra sprickor<\/li>\n<li> Upprullbar d\u00f6rr med dragkedja f\u00f6r enkel tillg\u00e5ng<\/li>\n<li>4 ventilationsh\u00e5l<\/li>\n<li> Stabilitet och s\u00e4kerhet i v\u00e4xthuset genom extra l\u00e5ngt tak<\/li>\n<li> Enkel montering med plastkopplingar, rekommenderas f\u00f6r 1-2 personer<\/li>\n<\/ul>\n<p> Tekniska data:<\/p>\n<ul>\n<li> F\u00e4rg: Gr\u00f6n<\/li>\n<li> Material: St\u00e5l, Polyeten<\/li>\n<li> Totala dimensioner: 100L x 80B x 150H cm<\/li>\n<li> D\u00f6rrdimensioner: 72B x 125H cm<\/li>\n<li> Ventilationsh\u00e5l: \u00d810 mm<\/li>\n<li> Kantbredd: 10 cm<\/li>\n<li> Vindskyddsniv\u00e5: 4<\/li>\n<\/ul>\n<p>Leveransinneh\u00e5ll:<\/p>\n<ul>\n<li> 1 x Mini-v\u00e4xthus<\/li>\n<li> 1 x Handbok<\/li>\n<\/ul>\n","protected":false},"excerpt":{"rendered":"<p>Med tv\u00e5-rums v\u00e4xthuset fr\u00e5n [BRAND NAME] finns det inga gr\u00e4nser f\u00f6r tr\u00e4dg\u00e5rdsarbete. Med en robust st\u00e5lram och en UV-resistent plast\u00f6verdrag&#8230;<\/p>\n","protected":false},"featured_media":100947,"template":"","meta":[],"product_brand":[],"product_cat":[923,858,443],"product_tag":[],"class_list":{"0":"post-100956","1":"product","2":"type-product","3":"status-publish","4":"has-post-thumbnail","6":"product_cat-plastfilm-vaxthus","7":"product_cat-tradgard-terrass","8":"product_cat-vaxthus-tradgardsskotsel","10":"first","11":"instock","12":"sale","13":"taxable","14":"shipping-taxable","15":"purchasable","16":"product-type-simple"},"yoast_head":"<!-- This site is optimized with the Yoast SEO plugin v25.4 - https:\/\/yoast.com\/wordpress\/plugins\/seo\/ -->\n<title>TRUUSK V\u00e4xthus Kallb\u00e4nk - V\u00e4derbest\u00e4ndig - Upprullbar D\u00f6rr - 100x80x150 cm - Gr\u00f6n - TRUUSK - Hem, Tr\u00e4dg\u00e5rd &amp; Fritid<\/title>\n<meta name=\"robots\" content=\"index, follow, max-snippet:-1, max-image-preview:large, max-video-preview:-1\" \/>\n<link rel=\"canonical\" href=\"https:\/\/truusk.store\/sv\/produkt\/truusk-vaxthus-kallbank-vaderbestandig-upprullbar-dorr-100x80x150-cm-gron\/\" \/>\n<meta property=\"og:locale\" content=\"sv_SE\" \/>\n<meta property=\"og:type\" content=\"article\" \/>\n<meta property=\"og:title\" content=\"TRUUSK V\u00e4xthus Kallb\u00e4nk - V\u00e4derbest\u00e4ndig - Upprullbar D\u00f6rr - 100x80x150 cm - Gr\u00f6n - TRUUSK - Hem, Tr\u00e4dg\u00e5rd &amp; Fritid\" \/>\n<meta property=\"og:description\" content=\"Med tv\u00e5-rums v\u00e4xthuset fr\u00e5n [BRAND NAME] finns det inga gr\u00e4nser f\u00f6r tr\u00e4dg\u00e5rdsarbete. Med en robust st\u00e5lram och en UV-resistent plast\u00f6verdrag...\" \/>\n<meta property=\"og:url\" content=\"https:\/\/truusk.store\/sv\/produkt\/truusk-vaxthus-kallbank-vaderbestandig-upprullbar-dorr-100x80x150-cm-gron\/\" \/>\n<meta property=\"og:site_name\" content=\"TRUUSK - Hem, Tr\u00e4dg\u00e5rd &amp; Fritid\" \/>\n<meta property=\"article:modified_time\" content=\"2026-03-12T08:32:27+00:00\" \/>\n<meta property=\"og:image\" content=\"https:\/\/i0.wp.com\/truusk.se\/wp-content\/uploads\/2026\/01\/vaxthus-drivhus-kallbank-vaderbestandig-upprullbar-dorr-100-cm-x-80-cm-x-150-cm-gron-1.webp?fit=2000%2C2000&ssl=1\" \/>\n\t<meta property=\"og:image:width\" content=\"2000\" \/>\n\t<meta property=\"og:image:height\" content=\"2000\" \/>\n\t<meta property=\"og:image:type\" content=\"image\/webp\" \/>\n<meta name=\"twitter:card\" content=\"summary_large_image\" \/>\n<meta name=\"twitter:label1\" content=\"Ber\u00e4knad l\u00e4stid\" \/>\n\t<meta name=\"twitter:data1\" content=\"1 minut\" \/>\n<!-- \/ Yoast SEO plugin. -->","yoast_head_json":{"title":"TRUUSK V\u00e4xthus Kallb\u00e4nk - V\u00e4derbest\u00e4ndig - Upprullbar D\u00f6rr - 100x80x150 cm - Gr\u00f6n - TRUUSK - Hem, Tr\u00e4dg\u00e5rd &amp; Fritid","robots":{"index":"index","follow":"follow","max-snippet":"max-snippet:-1","max-image-preview":"max-image-preview:large","max-video-preview":"max-video-preview:-1"},"canonical":"https:\/\/truusk.store\/sv\/produkt\/truusk-vaxthus-kallbank-vaderbestandig-upprullbar-dorr-100x80x150-cm-gron\/","og_locale":"sv_SE","og_type":"article","og_title":"TRUUSK V\u00e4xthus Kallb\u00e4nk - V\u00e4derbest\u00e4ndig - Upprullbar D\u00f6rr - 100x80x150 cm - Gr\u00f6n - TRUUSK - Hem, Tr\u00e4dg\u00e5rd &amp; Fritid","og_description":"Med tv\u00e5-rums v\u00e4xthuset fr\u00e5n [BRAND NAME] finns det inga gr\u00e4nser f\u00f6r tr\u00e4dg\u00e5rdsarbete. Med en robust st\u00e5lram och en UV-resistent plast\u00f6verdrag...","og_url":"https:\/\/truusk.store\/sv\/produkt\/truusk-vaxthus-kallbank-vaderbestandig-upprullbar-dorr-100x80x150-cm-gron\/","og_site_name":"TRUUSK - Hem, Tr\u00e4dg\u00e5rd &amp; Fritid","article_modified_time":"2026-03-12T08:32:27+00:00","og_image":[{"width":2000,"height":2000,"url":"https:\/\/i0.wp.com\/truusk.se\/wp-content\/uploads\/2026\/01\/vaxthus-drivhus-kallbank-vaderbestandig-upprullbar-dorr-100-cm-x-80-cm-x-150-cm-gron-1.webp?fit=2000%2C2000&ssl=1","type":"image\/webp"}],"twitter_card":"summary_large_image","twitter_misc":{"Ber\u00e4knad l\u00e4stid":"1 minut"},"schema":{"@context":"https:\/\/schema.org","@graph":[{"@type":"WebPage","@id":"https:\/\/truusk.store\/sv\/produkt\/truusk-vaxthus-kallbank-vaderbestandig-upprullbar-dorr-100x80x150-cm-gron\/","url":"https:\/\/truusk.store\/sv\/produkt\/truusk-vaxthus-kallbank-vaderbestandig-upprullbar-dorr-100x80x150-cm-gron\/","name":"TRUUSK V\u00e4xthus Kallb\u00e4nk - V\u00e4derbest\u00e4ndig - Upprullbar D\u00f6rr - 100x80x150 cm - Gr\u00f6n - TRUUSK - Hem, Tr\u00e4dg\u00e5rd &amp; Fritid","isPartOf":{"@id":"https:\/\/truusk.store\/sv\/#website"},"primaryImageOfPage":{"@id":"https:\/\/truusk.store\/sv\/produkt\/truusk-vaxthus-kallbank-vaderbestandig-upprullbar-dorr-100x80x150-cm-gron\/#primaryimage"},"image":{"@id":"https:\/\/truusk.store\/sv\/produkt\/truusk-vaxthus-kallbank-vaderbestandig-upprullbar-dorr-100x80x150-cm-gron\/#primaryimage"},"thumbnailUrl":"https:\/\/i0.wp.com\/truusk.store\/wp-content\/uploads\/2026\/01\/vaxthus-drivhus-kallbank-vaderbestandig-upprullbar-dorr-100-cm-x-80-cm-x-150-cm-gron-1.webp?fit=2000%2C2000&ssl=1","datePublished":"2026-01-28T03:38:38+00:00","dateModified":"2026-03-12T08:32:27+00:00","breadcrumb":{"@id":"https:\/\/truusk.store\/sv\/produkt\/truusk-vaxthus-kallbank-vaderbestandig-upprullbar-dorr-100x80x150-cm-gron\/#breadcrumb"},"inLanguage":"sv-SE","potentialAction":[{"@type":"ReadAction","target":["https:\/\/truusk.store\/sv\/produkt\/truusk-vaxthus-kallbank-vaderbestandig-upprullbar-dorr-100x80x150-cm-gron\/"]}]},{"@type":"ImageObject","inLanguage":"sv-SE","@id":"https:\/\/truusk.store\/sv\/produkt\/truusk-vaxthus-kallbank-vaderbestandig-upprullbar-dorr-100x80x150-cm-gron\/#primaryimage","url":"https:\/\/i0.wp.com\/truusk.store\/wp-content\/uploads\/2026\/01\/vaxthus-drivhus-kallbank-vaderbestandig-upprullbar-dorr-100-cm-x-80-cm-x-150-cm-gron-1.webp?fit=2000%2C2000&ssl=1","contentUrl":"https:\/\/i0.wp.com\/truusk.store\/wp-content\/uploads\/2026\/01\/vaxthus-drivhus-kallbank-vaderbestandig-upprullbar-dorr-100-cm-x-80-cm-x-150-cm-gron-1.webp?fit=2000%2C2000&ssl=1","width":2000,"height":2000},{"@type":"BreadcrumbList","@id":"https:\/\/truusk.store\/sv\/produkt\/truusk-vaxthus-kallbank-vaderbestandig-upprullbar-dorr-100x80x150-cm-gron\/#breadcrumb","itemListElement":[{"@type":"ListItem","position":1,"name":"Home","item":"https:\/\/truusk.store\/sv\/"},{"@type":"ListItem","position":2,"name":"Shop","item":"https:\/\/truusk.store\/shop\/"},{"@type":"ListItem","position":3,"name":"TRUUSK V\u00e4xthus Kallb\u00e4nk &#8211; V\u00e4derbest\u00e4ndig &#8211; Upprullbar D\u00f6rr &#8211; 100x80x150 cm &#8211; Gr\u00f6n"}]},{"@type":"WebSite","@id":"https:\/\/truusk.store\/sv\/#website","url":"https:\/\/truusk.store\/sv\/","name":"TRUUSK - Hem, Tr\u00e4dg\u00e5rd & Fritid","description":"","publisher":{"@id":"https:\/\/truusk.store\/sv\/#organization"},"potentialAction":[{"@type":"SearchAction","target":{"@type":"EntryPoint","urlTemplate":"https:\/\/truusk.store\/sv\/?s={search_term_string}"},"query-input":{"@type":"PropertyValueSpecification","valueRequired":true,"valueName":"search_term_string"}}],"inLanguage":"sv-SE"},{"@type":"Organization","@id":"https:\/\/truusk.store\/sv\/#organization","name":"TRUUSK - Hem, Tr\u00e4dg\u00e5rd & Fritid","url":"https:\/\/truusk.store\/sv\/","logo":{"@type":"ImageObject","inLanguage":"sv-SE","@id":"https:\/\/truusk.store\/sv\/#\/schema\/logo\/image\/","url":"https:\/\/i0.wp.com\/truusk.store\/wp-content\/uploads\/2026\/03\/cropped-TRUUSK.png?fit=2032%2C917&ssl=1","contentUrl":"https:\/\/i0.wp.com\/truusk.store\/wp-content\/uploads\/2026\/03\/cropped-TRUUSK.png?fit=2032%2C917&ssl=1","width":2032,"height":917,"caption":"TRUUSK - Hem, Tr\u00e4dg\u00e5rd & Fritid"},"image":{"@id":"https:\/\/truusk.store\/sv\/#\/schema\/logo\/image\/"}}]}},"jetpack_sharing_enabled":true,"_links":{"self":[{"href":"https:\/\/truusk.store\/sv\/wp-json\/wp\/v2\/product\/100956","targetHints":{"allow":["GET"]}}],"collection":[{"href":"https:\/\/truusk.store\/sv\/wp-json\/wp\/v2\/product"}],"about":[{"href":"https:\/\/truusk.store\/sv\/wp-json\/wp\/v2\/types\/product"}],"wp:featuredmedia":[{"embeddable":true,"href":"https:\/\/truusk.store\/sv\/wp-json\/wp\/v2\/media\/100947"}],"wp:attachment":[{"href":"https:\/\/truusk.store\/sv\/wp-json\/wp\/v2\/media?parent=100956"}],"wp:term":[{"taxonomy":"product_brand","embeddable":true,"href":"https:\/\/truusk.store\/sv\/wp-json\/wp\/v2\/product_brand?post=100956"},{"taxonomy":"product_cat","embeddable":true,"href":"https:\/\/truusk.store\/sv\/wp-json\/wp\/v2\/product_cat?post=100956"},{"taxonomy":"product_tag","embeddable":true,"href":"https:\/\/truusk.store\/sv\/wp-json\/wp\/v2\/product_tag?post=100956"}],"curies":[{"name":"wp","href":"https:\/\/api.w.org\/{rel}","templated":true}]}}