{"id":100966,"date":"2026-01-28T04:39:50","date_gmt":"2026-01-28T03:39:50","guid":{"rendered":"https:\/\/truusk.store\/product\/hogbadd-planteringsbadd-modulart-hogbadd-skyddade-kanter-design-utan-botten-150-x-62-x-30-cm-morkgra\/"},"modified":"2026-03-12T09:32:30","modified_gmt":"2026-03-12T08:32:30","slug":"truusk-modular-hogbadd-for-plantering-skyddade-kanter-design-utan-botten-150x62x30-cm-morkgra","status":"publish","type":"product","link":"https:\/\/truusk.store\/sv\/produkt\/truusk-modular-hogbadd-for-plantering-skyddade-kanter-design-utan-botten-150x62x30-cm-morkgra\/","title":{"rendered":"TRUUSK Modul\u00e4r H\u00f6gb\u00e4dd f\u00f6r Plantering &#8211; Skyddade Kanter &#8211; Design Utan Botten &#8211; 150x62x30 cm &#8211; M\u00f6rkgr\u00e5"},"content":{"rendered":"<p>Oavsett om du vill arrangera olika sorters v\u00e4xter och blommor, eller om du har begr\u00e4nsat utrymme p\u00e5 din terrass eller balkong och vill skapa din egen tr\u00e4dg\u00e5rd, \u00e4r [BRAND NAME] h\u00f6gkvarter det perfekta valet. De extra djupa sidov\u00e4ggarna och den \u00f6ppna botten g\u00f6r det m\u00f6jligt att odla gr\u00f6nsaker med l\u00e5nga r\u00f6tter utan att beh\u00f6va oroa dig f\u00f6r vattenstagnation. F\u00e5 mer \u00e4n bara en bloml\u00e5da och h\u00e5ll din tr\u00e4dg\u00e5rd i ordning med [BRAND NAME].<\/p>\n<p>Beskrivning:<\/p>\n<ul>\n<li> Tillverkad av tjock, varmf\u00f6rzinkad och lackerad metall som inte vrids eller deformeras<\/li>\n<li> Detta h\u00f6gkvarter f\u00f6r tr\u00e4dg\u00e5rden h\u00e5ller borta ogr\u00e4s och erbjuder god dr\u00e4nering med \u00f6ppen botten<\/li>\n<li> En gummil\u00e4pp skyddar den \u00f6vre kanten mot skarpa kanter<\/li>\n<li> Flexibel modul\u00e4r design av \u00f6rttr\u00e4dg\u00e5rden f\u00f6r olika former vid montering<\/li>\n<li> Enkel att montera<\/li>\n<\/ul>\n<p> Tekniska specifikationer:<\/p>\n<ul>\n<li> F\u00e4rg: Silver<\/li>\n<li> Material: F\u00f6rzinkat st\u00e5l<\/li>\n<li> Totala dimensioner: 150L x 62B x 30H cm<\/li>\n<li> Inre dimensioner: 149L x 60B x 30H cm<\/li>\n<li> Sidopaneler: 47B x 30H cm<\/li>\n<li> B\u00f6jda paneler: 51B x 30H cm<\/li>\n<\/ul>\n<p>Leverans inneh\u00e5ller:<\/p>\n<ul>\n<li> 1 x h\u00f6gkvarter<\/li>\n<li> 16 x skruvar<\/li>\n<li> 1 x instruktioner<\/li>\n<\/ul>\n","protected":false},"excerpt":{"rendered":"<p>Oavsett om du vill arrangera olika sorters v\u00e4xter och blommor, eller om du har begr\u00e4nsat utrymme p\u00e5 din terrass eller&#8230;<\/p>\n","protected":false},"featured_media":100957,"template":"","meta":[],"product_brand":[],"product_cat":[924,858,443],"product_tag":[],"class_list":{"0":"post-100966","1":"product","2":"type-product","3":"status-publish","4":"has-post-thumbnail","6":"product_cat-plantkarl","7":"product_cat-tradgard-terrass","8":"product_cat-vaxthus-tradgardsskotsel","10":"first","11":"instock","12":"sale","13":"taxable","14":"shipping-taxable","15":"purchasable","16":"product-type-simple"},"yoast_head":"<!-- This site is optimized with the Yoast SEO plugin v25.4 - https:\/\/yoast.com\/wordpress\/plugins\/seo\/ -->\n<title>TRUUSK Modul\u00e4r H\u00f6gb\u00e4dd f\u00f6r Plantering - Skyddade Kanter - Design Utan Botten - 150x62x30 cm - M\u00f6rkgr\u00e5 - TRUUSK - Hem, Tr\u00e4dg\u00e5rd &amp; Fritid<\/title>\n<meta name=\"robots\" content=\"index, follow, max-snippet:-1, max-image-preview:large, max-video-preview:-1\" \/>\n<link rel=\"canonical\" href=\"https:\/\/truusk.store\/sv\/produkt\/truusk-modular-hogbadd-for-plantering-skyddade-kanter-design-utan-botten-150x62x30-cm-morkgra\/\" \/>\n<meta property=\"og:locale\" content=\"sv_SE\" \/>\n<meta property=\"og:type\" content=\"article\" \/>\n<meta property=\"og:title\" content=\"TRUUSK Modul\u00e4r H\u00f6gb\u00e4dd f\u00f6r Plantering - Skyddade Kanter - Design Utan Botten - 150x62x30 cm - M\u00f6rkgr\u00e5 - TRUUSK - Hem, Tr\u00e4dg\u00e5rd &amp; Fritid\" \/>\n<meta property=\"og:description\" content=\"Oavsett om du vill arrangera olika sorters v\u00e4xter och blommor, eller om du har begr\u00e4nsat utrymme p\u00e5 din terrass eller...\" \/>\n<meta property=\"og:url\" content=\"https:\/\/truusk.store\/sv\/produkt\/truusk-modular-hogbadd-for-plantering-skyddade-kanter-design-utan-botten-150x62x30-cm-morkgra\/\" \/>\n<meta property=\"og:site_name\" content=\"TRUUSK - Hem, Tr\u00e4dg\u00e5rd &amp; Fritid\" \/>\n<meta property=\"article:modified_time\" content=\"2026-03-12T08:32:30+00:00\" \/>\n<meta property=\"og:image\" content=\"https:\/\/i0.wp.com\/truusk.se\/wp-content\/uploads\/2026\/01\/hogbadd-planteringsbadd-modulart-hogbadd-skyddade-kanter-design-utan-botten-150-x-62-x-30-cm-morkgra-1.webp?fit=2000%2C2000&ssl=1\" \/>\n\t<meta property=\"og:image:width\" content=\"2000\" \/>\n\t<meta property=\"og:image:height\" content=\"2000\" \/>\n\t<meta property=\"og:image:type\" content=\"image\/webp\" \/>\n<meta name=\"twitter:card\" content=\"summary_large_image\" \/>\n<meta name=\"twitter:label1\" content=\"Ber\u00e4knad l\u00e4stid\" \/>\n\t<meta name=\"twitter:data1\" content=\"1 minut\" \/>\n<!-- \/ Yoast SEO plugin. -->","yoast_head_json":{"title":"TRUUSK Modul\u00e4r H\u00f6gb\u00e4dd f\u00f6r Plantering - Skyddade Kanter - Design Utan Botten - 150x62x30 cm - M\u00f6rkgr\u00e5 - TRUUSK - Hem, Tr\u00e4dg\u00e5rd &amp; Fritid","robots":{"index":"index","follow":"follow","max-snippet":"max-snippet:-1","max-image-preview":"max-image-preview:large","max-video-preview":"max-video-preview:-1"},"canonical":"https:\/\/truusk.store\/sv\/produkt\/truusk-modular-hogbadd-for-plantering-skyddade-kanter-design-utan-botten-150x62x30-cm-morkgra\/","og_locale":"sv_SE","og_type":"article","og_title":"TRUUSK Modul\u00e4r H\u00f6gb\u00e4dd f\u00f6r Plantering - Skyddade Kanter - Design Utan Botten - 150x62x30 cm - M\u00f6rkgr\u00e5 - TRUUSK - Hem, Tr\u00e4dg\u00e5rd &amp; Fritid","og_description":"Oavsett om du vill arrangera olika sorters v\u00e4xter och blommor, eller om du har begr\u00e4nsat utrymme p\u00e5 din terrass eller...","og_url":"https:\/\/truusk.store\/sv\/produkt\/truusk-modular-hogbadd-for-plantering-skyddade-kanter-design-utan-botten-150x62x30-cm-morkgra\/","og_site_name":"TRUUSK - Hem, Tr\u00e4dg\u00e5rd &amp; Fritid","article_modified_time":"2026-03-12T08:32:30+00:00","og_image":[{"width":2000,"height":2000,"url":"https:\/\/i0.wp.com\/truusk.se\/wp-content\/uploads\/2026\/01\/hogbadd-planteringsbadd-modulart-hogbadd-skyddade-kanter-design-utan-botten-150-x-62-x-30-cm-morkgra-1.webp?fit=2000%2C2000&ssl=1","type":"image\/webp"}],"twitter_card":"summary_large_image","twitter_misc":{"Ber\u00e4knad l\u00e4stid":"1 minut"},"schema":{"@context":"https:\/\/schema.org","@graph":[{"@type":"WebPage","@id":"https:\/\/truusk.store\/sv\/produkt\/truusk-modular-hogbadd-for-plantering-skyddade-kanter-design-utan-botten-150x62x30-cm-morkgra\/","url":"https:\/\/truusk.store\/sv\/produkt\/truusk-modular-hogbadd-for-plantering-skyddade-kanter-design-utan-botten-150x62x30-cm-morkgra\/","name":"TRUUSK Modul\u00e4r H\u00f6gb\u00e4dd f\u00f6r Plantering - Skyddade Kanter - Design Utan Botten - 150x62x30 cm - M\u00f6rkgr\u00e5 - TRUUSK - Hem, Tr\u00e4dg\u00e5rd &amp; Fritid","isPartOf":{"@id":"https:\/\/truusk.store\/sv\/#website"},"primaryImageOfPage":{"@id":"https:\/\/truusk.store\/sv\/produkt\/truusk-modular-hogbadd-for-plantering-skyddade-kanter-design-utan-botten-150x62x30-cm-morkgra\/#primaryimage"},"image":{"@id":"https:\/\/truusk.store\/sv\/produkt\/truusk-modular-hogbadd-for-plantering-skyddade-kanter-design-utan-botten-150x62x30-cm-morkgra\/#primaryimage"},"thumbnailUrl":"https:\/\/i0.wp.com\/truusk.store\/wp-content\/uploads\/2026\/01\/hogbadd-planteringsbadd-modulart-hogbadd-skyddade-kanter-design-utan-botten-150-x-62-x-30-cm-morkgra-1.webp?fit=2000%2C2000&ssl=1","datePublished":"2026-01-28T03:39:50+00:00","dateModified":"2026-03-12T08:32:30+00:00","breadcrumb":{"@id":"https:\/\/truusk.store\/sv\/produkt\/truusk-modular-hogbadd-for-plantering-skyddade-kanter-design-utan-botten-150x62x30-cm-morkgra\/#breadcrumb"},"inLanguage":"sv-SE","potentialAction":[{"@type":"ReadAction","target":["https:\/\/truusk.store\/sv\/produkt\/truusk-modular-hogbadd-for-plantering-skyddade-kanter-design-utan-botten-150x62x30-cm-morkgra\/"]}]},{"@type":"ImageObject","inLanguage":"sv-SE","@id":"https:\/\/truusk.store\/sv\/produkt\/truusk-modular-hogbadd-for-plantering-skyddade-kanter-design-utan-botten-150x62x30-cm-morkgra\/#primaryimage","url":"https:\/\/i0.wp.com\/truusk.store\/wp-content\/uploads\/2026\/01\/hogbadd-planteringsbadd-modulart-hogbadd-skyddade-kanter-design-utan-botten-150-x-62-x-30-cm-morkgra-1.webp?fit=2000%2C2000&ssl=1","contentUrl":"https:\/\/i0.wp.com\/truusk.store\/wp-content\/uploads\/2026\/01\/hogbadd-planteringsbadd-modulart-hogbadd-skyddade-kanter-design-utan-botten-150-x-62-x-30-cm-morkgra-1.webp?fit=2000%2C2000&ssl=1","width":2000,"height":2000},{"@type":"BreadcrumbList","@id":"https:\/\/truusk.store\/sv\/produkt\/truusk-modular-hogbadd-for-plantering-skyddade-kanter-design-utan-botten-150x62x30-cm-morkgra\/#breadcrumb","itemListElement":[{"@type":"ListItem","position":1,"name":"Home","item":"https:\/\/truusk.store\/sv\/"},{"@type":"ListItem","position":2,"name":"Shop","item":"https:\/\/truusk.store\/shop\/"},{"@type":"ListItem","position":3,"name":"TRUUSK Modul\u00e4r H\u00f6gb\u00e4dd f\u00f6r Plantering &#8211; Skyddade Kanter &#8211; Design Utan Botten &#8211; 150x62x30 cm &#8211; M\u00f6rkgr\u00e5"}]},{"@type":"WebSite","@id":"https:\/\/truusk.store\/sv\/#website","url":"https:\/\/truusk.store\/sv\/","name":"TRUUSK - Hem, Tr\u00e4dg\u00e5rd & Fritid","description":"","publisher":{"@id":"https:\/\/truusk.store\/sv\/#organization"},"potentialAction":[{"@type":"SearchAction","target":{"@type":"EntryPoint","urlTemplate":"https:\/\/truusk.store\/sv\/?s={search_term_string}"},"query-input":{"@type":"PropertyValueSpecification","valueRequired":true,"valueName":"search_term_string"}}],"inLanguage":"sv-SE"},{"@type":"Organization","@id":"https:\/\/truusk.store\/sv\/#organization","name":"TRUUSK - Hem, Tr\u00e4dg\u00e5rd & Fritid","url":"https:\/\/truusk.store\/sv\/","logo":{"@type":"ImageObject","inLanguage":"sv-SE","@id":"https:\/\/truusk.store\/sv\/#\/schema\/logo\/image\/","url":"https:\/\/i0.wp.com\/truusk.store\/wp-content\/uploads\/2026\/03\/cropped-TRUUSK.png?fit=2032%2C917&ssl=1","contentUrl":"https:\/\/i0.wp.com\/truusk.store\/wp-content\/uploads\/2026\/03\/cropped-TRUUSK.png?fit=2032%2C917&ssl=1","width":2032,"height":917,"caption":"TRUUSK - Hem, Tr\u00e4dg\u00e5rd & Fritid"},"image":{"@id":"https:\/\/truusk.store\/sv\/#\/schema\/logo\/image\/"}}]}},"jetpack_sharing_enabled":true,"_links":{"self":[{"href":"https:\/\/truusk.store\/sv\/wp-json\/wp\/v2\/product\/100966","targetHints":{"allow":["GET"]}}],"collection":[{"href":"https:\/\/truusk.store\/sv\/wp-json\/wp\/v2\/product"}],"about":[{"href":"https:\/\/truusk.store\/sv\/wp-json\/wp\/v2\/types\/product"}],"wp:featuredmedia":[{"embeddable":true,"href":"https:\/\/truusk.store\/sv\/wp-json\/wp\/v2\/media\/100957"}],"wp:attachment":[{"href":"https:\/\/truusk.store\/sv\/wp-json\/wp\/v2\/media?parent=100966"}],"wp:term":[{"taxonomy":"product_brand","embeddable":true,"href":"https:\/\/truusk.store\/sv\/wp-json\/wp\/v2\/product_brand?post=100966"},{"taxonomy":"product_cat","embeddable":true,"href":"https:\/\/truusk.store\/sv\/wp-json\/wp\/v2\/product_cat?post=100966"},{"taxonomy":"product_tag","embeddable":true,"href":"https:\/\/truusk.store\/sv\/wp-json\/wp\/v2\/product_tag?post=100966"}],"curies":[{"name":"wp","href":"https:\/\/api.w.org\/{rel}","templated":true}]}}